{"id":4712,"date":"2021-01-26T16:40:54","date_gmt":"2021-01-26T16:40:54","guid":{"rendered":"https:\/\/philippines.business\/secteurs-industriels\/tourisme\/"},"modified":"2021-02-23T11:54:21","modified_gmt":"2021-02-23T11:54:21","slug":"tourisme","status":"publish","type":"page","link":"https:\/\/philippines.business\/fr\/secteurs-industriels\/tourisme\/","title":{"rendered":"Tourisme"},"content":{"rendered":"<p>[vc_row row_type=\u00a0\u00bbrow\u00a0\u00bb use_row_as_full_screen_section=\u00a0\u00bbno\u00a0\u00bb type=\u00a0\u00bbfull_width\u00a0\u00bb text_align=\u00a0\u00bbcenter\u00a0\u00bb background_image=\u00a0\u00bb7181&Prime; background_animation=\u00a0\u00bbnone\u00a0\u00bb padding_top=\u00a0\u00bb0&Prime; padding_bottom=\u00a0\u00bb0&Prime; css_animation=\u00a0\u00bb\u00a0\u00bb css=\u00a0\u00bb.vc_custom_1614081245565{background-color: #1226aa !important;}\u00a0\u00bb el_class=\u00a0\u00bbCOPYWHITE\u00a0\u00bb][vc_column][vc_empty_space height=\u00a0\u00bb100px\u00a0\u00bb][vc_empty_space height=\u00a0\u00bb100px\u00a0\u00bb el_class=\u00a0\u00bbmobile-hidden\u00a0\u00bb][vc_column_text el_class=\u00a0\u00bbcontrolled-h1&Prime;]<\/p>\n<h1>Tourisme<\/h1>\n<p>[\/vc_column_text][vc_empty_space height=\u00a0\u00bb100px\u00a0\u00bb][vc_empty_space height=\u00a0\u00bb100px\u00a0\u00bb el_class=\u00a0\u00bbmobile-hidden\u00a0\u00bb][\/vc_column][\/vc_row][vc_row row_type=\u00a0\u00bbrow\u00a0\u00bb use_row_as_full_screen_section=\u00a0\u00bbno\u00a0\u00bb type=\u00a0\u00bbgrid\u00a0\u00bb text_align=\u00a0\u00bbleft\u00a0\u00bb background_animation=\u00a0\u00bbnone\u00a0\u00bb padding_top=\u00a0\u00bb80&Prime; padding_bottom=\u00a0\u00bb80&Prime; css_animation=\u00a0\u00bb\u00a0\u00bb][vc_column width=\u00a0\u00bb1\/2&Prime;][vc_column_text]<\/p>\n<h3>Une grande hospitalit\u00e9<\/h3>\n<p>[\/vc_column_text][vc_empty_space height=\u00a0\u00bb20px\u00a0\u00bb][vc_column_text]Notre industrie du tourisme est l\u2019un des secteurs pour lesquels nous recrutons le plus. L\u2019ann\u00e9e derni\u00e8re, 14 Philippins sur 100 travaillaient pour ce secteur qui continue d\u2019\u00eatre l\u2019un des principaux moteurs de l\u2019emploi dans le pays.<\/p>\n<p>Du cadre responsable de complexes h\u00f4teliers aux locaux, comme des bateliers ou tisserands sollicit\u00e9s par les besoins du tourisme, les emplois sont vari\u00e9s et les comp\u00e9tences requises multiples.<\/p>\n<p>L\u2019hospitalit\u00e9 exceptionnelle propre \u00e0 la culture philippine attire. Selon une enqu\u00eate du minist\u00e8re du Tourisme men\u00e9e aupr\u00e8s des visiteurs, l\u2019hospitalit\u00e9 du pays ressort comme premier \u00e9l\u00e9ment des choses appr\u00e9ci\u00e9es durant leur s\u00e9jour aux Philippines. [\/vc_column_text][vc_empty_space height=\u00a0\u00bb40px\u00a0\u00bb][vc_column_text]<\/p>\n<h3>Un emplacement de choix<\/h3>\n<p>[\/vc_column_text][vc_empty_space height=\u00a0\u00bb20px\u00a0\u00bb][vc_column_text]Les Philippines rivalisent avec la Tha\u00eflande, Singapour et la Malaisie, des destinations pour un s\u00e9jour bien-\u00eatre. En 2019, nous sommes \u00e9galement reconnus comme l\u2019une des premi\u00e8res destinations agrotouristiques au monde, avec une volont\u00e9 d\u2019am\u00e9liorer le revenu de nos agriculteurs.<\/p>\n<p>D\u2019apr\u00e8s le magazine Marine Diving, les Philippines sont la premi\u00e8re destination \u00ab de choix \u00bb pour la plong\u00e9e en mer. Respectivement class\u00e9s quatri\u00e8me, cinqui\u00e8me et sixi\u00e8me du top 10 des sites d\u2019Asie, Palawan, Siargao et Boracay sont mondialement connus des amateurs de plong\u00e9e et reconnus par le prestigieux magazine de voyage international.<\/p>\n<p>D\u2019apr\u00e8s le minist\u00e8re du Tourisme, le Readers\u2019 Choice Awards de 2020 du prix Cond\u00e9 Nast Traveler (CNT) a d\u00e9sign\u00e9 les \u00eeles Cebu et Visayas comme \u00e9tant les meilleures \u00eeles d\u2019Asie, avec trois autres \u00eeles philippines class\u00e9es parmi les dix premi\u00e8res.[\/vc_column_text][vc_empty_space height=\u00a0\u00bb40px\u00a0\u00bb][vc_column_text]<\/p>\n<h3>Un fort potentiel<\/h3>\n<p>[\/vc_column_text][vc_empty_space height=\u00a0\u00bb20px\u00a0\u00bb][vc_column_text]Selon le secr\u00e9taire g\u00e9n\u00e9ral de l\u2019Organisation mondiale du tourisme (OMT), Zurab Pololikashvili, les Philippines peuvent repartir \u00e0 z\u00e9ro et se r\u00e9tablir. Avec le tourisme en deuxi\u00e8me place des activit\u00e9s exportatrices du pays, des visiteurs internationaux toujours plus nombreux, et des mouvements de voyages nationaux croissants, les opportunit\u00e9s d\u2019investissements \u00e9trangers sont multiples. [\/vc_column_text][vc_empty_space height=\u00a0\u00bb20px\u00a0\u00bb][\/vc_column][vc_column width=\u00a0\u00bb1\/2&Prime;][vc_single_image image=\u00a0\u00bb7171&Prime; img_size=\u00a0\u00bbfull\u00a0\u00bb qode_css_animation=\u00a0\u00bb\u00a0\u00bb][\/vc_column][\/vc_row][vc_row row_type=\u00a0\u00bbrow\u00a0\u00bb use_row_as_full_screen_section=\u00a0\u00bbno\u00a0\u00bb type=\u00a0\u00bbgrid\u00a0\u00bb text_align=\u00a0\u00bbcenter\u00a0\u00bb background_animation=\u00a0\u00bbnone\u00a0\u00bb padding_top=\u00a0\u00bb80&Prime; padding_bottom=\u00a0\u00bb40&Prime; css_animation=\u00a0\u00bb\u00a0\u00bb css=\u00a0\u00bb.vc_custom_1591625660923{background-color: #1226AA !important;}\u00a0\u00bb el_class=\u00a0\u00bbCOPYWHITE\u00a0\u00bb][vc_column][vc_column_text]<\/p>\n<h2>Chiffres cl\u00e9s<\/h2>\n<p>[\/vc_column_text][\/vc_column][\/vc_row][vc_row row_type=\u00a0\u00bbrow\u00a0\u00bb use_row_as_full_screen_section=\u00a0\u00bbno\u00a0\u00bb type=\u00a0\u00bbgrid\u00a0\u00bb text_align=\u00a0\u00bbleft\u00a0\u00bb background_animation=\u00a0\u00bbnone\u00a0\u00bb padding_top=\u00a0\u00bb40&Prime; padding_bottom=\u00a0\u00bb100&Prime; css_animation=\u00a0\u00bb\u00a0\u00bb css=\u00a0\u00bb.vc_custom_1591628046818{background-color: #1226AA !important;}\u00a0\u00bb el_class=\u00a0\u00bbCOPYWHITE\u00a0\u00bb][vc_column width=\u00a0\u00bb1\/4&Prime;]<div class='q_icon_with_title very_large normal_icon center'><div class=\"icon_holder q_icon_animation\" style=\" transition-delay: 100ms; -webkit-transition-delay: 100ms; -moz-transition-delay: 100ms; -o-transition-delay: 100ms;\"><div class=\"icon_holder_inner\"><span style=\"color: #ffffff;\" class=\"q_font_awsome_icon fa-5x \"><i class=\"icon_text_icon fa fa-money\"><\/i><\/span><\/div><\/div><div class=\"icon_text_holder\" style=\"\"><div class=\"icon_text_inner\" style=\"\"><h2 class=\"icon_title\" style=\"color: #ffffff\">115 millions USD<\/h2><p style=''>Contribution du tourisme \u00e0 la valeur ajout\u00e9e brute directe suite \u00e0 l\u2019arriv\u00e9e de touristes internationaux aux Philippines<\/p><\/div><\/div><\/div>[\/vc_column][vc_column width=\u00a0\u00bb1\/4&Prime;]<div class='q_icon_with_title very_large normal_icon center'><div class=\"icon_holder q_icon_animation\" style=\" transition-delay: 200ms; -webkit-transition-delay: 200ms; -moz-transition-delay: 200ms; -o-transition-delay: 200ms;\"><div class=\"icon_holder_inner\"><span style=\"color: #ffffff;\" class=\"q_font_awsome_icon fa-5x \"><i class=\"icon_text_icon fa fa-line-chart\"><\/i><\/span><\/div><\/div><div class=\"icon_text_holder\" style=\"\"><div class=\"icon_text_inner\" style=\"\"><h2 class=\"icon_title\" style=\"color: #ffffff\">23 %<\/h2><p style=''>d'augmentation du tourisme entrant<\/p><\/div><\/div><\/div>[\/vc_column][vc_column width=\u00a0\u00bb1\/4&Prime;]<div class='q_icon_with_title very_large normal_icon center'><div class=\"icon_holder q_icon_animation\" style=\" transition-delay: 300ms; -webkit-transition-delay: 300ms; -moz-transition-delay: 300ms; -o-transition-delay: 300ms;\"><div class=\"icon_holder_inner\"><span style=\"color: #ffffff;\" class=\"q_font_awsome_icon fa-5x \"><i class=\"icon_text_icon fa fa-users\"><\/i><\/span><\/div><\/div><div class=\"icon_text_holder\" style=\"\"><div class=\"icon_text_inner\" style=\"\"><h2 class=\"icon_title\" style=\"color: #ffffff\">10 %<\/h2><p style=''>de d\u00e9penses touristiques nationales<\/p><\/div><\/div><\/div>[\/vc_column][vc_column width=\u00a0\u00bb1\/4&Prime;]<div class='q_icon_with_title very_large normal_icon center'><div class=\"icon_holder q_icon_animation\" style=\" transition-delay: 400ms; -webkit-transition-delay: 400ms; -moz-transition-delay: 400ms; -o-transition-delay: 400ms;\"><div class=\"icon_holder_inner\"><span style=\"color: #ffffff;\" class=\"q_font_awsome_icon fa-5x \"><i class=\"icon_text_icon fa fa-pie-chart\"><\/i><\/span><\/div><\/div><div class=\"icon_text_holder\" style=\"\"><div class=\"icon_text_inner\" style=\"\"><h2 class=\"icon_title\" style=\"color: #ffffff\">10 %<\/h2><p style=''>Part des d\u00e9penses touristiques entrantes par rapport au total des exportations du pays<\/p><\/div><\/div><\/div>[\/vc_column][\/vc_row][vc_row row_type=\u00a0\u00bbrow\u00a0\u00bb use_row_as_full_screen_section=\u00a0\u00bbno\u00a0\u00bb type=\u00a0\u00bbgrid\u00a0\u00bb text_align=\u00a0\u00bbleft\u00a0\u00bb background_animation=\u00a0\u00bbnone\u00a0\u00bb padding_top=\u00a0\u00bb60&Prime; padding_bottom=\u00a0\u00bb60&Prime; css_animation=\u00a0\u00bb\u00a0\u00bb][vc_column width=\u00a0\u00bb1\/3&Prime;][\/vc_column][vc_column width=\u00a0\u00bb2\/3&Prime;][vc_column_text]<\/p>\n<h3>INDUSTRIE TOURISTIQUE &#8211; R\u00c9SUM\u00c9<\/h3>\n<p>[\/vc_column_text][vc_empty_space height=\u00a0\u00bb20px\u00a0\u00bb][vc_column_text]Le minist\u00e8re du Tourisme a soulign\u00e9 la langue comme atout concurrentiel incontestable. Les Philippines sont le troisi\u00e8me plus grand pays anglophone d\u2019Asie, avec 94 % de sa population qui parle anglais.<\/p>\n<p>Les Philippines sont \u00e9galement une destination phare pour l\u2019apprentissage de l\u2019anglais en deuxi\u00e8me langue. Nombreuses sont les entreprises du secteur de l\u2019h\u00e9bergement qui investissent et se d\u00e9veloppent \u00e0 cette fin, comme les groupes h\u00f4teliers Mercure (Europe), Madison, Marriott et Hilton.<\/p>\n<p>Les villes cr\u00e9atives de l\u2019UNESCO (Organisation des Nations unies pour l\u2019\u00e9ducation, la science et la culture) reconnaissent le concept de tourisme cr\u00e9atif, d\u00e9fini comme un voyage associ\u00e9 \u00e0 une exp\u00e9rience cr\u00e9ative, avec la participation de Cebu et Baguio dans la liste des 246 villes cr\u00e9atives du monde.<\/p>\n<p>Selon l\u2019Index de Tourisme M\u00e9dical (MTI), les Philippines sont class\u00e9es au 24e rang mondial. Parmi les principaux facteurs li\u00e9s \u00e0 la croissance des d\u00e9penses touristiques nationales, on peut citer les services d\u2019h\u00e9bergement, les services caract\u00e9ristiques du tourisme propres au pays, et autres.<\/p>\n<p><strong>Mesures incitatives gouvernementales<\/strong><\/p>\n<p>L\u2019industrie du tourisme promet des mesures int\u00e9ressantes aux investisseurs \u00e9trangers, avec notamment :<\/p>\n<ul>\n<li>Exemption de droits et taxes d\u2019importation pour les biens d\u2019\u00e9quipement, les pi\u00e8ces d\u00e9tach\u00e9es et accessoires<\/li>\n<li>3 \u00e0 6 ans d\u2019exemptions fiscales<\/li>\n<li>Emploi des ressortissants \u00e9trangers<\/li>\n<\/ul>\n<p>Pour veiller \u00e0 l\u2019int\u00e9r\u00eat commercial et \u00e0 celui des investisseurs du secteur du tourisme, le gouvernement philippin, par l\u2019interm\u00e9diaire de TIEZA, la Direction des infrastructures et des entreprises touristiques, promet les exemptions, fiscales ou non, suivantes aux promoteurs des zones d\u2019expansion touristique (ZET) et aux acteurs \u00e9conomiques qui y sont situ\u00e9es :<\/p>\n<ul>\n<li>Exon\u00e9ration fiscale d\u2019imp\u00f4t sur le revenu pendant 6 ans<\/li>\n<li>Imp\u00f4t sur le revenu brut<\/li>\n<li>Cr\u00e9dit d\u2019imp\u00f4t sur les ressources locales<\/li>\n<li>Report des pertes d\u2019exploitation nettes<\/li>\n<li>Exemption de droits et taxes sur l\u2019importation :\n<ul style=\"margin-top: 10px;\">\n<li>d&rsquo;investissements en capital et d&rsquo;\u00e9quipements<\/li>\n<li>de mat\u00e9riel de transport et de pi\u00e8ces d\u00e9tach\u00e9es<\/li>\n<li>de biens et services<\/li>\n<\/ul>\n<\/li>\n<li>Incitation \u00e0 la responsabilit\u00e9 sociale<\/li>\n<li>Emploi des ressortissants \u00e9trangers<\/li>\n<li>Visa de r\u00e9sident sp\u00e9cial investisseur<\/li>\n<li>Location de terrains<\/li>\n<li>Simplification des transactions en devises \u00e9trang\u00e8res<\/li>\n<li>Demande d\u2019investissement<\/li>\n<\/ul>\n<p>[\/vc_column_text][\/vc_column][\/vc_row][vc_row row_type=\u00a0\u00bbrow\u00a0\u00bb use_row_as_full_screen_section=\u00a0\u00bbno\u00a0\u00bb type=\u00a0\u00bbfull_width\u00a0\u00bb text_align=\u00a0\u00bbcenter\u00a0\u00bb background_animation=\u00a0\u00bbnone\u00a0\u00bb padding_top=\u00a0\u00bb160&Prime; padding_bottom=\u00a0\u00bb160&Prime; css_animation=\u00a0\u00bb\u00a0\u00bb][vc_column][vc_column_text]<\/p>\n<div class=\"wpb_text_column wpb_content_element \">\n<div class=\"wpb_wrapper\">\n<h2>Vous souhaitez \u00e9changer avec un conseiller ?<\/h2>\n<\/div>\n<\/div>\n<p>[\/vc_column_text][vc_empty_space height=\u00a0\u00bb40px\u00a0\u00bb][vc_column_text]<\/p>\n<div class=\"wpb_text_column wpb_content_element \">\n<div class=\"wpb_wrapper\">\n<h4 class=\"p1\">Demandez d\u00e8s maintenant une consultation gratuite avec l\u2019un de nos sp\u00e9cialistes en placement.<\/h4>\n<\/div>\n<\/div>\n<p>[\/vc_column_text][vc_empty_space height=\u00a0\u00bb40px\u00a0\u00bb]<a href=\"\/fr\/nous-contacter\/\" target=\"_self\"  class=\"qbutton  large\" style=\"\">NOUS CONTACTER<\/a>[\/vc_column][\/vc_row]<\/p>\n","protected":false},"excerpt":{"rendered":"<p>[vc_row row_type=\u00a0\u00bbrow\u00a0\u00bb use_row_as_full_screen_section=\u00a0\u00bbno\u00a0\u00bb type=\u00a0\u00bbfull_width\u00a0\u00bb text_align=\u00a0\u00bbcenter\u00a0\u00bb background_image=\u00a0\u00bb7181&Prime; background_animation=\u00a0\u00bbnone\u00a0\u00bb padding_top=\u00a0\u00bb0&Prime; padding_bottom=\u00a0\u00bb0&Prime; css_animation=\u00a0\u00bb\u00a0\u00bb css=\u00a0\u00bb.vc_custom_1614081245565{background-color: #1226aa !important;}\u00a0\u00bb el_class=\u00a0\u00bbCOPYWHITE\u00a0\u00bb][vc_column][vc_empty_space height=\u00a0\u00bb100px\u00a0\u00bb][vc_empty_space height=\u00a0\u00bb100px\u00a0\u00bb el_class=\u00a0\u00bbmobile-hidden\u00a0\u00bb][vc_column_text el_class=\u00a0\u00bbcontrolled-h1&Prime;] Tourisme [\/vc_column_text][vc_empty_space height=\u00a0\u00bb100px\u00a0\u00bb][vc_empty_space height=\u00a0\u00bb100px\u00a0\u00bb el_class=\u00a0\u00bbmobile-hidden\u00a0\u00bb][\/vc_column][\/vc_row][vc_row row_type=\u00a0\u00bbrow\u00a0\u00bb use_row_as_full_screen_section=\u00a0\u00bbno\u00a0\u00bb type=\u00a0\u00bbgrid\u00a0\u00bb text_align=\u00a0\u00bbleft\u00a0\u00bb background_animation=\u00a0\u00bbnone\u00a0\u00bb padding_top=\u00a0\u00bb80&Prime; padding_bottom=\u00a0\u00bb80&Prime; css_animation=\u00a0\u00bb\u00a0\u00bb][vc_column width=\u00a0\u00bb1\/2&Prime;][vc_column_text] Une grande hospitalit\u00e9 [\/vc_column_text][vc_empty_space height=\u00a0\u00bb20px\u00a0\u00bb][vc_column_text]Notre industrie du tourisme est l\u2019un des secteurs pour&#8230;<\/p>\n","protected":false},"author":1,"featured_media":0,"parent":1832,"menu_order":0,"comment_status":"closed","ping_status":"closed","template":"full_width.php","meta":{"footnotes":""},"class_list":["post-4712","page","type-page","status-publish","hentry"],"_links":{"self":[{"href":"https:\/\/philippines.business\/fr\/wp-json\/wp\/v2\/pages\/4712","targetHints":{"allow":["GET"]}}],"collection":[{"href":"https:\/\/philippines.business\/fr\/wp-json\/wp\/v2\/pages"}],"about":[{"href":"https:\/\/philippines.business\/fr\/wp-json\/wp\/v2\/types\/page"}],"author":[{"embeddable":true,"href":"https:\/\/philippines.business\/fr\/wp-json\/wp\/v2\/users\/1"}],"replies":[{"embeddable":true,"href":"https:\/\/philippines.business\/fr\/wp-json\/wp\/v2\/comments?post=4712"}],"version-history":[{"count":12,"href":"https:\/\/philippines.business\/fr\/wp-json\/wp\/v2\/pages\/4712\/revisions"}],"predecessor-version":[{"id":7191,"href":"https:\/\/philippines.business\/fr\/wp-json\/wp\/v2\/pages\/4712\/revisions\/7191"}],"up":[{"embeddable":true,"href":"https:\/\/philippines.business\/fr\/wp-json\/wp\/v2\/pages\/1832"}],"wp:attachment":[{"href":"https:\/\/philippines.business\/fr\/wp-json\/wp\/v2\/media?parent=4712"}],"curies":[{"name":"wp","href":"https:\/\/api.w.org\/{rel}","templated":true}]}}