{"id":4700,"date":"2021-01-26T16:16:10","date_gmt":"2021-01-26T16:16:10","guid":{"rendered":"https:\/\/philippines.business\/secteurs-industriels\/pharmaceutique\/"},"modified":"2021-02-23T10:25:58","modified_gmt":"2021-02-23T10:25:58","slug":"pharmaceutique","status":"publish","type":"page","link":"https:\/\/philippines.business\/fr\/secteurs-industriels\/pharmaceutique\/","title":{"rendered":"Pharmaceutique"},"content":{"rendered":"<p>[vc_row row_type=\u00a0\u00bbrow\u00a0\u00bb use_row_as_full_screen_section=\u00a0\u00bbno\u00a0\u00bb type=\u00a0\u00bbfull_width\u00a0\u00bb text_align=\u00a0\u00bbcenter\u00a0\u00bb background_image=\u00a0\u00bb7037&Prime; background_animation=\u00a0\u00bbnone\u00a0\u00bb padding_top=\u00a0\u00bb0&Prime; padding_bottom=\u00a0\u00bb0&Prime; css_animation=\u00a0\u00bb\u00a0\u00bb css=\u00a0\u00bb.vc_custom_1614075920606{background-color: #1226aa !important;}\u00a0\u00bb el_class=\u00a0\u00bbCOPYWHITE\u00a0\u00bb][vc_column][vc_empty_space height=\u00a0\u00bb100px\u00a0\u00bb][vc_empty_space height=\u00a0\u00bb100px\u00a0\u00bb el_class=\u00a0\u00bbmobile-hidden\u00a0\u00bb][vc_column_text el_class=\u00a0\u00bbcontrolled-h1&Prime;]<\/p>\n<h1><span style=\"font-style: normal;\">Pharmaceutique<\/span><\/h1>\n<p>[\/vc_column_text][vc_empty_space height=\u00a0\u00bb100px\u00a0\u00bb][vc_empty_space height=\u00a0\u00bb100px\u00a0\u00bb el_class=\u00a0\u00bbmobile-hidden\u00a0\u00bb][\/vc_column][\/vc_row][vc_row row_type=\u00a0\u00bbrow\u00a0\u00bb use_row_as_full_screen_section=\u00a0\u00bbno\u00a0\u00bb type=\u00a0\u00bbgrid\u00a0\u00bb text_align=\u00a0\u00bbleft\u00a0\u00bb background_animation=\u00a0\u00bbnone\u00a0\u00bb padding_top=\u00a0\u00bb80&Prime; padding_bottom=\u00a0\u00bb80&Prime; css_animation=\u00a0\u00bb\u00a0\u00bb][vc_column width=\u00a0\u00bb1\/2&Prime;][vc_column_text]<\/p>\n<h3><span style=\"font-style: normal;\">Le march\u00e9 des g\u00e9n\u00e9riques <\/span><\/h3>\n<p>[\/vc_column_text][vc_empty_space height=\u00a0\u00bb20px\u00a0\u00bb][vc_column_text]De solides mesures de lutte contre la contrefa\u00e7on et la promotion des m\u00e9dicaments g\u00e9n\u00e9riques comme sch\u00e9ma de \u00ab{sp}Sant\u00e9 pour tous{sp}\u00bb ont favoris\u00e9 la croissance de soci\u00e9t\u00e9s comme Sandoz (en Suisse), Orient Europharma (\u00e0 Taiwan) ou Getz Pharma (au Pakistan).[\/vc_column_text][vc_empty_space height=\u00a0\u00bb40px\u00a0\u00bb][vc_column_text]<\/p>\n<h3>D\u00e9penses publiques<\/h3>\n<p>[\/vc_column_text][vc_empty_space height=\u00a0\u00bb20px\u00a0\u00bb][vc_column_text]Le budget annuel consacr\u00e9 \u00e0 la sant\u00e9 devrait continuer d\u2019augmenter au rythme de la croissance d\u00e9mographique et du d\u00e9veloppement de l\u2019\u00e9conomie. Les d\u00e9penses publiques de sant\u00e9 ont augment\u00e9 de 12 % ces derni\u00e8res ann\u00e9es.[\/vc_column_text][vc_empty_space height=\u00a0\u00bb40px\u00a0\u00bb][vc_column_text]<\/p>\n<h3><span style=\"font-style: normal;\">Points de vente<\/span><\/h3>\n<p>[\/vc_column_text][vc_empty_space height=\u00a0\u00bb20px\u00a0\u00bb][vc_column_text]Alors que la classe moyenne de plus en plus urbaine augmente, le besoin de points de vente aussi. Des pharmacies ouvrent leurs portes dans toutes les r\u00e9gions avec pour objectif de proposer des m\u00e9dicaments abordables et qualitatifs.[\/vc_column_text][vc_empty_space height=\u00a0\u00bb20px\u00a0\u00bb][\/vc_column][vc_column width=\u00a0\u00bb1\/2&Prime;][vc_single_image image=\u00a0\u00bb7047&Prime; img_size=\u00a0\u00bbfull\u00a0\u00bb qode_css_animation=\u00a0\u00bb\u00a0\u00bb][\/vc_column][\/vc_row][vc_row row_type=\u00a0\u00bbrow\u00a0\u00bb use_row_as_full_screen_section=\u00a0\u00bbno\u00a0\u00bb type=\u00a0\u00bbgrid\u00a0\u00bb text_align=\u00a0\u00bbcenter\u00a0\u00bb background_animation=\u00a0\u00bbnone\u00a0\u00bb padding_top=\u00a0\u00bb80&Prime; padding_bottom=\u00a0\u00bb40&Prime; css_animation=\u00a0\u00bb\u00a0\u00bb css=\u00a0\u00bb.vc_custom_1591625660923{background-color: #1226AA !important;}\u00a0\u00bb el_class=\u00a0\u00bbCOPYWHITE\u00a0\u00bb][vc_column][vc_column_text]<\/p>\n<h2>Chiffres cl\u00e9s<\/h2>\n<p>[\/vc_column_text][\/vc_column][\/vc_row][vc_row row_type=\u00a0\u00bbrow\u00a0\u00bb use_row_as_full_screen_section=\u00a0\u00bbno\u00a0\u00bb type=\u00a0\u00bbgrid\u00a0\u00bb text_align=\u00a0\u00bbleft\u00a0\u00bb background_animation=\u00a0\u00bbnone\u00a0\u00bb padding_top=\u00a0\u00bb40&Prime; padding_bottom=\u00a0\u00bb100&Prime; css_animation=\u00a0\u00bb\u00a0\u00bb css=\u00a0\u00bb.vc_custom_1591628046818{background-color: #1226AA !important;}\u00a0\u00bb el_class=\u00a0\u00bbCOPYWHITE\u00a0\u00bb][vc_column width=\u00a0\u00bb1\/4&Prime;]<div class='q_icon_with_title very_large normal_icon center'><div class=\"icon_holder q_icon_animation\" style=\" transition-delay: 100ms; -webkit-transition-delay: 100ms; -moz-transition-delay: 100ms; -o-transition-delay: 100ms;\"><div class=\"icon_holder_inner\"><span style=\"color: #ffffff;\" class=\"q_font_awsome_icon fa-5x \"><i class=\"icon_text_icon fa fa-pie-chart\"><\/i><\/span><\/div><\/div><div class=\"icon_text_holder\" style=\"\"><div class=\"icon_text_inner\" style=\"\"><h2 class=\"icon_title\" style=\"color: #ffffff\">&gt; 50 %<\/h2><p style=''>Proportion des d\u00e9penses nationales de sant\u00e9 consacr\u00e9es aux produits pharmaceutiques<\/p><\/div><\/div><\/div>[\/vc_column][vc_column width=\u00a0\u00bb1\/4&Prime;]<div class='q_icon_with_title very_large normal_icon center'><div class=\"icon_holder q_icon_animation\" style=\" transition-delay: 200ms; -webkit-transition-delay: 200ms; -moz-transition-delay: 200ms; -o-transition-delay: 200ms;\"><div class=\"icon_holder_inner\"><span style=\"color: #ffffff;\" class=\"q_font_awsome_icon fa-5x \"><i class=\"icon_text_icon fa fa-industry\"><\/i><\/span><\/div><\/div><div class=\"icon_text_holder\" style=\"\"><div class=\"icon_text_inner\" style=\"\"><h2 class=\"icon_title\" style=\"color: #ffffff\">3e<\/h2><p style=''>plus grand march\u00e9 pharmaceutique de l\u2019ASEAN<\/p><\/div><\/div><\/div>[\/vc_column][vc_column width=\u00a0\u00bb1\/4&Prime;]<div class='q_icon_with_title very_large normal_icon center'><div class=\"icon_holder q_icon_animation\" style=\" transition-delay: 300ms; -webkit-transition-delay: 300ms; -moz-transition-delay: 300ms; -o-transition-delay: 300ms;\"><div class=\"icon_holder_inner\"><span style=\"color: #ffffff;\" class=\"q_font_awsome_icon fa-5x \"><i class=\"icon_text_icon fa fa-map-marker\"><\/i><\/span><\/div><\/div><div class=\"icon_text_holder\" style=\"\"><div class=\"icon_text_inner\" style=\"\"><h2 class=\"icon_title\" style=\"color: #ffffff\">&gt; 250<\/h2><p style=''>fabricants bas\u00e9s aux Philippines<\/p><\/div><\/div><\/div>[\/vc_column][vc_column width=\u00a0\u00bb1\/4&Prime;]<div class='q_icon_with_title very_large normal_icon center'><div class=\"icon_holder q_icon_animation\" style=\" transition-delay: 400ms; -webkit-transition-delay: 400ms; -moz-transition-delay: 400ms; -o-transition-delay: 400ms;\"><div class=\"icon_holder_inner\"><span style=\"color: #ffffff;\" class=\"q_font_awsome_icon fa-5x \"><i class=\"icon_text_icon fa fa-money\"><\/i><\/span><\/div><\/div><div class=\"icon_text_holder\" style=\"\"><div class=\"icon_text_inner\" style=\"\"><h2 class=\"icon_title\" style=\"color: #ffffff\">4,5 milliards USD<\/h2><p style=''>Valeur estim\u00e9e du march\u00e9 pharmaceutique (m\u00e9dicaments en vente libre et sur ordonnance)<\/p><\/div><\/div><\/div>[\/vc_column][\/vc_row][vc_row row_type=\u00a0\u00bbrow\u00a0\u00bb use_row_as_full_screen_section=\u00a0\u00bbno\u00a0\u00bb type=\u00a0\u00bbgrid\u00a0\u00bb text_align=\u00a0\u00bbleft\u00a0\u00bb background_animation=\u00a0\u00bbnone\u00a0\u00bb padding_top=\u00a0\u00bb60&Prime; padding_bottom=\u00a0\u00bb60&Prime; css_animation=\u00a0\u00bb\u00a0\u00bb][vc_column width=\u00a0\u00bb1\/3&Prime;][\/vc_column][vc_column width=\u00a0\u00bb2\/3&Prime;][vc_column_text]<\/p>\n<h3>INDUSTRIE PHARMACEUTIQUE &#8211; R\u00c9SUM\u00c9<\/h3>\n<p>[\/vc_column_text][vc_empty_space height=\u00a0\u00bb20px\u00a0\u00bb][vc_column_text]La croissance d\u00e9mographique des Philippines, associ\u00e9e \u00e0 une \u00e9conomie en d\u00e9veloppement, font de cette r\u00e9gion une destination de premier choix pour les investisseurs en produits pharmaceutiques. La part des d\u00e9penses en proportion du PIB est en constante augmentation.<\/p>\n<p>De nombreuses grandes multinationales pharmaceutiques entreposent, distribuent et fabriquent d\u00e9j\u00e0 des m\u00e9dicaments aux Philippines. Depuis cinq ans, les importations de produits pharmaceutiques et de mati\u00e8res premi\u00e8res ayant augment\u00e9 de 12 % par an, la v\u00e9ritable opportunit\u00e9 r\u00e9side dans le secteur manufacturier.<\/p>\n<p>GlaxoSmithKline Philippines, Inc., connue sous l\u2019acronyme de GSK, a vu le jour en 1967 aux Philippines. Avec un site d\u00e9di\u00e9 \u00e0 la production et \u00e0 la recherche, leur succ\u00e8s confirme les avantages d\u2019un investissement dans la fabrication de produits pharmaceutiques au c\u0153ur de l\u2019Asie-Pacifique pour ceux qui souhaitent se d\u00e9velopper.[\/vc_column_text][\/vc_column][\/vc_row][vc_row row_type=\u00a0\u00bbrow\u00a0\u00bb use_row_as_full_screen_section=\u00a0\u00bbno\u00a0\u00bb type=\u00a0\u00bbfull_width\u00a0\u00bb text_align=\u00a0\u00bbcenter\u00a0\u00bb background_animation=\u00a0\u00bbnone\u00a0\u00bb padding_top=\u00a0\u00bb160&Prime; padding_bottom=\u00a0\u00bb160&Prime; css_animation=\u00a0\u00bb\u00a0\u00bb][vc_column][vc_column_text]<\/p>\n<div class=\"wpb_text_column wpb_content_element \">\n<div class=\"wpb_wrapper\">\n<h2>Vous souhaitez \u00e9changer avec un conseiller ?<\/h2>\n<\/div>\n<\/div>\n<p>[\/vc_column_text][vc_empty_space height=\u00a0\u00bb40px\u00a0\u00bb][vc_column_text]<\/p>\n<div class=\"wpb_text_column wpb_content_element \">\n<div class=\"wpb_wrapper\">\n<h4 class=\"p1\">Demandez d\u00e8s maintenant une consultation gratuite avec l\u2019un de nos sp\u00e9cialistes en placement.<\/h4>\n<\/div>\n<\/div>\n<p>[\/vc_column_text][vc_empty_space height=\u00a0\u00bb40px\u00a0\u00bb]<a href=\"\/fr\/nous-contacter\/\" target=\"_self\"  class=\"qbutton  large\" style=\"\">Nous contacter<\/a>[\/vc_column][\/vc_row]<\/p>\n","protected":false},"excerpt":{"rendered":"<p>[vc_row row_type=\u00a0\u00bbrow\u00a0\u00bb use_row_as_full_screen_section=\u00a0\u00bbno\u00a0\u00bb type=\u00a0\u00bbfull_width\u00a0\u00bb text_align=\u00a0\u00bbcenter\u00a0\u00bb background_image=\u00a0\u00bb7037&Prime; background_animation=\u00a0\u00bbnone\u00a0\u00bb padding_top=\u00a0\u00bb0&Prime; padding_bottom=\u00a0\u00bb0&Prime; css_animation=\u00a0\u00bb\u00a0\u00bb css=\u00a0\u00bb.vc_custom_1614075920606{background-color: #1226aa !important;}\u00a0\u00bb el_class=\u00a0\u00bbCOPYWHITE\u00a0\u00bb][vc_column][vc_empty_space height=\u00a0\u00bb100px\u00a0\u00bb][vc_empty_space height=\u00a0\u00bb100px\u00a0\u00bb el_class=\u00a0\u00bbmobile-hidden\u00a0\u00bb][vc_column_text el_class=\u00a0\u00bbcontrolled-h1&Prime;] Pharmaceutique [\/vc_column_text][vc_empty_space height=\u00a0\u00bb100px\u00a0\u00bb][vc_empty_space height=\u00a0\u00bb100px\u00a0\u00bb el_class=\u00a0\u00bbmobile-hidden\u00a0\u00bb][\/vc_column][\/vc_row][vc_row row_type=\u00a0\u00bbrow\u00a0\u00bb use_row_as_full_screen_section=\u00a0\u00bbno\u00a0\u00bb type=\u00a0\u00bbgrid\u00a0\u00bb text_align=\u00a0\u00bbleft\u00a0\u00bb background_animation=\u00a0\u00bbnone\u00a0\u00bb padding_top=\u00a0\u00bb80&Prime; padding_bottom=\u00a0\u00bb80&Prime; css_animation=\u00a0\u00bb\u00a0\u00bb][vc_column width=\u00a0\u00bb1\/2&Prime;][vc_column_text] Le march\u00e9 des g\u00e9n\u00e9riques [\/vc_column_text][vc_empty_space height=\u00a0\u00bb20px\u00a0\u00bb][vc_column_text]De solides mesures de lutte contre la contrefa\u00e7on&#8230;<\/p>\n","protected":false},"author":1,"featured_media":0,"parent":1832,"menu_order":0,"comment_status":"closed","ping_status":"closed","template":"full_width.php","meta":{"footnotes":""},"class_list":["post-4700","page","type-page","status-publish","hentry"],"_links":{"self":[{"href":"https:\/\/philippines.business\/fr\/wp-json\/wp\/v2\/pages\/4700","targetHints":{"allow":["GET"]}}],"collection":[{"href":"https:\/\/philippines.business\/fr\/wp-json\/wp\/v2\/pages"}],"about":[{"href":"https:\/\/philippines.business\/fr\/wp-json\/wp\/v2\/types\/page"}],"author":[{"embeddable":true,"href":"https:\/\/philippines.business\/fr\/wp-json\/wp\/v2\/users\/1"}],"replies":[{"embeddable":true,"href":"https:\/\/philippines.business\/fr\/wp-json\/wp\/v2\/comments?post=4700"}],"version-history":[{"count":10,"href":"https:\/\/philippines.business\/fr\/wp-json\/wp\/v2\/pages\/4700\/revisions"}],"predecessor-version":[{"id":7055,"href":"https:\/\/philippines.business\/fr\/wp-json\/wp\/v2\/pages\/4700\/revisions\/7055"}],"up":[{"embeddable":true,"href":"https:\/\/philippines.business\/fr\/wp-json\/wp\/v2\/pages\/1832"}],"wp:attachment":[{"href":"https:\/\/philippines.business\/fr\/wp-json\/wp\/v2\/media?parent=4700"}],"curies":[{"name":"wp","href":"https:\/\/api.w.org\/{rel}","templated":true}]}}