{"id":4680,"date":"2021-01-26T12:45:38","date_gmt":"2021-01-26T12:45:38","guid":{"rendered":"https:\/\/philippines.business\/secteurs-industriels\/construction\/"},"modified":"2021-02-22T13:23:21","modified_gmt":"2021-02-22T13:23:21","slug":"construction","status":"publish","type":"page","link":"https:\/\/philippines.business\/fr\/secteurs-industriels\/construction\/","title":{"rendered":"Construction"},"content":{"rendered":"<p>[vc_row row_type=\u00a0\u00bbrow\u00a0\u00bb use_row_as_full_screen_section=\u00a0\u00bbno\u00a0\u00bb type=\u00a0\u00bbfull_width\u00a0\u00bb text_align=\u00a0\u00bbcenter\u00a0\u00bb background_image=\u00a0\u00bb6626&Prime; background_animation=\u00a0\u00bbnone\u00a0\u00bb padding_top=\u00a0\u00bb0&Prime; padding_bottom=\u00a0\u00bb0&Prime; css_animation=\u00a0\u00bb\u00a0\u00bb css=\u00a0\u00bb.vc_custom_1614000185384{background-color: #1226aa !important;}\u00a0\u00bb el_class=\u00a0\u00bbCOPYWHITE\u00a0\u00bb][vc_column][vc_empty_space height=\u00a0\u00bb100px\u00a0\u00bb][vc_empty_space height=\u00a0\u00bb100px\u00a0\u00bb el_class=\u00a0\u00bbmobile-hidden\u00a0\u00bb][vc_column_text el_class=\u00a0\u00bbcontrolled-h1&Prime;]<\/p>\n<h1>Construction<\/h1>\n<p>[\/vc_column_text][vc_empty_space height=\u00a0\u00bb100px\u00a0\u00bb][vc_empty_space height=\u00a0\u00bb100px\u00a0\u00bb el_class=\u00a0\u00bbmobile-hidden\u00a0\u00bb][\/vc_column][\/vc_row][vc_row row_type=\u00a0\u00bbrow\u00a0\u00bb use_row_as_full_screen_section=\u00a0\u00bbno\u00a0\u00bb type=\u00a0\u00bbgrid\u00a0\u00bb text_align=\u00a0\u00bbleft\u00a0\u00bb background_animation=\u00a0\u00bbnone\u00a0\u00bb padding_top=\u00a0\u00bb80&Prime; padding_bottom=\u00a0\u00bb80&Prime; css_animation=\u00a0\u00bb\u00a0\u00bb][vc_column width=\u00a0\u00bb1\/2&Prime;][vc_column_text]<\/p>\n<h3>Main d\u2019\u0153uvre<\/h3>\n<p>[\/vc_column_text][vc_empty_space height=\u00a0\u00bb20px\u00a0\u00bb][vc_column_text]Les Philippines investissent dans la formation. Avec plus de 15 000 entrepreneurs qualifi\u00e9s, notre pool de techniciens et d\u2019ouvriers d\u00fbment form\u00e9s ne cesse de s\u2019accro\u00eetre.<\/p>\n<p>Le secteur de la construction emploie plus de quatre millions de personnes d\u00e9vou\u00e9es et comp\u00e9tentes dans le domaine des infrastructures, et leur permet de b\u00e9n\u00e9ficier d\u2019une formation de qualit\u00e9.<br \/>\n[\/vc_column_text][vc_empty_space height=\u00a0\u00bb40px\u00a0\u00bb][vc_column_text]<\/p>\n<h3><span style=\"font-style: normal;\">Aide gouvernementale<\/span><\/h3>\n<p>[\/vc_column_text][vc_empty_space height=\u00a0\u00bb20px\u00a0\u00bb][vc_column_text]Malgr\u00e9 la crise sanitaire, le gouvernement continue ses projets d\u2019infrastructures pour stimuler notre \u00e9conomie. D\u00e9termin\u00e9, le gouvernement philippin s\u2019est engag\u00e9 \u00e0 augmenter les d\u00e9penses publiques en mati\u00e8re d\u2019infrastructures et de construction, mais aussi \u00e0 autoriser l\u2019importation en franchise de droits pour les investisseurs ayant besoin d\u2019\u00e9quipements tels que des machines, des outils, des pi\u00e8ces d\u00e9tach\u00e9es ou autres fournitures.<\/p>\n<p>Le secteur de la construction tient une place essentielle dans la mise en \u0153uvre du programme \u00ab Build, Build, Build \u00bb (Construisons, Construisons, Construisons) ; un programme phare en mati\u00e8re d\u2019infrastructures. En outre, les entreprises \u00e9trang\u00e8res ont investi plus de 116 millions de dollars US dans l&rsquo;industrie de la construction.<br \/>\n[\/vc_column_text][vc_empty_space height=\u00a0\u00bb20px\u00a0\u00bb][\/vc_column][vc_column width=\u00a0\u00bb1\/2&Prime;][vc_single_image image=\u00a0\u00bb6616&Prime; img_size=\u00a0\u00bbfull\u00a0\u00bb qode_css_animation=\u00a0\u00bb\u00a0\u00bb][\/vc_column][\/vc_row][vc_row row_type=\u00a0\u00bbrow\u00a0\u00bb use_row_as_full_screen_section=\u00a0\u00bbno\u00a0\u00bb type=\u00a0\u00bbgrid\u00a0\u00bb text_align=\u00a0\u00bbcenter\u00a0\u00bb background_animation=\u00a0\u00bbnone\u00a0\u00bb padding_top=\u00a0\u00bb80&Prime; padding_bottom=\u00a0\u00bb40&Prime; css_animation=\u00a0\u00bb\u00a0\u00bb css=\u00a0\u00bb.vc_custom_1591625660923{background-color: #1226AA !important;}\u00a0\u00bb el_class=\u00a0\u00bbCOPYWHITE\u00a0\u00bb][vc_column][vc_column_text]<\/p>\n<h2>Chiffres cl\u00e9s<\/h2>\n<p>[\/vc_column_text][\/vc_column][\/vc_row][vc_row row_type=\u00a0\u00bbrow\u00a0\u00bb use_row_as_full_screen_section=\u00a0\u00bbno\u00a0\u00bb type=\u00a0\u00bbgrid\u00a0\u00bb text_align=\u00a0\u00bbleft\u00a0\u00bb background_animation=\u00a0\u00bbnone\u00a0\u00bb padding_top=\u00a0\u00bb40&Prime; padding_bottom=\u00a0\u00bb100&Prime; css_animation=\u00a0\u00bb\u00a0\u00bb css=\u00a0\u00bb.vc_custom_1591628046818{background-color: #1226AA !important;}\u00a0\u00bb el_class=\u00a0\u00bbCOPYWHITE\u00a0\u00bb][vc_column width=\u00a0\u00bb1\/4&Prime;]<div class='q_icon_with_title very_large normal_icon center'><div class=\"icon_holder q_icon_animation\" style=\" transition-delay: 100ms; -webkit-transition-delay: 100ms; -moz-transition-delay: 100ms; -o-transition-delay: 100ms;\"><div class=\"icon_holder_inner\"><span style=\"color: #ffffff;\" class=\"q_font_awsome_icon fa-5x \"><i class=\"icon_text_icon fa fa-money\"><\/i><\/span><\/div><\/div><div class=\"icon_text_holder\" style=\"\"><div class=\"icon_text_inner\" style=\"\"><h2 class=\"icon_title\" style=\"color: #ffffff\">8 %<\/h2><p style=''>Taux de contribution au PIB<\/p><\/div><\/div><\/div>[\/vc_column][vc_column width=\u00a0\u00bb1\/4&Prime;]<div class='q_icon_with_title very_large normal_icon center'><div class=\"icon_holder q_icon_animation\" style=\" transition-delay: 200ms; -webkit-transition-delay: 200ms; -moz-transition-delay: 200ms; -o-transition-delay: 200ms;\"><div class=\"icon_holder_inner\"><span style=\"color: #ffffff;\" class=\"q_font_awsome_icon fa-5x \"><i class=\"icon_text_icon fa fa-line-chart\"><\/i><\/span><\/div><\/div><div class=\"icon_text_holder\" style=\"\"><div class=\"icon_text_inner\" style=\"\"><h2 class=\"icon_title\" style=\"color: #ffffff\">8 %<\/h2><p style=''>Taux de croissance annuelle<\/p><\/div><\/div><\/div>[\/vc_column][vc_column width=\u00a0\u00bb1\/4&Prime;]<div class='q_icon_with_title very_large normal_icon center'><div class=\"icon_holder q_icon_animation\" style=\" transition-delay: 300ms; -webkit-transition-delay: 300ms; -moz-transition-delay: 300ms; -o-transition-delay: 300ms;\"><div class=\"icon_holder_inner\"><span style=\"color: #ffffff;\" class=\"q_font_awsome_icon fa-5x \"><i class=\"icon_text_icon fa fa-bank\"><\/i><\/span><\/div><\/div><div class=\"icon_text_holder\" style=\"\"><div class=\"icon_text_inner\" style=\"\"><h2 class=\"icon_title\" style=\"color: #ffffff\">37 %<\/h2><p style=''>Formation brute de capital<\/p><\/div><\/div><\/div>[\/vc_column][vc_column width=\u00a0\u00bb1\/4&Prime;]<div class='q_icon_with_title very_large normal_icon center'><div class=\"icon_holder q_icon_animation\" style=\" transition-delay: 400ms; -webkit-transition-delay: 400ms; -moz-transition-delay: 400ms; -o-transition-delay: 400ms;\"><div class=\"icon_holder_inner\"><span style=\"color: #ffffff;\" class=\"q_font_awsome_icon fa-5x \"><i class=\"icon_text_icon fa fa-bar-chart\"><\/i><\/span><\/div><\/div><div class=\"icon_text_holder\" style=\"\"><div class=\"icon_text_inner\" style=\"\"><h2 class=\"icon_title\" style=\"color: #ffffff\">&gt; 10 %<\/h2><p style=''>Taux de croissance annuelle<\/p><\/div><\/div><\/div>[\/vc_column][\/vc_row][vc_row row_type=\u00a0\u00bbrow\u00a0\u00bb use_row_as_full_screen_section=\u00a0\u00bbno\u00a0\u00bb type=\u00a0\u00bbgrid\u00a0\u00bb text_align=\u00a0\u00bbleft\u00a0\u00bb background_animation=\u00a0\u00bbnone\u00a0\u00bb padding_top=\u00a0\u00bb60&Prime; padding_bottom=\u00a0\u00bb60&Prime; css_animation=\u00a0\u00bb\u00a0\u00bb][vc_column width=\u00a0\u00bb1\/3&Prime;][\/vc_column][vc_column width=\u00a0\u00bb2\/3&Prime;][vc_column_text]<\/p>\n<h3>INDUSTRIE DE LA CONSTRUCTION &#8211; R\u00c9SUM\u00c9<\/h3>\n<p>[\/vc_column_text][vc_empty_space height=\u00a0\u00bb20px\u00a0\u00bb][vc_column_text]Ces deux derni\u00e8res ann\u00e9es, les Philippines ont connu \u00ab l\u2019\u00c2ge d\u2019or de l\u2019infrastructure \u00bb. Dans le cadre du programme \u00ab Build, Build, Build \u00bb (Construisons, Construisons, Construisons), le gouvernement a pr\u00e9vu de d\u00e9penser 9 millions de dollars US dans les infrastructures.<\/p>\n<p>Le secteur de la construction compte parmi les industries pr\u00e9sentant une croissance extr\u00eamement rapide. Ces 20 derni\u00e8res ann\u00e9es, la demande philippine, mais aussi \u00e9trang\u00e8re, a connu une croissance exponentielle.<\/p>\n<p>Les soci\u00e9t\u00e9s immatricul\u00e9es aux Philippines b\u00e9n\u00e9ficient d\u2019avantages comme :<\/p>\n<ul>\n<li>4 \u00e0 8 ans d\u2019exemptions fiscales<\/li>\n<li>3 ans d\u2019exemptions fiscales suppl\u00e9mentaires si la soci\u00e9t\u00e9 r\u00e9pond \u00e0 certains crit\u00e8res<\/li>\n<li>Exemption de droits et taxes d\u2019importation pour les biens d\u2019\u00e9quipement, les pi\u00e8ces d\u00e9tach\u00e9es et fournitures<\/li>\n<li>Exemption de droits et taxes d\u2019importation pour les mati\u00e8res premi\u00e8res et fournitures servant \u00e0 l\u2019export<\/li>\n<li>Taux d\u2019imposition sp\u00e9cial de 5 % sur le revenu brut<\/li>\n<li>TVA \u00e0 0 %<\/li>\n<li>Emploi des ressortissants \u00e9trangers<\/li>\n<\/ul>\n<p>L\u2019industrie de la construction compte plus de quatre millions d\u2019ing\u00e9nieurs et techniciens hautement qualifi\u00e9s et pr\u00eats \u00e0 travailler. Parmi les entreprises \u00e9trang\u00e8res ayant d\u00e9j\u00e0 investi dans la r\u00e9gion, nous pouvons citer :<\/p>\n<ul>\n<li>Fluor<\/li>\n<li>Sumitomo Mitsui Corp<\/li>\n<li>Japan Gasoline Co.<\/li>\n<\/ul>\n<p>[\/vc_column_text][\/vc_column][\/vc_row][vc_row row_type=\u00a0\u00bbrow\u00a0\u00bb use_row_as_full_screen_section=\u00a0\u00bbno\u00a0\u00bb type=\u00a0\u00bbfull_width\u00a0\u00bb text_align=\u00a0\u00bbcenter\u00a0\u00bb background_animation=\u00a0\u00bbnone\u00a0\u00bb padding_top=\u00a0\u00bb160&Prime; padding_bottom=\u00a0\u00bb160&Prime; css_animation=\u00a0\u00bb\u00a0\u00bb][vc_column][vc_column_text]<\/p>\n<div class=\"wpb_text_column wpb_content_element \">\n<div class=\"wpb_wrapper\">\n<h2>Vous souhaitez \u00e9changer avec un conseiller ?<\/h2>\n<\/div>\n<\/div>\n<p>[\/vc_column_text][vc_empty_space height=\u00a0\u00bb40px\u00a0\u00bb][vc_column_text]<\/p>\n<div class=\"wpb_text_column wpb_content_element \">\n<div class=\"wpb_wrapper\">\n<h4 class=\"p1\">Demandez d\u00e8s maintenant une consultation gratuite avec l\u2019un de nos sp\u00e9cialistes en placement.<\/h4>\n<\/div>\n<\/div>\n<p>[\/vc_column_text][vc_empty_space height=\u00a0\u00bb40px\u00a0\u00bb]<a href=\"\/fr\/nous-contacter\/\" target=\"_self\"  class=\"qbutton  large\" style=\"\">Nous contacter<\/a>[\/vc_column][\/vc_row]<\/p>\n","protected":false},"excerpt":{"rendered":"<p>[vc_row row_type=\u00a0\u00bbrow\u00a0\u00bb use_row_as_full_screen_section=\u00a0\u00bbno\u00a0\u00bb type=\u00a0\u00bbfull_width\u00a0\u00bb text_align=\u00a0\u00bbcenter\u00a0\u00bb background_image=\u00a0\u00bb6626&Prime; background_animation=\u00a0\u00bbnone\u00a0\u00bb padding_top=\u00a0\u00bb0&Prime; padding_bottom=\u00a0\u00bb0&Prime; css_animation=\u00a0\u00bb\u00a0\u00bb css=\u00a0\u00bb.vc_custom_1614000185384{background-color: #1226aa !important;}\u00a0\u00bb el_class=\u00a0\u00bbCOPYWHITE\u00a0\u00bb][vc_column][vc_empty_space height=\u00a0\u00bb100px\u00a0\u00bb][vc_empty_space height=\u00a0\u00bb100px\u00a0\u00bb el_class=\u00a0\u00bbmobile-hidden\u00a0\u00bb][vc_column_text el_class=\u00a0\u00bbcontrolled-h1&Prime;] Construction [\/vc_column_text][vc_empty_space height=\u00a0\u00bb100px\u00a0\u00bb][vc_empty_space height=\u00a0\u00bb100px\u00a0\u00bb el_class=\u00a0\u00bbmobile-hidden\u00a0\u00bb][\/vc_column][\/vc_row][vc_row row_type=\u00a0\u00bbrow\u00a0\u00bb use_row_as_full_screen_section=\u00a0\u00bbno\u00a0\u00bb type=\u00a0\u00bbgrid\u00a0\u00bb text_align=\u00a0\u00bbleft\u00a0\u00bb background_animation=\u00a0\u00bbnone\u00a0\u00bb padding_top=\u00a0\u00bb80&Prime; padding_bottom=\u00a0\u00bb80&Prime; css_animation=\u00a0\u00bb\u00a0\u00bb][vc_column width=\u00a0\u00bb1\/2&Prime;][vc_column_text] Main d\u2019\u0153uvre [\/vc_column_text][vc_empty_space height=\u00a0\u00bb20px\u00a0\u00bb][vc_column_text]Les Philippines investissent dans la formation. Avec plus de 15&#8230;<\/p>\n","protected":false},"author":1,"featured_media":0,"parent":1832,"menu_order":0,"comment_status":"closed","ping_status":"closed","template":"full_width.php","meta":{"footnotes":""},"class_list":["post-4680","page","type-page","status-publish","hentry"],"_links":{"self":[{"href":"https:\/\/philippines.business\/fr\/wp-json\/wp\/v2\/pages\/4680","targetHints":{"allow":["GET"]}}],"collection":[{"href":"https:\/\/philippines.business\/fr\/wp-json\/wp\/v2\/pages"}],"about":[{"href":"https:\/\/philippines.business\/fr\/wp-json\/wp\/v2\/types\/page"}],"author":[{"embeddable":true,"href":"https:\/\/philippines.business\/fr\/wp-json\/wp\/v2\/users\/1"}],"replies":[{"embeddable":true,"href":"https:\/\/philippines.business\/fr\/wp-json\/wp\/v2\/comments?post=4680"}],"version-history":[{"count":10,"href":"https:\/\/philippines.business\/fr\/wp-json\/wp\/v2\/pages\/4680\/revisions"}],"predecessor-version":[{"id":6633,"href":"https:\/\/philippines.business\/fr\/wp-json\/wp\/v2\/pages\/4680\/revisions\/6633"}],"up":[{"embeddable":true,"href":"https:\/\/philippines.business\/fr\/wp-json\/wp\/v2\/pages\/1832"}],"wp:attachment":[{"href":"https:\/\/philippines.business\/fr\/wp-json\/wp\/v2\/media?parent=4680"}],"curies":[{"name":"wp","href":"https:\/\/api.w.org\/{rel}","templated":true}]}}