{"id":4646,"date":"2021-01-26T12:41:07","date_gmt":"2021-01-26T12:41:07","guid":{"rendered":"https:\/\/philippines.business\/secteurs-industriels\/equipement-de-protection-individuelle-epi\/"},"modified":"2021-02-22T17:27:42","modified_gmt":"2021-02-22T17:27:42","slug":"equipement-de-protection-individuelle-epi","status":"publish","type":"page","link":"https:\/\/philippines.business\/fr\/secteurs-industriels\/equipement-de-protection-individuelle-epi\/","title":{"rendered":"\u00c9quipement de protection individuelle (EPI)"},"content":{"rendered":"<p>[vc_row row_type=\u00a0\u00bbrow\u00a0\u00bb use_row_as_full_screen_section=\u00a0\u00bbno\u00a0\u00bb type=\u00a0\u00bbfull_width\u00a0\u00bb text_align=\u00a0\u00bbcenter\u00a0\u00bb background_image=\u00a0\u00bb6943&Prime; background_animation=\u00a0\u00bbnone\u00a0\u00bb padding_top=\u00a0\u00bb0&Prime; padding_bottom=\u00a0\u00bb0&Prime; css_animation=\u00a0\u00bb\u00a0\u00bb css=\u00a0\u00bb.vc_custom_1614014841476{background-color: #1226aa !important;}\u00a0\u00bb el_class=\u00a0\u00bbCOPYWHITE\u00a0\u00bb][vc_column][vc_empty_space height=\u00a0\u00bb100px\u00a0\u00bb][vc_empty_space height=\u00a0\u00bb100px\u00a0\u00bb el_class=\u00a0\u00bbmobile-hidden\u00a0\u00bb][vc_column_text el_class=\u00a0\u00bbcontrolled-h1&Prime;]<\/p>\n<h1><span style=\"font-style: normal;\">\u00c9quipement de protection individuelle (EPI)<\/span><\/h1>\n<p>[\/vc_column_text][vc_empty_space height=\u00a0\u00bb100px\u00a0\u00bb][vc_empty_space height=\u00a0\u00bb100px\u00a0\u00bb el_class=\u00a0\u00bbmobile-hidden\u00a0\u00bb][\/vc_column][\/vc_row][vc_row row_type=\u00a0\u00bbrow\u00a0\u00bb use_row_as_full_screen_section=\u00a0\u00bbno\u00a0\u00bb type=\u00a0\u00bbgrid\u00a0\u00bb text_align=\u00a0\u00bbleft\u00a0\u00bb background_animation=\u00a0\u00bbnone\u00a0\u00bb padding_top=\u00a0\u00bb80&Prime; padding_bottom=\u00a0\u00bb80&Prime; css_animation=\u00a0\u00bb\u00a0\u00bb][vc_column width=\u00a0\u00bb1\/2&Prime;][vc_column_text]<\/p>\n<h3><span style=\"font-style: normal;\">Aide aux entreprises<\/span><\/h3>\n<p>[\/vc_column_text][vc_empty_space height=\u00a0\u00bb20px\u00a0\u00bb][vc_column_text]Dans le cadre de notre r\u00e9ponse \u00e0 la pand\u00e9mie de Covid-19, le gouvernement philippin soutient financi\u00e8rement ses entreprises, par le biais de mesures fiscales et non fiscales, pour les aider dans leurs initiatives de reconversion.<\/p>\n<p>Le gouvernement philippin n\u2019a impos\u00e9 aucune restriction \u00e0 l\u2019exportation des produits essentiels \u00e0 la crise de la COVID-19, y compris les EPI, facilitant ainsi les \u00e9changes sur le march\u00e9 int\u00e9rieur et ext\u00e9rieur des entreprises. Le gouvernement, avec le Programme des Nations unies pour le d\u00e9veloppement (PNUD) et d\u2019autres parties prenantes, a mis en place une plateforme pour mieux coordonner les relations entre fournisseurs de mat\u00e9riaux pour les EPI, fabricants, consommateurs et b\u00e9n\u00e9ficiaires, et ainsi mieux r\u00e9pondre \u00e0 la demande du pays.[\/vc_column_text][vc_empty_space height=\u00a0\u00bb40px\u00a0\u00bb][vc_column_text]<\/p>\n<h3>Recherche et d\u00e9veloppement<\/h3>\n<p>[\/vc_column_text][vc_empty_space height=\u00a0\u00bb20px\u00a0\u00bb][vc_column_text]Engag\u00e9s en faveur de la recherche en mati\u00e8re de conception et d\u2019innovation, nous encourageons les investissements dans le d\u00e9veloppement de mat\u00e9riaux qui nous permettent de promouvoir une recherche sectorielle sur les mat\u00e9riaux durables et locaux pour la production d\u2019EPI.[\/vc_column_text][vc_empty_space height=\u00a0\u00bb40px\u00a0\u00bb][vc_column_text]<\/p>\n<h3><span style=\"font-style: normal;\">Une industrie bien \u00e9tablie<\/span><\/h3>\n<p>[\/vc_column_text][vc_empty_space height=\u00a0\u00bb20px\u00a0\u00bb][vc_column_text]Avec plus d\u2019un milliard de dollars US d\u2019exportations annuelles, notre industrie du textile et de l\u2019habillement compte parmi nos industries les plus reconnues depuis les ann\u00e9es 1950. Un secteur d\u00e9cisif en p\u00e9riode de crise sanitaire qui a connu une demande croissante avec une \u00e9volution de son paysage \u00e9conomique lui promettant une certaine stabilit\u00e9 apr\u00e8s la COVID-19.<\/p>\n<p>Gr\u00e2ce \u00e0 une main-d\u2019\u0153uvre volontaire et hautement qualifi\u00e9e, associ\u00e9e \u00e0 un acc\u00e8s aux march\u00e9s strat\u00e9giques que sont l\u2019UE, le Japon, la Chine, la Cor\u00e9e et l\u2019ANASE, les Philippines ont les atouts n\u00e9cessaires pour devenir un centre de fabrication d\u2019EPI.<\/p>\n<p>Avec de nombreux succ\u00e8s en mati\u00e8re de reconversion, le pays fait preuve de capacit\u00e9s uniques lorsqu\u2019il s\u2019agit de s\u2019adapter aux changements \u00e9conomiques. Cette intelligence industrielle est ancr\u00e9e dans une croissance interne multi-sectorielle avec la capacit\u00e9 de tirer parti d\u2019un \u00e9cosyst\u00e8me plus large ou de partenariats intra-branches.[\/vc_column_text][vc_empty_space height=\u00a0\u00bb20px\u00a0\u00bb][\/vc_column][vc_column width=\u00a0\u00bb1\/2&Prime;][vc_single_image image=\u00a0\u00bb6933&Prime; img_size=\u00a0\u00bbfull\u00a0\u00bb qode_css_animation=\u00a0\u00bb\u00a0\u00bb][\/vc_column][\/vc_row][vc_row row_type=\u00a0\u00bbrow\u00a0\u00bb use_row_as_full_screen_section=\u00a0\u00bbno\u00a0\u00bb type=\u00a0\u00bbgrid\u00a0\u00bb text_align=\u00a0\u00bbcenter\u00a0\u00bb background_animation=\u00a0\u00bbnone\u00a0\u00bb padding_top=\u00a0\u00bb80&Prime; padding_bottom=\u00a0\u00bb40&Prime; css_animation=\u00a0\u00bb\u00a0\u00bb css=\u00a0\u00bb.vc_custom_1591625660923{background-color: #1226AA !important;}\u00a0\u00bb el_class=\u00a0\u00bbCOPYWHITE\u00a0\u00bb][vc_column][vc_column_text]<\/p>\n<h2>Chiffres cl\u00e9s<\/h2>\n<p>[\/vc_column_text][\/vc_column][\/vc_row][vc_row row_type=\u00a0\u00bbrow\u00a0\u00bb use_row_as_full_screen_section=\u00a0\u00bbno\u00a0\u00bb type=\u00a0\u00bbgrid\u00a0\u00bb text_align=\u00a0\u00bbleft\u00a0\u00bb background_animation=\u00a0\u00bbnone\u00a0\u00bb padding_top=\u00a0\u00bb40&Prime; padding_bottom=\u00a0\u00bb100&Prime; css_animation=\u00a0\u00bb\u00a0\u00bb css=\u00a0\u00bb.vc_custom_1591628046818{background-color: #1226AA !important;}\u00a0\u00bb el_class=\u00a0\u00bbCOPYWHITE\u00a0\u00bb][vc_column width=\u00a0\u00bb1\/4&Prime;]<div class='q_icon_with_title very_large normal_icon center'><div class=\"icon_holder q_icon_animation\" style=\" transition-delay: 100ms; -webkit-transition-delay: 100ms; -moz-transition-delay: 100ms; -o-transition-delay: 100ms;\"><div class=\"icon_holder_inner\"><span style=\"color: #ffffff;\" class=\"q_font_awsome_icon fa-5x \"><i class=\"icon_text_icon fa fa-gears\"><\/i><\/span><\/div><\/div><div class=\"icon_text_holder\" style=\"\"><div class=\"icon_text_inner\" style=\"\"><h2 class=\"icon_title\" style=\"color: #ffffff\">&gt; 60<\/h2><p style=''>millions de masques chirurgicaux produits chaque mois<\/p><\/div><\/div><\/div>[\/vc_column][vc_column width=\u00a0\u00bb1\/4&Prime;]<div class='q_icon_with_title very_large normal_icon center'><div class=\"icon_holder q_icon_animation\" style=\" transition-delay: 200ms; -webkit-transition-delay: 200ms; -moz-transition-delay: 200ms; -o-transition-delay: 200ms;\"><div class=\"icon_holder_inner\"><span style=\"color: #ffffff;\" class=\"q_font_awsome_icon fa-5x \"><i class=\"icon_text_icon fa fa-line-chart\"><\/i><\/span><\/div><\/div><div class=\"icon_text_holder\" style=\"\"><div class=\"icon_text_inner\" style=\"\"><h2 class=\"icon_title\" style=\"color: #ffffff\">&gt; 3<\/h2><p style=''>millions de combinaisons m\u00e9dicales produites chaque mois<\/p><\/div><\/div><\/div>[\/vc_column][vc_column width=\u00a0\u00bb1\/4&Prime;]<div class='q_icon_with_title very_large normal_icon center'><div class=\"icon_holder q_icon_animation\" style=\" transition-delay: 300ms; -webkit-transition-delay: 300ms; -moz-transition-delay: 300ms; -o-transition-delay: 300ms;\"><div class=\"icon_holder_inner\"><span style=\"color: #ffffff;\" class=\"q_font_awsome_icon fa-5x \"><i class=\"icon_text_icon fa fa-gears\"><\/i><\/span><\/div><\/div><div class=\"icon_text_holder\" style=\"\"><div class=\"icon_text_inner\" style=\"\"><h2 class=\"icon_title\" style=\"color: #ffffff\">&gt; 14 000<\/h2><p style=''>de visi\u00e8res produites chaque mois<\/p><\/div><\/div><\/div>[\/vc_column][vc_column width=\u00a0\u00bb1\/4&Prime;]<div class='q_icon_with_title very_large normal_icon center'><div class=\"icon_holder q_icon_animation\" style=\" transition-delay: 400ms; -webkit-transition-delay: 400ms; -moz-transition-delay: 400ms; -o-transition-delay: 400ms;\"><div class=\"icon_holder_inner\"><span style=\"color: #ffffff;\" class=\"q_font_awsome_icon fa-5x \"><i class=\"icon_text_icon fa fa-users\"><\/i><\/span><\/div><\/div><div class=\"icon_text_holder\" style=\"\"><div class=\"icon_text_inner\" style=\"\"><h2 class=\"icon_title\" style=\"color: #ffffff\">&gt; 510 000<\/h2><p style=''>d'employ\u00e9s hautement qualifi\u00e9s et capables de produire des EPI dans les d\u00e9lais les plus courts<\/p><\/div><\/div><\/div>[\/vc_column][\/vc_row][vc_row row_type=\u00a0\u00bbrow\u00a0\u00bb use_row_as_full_screen_section=\u00a0\u00bbno\u00a0\u00bb type=\u00a0\u00bbgrid\u00a0\u00bb text_align=\u00a0\u00bbleft\u00a0\u00bb background_animation=\u00a0\u00bbnone\u00a0\u00bb padding_top=\u00a0\u00bb60&Prime; padding_bottom=\u00a0\u00bb60&Prime; css_animation=\u00a0\u00bb\u00a0\u00bb][vc_column width=\u00a0\u00bb1\/3&Prime;][\/vc_column][vc_column width=\u00a0\u00bb2\/3&Prime;][vc_column_text]<\/p>\n<h3>INDUSTRIE DES EPI &#8211; R\u00c9SUM\u00c9<\/h3>\n<p>[\/vc_column_text][vc_empty_space height=\u00a0\u00bb20px\u00a0\u00bb][vc_column_text]Selon l\u2019Organisation mondiale de la sant\u00e9 (OMS), les \u00e9quipements de protection individuelle (EPI) sont essentiels \u00e0 la pr\u00e9vention de la transmission de la COVID-19. L\u2019OMS classe les visi\u00e8res, les masques, les gants, les blouses, les combinaisons et les lunettes de protection dans la cat\u00e9gorie des EPI. Les Philippines fabriquaient d\u00e9j\u00e0 des masques chirurgicaux avant la pand\u00e9mie et, face \u00e0 l\u2019augmentation de la demande et aux p\u00e9nuries mondiales, le pays n\u2019a pas \u00e9t\u00e9 \u00e9pargn\u00e9.<\/p>\n<p>Pour faciliter la course aux mati\u00e8res premi\u00e8res n\u00e9cessaires \u00e0 la production de masques, et ainsi rem\u00e9dier \u00e0 la p\u00e9nurie mondiale d\u2019\u00e9quipements de protection, le gouvernement philippin a fortement soutenu et accompagn\u00e9 les industries locales pour les aider \u00e0 convertir leurs lignes de production et exploiter les \u00e9quipements existants, ou inutilis\u00e9s, pour r\u00e9pondre \u00e0 l\u2019urgence de la demande. Les usines de textile et de v\u00eatements, d\u2019assemblage \u00e9lectronique et les filatures font partie des installations ayant \u00e9t\u00e9 converties pour faire face \u00e0 la demande d\u2019EPI.<\/p>\n<p>Les deux fabricants d\u2019\u00e9quipements de protection \u00e0 usage m\u00e9dical ont \u00e9t\u00e9 renforc\u00e9s par 40 entreprises locales et \u00e9trang\u00e8res qui ont su adapter leurs lignes de production.<\/p>\n<p>Parmi les entreprises locales, on peut citer :<\/p>\n<ul>\n<li>MedTecs<\/li>\n<li>Yokoisada<\/li>\n<li>EMS<\/li>\n<li>Reliance Producers Cooperative<\/li>\n<li>Distinctive Blinds and Office Supplies<\/li>\n<\/ul>\n<p>[\/vc_column_text][\/vc_column][\/vc_row][vc_row row_type=\u00a0\u00bbrow\u00a0\u00bb use_row_as_full_screen_section=\u00a0\u00bbno\u00a0\u00bb type=\u00a0\u00bbfull_width\u00a0\u00bb text_align=\u00a0\u00bbcenter\u00a0\u00bb background_animation=\u00a0\u00bbnone\u00a0\u00bb padding_top=\u00a0\u00bb160&Prime; padding_bottom=\u00a0\u00bb160&Prime; css_animation=\u00a0\u00bb\u00a0\u00bb][vc_column][vc_column_text]<\/p>\n<div class=\"wpb_text_column wpb_content_element \">\n<div class=\"wpb_wrapper\">\n<h2>Vous souhaitez \u00e9changer avec un conseiller ?<\/h2>\n<\/div>\n<\/div>\n<p>[\/vc_column_text][vc_empty_space height=\u00a0\u00bb40px\u00a0\u00bb][vc_column_text]<\/p>\n<div class=\"wpb_text_column wpb_content_element \">\n<div class=\"wpb_wrapper\">\n<h4 class=\"p1\">Demandez d\u00e8s maintenant une consultation gratuite avec l\u2019un de nos sp\u00e9cialistes en placement.<\/h4>\n<\/div>\n<\/div>\n<p>[\/vc_column_text][vc_empty_space height=\u00a0\u00bb40px\u00a0\u00bb]<a href=\"\/fr\/nous-contacter\/\" target=\"_self\"  class=\"qbutton  large\" style=\"\">NOUS CONTACTER<\/a>[\/vc_column][\/vc_row]<\/p>\n","protected":false},"excerpt":{"rendered":"<p>[vc_row row_type=\u00a0\u00bbrow\u00a0\u00bb use_row_as_full_screen_section=\u00a0\u00bbno\u00a0\u00bb type=\u00a0\u00bbfull_width\u00a0\u00bb text_align=\u00a0\u00bbcenter\u00a0\u00bb background_image=\u00a0\u00bb6943&Prime; background_animation=\u00a0\u00bbnone\u00a0\u00bb padding_top=\u00a0\u00bb0&Prime; padding_bottom=\u00a0\u00bb0&Prime; css_animation=\u00a0\u00bb\u00a0\u00bb css=\u00a0\u00bb.vc_custom_1614014841476{background-color: #1226aa !important;}\u00a0\u00bb el_class=\u00a0\u00bbCOPYWHITE\u00a0\u00bb][vc_column][vc_empty_space height=\u00a0\u00bb100px\u00a0\u00bb][vc_empty_space height=\u00a0\u00bb100px\u00a0\u00bb el_class=\u00a0\u00bbmobile-hidden\u00a0\u00bb][vc_column_text el_class=\u00a0\u00bbcontrolled-h1&Prime;] \u00c9quipement de protection individuelle (EPI) [\/vc_column_text][vc_empty_space height=\u00a0\u00bb100px\u00a0\u00bb][vc_empty_space height=\u00a0\u00bb100px\u00a0\u00bb el_class=\u00a0\u00bbmobile-hidden\u00a0\u00bb][\/vc_column][\/vc_row][vc_row row_type=\u00a0\u00bbrow\u00a0\u00bb use_row_as_full_screen_section=\u00a0\u00bbno\u00a0\u00bb type=\u00a0\u00bbgrid\u00a0\u00bb text_align=\u00a0\u00bbleft\u00a0\u00bb background_animation=\u00a0\u00bbnone\u00a0\u00bb padding_top=\u00a0\u00bb80&Prime; padding_bottom=\u00a0\u00bb80&Prime; css_animation=\u00a0\u00bb\u00a0\u00bb][vc_column width=\u00a0\u00bb1\/2&Prime;][vc_column_text] Aide aux entreprises [\/vc_column_text][vc_empty_space height=\u00a0\u00bb20px\u00a0\u00bb][vc_column_text]Dans le cadre de notre&#8230;<\/p>\n","protected":false},"author":1,"featured_media":0,"parent":1832,"menu_order":0,"comment_status":"closed","ping_status":"closed","template":"full_width.php","meta":{"footnotes":""},"class_list":["post-4646","page","type-page","status-publish","hentry"],"_links":{"self":[{"href":"https:\/\/philippines.business\/fr\/wp-json\/wp\/v2\/pages\/4646","targetHints":{"allow":["GET"]}}],"collection":[{"href":"https:\/\/philippines.business\/fr\/wp-json\/wp\/v2\/pages"}],"about":[{"href":"https:\/\/philippines.business\/fr\/wp-json\/wp\/v2\/types\/page"}],"author":[{"embeddable":true,"href":"https:\/\/philippines.business\/fr\/wp-json\/wp\/v2\/users\/1"}],"replies":[{"embeddable":true,"href":"https:\/\/philippines.business\/fr\/wp-json\/wp\/v2\/comments?post=4646"}],"version-history":[{"count":6,"href":"https:\/\/philippines.business\/fr\/wp-json\/wp\/v2\/pages\/4646\/revisions"}],"predecessor-version":[{"id":6950,"href":"https:\/\/philippines.business\/fr\/wp-json\/wp\/v2\/pages\/4646\/revisions\/6950"}],"up":[{"embeddable":true,"href":"https:\/\/philippines.business\/fr\/wp-json\/wp\/v2\/pages\/1832"}],"wp:attachment":[{"href":"https:\/\/philippines.business\/fr\/wp-json\/wp\/v2\/media?parent=4646"}],"curies":[{"name":"wp","href":"https:\/\/api.w.org\/{rel}","templated":true}]}}