{"id":4638,"date":"2021-01-26T12:34:45","date_gmt":"2021-01-26T12:34:45","guid":{"rendered":"https:\/\/philippines.business\/secteurs-industriels\/energie-eolienne\/"},"modified":"2021-02-23T12:37:16","modified_gmt":"2021-02-23T12:37:16","slug":"energie-eolienne","status":"publish","type":"page","link":"https:\/\/philippines.business\/fr\/secteurs-industriels\/energie-eolienne\/","title":{"rendered":"\u00c9nergie \u00e9olienne"},"content":{"rendered":"<p>[vc_row row_type=\u00a0\u00bbrow\u00a0\u00bb use_row_as_full_screen_section=\u00a0\u00bbno\u00a0\u00bb type=\u00a0\u00bbfull_width\u00a0\u00bb text_align=\u00a0\u00bbcenter\u00a0\u00bb background_image=\u00a0\u00bb7246&Prime; background_animation=\u00a0\u00bbnone\u00a0\u00bb padding_top=\u00a0\u00bb0&Prime; padding_bottom=\u00a0\u00bb0&Prime; css_animation=\u00a0\u00bb\u00a0\u00bb css=\u00a0\u00bb.vc_custom_1614083821972{background-color: #1226aa !important;}\u00a0\u00bb el_class=\u00a0\u00bbCOPYWHITE\u00a0\u00bb][vc_column][vc_empty_space height=\u00a0\u00bb100px\u00a0\u00bb][vc_empty_space height=\u00a0\u00bb100px\u00a0\u00bb el_class=\u00a0\u00bbmobile-hidden\u00a0\u00bb][vc_column_text el_class=\u00a0\u00bbcontrolled-h1&Prime;]<\/p>\n<h1>\u00c9nergie \u00e9olienne<\/h1>\n<p>[\/vc_column_text][vc_empty_space height=\u00a0\u00bb100px\u00a0\u00bb][vc_empty_space height=\u00a0\u00bb100px\u00a0\u00bb el_class=\u00a0\u00bbmobile-hidden\u00a0\u00bb][\/vc_column][\/vc_row][vc_row row_type=\u00a0\u00bbrow\u00a0\u00bb use_row_as_full_screen_section=\u00a0\u00bbno\u00a0\u00bb type=\u00a0\u00bbgrid\u00a0\u00bb text_align=\u00a0\u00bbleft\u00a0\u00bb background_animation=\u00a0\u00bbnone\u00a0\u00bb padding_top=\u00a0\u00bb80&Prime; padding_bottom=\u00a0\u00bb80&Prime; css_animation=\u00a0\u00bb\u00a0\u00bb][vc_column width=\u00a0\u00bb1\/2&Prime;][vc_column_text]<\/p>\n<h3>Emplacement de choix<\/h3>\n<p>[\/vc_column_text][vc_empty_space height=\u00a0\u00bb20px\u00a0\u00bb][vc_column_text]Les p\u00f4les de comp\u00e9titivit\u00e9 en mati\u00e8re d\u2019\u00e9nergies renouvelables constituent une r\u00e9elle opportunit\u00e9 pour les entreprises du secteur priv\u00e9 et r\u00e9duisent les obstacles \u00e0 l\u2019investissement en incitant au d\u00e9veloppement des \u00e9nergies renouvelables les plus prometteuses du pays.<\/p>\n<p>Le processus de comp\u00e9titivit\u00e9 est un processus de planification dirig\u00e9 par les parties prenantes et pr\u00e9sid\u00e9 par le minist\u00e8re de l\u2019\u00c9nergie avec le soutien financier de l\u2019Agence des \u00c9tats-Unis pour le d\u00e9veloppement international (USAID) et l\u2019assistance du Laboratoire national des \u00e9nergies renouvelables des \u00c9tats-Unis.<\/p>\n<p>D\u2019apr\u00e8s une \u00e9tude du Laboratoire national des \u00e9nergies renouvelables des \u00c9tats-Unis, les sites suivants auraient une capacit\u00e9 potentielle d\u2019\u00e9lectricit\u00e9 d\u2019origine \u00e9olienne de 76 600 MW pour une superficie de 10 000 km\u00b2 :<\/p>\n<ul>\n<li>Les \u00eeles Batanes et Babuyan<\/li>\n<li>Pointe nord-ouest de Lu\u00e7on (Ilocos Norte)<\/li>\n<li>Hautes terres de Lu\u00e7on, Mindoro, Samar, Leyte, Panay, Negros, Cebu, Palawan, Mindanao orientale et \u00eeles voisines<\/li>\n<li>Sites c\u00f4tiers bien expos\u00e9s, orient\u00e9s Est, du nord de Lu\u00e7on au sud jusqu\u2019\u00e0 Samar<\/li>\n<li>Les couloirs de vent entre Lu\u00e7on et Mindoro (y compris l\u2019\u00eele de Lubang)<\/li>\n<li>Les couloirs de vent entre Mindoro et Panay (y compris les \u00eeles Semirara &amp; Cuyo)<\/li>\n<\/ul>\n<p>[\/vc_column_text][vc_empty_space height=\u00a0\u00bb40px\u00a0\u00bb][vc_column_text]<\/p>\n<h3>Aide gouvernementale<\/h3>\n<p>[\/vc_column_text][vc_empty_space height=\u00a0\u00bb20px\u00a0\u00bb][vc_column_text]Depuis l\u2019adoption de la loi sur les \u00e9nergies renouvelables de 2008, le gouvernement a d\u00e9ploy\u00e9 des efforts consid\u00e9rables en vue de promouvoir et de d\u00e9velopper les \u00e9nergies renouvelables dans le pays. Les Philippines accompagnent les entit\u00e9s du secteur priv\u00e9 qui \u0153uvrent \u00e0 identifier les zones \u00e9ligibles \u00e0 la cr\u00e9ation d\u2019un parc \u00e9olien. Le minist\u00e8re de l\u2019\u00c9nergie estime \u00e9galement qu\u2019investir dans les sources d\u2019\u00e9nergie \u00e0 faibles \u00e9missions de carbone ne peut qu\u2019aider \u00e0 lutter contre le r\u00e9chauffement climatique, et ainsi pr\u00e9server la sant\u00e9 publique.<\/p>\n<p>Les soci\u00e9t\u00e9s immatricul\u00e9es aux Philippines b\u00e9n\u00e9ficient d\u2019avantages comme :<\/p>\n<ul>\n<li>Exon\u00e9ration fiscale<\/li>\n<li>Exemption de droits sur les machines et mat\u00e9riaux d\u2019\u00e9nergie renouvelable<\/li>\n<li>TVA \u00e0 0 %<\/li>\n<\/ul>\n<p>[\/vc_column_text][vc_empty_space height=\u00a0\u00bb20px\u00a0\u00bb][\/vc_column][vc_column width=\u00a0\u00bb1\/2&Prime;][vc_single_image image=\u00a0\u00bb7236&Prime; img_size=\u00a0\u00bbfull\u00a0\u00bb qode_css_animation=\u00a0\u00bb\u00a0\u00bb][\/vc_column][\/vc_row][vc_row row_type=\u00a0\u00bbrow\u00a0\u00bb use_row_as_full_screen_section=\u00a0\u00bbno\u00a0\u00bb type=\u00a0\u00bbgrid\u00a0\u00bb text_align=\u00a0\u00bbcenter\u00a0\u00bb background_animation=\u00a0\u00bbnone\u00a0\u00bb padding_top=\u00a0\u00bb80&Prime; padding_bottom=\u00a0\u00bb40&Prime; css_animation=\u00a0\u00bb\u00a0\u00bb css=\u00a0\u00bb.vc_custom_1591625660923{background-color: #1226AA !important;}\u00a0\u00bb el_class=\u00a0\u00bbCOPYWHITE\u00a0\u00bb][vc_column][vc_column_text]<\/p>\n<h2>Chiffres cl\u00e9s<\/h2>\n<p>[\/vc_column_text][\/vc_column][\/vc_row][vc_row row_type=\u00a0\u00bbrow\u00a0\u00bb use_row_as_full_screen_section=\u00a0\u00bbno\u00a0\u00bb type=\u00a0\u00bbgrid\u00a0\u00bb text_align=\u00a0\u00bbleft\u00a0\u00bb background_animation=\u00a0\u00bbnone\u00a0\u00bb padding_top=\u00a0\u00bb40&Prime; padding_bottom=\u00a0\u00bb100&Prime; css_animation=\u00a0\u00bb\u00a0\u00bb css=\u00a0\u00bb.vc_custom_1591628046818{background-color: #1226AA !important;}\u00a0\u00bb el_class=\u00a0\u00bbCOPYWHITE\u00a0\u00bb][vc_column width=\u00a0\u00bb1\/4&Prime;]<div class='q_icon_with_title very_large normal_icon center'><div class=\"icon_holder q_icon_animation\" style=\" transition-delay: 100ms; -webkit-transition-delay: 100ms; -moz-transition-delay: 100ms; -o-transition-delay: 100ms;\"><div class=\"icon_holder_inner\"><span style=\"color: #ffffff;\" class=\"q_font_awsome_icon fa-5x \"><i class=\"icon_text_icon fa fa-gears\"><\/i><\/span><\/div><\/div><div class=\"icon_text_holder\" style=\"\"><div class=\"icon_text_inner\" style=\"\"><h2 class=\"icon_title\" style=\"color: #ffffff\">&gt; 2 millions USD<\/h2><p style=''>Co\u00fbt moyen investi en \u00e9nergie \u00e9olienne<\/p><\/div><\/div><\/div>[\/vc_column][vc_column width=\u00a0\u00bb1\/4&Prime;]<div class='q_icon_with_title very_large normal_icon center'><div class=\"icon_holder q_icon_animation\" style=\" transition-delay: 200ms; -webkit-transition-delay: 200ms; -moz-transition-delay: 200ms; -o-transition-delay: 200ms;\"><div class=\"icon_holder_inner\"><span style=\"color: #ffffff;\" class=\"q_font_awsome_icon fa-5x \"><i class=\"icon_text_icon fa fa-line-chart\"><\/i><\/span><\/div><\/div><div class=\"icon_text_holder\" style=\"\"><div class=\"icon_text_inner\" style=\"\"><h2 class=\"icon_title\" style=\"color: #ffffff\">&gt; 39<\/h2><p style=''>projets d\u2019\u00e9nergie \u00e9olienne<\/p><\/div><\/div><\/div>[\/vc_column][vc_column width=\u00a0\u00bb1\/4&Prime;]<div class='q_icon_with_title very_large normal_icon center'><div class=\"icon_holder q_icon_animation\" style=\" transition-delay: 300ms; -webkit-transition-delay: 300ms; -moz-transition-delay: 300ms; -o-transition-delay: 300ms;\"><div class=\"icon_holder_inner\"><span style=\"color: #ffffff;\" class=\"q_font_awsome_icon fa-5x \"><i class=\"icon_text_icon fa fa-plane\"><\/i><\/span><\/div><\/div><div class=\"icon_text_holder\" style=\"\"><div class=\"icon_text_inner\" style=\"\"><h2 class=\"icon_title\" style=\"color: #ffffff\">&gt; 780<\/h2><p style=''>emplois cr\u00e9\u00e9s<\/p><\/div><\/div><\/div>[\/vc_column][vc_column width=\u00a0\u00bb1\/4&Prime;]<div class='q_icon_with_title very_large normal_icon center'><div class=\"icon_holder q_icon_animation\" style=\" transition-delay: 400ms; -webkit-transition-delay: 400ms; -moz-transition-delay: 400ms; -o-transition-delay: 400ms;\"><div class=\"icon_holder_inner\"><span style=\"color: #ffffff;\" class=\"q_font_awsome_icon fa-5x \"><i class=\"icon_text_icon fa fa-users\"><\/i><\/span><\/div><\/div><div class=\"icon_text_holder\" style=\"\"><div class=\"icon_text_inner\" style=\"\"><h2 class=\"icon_title\" style=\"color: #ffffff\">&gt; 1 200<\/h2><p style=''>Capacit\u00e9 potentielle<\/p><\/div><\/div><\/div>[\/vc_column][\/vc_row][vc_row row_type=\u00a0\u00bbrow\u00a0\u00bb use_row_as_full_screen_section=\u00a0\u00bbno\u00a0\u00bb type=\u00a0\u00bbgrid\u00a0\u00bb text_align=\u00a0\u00bbleft\u00a0\u00bb background_animation=\u00a0\u00bbnone\u00a0\u00bb padding_top=\u00a0\u00bb60&Prime; padding_bottom=\u00a0\u00bb60&Prime; css_animation=\u00a0\u00bb\u00a0\u00bb][vc_column width=\u00a0\u00bb1\/3&Prime;][\/vc_column][vc_column width=\u00a0\u00bb2\/3&Prime;][vc_column_text]<\/p>\n<h3>INDUSTRIE DE L\u2019\u00c9NERGIE \u00c9OLIENNE &#8211; R\u00c9SUM\u00c9<\/h3>\n<p>[\/vc_column_text][vc_empty_space height=\u00a0\u00bb20px\u00a0\u00bb][vc_column_text]Les Philippines sont le premier producteur d\u2019\u00e9nergie \u00e9olienne en Asie du Sud-Est, avec 33 MW de turbines \u00e0 Bangui, Ilocos Norte, ainsi que la deuxi\u00e8me \u00e9conomie \u00e0 plus forte croissance de la r\u00e9gion Asie et Pacifique. \u00c0 cela s\u2019ajoute un potentiel inexploit\u00e9 de 70 000 MW en \u00e9nergie \u00e9olienne pour le pays.<\/p>\n<p>Une \u00e9tude du Laboratoire national des \u00e9nergies renouvelables des \u00c9tats-Unis estime \u00e0 10 000 kilom\u00e8tres carr\u00e9s la surface, dans six r\u00e9gions, disposant de ressources exploitables de qualit\u00e9 suffisante \u00e0 excellente. Extr\u00eamement expos\u00e9es au vent, ces zones peuvent supporter une production allant jusqu\u2019\u00e0 76 600 MW. La mousson et la qualit\u00e9 de ses vents favorisent \u00e9galement le pays en mati\u00e8re d\u2019\u00e9nergie \u00e9olienne pour l\u2019Asie-Pacifique. Son potentiel \u00e9olien est consid\u00e9rable par rapport \u00e0 d\u2019autres pays producteurs d\u2019\u00e9nergie comme l\u2019Allemagne, l\u2019Espagne, les \u00c9tats-Unis, le Danemark ou l\u2019Inde.<\/p>\n<p>D\u2019apr\u00e8s le minist\u00e8re de l\u2019\u00c9nergie, sur les 73 provinces que comptent les Philippines, 47 pr\u00e9sentent un potentiel \u00e9olien d\u2019au moins 500 MW et 25 pr\u00e9sentent un potentiel d\u2019au moins 1 000 MW. Les europ\u00e9ens du secteur comme Gamesa, Vestas et Siemens sont d\u00e9j\u00e0 implant\u00e9s sur le march\u00e9 et contribuent significativement au d\u00e9veloppement de l\u2019industrie des \u00e9nergies \u00e9oliennes aux Philippines.<br \/>\n[\/vc_column_text][\/vc_column][\/vc_row][vc_row row_type=\u00a0\u00bbrow\u00a0\u00bb use_row_as_full_screen_section=\u00a0\u00bbno\u00a0\u00bb type=\u00a0\u00bbfull_width\u00a0\u00bb text_align=\u00a0\u00bbcenter\u00a0\u00bb background_animation=\u00a0\u00bbnone\u00a0\u00bb padding_top=\u00a0\u00bb160&Prime; padding_bottom=\u00a0\u00bb160&Prime; css_animation=\u00a0\u00bb\u00a0\u00bb][vc_column][vc_column_text]<\/p>\n<div class=\"wpb_text_column wpb_content_element \">\n<div class=\"wpb_wrapper\">\n<h2>Vous souhaitez \u00e9changer avec un conseiller ?<\/h2>\n<\/div>\n<\/div>\n<p>[\/vc_column_text][vc_empty_space height=\u00a0\u00bb40px\u00a0\u00bb][vc_column_text]<\/p>\n<div class=\"wpb_text_column wpb_content_element \">\n<div class=\"wpb_wrapper\">\n<h4 class=\"p1\">Demandez d\u00e8s maintenant une consultation gratuite avec l\u2019un de nos sp\u00e9cialistes en placement.<\/h4>\n<\/div>\n<\/div>\n<p>[\/vc_column_text][vc_empty_space height=\u00a0\u00bb40px\u00a0\u00bb]<a href=\"\/fr\/nous-contacter\/\" target=\"_self\"  class=\"qbutton  large\" style=\"\">NOUS CONTACTER<\/a>[\/vc_column][\/vc_row]<\/p>\n","protected":false},"excerpt":{"rendered":"<p>[vc_row row_type=\u00a0\u00bbrow\u00a0\u00bb use_row_as_full_screen_section=\u00a0\u00bbno\u00a0\u00bb type=\u00a0\u00bbfull_width\u00a0\u00bb text_align=\u00a0\u00bbcenter\u00a0\u00bb background_image=\u00a0\u00bb7246&Prime; background_animation=\u00a0\u00bbnone\u00a0\u00bb padding_top=\u00a0\u00bb0&Prime; padding_bottom=\u00a0\u00bb0&Prime; css_animation=\u00a0\u00bb\u00a0\u00bb css=\u00a0\u00bb.vc_custom_1614083821972{background-color: #1226aa !important;}\u00a0\u00bb el_class=\u00a0\u00bbCOPYWHITE\u00a0\u00bb][vc_column][vc_empty_space height=\u00a0\u00bb100px\u00a0\u00bb][vc_empty_space height=\u00a0\u00bb100px\u00a0\u00bb el_class=\u00a0\u00bbmobile-hidden\u00a0\u00bb][vc_column_text el_class=\u00a0\u00bbcontrolled-h1&Prime;] \u00c9nergie \u00e9olienne [\/vc_column_text][vc_empty_space height=\u00a0\u00bb100px\u00a0\u00bb][vc_empty_space height=\u00a0\u00bb100px\u00a0\u00bb el_class=\u00a0\u00bbmobile-hidden\u00a0\u00bb][\/vc_column][\/vc_row][vc_row row_type=\u00a0\u00bbrow\u00a0\u00bb use_row_as_full_screen_section=\u00a0\u00bbno\u00a0\u00bb type=\u00a0\u00bbgrid\u00a0\u00bb text_align=\u00a0\u00bbleft\u00a0\u00bb background_animation=\u00a0\u00bbnone\u00a0\u00bb padding_top=\u00a0\u00bb80&Prime; padding_bottom=\u00a0\u00bb80&Prime; css_animation=\u00a0\u00bb\u00a0\u00bb][vc_column width=\u00a0\u00bb1\/2&Prime;][vc_column_text] Emplacement de choix [\/vc_column_text][vc_empty_space height=\u00a0\u00bb20px\u00a0\u00bb][vc_column_text]Les p\u00f4les de comp\u00e9titivit\u00e9 en mati\u00e8re d\u2019\u00e9nergies renouvelables&#8230;<\/p>\n","protected":false},"author":1,"featured_media":0,"parent":1832,"menu_order":0,"comment_status":"closed","ping_status":"closed","template":"full_width.php","meta":{"footnotes":""},"class_list":["post-4638","page","type-page","status-publish","hentry"],"_links":{"self":[{"href":"https:\/\/philippines.business\/fr\/wp-json\/wp\/v2\/pages\/4638","targetHints":{"allow":["GET"]}}],"collection":[{"href":"https:\/\/philippines.business\/fr\/wp-json\/wp\/v2\/pages"}],"about":[{"href":"https:\/\/philippines.business\/fr\/wp-json\/wp\/v2\/types\/page"}],"author":[{"embeddable":true,"href":"https:\/\/philippines.business\/fr\/wp-json\/wp\/v2\/users\/1"}],"replies":[{"embeddable":true,"href":"https:\/\/philippines.business\/fr\/wp-json\/wp\/v2\/comments?post=4638"}],"version-history":[{"count":5,"href":"https:\/\/philippines.business\/fr\/wp-json\/wp\/v2\/pages\/4638\/revisions"}],"predecessor-version":[{"id":7254,"href":"https:\/\/philippines.business\/fr\/wp-json\/wp\/v2\/pages\/4638\/revisions\/7254"}],"up":[{"embeddable":true,"href":"https:\/\/philippines.business\/fr\/wp-json\/wp\/v2\/pages\/1832"}],"wp:attachment":[{"href":"https:\/\/philippines.business\/fr\/wp-json\/wp\/v2\/media?parent=4638"}],"curies":[{"name":"wp","href":"https:\/\/api.w.org\/{rel}","templated":true}]}}