{"id":4634,"date":"2021-01-26T12:34:08","date_gmt":"2021-01-26T12:34:08","guid":{"rendered":"https:\/\/philippines.business\/secteurs-industriels\/electromenager\/"},"modified":"2021-02-22T11:06:53","modified_gmt":"2021-02-22T11:06:53","slug":"electromenager","status":"publish","type":"page","link":"https:\/\/philippines.business\/fr\/secteurs-industriels\/electromenager\/","title":{"rendered":"\u00c9lectrom\u00e9nager"},"content":{"rendered":"<p>[vc_row row_type=\u00a0\u00bbrow\u00a0\u00bb use_row_as_full_screen_section=\u00a0\u00bbno\u00a0\u00bb type=\u00a0\u00bbfull_width\u00a0\u00bb text_align=\u00a0\u00bbcenter\u00a0\u00bb background_image=\u00a0\u00bb6521&Prime; background_animation=\u00a0\u00bbnone\u00a0\u00bb padding_top=\u00a0\u00bb0&Prime; padding_bottom=\u00a0\u00bb0&Prime; css_animation=\u00a0\u00bb\u00a0\u00bb css=\u00a0\u00bb.vc_custom_1613991995841{background-color: #1226aa !important;}\u00a0\u00bb el_class=\u00a0\u00bbCOPYWHITE\u00a0\u00bb][vc_column][vc_empty_space height=\u00a0\u00bb100px\u00a0\u00bb][vc_empty_space height=\u00a0\u00bb100px\u00a0\u00bb el_class=\u00a0\u00bbmobile-hidden\u00a0\u00bb][vc_column_text el_class=\u00a0\u00bbcontrolled-h1&Prime;]<\/p>\n<h1>\u00c9lectrom\u00e9nager<\/h1>\n<p>[\/vc_column_text][vc_empty_space height=\u00a0\u00bb100px\u00a0\u00bb][vc_empty_space height=\u00a0\u00bb100px\u00a0\u00bb el_class=\u00a0\u00bbmobile-hidden\u00a0\u00bb][\/vc_column][\/vc_row][vc_row row_type=\u00a0\u00bbrow\u00a0\u00bb use_row_as_full_screen_section=\u00a0\u00bbno\u00a0\u00bb type=\u00a0\u00bbgrid\u00a0\u00bb text_align=\u00a0\u00bbleft\u00a0\u00bb background_animation=\u00a0\u00bbnone\u00a0\u00bb padding_top=\u00a0\u00bb80&Prime; padding_bottom=\u00a0\u00bb80&Prime; css_animation=\u00a0\u00bb\u00a0\u00bb][vc_column width=\u00a0\u00bb1\/2&Prime;][vc_column_text]<\/p>\n<h3><span style=\"font-style: normal;\">Demande des consommateurs<\/span><\/h3>\n<p>[\/vc_column_text][vc_empty_space height=\u00a0\u00bb20px\u00a0\u00bb][vc_column_text]Des r\u00e9frig\u00e9rateurs aux t\u00e9l\u00e9visions, des climatiseurs aux machines \u00e0 laver, le pouvoir d\u2019achat philippin dans le domaine des appareils m\u00e9nagers est consid\u00e9rable. Sa croissance ne devrait qu\u2019augmenter si l\u2019on tient compte du niveau des revenus disponibles. [\/vc_column_text][vc_empty_space height=\u00a0\u00bb40px\u00a0\u00bb][vc_column_text]<\/p>\n<h3><span style=\"font-style: normal;\">Un potentiel \u00e9lev\u00e9 <\/span><\/h3>\n<p>[\/vc_column_text][vc_empty_space height=\u00a0\u00bb20px\u00a0\u00bb][vc_column_text]Notre classe moyenne urbaine croissante est en voie de devenir plus exigeante avec une demande tout aussi croissante pour des appareils de plus grande capacit\u00e9, \u00e9quip\u00e9s de plus de fonctionnalit\u00e9s, et des technologies de pointe. [\/vc_column_text][vc_empty_space height=\u00a0\u00bb40px\u00a0\u00bb][vc_column_text]<\/p>\n<h3>Des liens industriels<\/h3>\n<p>[\/vc_column_text][vc_empty_space height=\u00a0\u00bb20px\u00a0\u00bb][vc_column_text]Les investisseurs industriels aux Philippines b\u00e9n\u00e9ficient de l\u2019externalisation de l\u2019ing\u00e9nierie dans notre secteur IT-BPM pour lequel nous tenons la place de chef de file sur le march\u00e9, ainsi que d\u2019autres industries d\u00e9di\u00e9es au d\u00e9coupage et au moulage, notamment les moules et matrices servant \u00e0 la fabrication et \u00e0 la conception de produits.[\/vc_column_text][vc_empty_space height=\u00a0\u00bb20px\u00a0\u00bb][\/vc_column][vc_column width=\u00a0\u00bb1\/2&Prime;][vc_single_image image=\u00a0\u00bb6531&Prime; img_size=\u00a0\u00bbfull\u00a0\u00bb qode_css_animation=\u00a0\u00bb\u00a0\u00bb][\/vc_column][\/vc_row][vc_row row_type=\u00a0\u00bbrow\u00a0\u00bb use_row_as_full_screen_section=\u00a0\u00bbno\u00a0\u00bb type=\u00a0\u00bbgrid\u00a0\u00bb text_align=\u00a0\u00bbcenter\u00a0\u00bb background_animation=\u00a0\u00bbnone\u00a0\u00bb padding_top=\u00a0\u00bb80&Prime; padding_bottom=\u00a0\u00bb40&Prime; css_animation=\u00a0\u00bb\u00a0\u00bb css=\u00a0\u00bb.vc_custom_1591625660923{background-color: #1226AA !important;}\u00a0\u00bb el_class=\u00a0\u00bbCOPYWHITE\u00a0\u00bb][vc_column][vc_column_text]<\/p>\n<h2>Chiffres cl\u00e9s<\/h2>\n<p>[\/vc_column_text][\/vc_column][\/vc_row][vc_row row_type=\u00a0\u00bbrow\u00a0\u00bb use_row_as_full_screen_section=\u00a0\u00bbno\u00a0\u00bb type=\u00a0\u00bbgrid\u00a0\u00bb text_align=\u00a0\u00bbleft\u00a0\u00bb background_animation=\u00a0\u00bbnone\u00a0\u00bb padding_top=\u00a0\u00bb40&Prime; padding_bottom=\u00a0\u00bb100&Prime; css_animation=\u00a0\u00bb\u00a0\u00bb css=\u00a0\u00bb.vc_custom_1591628046818{background-color: #1226AA !important;}\u00a0\u00bb el_class=\u00a0\u00bbCOPYWHITE\u00a0\u00bb][vc_column width=\u00a0\u00bb1\/4&Prime;]<div class='q_icon_with_title very_large normal_icon center'><div class=\"icon_holder q_icon_animation\" style=\" transition-delay: 100ms; -webkit-transition-delay: 100ms; -moz-transition-delay: 100ms; -o-transition-delay: 100ms;\"><div class=\"icon_holder_inner\"><span style=\"color: #ffffff;\" class=\"q_font_awsome_icon fa-5x \"><i class=\"icon_text_icon fa fa-spinner\"><\/i><\/span><\/div><\/div><div class=\"icon_text_holder\" style=\"\"><div class=\"icon_text_inner\" style=\"\"><h2 class=\"icon_title\" style=\"color: #ffffff\">&gt; 840 000<\/h2><p style=''>ventilateurs \u00e9lectriques produits chaque ann\u00e9e<\/p><\/div><\/div><\/div>[\/vc_column][vc_column width=\u00a0\u00bb1\/4&Prime;]<div class='q_icon_with_title very_large normal_icon center'><div class=\"icon_holder q_icon_animation\" style=\" transition-delay: 200ms; -webkit-transition-delay: 200ms; -moz-transition-delay: 200ms; -o-transition-delay: 200ms;\"><div class=\"icon_holder_inner\"><span style=\"color: #ffffff;\" class=\"q_font_awsome_icon fa-5x \"><i class=\"icon_text_icon fa fa-thermometer-half\"><\/i><\/span><\/div><\/div><div class=\"icon_text_holder\" style=\"\"><div class=\"icon_text_inner\" style=\"\"><h2 class=\"icon_title\" style=\"color: #ffffff\">&gt; 550 000<\/h2><p style=''>r\u00e9frig\u00e9rateurs produits chaque ann\u00e9e<\/p><\/div><\/div><\/div>[\/vc_column][vc_column width=\u00a0\u00bb1\/4&Prime;]<div class='q_icon_with_title very_large normal_icon center'><div class=\"icon_holder q_icon_animation\" style=\" transition-delay: 300ms; -webkit-transition-delay: 300ms; -moz-transition-delay: 300ms; -o-transition-delay: 300ms;\"><div class=\"icon_holder_inner\"><span style=\"color: #ffffff;\" class=\"q_font_awsome_icon fa-5x \"><i class=\"icon_text_icon fa fa-refresh\"><\/i><\/span><\/div><\/div><div class=\"icon_text_holder\" style=\"\"><div class=\"icon_text_inner\" style=\"\"><h2 class=\"icon_title\" style=\"color: #ffffff\">&gt; 850 000<\/h2><p style=''>machines \u00e0 laver produites chaque ann\u00e9e<\/p><\/div><\/div><\/div>[\/vc_column][vc_column width=\u00a0\u00bb1\/4&Prime;]<div class='q_icon_with_title very_large normal_icon center'><div class=\"icon_holder q_icon_animation\" style=\" transition-delay: 400ms; -webkit-transition-delay: 400ms; -moz-transition-delay: 400ms; -o-transition-delay: 400ms;\"><div class=\"icon_holder_inner\"><span style=\"color: #ffffff;\" class=\"q_font_awsome_icon fa-5x \"><i class=\"icon_text_icon fa fa-exchange\"><\/i><\/span><\/div><\/div><div class=\"icon_text_holder\" style=\"\"><div class=\"icon_text_inner\" style=\"\"><h2 class=\"icon_title\" style=\"color: #ffffff\">&gt; 500 000<\/h2><p style=''>climatiseurs de fen\u00eatre produits chaque ann\u00e9e<\/p><\/div><\/div><\/div>[\/vc_column][\/vc_row][vc_row row_type=\u00a0\u00bbrow\u00a0\u00bb use_row_as_full_screen_section=\u00a0\u00bbno\u00a0\u00bb type=\u00a0\u00bbgrid\u00a0\u00bb text_align=\u00a0\u00bbleft\u00a0\u00bb background_animation=\u00a0\u00bbnone\u00a0\u00bb padding_top=\u00a0\u00bb60&Prime; padding_bottom=\u00a0\u00bb60&Prime; css_animation=\u00a0\u00bb\u00a0\u00bb][vc_column width=\u00a0\u00bb1\/3&Prime;][\/vc_column][vc_column width=\u00a0\u00bb2\/3&Prime;][vc_column_text]<\/p>\n<h3>INDUSTRIE DE L\u2019\u00c9LECTROM\u00c9NAGER &#8211; R\u00c9SUM\u00c9<\/h3>\n<p>[\/vc_column_text][vc_empty_space height=\u00a0\u00bb20px\u00a0\u00bb][vc_column_text]Non seulement les Philippines jouissent d\u2019une des \u00e9conomies les plus dynamiques de la r\u00e9gion Asie-Pacifique, mais elles connaissent aussi une forte croissance d\u00e9mographique. Ainsi, la hausse des revenus r\u00e9els ne peut qu\u2019accro\u00eetre la demande des consommateurs. Bien que la plupart de nos appareils \u00e9lectrom\u00e9nagers haut de gamme soient encore import\u00e9s du Japon ou de la Cor\u00e9e, nos consommateurs, et leurs exigences \u00e9voluent.<\/p>\n<p>Il y a l\u00e0 une r\u00e9elle opportunit\u00e9 \u00e0 saisir pour les investisseurs d\u00e9sireux de red\u00e9finir le march\u00e9 philippin, tant au niveau de la demande nationale qu\u2019\u00e0 l\u2019exportation.<\/p>\n<p>Les grands du secteur n\u2019ont d\u2019ailleurs pas attendu, et les marques japonaises tiennent une place importante sur le march\u00e9 avec la pr\u00e9sence de Sharp, Panasonic et Hitachi.<\/p>\n<p>En 2016, Dyson a choisi les Philippines pour son site de fabrication de pointe.<\/p>\n<p>Avec un hub \u00e0 Singapour, le site Dyson situ\u00e9 \u00e0 l\u2019ext\u00e9rieur de Manille permet de r\u00e9pondre \u00e0 la demande mondiale pour ses appareils haut de gamme et de servir de centre mondial d\u2019excellence en fabrication.[\/vc_column_text][\/vc_column][\/vc_row][vc_row row_type=\u00a0\u00bbrow\u00a0\u00bb use_row_as_full_screen_section=\u00a0\u00bbno\u00a0\u00bb type=\u00a0\u00bbfull_width\u00a0\u00bb text_align=\u00a0\u00bbcenter\u00a0\u00bb background_animation=\u00a0\u00bbnone\u00a0\u00bb padding_top=\u00a0\u00bb160&Prime; padding_bottom=\u00a0\u00bb160&Prime; css_animation=\u00a0\u00bb\u00a0\u00bb][vc_column][vc_column_text]<\/p>\n<div class=\"wpb_text_column wpb_content_element \">\n<div class=\"wpb_wrapper\">\n<h2>Vous souhaitez \u00e9changer avec un conseiller ?<\/h2>\n<\/div>\n<\/div>\n<p>[\/vc_column_text][vc_empty_space height=\u00a0\u00bb40px\u00a0\u00bb][vc_column_text]<\/p>\n<div class=\"wpb_text_column wpb_content_element \">\n<div class=\"wpb_wrapper\">\n<h4 class=\"p1\">Demandez d\u00e8s maintenant une consultation gratuite avec l\u2019un de nos sp\u00e9cialistes en placement.<\/h4>\n<\/div>\n<\/div>\n<p>[\/vc_column_text][vc_empty_space height=\u00a0\u00bb40px\u00a0\u00bb]<a href=\"\/fr\/nous-contacter\/\" target=\"_self\"  class=\"qbutton  large\" style=\"\">NOUS CONTACTER<\/a>[\/vc_column][\/vc_row]<\/p>\n","protected":false},"excerpt":{"rendered":"<p>[vc_row row_type=\u00a0\u00bbrow\u00a0\u00bb use_row_as_full_screen_section=\u00a0\u00bbno\u00a0\u00bb type=\u00a0\u00bbfull_width\u00a0\u00bb text_align=\u00a0\u00bbcenter\u00a0\u00bb background_image=\u00a0\u00bb6521&Prime; background_animation=\u00a0\u00bbnone\u00a0\u00bb padding_top=\u00a0\u00bb0&Prime; padding_bottom=\u00a0\u00bb0&Prime; css_animation=\u00a0\u00bb\u00a0\u00bb css=\u00a0\u00bb.vc_custom_1613991995841{background-color: #1226aa !important;}\u00a0\u00bb el_class=\u00a0\u00bbCOPYWHITE\u00a0\u00bb][vc_column][vc_empty_space height=\u00a0\u00bb100px\u00a0\u00bb][vc_empty_space height=\u00a0\u00bb100px\u00a0\u00bb el_class=\u00a0\u00bbmobile-hidden\u00a0\u00bb][vc_column_text el_class=\u00a0\u00bbcontrolled-h1&Prime;] \u00c9lectrom\u00e9nager [\/vc_column_text][vc_empty_space height=\u00a0\u00bb100px\u00a0\u00bb][vc_empty_space height=\u00a0\u00bb100px\u00a0\u00bb el_class=\u00a0\u00bbmobile-hidden\u00a0\u00bb][\/vc_column][\/vc_row][vc_row row_type=\u00a0\u00bbrow\u00a0\u00bb use_row_as_full_screen_section=\u00a0\u00bbno\u00a0\u00bb type=\u00a0\u00bbgrid\u00a0\u00bb text_align=\u00a0\u00bbleft\u00a0\u00bb background_animation=\u00a0\u00bbnone\u00a0\u00bb padding_top=\u00a0\u00bb80&Prime; padding_bottom=\u00a0\u00bb80&Prime; css_animation=\u00a0\u00bb\u00a0\u00bb][vc_column width=\u00a0\u00bb1\/2&Prime;][vc_column_text] Demande des consommateurs [\/vc_column_text][vc_empty_space height=\u00a0\u00bb20px\u00a0\u00bb][vc_column_text]Des r\u00e9frig\u00e9rateurs aux t\u00e9l\u00e9visions, des climatiseurs aux machines \u00e0&#8230;<\/p>\n","protected":false},"author":1,"featured_media":0,"parent":1832,"menu_order":0,"comment_status":"closed","ping_status":"closed","template":"full_width.php","meta":{"footnotes":""},"class_list":["post-4634","page","type-page","status-publish","hentry"],"_links":{"self":[{"href":"https:\/\/philippines.business\/fr\/wp-json\/wp\/v2\/pages\/4634","targetHints":{"allow":["GET"]}}],"collection":[{"href":"https:\/\/philippines.business\/fr\/wp-json\/wp\/v2\/pages"}],"about":[{"href":"https:\/\/philippines.business\/fr\/wp-json\/wp\/v2\/types\/page"}],"author":[{"embeddable":true,"href":"https:\/\/philippines.business\/fr\/wp-json\/wp\/v2\/users\/1"}],"replies":[{"embeddable":true,"href":"https:\/\/philippines.business\/fr\/wp-json\/wp\/v2\/comments?post=4634"}],"version-history":[{"count":6,"href":"https:\/\/philippines.business\/fr\/wp-json\/wp\/v2\/pages\/4634\/revisions"}],"predecessor-version":[{"id":6539,"href":"https:\/\/philippines.business\/fr\/wp-json\/wp\/v2\/pages\/4634\/revisions\/6539"}],"up":[{"embeddable":true,"href":"https:\/\/philippines.business\/fr\/wp-json\/wp\/v2\/pages\/1832"}],"wp:attachment":[{"href":"https:\/\/philippines.business\/fr\/wp-json\/wp\/v2\/media?parent=4634"}],"curies":[{"name":"wp","href":"https:\/\/api.w.org\/{rel}","templated":true}]}}