{"id":1930,"date":"2020-07-10T18:49:15","date_gmt":"2020-07-10T17:49:15","guid":{"rendered":"https:\/\/philippines.business\/set-up-a-business\/visas-and-immigration\/"},"modified":"2020-11-23T18:00:53","modified_gmt":"2020-11-23T18:00:53","slug":"visas-et-immigration","status":"publish","type":"page","link":"https:\/\/philippines.business\/fr\/demarrer-une-activite\/visas-et-immigration\/","title":{"rendered":"Visas et immigration"},"content":{"rendered":"<p>[vc_row row_type=\u00a0\u00bbrow\u00a0\u00bb use_row_as_full_screen_section=\u00a0\u00bbno\u00a0\u00bb type=\u00a0\u00bbfull_width\u00a0\u00bb text_align=\u00a0\u00bbcenter\u00a0\u00bb background_animation=\u00a0\u00bbnone\u00a0\u00bb padding_top=\u00a0\u00bb0&Prime; padding_bottom=\u00a0\u00bb0&Prime; css_animation=\u00a0\u00bb\u00a0\u00bb css=\u00a0\u00bb.vc_custom_1593544462168{background-color: #1226AA !important;}\u00a0\u00bb el_class=\u00a0\u00bbCOPYWHITE\u00a0\u00bb][vc_column][vc_empty_space height=\u00a0\u00bb100px\u00a0\u00bb][vc_empty_space height=\u00a0\u00bb100px\u00a0\u00bb el_class=\u00a0\u00bbmobile-hidden\u00a0\u00bb][vc_column_text el_class=\u00a0\u00bbcontrolled-h1&Prime;]<\/p>\n<h1>Visas et immigration<\/h1>\n<p>[\/vc_column_text][vc_empty_space height=\u00a0\u00bb100px\u00a0\u00bb][vc_empty_space height=\u00a0\u00bb100px\u00a0\u00bb el_class=\u00a0\u00bbmobile-hidden\u00a0\u00bb][\/vc_column][\/vc_row][vc_row row_type=\u00a0\u00bbrow\u00a0\u00bb use_row_as_full_screen_section=\u00a0\u00bbno\u00a0\u00bb type=\u00a0\u00bbgrid\u00a0\u00bb text_align=\u00a0\u00bbleft\u00a0\u00bb background_animation=\u00a0\u00bbnone\u00a0\u00bb padding_top=\u00a0\u00bb0&Prime; padding_bottom=\u00a0\u00bb0&Prime; css_animation=\u00a0\u00bb\u00a0\u00bb][vc_column width=\u00a0\u00bb1\/2&Prime; el_class=\u00a0\u00bbmobile-fit\u00a0\u00bb][vc_empty_space height=\u00a0\u00bb40px\u00a0\u00bb][vc_empty_space height=\u00a0\u00bb40px\u00a0\u00bb el_class=\u00a0\u00bbmobile-hidden\u00a0\u00bb][vc_column_text]<span style=\"font-weight: 400;\">Notre syst\u00e8me de visa et notre politique d\u2019immigration vous permettent de venir travailler et de vous installer avec facilit\u00e9 et rapidit\u00e9. Du s\u00e9jour sans visa limit\u00e9 \u00e0 30\u00a0jours aux s\u00e9jours de travail pour les ressortissants \u00e9trangers, nous avons tout pr\u00e9vu.<\/span>[\/vc_column_text][vc_empty_space height=\u00a0\u00bb40px\u00a0\u00bb el_class=\u00a0\u00bbmobile-hidden\u00a0\u00bb][vc_column_text]<\/p>\n<h3>S\u00e9jours de courte dur\u00e9e<\/h3>\n<p class=\"p1\"><span style=\"font-weight: 400;\">Les voyageurs de la plupart des nationalit\u00e9s peuvent entrer aux Philippines sans visa et s\u00e9journer pendant 30\u00a0jours, une p\u00e9riode suffisante pour permettre aux potentiels investisseurs de venir rencontrer d\u2019\u00e9ventuels collaborateurs ou d\u2019\u00e9tudier les opportunit\u00e9s.<\/span><\/p>\n<p>[\/vc_column_text][vc_empty_space height=\u00a0\u00bb40px\u00a0\u00bb][vc_column_text]<\/p>\n<h3>S\u00e9jours longue dur\u00e9e<\/h3>\n<p class=\"p1\"><span style=\"font-weight: 400;\">Pendant que vous vous concentrez sur vos affaires professionnelles, nous nous chargeons de votre installation dans le pays. Pour cela, nous proposons les visas suivants\u00a0:<\/span><\/p>\n<ul>\n<li><strong>Permis de travail pour \u00e9trangers :<\/strong> vous pouvez travailler aux Philippines pendant que vous \u00eates en attente d\u2019un visa de travail ou de r\u00e9sident.<\/li>\n<li><strong>Visa r\u00e9sident sp\u00e9cial pour investisseurs :<\/strong> vous restez aussi longtemps que votre entreprise est enregistr\u00e9e aux Philippines.<\/li>\n<\/ul>\n<p class=\"p1\"><span style=\"font-weight: 400;\"><a href=\"https:\/\/philippines.business\/fr\/demarrer-une-activite\/recruter-une-main-doeuvre-qualifiee\/\">Votre entreprise profitera de la main-d\u2019\u0153uvre exceptionnelle des Philippines<\/a>, mais nous sommes conscients de la n\u00e9cessit\u00e9 d\u2019employer des ressortissants \u00e9trangers selon les comp\u00e9tences et l\u2019exp\u00e9rience requises par votre activit\u00e9, et c\u2019est pourquoi nous proposons plusieurs types de permis de travail :<\/span><\/p>\n<ul>\n<li><b>Autorisation provisoire de travail :<\/b> les entreprises peuvent employer des ressortissants \u00e9trangers dont les comp\u00e9tences et qualifications sont consid\u00e9r\u00e9es comme rares dans le pays.<\/li>\n<li><b>Visa non immigrant :<\/b> vous pouvez inviter des ressortissants \u00e9trangers \u00e0 venir travailler exclusivement dans votre entreprise et occuper des postes cl\u00e9s.<\/li>\n<\/ul>\n<p class=\"p1\"><span style=\"font-weight: 400;\">Nous d\u00e9tenons toute une s\u00e9rie de soci\u00e9t\u00e9s capables de vous aider et de vous conseiller dans le processus d\u2019obtention de visas, ainsi que des avocats \u00e0 disposition dont les noms vous seront communiqu\u00e9s par le<\/span><\/p>\n<p>[\/vc_column_text][vc_empty_space height=\u00a0\u00bb20px\u00a0\u00bb]<a href=\"http:\/\/www.immigration.gov.ph\/53-list-of-accredited-entities\/351-accredited-law-offices\" target=\"_blank\" data-hover-background-color=#c02d24 data-hover-border-color=#c02d24  class=\"qbutton  qbutton_with_icon\" style=\"border-color: #d8d8d8; background-color: #d8d8d8;\">Bureau de l\u2019immigration<i class=\"button_icon  fa fa-external-link\" style=\"\"><\/i><\/a>[vc_empty_space height=\u00a0\u00bb40px\u00a0\u00bb][vc_column_text]<\/p>\n<h3>Mode de vie<\/h3>\n<p><span style=\"font-weight: 400;\">Les Philippines, situ\u00e9es au c\u0153ur de l\u2019Asie du Sud-Est, vous promettent une qualit\u00e9 de vie exceptionnelle. Nos \u00eeles offrent une diversit\u00e9 \u00e9tourdissante avec des villes cosmopolites, des plages paradisiaques et des for\u00eats tropicales. <\/span><\/p>\n<p><span style=\"font-weight: 400;\">Un charme confirm\u00e9 par l\u2019hospitalit\u00e9 de notre population qui ne cesse d\u2019attirer les entreprises du monde entier. En outre, nos nombreuses \u00e9coles internationales de renomm\u00e9e assurent \u00e0 votre famille la meilleure \u00e9ducation possible.<br \/>\n<\/span>[\/vc_column_text][vc_empty_space height=\u00a0\u00bb60px\u00a0\u00bb][\/vc_column][vc_column width=\u00a0\u00bb1\/2&Prime;][\/vc_column][\/vc_row][vc_row row_type=\u00a0\u00bbrow\u00a0\u00bb use_row_as_full_screen_section=\u00a0\u00bbno\u00a0\u00bb type=\u00a0\u00bbgrid\u00a0\u00bb text_align=\u00a0\u00bbcenter\u00a0\u00bb background_animation=\u00a0\u00bbnone\u00a0\u00bb padding_top=\u00a0\u00bb80&Prime; padding_bottom=\u00a0\u00bb80&Prime; css_animation=\u00a0\u00bb\u00a0\u00bb el_class=\u00a0\u00bbCOPYWHITE\u00a0\u00bb css=\u00a0\u00bb.vc_custom_1592818445507{background-color: #1226AA !important;}\u00a0\u00bb][vc_column width=\u00a0\u00bb2\/3&Prime;][vc_empty_space][vc_column_text]<\/p>\n<h4>Vous souhaitez recevoir des informations sur la cr\u00e9ation d\u2019une entreprise aux Philippines\u00a0?<\/h4>\n<p>[\/vc_column_text][vc_empty_space][\/vc_column][vc_column width=\u00a0\u00bb1\/3&Prime;][vc_empty_space]<a href=\"\/fr\/demarrer-une-activite\/#Guidance\" target=\"_self\" data-hover-background-color=#1226aa data-hover-border-color=#1226aa data-hover-color=#ffffff class=\"qbutton  large move_icon qbutton_with_icon\" style=\"color: #1226aa; border-color: #ffffff; background-color: #ffffff;\">OBTENIR PLUS DE CONSEILS<i class=\"button_icon  fa fa-arrow-right\" style=\"\"><\/i><\/a>[vc_empty_space][\/vc_column][\/vc_row][vc_row row_type=\u00a0\u00bbrow\u00a0\u00bb use_row_as_full_screen_section=\u00a0\u00bbno\u00a0\u00bb type=\u00a0\u00bbgrid\u00a0\u00bb text_align=\u00a0\u00bbcenter\u00a0\u00bb background_animation=\u00a0\u00bbnone\u00a0\u00bb padding_top=\u00a0\u00bb0&Prime; padding_bottom=\u00a0\u00bb0&Prime; css_animation=\u00a0\u00bb\u00a0\u00bb][vc_column][vc_empty_space height=\u00a0\u00bb40px\u00a0\u00bb][vc_empty_space height=\u00a0\u00bb120px\u00a0\u00bb el_class=\u00a0\u00bbmobile-hidden\u00a0\u00bb][vc_column_text]<\/p>\n<h2>VOUS SOUHAITEZ \u00c9CHANGER AVEC UN CONSEILLER\u00a0?<\/h2>\n<p>[\/vc_column_text][vc_empty_space height=\u00a0\u00bb40px\u00a0\u00bb][vc_column_text]<\/p>\n<h4 class=\"p1\">Demandez d\u00e8s maintenant une consultation gratuite avec l\u2019un de nos sp\u00e9cialistes en placement.<\/h4>\n<p>[\/vc_column_text][vc_empty_space height=\u00a0\u00bb40px\u00a0\u00bb]<a href=\"\/fr\/nous-contacter\/\" target=\"_self\"  class=\"qbutton  large\" style=\"\">NOUS CONTACTER<\/a>[vc_empty_space height=\u00a0\u00bb40px\u00a0\u00bb][vc_empty_space height=\u00a0\u00bb120px\u00a0\u00bb el_class=\u00a0\u00bbmobile-hidden\u00a0\u00bb][\/vc_column][\/vc_row]<\/p>\n","protected":false},"excerpt":{"rendered":"<p>[vc_row row_type=\u00a0\u00bbrow\u00a0\u00bb use_row_as_full_screen_section=\u00a0\u00bbno\u00a0\u00bb type=\u00a0\u00bbfull_width\u00a0\u00bb text_align=\u00a0\u00bbcenter\u00a0\u00bb background_animation=\u00a0\u00bbnone\u00a0\u00bb padding_top=\u00a0\u00bb0&Prime; padding_bottom=\u00a0\u00bb0&Prime; css_animation=\u00a0\u00bb\u00a0\u00bb css=\u00a0\u00bb.vc_custom_1593544462168{background-color: #1226AA !important;}\u00a0\u00bb el_class=\u00a0\u00bbCOPYWHITE\u00a0\u00bb][vc_column][vc_empty_space height=\u00a0\u00bb100px\u00a0\u00bb][vc_empty_space height=\u00a0\u00bb100px\u00a0\u00bb el_class=\u00a0\u00bbmobile-hidden\u00a0\u00bb][vc_column_text el_class=\u00a0\u00bbcontrolled-h1&Prime;] Visas et immigration [\/vc_column_text][vc_empty_space height=\u00a0\u00bb100px\u00a0\u00bb][vc_empty_space height=\u00a0\u00bb100px\u00a0\u00bb el_class=\u00a0\u00bbmobile-hidden\u00a0\u00bb][\/vc_column][\/vc_row][vc_row row_type=\u00a0\u00bbrow\u00a0\u00bb use_row_as_full_screen_section=\u00a0\u00bbno\u00a0\u00bb type=\u00a0\u00bbgrid\u00a0\u00bb text_align=\u00a0\u00bbleft\u00a0\u00bb background_animation=\u00a0\u00bbnone\u00a0\u00bb padding_top=\u00a0\u00bb0&Prime; padding_bottom=\u00a0\u00bb0&Prime; css_animation=\u00a0\u00bb\u00a0\u00bb][vc_column width=\u00a0\u00bb1\/2&Prime; el_class=\u00a0\u00bbmobile-fit\u00a0\u00bb][vc_empty_space height=\u00a0\u00bb40px\u00a0\u00bb][vc_empty_space height=\u00a0\u00bb40px\u00a0\u00bb el_class=\u00a0\u00bbmobile-hidden\u00a0\u00bb][vc_column_text]Notre syst\u00e8me de visa et notre politique d\u2019immigration vous&#8230;<\/p>\n","protected":false},"author":1,"featured_media":0,"parent":1918,"menu_order":0,"comment_status":"closed","ping_status":"closed","template":"full_width.php","meta":{"footnotes":""},"class_list":["post-1930","page","type-page","status-publish","hentry"],"_links":{"self":[{"href":"https:\/\/philippines.business\/fr\/wp-json\/wp\/v2\/pages\/1930","targetHints":{"allow":["GET"]}}],"collection":[{"href":"https:\/\/philippines.business\/fr\/wp-json\/wp\/v2\/pages"}],"about":[{"href":"https:\/\/philippines.business\/fr\/wp-json\/wp\/v2\/types\/page"}],"author":[{"embeddable":true,"href":"https:\/\/philippines.business\/fr\/wp-json\/wp\/v2\/users\/1"}],"replies":[{"embeddable":true,"href":"https:\/\/philippines.business\/fr\/wp-json\/wp\/v2\/comments?post=1930"}],"version-history":[{"count":6,"href":"https:\/\/philippines.business\/fr\/wp-json\/wp\/v2\/pages\/1930\/revisions"}],"predecessor-version":[{"id":3666,"href":"https:\/\/philippines.business\/fr\/wp-json\/wp\/v2\/pages\/1930\/revisions\/3666"}],"up":[{"embeddable":true,"href":"https:\/\/philippines.business\/fr\/wp-json\/wp\/v2\/pages\/1918"}],"wp:attachment":[{"href":"https:\/\/philippines.business\/fr\/wp-json\/wp\/v2\/media?parent=1930"}],"curies":[{"name":"wp","href":"https:\/\/api.w.org\/{rel}","templated":true}]}}