{"id":1928,"date":"2020-07-13T11:21:11","date_gmt":"2020-07-13T10:21:11","guid":{"rendered":"https:\/\/philippines.business\/set-up-a-business\/social-and-responsible-investment\/"},"modified":"2020-11-19T18:11:56","modified_gmt":"2020-11-19T18:11:56","slug":"investissement-socialement-responsable","status":"publish","type":"page","link":"https:\/\/philippines.business\/fr\/demarrer-une-activite\/investissement-socialement-responsable\/","title":{"rendered":"Investissement socialement responsable"},"content":{"rendered":"<p>[vc_row row_type=\u00a0\u00bbrow\u00a0\u00bb use_row_as_full_screen_section=\u00a0\u00bbno\u00a0\u00bb type=\u00a0\u00bbfull_width\u00a0\u00bb text_align=\u00a0\u00bbcenter\u00a0\u00bb background_animation=\u00a0\u00bbnone\u00a0\u00bb padding_top=\u00a0\u00bb0&Prime; padding_bottom=\u00a0\u00bb0&Prime; css_animation=\u00a0\u00bb\u00a0\u00bb css=\u00a0\u00bb.vc_custom_1593544462168{background-color: #1226AA !important;}\u00a0\u00bb el_class=\u00a0\u00bbCOPYWHITE\u00a0\u00bb][vc_column][vc_empty_space height=\u00a0\u00bb100px\u00a0\u00bb][vc_empty_space height=\u00a0\u00bb100px\u00a0\u00bb el_class=\u00a0\u00bbmobile-hidden\u00a0\u00bb][vc_column_text el_class=\u00a0\u00bbcontrolled-h1&Prime;]<\/p>\n<h1>Investissement socialement responsable<\/h1>\n<p>[\/vc_column_text][vc_empty_space height=\u00a0\u00bb100px\u00a0\u00bb][vc_empty_space height=\u00a0\u00bb100px\u00a0\u00bb el_class=\u00a0\u00bbmobile-hidden\u00a0\u00bb][\/vc_column][\/vc_row][vc_row row_type=\u00a0\u00bbrow\u00a0\u00bb use_row_as_full_screen_section=\u00a0\u00bbno\u00a0\u00bb type=\u00a0\u00bbgrid\u00a0\u00bb text_align=\u00a0\u00bbleft\u00a0\u00bb background_animation=\u00a0\u00bbnone\u00a0\u00bb padding_top=\u00a0\u00bb0&Prime; padding_bottom=\u00a0\u00bb0&Prime; css_animation=\u00a0\u00bb\u00a0\u00bb][vc_column width=\u00a0\u00bb1\/2&Prime; el_class=\u00a0\u00bbmobile-fit\u00a0\u00bb][vc_empty_space height=\u00a0\u00bb40px\u00a0\u00bb][vc_empty_space height=\u00a0\u00bb40px\u00a0\u00bb][vc_column_text]<span style=\"font-weight: 400;\">Engag\u00e9s \u00e0 dispenser un environnement favorable \u00e0 toutes les entreprises, peu importe leur secteur d\u2019activit\u00e9, nous avons mis en place des mesures incitatives int\u00e9ressantes et nous proposons diverses possibilit\u00e9s de d\u00e9veloppement pour attirer les entreprises les plus performantes. En outre, notre l\u00e9gislation prot\u00e8ge les investissements \u00e9trangers avec les assurances n\u00e9cessaires pour garantir la s\u00e9curit\u00e9 de votre entreprise aux Philippines.<br \/>\n<\/span>[\/vc_column_text][vc_empty_space height=\u00a0\u00bb40px\u00a0\u00bb el_class=\u00a0\u00bbmobile-hidden\u00a0\u00bb][vc_column_text]<\/p>\n<h3>Projets bas\u00e9s dans des r\u00e9gions moins d\u00e9velopp\u00e9es<\/h3>\n<p class=\"p1\"><span style=\"font-weight: 400;\">Pour les entreprises qui installent des infrastructures ou des installations qui profiteront aux communaut\u00e9s locales des r\u00e9gions moins d\u00e9velopp\u00e9es.<br \/>\n<\/span><\/p>\n<p>[\/vc_column_text][vc_empty_space height=\u00a0\u00bb40px\u00a0\u00bb][vc_column_text]<\/p>\n<h3>Projets d\u00e9di\u00e9s \u00e0 l\u2019environnement et au changement climatique<\/h3>\n<p class=\"p1\"><span style=\"font-weight: 400;\">Pour les entreprises cherchant \u00e0 am\u00e9liorer le rendement \u00e9nerg\u00e9tique, qui utilisent les ressources naturelles et s\u2019efforcent de r\u00e9duire leurs \u00e9missions de CO<sub>2<\/sub> et gaz \u00e0 effet de serre. Les projets de production d\u2019\u00e9lectricit\u00e9 peuvent \u00e9galement b\u00e9n\u00e9ficier du soutien de l\u2019\u00c9tat, les entreprises utilisant des combustibles traditionnels et du gaz naturel \u00e9tant davantage aid\u00e9es.<\/span><\/p>\n<p>[\/vc_column_text][vc_empty_space height=\u00a0\u00bb40px\u00a0\u00bb][vc_column_text]<\/p>\n<h3>Projets de recherche et d\u00e9veloppement<\/h3>\n<p><span style=\"font-weight: 400;\">Pour les entreprises engag\u00e9es dans la recherche et le d\u00e9veloppement, y compris les essais cliniques et pharmaceutiques, et pour le d\u00e9veloppement de centres d\u2019excellence sp\u00e9cialis\u00e9s dans l\u2019enseignement et la formation technique.<\/span>[\/vc_column_text][vc_empty_space height=\u00a0\u00bb40px\u00a0\u00bb][vc_column_text]<\/p>\n<h3>Projets de technologies nouvelles et \u00e9mergentes<\/h3>\n<p><span style=\"font-weight: 400;\">Pour les entreprises qui axent leurs activit\u00e9s sur la pr\u00e9vention des catastrophes en d\u00e9veloppant, par exemple, des programmes de surveillance des risques ou des syst\u00e8mes de d\u00e9tection pr\u00e9coce. Elles b\u00e9n\u00e9ficient d\u2019une aide \u00e0 la R&amp;D octroy\u00e9e par le gouvernement.<\/span>[\/vc_column_text][vc_empty_space height=\u00a0\u00bb40px\u00a0\u00bb][vc_column_text]<\/p>\n<h3>Activit\u00e9s solidaires<\/h3>\n<p><span style=\"font-weight: 400;\">Pour les entreprises agricoles qui emploient beaucoup de femmes ou les entreprises de l\u2019agroalimentaire qui augmentent la productivit\u00e9 des agriculteurs et des p\u00eacheurs individuels.<\/span>[\/vc_column_text][vc_empty_space height=\u00a0\u00bb40px\u00a0\u00bb el_class=\u00a0\u00bbmobile-hidden\u00a0\u00bb][vc_column_text]<\/p>\n<h3>Conservation des ressources naturelles et produits de sant\u00e9 naturels<\/h3>\n<p><span style=\"font-weight: 400;\">Pour les entreprises qui cherchent \u00e0 \u00e9conomiser la main-d\u2019\u0153uvre et \u00e0 conserver les ressources naturelles, ainsi que celles qui encouragent la sant\u00e9 par les plantes. <\/span>[\/vc_column_text][vc_empty_space height=\u00a0\u00bb40px\u00a0\u00bb el_class=\u00a0\u00bbmobile-hidden\u00a0\u00bb][vc_empty_space height=\u00a0\u00bb40px\u00a0\u00bb el_class=\u00a0\u00bbmobile-hidden\u00a0\u00bb][\/vc_column][vc_column width=\u00a0\u00bb1\/2&Prime;][\/vc_column][\/vc_row][vc_row row_type=\u00a0\u00bbrow\u00a0\u00bb use_row_as_full_screen_section=\u00a0\u00bbno\u00a0\u00bb type=\u00a0\u00bbgrid\u00a0\u00bb text_align=\u00a0\u00bbcenter\u00a0\u00bb background_animation=\u00a0\u00bbnone\u00a0\u00bb padding_top=\u00a0\u00bb80&Prime; padding_bottom=\u00a0\u00bb80&Prime; css_animation=\u00a0\u00bb\u00a0\u00bb el_class=\u00a0\u00bbCOPYWHITE\u00a0\u00bb css=\u00a0\u00bb.vc_custom_1592818445507{background-color: #1226AA !important;}\u00a0\u00bb][vc_column width=\u00a0\u00bb2\/3&Prime;][vc_empty_space][vc_column_text]<\/p>\n<h4>Vous souhaitez recevoir des informations sur la cr\u00e9ation d\u2019une entreprise aux Philippines\u00a0?<\/h4>\n<p>[\/vc_column_text][vc_empty_space][\/vc_column][vc_column width=\u00a0\u00bb1\/3&Prime;][vc_empty_space]<a href=\"\/fr\/demarrer-une-activite\/#Guidance\" target=\"_self\" data-hover-background-color=#1226aa data-hover-border-color=#1226aa data-hover-color=#ffffff class=\"qbutton  large move_icon qbutton_with_icon\" style=\"color: #1226aa; border-color: #ffffff; background-color: #ffffff;\">OBTENIR PLUS DE CONSEILS<i class=\"button_icon  fa fa-arrow-right\" style=\"\"><\/i><\/a>[vc_empty_space][\/vc_column][\/vc_row][vc_row row_type=\u00a0\u00bbrow\u00a0\u00bb use_row_as_full_screen_section=\u00a0\u00bbno\u00a0\u00bb type=\u00a0\u00bbgrid\u00a0\u00bb text_align=\u00a0\u00bbcenter\u00a0\u00bb background_animation=\u00a0\u00bbnone\u00a0\u00bb padding_top=\u00a0\u00bb0&Prime; padding_bottom=\u00a0\u00bb0&Prime; css_animation=\u00a0\u00bb\u00a0\u00bb][vc_column][vc_empty_space height=\u00a0\u00bb40px\u00a0\u00bb][vc_empty_space height=\u00a0\u00bb120px\u00a0\u00bb el_class=\u00a0\u00bbmobile-hidden\u00a0\u00bb][vc_column_text]<\/p>\n<h2>VOUS SOUHAITEZ \u00c9CHANGER AVEC UN CONSEILLER\u00a0?<\/h2>\n<p>[\/vc_column_text][vc_empty_space height=\u00a0\u00bb40px\u00a0\u00bb][vc_column_text]<\/p>\n<h4 class=\"p1\">Demandez d\u00e8s maintenant une consultation gratuite avec l\u2019un de nos sp\u00e9cialistes en placement.<\/h4>\n<p>[\/vc_column_text][vc_empty_space height=\u00a0\u00bb40px\u00a0\u00bb]<a href=\"\/fr\/nous-contacter\/\" target=\"_self\"  class=\"qbutton  large\" style=\"\">NOUS CONTACTER<\/a>[vc_empty_space height=\u00a0\u00bb40px\u00a0\u00bb][vc_empty_space height=\u00a0\u00bb120px\u00a0\u00bb el_class=\u00a0\u00bbmobile-hidden\u00a0\u00bb][\/vc_column][\/vc_row]<\/p>\n","protected":false},"excerpt":{"rendered":"<p>[vc_row row_type=\u00a0\u00bbrow\u00a0\u00bb use_row_as_full_screen_section=\u00a0\u00bbno\u00a0\u00bb type=\u00a0\u00bbfull_width\u00a0\u00bb text_align=\u00a0\u00bbcenter\u00a0\u00bb background_animation=\u00a0\u00bbnone\u00a0\u00bb padding_top=\u00a0\u00bb0&Prime; padding_bottom=\u00a0\u00bb0&Prime; css_animation=\u00a0\u00bb\u00a0\u00bb css=\u00a0\u00bb.vc_custom_1593544462168{background-color: #1226AA !important;}\u00a0\u00bb el_class=\u00a0\u00bbCOPYWHITE\u00a0\u00bb][vc_column][vc_empty_space height=\u00a0\u00bb100px\u00a0\u00bb][vc_empty_space height=\u00a0\u00bb100px\u00a0\u00bb el_class=\u00a0\u00bbmobile-hidden\u00a0\u00bb][vc_column_text el_class=\u00a0\u00bbcontrolled-h1&Prime;] Investissement socialement responsable [\/vc_column_text][vc_empty_space height=\u00a0\u00bb100px\u00a0\u00bb][vc_empty_space height=\u00a0\u00bb100px\u00a0\u00bb el_class=\u00a0\u00bbmobile-hidden\u00a0\u00bb][\/vc_column][\/vc_row][vc_row row_type=\u00a0\u00bbrow\u00a0\u00bb use_row_as_full_screen_section=\u00a0\u00bbno\u00a0\u00bb type=\u00a0\u00bbgrid\u00a0\u00bb text_align=\u00a0\u00bbleft\u00a0\u00bb background_animation=\u00a0\u00bbnone\u00a0\u00bb padding_top=\u00a0\u00bb0&Prime; padding_bottom=\u00a0\u00bb0&Prime; css_animation=\u00a0\u00bb\u00a0\u00bb][vc_column width=\u00a0\u00bb1\/2&Prime; el_class=\u00a0\u00bbmobile-fit\u00a0\u00bb][vc_empty_space height=\u00a0\u00bb40px\u00a0\u00bb][vc_empty_space height=\u00a0\u00bb40px\u00a0\u00bb][vc_column_text]Engag\u00e9s \u00e0 dispenser un environnement favorable \u00e0 toutes les entreprises,&#8230;<\/p>\n","protected":false},"author":1,"featured_media":0,"parent":1918,"menu_order":0,"comment_status":"closed","ping_status":"closed","template":"full_width.php","meta":{"footnotes":""},"class_list":["post-1928","page","type-page","status-publish","hentry"],"_links":{"self":[{"href":"https:\/\/philippines.business\/fr\/wp-json\/wp\/v2\/pages\/1928","targetHints":{"allow":["GET"]}}],"collection":[{"href":"https:\/\/philippines.business\/fr\/wp-json\/wp\/v2\/pages"}],"about":[{"href":"https:\/\/philippines.business\/fr\/wp-json\/wp\/v2\/types\/page"}],"author":[{"embeddable":true,"href":"https:\/\/philippines.business\/fr\/wp-json\/wp\/v2\/users\/1"}],"replies":[{"embeddable":true,"href":"https:\/\/philippines.business\/fr\/wp-json\/wp\/v2\/comments?post=1928"}],"version-history":[{"count":6,"href":"https:\/\/philippines.business\/fr\/wp-json\/wp\/v2\/pages\/1928\/revisions"}],"predecessor-version":[{"id":3623,"href":"https:\/\/philippines.business\/fr\/wp-json\/wp\/v2\/pages\/1928\/revisions\/3623"}],"up":[{"embeddable":true,"href":"https:\/\/philippines.business\/fr\/wp-json\/wp\/v2\/pages\/1918"}],"wp:attachment":[{"href":"https:\/\/philippines.business\/fr\/wp-json\/wp\/v2\/media?parent=1928"}],"curies":[{"name":"wp","href":"https:\/\/api.w.org\/{rel}","templated":true}]}}