{"id":1925,"date":"2020-06-09T16:23:10","date_gmt":"2020-06-09T15:23:10","guid":{"rendered":"https:\/\/philippines.business\/set-up-a-business\/land-and-property\/"},"modified":"2020-10-12T16:23:10","modified_gmt":"2020-10-12T15:23:10","slug":"terres-et-proprietes","status":"publish","type":"page","link":"https:\/\/philippines.business\/fr\/demarrer-une-activite\/terres-et-proprietes\/","title":{"rendered":"Terres et propri\u00e9t\u00e9s"},"content":{"rendered":"<p>[vc_row row_type=\u00a0\u00bbrow\u00a0\u00bb use_row_as_full_screen_section=\u00a0\u00bbno\u00a0\u00bb type=\u00a0\u00bbfull_width\u00a0\u00bb text_align=\u00a0\u00bbcenter\u00a0\u00bb background_animation=\u00a0\u00bbnone\u00a0\u00bb padding_top=\u00a0\u00bb0&Prime; padding_bottom=\u00a0\u00bb0&Prime; css_animation=\u00a0\u00bb\u00a0\u00bb css=\u00a0\u00bb.vc_custom_1593544462168{background-color: #1226AA !important;}\u00a0\u00bb el_class=\u00a0\u00bbCOPYWHITE\u00a0\u00bb][vc_column][vc_empty_space height=\u00a0\u00bb100px\u00a0\u00bb][vc_empty_space height=\u00a0\u00bb100px\u00a0\u00bb el_class=\u00a0\u00bbmobile-hidden\u00a0\u00bb][vc_column_text el_class=\u00a0\u00bbcontrolled-h1&Prime;]<\/p>\n<h1>Terres et propri\u00e9t\u00e9s<\/h1>\n<p>[\/vc_column_text][vc_empty_space height=\u00a0\u00bb100px\u00a0\u00bb][vc_empty_space height=\u00a0\u00bb100px\u00a0\u00bb el_class=\u00a0\u00bbmobile-hidden\u00a0\u00bb][\/vc_column][\/vc_row][vc_row row_type=\u00a0\u00bbrow\u00a0\u00bb use_row_as_full_screen_section=\u00a0\u00bbno\u00a0\u00bb type=\u00a0\u00bbgrid\u00a0\u00bb text_align=\u00a0\u00bbleft\u00a0\u00bb background_animation=\u00a0\u00bbnone\u00a0\u00bb padding_top=\u00a0\u00bb0&Prime; padding_bottom=\u00a0\u00bb0&Prime; css_animation=\u00a0\u00bb\u00a0\u00bb][vc_column width=\u00a0\u00bb1\/2&Prime; el_class=\u00a0\u00bbmobile-fit\u00a0\u00bb][vc_empty_space height=\u00a0\u00bb20px\u00a0\u00bb][vc_empty_space height=\u00a0\u00bb40px\u00a0\u00bb][vc_column_text]<span style=\"font-weight: 400;\">Le secteur immobilier aux Philippines offre de nombreuses possibilit\u00e9s, que vous souhaitiez acheter ou louer. Vous \u00eates s\u00fbr de trouver la maison ou le terrain de vos r\u00eaves.<\/span>[\/vc_column_text][vc_empty_space height=\u00a0\u00bb40px\u00a0\u00bb el_class=\u00a0\u00bbmobile-hidden\u00a0\u00bb][vc_column_text]<\/p>\n<h3>Cr\u00e9dit-bail<\/h3>\n<p class=\"p1\"><span style=\"font-weight: 400;\">Les ressortissants \u00e9trangers sont autoris\u00e9s \u00e0 louer des terrains \u00e0 des fins professionnelles pour une dur\u00e9e maximale de 75\u00a0ans. Nous vous aidons \u00e0 trouver l\u2019emplacement id\u00e9al pour votre entreprise et \u00e0 garantir vos contrats de cr\u00e9dit-bail.<\/span><\/p>\n<p>[\/vc_column_text][vc_empty_space height=\u00a0\u00bb40px\u00a0\u00bb][vc_column_text]<\/p>\n<h3>Location<\/h3>\n<p class=\"p1\"><span style=\"font-weight: 400;\">Que vous cherchiez \u00e0 louer un espace de travail ou un logement, les Philippines proposent plusieurs options.<\/span><\/p>\n<p>[\/vc_column_text][vc_empty_space height=\u00a0\u00bb40px\u00a0\u00bb][vc_column_text]<\/p>\n<h3>Achat<\/h3>\n<p><span style=\"font-weight: 400;\">Pour les grandes entreprises souhaitant construire, les ressortissants \u00e9trangers sont autoris\u00e9s \u00e0 acqu\u00e9rir des terrains en enregistrant leur entreprise dans une soci\u00e9t\u00e9 par actions aux Philippines, avec un capital \u00e9tranger limit\u00e9 \u00e0 40\u00a0%.<\/span><\/p>\n<p><span style=\"font-weight: 400;\">Si les ressortissants \u00e9trangers ne peuvent pas poss\u00e9der de terrain, ils peuvent acheter des unit\u00e9s de condominium (appartements et bureaux) partout aux Philippines.<\/span>[\/vc_column_text][vc_empty_space height=\u00a0\u00bb20px\u00a0\u00bb]<a href=\"https:\/\/realestatedirectory.org.ph\/\" target=\"_blank\" data-hover-background-color=#c02d24 data-hover-border-color=#c02d24  class=\"qbutton  qbutton_with_icon\" style=\"border-color: #d8d8d8; background-color: #d8d8d8;\">Trouver des agents immobiliers aux Philippines<i class=\"button_icon  fa fa-external-link\" style=\"\"><\/i><\/a>[vc_empty_space height=\u00a0\u00bb60px\u00a0\u00bb][vc_column_text]<\/p>\n<h3>Am\u00e9nagement du territoire<\/h3>\n<p><span style=\"font-weight: 400;\">Les entreprises locales peuvent fournir une assistance sp\u00e9cialis\u00e9e aux entreprises int\u00e9ress\u00e9es par la r\u00e9alisation d\u2019\u00e9tudes de faisabilit\u00e9 ou cherchant des conseils sur le processus de planification.<\/span><\/p>\n<p><span style=\"font-weight: 400;\">Types de terrains disponibles<\/span><\/p>\n<ul>\n<li><span style=\"font-weight: 400;\">Terrains dans les zones \u00e9conomiques sp\u00e9ciales<\/span><\/li>\n<li><span style=\"font-weight: 400;\">Centres pour le d\u00e9veloppement des entreprises<\/span><\/li>\n<li><span style=\"font-weight: 400;\">Parcs industriels<\/span><\/li>\n<li><span style=\"font-weight: 400;\">Parcs et b\u00e2timents informatiques<\/span><\/li>\n<li><span style=\"font-weight: 400;\">Villes nouvelles<\/span><\/li>\n<li><span style=\"font-weight: 400;\">Agriculture<\/span><\/li>\n<li><span style=\"font-weight: 400;\"> Anciennes bases militaires<\/span><\/li>\n<\/ul>\n<p>[\/vc_column_text][vc_empty_space height=\u00a0\u00bb40px\u00a0\u00bb][vc_empty_space height=\u00a0\u00bb40px\u00a0\u00bb el_class=\u00a0\u00bbmobile-hidden\u00a0\u00bb][\/vc_column][vc_column width=\u00a0\u00bb1\/2&Prime;][\/vc_column][\/vc_row][vc_row row_type=\u00a0\u00bbrow\u00a0\u00bb use_row_as_full_screen_section=\u00a0\u00bbno\u00a0\u00bb type=\u00a0\u00bbgrid\u00a0\u00bb text_align=\u00a0\u00bbcenter\u00a0\u00bb background_animation=\u00a0\u00bbnone\u00a0\u00bb padding_top=\u00a0\u00bb80&Prime; padding_bottom=\u00a0\u00bb80&Prime; css_animation=\u00a0\u00bb\u00a0\u00bb el_class=\u00a0\u00bbCOPYWHITE\u00a0\u00bb css=\u00a0\u00bb.vc_custom_1592818445507{background-color: #1226AA !important;}\u00a0\u00bb][vc_column width=\u00a0\u00bb2\/3&Prime;][vc_empty_space][vc_column_text]<\/p>\n<h4>Vous souhaitez recevoir des informations sur la cr\u00e9ation d\u2019une entreprise aux Philippines\u00a0?<\/h4>\n<p>[\/vc_column_text][vc_empty_space][\/vc_column][vc_column width=\u00a0\u00bb1\/3&Prime;][vc_empty_space]<a href=\"\/fr\/demarrer-une-activite\/#Guidance\" target=\"_self\" data-hover-background-color=#1226aa data-hover-border-color=#1226aa data-hover-color=#ffffff class=\"qbutton  large move_icon qbutton_with_icon\" style=\"color: #1226aa; border-color: #ffffff; background-color: #ffffff;\">OBTENIR PLUS DE CONSEILS<i class=\"button_icon  fa fa-arrow-right\" style=\"\"><\/i><\/a>[vc_empty_space][\/vc_column][\/vc_row][vc_row row_type=\u00a0\u00bbrow\u00a0\u00bb use_row_as_full_screen_section=\u00a0\u00bbno\u00a0\u00bb type=\u00a0\u00bbgrid\u00a0\u00bb text_align=\u00a0\u00bbcenter\u00a0\u00bb background_animation=\u00a0\u00bbnone\u00a0\u00bb padding_top=\u00a0\u00bb0&Prime; padding_bottom=\u00a0\u00bb0&Prime; css_animation=\u00a0\u00bb\u00a0\u00bb][vc_column][vc_empty_space height=\u00a0\u00bb40px\u00a0\u00bb][vc_empty_space height=\u00a0\u00bb120px\u00a0\u00bb el_class=\u00a0\u00bbmobile-hidden\u00a0\u00bb][vc_column_text]<\/p>\n<h2>VOUS SOUHAITEZ \u00c9CHANGER AVEC UN CONSEILLER\u00a0?<\/h2>\n<p>[\/vc_column_text][vc_empty_space height=\u00a0\u00bb40px\u00a0\u00bb][vc_column_text]<\/p>\n<h4 class=\"p1\">Demandez d\u00e8s maintenant une consultation gratuite avec l\u2019un de nos sp\u00e9cialistes en placement.<\/h4>\n<p>[\/vc_column_text][vc_empty_space height=\u00a0\u00bb40px\u00a0\u00bb]<a href=\"\/fr\/nous-contacter\/\" target=\"_self\"  class=\"qbutton  large\" style=\"\">NOUS CONTACTER<\/a>[vc_empty_space height=\u00a0\u00bb40px\u00a0\u00bb][vc_empty_space height=\u00a0\u00bb120px\u00a0\u00bb el_class=\u00a0\u00bbmobile-hidden\u00a0\u00bb][\/vc_column][\/vc_row]<\/p>\n","protected":false},"excerpt":{"rendered":"<p>[vc_row row_type=\u00a0\u00bbrow\u00a0\u00bb use_row_as_full_screen_section=\u00a0\u00bbno\u00a0\u00bb type=\u00a0\u00bbfull_width\u00a0\u00bb text_align=\u00a0\u00bbcenter\u00a0\u00bb background_animation=\u00a0\u00bbnone\u00a0\u00bb padding_top=\u00a0\u00bb0&Prime; padding_bottom=\u00a0\u00bb0&Prime; css_animation=\u00a0\u00bb\u00a0\u00bb css=\u00a0\u00bb.vc_custom_1593544462168{background-color: #1226AA !important;}\u00a0\u00bb el_class=\u00a0\u00bbCOPYWHITE\u00a0\u00bb][vc_column][vc_empty_space height=\u00a0\u00bb100px\u00a0\u00bb][vc_empty_space height=\u00a0\u00bb100px\u00a0\u00bb el_class=\u00a0\u00bbmobile-hidden\u00a0\u00bb][vc_column_text el_class=\u00a0\u00bbcontrolled-h1&Prime;] Terres et propri\u00e9t\u00e9s [\/vc_column_text][vc_empty_space height=\u00a0\u00bb100px\u00a0\u00bb][vc_empty_space height=\u00a0\u00bb100px\u00a0\u00bb el_class=\u00a0\u00bbmobile-hidden\u00a0\u00bb][\/vc_column][\/vc_row][vc_row row_type=\u00a0\u00bbrow\u00a0\u00bb use_row_as_full_screen_section=\u00a0\u00bbno\u00a0\u00bb type=\u00a0\u00bbgrid\u00a0\u00bb text_align=\u00a0\u00bbleft\u00a0\u00bb background_animation=\u00a0\u00bbnone\u00a0\u00bb padding_top=\u00a0\u00bb0&Prime; padding_bottom=\u00a0\u00bb0&Prime; css_animation=\u00a0\u00bb\u00a0\u00bb][vc_column width=\u00a0\u00bb1\/2&Prime; el_class=\u00a0\u00bbmobile-fit\u00a0\u00bb][vc_empty_space height=\u00a0\u00bb20px\u00a0\u00bb][vc_empty_space height=\u00a0\u00bb40px\u00a0\u00bb][vc_column_text]Le secteur immobilier aux Philippines offre de nombreuses possibilit\u00e9s, que&#8230;<\/p>\n","protected":false},"author":1,"featured_media":0,"parent":1918,"menu_order":0,"comment_status":"closed","ping_status":"closed","template":"full_width.php","meta":{"footnotes":""},"class_list":["post-1925","page","type-page","status-publish","hentry"],"_links":{"self":[{"href":"https:\/\/philippines.business\/fr\/wp-json\/wp\/v2\/pages\/1925","targetHints":{"allow":["GET"]}}],"collection":[{"href":"https:\/\/philippines.business\/fr\/wp-json\/wp\/v2\/pages"}],"about":[{"href":"https:\/\/philippines.business\/fr\/wp-json\/wp\/v2\/types\/page"}],"author":[{"embeddable":true,"href":"https:\/\/philippines.business\/fr\/wp-json\/wp\/v2\/users\/1"}],"replies":[{"embeddable":true,"href":"https:\/\/philippines.business\/fr\/wp-json\/wp\/v2\/comments?post=1925"}],"version-history":[{"count":7,"href":"https:\/\/philippines.business\/fr\/wp-json\/wp\/v2\/pages\/1925\/revisions"}],"predecessor-version":[{"id":3138,"href":"https:\/\/philippines.business\/fr\/wp-json\/wp\/v2\/pages\/1925\/revisions\/3138"}],"up":[{"embeddable":true,"href":"https:\/\/philippines.business\/fr\/wp-json\/wp\/v2\/pages\/1918"}],"wp:attachment":[{"href":"https:\/\/philippines.business\/fr\/wp-json\/wp\/v2\/media?parent=1925"}],"curies":[{"name":"wp","href":"https:\/\/api.w.org\/{rel}","templated":true}]}}