{"id":1918,"date":"2020-06-04T15:33:25","date_gmt":"2020-06-04T14:33:25","guid":{"rendered":"https:\/\/philippines.business\/set-up-a-business\/"},"modified":"2020-11-23T17:23:47","modified_gmt":"2020-11-23T17:23:47","slug":"demarrer-une-activite","status":"publish","type":"page","link":"https:\/\/philippines.business\/fr\/demarrer-une-activite\/","title":{"rendered":"D\u00e9marrer une activit\u00e9"},"content":{"rendered":"<p>[vc_row row_type=\u00a0\u00bbrow\u00a0\u00bb use_row_as_full_screen_section=\u00a0\u00bbno\u00a0\u00bb type=\u00a0\u00bbfull_width\u00a0\u00bb text_align=\u00a0\u00bbcenter\u00a0\u00bb background_image=\u00a0\u00bb1414&Prime; background_animation=\u00a0\u00bbnone\u00a0\u00bb padding_top=\u00a0\u00bb0&Prime; padding_bottom=\u00a0\u00bb0&Prime; css_animation=\u00a0\u00bb\u00a0\u00bb css=\u00a0\u00bb.vc_custom_1599127944081{background-color: #1226AA !important;}\u00a0\u00bb][vc_column][vc_empty_space height=\u00a0\u00bb100px\u00a0\u00bb][vc_empty_space height=\u00a0\u00bb100px\u00a0\u00bb el_class=\u00a0\u00bbmobile-hidden\u00a0\u00bb][vc_column_text el_class=\u00a0\u00bbcontrolled-h1&Prime;]<\/p>\n<h1 style=\"color: #fff;\">Cr\u00e9er une entreprise aux Philippines<\/h1>\n<p>[\/vc_column_text][vc_empty_space height=\u00a0\u00bb100px\u00a0\u00bb][vc_empty_space height=\u00a0\u00bb100px\u00a0\u00bb el_class=\u00a0\u00bbmobile-hidden\u00a0\u00bb][\/vc_column][\/vc_row][vc_row row_type=\u00a0\u00bbrow\u00a0\u00bb use_row_as_full_screen_section=\u00a0\u00bbno\u00a0\u00bb type=\u00a0\u00bbgrid\u00a0\u00bb text_align=\u00a0\u00bbcenter\u00a0\u00bb background_animation=\u00a0\u00bbnone\u00a0\u00bb padding_top=\u00a0\u00bb100&Prime; padding_bottom=\u00a0\u00bb100&Prime; css_animation=\u00a0\u00bb\u00a0\u00bb][vc_column][vc_column_text]<\/p>\n<h4 class=\"p1\">Nos conseillers en placement sont bas\u00e9s aux Philippines, mais aussi \u00e0 l\u2019\u00e9tranger, pour faciliter vos projets et vous apporter les meilleurs conseils. Nous nous engageons \u00e0 vous accompagner pour simplifier vos d\u00e9marches, ce qui signifie que tous les aspects de vos investissements sont pris en compte pour que vous puissiez vous d\u00e9velopper aux Philippines.<\/h4>\n<p>[\/vc_column_text][\/vc_column][\/vc_row][vc_row row_type=\u00a0\u00bbrow\u00a0\u00bb use_row_as_full_screen_section=\u00a0\u00bbno\u00a0\u00bb type=\u00a0\u00bbgrid\u00a0\u00bb text_align=\u00a0\u00bbleft\u00a0\u00bb background_animation=\u00a0\u00bbnone\u00a0\u00bb padding_top=\u00a0\u00bb0&Prime; padding_bottom=\u00a0\u00bb100&Prime; css_animation=\u00a0\u00bb\u00a0\u00bb][vc_column width=\u00a0\u00bb1\/3&Prime;]<div class='q_icon_with_title very_large normal_icon center'><div class=\"icon_holder \" style=\" \"><div class=\"icon_holder_inner\"><span style=\"color: #1226aa;\" class=\"q_font_awsome_icon fa-5x \"><i class=\"icon_text_icon fa fa-support\"><\/i><\/span><\/div><\/div><div class=\"icon_text_holder\" style=\"\"><div class=\"icon_text_inner\" style=\"\"><h3 class=\"icon_title\" style=\"color: #1226aa\">Une assistance continue et un suivi fiable<\/h3><p style=''>Nous vous assistons tout au long de votre parcours d\u2019investissement avec des informations capitales pour que votre exp\u00e9rience soit des plus fluides.<\/p><\/div><\/div><\/div>[\/vc_column][vc_column width=\u00a0\u00bb1\/3&Prime;]<div class='q_icon_with_title very_large normal_icon center'><div class=\"icon_holder \" style=\" \"><div class=\"icon_holder_inner\"><span style=\"color: #1226aa;\" class=\"q_font_awsome_icon fa-5x \"><i class=\"icon_text_icon fa fa-compass\"><\/i><\/span><\/div><\/div><div class=\"icon_text_holder\" style=\"\"><div class=\"icon_text_inner\" style=\"\"><h3 class=\"icon_title\" style=\"color: #1226aa\">R\u00e9seaux<\/h3><p style=''>Nous vous mettons en relation avec des entreprises, des associations professionnelles, des conseils d\u2019entreprises et des chambres de commerce qui vous aideront \u00e0 optimiser vos investissements.<\/p><\/div><\/div><\/div>[\/vc_column][vc_column width=\u00a0\u00bb1\/3&Prime;]<div class='q_icon_with_title very_large normal_icon center'><div class=\"icon_holder \" style=\" \"><div class=\"icon_holder_inner\"><span style=\"color: #1226aa;\" class=\"q_font_awsome_icon fa-5x \"><i class=\"icon_text_icon fa fa-globe\"><\/i><\/span><\/div><\/div><div class=\"icon_text_holder\" style=\"\"><div class=\"icon_text_inner\" style=\"\"><h3 class=\"icon_title\" style=\"color: #1226aa\">\u00c9tudes de march\u00e9<\/h3><p style=''>Vous b\u00e9n\u00e9ficiez de nos observations et jouissez d\u2019un aper\u00e7u unique des march\u00e9s locaux, pour vous aider \u00e0 prendre les meilleures d\u00e9cisions pour votre entreprise.<\/p><\/div><\/div><\/div>[\/vc_column][\/vc_row][vc_row row_type=\u00a0\u00bbrow\u00a0\u00bb use_row_as_full_screen_section=\u00a0\u00bbno\u00a0\u00bb type=\u00a0\u00bbgrid\u00a0\u00bb text_align=\u00a0\u00bbleft\u00a0\u00bb background_animation=\u00a0\u00bbnone\u00a0\u00bb padding_top=\u00a0\u00bb0&Prime; padding_bottom=\u00a0\u00bb100&Prime; css_animation=\u00a0\u00bb\u00a0\u00bb][vc_column width=\u00a0\u00bb1\/3&Prime;]<div class='q_icon_with_title very_large normal_icon center'><div class=\"icon_holder \" style=\" \"><div class=\"icon_holder_inner\"><span style=\"color: #1226aa;\" class=\"q_font_awsome_icon fa-5x \"><i class=\"icon_text_icon fa fa-info\"><\/i><\/span><\/div><\/div><div class=\"icon_text_holder\" style=\"\"><div class=\"icon_text_inner\" style=\"\"><h3 class=\"icon_title\" style=\"color: #1226aa\">Observations par secteurs<\/h3><p style=''>Nous partageons les derni\u00e8res informations sur les changements et les d\u00e9veloppements, quel que soit le secteur.<\/p><\/div><\/div><\/div>[\/vc_column][vc_column width=\u00a0\u00bb1\/3&Prime;]<div class='q_icon_with_title very_large normal_icon center'><div class=\"icon_holder \" style=\" \"><div class=\"icon_holder_inner\"><span style=\"color: #1226aa;\" class=\"q_font_awsome_icon fa-5x \"><i class=\"icon_text_icon fa fa-cogs\"><\/i><\/span><\/div><\/div><div class=\"icon_text_holder\" style=\"\"><div class=\"icon_text_inner\" style=\"\"><h3 class=\"icon_title\" style=\"color: #1226aa\">Recherche et d\u00e9veloppement<\/h3><p style=''>Nous vous informons des mesures prises pour la recherche et le d\u00e9veloppement qui appuieront certainement vos d\u00e9cisions.<\/p><\/div><\/div><\/div>[\/vc_column][vc_column width=\u00a0\u00bb1\/3&Prime;]<div class='q_icon_with_title very_large normal_icon center'><div class=\"icon_holder \" style=\" \"><div class=\"icon_holder_inner\"><span style=\"color: #1226aa;\" class=\"q_font_awsome_icon fa-5x \"><i class=\"icon_text_icon fa fa-eye\"><\/i><\/span><\/div><\/div><div class=\"icon_text_holder\" style=\"\"><div class=\"icon_text_inner\" style=\"\"><h3 class=\"icon_title\" style=\"color: #1226aa\">\u00c9v\u00e8nements et missions commerciales<\/h3><p style=''>Profitez de salons professionnels et autres \u00e9v\u00e8nements \u00e9conomiques aux Philippines pour rencontrer nos experts en investissement et participer \u00e0 des missions commerciales internationales.<\/p><\/div><\/div><\/div>[\/vc_column][\/vc_row][vc_row row_type=\u00a0\u00bbrow\u00a0\u00bb use_row_as_full_screen_section=\u00a0\u00bbno\u00a0\u00bb type=\u00a0\u00bbgrid\u00a0\u00bb text_align=\u00a0\u00bbleft\u00a0\u00bb background_animation=\u00a0\u00bbnone\u00a0\u00bb padding_top=\u00a0\u00bb100&Prime; padding_bottom=\u00a0\u00bb0&Prime; css_animation=\u00a0\u00bb\u00a0\u00bb background_color=\u00a0\u00bb#1226AA\u00a0\u00bb el_class=\u00a0\u00bbCOPYWHITE\u00a0\u00bb el_id=\u00a0\u00bbGuidance\u00a0\u00bb][vc_column][vc_column_text]<\/p>\n<h2>Orientation<\/h2>\n<p>[\/vc_column_text][\/vc_column][\/vc_row][vc_row row_type=\u00a0\u00bbrow\u00a0\u00bb use_row_as_full_screen_section=\u00a0\u00bbno\u00a0\u00bb type=\u00a0\u00bbgrid\u00a0\u00bb text_align=\u00a0\u00bbleft\u00a0\u00bb background_animation=\u00a0\u00bbnone\u00a0\u00bb padding_top=\u00a0\u00bb50&Prime; padding_bottom=\u00a0\u00bb100&Prime; css_animation=\u00a0\u00bb\u00a0\u00bb el_class=\u00a0\u00bbCOPYWHITE\u00a0\u00bb background_color=\u00a0\u00bb#1226AA\u00a0\u00bb][vc_column width=\u00a0\u00bb1\/4&Prime;][vc_separator type=\u00a0\u00bbnormal\u00a0\u00bb border_style=\u00a0\u00bb\u00a0\u00bb thickness=\u00a0\u00bb1&Prime; down=\u00a0\u00bb20&Prime; color=\u00a0\u00bb#ffffff\u00a0\u00bb][vc_column_text]<a href=\"\/fr\/demarrer-une-activite\/terres-et-proprietes\/\">Terres et propri\u00e9t\u00e9s \u2192<\/a>[\/vc_column_text][vc_separator type=\u00a0\u00bbnormal\u00a0\u00bb border_style=\u00a0\u00bbsolid\u00a0\u00bb thickness=\u00a0\u00bb1px\u00a0\u00bb up=\u00a0\u00bb20&Prime; down=\u00a0\u00bb20&Prime; color=\u00a0\u00bb#ffffff\u00a0\u00bb][vc_column_text]<a href=\"\/fr\/demarrer-une-activite\/recruter-une-main-doeuvre-qualifiee\/\">Recruter une main d\u2019\u0153uvre qualifi\u00e9e aux Philippines \u2192<\/a>[\/vc_column_text][vc_separator type=\u00a0\u00bbnormal\u00a0\u00bb border_style=\u00a0\u00bbsolid\u00a0\u00bb thickness=\u00a0\u00bb1px\u00a0\u00bb up=\u00a0\u00bb20&Prime; down=\u00a0\u00bb20&Prime; color=\u00a0\u00bb#ffffff\u00a0\u00bb][vc_column_text]<a href=\"\/fr\/demarrer-une-activite\/infrastructure-et-logistique\/\">Infrastructure et logistique \u2192<\/a>[\/vc_column_text][vc_separator type=\u00a0\u00bbnormal\u00a0\u00bb border_style=\u00a0\u00bbsolid\u00a0\u00bb thickness=\u00a0\u00bb1px\u00a0\u00bb up=\u00a0\u00bb20&Prime; color=\u00a0\u00bb#ffffff\u00a0\u00bb][\/vc_column][vc_column width=\u00a0\u00bb1\/4&Prime;][vc_separator type=\u00a0\u00bbnormal\u00a0\u00bb border_style=\u00a0\u00bbsolid\u00a0\u00bb thickness=\u00a0\u00bb1px\u00a0\u00bb down=\u00a0\u00bb20&Prime; color=\u00a0\u00bb#ffffff\u00a0\u00bb el_class=\u00a0\u00bbmobile-hidden\u00a0\u00bb][vc_column_text]<a href=\"\/fr\/demarrer-une-activite\/propriete-intellectuelle\/\">Propri\u00e9t\u00e9 intellectuelle \u2192<\/a>[\/vc_column_text][vc_separator type=\u00a0\u00bbnormal\u00a0\u00bb border_style=\u00a0\u00bbsolid\u00a0\u00bb thickness=\u00a0\u00bb1px\u00a0\u00bb up=\u00a0\u00bb20&Prime; down=\u00a0\u00bb20&Prime; color=\u00a0\u00bb#ffffff\u00a0\u00bb][vc_column_text]<a href=\"\/fr\/demarrer-une-activite\/services-financiers\/\">Services financiers \u2192<\/a>[\/vc_column_text][vc_separator type=\u00a0\u00bbnormal\u00a0\u00bb border_style=\u00a0\u00bbsolid\u00a0\u00bb thickness=\u00a0\u00bb1px\u00a0\u00bb up=\u00a0\u00bb20&Prime; down=\u00a0\u00bb20&Prime; color=\u00a0\u00bb#ffffff\u00a0\u00bb][vc_column_text]<a href=\"\/fr\/demarrer-une-activite\/investissement-socialement-responsable\/\">Investissement socialement responsable \u2192<\/a>[\/vc_column_text][vc_separator type=\u00a0\u00bbnormal\u00a0\u00bb border_style=\u00a0\u00bbsolid\u00a0\u00bb thickness=\u00a0\u00bb1px\u00a0\u00bb up=\u00a0\u00bb20&Prime; color=\u00a0\u00bb#ffffff\u00a0\u00bb][\/vc_column][vc_column width=\u00a0\u00bb1\/4&Prime;][vc_separator type=\u00a0\u00bbnormal\u00a0\u00bb border_style=\u00a0\u00bbsolid\u00a0\u00bb thickness=\u00a0\u00bb1px\u00a0\u00bb down=\u00a0\u00bb20&Prime; color=\u00a0\u00bb#ffffff\u00a0\u00bb el_class=\u00a0\u00bbmobile-hidden\u00a0\u00bb][vc_column_text]<a href=\"\/fr\/demarrer-une-activite\/visas-et-immigration\/\">Visas et immigration \u2192<\/a>[\/vc_column_text][vc_separator type=\u00a0\u00bbnormal\u00a0\u00bb border_style=\u00a0\u00bbsolid\u00a0\u00bb thickness=\u00a0\u00bb1px\u00a0\u00bb up=\u00a0\u00bb20&Prime; down=\u00a0\u00bb20&Prime; color=\u00a0\u00bb#ffffff\u00a0\u00bb][vc_column_text]<a href=\"\/fr\/demarrer-une-activite\/fiscalite-et-avantages\/\">Fiscalit\u00e9 et avantages \u2192<\/a>[\/vc_column_text][vc_separator type=\u00a0\u00bbnormal\u00a0\u00bb border_style=\u00a0\u00bbsolid\u00a0\u00bb thickness=\u00a0\u00bb1px\u00a0\u00bb up=\u00a0\u00bb20&Prime; down=\u00a0\u00bb20&Prime; color=\u00a0\u00bb#ffffff\u00a0\u00bb][vc_column_text]<a href=\"\/fr\/demarrer-une-activite\/systeme-juridique\/\">Syst\u00e8me juridique \u2192<\/a>[\/vc_column_text][vc_separator type=\u00a0\u00bbnormal\u00a0\u00bb border_style=\u00a0\u00bbsolid\u00a0\u00bb thickness=\u00a0\u00bb1px\u00a0\u00bb up=\u00a0\u00bb20&Prime; color=\u00a0\u00bb#ffffff\u00a0\u00bb][\/vc_column][vc_column width=\u00a0\u00bb1\/4&Prime;][vc_separator type=\u00a0\u00bbnormal\u00a0\u00bb border_style=\u00a0\u00bbsolid\u00a0\u00bb thickness=\u00a0\u00bb1px\u00a0\u00bb down=\u00a0\u00bb20&Prime; color=\u00a0\u00bb#ffffff\u00a0\u00bb el_class=\u00a0\u00bbmobile-hidden\u00a0\u00bb][vc_column_text]<a href=\"\/fr\/demarrer-une-activite\/enregistrer-une-entreprise\/\">Enregistrer une entreprise \u2192<\/a>[\/vc_column_text][vc_separator type=\u00a0\u00bbnormal\u00a0\u00bb border_style=\u00a0\u00bbsolid\u00a0\u00bb thickness=\u00a0\u00bb1px\u00a0\u00bb up=\u00a0\u00bb20&Prime; down=\u00a0\u00bb20&Prime; color=\u00a0\u00bb#ffffff\u00a0\u00bb][vc_column_text]<a href=\"\/fr\/demarrer-une-activite\/imports-et-exports\/\">Imports et exports \u2192<\/a>[\/vc_column_text][vc_separator type=\u00a0\u00bbnormal\u00a0\u00bb border_style=\u00a0\u00bbsolid\u00a0\u00bb thickness=\u00a0\u00bb1px\u00a0\u00bb up=\u00a0\u00bb20&Prime; down=\u00a0\u00bb20&Prime; color=\u00a0\u00bb#ffffff\u00a0\u00bb][\/vc_column][\/vc_row][vc_row row_type=\u00a0\u00bbrow\u00a0\u00bb use_row_as_full_screen_section=\u00a0\u00bbno\u00a0\u00bb type=\u00a0\u00bbfull_width\u00a0\u00bb text_align=\u00a0\u00bbcenter\u00a0\u00bb background_animation=\u00a0\u00bbnone\u00a0\u00bb padding_top=\u00a0\u00bb0&Prime; padding_bottom=\u00a0\u00bb0&Prime; css_animation=\u00a0\u00bb\u00a0\u00bb][vc_column][vc_empty_space height=\u00a0\u00bb60px\u00a0\u00bb][vc_empty_space height=\u00a0\u00bb100px\u00a0\u00bb el_class=\u00a0\u00bbmobile-hidden\u00a0\u00bb][vc_column_text]<\/p>\n<h2>VOUS SOUHAITEZ \u00c9CHANGER AVEC UN CONSEILLER\u00a0?<\/h2>\n<p>[\/vc_column_text][vc_empty_space height=\u00a0\u00bb40px\u00a0\u00bb][vc_column_text]<\/p>\n<h4 class=\"p1\">Demandez d\u00e8s maintenant une consultation gratuite avec l\u2019un de nos sp\u00e9cialistes en placement.<\/h4>\n<p>[\/vc_column_text][vc_empty_space height=\u00a0\u00bb40px\u00a0\u00bb]<a href=\"\/fr\/nous-contacter\/\" target=\"_self\"  class=\"qbutton  large\" style=\"\">NOUS CONTACTER<\/a>[vc_empty_space height=\u00a0\u00bb100px\u00a0\u00bb el_class=\u00a0\u00bbmobile-hidden\u00a0\u00bb][vc_empty_space height=\u00a0\u00bb60px\u00a0\u00bb][\/vc_column][\/vc_row]<\/p>\n","protected":false},"excerpt":{"rendered":"<p>[vc_row row_type=\u00a0\u00bbrow\u00a0\u00bb use_row_as_full_screen_section=\u00a0\u00bbno\u00a0\u00bb type=\u00a0\u00bbfull_width\u00a0\u00bb text_align=\u00a0\u00bbcenter\u00a0\u00bb background_image=\u00a0\u00bb1414&Prime; background_animation=\u00a0\u00bbnone\u00a0\u00bb padding_top=\u00a0\u00bb0&Prime; padding_bottom=\u00a0\u00bb0&Prime; css_animation=\u00a0\u00bb\u00a0\u00bb css=\u00a0\u00bb.vc_custom_1599127944081{background-color: #1226AA !important;}\u00a0\u00bb][vc_column][vc_empty_space height=\u00a0\u00bb100px\u00a0\u00bb][vc_empty_space height=\u00a0\u00bb100px\u00a0\u00bb el_class=\u00a0\u00bbmobile-hidden\u00a0\u00bb][vc_column_text el_class=\u00a0\u00bbcontrolled-h1&Prime;] Cr\u00e9er une entreprise aux Philippines [\/vc_column_text][vc_empty_space height=\u00a0\u00bb100px\u00a0\u00bb][vc_empty_space height=\u00a0\u00bb100px\u00a0\u00bb el_class=\u00a0\u00bbmobile-hidden\u00a0\u00bb][\/vc_column][\/vc_row][vc_row row_type=\u00a0\u00bbrow\u00a0\u00bb use_row_as_full_screen_section=\u00a0\u00bbno\u00a0\u00bb type=\u00a0\u00bbgrid\u00a0\u00bb text_align=\u00a0\u00bbcenter\u00a0\u00bb background_animation=\u00a0\u00bbnone\u00a0\u00bb padding_top=\u00a0\u00bb100&Prime; padding_bottom=\u00a0\u00bb100&Prime; css_animation=\u00a0\u00bb\u00a0\u00bb][vc_column][vc_column_text] Nos conseillers en placement sont bas\u00e9s aux Philippines, mais aussi \u00e0&#8230;<\/p>\n","protected":false},"author":1,"featured_media":0,"parent":0,"menu_order":0,"comment_status":"closed","ping_status":"closed","template":"full_width.php","meta":{"footnotes":""},"class_list":["post-1918","page","type-page","status-publish","hentry"],"_links":{"self":[{"href":"https:\/\/philippines.business\/fr\/wp-json\/wp\/v2\/pages\/1918","targetHints":{"allow":["GET"]}}],"collection":[{"href":"https:\/\/philippines.business\/fr\/wp-json\/wp\/v2\/pages"}],"about":[{"href":"https:\/\/philippines.business\/fr\/wp-json\/wp\/v2\/types\/page"}],"author":[{"embeddable":true,"href":"https:\/\/philippines.business\/fr\/wp-json\/wp\/v2\/users\/1"}],"replies":[{"embeddable":true,"href":"https:\/\/philippines.business\/fr\/wp-json\/wp\/v2\/comments?post=1918"}],"version-history":[{"count":17,"href":"https:\/\/philippines.business\/fr\/wp-json\/wp\/v2\/pages\/1918\/revisions"}],"predecessor-version":[{"id":3652,"href":"https:\/\/philippines.business\/fr\/wp-json\/wp\/v2\/pages\/1918\/revisions\/3652"}],"wp:attachment":[{"href":"https:\/\/philippines.business\/fr\/wp-json\/wp\/v2\/media?parent=1918"}],"curies":[{"name":"wp","href":"https:\/\/api.w.org\/{rel}","templated":true}]}}