{"id":1895,"date":"2020-07-30T15:16:28","date_gmt":"2020-07-30T14:16:28","guid":{"rendered":"https:\/\/philippines.business\/invest-capital\/"},"modified":"2020-10-12T17:56:00","modified_gmt":"2020-10-12T16:56:00","slug":"investir","status":"publish","type":"page","link":"https:\/\/philippines.business\/fr\/investir\/","title":{"rendered":"Investir"},"content":{"rendered":"<p>[vc_row row_type=\u00a0\u00bbrow\u00a0\u00bb use_row_as_full_screen_section=\u00a0\u00bbno\u00a0\u00bb type=\u00a0\u00bbfull_width\u00a0\u00bb text_align=\u00a0\u00bbcenter\u00a0\u00bb background_image=\u00a0\u00bb1591&Prime; background_animation=\u00a0\u00bbnone\u00a0\u00bb padding_top=\u00a0\u00bb0&Prime; padding_bottom=\u00a0\u00bb0&Prime; css_animation=\u00a0\u00bb\u00a0\u00bb css=\u00a0\u00bb.vc_custom_1599223346882{background-color: #1226AA !important;}\u00a0\u00bb el_class=\u00a0\u00bbCOPYWHITE\u00a0\u00bb][vc_column][vc_empty_space height=\u00a0\u00bb100px\u00a0\u00bb][vc_empty_space height=\u00a0\u00bb100px\u00a0\u00bb el_class=\u00a0\u00bbmobile-hidden\u00a0\u00bb][vc_column_text el_class=\u00a0\u00bbcontrolled-h1&Prime;]<\/p>\n<h1>Investir<\/h1>\n<p>[\/vc_column_text][vc_empty_space height=\u00a0\u00bb100px\u00a0\u00bb][vc_empty_space height=\u00a0\u00bb100px\u00a0\u00bb el_class=\u00a0\u00bbmobile-hidden\u00a0\u00bb][\/vc_column][\/vc_row][vc_row row_type=\u00a0\u00bbrow\u00a0\u00bb use_row_as_full_screen_section=\u00a0\u00bbno\u00a0\u00bb type=\u00a0\u00bbgrid\u00a0\u00bb text_align=\u00a0\u00bbleft\u00a0\u00bb background_animation=\u00a0\u00bbnone\u00a0\u00bb padding_top=\u00a0\u00bb80&Prime; padding_bottom=\u00a0\u00bb80&Prime; css_animation=\u00a0\u00bb\u00a0\u00bb][vc_column width=\u00a0\u00bb2\/3&Prime;][vc_column_text]<\/p>\n<p class=\"p1\"><span style=\"font-weight: 400;\">Avec des fondamentaux macro\u00e9conomiques solides, un environnement commercial am\u00e9lior\u00e9 et des mesures politiques favorables, nous ouvrons tous les possibles aux investisseurs de portefeuille.<\/span><\/p>\n<p>Des mesures visant \u00e0 am\u00e9liorer la liquidit\u00e9, la port\u00e9e et la r\u00e9silience des march\u00e9s boursiers ont \u00e9t\u00e9 prises pour encourager le financement de projets durables et responsables, gages de croissance.<\/p>\n<p>Gr\u00e2ce \u00e0 ces mesures, les Philippines font d\u00e9sormais partie des march\u00e9s financiers mondiaux. En outre, nous sommes fiers d\u2019avoir contribu\u00e9 \u00e0 l\u2019adoption de meilleures pratiques internationales. Il en r\u00e9sulte une croissance saine et l\u2019expansion du march\u00e9 des obligations d\u2019\u00c9tat, des \u00e9missions d\u2019obligations de soci\u00e9t\u00e9s, des titres et biens en fiducie.<\/p>\n<p>Nos lois facilitant l\u2019acc\u00e8s aux produits de placement, les entreprises implant\u00e9es aux Philippines profitent davantage des plus-values financi\u00e8res.[\/vc_column_text][\/vc_column][vc_column width=\u00a0\u00bb1\/3&Prime;][\/vc_column][\/vc_row][vc_row row_type=\u00a0\u00bbrow\u00a0\u00bb use_row_as_full_screen_section=\u00a0\u00bbno\u00a0\u00bb type=\u00a0\u00bbgrid\u00a0\u00bb text_align=\u00a0\u00bbcenter\u00a0\u00bb background_animation=\u00a0\u00bbnone\u00a0\u00bb padding_top=\u00a0\u00bb80&Prime; padding_bottom=\u00a0\u00bb40&Prime; css_animation=\u00a0\u00bb\u00a0\u00bb css=\u00a0\u00bb.vc_custom_1591625660923{background-color: #1226AA !important;}\u00a0\u00bb el_class=\u00a0\u00bbCOPYWHITE\u00a0\u00bb][vc_column][vc_column_text]<\/p>\n<h2>STATISTIQUES CL\u00c9S<\/h2>\n<p>[\/vc_column_text][\/vc_column][\/vc_row][vc_row row_type=\u00a0\u00bbrow\u00a0\u00bb use_row_as_full_screen_section=\u00a0\u00bbno\u00a0\u00bb type=\u00a0\u00bbgrid\u00a0\u00bb text_align=\u00a0\u00bbleft\u00a0\u00bb background_animation=\u00a0\u00bbnone\u00a0\u00bb padding_top=\u00a0\u00bb40&Prime; padding_bottom=\u00a0\u00bb100&Prime; css_animation=\u00a0\u00bb\u00a0\u00bb css=\u00a0\u00bb.vc_custom_1591628046818{background-color: #1226AA !important;}\u00a0\u00bb el_class=\u00a0\u00bbCOPYWHITE\u00a0\u00bb][vc_column width=\u00a0\u00bb1\/4&Prime;]<div class='q_icon_with_title very_large normal_icon center'><div class=\"icon_holder q_icon_animation\" style=\" transition-delay: 100ms; -webkit-transition-delay: 100ms; -moz-transition-delay: 100ms; -o-transition-delay: 100ms;\"><div class=\"icon_holder_inner\"><span style=\"color: #ffffff;\" class=\"q_font_awsome_icon fa-5x \"><i class=\"icon_text_icon fa fa-line-chart\"><\/i><\/span><\/div><\/div><div class=\"icon_text_holder\" style=\"\"><div class=\"icon_text_inner\" style=\"\"><h2 class=\"icon_title\" style=\"color: #ffffff\">6 %<\/h2><p style=''>de croissance annuelle moyenne du PIB<\/p><\/div><\/div><\/div>[\/vc_column][vc_column width=\u00a0\u00bb1\/4&Prime;]<div class='q_icon_with_title very_large normal_icon center'><div class=\"icon_holder q_icon_animation\" style=\" transition-delay: 200ms; -webkit-transition-delay: 200ms; -moz-transition-delay: 200ms; -o-transition-delay: 200ms;\"><div class=\"icon_holder_inner\"><span style=\"color: #ffffff;\" class=\"q_font_awsome_icon fa-5x \"><i class=\"icon_text_icon fa fa-calculator\"><\/i><\/span><\/div><\/div><div class=\"icon_text_holder\" style=\"\"><div class=\"icon_text_inner\" style=\"\"><h2 class=\"icon_title\" style=\"color: #ffffff\">40 %<\/h2><p style=''>du ratio dette\/PIB<\/p><\/div><\/div><\/div>[\/vc_column][vc_column width=\u00a0\u00bb1\/4&Prime;]<div class='q_icon_with_title very_large normal_icon center'><div class=\"icon_holder q_icon_animation\" style=\" transition-delay: 300ms; -webkit-transition-delay: 300ms; -moz-transition-delay: 300ms; -o-transition-delay: 300ms;\"><div class=\"icon_holder_inner\"><span style=\"color: #ffffff;\" class=\"q_font_awsome_icon fa-5x \"><i class=\"icon_text_icon fa fa-usd\"><\/i><\/span><\/div><\/div><div class=\"icon_text_holder\" style=\"\"><div class=\"icon_text_inner\" style=\"\"><h2 class=\"icon_title\" style=\"color: #ffffff\">Plus de 90 milliards de $ US<\/h2><p style=''>de r\u00e9serves internationales<\/p><\/div><\/div><\/div>[\/vc_column][vc_column width=\u00a0\u00bb1\/4&Prime;]<div class='q_icon_with_title very_large normal_icon center'><div class=\"icon_holder q_icon_animation\" style=\" transition-delay: 400ms; -webkit-transition-delay: 400ms; -moz-transition-delay: 400ms; -o-transition-delay: 400ms;\"><div class=\"icon_holder_inner\"><span style=\"color: #ffffff;\" class=\"q_font_awsome_icon fa-5x \"><i class=\"icon_text_icon fa fa-calendar\"><\/i><\/span><\/div><\/div><div class=\"icon_text_holder\" style=\"\"><div class=\"icon_text_inner\" style=\"\"><h2 class=\"icon_title\" style=\"color: #ffffff\">Plus de 8 mois<\/h2><p style=''>de r\u00e9serves dans les importations de biens, les paiements de services et les revenus primaires<\/p><\/div><\/div><\/div>[\/vc_column][\/vc_row][vc_row row_type=\u00a0\u00bbrow\u00a0\u00bb use_row_as_full_screen_section=\u00a0\u00bbno\u00a0\u00bb type=\u00a0\u00bbgrid\u00a0\u00bb text_align=\u00a0\u00bbleft\u00a0\u00bb background_animation=\u00a0\u00bbnone\u00a0\u00bb padding_top=\u00a0\u00bb160&Prime; padding_bottom=\u00a0\u00bb160&Prime; css_animation=\u00a0\u00bb\u00a0\u00bb][vc_column width=\u00a0\u00bb1\/3&Prime;][\/vc_column][vc_column width=\u00a0\u00bb2\/3&Prime;][vc_column_text]<\/p>\n<h3>Des tendances macro\u00e9conomiques favorables<\/h3>\n<p>[\/vc_column_text][vc_empty_space height=\u00a0\u00bb20px\u00a0\u00bb][vc_column_text]Les Philippines comptent parmi les march\u00e9s \u00e9mergents les plus r\u00e9silients et \u00e0 la croissance la plus rapide. Cette force est stimul\u00e9e par une forte demande int\u00e9rieure, une inflation ma\u00eetris\u00e9e et une main-d\u2019\u0153uvre jeune, performante et form\u00e9e aux derni\u00e8res technologies\u00a0; de quoi attirer de nombreux investisseurs \u00e9trangers.<\/p>\n<p>Pour assurer son avenir, le pays investit dans le capital humain, les infrastructures, les technologies et l\u2019innovation.[\/vc_column_text][vc_empty_space height=\u00a0\u00bb40px\u00a0\u00bb][vc_column_text]<\/p>\n<h3>Une forte r\u00e9silience externe<\/h3>\n<p>[\/vc_column_text][vc_empty_space height=\u00a0\u00bb20px\u00a0\u00bb][vc_column_text]Suffisantes, nos ressources nous permettent de faire face aux chocs ext\u00e9rieurs gr\u00e2ce \u00e0 une balance des paiements saine et \u00e0 des r\u00e9serves internationales brutes \u00e9lev\u00e9es qui d\u00e9passent la faible dette ext\u00e9rieure du pays.<\/p>\n<p>Les entr\u00e9es de devises \u00e9trang\u00e8res sont appuy\u00e9es par les transferts de fonds, les revenus de l\u2019externalisation des processus d\u2019entreprise, les investissements, les exportations et les recettes g\u00e9n\u00e9r\u00e9es par le secteur du tourisme.<\/p>\n<p>Nous avons \u00e9largi nos march\u00e9s par des accords commerciaux avec nos voisins d\u2019Asie du Sud-Est et nos partenaires r\u00e9gionaux tels que la Chine, le Japon, la Cor\u00e9e du Sud, l\u2019Inde, l\u2019Australie et la Nouvelle-Z\u00e9lande. Nous avons \u00e9galement consolid\u00e9 nos accords bilat\u00e9raux de libre-\u00e9change avec le Japon, l\u2019Europe et les \u00c9tats-Unis.[\/vc_column_text][vc_empty_space height=\u00a0\u00bb40px\u00a0\u00bb][vc_column_text]<\/p>\n<h3>Un syst\u00e8me financier solide et durable<\/h3>\n<p>[\/vc_column_text][vc_empty_space height=\u00a0\u00bb20px\u00a0\u00bb][vc_column_text]Des capitaux florissants, une capitalisation importante, des b\u00e9n\u00e9fices solides et une faible exposition aux cr\u00e9ances irr\u00e9couvrables d\u00e9finissent notre syst\u00e8me financier qui acc\u00e9l\u00e8re notre croissance et booste notre \u00e9conomie nationale, le tout organis\u00e9 dans un cadre r\u00e8glementaire sain.<\/p>\n<p>Les normes appliqu\u00e9es par la Banque centrale des Philippines illustrent notre gestion efficace des risques et notre bonne gouvernance d\u2019entreprise. Conscients de l\u2019importance de l\u2019accessibilit\u00e9 aux produits et aux services financiers pour la croissance de notre \u00e9conomie, nous encourageons activement l\u2019inclusion financi\u00e8re par le biais de lois habilitantes.<\/p>\n<p>La Philippine Dealing &amp; Exchange Corp. pilote le march\u00e9 secondaire structur\u00e9 pour la n\u00e9gociation de titres \u00e0 revenu fixe, qui comprend des titres d\u2019\u00c9tat et corporatifs. La Bourse des Philippines est l\u2019une des plus anciennes et plus \u00e9tablies d\u2019Asie. Les deux ont fait l\u2019objet d\u2019une forte croissance dans un contexte de forte expansion \u00e9conomique et de bases \u00e9conomiques solides.[\/vc_column_text][vc_empty_space height=\u00a0\u00bb40px\u00a0\u00bb][vc_column_text]<\/p>\n<h3>Des finances publiques renforc\u00e9es<\/h3>\n<p>[\/vc_column_text][vc_empty_space height=\u00a0\u00bb20px\u00a0\u00bb][vc_column_text]Nous jouissons d\u2019un profil financier durable avec une dette nettement mieux ma\u00eetris\u00e9e que la plupart des pays homologues.<\/p>\n<p>En d\u00e9pit de grandes initiatives visant \u00e0 augmenter notre courbe de croissance et \u00e0 d\u00e9velopper une \u00e9conomie inclusive pour le pays, nos derni\u00e8res r\u00e9formes fiscales restent conformes \u00e0 notre discipline budg\u00e9taire.[\/vc_column_text][vc_empty_space height=\u00a0\u00bb40px\u00a0\u00bb][vc_column_text]<\/p>\n<h3>Profil de cr\u00e9dit concurrentiel<\/h3>\n<p>[\/vc_column_text][vc_empty_space height=\u00a0\u00bb20px\u00a0\u00bb][vc_column_text]Ayant obtenu des cotes de solvabilit\u00e9 \u00e9lev\u00e9es de la part de toutes les grandes agences internationales, les Philippines n\u2019ont cess\u00e9 de progress\u00e9 gr\u00e2ce \u00e0 des fondamentaux solides, un engagement en faveur d\u2019une discipline budg\u00e9taire, une gouvernance renforc\u00e9e et des institutions.[\/vc_column_text][\/vc_column][\/vc_row][vc_row row_type=\u00a0\u00bbrow\u00a0\u00bb use_row_as_full_screen_section=\u00a0\u00bbno\u00a0\u00bb type=\u00a0\u00bbfull_width\u00a0\u00bb text_align=\u00a0\u00bbcenter\u00a0\u00bb background_animation=\u00a0\u00bbnone\u00a0\u00bb padding_top=\u00a0\u00bb160&Prime; padding_bottom=\u00a0\u00bb160&Prime; css_animation=\u00a0\u00bb\u00a0\u00bb][vc_column][vc_column_text]<\/p>\n<div class=\"wpb_text_column wpb_content_element \">\n<div class=\"wpb_wrapper\">\n<h2>VOUS SOUHAITEZ \u00c9CHANGER AVEC UN CONSEILLER\u00a0?<\/h2>\n<\/div>\n<\/div>\n<p>[\/vc_column_text][vc_empty_space height=\u00a0\u00bb40px\u00a0\u00bb][vc_column_text]<\/p>\n<div class=\"wpb_text_column wpb_content_element \">\n<div class=\"wpb_wrapper\">\n<h4 class=\"p1\">Demandez d\u00e8s maintenant une consultation gratuite avec l\u2019un de nos sp\u00e9cialistes en placement.<\/h4>\n<\/div>\n<\/div>\n<p>[\/vc_column_text][vc_empty_space height=\u00a0\u00bb40px\u00a0\u00bb]<a href=\"\/fr\/nous-contacter\/\" target=\"_self\"  class=\"qbutton  large\" style=\"\">NOUS CONTACTER<\/a>[\/vc_column][\/vc_row]<\/p>\n","protected":false},"excerpt":{"rendered":"<p>[vc_row row_type=\u00a0\u00bbrow\u00a0\u00bb use_row_as_full_screen_section=\u00a0\u00bbno\u00a0\u00bb type=\u00a0\u00bbfull_width\u00a0\u00bb text_align=\u00a0\u00bbcenter\u00a0\u00bb background_image=\u00a0\u00bb1591&Prime; background_animation=\u00a0\u00bbnone\u00a0\u00bb padding_top=\u00a0\u00bb0&Prime; padding_bottom=\u00a0\u00bb0&Prime; css_animation=\u00a0\u00bb\u00a0\u00bb css=\u00a0\u00bb.vc_custom_1599223346882{background-color: #1226AA !important;}\u00a0\u00bb el_class=\u00a0\u00bbCOPYWHITE\u00a0\u00bb][vc_column][vc_empty_space height=\u00a0\u00bb100px\u00a0\u00bb][vc_empty_space height=\u00a0\u00bb100px\u00a0\u00bb el_class=\u00a0\u00bbmobile-hidden\u00a0\u00bb][vc_column_text el_class=\u00a0\u00bbcontrolled-h1&Prime;] Investir [\/vc_column_text][vc_empty_space height=\u00a0\u00bb100px\u00a0\u00bb][vc_empty_space height=\u00a0\u00bb100px\u00a0\u00bb el_class=\u00a0\u00bbmobile-hidden\u00a0\u00bb][\/vc_column][\/vc_row][vc_row row_type=\u00a0\u00bbrow\u00a0\u00bb use_row_as_full_screen_section=\u00a0\u00bbno\u00a0\u00bb type=\u00a0\u00bbgrid\u00a0\u00bb text_align=\u00a0\u00bbleft\u00a0\u00bb background_animation=\u00a0\u00bbnone\u00a0\u00bb padding_top=\u00a0\u00bb80&Prime; padding_bottom=\u00a0\u00bb80&Prime; css_animation=\u00a0\u00bb\u00a0\u00bb][vc_column width=\u00a0\u00bb2\/3&Prime;][vc_column_text] Avec des fondamentaux macro\u00e9conomiques solides, un environnement commercial am\u00e9lior\u00e9 et des mesures politiques&#8230;<\/p>\n","protected":false},"author":1,"featured_media":0,"parent":0,"menu_order":0,"comment_status":"closed","ping_status":"closed","template":"full_width.php","meta":{"footnotes":""},"class_list":["post-1895","page","type-page","status-publish","hentry"],"_links":{"self":[{"href":"https:\/\/philippines.business\/fr\/wp-json\/wp\/v2\/pages\/1895","targetHints":{"allow":["GET"]}}],"collection":[{"href":"https:\/\/philippines.business\/fr\/wp-json\/wp\/v2\/pages"}],"about":[{"href":"https:\/\/philippines.business\/fr\/wp-json\/wp\/v2\/types\/page"}],"author":[{"embeddable":true,"href":"https:\/\/philippines.business\/fr\/wp-json\/wp\/v2\/users\/1"}],"replies":[{"embeddable":true,"href":"https:\/\/philippines.business\/fr\/wp-json\/wp\/v2\/comments?post=1895"}],"version-history":[{"count":13,"href":"https:\/\/philippines.business\/fr\/wp-json\/wp\/v2\/pages\/1895\/revisions"}],"predecessor-version":[{"id":3157,"href":"https:\/\/philippines.business\/fr\/wp-json\/wp\/v2\/pages\/1895\/revisions\/3157"}],"wp:attachment":[{"href":"https:\/\/philippines.business\/fr\/wp-json\/wp\/v2\/media?parent=1895"}],"curies":[{"name":"wp","href":"https:\/\/api.w.org\/{rel}","templated":true}]}}