{"id":1835,"date":"2020-06-08T16:53:18","date_gmt":"2020-06-08T15:53:18","guid":{"rendered":"https:\/\/philippines.business\/industries\/automotive\/"},"modified":"2021-02-25T14:00:34","modified_gmt":"2021-02-25T14:00:34","slug":"automobile","status":"publish","type":"page","link":"https:\/\/philippines.business\/fr\/secteurs-industriels\/automobile\/","title":{"rendered":"Automobile"},"content":{"rendered":"<p>[vc_row row_type=\u00a0\u00bbrow\u00a0\u00bb use_row_as_full_screen_section=\u00a0\u00bbno\u00a0\u00bb type=\u00a0\u00bbfull_width\u00a0\u00bb text_align=\u00a0\u00bbcenter\u00a0\u00bb background_image=\u00a0\u00bb1375&Prime; background_animation=\u00a0\u00bbnone\u00a0\u00bb css_animation=\u00a0\u00bb\u00a0\u00bb css=\u00a0\u00bb.vc_custom_1599127586615{background-color: #1226AA !important;}\u00a0\u00bb el_class=\u00a0\u00bbCOPYWHITE controlled-h1&Prime;][vc_column][vc_empty_space height=\u00a0\u00bb100px\u00a0\u00bb][vc_empty_space height=\u00a0\u00bb100px\u00a0\u00bb el_class=\u00a0\u00bbmobile-hidden\u00a0\u00bb][vc_column_text]<\/p>\n<h1>AUTOMOBILE<\/h1>\n<p>[\/vc_column_text][vc_empty_space height=\u00a0\u00bb100px\u00a0\u00bb][vc_empty_space height=\u00a0\u00bb100px\u00a0\u00bb el_class=\u00a0\u00bbmobile-hidden\u00a0\u00bb][\/vc_column][\/vc_row][vc_row row_type=\u00a0\u00bbrow\u00a0\u00bb use_row_as_full_screen_section=\u00a0\u00bbno\u00a0\u00bb type=\u00a0\u00bbgrid\u00a0\u00bb text_align=\u00a0\u00bbleft\u00a0\u00bb background_animation=\u00a0\u00bbnone\u00a0\u00bb padding_top=\u00a0\u00bb80&Prime; padding_bottom=\u00a0\u00bb80&Prime; css_animation=\u00a0\u00bb\u00a0\u00bb][vc_column width=\u00a0\u00bb1\/2&Prime;][vc_column_text]<\/p>\n<h3>UNE INDUSTRIE BIEN \u00c9TABLIE<\/h3>\n<p>[\/vc_column_text][vc_empty_space height=\u00a0\u00bb20px\u00a0\u00bb][vc_column_text]<\/p>\n<p class=\"p1\"><span style=\"font-weight: 400;\">Notre industrie automobile est d\u00e9j\u00e0 reconnue parmi les grands du secteur. Des entreprises comme Denso, Fujitsu, Continental et Yazaki nous font d\u00e9j\u00e0 confiance.<\/span><\/p>\n<p>[\/vc_column_text][vc_empty_space height=\u00a0\u00bb40px\u00a0\u00bb][vc_column_text]<\/p>\n<h3>DES LIENS INDUSTRIELS FORTS<\/h3>\n<p>[\/vc_column_text][vc_empty_space height=\u00a0\u00bb20px\u00a0\u00bb][vc_column_text]<\/p>\n<p class=\"p1\"><span style=\"font-weight: 400;\">Les investisseurs dans notre secteur automobile tireront profit du lien solide qui relie nos industries connexes. Des matrices et des moules \u00e0 la gestion des processus m\u00e9tiers et informatique, notre secteur chef de file, nous avons les cl\u00e9s pour r\u00e9agir et nous adapter aux \u00e9volutions.<\/span><\/p>\n<p>[\/vc_column_text][vc_empty_space height=\u00a0\u00bb40px\u00a0\u00bb][vc_column_text]<\/p>\n<h3>STRUCTURES GOUVERNEMENTALES<\/h3>\n<p>[\/vc_column_text][vc_empty_space height=\u00a0\u00bb20px\u00a0\u00bb][vc_column_text]<\/p>\n<p class=\"p1\"><span style=\"font-weight: 400;\">Un cadre l\u00e9gislatif et politique \u00e9tendu en faveur de l\u2019industrie automobile est d\u00e9j\u00e0 en place, avec notamment de grands projets pour les transports et autres infrastructures qui augmenteront la demande en voitures, \u00e0 \u00e9chelle locale. Des mesures fiscales visant \u00e0 aider les entreprises automobiles sont vot\u00e9es et accord\u00e9es sur des crit\u00e8res tels que la production ou la performance, avec une priorit\u00e9 donn\u00e9e au d\u00e9veloppement du parc de v\u00e9hicules \u00e9lectriques.<\/span><\/p>\n<p>[\/vc_column_text][\/vc_column][vc_column width=\u00a0\u00bb1\/2&Prime;][vc_single_image image=\u00a0\u00bb1373&Prime; img_size=\u00a0\u00bblarge\u00a0\u00bb alignment=\u00a0\u00bbcenter\u00a0\u00bb qode_css_animation=\u00a0\u00bb\u00a0\u00bb][\/vc_column][\/vc_row][vc_row row_type=\u00a0\u00bbrow\u00a0\u00bb use_row_as_full_screen_section=\u00a0\u00bbno\u00a0\u00bb type=\u00a0\u00bbgrid\u00a0\u00bb text_align=\u00a0\u00bbcenter\u00a0\u00bb background_animation=\u00a0\u00bbnone\u00a0\u00bb padding_top=\u00a0\u00bb80&Prime; padding_bottom=\u00a0\u00bb40&Prime; css_animation=\u00a0\u00bb\u00a0\u00bb css=\u00a0\u00bb.vc_custom_1591625660923{background-color: #1226AA !important;}\u00a0\u00bb el_class=\u00a0\u00bbCOPYWHITE\u00a0\u00bb][vc_column][vc_column_text]<\/p>\n<h2>Chiffres cl\u00e9s<\/h2>\n<p>[\/vc_column_text][\/vc_column][\/vc_row][vc_row row_type=\u00a0\u00bbrow\u00a0\u00bb use_row_as_full_screen_section=\u00a0\u00bbno\u00a0\u00bb type=\u00a0\u00bbgrid\u00a0\u00bb text_align=\u00a0\u00bbleft\u00a0\u00bb background_animation=\u00a0\u00bbnone\u00a0\u00bb padding_top=\u00a0\u00bb40&Prime; padding_bottom=\u00a0\u00bb100&Prime; css_animation=\u00a0\u00bb\u00a0\u00bb css=\u00a0\u00bb.vc_custom_1591628046818{background-color: #1226AA !important;}\u00a0\u00bb el_class=\u00a0\u00bbCOPYWHITE\u00a0\u00bb][vc_column width=\u00a0\u00bb1\/4&Prime;]<div class='q_icon_with_title very_large normal_icon center'><div class=\"icon_holder q_icon_animation\" style=\" transition-delay: 100ms; -webkit-transition-delay: 100ms; -moz-transition-delay: 100ms; -o-transition-delay: 100ms;\"><div class=\"icon_holder_inner\"><span style=\"color: #ffffff;\" class=\"q_font_awsome_icon fa-5x \"><i class=\"icon_text_icon fa fa-gears\"><\/i><\/span><\/div><\/div><div class=\"icon_text_holder\" style=\"\"><div class=\"icon_text_inner\" style=\"\"><h2 class=\"icon_title\" style=\"color: #ffffff\">PLUS DE 4 MILLIARDS DE $ US<\/h2><p style=''>Valeur annuelle des pi\u00e8ces automobiles export\u00e9es<\/p><\/div><\/div><\/div>[\/vc_column][vc_column width=\u00a0\u00bb1\/4&Prime;]<div class='q_icon_with_title very_large normal_icon center'><div class=\"icon_holder q_icon_animation\" style=\" transition-delay: 200ms; -webkit-transition-delay: 200ms; -moz-transition-delay: 200ms; -o-transition-delay: 200ms;\"><div class=\"icon_holder_inner\"><span style=\"color: #ffffff;\" class=\"q_font_awsome_icon fa-5x \"><i class=\"icon_text_icon fa fa-users\"><\/i><\/span><\/div><\/div><div class=\"icon_text_holder\" style=\"\"><div class=\"icon_text_inner\" style=\"\"><h2 class=\"icon_title\" style=\"color: #ffffff\">70 000<\/h2><p style=''>emplois dans l\u2019industrie automobile<\/p><\/div><\/div><\/div>[\/vc_column][vc_column width=\u00a0\u00bb1\/4&Prime;]<div class='q_icon_with_title very_large normal_icon center'><div class=\"icon_holder q_icon_animation\" style=\" transition-delay: 300ms; -webkit-transition-delay: 300ms; -moz-transition-delay: 300ms; -o-transition-delay: 300ms;\"><div class=\"icon_holder_inner\"><span style=\"color: #ffffff;\" class=\"q_font_awsome_icon fa-5x \"><i class=\"icon_text_icon fa fa-car\"><\/i><\/span><\/div><\/div><div class=\"icon_text_holder\" style=\"\"><div class=\"icon_text_inner\" style=\"\"><h2 class=\"icon_title\" style=\"color: #ffffff\">PLUS DE<br \/>\n300 000<\/h2><p style=''>v\u00e9hicules vendus chaque ann\u00e9e<\/p><\/div><\/div><\/div>[\/vc_column][vc_column width=\u00a0\u00bb1\/4&Prime;]<div class='q_icon_with_title very_large normal_icon center'><div class=\"icon_holder q_icon_animation\" style=\" transition-delay: 400ms; -webkit-transition-delay: 400ms; -moz-transition-delay: 400ms; -o-transition-delay: 400ms;\"><div class=\"icon_holder_inner\"><span style=\"color: #ffffff;\" class=\"q_font_awsome_icon fa-5x \"><i class=\"icon_text_icon fa fa-code-fork\"><\/i><\/span><\/div><\/div><div class=\"icon_text_holder\" style=\"\"><div class=\"icon_text_inner\" style=\"\"><h2 class=\"icon_title\" style=\"color: #ffffff\">PLUS DE 55<\/h2><p style=''>fonderies approvisionnent les constructeurs automobiles<\/p><\/div><\/div><\/div>[\/vc_column][\/vc_row][vc_row row_type=\u00a0\u00bbrow\u00a0\u00bb use_row_as_full_screen_section=\u00a0\u00bbno\u00a0\u00bb type=\u00a0\u00bbgrid\u00a0\u00bb text_align=\u00a0\u00bbleft\u00a0\u00bb background_animation=\u00a0\u00bbnone\u00a0\u00bb padding_top=\u00a0\u00bb60&Prime; padding_bottom=\u00a0\u00bb60&Prime; css_animation=\u00a0\u00bb\u00a0\u00bb][vc_column width=\u00a0\u00bb1\/3&Prime;][\/vc_column][vc_column width=\u00a0\u00bb2\/3&Prime;][vc_column_text]<\/p>\n<h3>APER\u00c7U DE L\u2019INDUSTRIE AUTOMOBILE<\/h3>\n<p>[\/vc_column_text][vc_empty_space height=\u00a0\u00bb20px\u00a0\u00bb][vc_column_text]<span style=\"font-weight: 400;\">Au sein de notre \u00e9cosyst\u00e8me manufacturier, le secteur de l\u2019automobile est solidement d\u00e9velopp\u00e9 et jouit d\u2019une expansion rapide. Main dans la main avec le gouvernement, les entreprises automobiles s\u2019investissent dans le d\u00e9veloppement de la croissance du pays, et ce avec des r\u00e9percussions internationales. Hautement qualifi\u00e9s et exp\u00e9riment\u00e9s, nos fabricants de pi\u00e8ces d\u00e9tach\u00e9es sont pr\u00eats \u00e0 s\u2019associer avec de nouveaux investisseurs ambitieux. Et si les grandes multinationales de l\u2019automobile profitent d\u00e9j\u00e0 des avantages qu\u2019offrent les Philippines, nous souhaitons attirer davantage de soci\u00e9t\u00e9s.<\/span><\/p>\n<p><span style=\"font-weight: 400;\">Parmi les principaux assembleurs bas\u00e9s aux Philippines concern\u00e9s :<\/span><\/p>\n<ul>\n<li><span style=\"font-weight: 400;\">Toyota<\/span><\/li>\n<li><span style=\"font-weight: 400;\">MITSUBISHI<\/span><\/li>\n<li><span style=\"font-weight: 400;\">Honda<\/span><\/li>\n<li><span style=\"font-weight: 400;\">Denso<\/span><\/li>\n<li><span style=\"font-weight: 400;\">KTM<\/span><\/li>\n<li><span style=\"font-weight: 400;\">Scania<\/span><\/li>\n<li><span style=\"font-weight: 400;\">Volvo<\/span><\/li>\n<\/ul>\n<p><span style=\"font-weight: 400;\">Principaux fabricants de pi\u00e8ces :<\/span><\/p>\n<ul>\n<li><span style=\"font-weight: 400;\">Yazaki Torres<\/span><\/li>\n<li><span style=\"font-weight: 400;\">International Wiring Systems<\/span><\/li>\n<li><span style=\"font-weight: 400;\">Asian Transmission Corp<\/span><\/li>\n<\/ul>\n<p><span style=\"font-weight: 400;\">Non seulement nous avons acc\u00e8s \u00e0 des march\u00e9s cl\u00e9s, mais nous sommes pr\u00eats \u00e0 relever les nouveaux d\u00e9fis et \u00e0 nous imposer comme plaque tournante du secteur de l\u2019automobile en Asie-Pacifique. Avec une population en pleine croissance d\u00e9mographique et une augmentation du revenu moyen, la demande nationale ne peut qu\u2019exploser.<\/span><\/p>\n<p><span style=\"font-weight: 400;\">Nos fonderies sont pr\u00eates \u00e0 travailler les nouveaux mat\u00e9riaux et adopter des proc\u00e9d\u00e9s tels que l\u2019alliage aluminium-lithium pour l\u2019a\u00e9ronautique, aujourd\u2019hui un mat\u00e9riau de premier choix. La ma\u00eetrise d\u2019alliages d\u2019aluminium et de magn\u00e9sium permettra de r\u00e9pondre \u00e0 la demande de production de l\u2019automobile l\u00e9g\u00e8re. Les investisseurs peuvent nous faire confiance.<\/span><\/p>\n<p><span style=\"font-weight: 400;\">Notre but : pr\u00e9parer notre secteur automobile aux besoins futurs. L\u2019industrie s\u2019associe au gouvernement pour attirer les investisseurs. Non seulement nous innovons avec les v\u00e9hicules \u00e9lectriques, mais nous modernisons \u00e9galement nos transports publics.<\/span>[\/vc_column_text][\/vc_column][\/vc_row][vc_row row_type=\u00a0\u00bbrow\u00a0\u00bb use_row_as_full_screen_section=\u00a0\u00bbno\u00a0\u00bb type=\u00a0\u00bbgrid\u00a0\u00bb text_align=\u00a0\u00bbleft\u00a0\u00bb background_animation=\u00a0\u00bbnone\u00a0\u00bb css_animation=\u00a0\u00bb\u00a0\u00bb][vc_column offset=\u00a0\u00bbvc_hidden-lg vc_hidden-md vc_hidden-sm vc_hidden-xs\u00a0\u00bb][vc_empty_space height=\u00a0\u00bb60px\u00a0\u00bb][vc_empty_space height=\u00a0\u00bb100px\u00a0\u00bb el_class=\u00a0\u00bbmobile-hidden\u00a0\u00bb][vc_column_text][\/vc_column_text][vc_empty_space height=\u00a0\u00bb60px\u00a0\u00bb el_class=\u00a0\u00bbmobile-hidden\u00a0\u00bb][vc_empty_space height=\u00a0\u00bb100px\u00a0\u00bb el_class=\u00a0\u00bbmobile-hidden\u00a0\u00bb][\/vc_column][\/vc_row][vc_row row_type=\u00a0\u00bbrow\u00a0\u00bb use_row_as_full_screen_section=\u00a0\u00bbno\u00a0\u00bb type=\u00a0\u00bbgrid\u00a0\u00bb text_align=\u00a0\u00bbleft\u00a0\u00bb background_animation=\u00a0\u00bbnone\u00a0\u00bb padding_top=\u00a0\u00bb160&Prime; padding_bottom=\u00a0\u00bb160&Prime; css_animation=\u00a0\u00bb\u00a0\u00bb el_class=\u00a0\u00bbCOPYWHITE\u00a0\u00bb css=\u00a0\u00bb.vc_custom_1599465255633{background-color: #1226AA !important;}\u00a0\u00bb][vc_column width=\u00a0\u00bb1\/2&Prime;][vc_single_image image=\u00a0\u00bb1524&Prime; img_size=\u00a0\u00bblarge\u00a0\u00bb qode_css_animation=\u00a0\u00bb\u00a0\u00bb][\/vc_column][vc_column width=\u00a0\u00bb1\/2&Prime;][vc_column_text]<\/p>\n<h2>MITSUBISHI<\/h2>\n<p>[\/vc_column_text][vc_empty_space height=\u00a0\u00bb40px\u00a0\u00bb el_class=\u00a0\u00bbmobile-hidden\u00a0\u00bb][vc_column_text]Le fabricant automobile Mitsubishi Motors est pr\u00e9sent aux Philippines depuis plus de 50 ans et tire profit de l\u2019emplacement strat\u00e9gique du pays pour cibler et atteindre le march\u00e9 florissant de l\u2019ANASE. Le g\u00e9ant a su saisir l\u2019int\u00e9r\u00eat g\u00e9ographique des Philippines pour ses besoins en importation et exportation de marchandise.<\/p>\n<p>Le gouvernement n\u2019ayant jamais cess\u00e9 d\u2019\u0153uvrer pour la croissance du march\u00e9 automobile, Mitsubishi rapporte aujourd\u2019hui une croissance soutenue depuis plus de 5 d\u00e9cennies. Le PDG de Mitsubishi encourage ses concurrents \u00e0 profiter des opportunit\u00e9s commerciales int\u00e9ressantes qui existent aux Philippines.[\/vc_column_text][\/vc_column][\/vc_row][vc_row row_type=\u00a0\u00bbrow\u00a0\u00bb use_row_as_full_screen_section=\u00a0\u00bbno\u00a0\u00bb type=\u00a0\u00bbfull_width\u00a0\u00bb text_align=\u00a0\u00bbcenter\u00a0\u00bb background_animation=\u00a0\u00bbnone\u00a0\u00bb padding_top=\u00a0\u00bb0&Prime; padding_bottom=\u00a0\u00bb0&Prime; css_animation=\u00a0\u00bb\u00a0\u00bb][vc_column][vc_empty_space height=\u00a0\u00bb60px\u00a0\u00bb][vc_empty_space height=\u00a0\u00bb120px\u00a0\u00bb el_class=\u00a0\u00bbmobile-hidden\u00a0\u00bb][vc_column_text]<\/p>\n<h2>Vous souhaitez \u00e9changer avec un conseiller ?<\/h2>\n<p>[\/vc_column_text][vc_empty_space height=\u00a0\u00bb40px\u00a0\u00bb][vc_column_text]<\/p>\n<div class=\"wpb_text_column wpb_content_element \">\n<div class=\"wpb_wrapper\">\n<h4 class=\"p1\">Demandez d\u00e8s maintenant une consultation gratuite avec l\u2019un de nos sp\u00e9cialistes en placement.<\/h4>\n<\/div>\n<\/div>\n<p>[\/vc_column_text][vc_empty_space height=\u00a0\u00bb40px\u00a0\u00bb]<a href=\"\/fr\/nous-contacter\/\" target=\"_self\"  class=\"qbutton  large\" style=\"\">Nous contacter<\/a>[vc_empty_space height=\u00a0\u00bb60px\u00a0\u00bb][vc_empty_space height=\u00a0\u00bb120px\u00a0\u00bb el_class=\u00a0\u00bbmobile-hidden\u00a0\u00bb][\/vc_column][\/vc_row]<\/p>\n","protected":false},"excerpt":{"rendered":"<p>[vc_row row_type=\u00a0\u00bbrow\u00a0\u00bb use_row_as_full_screen_section=\u00a0\u00bbno\u00a0\u00bb type=\u00a0\u00bbfull_width\u00a0\u00bb text_align=\u00a0\u00bbcenter\u00a0\u00bb background_image=\u00a0\u00bb1375&Prime; background_animation=\u00a0\u00bbnone\u00a0\u00bb css_animation=\u00a0\u00bb\u00a0\u00bb css=\u00a0\u00bb.vc_custom_1599127586615{background-color: #1226AA !important;}\u00a0\u00bb el_class=\u00a0\u00bbCOPYWHITE controlled-h1&Prime;][vc_column][vc_empty_space height=\u00a0\u00bb100px\u00a0\u00bb][vc_empty_space height=\u00a0\u00bb100px\u00a0\u00bb el_class=\u00a0\u00bbmobile-hidden\u00a0\u00bb][vc_column_text] AUTOMOBILE [\/vc_column_text][vc_empty_space height=\u00a0\u00bb100px\u00a0\u00bb][vc_empty_space height=\u00a0\u00bb100px\u00a0\u00bb el_class=\u00a0\u00bbmobile-hidden\u00a0\u00bb][\/vc_column][\/vc_row][vc_row row_type=\u00a0\u00bbrow\u00a0\u00bb use_row_as_full_screen_section=\u00a0\u00bbno\u00a0\u00bb type=\u00a0\u00bbgrid\u00a0\u00bb text_align=\u00a0\u00bbleft\u00a0\u00bb background_animation=\u00a0\u00bbnone\u00a0\u00bb padding_top=\u00a0\u00bb80&Prime; padding_bottom=\u00a0\u00bb80&Prime; css_animation=\u00a0\u00bb\u00a0\u00bb][vc_column width=\u00a0\u00bb1\/2&Prime;][vc_column_text] UNE INDUSTRIE BIEN \u00c9TABLIE [\/vc_column_text][vc_empty_space height=\u00a0\u00bb20px\u00a0\u00bb][vc_column_text] Notre industrie automobile est d\u00e9j\u00e0 reconnue parmi les grands&#8230;<\/p>\n","protected":false},"author":1,"featured_media":0,"parent":1832,"menu_order":0,"comment_status":"closed","ping_status":"closed","template":"full_width.php","meta":{"footnotes":""},"class_list":["post-1835","page","type-page","status-publish","hentry"],"_links":{"self":[{"href":"https:\/\/philippines.business\/fr\/wp-json\/wp\/v2\/pages\/1835","targetHints":{"allow":["GET"]}}],"collection":[{"href":"https:\/\/philippines.business\/fr\/wp-json\/wp\/v2\/pages"}],"about":[{"href":"https:\/\/philippines.business\/fr\/wp-json\/wp\/v2\/types\/page"}],"author":[{"embeddable":true,"href":"https:\/\/philippines.business\/fr\/wp-json\/wp\/v2\/users\/1"}],"replies":[{"embeddable":true,"href":"https:\/\/philippines.business\/fr\/wp-json\/wp\/v2\/comments?post=1835"}],"version-history":[{"count":17,"href":"https:\/\/philippines.business\/fr\/wp-json\/wp\/v2\/pages\/1835\/revisions"}],"predecessor-version":[{"id":7591,"href":"https:\/\/philippines.business\/fr\/wp-json\/wp\/v2\/pages\/1835\/revisions\/7591"}],"up":[{"embeddable":true,"href":"https:\/\/philippines.business\/fr\/wp-json\/wp\/v2\/pages\/1832"}],"wp:attachment":[{"href":"https:\/\/philippines.business\/fr\/wp-json\/wp\/v2\/media?parent=1835"}],"curies":[{"name":"wp","href":"https:\/\/api.w.org\/{rel}","templated":true}]}}