{"id":1834,"date":"2020-06-08T15:11:34","date_gmt":"2020-06-08T14:11:34","guid":{"rendered":"https:\/\/philippines.business\/industries\/aerospace\/"},"modified":"2021-02-25T10:36:28","modified_gmt":"2021-02-25T10:36:28","slug":"aerospatial","status":"publish","type":"page","link":"https:\/\/philippines.business\/fr\/secteurs-industriels\/aerospatial\/","title":{"rendered":"A\u00e9rospatial"},"content":{"rendered":"<p>[vc_row row_type=\u00a0\u00bbrow\u00a0\u00bb use_row_as_full_screen_section=\u00a0\u00bbno\u00a0\u00bb type=\u00a0\u00bbfull_width\u00a0\u00bb text_align=\u00a0\u00bbcenter\u00a0\u00bb background_image=\u00a0\u00bb1371&Prime; background_animation=\u00a0\u00bbnone\u00a0\u00bb padding_top=\u00a0\u00bb0&Prime; padding_bottom=\u00a0\u00bb0&Prime; css_animation=\u00a0\u00bb\u00a0\u00bb css=\u00a0\u00bb.vc_custom_1599469402274{background-color: #1226aa !important;}\u00a0\u00bb el_class=\u00a0\u00bbCOPYWHITE\u00a0\u00bb][vc_column][vc_empty_space height=\u00a0\u00bb100px\u00a0\u00bb][vc_empty_space height=\u00a0\u00bb100px\u00a0\u00bb el_class=\u00a0\u00bbmobile-hidden\u00a0\u00bb][vc_column_text el_class=\u00a0\u00bbcontrolled-h1&Prime;]<\/p>\n<h1>A\u00c9ROSPATIAL<\/h1>\n<p>[\/vc_column_text][vc_empty_space height=\u00a0\u00bb100px\u00a0\u00bb][vc_empty_space height=\u00a0\u00bb100px\u00a0\u00bb el_class=\u00a0\u00bbmobile-hidden\u00a0\u00bb][\/vc_column][\/vc_row][vc_row row_type=\u00a0\u00bbrow\u00a0\u00bb use_row_as_full_screen_section=\u00a0\u00bbno\u00a0\u00bb type=\u00a0\u00bbgrid\u00a0\u00bb text_align=\u00a0\u00bbleft\u00a0\u00bb background_animation=\u00a0\u00bbnone\u00a0\u00bb padding_top=\u00a0\u00bb80&Prime; padding_bottom=\u00a0\u00bb80&Prime; css_animation=\u00a0\u00bb\u00a0\u00bb][vc_column width=\u00a0\u00bb1\/2&Prime;][vc_column_text]<\/p>\n<h3>HAUTE PERFORMANCE<\/h3>\n<p>[\/vc_column_text][vc_empty_space height=\u00a0\u00bb20px\u00a0\u00bb][vc_column_text]<\/p>\n<p class=\"p1\"><span style=\"font-weight: 400;\">Nous exportons plus de 780 millions de dollars US de pi\u00e8ces et composants pour l\u2019a\u00e9rospatial chaque ann\u00e9e, ce qui se traduit par une augmentation annuelle de 8 %. Nous exportons principalement vers les \u00c9tats-Unis et la France.<\/span><\/p>\n<p>[\/vc_column_text][vc_empty_space height=\u00a0\u00bb40px\u00a0\u00bb][vc_column_text]<\/p>\n<h3>PORTE D\u2019ENTR\u00c9E SUR L\u2019ASIE<\/h3>\n<p>[\/vc_column_text][vc_empty_space height=\u00a0\u00bb20px\u00a0\u00bb][vc_column_text]<\/p>\n<p class=\"p1\"><span style=\"font-weight: 400;\">L\u2019Asie Pacifique est la r\u00e9gion la plus dynamique de ce secteur, et nous nous situons au c\u0153ur de cette r\u00e9gion. Une position strat\u00e9gique qui nous place \u00e0 moins de cinq heures de route des villes majeures, soit au centre du hub MRO.<\/span><\/p>\n<p>[\/vc_column_text][vc_empty_space height=\u00a0\u00bb40px\u00a0\u00bb][vc_column_text]<\/p>\n<h3>LA POPULATION PARFAITE<\/h3>\n<p>[\/vc_column_text][vc_empty_space height=\u00a0\u00bb20px\u00a0\u00bb][vc_column_text]<\/p>\n<p class=\"p1\"><span style=\"font-weight: 400;\">Allier notre forte d\u00e9mographie \u00e0 une formation de qualit\u00e9 constitue un v\u00e9ritable atout pour votre entreprise. Notre formation en a\u00e9ronautique, par exemple, est extr\u00eamement compl\u00e8te : maintenance, ing\u00e9nierie et formation au pilotage.<\/span><\/p>\n<p>[\/vc_column_text][vc_empty_space height=\u00a0\u00bb20px\u00a0\u00bb][\/vc_column][vc_column width=\u00a0\u00bb1\/2&Prime;][vc_single_image image=\u00a0\u00bb1369&Prime; img_size=\u00a0\u00bblarge\u00a0\u00bb alignment=\u00a0\u00bbcenter\u00a0\u00bb qode_css_animation=\u00a0\u00bb\u00a0\u00bb][\/vc_column][\/vc_row][vc_row row_type=\u00a0\u00bbrow\u00a0\u00bb use_row_as_full_screen_section=\u00a0\u00bbno\u00a0\u00bb type=\u00a0\u00bbgrid\u00a0\u00bb text_align=\u00a0\u00bbcenter\u00a0\u00bb background_animation=\u00a0\u00bbnone\u00a0\u00bb padding_top=\u00a0\u00bb80&Prime; padding_bottom=\u00a0\u00bb40&Prime; css_animation=\u00a0\u00bb\u00a0\u00bb css=\u00a0\u00bb.vc_custom_1591625660923{background-color: #1226AA !important;}\u00a0\u00bb el_class=\u00a0\u00bbCOPYWHITE\u00a0\u00bb][vc_column][vc_column_text]<\/p>\n<h2>Chiffres cl\u00e9s<\/h2>\n<p>[\/vc_column_text][\/vc_column][\/vc_row][vc_row row_type=\u00a0\u00bbrow\u00a0\u00bb use_row_as_full_screen_section=\u00a0\u00bbno\u00a0\u00bb type=\u00a0\u00bbgrid\u00a0\u00bb text_align=\u00a0\u00bbleft\u00a0\u00bb background_animation=\u00a0\u00bbnone\u00a0\u00bb padding_top=\u00a0\u00bb40&Prime; padding_bottom=\u00a0\u00bb100&Prime; css_animation=\u00a0\u00bb\u00a0\u00bb css=\u00a0\u00bb.vc_custom_1591628046818{background-color: #1226AA !important;}\u00a0\u00bb el_class=\u00a0\u00bbCOPYWHITE\u00a0\u00bb][vc_column width=\u00a0\u00bb1\/4&Prime;]<div class='q_icon_with_title very_large normal_icon center'><div class=\"icon_holder q_icon_animation\" style=\" transition-delay: 100ms; -webkit-transition-delay: 100ms; -moz-transition-delay: 100ms; -o-transition-delay: 100ms;\"><div class=\"icon_holder_inner\"><span style=\"color: #ffffff;\" class=\"q_font_awsome_icon fa-5x \"><i class=\"icon_text_icon fa fa-gears\"><\/i><\/span><\/div><\/div><div class=\"icon_text_holder\" style=\"\"><div class=\"icon_text_inner\" style=\"\"><h2 class=\"icon_title\" style=\"color: #ffffff\">PLUS DE 780 MILLIONS DE $ US<\/h2><p style=''>Valeur des pi\u00e8ces a\u00e9ronautiques export\u00e9es<\/p><\/div><\/div><\/div>[\/vc_column][vc_column width=\u00a0\u00bb1\/4&Prime;]<div class='q_icon_with_title very_large normal_icon center'><div class=\"icon_holder q_icon_animation\" style=\" transition-delay: 200ms; -webkit-transition-delay: 200ms; -moz-transition-delay: 200ms; -o-transition-delay: 200ms;\"><div class=\"icon_holder_inner\"><span style=\"color: #ffffff;\" class=\"q_font_awsome_icon fa-5x \"><i class=\"icon_text_icon fa fa-line-chart\"><\/i><\/span><\/div><\/div><div class=\"icon_text_holder\" style=\"\"><div class=\"icon_text_inner\" style=\"\"><h2 class=\"icon_title\" style=\"color: #ffffff\">2,6 MILLIARDS DE $ US<\/h2><p style=''>Pr\u00e9vision des exportations a\u00e9rospatiales d\u2019ici 2022<\/p><\/div><\/div><\/div>[\/vc_column][vc_column width=\u00a0\u00bb1\/4&Prime;]<div class='q_icon_with_title very_large normal_icon center'><div class=\"icon_holder q_icon_animation\" style=\" transition-delay: 300ms; -webkit-transition-delay: 300ms; -moz-transition-delay: 300ms; -o-transition-delay: 300ms;\"><div class=\"icon_holder_inner\"><span style=\"color: #ffffff;\" class=\"q_font_awsome_icon fa-5x \"><i class=\"icon_text_icon fa fa-plane\"><\/i><\/span><\/div><\/div><div class=\"icon_text_holder\" style=\"\"><div class=\"icon_text_inner\" style=\"\"><h2 class=\"icon_title\" style=\"color: #ffffff\">31 %<\/h2><p style=''>Augmentation du nombre de passagers a\u00e9riens au cours des derni\u00e8res ann\u00e9es<\/p><\/div><\/div><\/div>[\/vc_column][vc_column width=\u00a0\u00bb1\/4&Prime;]<div class='q_icon_with_title very_large normal_icon center'><div class=\"icon_holder q_icon_animation\" style=\" transition-delay: 400ms; -webkit-transition-delay: 400ms; -moz-transition-delay: 400ms; -o-transition-delay: 400ms;\"><div class=\"icon_holder_inner\"><span style=\"color: #ffffff;\" class=\"q_font_awsome_icon fa-5x \"><i class=\"icon_text_icon fa fa-users\"><\/i><\/span><\/div><\/div><div class=\"icon_text_holder\" style=\"\"><div class=\"icon_text_inner\" style=\"\"><h2 class=\"icon_title\" style=\"color: #ffffff\">100 MILLIONS<\/h2><p style=''>Nombre de touristes philippins et \u00e9trangers pr\u00e9vu d\u2019ici 2022<\/p><\/div><\/div><\/div>[\/vc_column][\/vc_row][vc_row row_type=\u00a0\u00bbrow\u00a0\u00bb use_row_as_full_screen_section=\u00a0\u00bbno\u00a0\u00bb type=\u00a0\u00bbgrid\u00a0\u00bb text_align=\u00a0\u00bbleft\u00a0\u00bb background_animation=\u00a0\u00bbnone\u00a0\u00bb padding_top=\u00a0\u00bb60&Prime; padding_bottom=\u00a0\u00bb60&Prime; css_animation=\u00a0\u00bb\u00a0\u00bb][vc_column width=\u00a0\u00bb1\/3&Prime;][\/vc_column][vc_column width=\u00a0\u00bb2\/3&Prime;][vc_column_text]<\/p>\n<h3>APER\u00c7U DE L\u2019INDUSTRIE A\u00c9ROSPATIALE<\/h3>\n<p>[\/vc_column_text][vc_empty_space height=\u00a0\u00bb20px\u00a0\u00bb][vc_column_text]<span style=\"font-weight: 400;\">Notre secteur a\u00e9ronautique est pr\u00eat \u00e0 d\u00e9coller. Apr\u00e8s une forte croissance interne, nous avons su nous imposer en toute discr\u00e9tion avec, entre autres, des fournisseurs de premier rang fermement \u00e9tablis et extr\u00eamement fiables et les plus grands fabricants au monde.<\/span><\/p>\n<p><span style=\"font-weight: 400;\">Les capacit\u00e9s de production en a\u00e9ronautique comprennent :<\/span><\/p>\n<ul>\n<li><span style=\"font-weight: 400;\">les syst\u00e8mes de commande de vol et d\u2019actionnement<\/span><\/li>\n<li><span style=\"font-weight: 400;\">int\u00e9rieurs, toilettes, galleys<\/span><\/li>\n<li><span style=\"font-weight: 400;\">ing\u00e9nierie et conception de produit<\/span><\/li>\n<\/ul>\n<p><span style=\"font-weight: 400;\">Collins Aerospace (USA) et Moog Controls (USA) sont des exemples de fournisseurs \u00e9trangers de premier rang aux Philippines.<\/span><\/p>\n<p><span style=\"font-weight: 400;\">Ce secteur conna\u00eet un potentiel sans pr\u00e9c\u00e9dent en Asie-Pacifique, notamment avec un trafic a\u00e9rien en forte augmentation qui se traduit par de nouveaux besoins en services de maintenance, mais aussi en avions. Et notre cha\u00eene d\u2019approvisionnement est d\u00e9j\u00e0 en mesure de r\u00e9pondre aux nouvelles exigences, des compagnies low cost aux g\u00e9ants de l\u2019industrie.<\/span><\/p>\n<p><span style=\"font-weight: 400;\">Un dynamisme croissant dans la Maintenance, la R\u00e9paration et la R\u00e9vision (MRO). Parmi nos comp\u00e9tences :<\/span><\/p>\n<ul>\n<li><span style=\"font-weight: 400;\">maintenance en ligne et de base<\/span><\/li>\n<li><span style=\"font-weight: 400;\">gestion de flotte<\/span><\/li>\n<li><span style=\"font-weight: 400;\">reconfiguration des cabines<\/span><\/li>\n<\/ul>\n<p><span style=\"font-weight: 400;\">Lufthansa Technik (Allemagne) et SIA Engineering (Singapour) sont des exemples de fournisseurs \u00e9trangers de premier rang bas\u00e9s aux Philippines.<\/span><\/p>\n<p><span style=\"font-weight: 400;\">Notre offre MRO se d\u00e9veloppe \u00e9galement. Les grands transporteurs internationaux choisissent d\u2019effectuer la maintenance de leurs flottes aux Philippines. Ainsi, nous importons chaque ann\u00e9e \u00e0 hauteur de 3 milliards de dollars US d\u2019avions et de composants pour r\u00e9pondre \u00e0 la demande qui ne cesse de cro\u00eetre.<\/span><\/p>\n<p><span style=\"font-weight: 400;\">Notre gouvernement souhaite d\u00e9velopper ce secteur et agit en cons\u00e9quence en proposant des initiatives intergouvernementales visant \u00e0 augmenter le nombre de routes, \u00e0 d\u00e9velopper les infrastructures a\u00e9roportuaires et \u00e0 moderniser les forces arm\u00e9es.<\/span><\/p>\n<p><span style=\"font-weight: 400;\">Notre objectif : devenir la plaque tournante incontournable pour la fabrication et la maintenance dans l\u2019industrie de l\u2019a\u00e9ronautique en Asie-Pacifique. Et nous sommes pr\u00eats \u00e0 relever le d\u00e9fi. Nous sommes pr\u00eats \u00e0 vous accompagner dans votre qu\u00eate de d\u00e9veloppement.<\/span>[\/vc_column_text][\/vc_column][\/vc_row][vc_row row_type=\u00a0\u00bbrow\u00a0\u00bb use_row_as_full_screen_section=\u00a0\u00bbno\u00a0\u00bb type=\u00a0\u00bbfull_width\u00a0\u00bb text_align=\u00a0\u00bbleft\u00a0\u00bb background_animation=\u00a0\u00bbnone\u00a0\u00bb padding_bottom=\u00a0\u00bb100&Prime; css_animation=\u00a0\u00bb\u00a0\u00bb][vc_column offset=\u00a0\u00bbvc_hidden-lg vc_hidden-md vc_hidden-sm vc_hidden-xs\u00a0\u00bb][vc_column_text][\/vc_column_text][\/vc_column][\/vc_row][vc_row row_type=\u00a0\u00bbrow\u00a0\u00bb use_row_as_full_screen_section=\u00a0\u00bbno\u00a0\u00bb type=\u00a0\u00bbgrid\u00a0\u00bb text_align=\u00a0\u00bbleft\u00a0\u00bb background_animation=\u00a0\u00bbnone\u00a0\u00bb padding_top=\u00a0\u00bb160&Prime; padding_bottom=\u00a0\u00bb160&Prime; css_animation=\u00a0\u00bb\u00a0\u00bb el_class=\u00a0\u00bbCOPYWHITE\u00a0\u00bb css=\u00a0\u00bb.vc_custom_1592818378007{background-color: #1226AA !important;}\u00a0\u00bb][vc_column width=\u00a0\u00bb1\/2&Prime;][vc_single_image image=\u00a0\u00bb1522&Prime; img_size=\u00a0\u00bblarge\u00a0\u00bb qode_css_animation=\u00a0\u00bb\u00a0\u00bb][\/vc_column][vc_column width=\u00a0\u00bb1\/2&Prime;][vc_column_text]<\/p>\n<h2>Lufthansa Technik<\/h2>\n<p>[\/vc_column_text][vc_empty_space height=\u00a0\u00bb40px\u00a0\u00bb][vc_column_text]Lufthansa Technik figure parmi les principaux fournisseurs mondiaux de services d\u2019entretien, de r\u00e9paration, de r\u00e9vision et de modification d\u2019avions. L\u2019emplacement strat\u00e9gique des Philippines, associ\u00e9 \u00e0 une main-d\u2019\u0153uvre hautement qualifi\u00e9e et ma\u00eetrisant parfaitement l\u2019anglais, ont \u00e9t\u00e9 des facteurs cl\u00e9s dans la d\u00e9cision de Lufthansa Technik d\u2019investir ici.<\/p>\n<p>L\u2019entreprise a fait ses premiers pas aux Philippines en 2000 et emploie aujourd\u2019hui 3 300 personnes sur notre sol, profitant d\u2019un chiffre d\u2019affaires de 270 millions de dollars. Une s\u00e9rie d\u2019incitations fiscales et non fiscales attrayantes ont permis \u00e0 Lufthansa Technik de d\u00e9velopper son activit\u00e9. La soci\u00e9t\u00e9 cherche maintenant \u00e0 se d\u00e9velopper en investissant dans un nouveau hangar, ce qui augmentera sa capacit\u00e9 de production et cr\u00e9era 275 nouveaux emplois.[\/vc_column_text][\/vc_column][\/vc_row][vc_row row_type=\u00a0\u00bbrow\u00a0\u00bb use_row_as_full_screen_section=\u00a0\u00bbno\u00a0\u00bb type=\u00a0\u00bbfull_width\u00a0\u00bb text_align=\u00a0\u00bbcenter\u00a0\u00bb background_animation=\u00a0\u00bbnone\u00a0\u00bb padding_top=\u00a0\u00bb160&Prime; padding_bottom=\u00a0\u00bb160&Prime; css_animation=\u00a0\u00bb\u00a0\u00bb][vc_column][vc_column_text]<\/p>\n<div class=\"wpb_text_column wpb_content_element \">\n<div class=\"wpb_wrapper\">\n<h2>Vous souhaitez \u00e9changer avec un conseiller ?<\/h2>\n<\/div>\n<\/div>\n<p>[\/vc_column_text][vc_empty_space height=\u00a0\u00bb40px\u00a0\u00bb][vc_column_text]<\/p>\n<div class=\"wpb_text_column wpb_content_element \">\n<div class=\"wpb_wrapper\">\n<h4 class=\"p1\">Demandez d\u00e8s maintenant une consultation gratuite avec l\u2019un de nos sp\u00e9cialistes en placement.<\/h4>\n<\/div>\n<\/div>\n<p>[\/vc_column_text][vc_empty_space height=\u00a0\u00bb40px\u00a0\u00bb]<a href=\"\/fr\/nous-contacter\/\" target=\"_self\"  class=\"qbutton  large\" style=\"\">Nous contacter<\/a>[\/vc_column][\/vc_row]<\/p>\n","protected":false},"excerpt":{"rendered":"<p>[vc_row row_type=\u00a0\u00bbrow\u00a0\u00bb use_row_as_full_screen_section=\u00a0\u00bbno\u00a0\u00bb type=\u00a0\u00bbfull_width\u00a0\u00bb text_align=\u00a0\u00bbcenter\u00a0\u00bb background_image=\u00a0\u00bb1371&Prime; background_animation=\u00a0\u00bbnone\u00a0\u00bb padding_top=\u00a0\u00bb0&Prime; padding_bottom=\u00a0\u00bb0&Prime; css_animation=\u00a0\u00bb\u00a0\u00bb css=\u00a0\u00bb.vc_custom_1599469402274{background-color: #1226aa !important;}\u00a0\u00bb el_class=\u00a0\u00bbCOPYWHITE\u00a0\u00bb][vc_column][vc_empty_space height=\u00a0\u00bb100px\u00a0\u00bb][vc_empty_space height=\u00a0\u00bb100px\u00a0\u00bb el_class=\u00a0\u00bbmobile-hidden\u00a0\u00bb][vc_column_text el_class=\u00a0\u00bbcontrolled-h1&Prime;] A\u00c9ROSPATIAL [\/vc_column_text][vc_empty_space height=\u00a0\u00bb100px\u00a0\u00bb][vc_empty_space height=\u00a0\u00bb100px\u00a0\u00bb el_class=\u00a0\u00bbmobile-hidden\u00a0\u00bb][\/vc_column][\/vc_row][vc_row row_type=\u00a0\u00bbrow\u00a0\u00bb use_row_as_full_screen_section=\u00a0\u00bbno\u00a0\u00bb type=\u00a0\u00bbgrid\u00a0\u00bb text_align=\u00a0\u00bbleft\u00a0\u00bb background_animation=\u00a0\u00bbnone\u00a0\u00bb padding_top=\u00a0\u00bb80&Prime; padding_bottom=\u00a0\u00bb80&Prime; css_animation=\u00a0\u00bb\u00a0\u00bb][vc_column width=\u00a0\u00bb1\/2&Prime;][vc_column_text] HAUTE PERFORMANCE [\/vc_column_text][vc_empty_space height=\u00a0\u00bb20px\u00a0\u00bb][vc_column_text] Nous exportons plus de 780 millions de dollars US&#8230;<\/p>\n","protected":false},"author":1,"featured_media":0,"parent":1832,"menu_order":0,"comment_status":"closed","ping_status":"closed","template":"full_width.php","meta":{"footnotes":""},"class_list":["post-1834","page","type-page","status-publish","hentry"],"_links":{"self":[{"href":"https:\/\/philippines.business\/fr\/wp-json\/wp\/v2\/pages\/1834","targetHints":{"allow":["GET"]}}],"collection":[{"href":"https:\/\/philippines.business\/fr\/wp-json\/wp\/v2\/pages"}],"about":[{"href":"https:\/\/philippines.business\/fr\/wp-json\/wp\/v2\/types\/page"}],"author":[{"embeddable":true,"href":"https:\/\/philippines.business\/fr\/wp-json\/wp\/v2\/users\/1"}],"replies":[{"embeddable":true,"href":"https:\/\/philippines.business\/fr\/wp-json\/wp\/v2\/comments?post=1834"}],"version-history":[{"count":15,"href":"https:\/\/philippines.business\/fr\/wp-json\/wp\/v2\/pages\/1834\/revisions"}],"predecessor-version":[{"id":7511,"href":"https:\/\/philippines.business\/fr\/wp-json\/wp\/v2\/pages\/1834\/revisions\/7511"}],"up":[{"embeddable":true,"href":"https:\/\/philippines.business\/fr\/wp-json\/wp\/v2\/pages\/1832"}],"wp:attachment":[{"href":"https:\/\/philippines.business\/fr\/wp-json\/wp\/v2\/media?parent=1834"}],"curies":[{"name":"wp","href":"https:\/\/api.w.org\/{rel}","templated":true}]}}