{"id":5190,"date":"2021-01-27T14:55:40","date_gmt":"2021-01-27T14:55:40","guid":{"rendered":"https:\/\/philippines.business\/industrias\/energia-geotermica\/"},"modified":"2021-02-23T15:14:14","modified_gmt":"2021-02-23T15:14:14","slug":"energia-geotermica","status":"publish","type":"page","link":"https:\/\/philippines.business\/es\/industrias\/energia-geotermica\/","title":{"rendered":"Energ\u00eda geot\u00e9rmica"},"content":{"rendered":"<p>[vc_row row_type=\u00bbrow\u00bb use_row_as_full_screen_section=\u00bbno\u00bb type=\u00bbfull_width\u00bb text_align=\u00bbcenter\u00bb background_image=\u00bb6754&#8243; background_animation=\u00bbnone\u00bb padding_top=\u00bb0&#8243; padding_bottom=\u00bb0&#8243; css_animation=\u00bb\u00bb css=\u00bb.vc_custom_1614007671544{background-color: #1226aa !important;}\u00bb el_class=\u00bbCOPYWHITE\u00bb][vc_column][vc_empty_space height=\u00bb100px\u00bb][vc_empty_space height=\u00bb100px\u00bb el_class=\u00bbmobile-hidden\u00bb][vc_column_text el_class=\u00bbcontrolled-h1&#8243;]<\/p>\n<h1>Energ\u00eda geot\u00e9rmica<\/h1>\n<p>[\/vc_column_text][vc_empty_space height=\u00bb100px\u00bb][vc_empty_space height=\u00bb100px\u00bb el_class=\u00bbmobile-hidden\u00bb][\/vc_column][\/vc_row][vc_row row_type=\u00bbrow\u00bb use_row_as_full_screen_section=\u00bbno\u00bb type=\u00bbgrid\u00bb text_align=\u00bbleft\u00bb background_animation=\u00bbnone\u00bb padding_top=\u00bb80&#8243; padding_bottom=\u00bb80&#8243; css_animation=\u00bb\u00bb][vc_column width=\u00bb1\/2&#8243;][vc_column_text]<\/p>\n<h3>Ubicaci\u00f3n privilegiada<\/h3>\n<p>[\/vc_column_text][vc_empty_space height=\u00bb20px\u00bb][vc_column_text]Por su riqueza en recursos geot\u00e9rmicos, las Filipinas ofrecen ventajas econ\u00f3micas a las empresas generadoras de energ\u00eda geot\u00e9rmica.<\/p>\n<p>El pa\u00eds se ubica en un lugar ideal para aprovechar la energ\u00eda geot\u00e9rmica: la zona tect\u00f3nica del llamado Cintur\u00f3n de Fuego del Pac\u00edfico oriental, que se ubica en segundo lugar mundial en cuanto a capacidad instalada acumulada para energ\u00eda geot\u00e9rmica.<br \/>\n[\/vc_column_text][vc_empty_space height=\u00bb40px\u00bb][vc_column_text]<\/p>\n<h3>Rentabilidad de costos<\/h3>\n<p>[\/vc_column_text][vc_empty_space height=\u00bb20px\u00bb][vc_column_text]La extracci\u00f3n de vapor a partir de fuentes geot\u00e9rmicas es una alternativa m\u00e1s rentable que generar vapor mediante gas natural, carb\u00f3n u otros combustibles f\u00f3siles para las turbinas de vapor con las que se produce electricidad.<\/p>\n<p>La electricidad generada mediante plantas geot\u00e9rmicas es m\u00e1s econ\u00f3mica que la de plantas hidroel\u00e9ctricas.<br \/>\n[\/vc_column_text][vc_empty_space height=\u00bb40px\u00bb][vc_column_text]<\/p>\n<h3>Propiedad 100 % extranjera<\/h3>\n<p>[\/vc_column_text][vc_empty_space height=\u00bb20px\u00bb][vc_column_text]En la actualidad, las Filipinas ya permiten que las empresas extranjeras sean propietarias al 100 % de los proyectos geot\u00e9rmicos a gran escala.[\/vc_column_text][vc_empty_space height=\u00bb20px\u00bb][\/vc_column][vc_column width=\u00bb1\/2&#8243;][vc_single_image image=\u00bb6744&#8243; img_size=\u00bbfull\u00bb qode_css_animation=\u00bb\u00bb][\/vc_column][\/vc_row][vc_row row_type=\u00bbrow\u00bb use_row_as_full_screen_section=\u00bbno\u00bb type=\u00bbgrid\u00bb text_align=\u00bbcenter\u00bb background_animation=\u00bbnone\u00bb padding_top=\u00bb80&#8243; padding_bottom=\u00bb40&#8243; css_animation=\u00bb\u00bb css=\u00bb.vc_custom_1591625660923{background-color: #1226AA !important;}\u00bb el_class=\u00bbCOPYWHITE\u00bb][vc_column][vc_column_text]<\/p>\n<h2>Estad\u00edsticas principales<\/h2>\n<p>[\/vc_column_text][\/vc_column][\/vc_row][vc_row row_type=\u00bbrow\u00bb use_row_as_full_screen_section=\u00bbno\u00bb type=\u00bbgrid\u00bb text_align=\u00bbleft\u00bb background_animation=\u00bbnone\u00bb padding_top=\u00bb40&#8243; padding_bottom=\u00bb100&#8243; css_animation=\u00bb\u00bb css=\u00bb.vc_custom_1591628046818{background-color: #1226AA !important;}\u00bb el_class=\u00bbCOPYWHITE\u00bb][vc_column width=\u00bb1\/4&#8243;]<div class='q_icon_with_title very_large normal_icon center'><div class=\"icon_holder q_icon_animation\" style=\" transition-delay: 100ms; -webkit-transition-delay: 100ms; -moz-transition-delay: 100ms; -o-transition-delay: 100ms;\"><div class=\"icon_holder_inner\"><span style=\"color: #ffffff;\" class=\"q_font_awsome_icon fa-5x \"><i class=\"icon_text_icon fa fa-lightbulb-o\"><\/i><\/span><\/div><\/div><div class=\"icon_text_holder\" style=\"\"><div class=\"icon_text_inner\" style=\"\"><h2 class=\"icon_title\" style=\"color: #ffffff\">4790 MW<\/h2><p style=''>Potenciales reservas<\/p><\/div><\/div><\/div>[\/vc_column][vc_column width=\u00bb1\/4&#8243;]<div class='q_icon_with_title very_large normal_icon center'><div class=\"icon_holder q_icon_animation\" style=\" transition-delay: 200ms; -webkit-transition-delay: 200ms; -moz-transition-delay: 200ms; -o-transition-delay: 200ms;\"><div class=\"icon_holder_inner\"><span style=\"color: #ffffff;\" class=\"q_font_awsome_icon fa-5x \"><i class=\"icon_text_icon fa fa-map\"><\/i><\/span><\/div><\/div><div class=\"icon_text_holder\" style=\"\"><div class=\"icon_text_inner\" style=\"\"><h2 class=\"icon_title\" style=\"color: #ffffff\">2047 MW<\/h2><p style=''>Reservas comprobadas en la regi\u00f3n<\/p><\/div><\/div><\/div>[\/vc_column][vc_column width=\u00bb1\/4&#8243;]<div class='q_icon_with_title very_large normal_icon center'><div class=\"icon_holder q_icon_animation\" style=\" transition-delay: 300ms; -webkit-transition-delay: 300ms; -moz-transition-delay: 300ms; -o-transition-delay: 300ms;\"><div class=\"icon_holder_inner\"><span style=\"color: #ffffff;\" class=\"q_font_awsome_icon fa-5x \"><i class=\"icon_text_icon fa fa-line-chart\"><\/i><\/span><\/div><\/div><div class=\"icon_text_holder\" style=\"\"><div class=\"icon_text_inner\" style=\"\"><h2 class=\"icon_title\" style=\"color: #ffffff\">1070 MW<\/h2><p style=''>Capacidad geot\u00e9rmica para alcanzar un total de 3097 MW en 2030<\/p><\/div><\/div><\/div>[\/vc_column][vc_column width=\u00bb1\/4&#8243;]<div class='q_icon_with_title very_large normal_icon center'><div class=\"icon_holder q_icon_animation\" style=\" transition-delay: 400ms; -webkit-transition-delay: 400ms; -moz-transition-delay: 400ms; -o-transition-delay: 400ms;\"><div class=\"icon_holder_inner\"><span style=\"color: #ffffff;\" class=\"q_font_awsome_icon fa-5x \"><i class=\"icon_text_icon fa fa-users\"><\/i><\/span><\/div><\/div><div class=\"icon_text_holder\" style=\"\"><div class=\"icon_text_inner\" style=\"\"><h2 class=\"icon_title\" style=\"color: #ffffff\">+7000<\/h2><p style=''>Empleos creados<\/p><\/div><\/div><\/div>[\/vc_column][\/vc_row][vc_row row_type=\u00bbrow\u00bb use_row_as_full_screen_section=\u00bbno\u00bb type=\u00bbgrid\u00bb text_align=\u00bbleft\u00bb background_animation=\u00bbnone\u00bb padding_top=\u00bb60&#8243; padding_bottom=\u00bb60&#8243; css_animation=\u00bb\u00bb][vc_column width=\u00bb1\/3&#8243;][\/vc_column][vc_column width=\u00bb2\/3&#8243;][vc_column_text]<\/p>\n<h3>RESUMEN DEL SECTOR DE LA ENERG\u00cdA GEOT\u00c9RMICA<\/h3>\n<p>[\/vc_column_text][vc_empty_space height=\u00bb20px\u00bb][vc_column_text]Las Filipinas son el segundo principal productor de energ\u00eda geot\u00e9rmica del mundo, despu\u00e9s de los Estados Unidos. El pa\u00eds cuenta con vastos recursos geot\u00e9rmicos y asegura una mayor participaci\u00f3n del sector privado en la exploraci\u00f3n y desarrollo de tales recursos mediante un proceso de selecci\u00f3n abierta y competitiva y la concesi\u00f3n de contratos de servicio de energ\u00eda geot\u00e9rmica renovable. Varias regiones aguardan actividades geot\u00e9rmicas de exploraci\u00f3n y producci\u00f3n, que implican programas de perforaci\u00f3n, mientras que algunas reservas geot\u00e9rmicas se encuentran listas para aprovechar el vapor.<\/p>\n<p>Nuestro gobierno identifica \u00e1reas potenciales de recursos geot\u00e9rmicos, donde los inversionistas puedan llevar a cabo actividades de exploraci\u00f3n y predesarrollo. Adem\u00e1s, para atraer a los inversionistas a proyectos en zonas silvestres, tambi\u00e9n ha mejorado los est\u00edmulos tributarios de la siguiente manera:<\/p>\n<ul>\n<li>Tregua fiscal para los ingresos<\/li>\n<li>Exenci\u00f3n de aranceles para maquinaria y materiales para energ\u00edas renovables<\/li>\n<li>Reembolso de gastos de operaci\u00f3n de hasta el 70 % de las ganancias brutas de producci\u00f3n con traslado de costos no recuperados<\/li>\n<li>Tasa cero de IVA<\/li>\n<\/ul>\n<p>Entre las principales empresas que operan en las Filipinas se encuentran:<\/p>\n<ul>\n<li>Energy Development Corporation<\/li>\n<li>Aboitiz Power<\/li>\n<li>Chevron Geothermal Services Company<\/li>\n<li>Emerging Power Inc.<\/li>\n<li>Energy Development Corporation<\/li>\n<li>Maibarara Geothermal Inc.,<\/li>\n<li>Philippine Geothermal Production Company Inc.<\/li>\n<\/ul>\n<p>Empresas extrajeras que ya se encuentran en el pa\u00eds:<\/p>\n<ul>\n<li>Tamoin Industrial Services Corp. (TISCO)<\/li>\n<li>Asia. Eni Green Power<\/li>\n<li>Marubeni<\/li>\n<\/ul>\n<p>[\/vc_column_text][\/vc_column][\/vc_row][vc_row row_type=\u00bbrow\u00bb use_row_as_full_screen_section=\u00bbno\u00bb type=\u00bbfull_width\u00bb text_align=\u00bbcenter\u00bb background_animation=\u00bbnone\u00bb padding_top=\u00bb160&#8243; padding_bottom=\u00bb160&#8243; css_animation=\u00bb\u00bb][vc_column][vc_column_text]<\/p>\n<div class=\"wpb_text_column wpb_content_element \">\n<div class=\"wpb_wrapper\">\n<h2>\u00bfDesea que hablemos?<\/h2>\n<\/div>\n<\/div>\n<p>[\/vc_column_text][vc_empty_space height=\u00bb40px\u00bb][vc_column_text]<\/p>\n<div class=\"wpb_text_column wpb_content_element \">\n<div class=\"wpb_wrapper\">\n<h4 class=\"p1\">Solicite hoy una consulta sin costo con uno de nuestros expertos en inversiones.<\/h4>\n<\/div>\n<\/div>\n<p>[\/vc_column_text][vc_empty_space height=\u00bb40px\u00bb]<a href=\"\/es\/contacto\/\" target=\"_self\"  class=\"qbutton  large\" style=\"\">CONTACTE CON NOSOTROS<\/a>[\/vc_column][\/vc_row]<\/p>\n","protected":false},"excerpt":{"rendered":"<p>[vc_row row_type=\u00bbrow\u00bb use_row_as_full_screen_section=\u00bbno\u00bb type=\u00bbfull_width\u00bb text_align=\u00bbcenter\u00bb background_image=\u00bb6754&#8243; background_animation=\u00bbnone\u00bb padding_top=\u00bb0&#8243; padding_bottom=\u00bb0&#8243; css_animation=\u00bb\u00bb css=\u00bb.vc_custom_1614007671544{background-color: #1226aa !important;}\u00bb el_class=\u00bbCOPYWHITE\u00bb][vc_column][vc_empty_space height=\u00bb100px\u00bb][vc_empty_space height=\u00bb100px\u00bb el_class=\u00bbmobile-hidden\u00bb][vc_column_text el_class=\u00bbcontrolled-h1&#8243;] Energ\u00eda geot\u00e9rmica [\/vc_column_text][vc_empty_space height=\u00bb100px\u00bb][vc_empty_space height=\u00bb100px\u00bb el_class=\u00bbmobile-hidden\u00bb][\/vc_column][\/vc_row][vc_row row_type=\u00bbrow\u00bb use_row_as_full_screen_section=\u00bbno\u00bb type=\u00bbgrid\u00bb text_align=\u00bbleft\u00bb background_animation=\u00bbnone\u00bb padding_top=\u00bb80&#8243; padding_bottom=\u00bb80&#8243; css_animation=\u00bb\u00bb][vc_column width=\u00bb1\/2&#8243;][vc_column_text] Ubicaci\u00f3n privilegiada [\/vc_column_text][vc_empty_space height=\u00bb20px\u00bb][vc_column_text]Por su riqueza en recursos geot\u00e9rmicos, las Filipinas ofrecen&#8230;<\/p>\n","protected":false},"author":1,"featured_media":0,"parent":2266,"menu_order":0,"comment_status":"closed","ping_status":"closed","template":"full_width.php","meta":{"footnotes":""},"class_list":["post-5190","page","type-page","status-publish","hentry"],"_links":{"self":[{"href":"https:\/\/philippines.business\/es\/wp-json\/wp\/v2\/pages\/5190","targetHints":{"allow":["GET"]}}],"collection":[{"href":"https:\/\/philippines.business\/es\/wp-json\/wp\/v2\/pages"}],"about":[{"href":"https:\/\/philippines.business\/es\/wp-json\/wp\/v2\/types\/page"}],"author":[{"embeddable":true,"href":"https:\/\/philippines.business\/es\/wp-json\/wp\/v2\/users\/1"}],"replies":[{"embeddable":true,"href":"https:\/\/philippines.business\/es\/wp-json\/wp\/v2\/comments?post=5190"}],"version-history":[{"count":6,"href":"https:\/\/philippines.business\/es\/wp-json\/wp\/v2\/pages\/5190\/revisions"}],"predecessor-version":[{"id":7312,"href":"https:\/\/philippines.business\/es\/wp-json\/wp\/v2\/pages\/5190\/revisions\/7312"}],"up":[{"embeddable":true,"href":"https:\/\/philippines.business\/es\/wp-json\/wp\/v2\/pages\/2266"}],"wp:attachment":[{"href":"https:\/\/philippines.business\/es\/wp-json\/wp\/v2\/media?parent=5190"}],"curies":[{"name":"wp","href":"https:\/\/api.w.org\/{rel}","templated":true}]}}