{"id":5185,"date":"2021-01-27T14:52:53","date_gmt":"2021-01-27T14:52:53","guid":{"rendered":"https:\/\/philippines.business\/industrias\/ropa-y-calzado\/"},"modified":"2021-02-23T15:14:02","modified_gmt":"2021-02-23T15:14:02","slug":"ropa-y-calzado","status":"publish","type":"page","link":"https:\/\/philippines.business\/es\/industrias\/ropa-y-calzado\/","title":{"rendered":"Ropa y calzado"},"content":{"rendered":"<p>[vc_row row_type=\u00bbrow\u00bb use_row_as_full_screen_section=\u00bbno\u00bb type=\u00bbfull_width\u00bb text_align=\u00bbcenter\u00bb background_image=\u00bb6723&#8243; background_animation=\u00bbnone\u00bb padding_top=\u00bb0&#8243; padding_bottom=\u00bb0&#8243; css_animation=\u00bb\u00bb css=\u00bb.vc_custom_1614006397310{background-color: #1226aa !important;}\u00bb el_class=\u00bbCOPYWHITE\u00bb][vc_column][vc_empty_space height=\u00bb100px\u00bb][vc_empty_space height=\u00bb100px\u00bb el_class=\u00bbmobile-hidden\u00bb][vc_column_text el_class=\u00bbcontrolled-h1&#8243;]<\/p>\n<h1>Ropa y calzado<\/h1>\n<p>[\/vc_column_text][vc_empty_space height=\u00bb100px\u00bb][vc_empty_space height=\u00bb100px\u00bb el_class=\u00bbmobile-hidden\u00bb][\/vc_column][\/vc_row][vc_row row_type=\u00bbrow\u00bb use_row_as_full_screen_section=\u00bbno\u00bb type=\u00bbgrid\u00bb text_align=\u00bbleft\u00bb background_animation=\u00bbnone\u00bb padding_top=\u00bb80&#8243; padding_bottom=\u00bb80&#8243; css_animation=\u00bb\u00bb][vc_column width=\u00bb1\/2&#8243;][vc_column_text]<\/p>\n<h3>Investigaci\u00f3n y desarrollo<\/h3>\n<p>[\/vc_column_text][vc_empty_space height=\u00bb20px\u00bb][vc_column_text]La producci\u00f3n es tan solo una de las formas en que prospera este sector. Gracias al compromiso gubernamental con el dise\u00f1o y la innovaci\u00f3n, las Filipinas est\u00e1n listas para aprovechar los avances en la industria textil. [\/vc_column_text][vc_empty_space height=\u00bb40px\u00bb][vc_column_text]<\/p>\n<h3>Recursos naturales sostenibles<\/h3>\n<p>[\/vc_column_text][vc_empty_space height=\u00bb20px\u00bb][vc_column_text]Las Filipinas son uno de los principales productores de abac\u00e1, la fibra natural m\u00e1s resistente. La abundancia de recursos naturales como este es incomparable en la regi\u00f3n. [\/vc_column_text][vc_empty_space height=\u00bb40px\u00bb][vc_column_text]<\/p>\n<h3>Dise\u00f1os innovadores<\/h3>\n<p>[\/vc_column_text][vc_empty_space height=\u00bb20px\u00bb][vc_column_text]Debido a la acuciante presi\u00f3n para crear prendas ecol\u00f3gicas, hemos dominado el arte de crear dise\u00f1os innovadores que ofrecen alta calidad y desempe\u00f1o, al emplear materiales inteligentes como Pi\u00f1atex.[\/vc_column_text][vc_empty_space height=\u00bb40px\u00bb][vc_column_text]<\/p>\n<h3>Infraestructura<\/h3>\n<p>[\/vc_column_text][vc_empty_space height=\u00bb20px\u00bb][vc_column_text]Una industria probada y contrastada. Con f\u00e1bricas listas para usarse en las grandes zonas econ\u00f3micas es f\u00e1cil establecer cualquier empresa textil en las Filipinas. [\/vc_column_text][vc_empty_space height=\u00bb20px\u00bb][\/vc_column][vc_column width=\u00bb1\/2&#8243;][vc_single_image image=\u00bb6713&#8243; img_size=\u00bbfull\u00bb qode_css_animation=\u00bb\u00bb][\/vc_column][\/vc_row][vc_row row_type=\u00bbrow\u00bb use_row_as_full_screen_section=\u00bbno\u00bb type=\u00bbgrid\u00bb text_align=\u00bbcenter\u00bb background_animation=\u00bbnone\u00bb padding_top=\u00bb80&#8243; padding_bottom=\u00bb40&#8243; css_animation=\u00bb\u00bb css=\u00bb.vc_custom_1591625660923{background-color: #1226AA !important;}\u00bb el_class=\u00bbCOPYWHITE\u00bb][vc_column][vc_column_text]<\/p>\n<h2>Estad\u00edsticas principales<\/h2>\n<p>[\/vc_column_text][\/vc_column][\/vc_row][vc_row row_type=\u00bbrow\u00bb use_row_as_full_screen_section=\u00bbno\u00bb type=\u00bbgrid\u00bb text_align=\u00bbleft\u00bb background_animation=\u00bbnone\u00bb padding_top=\u00bb40&#8243; padding_bottom=\u00bb100&#8243; css_animation=\u00bb\u00bb css=\u00bb.vc_custom_1591628046818{background-color: #1226AA !important;}\u00bb el_class=\u00bbCOPYWHITE\u00bb][vc_column width=\u00bb1\/4&#8243;]<div class='q_icon_with_title very_large normal_icon center'><div class=\"icon_holder q_icon_animation\" style=\" transition-delay: 100ms; -webkit-transition-delay: 100ms; -moz-transition-delay: 100ms; -o-transition-delay: 100ms;\"><div class=\"icon_holder_inner\"><span style=\"color: #ffffff;\" class=\"q_font_awsome_icon fa-5x \"><i class=\"icon_text_icon fa fa-building\"><\/i><\/span><\/div><\/div><div class=\"icon_text_holder\" style=\"\"><div class=\"icon_text_inner\" style=\"\"><h2 class=\"icon_title\" style=\"color: #ffffff\">+300<\/h2><p style=''>Empresas especializadas en dise\u00f1o y fabricaci\u00f3n textil<\/p><\/div><\/div><\/div>[\/vc_column][vc_column width=\u00bb1\/4&#8243;]<div class='q_icon_with_title very_large normal_icon center'><div class=\"icon_holder q_icon_animation\" style=\" transition-delay: 200ms; -webkit-transition-delay: 200ms; -moz-transition-delay: 200ms; -o-transition-delay: 200ms;\"><div class=\"icon_holder_inner\"><span style=\"color: #ffffff;\" class=\"q_font_awsome_icon fa-5x \"><i class=\"icon_text_icon fa fa-users\"><\/i><\/span><\/div><\/div><div class=\"icon_text_holder\" style=\"\"><div class=\"icon_text_inner\" style=\"\"><h2 class=\"icon_title\" style=\"color: #ffffff\">+510 000<\/h2><p style=''>Personas que conforman la fuerza laboral<\/p><\/div><\/div><\/div>[\/vc_column][vc_column width=\u00bb1\/4&#8243;]<div class='q_icon_with_title very_large normal_icon center'><div class=\"icon_holder q_icon_animation\" style=\" transition-delay: 300ms; -webkit-transition-delay: 300ms; -moz-transition-delay: 300ms; -o-transition-delay: 300ms;\"><div class=\"icon_holder_inner\"><span style=\"color: #ffffff;\" class=\"q_font_awsome_icon fa-5x \"><i class=\"icon_text_icon fa fa-money\"><\/i><\/span><\/div><\/div><div class=\"icon_text_holder\" style=\"\"><div class=\"icon_text_inner\" style=\"\"><h2 class=\"icon_title\" style=\"color: #ffffff\">+1000 M USD<\/h2><p style=''>En exportaciones cada a\u00f1o<\/p><\/div><\/div><\/div>[\/vc_column][vc_column width=\u00bb1\/4&#8243;]<div class='q_icon_with_title very_large normal_icon center'><div class=\"icon_holder q_icon_animation\" style=\" transition-delay: 400ms; -webkit-transition-delay: 400ms; -moz-transition-delay: 400ms; -o-transition-delay: 400ms;\"><div class=\"icon_holder_inner\"><span style=\"color: #ffffff;\" class=\"q_font_awsome_icon fa-5x \"><i class=\"icon_text_icon fa fa-line-chart\"><\/i><\/span><\/div><\/div><div class=\"icon_text_holder\" style=\"\"><div class=\"icon_text_inner\" style=\"\"><h2 class=\"icon_title\" style=\"color: #ffffff\">+42 M USD<\/h2><p style=''>En ventas de calzado<\/p><\/div><\/div><\/div>[\/vc_column][\/vc_row][vc_row row_type=\u00bbrow\u00bb use_row_as_full_screen_section=\u00bbno\u00bb type=\u00bbgrid\u00bb text_align=\u00bbleft\u00bb background_animation=\u00bbnone\u00bb padding_top=\u00bb60&#8243; padding_bottom=\u00bb60&#8243; css_animation=\u00bb\u00bb][vc_column width=\u00bb1\/3&#8243;][\/vc_column][vc_column width=\u00bb2\/3&#8243;][vc_column_text]<\/p>\n<h3>RESUMEN DEL SECTOR DE LA ROPA Y EL CALZADO<\/h3>\n<p>[\/vc_column_text][vc_empty_space height=\u00bb20px\u00bb][vc_column_text]Desde la d\u00e9cada de 1950, la industria de la ropa y el calzado de las Filipinas satisface la demanda nacional e internacional. Gracias a nuestra gran base de consumidores y una creciente clase media con mayor poder adquisitivo, representamos el lugar ideal para su negocio.<\/p>\n<p>Nuestra ubicaci\u00f3n privilegiada, en el coraz\u00f3n de una zona econ\u00f3mica especial, supone un emplazamiento comercial con atractivos incentivos, como:<\/p>\n<ul>\n<li>Treguas tributarias multianuales en impuestos sobre la renta<\/li>\n<li>Tasa tributaria reducida sobre los ingresos brutos<\/li>\n<li>0 % de aranceles a la importaci\u00f3n de equipo y maquinaria<\/li>\n<li>Desgravaci\u00f3n a las importaciones de materias primas y suministros<\/li>\n<li>Cero IVA a las exportaciones<\/li>\n<\/ul>\n<p>Servicios gubernamentales:<\/p>\n<ul>\n<li>Apoyo a la fuerza laboral mediante cursos y capacitaci\u00f3n con financiamiento gubernamental<\/li>\n<li>Desarrollo de investigaci\u00f3n especial en el sector para materiales sustentables<\/li>\n<\/ul>\n<p>Como uno de los principales productores de abac\u00e1 en el mundo, nos encontramos posicionados estrat\u00e9gicamente para fabricar productos de alto desempe\u00f1o a partir de materiales aut\u00f3ctonos. Estamos listos para hacer que sus inversiones sean una realidad.[\/vc_column_text][\/vc_column][\/vc_row][vc_row row_type=\u00bbrow\u00bb use_row_as_full_screen_section=\u00bbno\u00bb type=\u00bbfull_width\u00bb text_align=\u00bbcenter\u00bb background_animation=\u00bbnone\u00bb padding_top=\u00bb160&#8243; padding_bottom=\u00bb160&#8243; css_animation=\u00bb\u00bb][vc_column][vc_column_text]<\/p>\n<div class=\"wpb_text_column wpb_content_element \">\n<div class=\"wpb_wrapper\">\n<h2>\u00bfDesea que hablemos?<\/h2>\n<\/div>\n<\/div>\n<p>[\/vc_column_text][vc_empty_space height=\u00bb40px\u00bb][vc_column_text]<\/p>\n<div class=\"wpb_text_column wpb_content_element \">\n<div class=\"wpb_wrapper\">\n<h4 class=\"p1\">Solicite hoy una consulta sin costo con uno de nuestros expertos en inversiones.<\/h4>\n<\/div>\n<\/div>\n<p>[\/vc_column_text][vc_empty_space height=\u00bb40px\u00bb]<a href=\"\/es\/contacto\/\" target=\"_self\"  class=\"qbutton  large\" style=\"\">CONTACTE CON NOSOTROS<\/a>[\/vc_column][\/vc_row]<\/p>\n","protected":false},"excerpt":{"rendered":"<p>[vc_row row_type=\u00bbrow\u00bb use_row_as_full_screen_section=\u00bbno\u00bb type=\u00bbfull_width\u00bb text_align=\u00bbcenter\u00bb background_image=\u00bb6723&#8243; background_animation=\u00bbnone\u00bb padding_top=\u00bb0&#8243; padding_bottom=\u00bb0&#8243; css_animation=\u00bb\u00bb css=\u00bb.vc_custom_1614006397310{background-color: #1226aa !important;}\u00bb el_class=\u00bbCOPYWHITE\u00bb][vc_column][vc_empty_space height=\u00bb100px\u00bb][vc_empty_space height=\u00bb100px\u00bb el_class=\u00bbmobile-hidden\u00bb][vc_column_text el_class=\u00bbcontrolled-h1&#8243;] Ropa y calzado [\/vc_column_text][vc_empty_space height=\u00bb100px\u00bb][vc_empty_space height=\u00bb100px\u00bb el_class=\u00bbmobile-hidden\u00bb][\/vc_column][\/vc_row][vc_row row_type=\u00bbrow\u00bb use_row_as_full_screen_section=\u00bbno\u00bb type=\u00bbgrid\u00bb text_align=\u00bbleft\u00bb background_animation=\u00bbnone\u00bb padding_top=\u00bb80&#8243; padding_bottom=\u00bb80&#8243; css_animation=\u00bb\u00bb][vc_column width=\u00bb1\/2&#8243;][vc_column_text] Investigaci\u00f3n y desarrollo [\/vc_column_text][vc_empty_space height=\u00bb20px\u00bb][vc_column_text]La producci\u00f3n es tan solo una de&#8230;<\/p>\n","protected":false},"author":1,"featured_media":0,"parent":2266,"menu_order":0,"comment_status":"closed","ping_status":"closed","template":"full_width.php","meta":{"footnotes":""},"class_list":["post-5185","page","type-page","status-publish","hentry"],"_links":{"self":[{"href":"https:\/\/philippines.business\/es\/wp-json\/wp\/v2\/pages\/5185","targetHints":{"allow":["GET"]}}],"collection":[{"href":"https:\/\/philippines.business\/es\/wp-json\/wp\/v2\/pages"}],"about":[{"href":"https:\/\/philippines.business\/es\/wp-json\/wp\/v2\/types\/page"}],"author":[{"embeddable":true,"href":"https:\/\/philippines.business\/es\/wp-json\/wp\/v2\/users\/1"}],"replies":[{"embeddable":true,"href":"https:\/\/philippines.business\/es\/wp-json\/wp\/v2\/comments?post=5185"}],"version-history":[{"count":8,"href":"https:\/\/philippines.business\/es\/wp-json\/wp\/v2\/pages\/5185\/revisions"}],"predecessor-version":[{"id":7311,"href":"https:\/\/philippines.business\/es\/wp-json\/wp\/v2\/pages\/5185\/revisions\/7311"}],"up":[{"embeddable":true,"href":"https:\/\/philippines.business\/es\/wp-json\/wp\/v2\/pages\/2266"}],"wp:attachment":[{"href":"https:\/\/philippines.business\/es\/wp-json\/wp\/v2\/media?parent=5185"}],"curies":[{"name":"wp","href":"https:\/\/api.w.org\/{rel}","templated":true}]}}