{"id":5171,"date":"2021-01-27T14:41:59","date_gmt":"2021-01-27T14:41:59","guid":{"rendered":"https:\/\/philippines.business\/industrias\/turismo\/"},"modified":"2021-02-23T15:18:35","modified_gmt":"2021-02-23T15:18:35","slug":"turismo","status":"publish","type":"page","link":"https:\/\/philippines.business\/es\/industrias\/turismo\/","title":{"rendered":"Turismo"},"content":{"rendered":"<p>[vc_row row_type=\u00bbrow\u00bb use_row_as_full_screen_section=\u00bbno\u00bb type=\u00bbfull_width\u00bb text_align=\u00bbcenter\u00bb background_image=\u00bb7186&#8243; background_animation=\u00bbnone\u00bb padding_top=\u00bb0&#8243; padding_bottom=\u00bb0&#8243; css_animation=\u00bb\u00bb css=\u00bb.vc_custom_1614081565922{background-color: #1226aa !important;}\u00bb el_class=\u00bbCOPYWHITE\u00bb][vc_column][vc_empty_space height=\u00bb100px\u00bb][vc_empty_space height=\u00bb100px\u00bb el_class=\u00bbmobile-hidden\u00bb][vc_column_text el_class=\u00bbcontrolled-h1&#8243;]<\/p>\n<h1>Turismo<\/h1>\n<p>[\/vc_column_text][vc_empty_space height=\u00bb100px\u00bb][vc_empty_space height=\u00bb100px\u00bb el_class=\u00bbmobile-hidden\u00bb][\/vc_column][\/vc_row][vc_row row_type=\u00bbrow\u00bb use_row_as_full_screen_section=\u00bbno\u00bb type=\u00bbgrid\u00bb text_align=\u00bbleft\u00bb background_animation=\u00bbnone\u00bb padding_top=\u00bb80&#8243; padding_bottom=\u00bb80&#8243; css_animation=\u00bb\u00bb][vc_column width=\u00bb1\/2&#8243;][vc_column_text]<\/p>\n<h3>Una gran hospitalidad<\/h3>\n<p>[\/vc_column_text][vc_empty_space height=\u00bb20px\u00bb][vc_column_text]El turismo es una de nuestras industrias con mayor demanda de empleados. Tan solo el a\u00f1o pasado, 14 de cada 100 filipinos trabajaban en sectores relacionados con el turismo, que sigue siendo una de las principales fuentes de empleo del pa\u00eds.<\/p>\n<p>No solo proporciona empleo a los ejecutivos con un alto nivel de formaci\u00f3n de los hoteles y centros tur\u00edsticos, por ejemplo, sino que tambi\u00e9n brinda sustento a personas de las comunidades donde prospera el turismo, como pescadores y tejedores.<\/p>\n<p>Una caracter\u00edstica distintiva de la cultura filipina es la c\u00e1lida hospitalidad de la poblaci\u00f3n, que atrae a los visitantes al pa\u00eds. De acuerdo con la encuesta sobre Muestra de Visitantes del Departamento de Turismo (DOT), la c\u00e1lida hospitalidad es una de las caracter\u00edsticas de las Filipinas que m\u00e1s agrada a los turistas. [\/vc_column_text][vc_empty_space height=\u00bb40px\u00bb][vc_column_text]<\/p>\n<h3>Ubicaci\u00f3n privilegiada<\/h3>\n<p>[\/vc_column_text][vc_empty_space height=\u00bb20px\u00bb][vc_column_text]Las Filipinas se encuentran entre los principales centros de turismo de bienestar del sudeste asi\u00e1tico, junto con Tailandia, Singapur y Malasia. Destacamos entre los mejores destinos de agroturismo del mundo, despu\u00e9s de que el sector presionara para lograr m\u00e1s ingresos para los agricultores en 2019.<\/p>\n<p>De acuerdo con la revista Marine Diving Magazine, las Filipinas ocupan el primer lugar en la categor\u00eda de destinos para buceo en el extranjero, y son \u00abla primera opci\u00f3n para muchos amantes del buceo\u00bb. Gracias a su reconocimiento mundial, la industria tur\u00edstica ofrece gran potencial. Adem\u00e1s, Palawan, Siargao y Boracay tambi\u00e9n aparecieron en el cuarto, quinto y sexto lugar respectivamente de los 10 principales destinos de buceo en Asia, con lo que las Filipinas obtuvieron la mayor cantidad de puestos en esa prestigiosa revista internacional de viajes.<\/p>\n<p>Seg\u00fan el DOT, con base en los Premios Readers\u2019 Choice de 2020 de la revista Cond\u00e9 Nast Traveler, las islas de Ceb\u00fa y las Visayas se encuentran entre las m\u00e1s tur\u00edsticas de Asia y, junto con otras tres islas filipinas, ocupan los 10 primeros puestos.[\/vc_column_text][vc_empty_space height=\u00bb40px\u00bb][vc_column_text]<\/p>\n<h3>Gran potencial<\/h3>\n<p>[\/vc_column_text][vc_empty_space height=\u00bb20px\u00bb][vc_column_text]De acuerdo con el secretario general de la Organizaci\u00f3n Mundial de Turismo (OMT), Zurab Pololikashvili, las Filipinas pueden volver a ponerse en marcha y recuperarse. El turismo ocupa el segundo lugar en las principales exportaciones del pa\u00eds y el aumento de visitantes internacionales y de viajes nacionales atraer\u00e1 tambi\u00e9n m\u00e1s oportunidades de inversi\u00f3n extranjera. [\/vc_column_text][vc_empty_space height=\u00bb20px\u00bb][\/vc_column][vc_column width=\u00bb1\/2&#8243;][vc_single_image image=\u00bb7176&#8243; img_size=\u00bbfull\u00bb qode_css_animation=\u00bb\u00bb][\/vc_column][\/vc_row][vc_row row_type=\u00bbrow\u00bb use_row_as_full_screen_section=\u00bbno\u00bb type=\u00bbgrid\u00bb text_align=\u00bbcenter\u00bb background_animation=\u00bbnone\u00bb padding_top=\u00bb80&#8243; padding_bottom=\u00bb40&#8243; css_animation=\u00bb\u00bb css=\u00bb.vc_custom_1591625660923{background-color: #1226AA !important;}\u00bb el_class=\u00bbCOPYWHITE\u00bb][vc_column][vc_column_text]<\/p>\n<h2>Estad\u00edsticas principales<\/h2>\n<p>[\/vc_column_text][\/vc_column][\/vc_row][vc_row row_type=\u00bbrow\u00bb use_row_as_full_screen_section=\u00bbno\u00bb type=\u00bbgrid\u00bb text_align=\u00bbleft\u00bb background_animation=\u00bbnone\u00bb padding_top=\u00bb40&#8243; padding_bottom=\u00bb100&#8243; css_animation=\u00bb\u00bb css=\u00bb.vc_custom_1591628046818{background-color: #1226AA !important;}\u00bb el_class=\u00bbCOPYWHITE\u00bb][vc_column width=\u00bb1\/4&#8243;]<div class='q_icon_with_title very_large normal_icon center'><div class=\"icon_holder q_icon_animation\" style=\" transition-delay: 100ms; -webkit-transition-delay: 100ms; -moz-transition-delay: 100ms; -o-transition-delay: 100ms;\"><div class=\"icon_holder_inner\"><span style=\"color: #ffffff;\" class=\"q_font_awsome_icon fa-5x \"><i class=\"icon_text_icon fa fa-money\"><\/i><\/span><\/div><\/div><div class=\"icon_text_holder\" style=\"\"><div class=\"icon_text_inner\" style=\"\"><h2 class=\"icon_title\" style=\"color: #ffffff\">115 M USD<\/h2><p style=''>Aportaci\u00f3n del turismo al valor agregado bruto directo, que corresponde a turistas extranjeros en las Filipinas<\/p><\/div><\/div><\/div>[\/vc_column][vc_column width=\u00bb1\/4&#8243;]<div class='q_icon_with_title very_large normal_icon center'><div class=\"icon_holder q_icon_animation\" style=\" transition-delay: 200ms; -webkit-transition-delay: 200ms; -moz-transition-delay: 200ms; -o-transition-delay: 200ms;\"><div class=\"icon_holder_inner\"><span style=\"color: #ffffff;\" class=\"q_font_awsome_icon fa-5x \"><i class=\"icon_text_icon fa fa-line-chart\"><\/i><\/span><\/div><\/div><div class=\"icon_text_holder\" style=\"\"><div class=\"icon_text_inner\" style=\"\"><h2 class=\"icon_title\" style=\"color: #ffffff\">23 %<\/h2><p style=''>Aumento del flujo de turistas extranjeros<\/p><\/div><\/div><\/div>[\/vc_column][vc_column width=\u00bb1\/4&#8243;]<div class='q_icon_with_title very_large normal_icon center'><div class=\"icon_holder q_icon_animation\" style=\" transition-delay: 300ms; -webkit-transition-delay: 300ms; -moz-transition-delay: 300ms; -o-transition-delay: 300ms;\"><div class=\"icon_holder_inner\"><span style=\"color: #ffffff;\" class=\"q_font_awsome_icon fa-5x \"><i class=\"icon_text_icon fa fa-users\"><\/i><\/span><\/div><\/div><div class=\"icon_text_holder\" style=\"\"><div class=\"icon_text_inner\" style=\"\"><h2 class=\"icon_title\" style=\"color: #ffffff\">10 %<\/h2><p style=''>Gasto nacional dedicado al turismo<\/p><\/div><\/div><\/div>[\/vc_column][vc_column width=\u00bb1\/4&#8243;]<div class='q_icon_with_title very_large normal_icon center'><div class=\"icon_holder q_icon_animation\" style=\" transition-delay: 400ms; -webkit-transition-delay: 400ms; -moz-transition-delay: 400ms; -o-transition-delay: 400ms;\"><div class=\"icon_holder_inner\"><span style=\"color: #ffffff;\" class=\"q_font_awsome_icon fa-5x \"><i class=\"icon_text_icon fa fa-pie-chart\"><\/i><\/span><\/div><\/div><div class=\"icon_text_holder\" style=\"\"><div class=\"icon_text_inner\" style=\"\"><h2 class=\"icon_title\" style=\"color: #ffffff\">10 %<\/h2><p style=''>Gasto de los flujos de turismo con respecto al total de exportaciones del pa\u00eds<\/p><\/div><\/div><\/div>[\/vc_column][\/vc_row][vc_row row_type=\u00bbrow\u00bb use_row_as_full_screen_section=\u00bbno\u00bb type=\u00bbgrid\u00bb text_align=\u00bbleft\u00bb background_animation=\u00bbnone\u00bb padding_top=\u00bb60&#8243; padding_bottom=\u00bb60&#8243; css_animation=\u00bb\u00bb][vc_column width=\u00bb1\/3&#8243;][\/vc_column][vc_column width=\u00bb2\/3&#8243;][vc_column_text]<\/p>\n<h3>RESUMEN DEL SECTOR DEL TURISMO<\/h3>\n<p>[\/vc_column_text][vc_empty_space height=\u00bb20px\u00bb][vc_column_text]El Departamento de Turismo (DOT) subray\u00f3 la ventaja competitiva de las Filipinas como tercer principal pa\u00eds angloparlante de Asia, pues el 94 % de su poblaci\u00f3n habla ingl\u00e9s.<\/p>\n<p>De igual manera, las Filipinas ocupan el segundo lugar como destino de quienes hablan ingl\u00e9s como segunda lengua (ESL). Varias cadenas hoteleras invierten y ampl\u00edan continuamente sus instalaciones en las Filipinas, como el Mercure Hotel (Europa), Madison, Marriott y Hilton.<\/p>\n<p>La Red de Ciudades Creativas de la Organizaci\u00f3n de las Naciones Unidas para la Educaci\u00f3n, la Ciencia y la Cultura (UNESCO) adopt\u00f3 el concepto de turismo creativo, definido como viaje vinculado a la experiencia creativa, y Ceb\u00fa y Baguio forman parte de la red de \u201c246 ciudades creativas\u201d del mundo.<\/p>\n<p>Seg\u00fan el \u00cdndice Mundial de Turismo M\u00e9dico (MTI), las Filipinas ocupan el 24.\u00ba lugar en el mundo. Los principales impulsores del crecimiento del turismo en el pa\u00eds son los servicios de hospedaje para los visitantes, los servicios tur\u00edsticos espec\u00edficos del pa\u00eds y otras actividades variadas.<\/p>\n<p><strong>Incentivos con respaldo gubernamental<\/strong><\/p>\n<p>La industria tur\u00edstica ofrece incentivos atractivos para los inversionistas extranjeros, entre otros:<\/p>\n<ul>\n<li>Libre importaci\u00f3n y cero impuestos sobre bienes de capital, refacciones y accesorios<\/li>\n<li>Tregua fiscal de 3 a 6 a\u00f1os a los ingresos<\/li>\n<li>Empleo para extranjeros<\/li>\n<\/ul>\n<p>Para garantizar que el sector tur\u00edstico genere inversiones y oportunidades de negocios, el gobierno filipino proporciona, a trav\u00e9s de la Autoridad de la Zona de Infraestructura y Empresas Tur\u00edsticas (TIEZA), los siguientes incentivos fiscales y no fiscales a los desarrolladores de dicha zona o a las empresas ubicadas en ella.<\/p>\n<ul>\n<li>Tregua fiscal de seis a\u00f1os a los ingresos<\/li>\n<li>Impuesto a ingresos brutos<\/li>\n<li>Cr\u00e9dito tributario a los suministros nacionales<\/li>\n<li>Traslado de las p\u00e9rdidas de operaci\u00f3n netas<\/li>\n<li>Libre importaci\u00f3n de:\n<ul style=\"margin-top: 10px;\">\n<li>Inversi\u00f3n de capital y equipo<\/li>\n<li>Equipo de transporte y refacciones<\/li>\n<li>Bienes y servicios<\/li>\n<\/ul>\n<\/li>\n<li>Incentivo por responsabilidad social<\/li>\n<li>Empleo para extranjeros<\/li>\n<li>Visa especial para inversionistas residentes<\/li>\n<li>Arrendamiento de terrenos<\/li>\n<li>Facilidad para realizar transacciones en moneda extranjera<\/li>\n<li>Solicitud de inversi\u00f3n<\/li>\n<\/ul>\n<p>[\/vc_column_text][\/vc_column][\/vc_row][vc_row row_type=\u00bbrow\u00bb use_row_as_full_screen_section=\u00bbno\u00bb type=\u00bbfull_width\u00bb text_align=\u00bbcenter\u00bb background_animation=\u00bbnone\u00bb padding_top=\u00bb160&#8243; padding_bottom=\u00bb160&#8243; css_animation=\u00bb\u00bb][vc_column][vc_column_text]<\/p>\n<div class=\"wpb_text_column wpb_content_element \">\n<div class=\"wpb_wrapper\">\n<h2>\u00bfDesea que hablemos?<\/h2>\n<\/div>\n<\/div>\n<p>[\/vc_column_text][vc_empty_space height=\u00bb40px\u00bb][vc_column_text]<\/p>\n<div class=\"wpb_text_column wpb_content_element \">\n<div class=\"wpb_wrapper\">\n<h4 class=\"p1\">Solicite hoy una consulta sin costo con uno de nuestros expertos en inversiones.<\/h4>\n<\/div>\n<\/div>\n<p>[\/vc_column_text][vc_empty_space height=\u00bb40px\u00bb]<a href=\"\/es\/contacto\/\" target=\"_self\"  class=\"qbutton  large\" style=\"\">CONTACTE CON NOSOTROS<\/a>[\/vc_column][\/vc_row]<\/p>\n","protected":false},"excerpt":{"rendered":"<p>[vc_row row_type=\u00bbrow\u00bb use_row_as_full_screen_section=\u00bbno\u00bb type=\u00bbfull_width\u00bb text_align=\u00bbcenter\u00bb background_image=\u00bb7186&#8243; background_animation=\u00bbnone\u00bb padding_top=\u00bb0&#8243; padding_bottom=\u00bb0&#8243; css_animation=\u00bb\u00bb css=\u00bb.vc_custom_1614081565922{background-color: #1226aa !important;}\u00bb el_class=\u00bbCOPYWHITE\u00bb][vc_column][vc_empty_space height=\u00bb100px\u00bb][vc_empty_space height=\u00bb100px\u00bb el_class=\u00bbmobile-hidden\u00bb][vc_column_text el_class=\u00bbcontrolled-h1&#8243;] Turismo [\/vc_column_text][vc_empty_space height=\u00bb100px\u00bb][vc_empty_space height=\u00bb100px\u00bb el_class=\u00bbmobile-hidden\u00bb][\/vc_column][\/vc_row][vc_row row_type=\u00bbrow\u00bb use_row_as_full_screen_section=\u00bbno\u00bb type=\u00bbgrid\u00bb text_align=\u00bbleft\u00bb background_animation=\u00bbnone\u00bb padding_top=\u00bb80&#8243; padding_bottom=\u00bb80&#8243; css_animation=\u00bb\u00bb][vc_column width=\u00bb1\/2&#8243;][vc_column_text] Una gran hospitalidad [\/vc_column_text][vc_empty_space height=\u00bb20px\u00bb][vc_column_text]El turismo es una de nuestras industrias con mayor&#8230;<\/p>\n","protected":false},"author":1,"featured_media":0,"parent":2266,"menu_order":0,"comment_status":"closed","ping_status":"closed","template":"full_width.php","meta":{"footnotes":""},"class_list":["post-5171","page","type-page","status-publish","hentry"],"_links":{"self":[{"href":"https:\/\/philippines.business\/es\/wp-json\/wp\/v2\/pages\/5171","targetHints":{"allow":["GET"]}}],"collection":[{"href":"https:\/\/philippines.business\/es\/wp-json\/wp\/v2\/pages"}],"about":[{"href":"https:\/\/philippines.business\/es\/wp-json\/wp\/v2\/types\/page"}],"author":[{"embeddable":true,"href":"https:\/\/philippines.business\/es\/wp-json\/wp\/v2\/users\/1"}],"replies":[{"embeddable":true,"href":"https:\/\/philippines.business\/es\/wp-json\/wp\/v2\/comments?post=5171"}],"version-history":[{"count":9,"href":"https:\/\/philippines.business\/es\/wp-json\/wp\/v2\/pages\/5171\/revisions"}],"predecessor-version":[{"id":7324,"href":"https:\/\/philippines.business\/es\/wp-json\/wp\/v2\/pages\/5171\/revisions\/7324"}],"up":[{"embeddable":true,"href":"https:\/\/philippines.business\/es\/wp-json\/wp\/v2\/pages\/2266"}],"wp:attachment":[{"href":"https:\/\/philippines.business\/es\/wp-json\/wp\/v2\/media?parent=5171"}],"curies":[{"name":"wp","href":"https:\/\/api.w.org\/{rel}","templated":true}]}}