{"id":5167,"date":"2021-01-27T14:40:39","date_gmt":"2021-01-27T14:40:39","guid":{"rendered":"https:\/\/philippines.business\/industrias\/herramientas-y-matrices\/"},"modified":"2021-02-23T15:18:26","modified_gmt":"2021-02-23T15:18:26","slug":"herramientas-y-matrices","status":"publish","type":"page","link":"https:\/\/philippines.business\/es\/industrias\/herramientas-y-matrices\/","title":{"rendered":"Herramientas y matrices"},"content":{"rendered":"<p>[vc_row row_type=\u00bbrow\u00bb use_row_as_full_screen_section=\u00bbno\u00bb type=\u00bbfull_width\u00bb text_align=\u00bbcenter\u00bb background_image=\u00bb7155&#8243; background_animation=\u00bbnone\u00bb padding_top=\u00bb0&#8243; padding_bottom=\u00bb0&#8243; css_animation=\u00bb\u00bb css=\u00bb.vc_custom_1614080324888{background-color: #1226aa !important;}\u00bb el_class=\u00bbCOPYWHITE\u00bb][vc_column][vc_empty_space height=\u00bb100px\u00bb][vc_empty_space height=\u00bb100px\u00bb el_class=\u00bbmobile-hidden\u00bb][vc_column_text el_class=\u00bbcontrolled-h1&#8243;]<\/p>\n<h1>Herramientas y matrices<\/h1>\n<p>[\/vc_column_text][vc_empty_space height=\u00bb100px\u00bb][vc_empty_space height=\u00bb100px\u00bb el_class=\u00bbmobile-hidden\u00bb][\/vc_column][\/vc_row][vc_row row_type=\u00bbrow\u00bb use_row_as_full_screen_section=\u00bbno\u00bb type=\u00bbgrid\u00bb text_align=\u00bbleft\u00bb background_animation=\u00bbnone\u00bb padding_top=\u00bb80&#8243; padding_bottom=\u00bb80&#8243; css_animation=\u00bb\u00bb][vc_column width=\u00bb1\/2&#8243;][vc_column_text]<\/p>\n<h3>Promotores<\/h3>\n<p>[\/vc_column_text][vc_empty_space height=\u00bb20px\u00bb][vc_column_text]Los inversionistas en esta industria pueden contar con el apoyo de la Asociaci\u00f3n de Matrices y Moldes de Filipinas. Con m\u00e1s de 25 a\u00f1os de experiencia, esta asociaci\u00f3n tambi\u00e9n representa los intereses filipinos en la Federaci\u00f3n Asi\u00e1tica de Matrices y Moldes. [\/vc_column_text][vc_empty_space height=\u00bb40px\u00bb][vc_column_text]<\/p>\n<h3>Eficiencia en costos<\/h3>\n<p>[\/vc_column_text][vc_empty_space height=\u00bb20px\u00bb][vc_column_text]Nuestra mano de obra cualificada representa un costo competitivo en toda la ASEAN, sin comprometer la calidad y el tiempo de entrega.[\/vc_column_text][vc_empty_space height=\u00bb40px\u00bb][vc_column_text]<\/p>\n<h3>Centro de excelencia<\/h3>\n<p>[\/vc_column_text][vc_empty_space height=\u00bb20px\u00bb][vc_column_text]Nuestro Centro de Soluciones de Matrices y Moldes en la ciudad de Taguig se dedica a aumentar la capacidad de la industria de herramientas y matrices. Este centro, que es una asociaci\u00f3n p\u00fablico-privada, fomenta el desarrollo de una fuerza de trabajo cualificada que satisfaga la demanda de las empresas de la industria automotriz, electr\u00f3nica y pesada. [\/vc_column_text][vc_empty_space height=\u00bb20px\u00bb][\/vc_column][vc_column width=\u00bb1\/2&#8243;][vc_single_image image=\u00bb7145&#8243; img_size=\u00bbfull\u00bb qode_css_animation=\u00bb\u00bb][\/vc_column][\/vc_row][vc_row row_type=\u00bbrow\u00bb use_row_as_full_screen_section=\u00bbno\u00bb type=\u00bbgrid\u00bb text_align=\u00bbcenter\u00bb background_animation=\u00bbnone\u00bb padding_top=\u00bb80&#8243; padding_bottom=\u00bb40&#8243; css_animation=\u00bb\u00bb css=\u00bb.vc_custom_1591625660923{background-color: #1226AA !important;}\u00bb el_class=\u00bbCOPYWHITE\u00bb][vc_column][vc_column_text]<\/p>\n<h2>Estad\u00edsticas principales<\/h2>\n<p>[\/vc_column_text][\/vc_column][\/vc_row][vc_row row_type=\u00bbrow\u00bb use_row_as_full_screen_section=\u00bbno\u00bb type=\u00bbgrid\u00bb text_align=\u00bbleft\u00bb background_animation=\u00bbnone\u00bb padding_top=\u00bb40&#8243; padding_bottom=\u00bb100&#8243; css_animation=\u00bb\u00bb css=\u00bb.vc_custom_1591628046818{background-color: #1226AA !important;}\u00bb el_class=\u00bbCOPYWHITE\u00bb][vc_column width=\u00bb1\/2&#8243;]<div class='q_icon_with_title very_large normal_icon center'><div class=\"icon_holder q_icon_animation\" style=\" transition-delay: 100ms; -webkit-transition-delay: 100ms; -moz-transition-delay: 100ms; -o-transition-delay: 100ms;\"><div class=\"icon_holder_inner\"><span style=\"color: #ffffff;\" class=\"q_font_awsome_icon fa-5x \"><i class=\"icon_text_icon fa fa-line-chart\"><\/i><\/span><\/div><\/div><div class=\"icon_text_holder\" style=\"\"><div class=\"icon_text_inner\" style=\"\"><h2 class=\"icon_title\" style=\"color: #ffffff\">25 %<\/h2><p style=''>Crecimiento promedio<\/p><\/div><\/div><\/div>[\/vc_column][vc_column width=\u00bb1\/2&#8243;]<div class='q_icon_with_title very_large normal_icon center'><div class=\"icon_holder q_icon_animation\" style=\" transition-delay: 100ms; -webkit-transition-delay: 100ms; -moz-transition-delay: 100ms; -o-transition-delay: 100ms;\"><div class=\"icon_holder_inner\"><span style=\"color: #ffffff;\" class=\"q_font_awsome_icon fa-5x \"><i class=\"icon_text_icon fa fa-building\"><\/i><\/span><\/div><\/div><div class=\"icon_text_holder\" style=\"\"><div class=\"icon_text_inner\" style=\"\"><h2 class=\"icon_title\" style=\"color: #ffffff\">170<\/h2><p style=''>Empresas en el sector de herramientas y matrices<\/p><\/div><\/div><\/div>[\/vc_column][\/vc_row][vc_row row_type=\u00bbrow\u00bb use_row_as_full_screen_section=\u00bbno\u00bb type=\u00bbgrid\u00bb text_align=\u00bbleft\u00bb background_animation=\u00bbnone\u00bb padding_top=\u00bb60&#8243; padding_bottom=\u00bb60&#8243; css_animation=\u00bb\u00bb][vc_column width=\u00bb1\/3&#8243;][\/vc_column][vc_column width=\u00bb2\/3&#8243;][vc_column_text]<\/p>\n<h3>Resumen del sector de herramientas y matrices<\/h3>\n<p>[\/vc_column_text][vc_empty_space height=\u00bb20px\u00bb][vc_column_text]La econom\u00eda de las Filipinas crece y no da se\u00f1ales de desacelerarse. Dado que el pa\u00eds est\u00e1 a punto de convertirse en un centro de producci\u00f3n importante de la ASEAN, las Filipinas constituyen cada vez m\u00e1s un destino atractivo para la inversi\u00f3n extranjera. Las industrias automotriz, aeroespacial y electr\u00f3nica destacan, por lo que el crecimiento de tales sectores augura grandes oportunidades para la industria de herramientas y matrices.<\/p>\n<p>La industria de herramientas y matrices emplea tecnolog\u00eda general y especializada para el corte de metales destinados a la fabricaci\u00f3n de matrices, moldes y herramientas para darle a la materia prima la forma deseada. Nuestras instalaciones de poscorte est\u00e1n atendidas por instalaciones de tratamiento t\u00e9rmico al vac\u00edo y deposici\u00f3n f\u00edsica de vapor para sectores clave como el automotriz y de electr\u00f3nicos, que requieren de suministro de materiales de producci\u00f3n confiables y rentables.<\/p>\n<p>La s\u00f3lida base de empresas medianas y peque\u00f1as metal\u00fargicas de las Filipinas hacen posible la r\u00e1pida producci\u00f3n en masa de productos duraderos.<\/p>\n<p>A pesar de la presencia de fabricantes nacionales, todav\u00eda se importa una gran cantidad de productos de herramientas y matrices, lo que indica que es insuficiente el suministro local para cubrir la demanda del pa\u00eds.<\/p>\n<p>Con un caudal de talentosos graduados en ingenier\u00eda, fuertes asociaciones p\u00fablico-privadas y el compromiso de acelerar el desarrollo de la industria, no ha habido un mejor momento para convertir sus inversiones en realidad en las Filipinas.[\/vc_column_text][\/vc_column][\/vc_row][vc_row row_type=\u00bbrow\u00bb use_row_as_full_screen_section=\u00bbno\u00bb type=\u00bbfull_width\u00bb text_align=\u00bbcenter\u00bb background_animation=\u00bbnone\u00bb padding_top=\u00bb160&#8243; padding_bottom=\u00bb160&#8243; css_animation=\u00bb\u00bb][vc_column][vc_column_text]<\/p>\n<div class=\"wpb_text_column wpb_content_element \">\n<div class=\"wpb_wrapper\">\n<h2>\u00bfDesea que hablemos?<\/h2>\n<\/div>\n<\/div>\n<p>[\/vc_column_text][vc_empty_space height=\u00bb40px\u00bb][vc_column_text]<\/p>\n<div class=\"wpb_text_column wpb_content_element \">\n<div class=\"wpb_wrapper\">\n<h4 class=\"p1\">Solicite hoy una consulta sin costo con uno de nuestros expertos en inversiones.<\/h4>\n<\/div>\n<\/div>\n<p>[\/vc_column_text][vc_empty_space height=\u00bb40px\u00bb]<a href=\"\/es\/contacto\/\" target=\"_self\"  class=\"qbutton  large\" style=\"\">CONTACTE CON NOSOTROS<\/a>[\/vc_column][\/vc_row]<\/p>\n","protected":false},"excerpt":{"rendered":"<p>[vc_row row_type=\u00bbrow\u00bb use_row_as_full_screen_section=\u00bbno\u00bb type=\u00bbfull_width\u00bb text_align=\u00bbcenter\u00bb background_image=\u00bb7155&#8243; background_animation=\u00bbnone\u00bb padding_top=\u00bb0&#8243; padding_bottom=\u00bb0&#8243; css_animation=\u00bb\u00bb css=\u00bb.vc_custom_1614080324888{background-color: #1226aa !important;}\u00bb el_class=\u00bbCOPYWHITE\u00bb][vc_column][vc_empty_space height=\u00bb100px\u00bb][vc_empty_space height=\u00bb100px\u00bb el_class=\u00bbmobile-hidden\u00bb][vc_column_text el_class=\u00bbcontrolled-h1&#8243;] Herramientas y matrices [\/vc_column_text][vc_empty_space height=\u00bb100px\u00bb][vc_empty_space height=\u00bb100px\u00bb el_class=\u00bbmobile-hidden\u00bb][\/vc_column][\/vc_row][vc_row row_type=\u00bbrow\u00bb use_row_as_full_screen_section=\u00bbno\u00bb type=\u00bbgrid\u00bb text_align=\u00bbleft\u00bb background_animation=\u00bbnone\u00bb padding_top=\u00bb80&#8243; padding_bottom=\u00bb80&#8243; css_animation=\u00bb\u00bb][vc_column width=\u00bb1\/2&#8243;][vc_column_text] Promotores [\/vc_column_text][vc_empty_space height=\u00bb20px\u00bb][vc_column_text]Los inversionistas en esta industria pueden contar con el&#8230;<\/p>\n","protected":false},"author":1,"featured_media":0,"parent":2266,"menu_order":0,"comment_status":"closed","ping_status":"closed","template":"full_width.php","meta":{"footnotes":""},"class_list":["post-5167","page","type-page","status-publish","hentry"],"_links":{"self":[{"href":"https:\/\/philippines.business\/es\/wp-json\/wp\/v2\/pages\/5167","targetHints":{"allow":["GET"]}}],"collection":[{"href":"https:\/\/philippines.business\/es\/wp-json\/wp\/v2\/pages"}],"about":[{"href":"https:\/\/philippines.business\/es\/wp-json\/wp\/v2\/types\/page"}],"author":[{"embeddable":true,"href":"https:\/\/philippines.business\/es\/wp-json\/wp\/v2\/users\/1"}],"replies":[{"embeddable":true,"href":"https:\/\/philippines.business\/es\/wp-json\/wp\/v2\/comments?post=5167"}],"version-history":[{"count":10,"href":"https:\/\/philippines.business\/es\/wp-json\/wp\/v2\/pages\/5167\/revisions"}],"predecessor-version":[{"id":7323,"href":"https:\/\/philippines.business\/es\/wp-json\/wp\/v2\/pages\/5167\/revisions\/7323"}],"up":[{"embeddable":true,"href":"https:\/\/philippines.business\/es\/wp-json\/wp\/v2\/pages\/2266"}],"wp:attachment":[{"href":"https:\/\/philippines.business\/es\/wp-json\/wp\/v2\/media?parent=5167"}],"curies":[{"name":"wp","href":"https:\/\/api.w.org\/{rel}","templated":true}]}}