{"id":5150,"date":"2021-01-27T14:35:04","date_gmt":"2021-01-27T14:35:04","guid":{"rendered":"https:\/\/philippines.business\/industrias\/equipo-de-proteccion-personal-epp\/"},"modified":"2021-02-23T15:17:44","modified_gmt":"2021-02-23T15:17:44","slug":"equipo-de-proteccion-personal-epp","status":"publish","type":"page","link":"https:\/\/philippines.business\/es\/industrias\/equipo-de-proteccion-personal-epp\/","title":{"rendered":"Equipo de Protecci\u00f3n Personal (EPP)"},"content":{"rendered":"<p>[vc_row row_type=\u00bbrow\u00bb use_row_as_full_screen_section=\u00bbno\u00bb type=\u00bbfull_width\u00bb text_align=\u00bbcenter\u00bb background_image=\u00bb6948&#8243; background_animation=\u00bbnone\u00bb padding_top=\u00bb0&#8243; padding_bottom=\u00bb0&#8243; css_animation=\u00bb\u00bb css=\u00bb.vc_custom_1614015059924{background-color: #1226aa !important;}\u00bb el_class=\u00bbCOPYWHITE\u00bb][vc_column][vc_empty_space height=\u00bb100px\u00bb][vc_empty_space height=\u00bb100px\u00bb el_class=\u00bbmobile-hidden\u00bb][vc_column_text el_class=\u00bbcontrolled-h1&#8243;]<\/p>\n<h1><span style=\"font-style: normal;\">Equipo de Protecci\u00f3n Personal (EPP)<\/span><\/h1>\n<p>[\/vc_column_text][vc_empty_space height=\u00bb100px\u00bb][vc_empty_space height=\u00bb100px\u00bb el_class=\u00bbmobile-hidden\u00bb][\/vc_column][\/vc_row][vc_row row_type=\u00bbrow\u00bb use_row_as_full_screen_section=\u00bbno\u00bb type=\u00bbgrid\u00bb text_align=\u00bbleft\u00bb background_animation=\u00bbnone\u00bb padding_top=\u00bb80&#8243; padding_bottom=\u00bb80&#8243; css_animation=\u00bb\u00bb][vc_column width=\u00bb1\/2&#8243;][vc_column_text]<\/p>\n<h3><span style=\"font-style: normal;\">Respaldo a los negocios<\/span><\/h3>\n<p>[\/vc_column_text][vc_empty_space height=\u00bb20px\u00bb][vc_column_text]Como parte de nuestra respuesta a la COVID-19, establecimos programas gubernamentales para proporcionar apoyo financiero y mayores incentivos fiscales y no fiscales para ayudar a las empresas a reconvertir sus proyectos.<\/p>\n<p>El gobierno filipino no ha impuesto restricciones a la exportaci\u00f3n de productos cruciales para combatir la COVID-19, como los EPP, lo que permite a las compa\u00f1\u00edas proveer al mercado nacional y de exportaci\u00f3n. En colaboraci\u00f3n con el Programa de las Naciones Unidas para el Desarrollo (PNUD) y otras partes interesadas, el gobierno estableci\u00f3 una plataforma vinculadora de negocios para proveedores, fabricantes, consumidores y usuarios de EPP, para as\u00ed coordinar mejor las necesidades del pa\u00eds.[\/vc_column_text][vc_empty_space height=\u00bb40px\u00bb][vc_column_text]<\/p>\n<h3>Investigaci\u00f3n y desarrollo<\/h3>\n<p>[\/vc_column_text][vc_empty_space height=\u00bb20px\u00bb][vc_column_text]Mediante nuestro compromiso con la investigaci\u00f3n en dise\u00f1o e innovaci\u00f3n, promovemos la inversi\u00f3n en la investigaci\u00f3n y desarrollo de productos a partir de materiales duraderos y aut\u00f3ctonos fundamentales para la producci\u00f3n de EPP.[\/vc_column_text][vc_empty_space height=\u00bb40px\u00bb][vc_column_text]<\/p>\n<h3><span style=\"font-style: normal;\">Una industria consolidada<\/span><\/h3>\n<p>[\/vc_column_text][vc_empty_space height=\u00bb20px\u00bb][vc_column_text]Con exportaciones con valor de m\u00e1s de 1000 millones de d\u00f3lares americanos al a\u00f1o, nuestra industria textil y de prendas de vestir es uno de los sectores consolidados desde sus inicios en la d\u00e9cada de 1950. Cruciales en esta crisis sanitaria, el aumento de la demanda y el panorama econ\u00f3mico cambiante hacen de los textiles y prendas de vestir una industria pujante una vez que termine la pandemia.<\/p>\n<p>Las Filipinas pueden funcionar como centro de fabricaci\u00f3n de EPP gracias a su abundante fuerza laboral cualificada y lista para trabajar, adem\u00e1s de servir de puerta de acceso privilegiada a otros mercados clave como Estados Unidos, Jap\u00f3n, China, Corea y la ASEAN.<\/p>\n<p>El \u00e9xito de nuestras iniciativas de reconversi\u00f3n muestra la capacidad de adaptaci\u00f3n de las industrias de las Filipinas a los cambiantes entornos de negocios, y se sustenta en la industria creciente del pa\u00eds y en su capacidad para aprovechar un amplio ecosistema y asociaciones intrasectoriales.[\/vc_column_text][vc_empty_space height=\u00bb20px\u00bb][\/vc_column][vc_column width=\u00bb1\/2&#8243;][vc_single_image image=\u00bb6938&#8243; img_size=\u00bbfull\u00bb qode_css_animation=\u00bb\u00bb][\/vc_column][\/vc_row][vc_row row_type=\u00bbrow\u00bb use_row_as_full_screen_section=\u00bbno\u00bb type=\u00bbgrid\u00bb text_align=\u00bbcenter\u00bb background_animation=\u00bbnone\u00bb padding_top=\u00bb80&#8243; padding_bottom=\u00bb40&#8243; css_animation=\u00bb\u00bb css=\u00bb.vc_custom_1591625660923{background-color: #1226AA !important;}\u00bb el_class=\u00bbCOPYWHITE\u00bb][vc_column][vc_column_text]<\/p>\n<h2>Estad\u00edsticas principales<\/h2>\n<p>[\/vc_column_text][\/vc_column][\/vc_row][vc_row row_type=\u00bbrow\u00bb use_row_as_full_screen_section=\u00bbno\u00bb type=\u00bbgrid\u00bb text_align=\u00bbleft\u00bb background_animation=\u00bbnone\u00bb padding_top=\u00bb40&#8243; padding_bottom=\u00bb100&#8243; css_animation=\u00bb\u00bb css=\u00bb.vc_custom_1591628046818{background-color: #1226AA !important;}\u00bb el_class=\u00bbCOPYWHITE\u00bb][vc_column width=\u00bb1\/4&#8243;]<div class='q_icon_with_title very_large normal_icon center'><div class=\"icon_holder q_icon_animation\" style=\" transition-delay: 100ms; -webkit-transition-delay: 100ms; -moz-transition-delay: 100ms; -o-transition-delay: 100ms;\"><div class=\"icon_holder_inner\"><span style=\"color: #ffffff;\" class=\"q_font_awsome_icon fa-5x \"><i class=\"icon_text_icon fa fa-gears\"><\/i><\/span><\/div><\/div><div class=\"icon_text_holder\" style=\"\"><div class=\"icon_text_inner\" style=\"\"><h2 class=\"icon_title\" style=\"color: #ffffff\">+60 M<\/h2><p style=''>Cubrebocas producidos al mes<\/p><\/div><\/div><\/div>[\/vc_column][vc_column width=\u00bb1\/4&#8243;]<div class='q_icon_with_title very_large normal_icon center'><div class=\"icon_holder q_icon_animation\" style=\" transition-delay: 200ms; -webkit-transition-delay: 200ms; -moz-transition-delay: 200ms; -o-transition-delay: 200ms;\"><div class=\"icon_holder_inner\"><span style=\"color: #ffffff;\" class=\"q_font_awsome_icon fa-5x \"><i class=\"icon_text_icon fa fa-line-chart\"><\/i><\/span><\/div><\/div><div class=\"icon_text_holder\" style=\"\"><div class=\"icon_text_inner\" style=\"\"><h2 class=\"icon_title\" style=\"color: #ffffff\">+3 M<\/h2><p style=''>Batas y overoles producidos al mes<\/p><\/div><\/div><\/div>[\/vc_column][vc_column width=\u00bb1\/4&#8243;]<div class='q_icon_with_title very_large normal_icon center'><div class=\"icon_holder q_icon_animation\" style=\" transition-delay: 300ms; -webkit-transition-delay: 300ms; -moz-transition-delay: 300ms; -o-transition-delay: 300ms;\"><div class=\"icon_holder_inner\"><span style=\"color: #ffffff;\" class=\"q_font_awsome_icon fa-5x \"><i class=\"icon_text_icon fa fa-gears\"><\/i><\/span><\/div><\/div><div class=\"icon_text_holder\" style=\"\"><div class=\"icon_text_inner\" style=\"\"><h2 class=\"icon_title\" style=\"color: #ffffff\">+14 000<\/h2><p style=''>Caretas producidas al mes<\/p><\/div><\/div><\/div>[\/vc_column][vc_column width=\u00bb1\/4&#8243;]<div class='q_icon_with_title very_large normal_icon center'><div class=\"icon_holder q_icon_animation\" style=\" transition-delay: 400ms; -webkit-transition-delay: 400ms; -moz-transition-delay: 400ms; -o-transition-delay: 400ms;\"><div class=\"icon_holder_inner\"><span style=\"color: #ffffff;\" class=\"q_font_awsome_icon fa-5x \"><i class=\"icon_text_icon fa fa-users\"><\/i><\/span><\/div><\/div><div class=\"icon_text_holder\" style=\"\"><div class=\"icon_text_inner\" style=\"\"><h2 class=\"icon_title\" style=\"color: #ffffff\">+510 000<\/h2><p style=''>Trabajadores cualificados para producir EPP a ritmo acelerado<\/p><\/div><\/div><\/div>[\/vc_column][\/vc_row][vc_row row_type=\u00bbrow\u00bb use_row_as_full_screen_section=\u00bbno\u00bb type=\u00bbgrid\u00bb text_align=\u00bbleft\u00bb background_animation=\u00bbnone\u00bb padding_top=\u00bb60&#8243; padding_bottom=\u00bb60&#8243; css_animation=\u00bb\u00bb][vc_column width=\u00bb1\/3&#8243;][\/vc_column][vc_column width=\u00bb2\/3&#8243;][vc_column_text]<\/p>\n<h3>Resumen del sector de los EPP<\/h3>\n<p>[\/vc_column_text][vc_empty_space height=\u00bb20px\u00bb][vc_column_text]De acuerdo con la Organizaci\u00f3n Mundial de la Salud (OMS), los Equipos de Protecci\u00f3n Personal (EPP) son art\u00edculos indispensables para prevenir el contagio y reducir los riesgos a la salud por causa de la COVID-19. La OMS califica a las caretas, cubrebocas, guantes, batas, overoles y gafas de protecci\u00f3n como EPP. Las Filipinas ya fabricaban cubrebocas de grado m\u00e9dico antes de la pandemia. Debido a la exacerbada demanda y a la disrupci\u00f3n de las cadenas de suministro, hemos observado la escasez mundial de estos productos, por lo que diversos pa\u00edses, incluyendo las Filipinas, se encuentran en aprietos para conseguir EPP y materias primas para fabricarlos.<\/p>\n<p>Para responder a las necesidades del sistema de salud nacional y atender la demanda mundial de estos productos, el gobierno filipino inst\u00f3 y apoy\u00f3 a las industrias locales para reconvertir sus l\u00edneas de producci\u00f3n existentes e inactivas como soluci\u00f3n expedita. Algunas de las instalaciones que pueden reconvertirse para producir EPP son las f\u00e1bricas de textiles y prendas de vestir, las de hilados y las plantas de ensamblaje de electr\u00f3nicos.<\/p>\n<p>Dos de los fabricantes de productos de grado m\u00e9dico existentes en el pa\u00eds se han unido ahora a m\u00e1s de 40 empresas nacionales y extranjeras que han reconvertido sus l\u00edneas de producci\u00f3n para fabricar EPP.<\/p>\n<p>Entre las empresas ubicadas en las Filipinas se encuentran:<\/p>\n<ul>\n<li>MedTecs<\/li>\n<li>Yokoisada<\/li>\n<li>EMS<\/li>\n<li>Reliance Producers Cooperative<\/li>\n<li>Distinctive Blinds and Office Supplies<\/li>\n<\/ul>\n<p>[\/vc_column_text][\/vc_column][\/vc_row][vc_row row_type=\u00bbrow\u00bb use_row_as_full_screen_section=\u00bbno\u00bb type=\u00bbfull_width\u00bb text_align=\u00bbcenter\u00bb background_animation=\u00bbnone\u00bb padding_top=\u00bb160&#8243; padding_bottom=\u00bb160&#8243; css_animation=\u00bb\u00bb][vc_column][vc_column_text]<\/p>\n<div class=\"wpb_text_column wpb_content_element \">\n<div class=\"wpb_wrapper\">\n<h2>\u00bfDesea que hablemos?<\/h2>\n<\/div>\n<\/div>\n<p>[\/vc_column_text][vc_empty_space height=\u00bb40px\u00bb][vc_column_text]<\/p>\n<div class=\"wpb_text_column wpb_content_element \">\n<div class=\"wpb_wrapper\">\n<h4 class=\"p1\">Solicite hoy una consulta sin costo con uno de nuestros expertos en inversiones.<\/h4>\n<\/div>\n<\/div>\n<p>[\/vc_column_text][vc_empty_space height=\u00bb40px\u00bb]<a href=\"\/es\/contacto\/\" target=\"_self\"  class=\"qbutton  large\" style=\"\">CONTACTE CON NOSOTROS<\/a>[\/vc_column][\/vc_row]<\/p>\n","protected":false},"excerpt":{"rendered":"<p>[vc_row row_type=\u00bbrow\u00bb use_row_as_full_screen_section=\u00bbno\u00bb type=\u00bbfull_width\u00bb text_align=\u00bbcenter\u00bb background_image=\u00bb6948&#8243; background_animation=\u00bbnone\u00bb padding_top=\u00bb0&#8243; padding_bottom=\u00bb0&#8243; css_animation=\u00bb\u00bb css=\u00bb.vc_custom_1614015059924{background-color: #1226aa !important;}\u00bb el_class=\u00bbCOPYWHITE\u00bb][vc_column][vc_empty_space height=\u00bb100px\u00bb][vc_empty_space height=\u00bb100px\u00bb el_class=\u00bbmobile-hidden\u00bb][vc_column_text el_class=\u00bbcontrolled-h1&#8243;] Equipo de Protecci\u00f3n Personal (EPP) [\/vc_column_text][vc_empty_space height=\u00bb100px\u00bb][vc_empty_space height=\u00bb100px\u00bb el_class=\u00bbmobile-hidden\u00bb][\/vc_column][\/vc_row][vc_row row_type=\u00bbrow\u00bb use_row_as_full_screen_section=\u00bbno\u00bb type=\u00bbgrid\u00bb text_align=\u00bbleft\u00bb background_animation=\u00bbnone\u00bb padding_top=\u00bb80&#8243; padding_bottom=\u00bb80&#8243; css_animation=\u00bb\u00bb][vc_column width=\u00bb1\/2&#8243;][vc_column_text] Respaldo a los negocios [\/vc_column_text][vc_empty_space height=\u00bb20px\u00bb][vc_column_text]Como parte de nuestra&#8230;<\/p>\n","protected":false},"author":1,"featured_media":0,"parent":2266,"menu_order":0,"comment_status":"closed","ping_status":"closed","template":"full_width.php","meta":{"footnotes":""},"class_list":["post-5150","page","type-page","status-publish","hentry"],"_links":{"self":[{"href":"https:\/\/philippines.business\/es\/wp-json\/wp\/v2\/pages\/5150","targetHints":{"allow":["GET"]}}],"collection":[{"href":"https:\/\/philippines.business\/es\/wp-json\/wp\/v2\/pages"}],"about":[{"href":"https:\/\/philippines.business\/es\/wp-json\/wp\/v2\/types\/page"}],"author":[{"embeddable":true,"href":"https:\/\/philippines.business\/es\/wp-json\/wp\/v2\/users\/1"}],"replies":[{"embeddable":true,"href":"https:\/\/philippines.business\/es\/wp-json\/wp\/v2\/comments?post=5150"}],"version-history":[{"count":10,"href":"https:\/\/philippines.business\/es\/wp-json\/wp\/v2\/pages\/5150\/revisions"}],"predecessor-version":[{"id":7319,"href":"https:\/\/philippines.business\/es\/wp-json\/wp\/v2\/pages\/5150\/revisions\/7319"}],"up":[{"embeddable":true,"href":"https:\/\/philippines.business\/es\/wp-json\/wp\/v2\/pages\/2266"}],"wp:attachment":[{"href":"https:\/\/philippines.business\/es\/wp-json\/wp\/v2\/media?parent=5150"}],"curies":[{"name":"wp","href":"https:\/\/api.w.org\/{rel}","templated":true}]}}