{"id":5123,"date":"2021-01-27T14:10:34","date_gmt":"2021-01-27T14:10:34","guid":{"rendered":"https:\/\/philippines.business\/industrias\/industria-agropecuaria\/"},"modified":"2021-02-23T15:12:32","modified_gmt":"2021-02-23T15:12:32","slug":"industria-agropecuaria","status":"publish","type":"page","link":"https:\/\/philippines.business\/es\/industrias\/industria-agropecuaria\/","title":{"rendered":"Industria agropecuaria"},"content":{"rendered":"<p>[vc_row row_type=\u00bbrow\u00bb use_row_as_full_screen_section=\u00bbno\u00bb type=\u00bbfull_width\u00bb text_align=\u00bbcenter\u00bb background_image=\u00bb6458&#8243; background_animation=\u00bbnone\u00bb padding_top=\u00bb0&#8243; padding_bottom=\u00bb0&#8243; css_animation=\u00bb\u00bb css=\u00bb.vc_custom_1613750046151{background-color: #1226aa !important;}\u00bb el_class=\u00bbCOPYWHITE\u00bb][vc_column][vc_empty_space height=\u00bb100px\u00bb][vc_empty_space height=\u00bb100px\u00bb el_class=\u00bbmobile-hidden\u00bb][vc_column_text el_class=\u00bbcontrolled-h1&#8243;]<\/p>\n<h1>INDUSTRIA AGROPECUARIA<\/h1>\n<p>[\/vc_column_text][vc_empty_space height=\u00bb100px\u00bb][vc_empty_space height=\u00bb100px\u00bb el_class=\u00bbmobile-hidden\u00bb][\/vc_column][\/vc_row][vc_row row_type=\u00bbrow\u00bb use_row_as_full_screen_section=\u00bbno\u00bb type=\u00bbgrid\u00bb text_align=\u00bbleft\u00bb background_animation=\u00bbnone\u00bb padding_top=\u00bb80&#8243; padding_bottom=\u00bb80&#8243; css_animation=\u00bb\u00bb][vc_column width=\u00bb1\/2&#8243;][vc_column_text]<\/p>\n<h3>Cadena de valor mundial<\/h3>\n<p>[\/vc_column_text][vc_empty_space height=\u00bb20px\u00bb][vc_column_text]<\/p>\n<p class=\"p1\"><span style=\"font-weight: 400;\">Gracias a nuestra ubicaci\u00f3n estrat\u00e9gica en la zona de libre comercio de Asia-Pac\u00edfico, las Filipinas forman parte fundamental de la cadena de valor mundial de los fabricantes m\u00e1s importantes del mundo, dedicados al procesamiento de alimentos y a la producci\u00f3n de bebidas, al suministrarles para su producci\u00f3n materias primas de alta calidad provenientes de los vastos recursos naturales de nuestro pa\u00eds.<\/span><\/p>\n<p>[\/vc_column_text][vc_empty_space height=\u00bb40px\u00bb][vc_column_text]<\/p>\n<h3>Exportaciones establecidas<\/h3>\n<p>[\/vc_column_text][vc_empty_space height=\u00bb20px\u00bb][vc_column_text]<\/p>\n<p class=\"p1\"><span style=\"font-weight: 400;\">Desarrollamos, protegemos y modernizamos el sector agropecuario al crear relaciones s\u00f3lidas entre nuestros fabricantes y los agricultores locales. Producimos productos agr\u00edcolas y pesqueros de calidad para su exportaci\u00f3n, como alimentos procesados, fruta fresca y productos a base de fibras naturales que compiten en el mercado mundial.<\/span><\/p>\n<p>[\/vc_column_text][vc_empty_space height=\u00bb40px\u00bb][vc_column_text]<\/p>\n<h3>Avances de la industria<\/h3>\n<p>[\/vc_column_text][vc_empty_space height=\u00bb20px\u00bb][vc_column_text]<\/p>\n<p class=\"p1\"><span style=\"font-weight: 400;\">Proporcionamos apoyo para mejorar la productividad agr\u00edcola y pesquera, optimizar las tecnolog\u00edas de procesamiento y empaque y respaldar al sector con promociones para la exportaci\u00f3n, contribuyendo al desarrollo agropecuario.<\/span><\/p>\n<p>[\/vc_column_text][vc_empty_space height=\u00bb20px\u00bb][\/vc_column][vc_column width=\u00bb1\/2&#8243;][vc_single_image image=\u00bb6468&#8243; img_size=\u00bbfull\u00bb qode_css_animation=\u00bb\u00bb][\/vc_column][\/vc_row][vc_row row_type=\u00bbrow\u00bb use_row_as_full_screen_section=\u00bbno\u00bb type=\u00bbgrid\u00bb text_align=\u00bbcenter\u00bb background_animation=\u00bbnone\u00bb padding_top=\u00bb80&#8243; padding_bottom=\u00bb40&#8243; css_animation=\u00bb\u00bb css=\u00bb.vc_custom_1591625660923{background-color: #1226AA !important;}\u00bb el_class=\u00bbCOPYWHITE\u00bb][vc_column][vc_column_text]<\/p>\n<h2>Estad\u00edsticas principales<\/h2>\n<p>[\/vc_column_text][\/vc_column][\/vc_row][vc_row row_type=\u00bbrow\u00bb use_row_as_full_screen_section=\u00bbno\u00bb type=\u00bbgrid\u00bb text_align=\u00bbleft\u00bb background_animation=\u00bbnone\u00bb padding_top=\u00bb40&#8243; padding_bottom=\u00bb100&#8243; css_animation=\u00bb\u00bb css=\u00bb.vc_custom_1591628046818{background-color: #1226AA !important;}\u00bb el_class=\u00bbCOPYWHITE\u00bb][vc_column width=\u00bb1\/4&#8243;]<div class='q_icon_with_title very_large normal_icon center'><div class=\"icon_holder q_icon_animation\" style=\" transition-delay: 100ms; -webkit-transition-delay: 100ms; -moz-transition-delay: 100ms; -o-transition-delay: 100ms;\"><div class=\"icon_holder_inner\"><span style=\"color: #ffffff;\" class=\"q_font_awsome_icon fa-5x \"><i class=\"icon_text_icon fa fa-money\"><\/i><\/span><\/div><\/div><div class=\"icon_text_holder\" style=\"\"><div class=\"icon_text_inner\" style=\"\"><h2 class=\"icon_title\" style=\"color: #ffffff\">6000 M USD<\/h2><p style=''>Exportaciones totales al a\u00f1o<\/p><\/div><\/div><\/div>[\/vc_column][vc_column width=\u00bb1\/4&#8243;]<div class='q_icon_with_title very_large normal_icon center'><div class=\"icon_holder q_icon_animation\" style=\" transition-delay: 200ms; -webkit-transition-delay: 200ms; -moz-transition-delay: 200ms; -o-transition-delay: 200ms;\"><div class=\"icon_holder_inner\"><span style=\"color: #ffffff;\" class=\"q_font_awsome_icon fa-5x \"><i class=\"icon_text_icon fa fa-line-chart\"><\/i><\/span><\/div><\/div><div class=\"icon_text_holder\" style=\"\"><div class=\"icon_text_inner\" style=\"\"><h2 class=\"icon_title\" style=\"color: #ffffff\">2 %<\/h2><p style=''>Incremento anual en la producci\u00f3n agr\u00edcola<\/p><\/div><\/div><\/div>[\/vc_column][vc_column width=\u00bb1\/4&#8243;]<div class='q_icon_with_title very_large normal_icon center'><div class=\"icon_holder q_icon_animation\" style=\" transition-delay: 300ms; -webkit-transition-delay: 300ms; -moz-transition-delay: 300ms; -o-transition-delay: 300ms;\"><div class=\"icon_holder_inner\"><span style=\"color: #ffffff;\" class=\"q_font_awsome_icon fa-5x \"><i class=\"icon_text_icon fa fa-users\"><\/i><\/span><\/div><\/div><div class=\"icon_text_holder\" style=\"\"><div class=\"icon_text_inner\" style=\"\"><h2 class=\"icon_title\" style=\"color: #ffffff\">9 M<\/h2><p style=''>Trabajadores en el sector<\/p><\/div><\/div><\/div>[\/vc_column][vc_column width=\u00bb1\/4&#8243;]<div class='q_icon_with_title very_large normal_icon center'><div class=\"icon_holder q_icon_animation\" style=\" transition-delay: 400ms; -webkit-transition-delay: 400ms; -moz-transition-delay: 400ms; -o-transition-delay: 400ms;\"><div class=\"icon_holder_inner\"><span style=\"color: #ffffff;\" class=\"q_font_awsome_icon fa-5x \"><i class=\"icon_text_icon fa fa-building\"><\/i><\/span><\/div><\/div><div class=\"icon_text_holder\" style=\"\"><div class=\"icon_text_inner\" style=\"\"><h2 class=\"icon_title\" style=\"color: #ffffff\">12 000<\/h2><p style=''>Empresas operativas en el sector<\/p><\/div><\/div><\/div>[\/vc_column][\/vc_row][vc_row row_type=\u00bbrow\u00bb use_row_as_full_screen_section=\u00bbno\u00bb type=\u00bbgrid\u00bb text_align=\u00bbleft\u00bb background_animation=\u00bbnone\u00bb padding_top=\u00bb60&#8243; padding_bottom=\u00bb60&#8243; css_animation=\u00bb\u00bb][vc_column width=\u00bb1\/3&#8243;][\/vc_column][vc_column width=\u00bb2\/3&#8243;][vc_column_text]<\/p>\n<h3>Resumen de la industria agropecuaria<\/h3>\n<p>[\/vc_column_text][vc_empty_space height=\u00bb20px\u00bb][vc_column_text]La producci\u00f3n agr\u00edcola y pesquera se mantiene como un sector estable en las Filipinas, pues representa el 19 % del PIB. El sector ocupa el 46.\u00ba lugar mundial en cuanto a la exportaci\u00f3n de productos agr\u00edcolas y pesqueros y el pa\u00eds es un reconocido productor mundial de exportaciones de mango, pi\u00f1a, pl\u00e1tano, productos a base de cacao, carragenina y at\u00fan.<\/p>\n<p>Nuestra ubicaci\u00f3n privilegiada, en el coraz\u00f3n de una gran zona econ\u00f3mica, supone un emplazamiento comercial con atractivos incentivos, como:<\/p>\n<ul>\n<li>Treguas tributarias multianuales en impuestos sobre la renta<\/li>\n<li>Tasa tributaria reducida sobre los ingresos brutos<\/li>\n<li>0 % de aranceles a la importaci\u00f3n de equipo y maquinaria<\/li>\n<li>Desgravaci\u00f3n a las importaciones de materias primas y suministros<\/li>\n<li>Cero IVA a las exportaciones<\/li>\n<\/ul>\n<p>Entre las principales empresas con sede en las Filipinas se encuentran:<\/p>\n<ul>\n<li>Del Monte<\/li>\n<li>Dole<\/li>\n<li>DuPoint<\/li>\n<li>Cargill y Charoen Pokphand<\/li>\n<\/ul>\n<p>[\/vc_column_text][\/vc_column][\/vc_row][vc_row row_type=\u00bbrow\u00bb use_row_as_full_screen_section=\u00bbno\u00bb type=\u00bbfull_width\u00bb text_align=\u00bbcenter\u00bb background_animation=\u00bbnone\u00bb padding_top=\u00bb160&#8243; padding_bottom=\u00bb160&#8243; css_animation=\u00bb\u00bb][vc_column][vc_column_text]<\/p>\n<div class=\"wpb_text_column wpb_content_element \">\n<div class=\"wpb_wrapper\">\n<h2>\u00bfDesea que hablemos?<\/h2>\n<\/div>\n<\/div>\n<p>[\/vc_column_text][vc_empty_space height=\u00bb40px\u00bb][vc_column_text]<\/p>\n<div class=\"wpb_text_column wpb_content_element \">\n<div class=\"wpb_wrapper\">\n<h4 class=\"p1\">Solicite hoy una consulta sin costo con uno de nuestros expertos en inversiones.<\/h4>\n<\/div>\n<\/div>\n<p>[\/vc_column_text][vc_empty_space height=\u00bb40px\u00bb]<a href=\"\/es\/contacto\/\" target=\"_self\"  class=\"qbutton  large\" style=\"\">CONTACTE CON NOSOTROS<\/a>[\/vc_column][\/vc_row]<\/p>\n","protected":false},"excerpt":{"rendered":"<p>[vc_row row_type=\u00bbrow\u00bb use_row_as_full_screen_section=\u00bbno\u00bb type=\u00bbfull_width\u00bb text_align=\u00bbcenter\u00bb background_image=\u00bb6458&#8243; background_animation=\u00bbnone\u00bb padding_top=\u00bb0&#8243; padding_bottom=\u00bb0&#8243; css_animation=\u00bb\u00bb css=\u00bb.vc_custom_1613750046151{background-color: #1226aa !important;}\u00bb el_class=\u00bbCOPYWHITE\u00bb][vc_column][vc_empty_space height=\u00bb100px\u00bb][vc_empty_space height=\u00bb100px\u00bb el_class=\u00bbmobile-hidden\u00bb][vc_column_text el_class=\u00bbcontrolled-h1&#8243;] INDUSTRIA AGROPECUARIA [\/vc_column_text][vc_empty_space height=\u00bb100px\u00bb][vc_empty_space height=\u00bb100px\u00bb el_class=\u00bbmobile-hidden\u00bb][\/vc_column][\/vc_row][vc_row row_type=\u00bbrow\u00bb use_row_as_full_screen_section=\u00bbno\u00bb type=\u00bbgrid\u00bb text_align=\u00bbleft\u00bb background_animation=\u00bbnone\u00bb padding_top=\u00bb80&#8243; padding_bottom=\u00bb80&#8243; css_animation=\u00bb\u00bb][vc_column width=\u00bb1\/2&#8243;][vc_column_text] Cadena de valor mundial [\/vc_column_text][vc_empty_space height=\u00bb20px\u00bb][vc_column_text] Gracias a nuestra ubicaci\u00f3n estrat\u00e9gica en&#8230;<\/p>\n","protected":false},"author":1,"featured_media":0,"parent":2266,"menu_order":0,"comment_status":"closed","ping_status":"closed","template":"full_width.php","meta":{"footnotes":""},"class_list":["post-5123","page","type-page","status-publish","hentry"],"_links":{"self":[{"href":"https:\/\/philippines.business\/es\/wp-json\/wp\/v2\/pages\/5123","targetHints":{"allow":["GET"]}}],"collection":[{"href":"https:\/\/philippines.business\/es\/wp-json\/wp\/v2\/pages"}],"about":[{"href":"https:\/\/philippines.business\/es\/wp-json\/wp\/v2\/types\/page"}],"author":[{"embeddable":true,"href":"https:\/\/philippines.business\/es\/wp-json\/wp\/v2\/users\/1"}],"replies":[{"embeddable":true,"href":"https:\/\/philippines.business\/es\/wp-json\/wp\/v2\/comments?post=5123"}],"version-history":[{"count":9,"href":"https:\/\/philippines.business\/es\/wp-json\/wp\/v2\/pages\/5123\/revisions"}],"predecessor-version":[{"id":7304,"href":"https:\/\/philippines.business\/es\/wp-json\/wp\/v2\/pages\/5123\/revisions\/7304"}],"up":[{"embeddable":true,"href":"https:\/\/philippines.business\/es\/wp-json\/wp\/v2\/pages\/2266"}],"wp:attachment":[{"href":"https:\/\/philippines.business\/es\/wp-json\/wp\/v2\/media?parent=5123"}],"curies":[{"name":"wp","href":"https:\/\/api.w.org\/{rel}","templated":true}]}}