{"id":2324,"date":"2020-07-10T18:49:15","date_gmt":"2020-07-10T17:49:15","guid":{"rendered":"https:\/\/philippines.business\/como-iniciar-un-negocio\/visas-and-immigration\/"},"modified":"2020-11-23T18:03:46","modified_gmt":"2020-11-23T18:03:46","slug":"visas-e-inmigracion","status":"publish","type":"page","link":"https:\/\/philippines.business\/es\/como-iniciar-un-negocio\/visas-e-inmigracion\/","title":{"rendered":"Visas e inmigraci\u00f3n"},"content":{"rendered":"<p>[vc_row row_type=\u00bbrow\u00bb use_row_as_full_screen_section=\u00bbno\u00bb type=\u00bbfull_width\u00bb text_align=\u00bbcenter\u00bb background_animation=\u00bbnone\u00bb padding_top=\u00bb0&#8243; padding_bottom=\u00bb0&#8243; css_animation=\u00bb\u00bb css=\u00bb.vc_custom_1593544462168{background-color: #1226AA !important;}\u00bb el_class=\u00bbCOPYWHITE\u00bb][vc_column][vc_empty_space height=\u00bb100px\u00bb][vc_empty_space height=\u00bb100px\u00bb el_class=\u00bbmobile-hidden\u00bb][vc_column_text el_class=\u00bbcontrolled-h1&#8243;]<\/p>\n<h1>Visas e inmigraci\u00f3n<\/h1>\n<p>[\/vc_column_text][vc_empty_space height=\u00bb100px\u00bb][vc_empty_space height=\u00bb100px\u00bb el_class=\u00bbmobile-hidden\u00bb][\/vc_column][\/vc_row][vc_row row_type=\u00bbrow\u00bb use_row_as_full_screen_section=\u00bbno\u00bb type=\u00bbgrid\u00bb text_align=\u00bbleft\u00bb background_animation=\u00bbnone\u00bb padding_top=\u00bb0&#8243; padding_bottom=\u00bb0&#8243; css_animation=\u00bb\u00bb][vc_column width=\u00bb1\/2&#8243; el_class=\u00bbmobile-fit\u00bb][vc_empty_space height=\u00bb40px\u00bb][vc_empty_space height=\u00bb40px\u00bb el_class=\u00bbmobile-hidden\u00bb][vc_column_text]Nuestro sistema de visas e inmigraci\u00f3n le ayuda a iniciar f\u00e1cil y eficientemente un negocio en nuestro pa\u00eds, ya que los visitantes que se queden menos de 30 d\u00edas no requieren visa y proporcionamos visas de trabajo a todos los ciudadanos extranjeros.[\/vc_column_text][vc_empty_space height=\u00bb40px\u00bb el_class=\u00bbmobile-hidden\u00bb][vc_column_text]<\/p>\n<h3>Estancias breves<\/h3>\n<p>Los ciudadanos de casi todos los pa\u00edses pueden ingresar en las Filipinas sin visa y permanecer en el pa\u00eds durante 30 d\u00edas, un tiempo adecuado para conocer a socios potenciales e investigar oportunidades durante un viaje de negocios.[\/vc_column_text][vc_empty_space height=\u00bb40px\u00bb][vc_column_text]<\/p>\n<h3>Estancias largas<\/h3>\n<p class=\"p1\">Mientras inicia su negocio, le facilitamos a usted y a su equipo establecerse en el pa\u00eds otorg\u00e1ndoles alguna de las siguientes visas:<\/p>\n<ul>\n<li><strong>Permiso de empleo a extranjeros:<\/strong> para trabajar en las Filipinas mientras obtiene una visa de trabajo o residente.<\/li>\n<li><strong>Visa especial a residente inversionista:<\/strong> para residir indefinidamente en el pa\u00eds mientras su empresa est\u00e9 registrada en las Filipinas.<\/li>\n<\/ul>\n<p class=\"p1\"><span style=\"font-weight: 400;\"><a href=\"https:\/\/philippines.business\/es\/como-iniciar-un-negocio\/contratacion-de-trabajadores-calificados-en-las-filipinas\/\">Su negocio en las Filipinas tendr\u00e1 acceso a una fuerza laboral local talentosa<\/a>. Sin embargo, tambi\u00e9n reconocemos la necesidad de emplear a extranjeros con las destrezas, preparaci\u00f3n y experiencia particulares que su negocio requiere. Para ellos contamos con varios tipos de visa de empleo:<\/span><\/p>\n<ul>\n<li><b>Visa de empleo preestablecida:<\/b> para negocios que emplean a ciudadanos extranjeros con conocimientos y habilidades escasos en el pa\u00eds.<\/li>\n<li><b>Visa especial a no inmigrantes:<\/b> para que ciudadanos extranjeros trabajen espec\u00edficamente para su empresa y ocupen puestos clave.<\/li>\n<\/ul>\n<p class=\"p1\"><span style=\"font-weight: 400;\">Una gran variedad de empresas pueden ayudarle a tramitar visas y nuestros abogados acreditados pueden asesorarlo. La Oficina de Inmigraci\u00f3n ofrece una lista de<\/span><\/p>\n<p>[\/vc_column_text][vc_empty_space height=\u00bb20px\u00bb]<a href=\"http:\/\/www.immigration.gov.ph\/53-list-of-accredited-entities\/351-accredited-law-offices\" target=\"_blank\" data-hover-background-color=#c02d24 data-hover-border-color=#c02d24  class=\"qbutton  qbutton_with_icon\" style=\"border-color: #d8d8d8; background-color: #d8d8d8;\">despachos legales acreditados en las Filipinas en<i class=\"button_icon  fa fa-external-link\" style=\"\"><\/i><\/a>[vc_empty_space height=\u00bb40px\u00bb][vc_column_text]<\/p>\n<h3>Estilo de vida<\/h3>\n<p><span style=\"font-weight: 400;\">La calidad de vida en las Filipinas es incre\u00edble. Nuestras islas est\u00e1n enclavadas en el centro del Sudeste Asi\u00e1tico y son maravillosamente diversas porque ofrecen desde ciudades cosmopolitas y playas id\u00edlicas, hasta selvas tropicales.<\/span><\/p>\n<p>Los filipinos dotan de encanto al pa\u00eds y son el motivo por el cual empresas de todo el mundo se est\u00e9n estableciendo aqu\u00ed. Contamos con varias escuelas internacionales de primer nivel y podemos ofrecer a su familia el m\u00e1s alto nivel educativo.[\/vc_column_text][vc_empty_space height=\u00bb60px\u00bb][\/vc_column][vc_column width=\u00bb1\/2&#8243;][\/vc_column][\/vc_row][vc_row row_type=\u00bbrow\u00bb use_row_as_full_screen_section=\u00bbno\u00bb type=\u00bbgrid\u00bb text_align=\u00bbcenter\u00bb background_animation=\u00bbnone\u00bb padding_top=\u00bb80&#8243; padding_bottom=\u00bb80&#8243; css_animation=\u00bb\u00bb el_class=\u00bbCOPYWHITE\u00bb css=\u00bb.vc_custom_1592818445507{background-color: #1226AA !important;}\u00bb][vc_column width=\u00bb2\/3&#8243;][vc_empty_space][vc_column_text]<\/p>\n<h4>\u00bfQuiere obtener m\u00e1s informaci\u00f3n sobre como constituir una empresa en las Filipinas?<\/h4>\n<p>[\/vc_column_text][vc_empty_space][\/vc_column][vc_column width=\u00bb1\/3&#8243;][vc_empty_space]<a href=\"\/es\/como-iniciar-un-negocio\/#Guidance\" target=\"_self\" data-hover-background-color=#1226aa data-hover-border-color=#1226aa data-hover-color=#ffffff class=\"qbutton  large move_icon qbutton_with_icon\" style=\"color: #1226aa; border-color: #ffffff; background-color: #ffffff;\">OBTENER M\u00c1S ASESORAMIENTO<i class=\"button_icon  fa fa-arrow-right\" style=\"\"><\/i><\/a>[vc_empty_space][\/vc_column][\/vc_row][vc_row row_type=\u00bbrow\u00bb use_row_as_full_screen_section=\u00bbno\u00bb type=\u00bbgrid\u00bb text_align=\u00bbcenter\u00bb background_animation=\u00bbnone\u00bb padding_top=\u00bb0&#8243; padding_bottom=\u00bb0&#8243; css_animation=\u00bb\u00bb][vc_column][vc_empty_space height=\u00bb40px\u00bb][vc_empty_space height=\u00bb120px\u00bb el_class=\u00bbmobile-hidden\u00bb][vc_column_text]<\/p>\n<h2>\u00bfDESEA QUE HABLEMOS?<\/h2>\n<p>[\/vc_column_text][vc_empty_space height=\u00bb40px\u00bb][vc_column_text]<\/p>\n<h4 class=\"p1\">Solicite hoy una consulta sin costo con uno de nuestros expertos en inversiones.<\/h4>\n<p>[\/vc_column_text][vc_empty_space height=\u00bb40px\u00bb]<a href=\"\/es\/contacto\" target=\"_self\"  class=\"qbutton  large\" style=\"\">CONT\u00c1CTENOS AHORA<\/a>[vc_empty_space height=\u00bb40px\u00bb][vc_empty_space height=\u00bb120px\u00bb el_class=\u00bbmobile-hidden\u00bb][\/vc_column][\/vc_row]<\/p>\n","protected":false},"excerpt":{"rendered":"<p>[vc_row row_type=\u00bbrow\u00bb use_row_as_full_screen_section=\u00bbno\u00bb type=\u00bbfull_width\u00bb text_align=\u00bbcenter\u00bb background_animation=\u00bbnone\u00bb padding_top=\u00bb0&#8243; padding_bottom=\u00bb0&#8243; css_animation=\u00bb\u00bb css=\u00bb.vc_custom_1593544462168{background-color: #1226AA !important;}\u00bb el_class=\u00bbCOPYWHITE\u00bb][vc_column][vc_empty_space height=\u00bb100px\u00bb][vc_empty_space height=\u00bb100px\u00bb el_class=\u00bbmobile-hidden\u00bb][vc_column_text el_class=\u00bbcontrolled-h1&#8243;] Visas e inmigraci\u00f3n [\/vc_column_text][vc_empty_space height=\u00bb100px\u00bb][vc_empty_space height=\u00bb100px\u00bb el_class=\u00bbmobile-hidden\u00bb][\/vc_column][\/vc_row][vc_row row_type=\u00bbrow\u00bb use_row_as_full_screen_section=\u00bbno\u00bb type=\u00bbgrid\u00bb text_align=\u00bbleft\u00bb background_animation=\u00bbnone\u00bb padding_top=\u00bb0&#8243; padding_bottom=\u00bb0&#8243; css_animation=\u00bb\u00bb][vc_column width=\u00bb1\/2&#8243; el_class=\u00bbmobile-fit\u00bb][vc_empty_space height=\u00bb40px\u00bb][vc_empty_space height=\u00bb40px\u00bb el_class=\u00bbmobile-hidden\u00bb][vc_column_text]Nuestro sistema de visas e inmigraci\u00f3n le ayuda a&#8230;<\/p>\n","protected":false},"author":1,"featured_media":0,"parent":2273,"menu_order":0,"comment_status":"closed","ping_status":"closed","template":"full_width.php","meta":{"footnotes":""},"class_list":["post-2324","page","type-page","status-publish","hentry"],"_links":{"self":[{"href":"https:\/\/philippines.business\/es\/wp-json\/wp\/v2\/pages\/2324","targetHints":{"allow":["GET"]}}],"collection":[{"href":"https:\/\/philippines.business\/es\/wp-json\/wp\/v2\/pages"}],"about":[{"href":"https:\/\/philippines.business\/es\/wp-json\/wp\/v2\/types\/page"}],"author":[{"embeddable":true,"href":"https:\/\/philippines.business\/es\/wp-json\/wp\/v2\/users\/1"}],"replies":[{"embeddable":true,"href":"https:\/\/philippines.business\/es\/wp-json\/wp\/v2\/comments?post=2324"}],"version-history":[{"count":5,"href":"https:\/\/philippines.business\/es\/wp-json\/wp\/v2\/pages\/2324\/revisions"}],"predecessor-version":[{"id":3671,"href":"https:\/\/philippines.business\/es\/wp-json\/wp\/v2\/pages\/2324\/revisions\/3671"}],"up":[{"embeddable":true,"href":"https:\/\/philippines.business\/es\/wp-json\/wp\/v2\/pages\/2273"}],"wp:attachment":[{"href":"https:\/\/philippines.business\/es\/wp-json\/wp\/v2\/media?parent=2324"}],"curies":[{"name":"wp","href":"https:\/\/api.w.org\/{rel}","templated":true}]}}