{"id":2323,"date":"2020-07-13T11:30:54","date_gmt":"2020-07-13T10:30:54","guid":{"rendered":"https:\/\/philippines.business\/como-iniciar-un-negocio\/tax-and-incentives\/"},"modified":"2020-10-26T12:19:02","modified_gmt":"2020-10-26T12:19:02","slug":"impuestos-e-incentivos","status":"publish","type":"page","link":"https:\/\/philippines.business\/es\/como-iniciar-un-negocio\/impuestos-e-incentivos\/","title":{"rendered":"Impuestos e incentivos"},"content":{"rendered":"<p>[vc_row row_type=\u00bbrow\u00bb use_row_as_full_screen_section=\u00bbno\u00bb type=\u00bbfull_width\u00bb text_align=\u00bbcenter\u00bb background_animation=\u00bbnone\u00bb padding_top=\u00bb0&#8243; padding_bottom=\u00bb0&#8243; css_animation=\u00bb\u00bb css=\u00bb.vc_custom_1593544462168{background-color: #1226AA !important;}\u00bb el_class=\u00bbCOPYWHITE\u00bb][vc_column][vc_empty_space height=\u00bb100px\u00bb][vc_empty_space height=\u00bb100px\u00bb el_class=\u00bbmobile-hidden\u00bb][vc_column_text el_class=\u00bbcontrolled-h1&#8243;]<\/p>\n<h1>Impuestos e incentivos<\/h1>\n<p>[\/vc_column_text][vc_empty_space height=\u00bb100px\u00bb][vc_empty_space height=\u00bb100px\u00bb el_class=\u00bbmobile-hidden\u00bb][\/vc_column][\/vc_row][vc_row row_type=\u00bbrow\u00bb use_row_as_full_screen_section=\u00bbno\u00bb type=\u00bbgrid\u00bb text_align=\u00bbleft\u00bb background_animation=\u00bbnone\u00bb padding_top=\u00bb0&#8243; padding_bottom=\u00bb0&#8243; css_animation=\u00bb\u00bb][vc_column width=\u00bb1\/2&#8243; el_class=\u00bbmobile-fit\u00bb][vc_empty_space height=\u00bb40px\u00bb][vc_empty_space height=\u00bb40px\u00bb el_class=\u00bbmobile-hidden\u00bb][vc_column_text]<\/p>\n<h3>Incentivos<\/h3>\n<p class=\"p1\">Nuestro gobierno est\u00e1 comprometido con lograr que cada negocio en las Filipinas sea competitivo. Hemos instituido incentivos que crean un entorno favorable para los inversionistas, por lo que usted podr\u00e1 establecer su negocio a un costo m\u00e1s bajo.<\/p>\n<p class=\"p1\">Las empresas extranjeras pueden beneficiarse de la exoneraci\u00f3n del 30 % del impuesto sobre la renta que pagan las empresas, durante un periodo de cuatro a ocho a\u00f1os.<\/p>\n<p class=\"p1\">Tambi\u00e9n ofrecemos descuentos tributarios y arancelarios sobre la importaci\u00f3n de materias primas y bienes de producci\u00f3n que se utilicen en las industrias exportadoras dentro de ciertas zonas econ\u00f3micas. Las empresas ubicadas en estas zonas pueden disfrutar de tasas tributarias especiales sobre un ingreso bruto modificado, en vez del impuesto nacional y local.<\/p>\n<p>[\/vc_column_text][vc_empty_space height=\u00bb40px\u00bb][vc_column_text]<\/p>\n<h3>Sistema tributario<\/h3>\n<p class=\"p1\">Impuesto corporativo: nuestro sistema tributario grava con una tasa tributaria corporativa del 30 % todas las ganancias que las empresas extranjeras y nacionales registradas en las Filipinas obtienen en el pa\u00eds. A las empresas extranjeras se les pueden otorgar exoneraciones tributarias durante varios a\u00f1os.<\/p>\n<p class=\"p1\">Impuestos locales: los impuestos locales var\u00edan dependiendo de la regi\u00f3n.<\/p>\n<p class=\"p1\">Impuesto al valor agregado: la tasa del IVA es del 12 %, salvo el que se cobra a la venta de exportaciones.<\/p>\n<p class=\"p1\">Impuesto a la renta personal: se grava progresivamente el ingreso con una tasa que va desde un 5 % hasta un 35 %.<\/p>\n<p>[\/vc_column_text][vc_empty_space height=\u00bb40px\u00bb][vc_empty_space height=\u00bb40px\u00bb el_class=\u00bbmobile-hidden\u00bb][\/vc_column][vc_column width=\u00bb1\/2&#8243;][\/vc_column][\/vc_row][vc_row row_type=\u00bbrow\u00bb use_row_as_full_screen_section=\u00bbno\u00bb type=\u00bbgrid\u00bb text_align=\u00bbcenter\u00bb background_animation=\u00bbnone\u00bb padding_top=\u00bb80&#8243; padding_bottom=\u00bb80&#8243; css_animation=\u00bb\u00bb el_class=\u00bbCOPYWHITE\u00bb css=\u00bb.vc_custom_1592818445507{background-color: #1226AA !important;}\u00bb][vc_column width=\u00bb2\/3&#8243;][vc_empty_space][vc_column_text]<\/p>\n<h4>\u00bfQuiere obtener m\u00e1s informaci\u00f3n sobre los impuestos e incentivos en las Filipinas?<\/h4>\n<p>[\/vc_column_text][vc_empty_space][\/vc_column][vc_column width=\u00bb1\/3&#8243;][vc_empty_space]<a href=\"\/es\/como-iniciar-un-negocio\/#Guidance\" target=\"_self\" data-hover-background-color=#1226aa data-hover-border-color=#1226aa data-hover-color=#ffffff class=\"qbutton  large move_icon qbutton_with_icon\" style=\"color: #1226aa; border-color: #ffffff; background-color: #ffffff;\">OBTENER M\u00c1S ASESORAMIENTO<i class=\"button_icon  fa fa-arrow-right\" style=\"\"><\/i><\/a>[vc_empty_space][\/vc_column][\/vc_row][vc_row row_type=\u00bbrow\u00bb use_row_as_full_screen_section=\u00bbno\u00bb type=\u00bbgrid\u00bb text_align=\u00bbcenter\u00bb background_animation=\u00bbnone\u00bb padding_top=\u00bb0&#8243; padding_bottom=\u00bb0&#8243; css_animation=\u00bb\u00bb][vc_column][vc_empty_space height=\u00bb40px\u00bb][vc_empty_space height=\u00bb120px\u00bb el_class=\u00bbmobile-hidden\u00bb][vc_column_text]<\/p>\n<h2>\u00bfDESEA QUE HABLEMOS?<\/h2>\n<p>[\/vc_column_text][vc_empty_space height=\u00bb40px\u00bb][vc_column_text]<\/p>\n<h4 class=\"p1\">Solicite hoy una consulta sin costo con uno de nuestros expertos en inversiones.<\/h4>\n<p>[\/vc_column_text][vc_empty_space height=\u00bb40px\u00bb]<a href=\" \/es\/contacto\" target=\"_self\"  class=\"qbutton  large\" style=\"\">CONT\u00c1CTENOS AHORA<\/a>[vc_empty_space height=\u00bb40px\u00bb][vc_empty_space height=\u00bb120px\u00bb el_class=\u00bbmobile-hidden\u00bb][\/vc_column][\/vc_row]<\/p>\n","protected":false},"excerpt":{"rendered":"<p>[vc_row row_type=\u00bbrow\u00bb use_row_as_full_screen_section=\u00bbno\u00bb type=\u00bbfull_width\u00bb text_align=\u00bbcenter\u00bb background_animation=\u00bbnone\u00bb padding_top=\u00bb0&#8243; padding_bottom=\u00bb0&#8243; css_animation=\u00bb\u00bb css=\u00bb.vc_custom_1593544462168{background-color: #1226AA !important;}\u00bb el_class=\u00bbCOPYWHITE\u00bb][vc_column][vc_empty_space height=\u00bb100px\u00bb][vc_empty_space height=\u00bb100px\u00bb el_class=\u00bbmobile-hidden\u00bb][vc_column_text el_class=\u00bbcontrolled-h1&#8243;] Impuestos e incentivos [\/vc_column_text][vc_empty_space height=\u00bb100px\u00bb][vc_empty_space height=\u00bb100px\u00bb el_class=\u00bbmobile-hidden\u00bb][\/vc_column][\/vc_row][vc_row row_type=\u00bbrow\u00bb use_row_as_full_screen_section=\u00bbno\u00bb type=\u00bbgrid\u00bb text_align=\u00bbleft\u00bb background_animation=\u00bbnone\u00bb padding_top=\u00bb0&#8243; padding_bottom=\u00bb0&#8243; css_animation=\u00bb\u00bb][vc_column width=\u00bb1\/2&#8243; el_class=\u00bbmobile-fit\u00bb][vc_empty_space height=\u00bb40px\u00bb][vc_empty_space height=\u00bb40px\u00bb el_class=\u00bbmobile-hidden\u00bb][vc_column_text] Incentivos Nuestro gobierno est\u00e1 comprometido con lograr que&#8230;<\/p>\n","protected":false},"author":1,"featured_media":0,"parent":2273,"menu_order":0,"comment_status":"closed","ping_status":"closed","template":"full_width.php","meta":{"footnotes":""},"class_list":["post-2323","page","type-page","status-publish","hentry"],"_links":{"self":[{"href":"https:\/\/philippines.business\/es\/wp-json\/wp\/v2\/pages\/2323","targetHints":{"allow":["GET"]}}],"collection":[{"href":"https:\/\/philippines.business\/es\/wp-json\/wp\/v2\/pages"}],"about":[{"href":"https:\/\/philippines.business\/es\/wp-json\/wp\/v2\/types\/page"}],"author":[{"embeddable":true,"href":"https:\/\/philippines.business\/es\/wp-json\/wp\/v2\/users\/1"}],"replies":[{"embeddable":true,"href":"https:\/\/philippines.business\/es\/wp-json\/wp\/v2\/comments?post=2323"}],"version-history":[{"count":3,"href":"https:\/\/philippines.business\/es\/wp-json\/wp\/v2\/pages\/2323\/revisions"}],"predecessor-version":[{"id":3399,"href":"https:\/\/philippines.business\/es\/wp-json\/wp\/v2\/pages\/2323\/revisions\/3399"}],"up":[{"embeddable":true,"href":"https:\/\/philippines.business\/es\/wp-json\/wp\/v2\/pages\/2273"}],"wp:attachment":[{"href":"https:\/\/philippines.business\/es\/wp-json\/wp\/v2\/media?parent=2323"}],"curies":[{"name":"wp","href":"https:\/\/api.w.org\/{rel}","templated":true}]}}