{"id":2321,"date":"2020-07-13T10:40:35","date_gmt":"2020-07-13T09:40:35","guid":{"rendered":"https:\/\/philippines.business\/como-iniciar-un-negocio\/registering-a-business\/"},"modified":"2020-10-26T12:14:23","modified_gmt":"2020-10-26T12:14:23","slug":"registro-de-empresas","status":"publish","type":"page","link":"https:\/\/philippines.business\/es\/como-iniciar-un-negocio\/registro-de-empresas\/","title":{"rendered":"Registro de empresas"},"content":{"rendered":"<p>[vc_row row_type=\u00bbrow\u00bb use_row_as_full_screen_section=\u00bbno\u00bb type=\u00bbfull_width\u00bb text_align=\u00bbcenter\u00bb background_animation=\u00bbnone\u00bb padding_top=\u00bb0&#8243; padding_bottom=\u00bb0&#8243; css_animation=\u00bb\u00bb css=\u00bb.vc_custom_1593544462168{background-color: #1226AA !important;}\u00bb el_class=\u00bbCOPYWHITE\u00bb][vc_column][vc_empty_space height=\u00bb100px\u00bb][vc_empty_space height=\u00bb100px\u00bb el_class=\u00bbmobile-hidden\u00bb][vc_column_text el_class=\u00bbcontrolled-h1&#8243;]<\/p>\n<h1>Registro de empresas<\/h1>\n<p>[\/vc_column_text][vc_empty_space height=\u00bb100px\u00bb][vc_empty_space height=\u00bb100px\u00bb el_class=\u00bbmobile-hidden\u00bb][\/vc_column][\/vc_row][vc_row row_type=\u00bbrow\u00bb use_row_as_full_screen_section=\u00bbno\u00bb type=\u00bbgrid\u00bb text_align=\u00bbleft\u00bb background_animation=\u00bbnone\u00bb padding_top=\u00bb0&#8243; padding_bottom=\u00bb0&#8243; css_animation=\u00bb\u00bb][vc_column width=\u00bb1\/2&#8243; el_class=\u00bbmobile-fit\u00bb][vc_empty_space height=\u00bb40px\u00bb][vc_empty_space height=\u00bb20px\u00bb][vc_column_text]Para poder establecer una base en las Filipinas, es necesario obtener ciertos permisos gubernamentales. Puede registrarse mediante un formulario en l\u00ednea y el gobierno le conceder\u00e1 una raz\u00f3n social y una licencia.<\/p>\n<p>Las empresas en las Filipinas deben contar con un registro local y central. El registro local se obtiene en las oficinas gubernamentales de la localidad, que le expedir\u00e1n un permiso para que pueda operar su negocio localmente. Este proceso toma entre 8 y 12 semanas.<\/p>\n<p>Quiz\u00e1s necesitar\u00e1 obtener permisos y licencias especiales si va a realizar actividades reguladas por el gobierno. Para obtenerlos, contar\u00e1 con la asistencia de nuestros equipos especializados.[\/vc_column_text][vc_empty_space height=\u00bb40px\u00bb][vc_column_text]<\/p>\n<h3>Distintos tipos de empresas:<\/h3>\n<p>[\/vc_column_text][vc_empty_space height=\u00bb40px\u00bb el_class=\u00bbmobile-hidden\u00bb][vc_column_text]<\/p>\n<h3>Empresa unipersonal<\/h3>\n<p class=\"p1\">Si registra su negocio como una empresa unipersonal, tendr\u00e1 control pleno de la empresa y solo usted ser\u00e1 responsable de todas las p\u00e9rdidas y ganancias.<\/p>\n<p>[\/vc_column_text][vc_empty_space height=\u00bb40px\u00bb][vc_column_text]<\/p>\n<h3>Asociaci\u00f3n<\/h3>\n<p class=\"p1\">Las empresas propiedad de dos o m\u00e1s individuos se registran como asociaciones y cada socio es responsable de las deudas y obligaciones.<\/p>\n<p>[\/vc_column_text][vc_empty_space height=\u00bb40px\u00bb][vc_column_text]<\/p>\n<h3>Sociedad de capital<\/h3>\n<p>Las empresas con hasta un 40 % de capital extranjero pueden registrarse como una sociedad de capital filipina. Las empresas con m\u00e1s del 40 % de capital extranjero se considerar\u00e1n sociedades nacionales de propiedad extranjera. La responsabilidad de los accionistas de una sociedad de capital depender\u00e1 de su porcentaje de participaci\u00f3n en la empresa.[\/vc_column_text][vc_empty_space height=\u00bb20px\u00bb][vc_empty_space height=\u00bb20px\u00bb][vc_column_text]<\/p>\n<h3>Subsidiaria<\/h3>\n<p>Una subsidiaria es una empresa cuya sociedad matriz es propietaria de, al menos, el 51 % de las acciones y ha sido constituida en las Filipinas.[\/vc_column_text][vc_empty_space height=\u00bb40px\u00bb][vc_column_text]<\/p>\n<h3>Sociedad por acciones<\/h3>\n<p>Una sociedad por acciones es una empresa cuyo capital se divide en acciones.[\/vc_column_text][vc_empty_space height=\u00bb40px\u00bb][vc_column_text]<\/p>\n<h3>Sociedad no accionaria<\/h3>\n<p>Una sociedad no accionaria es una empresa constituida con fines p\u00fablicos, por ejemplo, instituciones ben\u00e9ficas, educativas, culturales o similares, que no emiten acciones de capital a sus socios.[\/vc_column_text][vc_empty_space height=\u00bb40px\u00bb][vc_column_text]<\/p>\n<h3>Asociaci\u00f3n p\u00fablico-privada<\/h3>\n<p>Una asociaci\u00f3n p\u00fablico-privada (APP) es un convenio mutuo entre el gobierno y una empresa privada. Estas asociaciones, por lo general, tienen por objeto el desarrollo de proyectos relacionados con dise\u00f1os, construcciones, finanzas e infraestructura.<\/p>\n<p>Tanto los gobiernos locales como el gobierno nacional pueden celebrar convenios de APP con una vigencia de entre 20 y 30 a\u00f1os.<\/p>\n<p>Si deseara participar en una APP en las Filipinas, nuestro gobierno ha agilizado el proceso en cuatro etapas:<\/p>\n<ul>\n<li>Propuesta<\/li>\n<li>Valoraci\u00f3n y aprobaci\u00f3n<\/li>\n<li>Compras<\/li>\n<li>Implementaci\u00f3n<\/li>\n<\/ul>\n<p>[\/vc_column_text][vc_empty_space height=\u00bb40px\u00bb][vc_empty_space height=\u00bb40px\u00bb][\/vc_column][vc_column width=\u00bb1\/2&#8243;][\/vc_column][\/vc_row][vc_row row_type=\u00bbrow\u00bb use_row_as_full_screen_section=\u00bbno\u00bb type=\u00bbgrid\u00bb text_align=\u00bbcenter\u00bb background_animation=\u00bbnone\u00bb padding_top=\u00bb80&#8243; padding_bottom=\u00bb80&#8243; css_animation=\u00bb\u00bb el_class=\u00bbCOPYWHITE\u00bb css=\u00bb.vc_custom_1592818445507{background-color: #1226AA !important;}\u00bb][vc_column width=\u00bb2\/3&#8243;][vc_empty_space][vc_column_text]<\/p>\n<h4>\u00bfQuiere obtener m\u00e1s informaci\u00f3n sobre c\u00f3mo registrar una empresa en las Filipinas?<\/h4>\n<p>[\/vc_column_text][vc_empty_space][\/vc_column][vc_column width=\u00bb1\/3&#8243;][vc_empty_space]<a href=\"\/es\/como-iniciar-un-negocio\/#Guidance\" target=\"_self\" data-hover-background-color=#1226aa data-hover-border-color=#1226aa data-hover-color=#ffffff class=\"qbutton  large move_icon qbutton_with_icon\" style=\"color: #1226aa; border-color: #ffffff; background-color: #ffffff;\">OBTENER M\u00c1S ASESORAMIENTO<i class=\"button_icon  fa fa-arrow-right\" style=\"\"><\/i><\/a>[vc_empty_space][\/vc_column][\/vc_row][vc_row row_type=\u00bbrow\u00bb use_row_as_full_screen_section=\u00bbno\u00bb type=\u00bbgrid\u00bb text_align=\u00bbcenter\u00bb background_animation=\u00bbnone\u00bb padding_top=\u00bb0&#8243; padding_bottom=\u00bb0&#8243; css_animation=\u00bb\u00bb][vc_column][vc_empty_space height=\u00bb40px\u00bb][vc_empty_space height=\u00bb120px\u00bb el_class=\u00bbmobile-hidden\u00bb][vc_column_text]<\/p>\n<h2>\u00bfDESEA QUE HABLEMOS?<\/h2>\n<p>[\/vc_column_text][vc_empty_space height=\u00bb40px\u00bb][vc_column_text]<\/p>\n<h4 class=\"p1\">Solicite hoy una consulta sin costo con uno de nuestros expertos en inversiones.<\/h4>\n<p>[\/vc_column_text][vc_empty_space height=\u00bb40px\u00bb]<a href=\"\/es\/contacto\" target=\"_self\"  class=\"qbutton  large\" style=\"\">CONT\u00c1CTENOS AHORA<\/a>[vc_empty_space height=\u00bb40px\u00bb][vc_empty_space height=\u00bb120px\u00bb el_class=\u00bbmobile-hidden\u00bb][\/vc_column][\/vc_row]<\/p>\n","protected":false},"excerpt":{"rendered":"<p>[vc_row row_type=\u00bbrow\u00bb use_row_as_full_screen_section=\u00bbno\u00bb type=\u00bbfull_width\u00bb text_align=\u00bbcenter\u00bb background_animation=\u00bbnone\u00bb padding_top=\u00bb0&#8243; padding_bottom=\u00bb0&#8243; css_animation=\u00bb\u00bb css=\u00bb.vc_custom_1593544462168{background-color: #1226AA !important;}\u00bb el_class=\u00bbCOPYWHITE\u00bb][vc_column][vc_empty_space height=\u00bb100px\u00bb][vc_empty_space height=\u00bb100px\u00bb el_class=\u00bbmobile-hidden\u00bb][vc_column_text el_class=\u00bbcontrolled-h1&#8243;] Registro de empresas [\/vc_column_text][vc_empty_space height=\u00bb100px\u00bb][vc_empty_space height=\u00bb100px\u00bb el_class=\u00bbmobile-hidden\u00bb][\/vc_column][\/vc_row][vc_row row_type=\u00bbrow\u00bb use_row_as_full_screen_section=\u00bbno\u00bb type=\u00bbgrid\u00bb text_align=\u00bbleft\u00bb background_animation=\u00bbnone\u00bb padding_top=\u00bb0&#8243; padding_bottom=\u00bb0&#8243; css_animation=\u00bb\u00bb][vc_column width=\u00bb1\/2&#8243; el_class=\u00bbmobile-fit\u00bb][vc_empty_space height=\u00bb40px\u00bb][vc_empty_space height=\u00bb20px\u00bb][vc_column_text]Para poder establecer una base en las Filipinas, es necesario&#8230;<\/p>\n","protected":false},"author":1,"featured_media":0,"parent":2273,"menu_order":0,"comment_status":"closed","ping_status":"closed","template":"full_width.php","meta":{"footnotes":""},"class_list":["post-2321","page","type-page","status-publish","hentry"],"_links":{"self":[{"href":"https:\/\/philippines.business\/es\/wp-json\/wp\/v2\/pages\/2321","targetHints":{"allow":["GET"]}}],"collection":[{"href":"https:\/\/philippines.business\/es\/wp-json\/wp\/v2\/pages"}],"about":[{"href":"https:\/\/philippines.business\/es\/wp-json\/wp\/v2\/types\/page"}],"author":[{"embeddable":true,"href":"https:\/\/philippines.business\/es\/wp-json\/wp\/v2\/users\/1"}],"replies":[{"embeddable":true,"href":"https:\/\/philippines.business\/es\/wp-json\/wp\/v2\/comments?post=2321"}],"version-history":[{"count":4,"href":"https:\/\/philippines.business\/es\/wp-json\/wp\/v2\/pages\/2321\/revisions"}],"predecessor-version":[{"id":3398,"href":"https:\/\/philippines.business\/es\/wp-json\/wp\/v2\/pages\/2321\/revisions\/3398"}],"up":[{"embeddable":true,"href":"https:\/\/philippines.business\/es\/wp-json\/wp\/v2\/pages\/2273"}],"wp:attachment":[{"href":"https:\/\/philippines.business\/es\/wp-json\/wp\/v2\/media?parent=2321"}],"curies":[{"name":"wp","href":"https:\/\/api.w.org\/{rel}","templated":true}]}}