{"id":2318,"date":"2020-07-10T20:47:11","date_gmt":"2020-07-10T19:47:11","guid":{"rendered":"https:\/\/philippines.business\/como-iniciar-un-negocio\/intellectual-property\/"},"modified":"2020-10-26T11:53:16","modified_gmt":"2020-10-26T11:53:16","slug":"propiedad-intelectual","status":"publish","type":"page","link":"https:\/\/philippines.business\/es\/como-iniciar-un-negocio\/propiedad-intelectual\/","title":{"rendered":"Propiedad intelectual"},"content":{"rendered":"<p>[vc_row row_type=\u00bbrow\u00bb use_row_as_full_screen_section=\u00bbno\u00bb type=\u00bbfull_width\u00bb text_align=\u00bbcenter\u00bb background_animation=\u00bbnone\u00bb padding_top=\u00bb0&#8243; padding_bottom=\u00bb0&#8243; css_animation=\u00bb\u00bb css=\u00bb.vc_custom_1593544462168{background-color: #1226AA !important;}\u00bb el_class=\u00bbCOPYWHITE\u00bb][vc_column][vc_empty_space height=\u00bb100px\u00bb][vc_empty_space height=\u00bb100px\u00bb el_class=\u00bbmobile-hidden\u00bb][vc_column_text el_class=\u00bbcontrolled-h1&#8243;]<\/p>\n<h1>Propiedad intelectual<\/h1>\n<p>[\/vc_column_text][vc_empty_space height=\u00bb100px\u00bb][vc_empty_space height=\u00bb100px\u00bb el_class=\u00bbmobile-hidden\u00bb][\/vc_column][\/vc_row][vc_row row_type=\u00bbrow\u00bb use_row_as_full_screen_section=\u00bbno\u00bb type=\u00bbgrid\u00bb text_align=\u00bbleft\u00bb background_animation=\u00bbnone\u00bb padding_top=\u00bb0&#8243; padding_bottom=\u00bb0&#8243; css_animation=\u00bb\u00bb][vc_column width=\u00bb1\/2&#8243; el_class=\u00bbmobile-fit\u00bb][vc_empty_space height=\u00bb40px\u00bb el_class=\u00bbmobile-hidden\u00bb][vc_empty_space height=\u00bb20px\u00bb el_class=\u00bbmobile-hidden\u00bb][vc_column_text]Tenemos el firme compromiso de proteger la propiedad intelectual. Por tal motivo, las Filipinas es un Estado miembro de la Organizaci\u00f3n Mundial de la Propiedad Intelectual y firmante de distintos tratados internacionales sobre derechos de propiedad intelectual.<\/p>\n<p>Las empresas pueden tener acceso a un servicio digital f\u00e1cil de usar para proteger su propiedad intelectual y registrar marcas o [\/vc_column_text][vc_empty_space height=\u00bb20px\u00bb el_class=\u00bbmobile-hidden\u00bb]<a href=\"https:\/\/www.ipophil.gov.ph\/\" target=\"_blank\" data-hover-background-color=#c02d24 data-hover-border-color=#c02d24  class=\"qbutton  qbutton_with_icon\" style=\"border-color: #d8d8d8; background-color: #d8d8d8;\">denunciar en l\u00ednea cualquier violaci\u00f3n<i class=\"button_icon  fa fa-external-link\" style=\"\"><\/i><\/a>[vc_empty_space height=\u00bb20px\u00bb el_class=\u00bbmobile-hidden\u00bb][vc_column_text]Las disposiciones del gobierno de las Filipinas se aplican con rigor para sancionar las violaciones a los derechos de propiedad intelectual.[\/vc_column_text][vc_empty_space height=\u00bb40px\u00bb el_class=\u00bbmobile-hidden\u00bb][vc_column_text]<\/p>\n<h3>Tipos de propiedad intelectual<\/h3>\n<p>[\/vc_column_text][vc_empty_space height=\u00bb40px\u00bb][vc_column_text]<\/p>\n<h3>Patentes<\/h3>\n<p class=\"p1\">Una patente de invenci\u00f3n es un derecho exclusivo que otorga el gobierno a su titular sobre un nuevo producto o proceso. Las patentes se obtienen en la Oficina de Propiedad Intelectual y son v\u00e1lidas durante 20 a\u00f1os.<\/p>\n<p>[\/vc_column_text][vc_empty_space height=\u00bb40px\u00bb][vc_column_text]<\/p>\n<h3>Marcas registradas<\/h3>\n<p><span style=\"font-weight: 400;\">El nombre o logotipo de su negocio queda protegido registr\u00e1ndolo como marca comercial. Usted puede proteger f\u00e1cil y eficazmente su propiedad intelectual realizando en l\u00ednea el tr\u00e1mite para solicitar el registro.<\/span>[\/vc_column_text][vc_empty_space height=\u00bb60px\u00bb][vc_column_text]<\/p>\n<h3>Derechos de autor<\/h3>\n<p>Nuestras leyes protegen autom\u00e1ticamente al autor de cualquier trabajo original. \u00abTrabajo original\u00bb significa la producci\u00f3n de una obra art\u00edstica, literaria o intelectual por autores, artistas y otros creadores de obras literarias y art\u00edsticas.[\/vc_column_text][vc_empty_space height=\u00bb20px\u00bb]<a href=\"http:\/\/www.ipap.org.ph\/?pid=17\" target=\"_blank\" data-hover-background-color=#c02d24 data-hover-border-color=#c02d24  class=\"qbutton  qbutton_with_icon\" style=\"border-color: #d8d8d8; background-color: #d8d8d8;\">encontrar un especialista en propiedad intelectual en las Filipinas<i class=\"button_icon  fa fa-external-link\" style=\"\"><\/i><\/a>[vc_empty_space height=\u00bb40px\u00bb][vc_empty_space height=\u00bb40px\u00bb el_class=\u00bbmobile-hidden\u00bb][\/vc_column][vc_column width=\u00bb1\/2&#8243;][\/vc_column][\/vc_row][vc_row row_type=\u00bbrow\u00bb use_row_as_full_screen_section=\u00bbno\u00bb type=\u00bbgrid\u00bb text_align=\u00bbcenter\u00bb background_animation=\u00bbnone\u00bb padding_top=\u00bb80&#8243; padding_bottom=\u00bb80&#8243; css_animation=\u00bb\u00bb el_class=\u00bbCOPYWHITE\u00bb css=\u00bb.vc_custom_1592818445507{background-color: #1226AA !important;}\u00bb][vc_column width=\u00bb2\/3&#8243;][vc_empty_space][vc_column_text]<\/p>\n<h4>\u00bfQuiere obtener m\u00e1s informaci\u00f3n sobre iniciar un negocio de propiedad intelectual en las Filipinas?<\/h4>\n<p>[\/vc_column_text][vc_empty_space][\/vc_column][vc_column width=\u00bb1\/3&#8243;][vc_empty_space]<a href=\"\/es\/como-iniciar-un-negocio\/#Guidance\" target=\"_self\" data-hover-background-color=#1226aa data-hover-border-color=#1226aa data-hover-color=#ffffff class=\"qbutton  large move_icon qbutton_with_icon\" style=\"color: #1226aa; border-color: #ffffff; background-color: #ffffff;\">OBTENER M\u00c1S ASESORAMIENTO<i class=\"button_icon  fa fa-arrow-right\" style=\"\"><\/i><\/a>[vc_empty_space][\/vc_column][\/vc_row][vc_row row_type=\u00bbrow\u00bb use_row_as_full_screen_section=\u00bbno\u00bb type=\u00bbgrid\u00bb text_align=\u00bbcenter\u00bb background_animation=\u00bbnone\u00bb padding_top=\u00bb0&#8243; padding_bottom=\u00bb0&#8243; css_animation=\u00bb\u00bb][vc_column][vc_empty_space height=\u00bb40px\u00bb][vc_empty_space height=\u00bb120px\u00bb el_class=\u00bbmobile-hidden\u00bb][vc_column_text]<\/p>\n<h2>\u00bfDESEA QUE HABLEMOS?<\/h2>\n<p>[\/vc_column_text][vc_empty_space height=\u00bb40px\u00bb][vc_column_text]<\/p>\n<h4 class=\"p1\">Solicite hoy una consulta sin costo con uno de nuestros expertos en inversiones.<\/h4>\n<p>[\/vc_column_text][vc_empty_space height=\u00bb40px\u00bb]<a href=\"\/es\/contacto\" target=\"_self\"  class=\"qbutton  large\" style=\"\">CONT\u00c1CTENOS AHORA<\/a>[vc_empty_space height=\u00bb40px\u00bb][vc_empty_space height=\u00bb120px\u00bb el_class=\u00bbmobile-hidden\u00bb][\/vc_column][\/vc_row]<\/p>\n","protected":false},"excerpt":{"rendered":"<p>[vc_row row_type=\u00bbrow\u00bb use_row_as_full_screen_section=\u00bbno\u00bb type=\u00bbfull_width\u00bb text_align=\u00bbcenter\u00bb background_animation=\u00bbnone\u00bb padding_top=\u00bb0&#8243; padding_bottom=\u00bb0&#8243; css_animation=\u00bb\u00bb css=\u00bb.vc_custom_1593544462168{background-color: #1226AA !important;}\u00bb el_class=\u00bbCOPYWHITE\u00bb][vc_column][vc_empty_space height=\u00bb100px\u00bb][vc_empty_space height=\u00bb100px\u00bb el_class=\u00bbmobile-hidden\u00bb][vc_column_text el_class=\u00bbcontrolled-h1&#8243;] Propiedad intelectual [\/vc_column_text][vc_empty_space height=\u00bb100px\u00bb][vc_empty_space height=\u00bb100px\u00bb el_class=\u00bbmobile-hidden\u00bb][\/vc_column][\/vc_row][vc_row row_type=\u00bbrow\u00bb use_row_as_full_screen_section=\u00bbno\u00bb type=\u00bbgrid\u00bb text_align=\u00bbleft\u00bb background_animation=\u00bbnone\u00bb padding_top=\u00bb0&#8243; padding_bottom=\u00bb0&#8243; css_animation=\u00bb\u00bb][vc_column width=\u00bb1\/2&#8243; el_class=\u00bbmobile-fit\u00bb][vc_empty_space height=\u00bb40px\u00bb el_class=\u00bbmobile-hidden\u00bb][vc_empty_space height=\u00bb20px\u00bb el_class=\u00bbmobile-hidden\u00bb][vc_column_text]Tenemos el firme compromiso de proteger la propiedad intelectual&#8230;.<\/p>\n","protected":false},"author":1,"featured_media":0,"parent":2273,"menu_order":0,"comment_status":"closed","ping_status":"closed","template":"full_width.php","meta":{"footnotes":""},"class_list":["post-2318","page","type-page","status-publish","hentry"],"_links":{"self":[{"href":"https:\/\/philippines.business\/es\/wp-json\/wp\/v2\/pages\/2318","targetHints":{"allow":["GET"]}}],"collection":[{"href":"https:\/\/philippines.business\/es\/wp-json\/wp\/v2\/pages"}],"about":[{"href":"https:\/\/philippines.business\/es\/wp-json\/wp\/v2\/types\/page"}],"author":[{"embeddable":true,"href":"https:\/\/philippines.business\/es\/wp-json\/wp\/v2\/users\/1"}],"replies":[{"embeddable":true,"href":"https:\/\/philippines.business\/es\/wp-json\/wp\/v2\/comments?post=2318"}],"version-history":[{"count":6,"href":"https:\/\/philippines.business\/es\/wp-json\/wp\/v2\/pages\/2318\/revisions"}],"predecessor-version":[{"id":3393,"href":"https:\/\/philippines.business\/es\/wp-json\/wp\/v2\/pages\/2318\/revisions\/3393"}],"up":[{"embeddable":true,"href":"https:\/\/philippines.business\/es\/wp-json\/wp\/v2\/pages\/2273"}],"wp:attachment":[{"href":"https:\/\/philippines.business\/es\/wp-json\/wp\/v2\/media?parent=2318"}],"curies":[{"name":"wp","href":"https:\/\/api.w.org\/{rel}","templated":true}]}}