{"id":2317,"date":"2020-07-09T20:38:43","date_gmt":"2020-07-09T19:38:43","guid":{"rendered":"https:\/\/philippines.business\/como-iniciar-un-negocio\/infrastructure-logistics\/"},"modified":"2020-10-26T11:50:05","modified_gmt":"2020-10-26T11:50:05","slug":"infraestructura-y-logistica","status":"publish","type":"page","link":"https:\/\/philippines.business\/es\/como-iniciar-un-negocio\/infraestructura-y-logistica\/","title":{"rendered":"Infraestructura y log\u00edstica"},"content":{"rendered":"<p>[vc_row row_type=\u00bbrow\u00bb use_row_as_full_screen_section=\u00bbno\u00bb type=\u00bbfull_width\u00bb text_align=\u00bbcenter\u00bb background_animation=\u00bbnone\u00bb css_animation=\u00bb\u00bb css=\u00bb.vc_custom_1594723391476{background-color: #1226AA !important;}\u00bb el_class=\u00bbCOPYWHITE\u00bb][vc_column][vc_empty_space height=\u00bb100px\u00bb][vc_empty_space height=\u00bb100px\u00bb el_class=\u00bbmobile-hidden\u00bb][vc_column_text el_class=\u00bbcontrolled-h1&#8243;]<\/p>\n<h1>Infraestructura y log\u00edstica<\/h1>\n<p>[\/vc_column_text][vc_empty_space height=\u00bb100px\u00bb][vc_empty_space height=\u00bb100px\u00bb el_class=\u00bbmobile-hidden\u00bb][\/vc_column][\/vc_row][vc_row row_type=\u00bbrow\u00bb use_row_as_full_screen_section=\u00bbno\u00bb type=\u00bbgrid\u00bb text_align=\u00bbleft\u00bb background_animation=\u00bbnone\u00bb padding_top=\u00bb80&#8243; padding_bottom=\u00bb80&#8243; css_animation=\u00bb\u00bb][vc_column width=\u00bb1\/2&#8243;][vc_column_text]<span style=\"font-weight: 400;\">La infraestructura en las Filipinas va en aumento cada a\u00f1o. Contamos con m\u00e1s de 70 aeropuertos y una red de carreteras creciente de m\u00e1s de 32 000 kil\u00f3metros. Continuamente ampliamos nuestra infraestructura mediante la construcci\u00f3n de nuevas carreteras y autopistas, e invertimos en telecomunicaciones para ayudar a los negocios.<\/span>[\/vc_column_text][vc_empty_space height=\u00bb40px\u00bb el_class=\u00bbmobile-hidden\u00bb][vc_column_text]<\/p>\n<h3>Telecomunicaciones<\/h3>\n<p>[\/vc_column_text][vc_empty_space height=\u00bb20px\u00bb][vc_column_text]<span style=\"font-weight: 400;\">Nuestras telecomunicaciones se encuentran entre las m\u00e1s desarrolladas del Sudeste Asi\u00e1tico y ofrecen sistemas excepcionales a los negocios.<\/span><\/p>\n<p><span style=\"font-weight: 400;\">En las Filipinas, operan varias empresas importantes de telecomunicaciones, que proporcionan servicio de telefon\u00eda fija, m\u00f3vil e Internet a todo el pa\u00eds. Los servicios de Internet son avanzados y disponemos de banda ancha en la mayor parte del pa\u00eds. En muchas regiones tambi\u00e9n se cuenta con cobertura 4G y 4G+.<\/span>[\/vc_column_text][vc_empty_space height=\u00bb40px\u00bb][vc_column_text]<\/p>\n<h2>Transporte<\/h2>\n<p>[\/vc_column_text][vc_empty_space height=\u00bb40px\u00bb][vc_column_text]<\/p>\n<h3>Aeropuertos<\/h3>\n<p>[\/vc_column_text][vc_empty_space height=\u00bb20px\u00bb][vc_column_text]<span style=\"font-weight: 400;\">El transporte a\u00e9reo entre las Filipinas y Asia, Europa y el Medio Oriente se realiza desde 70 aeropuertos en todo el pa\u00eds. Desde el principal aeropuerto salen vuelos a m\u00e1s de 90 destinos y las conexiones disponibles son excelentes. Ciudades como Hong Kong, Tokio y Taip\u00e9i est\u00e1n a pocas horas de vuelo y ofrecemos vuelos directos a Nueva York, Abu Dabi y Londres, entre otras opciones de viaje muy convenientes. Hay vuelos nacionales desde todos los aeropuertos, as\u00ed que viajar es muy sencillo.<\/span>[\/vc_column_text][vc_empty_space height=\u00bb40px\u00bb][vc_column_text]<\/p>\n<h3>Puertos mar\u00edtimos<\/h3>\n<p>[\/vc_column_text][vc_column_text]<span style=\"font-weight: 400;\">Los m\u00e1s de 800 puertos comerciales de las Filipinas favorecen a una gran variedad de negocios. El puerto mar\u00edtimo de Manila es el m\u00e1s grande de las Filipinas y la principal puerta de acceso por mar al mundo. Con puertos en cada isla, las Filipinas pueden manejar m\u00e1s de 200 millones de toneladas de mercanc\u00eda. El puerto de S\u00fabic, en el norte, se destaca como uno de los principales puertos de exportaci\u00f3n al Sudeste Asi\u00e1tico, por su ubicaci\u00f3n a poco m\u00e1s de 1000 kil\u00f3metros de China y Taiw\u00e1n, y por su capacidad anual de carga de 600 000 TEU.<\/span>[\/vc_column_text][vc_empty_space height=\u00bb40px\u00bb][vc_column_text]<\/p>\n<h3>Red de carreteras<\/h3>\n<p>[\/vc_column_text][vc_column_text]<span style=\"font-weight: 400;\">Nuestra extensa red de carreteras abarca m\u00e1s de 32 000 kil\u00f3metros. No solo es una de las m\u00e1s avanzadas de Asia, sino tambi\u00e9n, una v\u00eda para el transporte seguro y eficiente por todo el pa\u00eds. El compromiso del gobierno con el desarrollo de infraestructura en las Filipinas se traduce en una red de carreteras en constante expansi\u00f3n.<\/span>[\/vc_column_text][vc_empty_space height=\u00bb40px\u00bb][vc_column_text]<\/p>\n<h3>Transporte de mercanc\u00edas<\/h3>\n<p>[\/vc_column_text][vc_column_text]<span style=\"font-weight: 400;\">Gracias a los distintos puertos y a la extensa red de carreteras de las Filipinas, resulta muy sencillo transportar mercanc\u00edas por el pa\u00eds y hacia el extranjero. Nuestros transportistas y empresas log\u00edsticas pueden transportar sus productos a cualquier lugar del mundo.<\/span>[\/vc_column_text][vc_empty_space height=\u00bb40px\u00bb][vc_column_text]<\/p>\n<h2>Servicios b\u00e1sicos<\/h2>\n<p>[\/vc_column_text][vc_empty_space height=\u00bb40px\u00bb][vc_column_text]<\/p>\n<h3>Agua<\/h3>\n<p>[\/vc_column_text][vc_column_text]<span style=\"font-weight: 400;\">Las 19 presas de grandes dimensiones en las Filipinas suministran agua a la mayor parte del pa\u00eds.<\/span>[\/vc_column_text][vc_empty_space height=\u00bb40px\u00bb][vc_column_text]<\/p>\n<h3>Electricidad<\/h3>\n<p>[\/vc_column_text][vc_column_text]<span style=\"font-weight: 400;\">El sistema de suministro el\u00e9ctrico en las Filipinas es vasto, as\u00ed que se cuenta con electricidad confiable tanto en las zonas urbanas como en las rurales.<\/span>[\/vc_column_text][\/vc_column][vc_column width=\u00bb1\/2&#8243;][\/vc_column][\/vc_row][vc_row row_type=\u00bbrow\u00bb use_row_as_full_screen_section=\u00bbno\u00bb type=\u00bbgrid\u00bb text_align=\u00bbcenter\u00bb background_animation=\u00bbnone\u00bb padding_top=\u00bb80&#8243; padding_bottom=\u00bb80&#8243; css_animation=\u00bb\u00bb el_class=\u00bbCOPYWHITE\u00bb css=\u00bb.vc_custom_1592818445507{background-color: #1226AA !important;}\u00bb][vc_column width=\u00bb2\/3&#8243;][vc_empty_space][vc_column_text]<\/p>\n<h4>\u00bfQuiere obtener m\u00e1s informaci\u00f3n sobre iniciar un negocio de infraestructura y log\u00edstica en las Filipinas?<\/h4>\n<p>[\/vc_column_text][vc_empty_space][\/vc_column][vc_column width=\u00bb1\/3&#8243;][vc_empty_space]<a href=\" \/es\/como-iniciar-un-negocio\/#Guidance\" target=\"_self\" data-hover-background-color=#1226aa data-hover-border-color=#1226aa data-hover-color=#ffffff class=\"qbutton  large move_icon qbutton_with_icon\" style=\"color: #1226aa; border-color: #ffffff; background-color: #ffffff;\">OBTENER M\u00c1S ASESORAMIENTO<i class=\"button_icon  fa fa-arrow-right\" style=\"\"><\/i><\/a>[vc_empty_space][\/vc_column][\/vc_row][vc_row row_type=\u00bbrow\u00bb use_row_as_full_screen_section=\u00bbno\u00bb type=\u00bbgrid\u00bb text_align=\u00bbcenter\u00bb background_animation=\u00bbnone\u00bb padding_top=\u00bb0&#8243; padding_bottom=\u00bb0&#8243; css_animation=\u00bb\u00bb][vc_column][vc_empty_space height=\u00bb40px\u00bb][vc_empty_space height=\u00bb120px\u00bb el_class=\u00bbmobile-hidden\u00bb][vc_column_text]<\/p>\n<h2>\u00bfDESEA QUE HABLEMOS?<\/h2>\n<p>[\/vc_column_text][vc_empty_space height=\u00bb40px\u00bb][vc_column_text]<\/p>\n<h4 class=\"p1\">Solicite hoy una consulta sin costo con uno de nuestros expertos en inversiones.<\/h4>\n<p>[\/vc_column_text][vc_empty_space height=\u00bb40px\u00bb]<a href=\"\/es\/contacto\" target=\"_self\"  class=\"qbutton  large\" style=\"\">CONT\u00c1CTENOS AHORA<\/a>[vc_empty_space height=\u00bb40px\u00bb][vc_empty_space height=\u00bb120px\u00bb el_class=\u00bbmobile-hidden\u00bb][\/vc_column][\/vc_row]<\/p>\n","protected":false},"excerpt":{"rendered":"<p>[vc_row row_type=\u00bbrow\u00bb use_row_as_full_screen_section=\u00bbno\u00bb type=\u00bbfull_width\u00bb text_align=\u00bbcenter\u00bb background_animation=\u00bbnone\u00bb css_animation=\u00bb\u00bb css=\u00bb.vc_custom_1594723391476{background-color: #1226AA !important;}\u00bb el_class=\u00bbCOPYWHITE\u00bb][vc_column][vc_empty_space height=\u00bb100px\u00bb][vc_empty_space height=\u00bb100px\u00bb el_class=\u00bbmobile-hidden\u00bb][vc_column_text el_class=\u00bbcontrolled-h1&#8243;] Infraestructura y log\u00edstica [\/vc_column_text][vc_empty_space height=\u00bb100px\u00bb][vc_empty_space height=\u00bb100px\u00bb el_class=\u00bbmobile-hidden\u00bb][\/vc_column][\/vc_row][vc_row row_type=\u00bbrow\u00bb use_row_as_full_screen_section=\u00bbno\u00bb type=\u00bbgrid\u00bb text_align=\u00bbleft\u00bb background_animation=\u00bbnone\u00bb padding_top=\u00bb80&#8243; padding_bottom=\u00bb80&#8243; css_animation=\u00bb\u00bb][vc_column width=\u00bb1\/2&#8243;][vc_column_text]La infraestructura en las Filipinas va en aumento cada a\u00f1o. Contamos con m\u00e1s de 70&#8230;<\/p>\n","protected":false},"author":1,"featured_media":0,"parent":2273,"menu_order":0,"comment_status":"closed","ping_status":"closed","template":"full_width.php","meta":{"footnotes":""},"class_list":["post-2317","page","type-page","status-publish","hentry"],"_links":{"self":[{"href":"https:\/\/philippines.business\/es\/wp-json\/wp\/v2\/pages\/2317","targetHints":{"allow":["GET"]}}],"collection":[{"href":"https:\/\/philippines.business\/es\/wp-json\/wp\/v2\/pages"}],"about":[{"href":"https:\/\/philippines.business\/es\/wp-json\/wp\/v2\/types\/page"}],"author":[{"embeddable":true,"href":"https:\/\/philippines.business\/es\/wp-json\/wp\/v2\/users\/1"}],"replies":[{"embeddable":true,"href":"https:\/\/philippines.business\/es\/wp-json\/wp\/v2\/comments?post=2317"}],"version-history":[{"count":4,"href":"https:\/\/philippines.business\/es\/wp-json\/wp\/v2\/pages\/2317\/revisions"}],"predecessor-version":[{"id":3392,"href":"https:\/\/philippines.business\/es\/wp-json\/wp\/v2\/pages\/2317\/revisions\/3392"}],"up":[{"embeddable":true,"href":"https:\/\/philippines.business\/es\/wp-json\/wp\/v2\/pages\/2273"}],"wp:attachment":[{"href":"https:\/\/philippines.business\/es\/wp-json\/wp\/v2\/media?parent=2317"}],"curies":[{"name":"wp","href":"https:\/\/api.w.org\/{rel}","templated":true}]}}