{"id":2316,"date":"2020-07-10T19:16:09","date_gmt":"2020-07-10T18:16:09","guid":{"rendered":"https:\/\/philippines.business\/como-iniciar-un-negocio\/import-export\/"},"modified":"2020-10-26T11:33:35","modified_gmt":"2020-10-26T11:33:35","slug":"importaciones-y-exportaciones","status":"publish","type":"page","link":"https:\/\/philippines.business\/es\/como-iniciar-un-negocio\/importaciones-y-exportaciones\/","title":{"rendered":"Importaciones y exportaciones"},"content":{"rendered":"<p>[vc_row row_type=\u00bbrow\u00bb use_row_as_full_screen_section=\u00bbno\u00bb type=\u00bbfull_width\u00bb text_align=\u00bbcenter\u00bb background_animation=\u00bbnone\u00bb padding_top=\u00bb0&#8243; padding_bottom=\u00bb0&#8243; css_animation=\u00bb\u00bb css=\u00bb.vc_custom_1593544462168{background-color: #1226AA !important;}\u00bb el_class=\u00bbCOPYWHITE\u00bb][vc_column][vc_empty_space height=\u00bb100px\u00bb][vc_empty_space height=\u00bb100px\u00bb el_class=\u00bbmobile-hidden\u00bb][vc_column_text el_class=\u00bbcontrolled-h1&#8243;]<\/p>\n<h1>Importaciones y exportaciones<\/h1>\n<p>[\/vc_column_text][vc_empty_space height=\u00bb100px\u00bb][vc_empty_space height=\u00bb100px\u00bb el_class=\u00bbmobile-hidden\u00bb][\/vc_column][\/vc_row][vc_row row_type=\u00bbrow\u00bb use_row_as_full_screen_section=\u00bbno\u00bb type=\u00bbgrid\u00bb text_align=\u00bbleft\u00bb background_animation=\u00bbnone\u00bb padding_top=\u00bb0&#8243; padding_bottom=\u00bb0&#8243; css_animation=\u00bb\u00bb][vc_column width=\u00bb1\/2&#8243; el_class=\u00bbmobile-fit\u00bb][vc_empty_space height=\u00bb40px\u00bb][vc_empty_space height=\u00bb40px\u00bb el_class=\u00bbmobile-hidden\u00bb][vc_column_text]<\/p>\n<h3>Comercio internacional<\/h3>\n<p><span style=\"font-weight: 400;\">Las Filipinas es Estado miembro de la Asociaci\u00f3n de Naciones del Sudeste Asi\u00e1tico (ASEAN), un importante centro mundial de actividades manufactureras y comerciales. Con m\u00e1s de 620 millones de consumidores, comprende uno de los mercados de m\u00e1s r\u00e1pido crecimiento en el mundo. La demanda de consumo dentro de la ASEAN es alta y se espera que aumente conforme siga increment\u00e1ndose el PIB de la regi\u00f3n.<\/span><\/p>\n<p><span style=\"font-weight: 400;\">Al establecer una base de operaciones en las Filipinas, se obtiene buen acceso a las importaciones y exportaciones de este mercado. Esto tambi\u00e9n representa oportunidades \u00fanicas para beneficiarse de los tratados de libre comercio que ha firmado la ASEAN, los cuales fomentan los intercambios comerciales y la inversi\u00f3n dentro y fuera de la regi\u00f3n.<\/span>[\/vc_column_text][vc_empty_space height=\u00bb40px\u00bb el_class=\u00bbmobile-hidden\u00bb][vc_raw_html]JTNDdGFibGUlM0UlMEElM0N0aGVhZCUzRSUwQSUyMCUyMCUzQ3RyJTNFJTBBJTIwJTIwJTIwJTIwJTNDdGglM0VUcmF0YWRvcyUyMGRlJTIwbGlicmUlMjBjb21lcmNpbyUzQSUzQyUyRnRoJTNFJTBBJTIwJTIwJTIwJTIwJTNDdGglM0VQSUIlM0MlMkZ0aCUzRSUwQSUyMCUyMCUyMCUyMCUzQ3RoJTNFTWVyY2FkbyUyMGRlJTIwY29uc3VtbyUzQyUyRnRoJTNFJTBBJTIwJTIwJTNDJTJGdHIlM0UlMEElM0MlMkZ0aGVhZCUzRSUwQSUzQ3Rib2R5JTNFJTBBJTIwJTIwJTNDdHIlM0UlMEElMjAlMjAlMjAlMjAlM0N0ZCUzRVpvbmElMjBkZSUyMExpYnJlJTIwQ29tZXJjaW8lMjBBU0VBTi1BdXN0cmFsaWEtTnVldmElMjBaZWxhbmRhJTIwJTI4QUFOWkZUQSUyOSUzQyUyRnRkJTNFJTBBJTIwJTIwJTIwJTIwJTNDdGQlM0VVU0QlMjAyODUlMjB0cmlsbG9uZXMlM0MlMkZ0ZCUzRSUwQSUyMCUyMCUyMCUyMCUzQ3RkJTNFNjUwJTIwbWlsbG9uZXMlM0MlMkZ0ZCUzRSUwQSUyMCUyMCUzQyUyRnRyJTNFJTBBJTIwJTIwJTNDdHIlM0UlMEElMjAlMjAlMjAlMjAlM0N0ZCUzRVpvbmElMjBkZSUyMExpYnJlJTIwQ29tZXJjaW8lMjBBU0VBTi1DaGluYSUyMCUyOEFDRlRBJTI5JTNDJTJGdGQlM0UlMEElMjAlMjAlMjAlMjAlM0N0ZCUzRVVTRCUyMDEyJTIwdHJpbGxvbmVzJTNDJTJGdGQlM0UlMEElMjAlMjAlMjAlMjAlM0N0ZCUzRTElMkM0JTIwYmlsbG9uZXMlM0MlMkZ0ZCUzRSUwQSUyMCUyMCUzQyUyRnRyJTNFJTBBJTIwJTIwJTNDdHIlM0UlMEElMjAlMjAlMjAlMjAlM0N0ZCUzRVpvbmElMjBkZSUyMExpYnJlJTIwQ29tZXJjaW8lMjBBU0VBTi1JbmRpYSUyMCUyOEFJRlRBJTI5JTNDJTJGdGQlM0UlMEElMjAlMjAlMjAlMjAlM0N0ZCUzRVVTRCUyMDI4NiUyMHRyaWxsb25lcyUzQyUyRnRkJTNFJTBBJTIwJTIwJTIwJTIwJTNDdGQlM0UyJTIwYmlsbG9uZXMlM0MlMkZ0ZCUzRSUwQSUyMCUyMCUzQyUyRnRyJTNFJTBBJTIwJTIwJTNDdHIlM0UlMEElMjAlMjAlMjAlMjAlM0N0ZCUzRVpvbmElMjBkZSUyMExpYnJlJTIwQ29tZXJjaW8lMjBBU0VBTi1Db3JlYSUyMCUyOEFLRlRBJTI5JTNDJTJGdGQlM0UlMEElMjAlMjAlMjAlMjAlM0N0ZCUzRVVTRCUyMDI4NSUyMHRyaWxsb25lcyUzQyUyRnRkJTNFJTBBJTIwJTIwJTIwJTIwJTNDdGQlM0U2NzAlMjBtaWxsb25lcyUzQyUyRnRkJTNFJTBBJTIwJTIwJTNDJTJGdHIlM0UlMEElMjAlMjAlM0N0ciUzRSUwQSUyMCUyMCUyMCUyMCUzQ3RkJTNFWm9uYSUyMGRlJTIwTGlicmUlMjBDb21lcmNpbyUyMEFTRUFOLUphcCVDMyVCM24lMjAlMjhBSkZUQSUyOSUzQyUyRnRkJTNFJTBBJTIwJTIwJTIwJTIwJTNDdGQlM0VVU0QlMjAyODglMjB0cmlsbG9uZXMlM0MlMkZ0ZCUzRSUwQSUyMCUyMCUyMCUyMCUzQ3RkJTNFNzUwJTIwbWlsbG9uZXMlM0MlMkZ0ZCUzRSUwQSUyMCUyMCUzQyUyRnRyJTNFJTBBJTIwJTIwJTNDdHIlM0UlMEElMjAlMjAlMjAlMjAlM0N0ZCUzRUFzb2NpYWNpJUMzJUIzbiUyMEV1cm9wZWElMjBkZSUyMExpYnJlJTIwQ29tZXJjaW8lMjAlMjhFRlRBJTI5JTNDJTJGdGQlM0UlMEElMjAlMjAlMjAlMjAlM0N0ZCUzRVVTRCUyMDElMkMxJTIwdHJpbGxvbmVzJTNDJTJGdGQlM0UlMEElMjAlMjAlMjAlMjAlM0N0ZCUzRTE0JTIwbWlsbG9uZXMlM0MlMkZ0ZCUzRSUwQSUyMCUyMCUzQyUyRnRyJTNFJTBBJTIwJTIwJTNDdHIlM0UlMEElMjAlMjAlMjAlMjAlM0N0ZCUzRUFjdWVyZG8lMjBkZSUyMEFzb2NpYWNpJUMzJUIzbiUyMEVjb24lQzMlQjNtaWNhJTIwRmlsaXBpbmFzLUphcCVDMyVCM24lMjAlMjhQSkVQQSUyOSUzQyUyRnRkJTNFJTBBJTIwJTIwJTIwJTIwJTNDdGQlM0VVU0QlMjA1JTJDMiUyMHRyaWxsb25lcyUzQyUyRnRkJTNFJTBBJTIwJTIwJTIwJTIwJTNDdGQlM0UyMzAlMjBtaWxsb25lcyUzQyUyRnRkJTNFJTBBJTIwJTIwJTNDJTJGdHIlM0UlMEElM0MlMkZ0Ym9keSUzRSUwQSUzQyUyRnRhYmxlJTNF[\/vc_raw_html][vc_empty_space height=\u00bb40px\u00bb][vc_raw_html]JTNDdGFibGUlM0UlMEElM0N0aGVhZCUzRSUwQSUyMCUyMCUzQ3RyJTNFJTBBJTIwJTIwJTIwJTIwJTNDdGglM0UlM0NiJTNFT3Ryb3MlMjBhY3VlcmRvcyUzQSUzQyUyRmIlM0UlM0MlMkZ0aCUzRSUwQSUyMCUyMCUyMCUyMCUzQ3RoJTNFJTNDYiUzRVBJQiUzQyUyRmIlM0UlM0MlMkZ0aCUzRSUwQSUyMCUyMCUyMCUyMCUzQ3RoJTNFJTNDYiUzRU1lcmNhZG8lMjBkZSUyMGNvbnN1bW8lM0MlMkZiJTNFJTNDJTJGdGglM0UlMEElMjAlMjAlM0MlMkZ0ciUzRSUwQSUzQyUyRnRoZWFkJTNFJTBBJTNDdGJvZHklM0UlMEElMjAlMjAlM0N0ciUzRSUwQSUyMCUyMCUyMCUyMCUzQ3RkJTNFU1BHJTIwZGUlMjBsYSUyMFVuaSVDMyVCM24lMjBFdXJvcGVhJTIwY29uJTIwRmlsaXBpbmFzJTNDJTJGdGQlM0UlMEElMjAlMjAlMjAlMjAlM0N0ZCUzRVVTRCUyMDE4JTIwdHJpbGxvbmVzJTNDJTJGdGQlM0UlMEElMjAlMjAlMjAlMjAlM0N0ZCUzRTYxNiUyMG1pbGxvbmVzJTNDJTJGdGQlM0UlMEElMjAlMjAlM0MlMkZ0ciUzRSUwQSUyMCUyMCUzQ3RyJTNFJTBBJTIwJTIwJTIwJTIwJTNDdGQlM0VTUEclMjBkZSUyMEVzdGFkb3MlMjBVbmlkb3MlMjBjb24lMjBGaWxpcGluYXMlM0MlMkZ0ZCUzRSUwQSUyMCUyMCUyMCUyMCUzQ3RkJTNFVVNEJTIwMTklMjB0cmlsbG9uZXMlM0MlMkZ0ZCUzRSUwQSUyMCUyMCUyMCUyMCUzQ3RkJTNFNDMwJTIwbWlsbG9uZXMlM0MlMkZ0ZCUzRSUwQSUyMCUyMCUzQyUyRnRyJTNFJTBBJTNDJTJGdGJvZHklM0UlMEElM0MlMkZ0YWJsZSUzRQ==[\/vc_raw_html][vc_empty_space height=\u00bb40px\u00bb][vc_column_text]<span style=\"font-weight: 400;\">Puede encontrar en l\u00ednea todos nuestros aranceles utilizando<\/span>[\/vc_column_text][vc_empty_space height=\u00bb20px\u00bb]<a href=\"http:\/\/finder.tariffcommission.gov.ph\/index.php?page=tariff-finder3\" target=\"_blank\" data-hover-background-color=#c02d24 data-hover-border-color=#c02d24  class=\"qbutton  qbutton_with_icon\" style=\"border-color: #d8d8d8; background-color: #d8d8d8;\">nuestro buscador digital<i class=\"button_icon  fa fa-external-link\" style=\"\"><\/i><\/a>[vc_empty_space height=\u00bb40px\u00bb][vc_column_text]<\/p>\n<h3>Zonas econ\u00f3micas especiales e incentivos<\/h3>\n<p><span style=\"font-weight: 400;\">Contamos con paquetes de incentivos para ayudarle a reducir sus costos de traslado y operaci\u00f3n, y volver m\u00e1s competitivos sus productos y servicios.<\/span><\/p>\n<p><span style=\"font-weight: 400;\">Puede elegir entre reubicarse en una zona econ\u00f3mica especial o en puerto franco, donde su negocio no tendr\u00e1 que pagar impuestos ni aranceles por la importaci\u00f3n de materias primas y equipo para fabricaci\u00f3n.<\/span><\/p>\n<p><span style=\"font-weight: 400;\">Las Filipinas representan una excelente base para exportar por sus distintas zonas econ\u00f3micas e incentivos espec\u00edficos a la exportaci\u00f3n. Las empresas que se ubican en estas zonas disfrutan de tarifas tributarias especiales sobre un ingreso bruto modificado, en vez del impuesto nacional y local.<\/span><\/p>\n<p><span style=\"font-weight: 400;\">Estas zonas econ\u00f3micas incluyen parques industriales, zonas para el procesamiento de exportaciones, zonas de libre comercio, ecozonas tur\u00edsticas, y edificios y parques para TI. Apoyamos al sector exportador y otorgamos a las empresas exportadoras muchos incentivos tributarios.<\/span>[\/vc_column_text][vc_empty_space height=\u00bb60px\u00bb][\/vc_column][vc_column width=\u00bb1\/2&#8243;][\/vc_column][\/vc_row][vc_row row_type=\u00bbrow\u00bb use_row_as_full_screen_section=\u00bbno\u00bb type=\u00bbgrid\u00bb text_align=\u00bbcenter\u00bb background_animation=\u00bbnone\u00bb padding_top=\u00bb80&#8243; padding_bottom=\u00bb80&#8243; css_animation=\u00bb\u00bb el_class=\u00bbCOPYWHITE\u00bb css=\u00bb.vc_custom_1592818445507{background-color: #1226AA !important;}\u00bb][vc_column width=\u00bb2\/3&#8243;][vc_empty_space][vc_column_text]<\/p>\n<h4>\u00bfQuiere obtener m\u00e1s informaci\u00f3n sobre iniciar un negocio de importaciones y exportaciones en las Filipinas?<\/h4>\n<p>[\/vc_column_text][vc_empty_space][\/vc_column][vc_column width=\u00bb1\/3&#8243;][vc_empty_space]<a href=\"\/es\/como-iniciar-un-negocio\/#Guidance\" target=\"_self\" data-hover-background-color=#1226aa data-hover-border-color=#1226aa data-hover-color=#ffffff class=\"qbutton  large move_icon qbutton_with_icon\" style=\"color: #1226aa; border-color: #ffffff; background-color: #ffffff;\">OBTENER M\u00c1S ASESORAMIENTO<i class=\"button_icon  fa fa-arrow-right\" style=\"\"><\/i><\/a>[vc_empty_space][\/vc_column][\/vc_row][vc_row row_type=\u00bbrow\u00bb use_row_as_full_screen_section=\u00bbno\u00bb type=\u00bbgrid\u00bb text_align=\u00bbcenter\u00bb background_animation=\u00bbnone\u00bb padding_top=\u00bb0&#8243; padding_bottom=\u00bb0&#8243; css_animation=\u00bb\u00bb][vc_column][vc_empty_space height=\u00bb40px\u00bb][vc_empty_space height=\u00bb120px\u00bb el_class=\u00bbmobile-hidden\u00bb][vc_column_text]<\/p>\n<h2>\u00bfDESEA QUE HABLEMOS?<\/h2>\n<p>[\/vc_column_text][vc_empty_space height=\u00bb40px\u00bb][vc_column_text]<\/p>\n<h4 class=\"p1\">Solicite hoy una consulta sin costo con uno de nuestros expertos en inversiones.<\/h4>\n<p>[\/vc_column_text][vc_empty_space height=\u00bb40px\u00bb]<a href=\"\/es\/contacto\" target=\"_self\"  class=\"qbutton  large\" style=\"\"> CONT\u00c1CTENOS AHORA<\/a>[vc_empty_space height=\u00bb40px\u00bb][vc_empty_space height=\u00bb120px\u00bb el_class=\u00bbmobile-hidden\u00bb][\/vc_column][\/vc_row]<\/p>\n","protected":false},"excerpt":{"rendered":"<p>[vc_row row_type=\u00bbrow\u00bb use_row_as_full_screen_section=\u00bbno\u00bb type=\u00bbfull_width\u00bb text_align=\u00bbcenter\u00bb background_animation=\u00bbnone\u00bb padding_top=\u00bb0&#8243; padding_bottom=\u00bb0&#8243; css_animation=\u00bb\u00bb css=\u00bb.vc_custom_1593544462168{background-color: #1226AA !important;}\u00bb el_class=\u00bbCOPYWHITE\u00bb][vc_column][vc_empty_space height=\u00bb100px\u00bb][vc_empty_space height=\u00bb100px\u00bb el_class=\u00bbmobile-hidden\u00bb][vc_column_text el_class=\u00bbcontrolled-h1&#8243;] Importaciones y exportaciones [\/vc_column_text][vc_empty_space height=\u00bb100px\u00bb][vc_empty_space height=\u00bb100px\u00bb el_class=\u00bbmobile-hidden\u00bb][\/vc_column][\/vc_row][vc_row row_type=\u00bbrow\u00bb use_row_as_full_screen_section=\u00bbno\u00bb type=\u00bbgrid\u00bb text_align=\u00bbleft\u00bb background_animation=\u00bbnone\u00bb padding_top=\u00bb0&#8243; padding_bottom=\u00bb0&#8243; css_animation=\u00bb\u00bb][vc_column width=\u00bb1\/2&#8243; el_class=\u00bbmobile-fit\u00bb][vc_empty_space height=\u00bb40px\u00bb][vc_empty_space height=\u00bb40px\u00bb el_class=\u00bbmobile-hidden\u00bb][vc_column_text] Comercio internacional Las Filipinas es Estado miembro de&#8230;<\/p>\n","protected":false},"author":1,"featured_media":0,"parent":2273,"menu_order":0,"comment_status":"closed","ping_status":"closed","template":"full_width.php","meta":{"footnotes":""},"class_list":["post-2316","page","type-page","status-publish","hentry"],"_links":{"self":[{"href":"https:\/\/philippines.business\/es\/wp-json\/wp\/v2\/pages\/2316","targetHints":{"allow":["GET"]}}],"collection":[{"href":"https:\/\/philippines.business\/es\/wp-json\/wp\/v2\/pages"}],"about":[{"href":"https:\/\/philippines.business\/es\/wp-json\/wp\/v2\/types\/page"}],"author":[{"embeddable":true,"href":"https:\/\/philippines.business\/es\/wp-json\/wp\/v2\/users\/1"}],"replies":[{"embeddable":true,"href":"https:\/\/philippines.business\/es\/wp-json\/wp\/v2\/comments?post=2316"}],"version-history":[{"count":8,"href":"https:\/\/philippines.business\/es\/wp-json\/wp\/v2\/pages\/2316\/revisions"}],"predecessor-version":[{"id":3391,"href":"https:\/\/philippines.business\/es\/wp-json\/wp\/v2\/pages\/2316\/revisions\/3391"}],"up":[{"embeddable":true,"href":"https:\/\/philippines.business\/es\/wp-json\/wp\/v2\/pages\/2273"}],"wp:attachment":[{"href":"https:\/\/philippines.business\/es\/wp-json\/wp\/v2\/media?parent=2316"}],"curies":[{"name":"wp","href":"https:\/\/api.w.org\/{rel}","templated":true}]}}