{"id":2244,"date":"2020-06-04T15:34:38","date_gmt":"2020-06-04T14:34:38","guid":{"rendered":"https:\/\/philippines.business\/contact\/"},"modified":"2020-09-28T17:19:39","modified_gmt":"2020-09-28T16:19:39","slug":"contacto","status":"publish","type":"page","link":"https:\/\/philippines.business\/es\/contacto\/","title":{"rendered":"Contacto"},"content":{"rendered":"<p>[vc_row row_type=\u00bbrow\u00bb use_row_as_full_screen_section=\u00bbno\u00bb type=\u00bbfull_width\u00bb text_align=\u00bbcenter\u00bb background_image=\u00bb1624&#8243; background_animation=\u00bbnone\u00bb padding_top=\u00bb0&#8243; padding_bottom=\u00bb0&#8243; css_animation=\u00bb\u00bb css=\u00bb.vc_custom_1599469067618{background-color: #1226aa !important;}\u00bb el_class=\u00bbCOPYWHITE\u00bb][vc_column][vc_empty_space height=\u00bb100px\u00bb][vc_empty_space height=\u00bb100px\u00bb el_class=\u00bbmobile-hidden\u00bb][vc_empty_space height=\u00bb40px\u00bb][vc_column_text]<\/p>\n<h2>SOLICITE UNA CONSULTA SIN COSTO<\/h2>\n<p>[\/vc_column_text][vc_column_text]Llene el formulario a continuaci\u00f3n para ponerse en contacto hoy mismo con uno de nuestros especialistas en inversiones[\/vc_column_text][vc_empty_space height=\u00bb100px\u00bb][vc_empty_space height=\u00bb100px\u00bb el_class=\u00bbmobile-hidden\u00bb][\/vc_column][\/vc_row][vc_row row_type=\u00bbrow\u00bb use_row_as_full_screen_section=\u00bbno\u00bb type=\u00bbfull_width\u00bb text_align=\u00bbleft\u00bb background_animation=\u00bbnone\u00bb padding_top=\u00bb100&#8243; padding_bottom=\u00bb100&#8243; css_animation=\u00bb\u00bb][vc_column width=\u00bb1\/4&#8243;][\/vc_column][vc_column width=\u00bb1\/2&#8243;][vc_column_text]\n                <div class='gf_browser_gecko gform_wrapper' id='gform_wrapper_9' ><div id='gf_9' class='gform_anchor' tabindex='-1'><\/div><form method='post' enctype='multipart\/form-data' target='gform_ajax_frame_9' id='gform_9'  action='\/es\/wp-json\/wp\/v2\/pages\/2244#gf_9'>\n                        <div class='gform_body'><ul id='gform_fields_9' class='gform_fields top_label form_sublabel_below description_below'><li id='field_9_1'  class='gfield field_sublabel_below field_description_below gfield_visibility_visible' ><label class='gfield_label' for='input_9_1' >Nombre de la empresa<\/label><div class='ginput_container ginput_container_text'><input name='input_1' id='input_9_1' type='text' value='' class='large'      aria-invalid=\"false\" \/><\/div><\/li><li id='field_9_2'  class='gfield field_sublabel_below field_description_below gfield_visibility_visible' ><label class='gfield_label' for='input_9_2' >T\u00edtulo de tratamiento<\/label><div class='ginput_container ginput_container_select'><select name='input_2' id='input_9_2' class='large gfield_select'    aria-invalid=\"false\"><option value='Sr.' >Sr.<\/option><option value='Sra.' >Sra.<\/option><option value='Srita.' >Srita.<\/option><option value='ninguno' >ninguno<\/option><\/select><\/div><\/li><li id='field_9_3'  class='gfield field_sublabel_below field_description_below gfield_visibility_visible' ><label class='gfield_label' for='input_9_3' >Nombre<\/label><div class='ginput_container ginput_container_text'><input name='input_3' id='input_9_3' type='text' value='' class='large'      aria-invalid=\"false\" \/><\/div><\/li><li id='field_9_4'  class='gfield field_sublabel_below field_description_below gfield_visibility_visible' ><label class='gfield_label' for='input_9_4' >Apellido<\/label><div class='ginput_container ginput_container_text'><input name='input_4' id='input_9_4' type='text' value='' class='large'      aria-invalid=\"false\" \/><\/div><\/li><li id='field_9_5'  class='gfield gfield_contains_required field_sublabel_below field_description_below gfield_visibility_visible' ><label class='gfield_label' for='input_9_5' >Correo electr\u00f3nico<span class='gfield_required'>*<\/span><\/label><div class='ginput_container ginput_container_email'>\n                            <input name='input_5' id='input_9_5' type='text' value='' class='large'    aria-required=\"true\" aria-invalid=\"false\" \/>\n                        <\/div><\/li><li id='field_9_12'  class='gfield field_sublabel_below field_description_below gfield_visibility_visible' ><label class='gfield_label' for='input_9_12' >Tel\u00e9fono<\/label><div class='ginput_container ginput_container_phone'><input name='input_12' id='input_9_12' type='text' value='' class='medium'    aria-invalid=\"false\"  \/><\/div><\/li><li id='field_9_7'  class='gfield gfield_contains_required field_sublabel_below field_description_below gfield_visibility_visible' ><label class='gfield_label' for='input_9_7' >Pa\u00eds<span class='gfield_required'>*<\/span><\/label><div class='ginput_container ginput_container_select'><select name='input_7' id='input_9_7' class='large gfield_select'   aria-required=\"true\" aria-invalid=\"false\"><option value='Afganist\u00e1n' >Afganist\u00e1n<\/option><option value='Islas \u00c5land' >Islas \u00c5land<\/option><option value='Albania' >Albania<\/option><option value='Argelia' >Argelia<\/option><option value='Samoa Americana' >Samoa Americana<\/option><option value='Andorra' >Andorra<\/option><option value='Angola' >Angola<\/option><option value='Anguila' >Anguila<\/option><option value='Ant\u00e1rtida' >Ant\u00e1rtida<\/option><option value='Antigua y Barbuda' >Antigua y Barbuda<\/option><option value='Argentina' >Argentina<\/option><option value='Armenia' >Armenia<\/option><option value='Aruba' >Aruba<\/option><option value='Australia' >Australia<\/option><option value='Austria' >Austria<\/option><option value='Azerbaiy\u00e1n' >Azerbaiy\u00e1n<\/option><option value='Bahamas' >Bahamas<\/option><option value='Bahr\u00e9in' >Bahr\u00e9in<\/option><option value='Bangladesh' >Bangladesh<\/option><option value='Barbados' >Barbados<\/option><option value='Bielorrusia' >Bielorrusia<\/option><option value='B\u00e9lgica' >B\u00e9lgica<\/option><option value='Belice' >Belice<\/option><option value='Ben\u00edn' >Ben\u00edn<\/option><option value='Bermuda' >Bermuda<\/option><option value='But\u00e1n' >But\u00e1n<\/option><option value='Bolivia' >Bolivia<\/option><option value='Bonaire, Sint Eustatius y Saba' >Bonaire, Sint Eustatius y Saba<\/option><option value='Bosnia y Herzegovina' >Bosnia y Herzegovina<\/option><option value='Botsuana' >Botsuana<\/option><option value='Isla Bouvet' >Isla Bouvet<\/option><option value='Brasil' >Brasil<\/option><option value='Territorio Brit\u00e1nico del Oc\u00e9ano \u00cdndico' >Territorio Brit\u00e1nico del Oc\u00e9ano \u00cdndico<\/option><option value='Brun\u00e9i Darussalam' >Brun\u00e9i Darussalam<\/option><option value='Bulgaria' >Bulgaria<\/option><option value='Burkina Faso' >Burkina Faso<\/option><option value='Burundi' >Burundi<\/option><option value='Camboya' >Camboya<\/option><option value='Camer\u00fan' >Camer\u00fan<\/option><option value='Canad\u00e1' >Canad\u00e1<\/option><option value='Cabo Verde' >Cabo Verde<\/option><option value='Islas Caim\u00e1n' >Islas Caim\u00e1n<\/option><option value='Rep\u00fablica Centroafricana' >Rep\u00fablica Centroafricana<\/option><option value='Chad' >Chad<\/option><option value='Chile' >Chile<\/option><option value='China' >China<\/option><option value='Isla de Navidad' >Isla de Navidad<\/option><option value='Islas Cocos' >Islas Cocos<\/option><option value='Colombia' >Colombia<\/option><option value='Comoras' >Comoras<\/option><option value='Rep\u00fablica Democr\u00e1tica del Congo' >Rep\u00fablica Democr\u00e1tica del Congo<\/option><option value='Rep\u00fablica del Congo' >Rep\u00fablica del Congo<\/option><option value='Islas Cook' >Islas Cook<\/option><option value='Costa Rica' >Costa Rica<\/option><option value='Costa de Marfil' >Costa de Marfil<\/option><option value='Croacia' >Croacia<\/option><option value='Cuba' >Cuba<\/option><option value='Curazao' >Curazao<\/option><option value='Chipre' >Chipre<\/option><option value='Rep\u00fablica Checa' >Rep\u00fablica Checa<\/option><option value='Dinamarca' >Dinamarca<\/option><option value='Yibuti' >Yibuti<\/option><option value='Dominica' >Dominica<\/option><option value='Rep\u00fablica Dominicana' >Rep\u00fablica Dominicana<\/option><option value='Ecuador' >Ecuador<\/option><option value='Egipto' >Egipto<\/option><option value='El Salvador' >El Salvador<\/option><option value='Guinea Ecuatorial' >Guinea Ecuatorial<\/option><option value='Eritrea' >Eritrea<\/option><option value='Estonia' >Estonia<\/option><option value='Esuatini (Suazilandia)' >Esuatini (Suazilandia)<\/option><option value='Etiop\u00eda' >Etiop\u00eda<\/option><option value='Islas Malvinas' >Islas Malvinas<\/option><option value='Islas Faroe' >Islas Faroe<\/option><option value='Fiyi' >Fiyi<\/option><option value='Finlandia' >Finlandia<\/option><option value='Francia' >Francia<\/option><option value='Guyana Francesa' >Guyana Francesa<\/option><option value='Polinesia Francesa' >Polinesia Francesa<\/option><option value='Tierras Australes Francesas' >Tierras Australes Francesas<\/option><option value='Gab\u00f3n' >Gab\u00f3n<\/option><option value='Gambia' >Gambia<\/option><option value='Georgia' >Georgia<\/option><option value='Alemania' >Alemania<\/option><option value='Ghana' >Ghana<\/option><option value='Gibraltar' >Gibraltar<\/option><option value='Grecia' >Grecia<\/option><option value='Groenlandia' >Groenlandia<\/option><option value='Granada' >Granada<\/option><option value='Guadalupe' >Guadalupe<\/option><option value='Guam' >Guam<\/option><option value='Guatemala' >Guatemala<\/option><option value='Guernsey' >Guernsey<\/option><option value='Guinea' >Guinea<\/option><option value='Guinea-Bis\u00e1u' >Guinea-Bis\u00e1u<\/option><option value='Guyana' >Guyana<\/option><option value='Hait\u00ed' >Hait\u00ed<\/option><option value='Islas Heard y McDonald' >Islas Heard y McDonald<\/option><option value='Santa Sede' >Santa Sede<\/option><option value='Honduras' >Honduras<\/option><option value='Hong Kong' >Hong Kong<\/option><option value='Hungr\u00eda' >Hungr\u00eda<\/option><option value='Islandia' >Islandia<\/option><option value='India' >India<\/option><option value='Indonesia' >Indonesia<\/option><option value='Ir\u00e1n' >Ir\u00e1n<\/option><option value='Irak' >Irak<\/option><option value='Irlanda' >Irlanda<\/option><option value='Isla de Man' >Isla de Man<\/option><option value='Israel' >Israel<\/option><option value='Italia' >Italia<\/option><option value='Jamaica' >Jamaica<\/option><option value='Jap\u00f3n' >Jap\u00f3n<\/option><option value='Jersey' >Jersey<\/option><option value='Jordania' >Jordania<\/option><option value='Kazajst\u00e1n' >Kazajst\u00e1n<\/option><option value='Kenia' >Kenia<\/option><option value='Kiribati' >Kiribati<\/option><option value='Kuwait' >Kuwait<\/option><option value='Kiguist\u00e1n' >Kiguist\u00e1n<\/option><option value='Rep\u00fablica Popular Democr\u00e1tica Lao' >Rep\u00fablica Popular Democr\u00e1tica Lao<\/option><option value='Latvia' >Latvia<\/option><option value='L\u00edbano' >L\u00edbano<\/option><option value='Lesoto' >Lesoto<\/option><option value='Liberia' >Liberia<\/option><option value='Libia' >Libia<\/option><option value='Liechtenstein' >Liechtenstein<\/option><option value='Lituania' >Lituania<\/option><option value='Luxemburgo' >Luxemburgo<\/option><option value='Macao' >Macao<\/option><option value='Macedonia' >Macedonia<\/option><option value='Madagascar' >Madagascar<\/option><option value='Malaui' >Malaui<\/option><option value='Malasia' >Malasia<\/option><option value='Maldivas' >Maldivas<\/option><option value='Mali' >Mali<\/option><option value='Malta' >Malta<\/option><option value='Islas Marshall' >Islas Marshall<\/option><option value='Martinica' >Martinica<\/option><option value='Mauritania' >Mauritania<\/option><option value='Mauricio' >Mauricio<\/option><option value='Mayotte' >Mayotte<\/option><option value='M\u00e9xico' >M\u00e9xico<\/option><option value='Micronesia' >Micronesia<\/option><option value='Moldavia' >Moldavia<\/option><option value='M\u00f3naco' >M\u00f3naco<\/option><option value='Mongolia' >Mongolia<\/option><option value='Montenegro' >Montenegro<\/option><option value='Montserrat' >Montserrat<\/option><option value='Marruecos' >Marruecos<\/option><option value='Mozambique' >Mozambique<\/option><option value='Myanmar' >Myanmar<\/option><option value='Namibia' >Namibia<\/option><option value='Nauru' >Nauru<\/option><option value='Nepal' >Nepal<\/option><option value='Pa\u00edses Bajos' >Pa\u00edses Bajos<\/option><option value='Nueva Caledonia' >Nueva Caledonia<\/option><option value='Nueva Zelanda' >Nueva Zelanda<\/option><option value='Nicaragua' >Nicaragua<\/option><option value='N\u00edger' >N\u00edger<\/option><option value='Nigeria' >Nigeria<\/option><option value='Niue' >Niue<\/option><option value='Isla Norfolk' >Isla Norfolk<\/option><option value='Corea del Norte' >Corea del Norte<\/option><option value='Islas Marianas del Norte' >Islas Marianas del Norte<\/option><option value='Noruega' >Noruega<\/option><option value='Om\u00e1n' >Om\u00e1n<\/option><option value='Paquist\u00e1n' >Paquist\u00e1n<\/option><option value='Palaos' >Palaos<\/option><option value='Estado de Palestina' >Estado de Palestina<\/option><option value='Panam\u00e1' >Panam\u00e1<\/option><option value='Pap\u00faa Nueva Guinea' >Pap\u00faa Nueva Guinea<\/option><option value='Paraguay' >Paraguay<\/option><option value='Per\u00fa' >Per\u00fa<\/option><option value='Filipinas' >Filipinas<\/option><option value='Islas Pitcairn' >Islas Pitcairn<\/option><option value='Polonia' >Polonia<\/option><option value='Portugal' >Portugal<\/option><option value='Puerto Rico' >Puerto Rico<\/option><option value='Qatar' >Qatar<\/option><option value='Reuni\u00f3n' >Reuni\u00f3n<\/option><option value='Rumania' >Rumania<\/option><option value='Rusia' >Rusia<\/option><option value='Ruanda' >Ruanda<\/option><option value='San Bartolom\u00e9' >San Bartolom\u00e9<\/option><option value='Santa Helena' >Santa Helena<\/option><option value='San Crist\u00f3bal y Nieves' >San Crist\u00f3bal y Nieves<\/option><option value='Santa Lucia' >Santa Lucia<\/option><option value='San Mart\u00edn' >San Mart\u00edn<\/option><option value='San Pedro y Miquel\u00f3n' >San Pedro y Miquel\u00f3n<\/option><option value='San Vicente y las Granadinas' >San Vicente y las Granadinas<\/option><option value='Samoa' >Samoa<\/option><option value='San Marino' >San Marino<\/option><option value='Santo Tom\u00e1s y Pr\u00edncipe' >Santo Tom\u00e1s y Pr\u00edncipe<\/option><option value='Arabia Saudita' >Arabia Saudita<\/option><option value='Senegal' >Senegal<\/option><option value='Serbia' >Serbia<\/option><option value='Seychelles' >Seychelles<\/option><option value='Sierra Leona' >Sierra Leona<\/option><option value='Singapur' >Singapur<\/option><option value='San Mart\u00edn' >San Mart\u00edn<\/option><option value='Eslovaquia' >Eslovaquia<\/option><option value='Eslovenia' >Eslovenia<\/option><option value='Islas Salom\u00f3n' >Islas Salom\u00f3n<\/option><option value='Somalia' >Somalia<\/option><option value='Sud\u00e1frica' >Sud\u00e1frica<\/option><option value='Georgias del Sur' >Georgias del Sur<\/option><option value='Corea del Sur' >Corea del Sur<\/option><option value='Sud\u00e1n del Sur' >Sud\u00e1n del Sur<\/option><option value='Espa\u00f1a' >Espa\u00f1a<\/option><option value='Sri Lanka' >Sri Lanka<\/option><option value='Sud\u00e1n' >Sud\u00e1n<\/option><option value='Surin\u00e1m' >Surin\u00e1m<\/option><option value='Islas Svalbard y Jan Mayen' >Islas Svalbard y Jan Mayen<\/option><option value='Suecia' >Suecia<\/option><option value='Suiza' >Suiza<\/option><option value='Siria' >Siria<\/option><option value='Taiw\u00e1n' >Taiw\u00e1n<\/option><option value='Tayikist\u00e1n' >Tayikist\u00e1n<\/option><option value='Tanzania' >Tanzania<\/option><option value='Tailandia' >Tailandia<\/option><option value='Timor Oriental' >Timor Oriental<\/option><option value='Togo' >Togo<\/option><option value='Tokelau' >Tokelau<\/option><option value='Tonga' >Tonga<\/option><option value='Trinidad y Tobago' >Trinidad y Tobago<\/option><option value='T\u00fanez' >T\u00fanez<\/option><option value='Turqu\u00eda' >Turqu\u00eda<\/option><option value='Turkmenist\u00e1n' >Turkmenist\u00e1n<\/option><option value='Islas Turcas y Caicos' >Islas Turcas y Caicos<\/option><option value='Tuvalu' >Tuvalu<\/option><option value='Uganda' >Uganda<\/option><option value='Ucrania' >Ucrania<\/option><option value='Emiratos \u00c1rabes Unidos' >Emiratos \u00c1rabes Unidos<\/option><option value='Reino Unido' >Reino Unido<\/option><option value='Estados Unidos' >Estados Unidos<\/option><option value='Uruguay' >Uruguay<\/option><option value='Islas Ultramarinas Menores de EE. UU.' >Islas Ultramarinas Menores de EE. UU.<\/option><option value='Uzbekist\u00e1n' >Uzbekist\u00e1n<\/option><option value='Vanuatu' >Vanuatu<\/option><option value='Venezuela' >Venezuela<\/option><option value='Vietnam' >Vietnam<\/option><option value='Islas V\u00edrgenes Brit\u00e1nicas' >Islas V\u00edrgenes Brit\u00e1nicas<\/option><option value='Islas V\u00edrgenes de EE. UU.' >Islas V\u00edrgenes de EE. UU.<\/option><option value='Wallis y Futuna' >Wallis y Futuna<\/option><option value='Sahara Occidental' >Sahara Occidental<\/option><option value='Yemen' >Yemen<\/option><option value='Zambia' >Zambia<\/option><option value='Zimbabue' >Zimbabue<\/option><\/select><\/div><\/li><li id='field_9_8'  class='gfield gfield_contains_required field_sublabel_below field_description_below gfield_visibility_visible' ><label class='gfield_label' for='input_9_8' >Industria<span class='gfield_required'>*<\/span><\/label><div class='ginput_container ginput_container_select'><select name='input_8' id='input_9_8' class='large gfield_select'   aria-required=\"true\" aria-invalid=\"false\"><option value='Aeroespacial' >Aeroespacial<\/option><option value='Automotriz' >Automotriz<\/option><option value='Sector del cobre' >Sector del cobre<\/option><option value='TI y Gesti\u00f3n de procesos de negocios' >TI y Gesti\u00f3n de procesos de negocios<\/option><option value='Electr\u00f3nica' >Electr\u00f3nica<\/option><option value='Otras' >Otras<\/option><option value='Herramientas y matrices' >Herramientas y matrices<\/option><option value='Productos qu\u00edmicos' >Productos qu\u00edmicos<\/option><option value='Petroqu\u00edmicos' >Petroqu\u00edmicos<\/option><option value='Construcci\u00f3n naval' >Construcci\u00f3n naval<\/option><option value='Muebles y decoraci\u00f3n' >Muebles y decoraci\u00f3n<\/option><option value='Indumentaria y calzado' >Indumentaria y calzado<\/option><option value='Animaci\u00f3n y videojuegos' >Animaci\u00f3n y videojuegos<\/option><option value='Farmac\u00e9uticas' >Farmac\u00e9uticas<\/option><option value='Pl\u00e1sticos' >Pl\u00e1sticos<\/option><option value='Electrodom\u00e9sticos' >Electrodom\u00e9sticos<\/option><option value='Tecnolog\u00eda de medios de informaci\u00f3n' >Tecnolog\u00eda de medios de informaci\u00f3n<\/option><option value='Hierro y acero' >Hierro y acero<\/option><\/select><\/div><\/li><li id='field_9_9'  class='gfield field_sublabel_below field_description_below gfield_visibility_visible' ><label class='gfield_label' for='input_9_9' >Ind\u00edquenos si tiene alg\u00fan requerimiento especial<\/label><div class='ginput_container ginput_container_textarea'><textarea name='input_9' id='input_9_9' class='textarea large'      aria-invalid=\"false\"   rows='10' cols='50'><\/textarea><\/div><\/li><li id='field_9_10'  class='gfield gfield_contains_required field_sublabel_below field_description_below gfield_visibility_visible' ><label class='gfield_label'  >Consentimiento<span class='gfield_required'>*<\/span><\/label><div class='ginput_container ginput_container_consent'><input name='input_10.1' id='input_9_10_1' type='checkbox' value='1'   aria-required=\"true\" aria-invalid=\"false\"   \/> <label class=\"gfield_consent_label\" for='input_9_10_1' >Al marcar esta casilla, acepta que el Consejo de Inversiones de las Filipinas y otros organismos p\u00fablicos del gobierno filipino se pongan en contacto con usted<\/label><input type='hidden' name='input_10.2' value='Al marcar esta casilla, acepta que el Consejo de Inversiones de las Filipinas y otros organismos p\u00fablicos del gobierno filipino se pongan en contacto con usted' class='gform_hidden' \/><input type='hidden' name='input_10.3' value='7' class='gform_hidden' \/><\/div><\/li>\n                            <\/ul><\/div>\n        <div class='gform_footer top_label'> <input type='submit' id='gform_submit_button_9' class='gform_button button' value='ENVIAR'  onclick='if(window[\"gf_submitting_9\"]){return false;}  window[\"gf_submitting_9\"]=true;  ' onkeypress='if( event.keyCode == 13 ){ if(window[\"gf_submitting_9\"]){return false;} window[\"gf_submitting_9\"]=true;  jQuery(\"#gform_9\").trigger(\"submit\",[true]); }' \/> <input type='hidden' name='gform_ajax' value='form_id=9&amp;title=&amp;description=&amp;tabindex=0' \/>\n            <input type='hidden' class='gform_hidden' name='is_submit_9' value='1' \/>\n            <input type='hidden' class='gform_hidden' name='gform_submit' value='9' \/>\n            \n            <input type='hidden' class='gform_hidden' name='gform_unique_id' value='' \/>\n            <input type='hidden' class='gform_hidden' name='state_9' value='WyJ7XCIxMC4xXCI6XCJjODU4ODk3NTU1M2ExZjY4NGI0ZDVjMTRiYzAyNDg5OFwiLFwiMTAuMlwiOlwiYTA1ZmFkYTU4OTBlMDIzZDMzNGJkZmU1NDFhYWE3YTNcIixcIjEwLjNcIjpcImMzMGI5ZTBlZDU5YjhiYjQxYWM5YzdiZTUwNzhhNTg4XCJ9IiwiOGNiNjQ3NjdmYjcyZWFmNWIwNzc2ZGI1Yzk2YmM4MjEiXQ==' \/>\n            <input type='hidden' class='gform_hidden' name='gform_target_page_number_9' id='gform_target_page_number_9' value='0' \/>\n            <input type='hidden' class='gform_hidden' name='gform_source_page_number_9' id='gform_source_page_number_9' value='1' \/>\n            <input type='hidden' name='gform_field_values' value='' \/>\n            \n        <\/div>\n                        <\/form>\n                        <\/div>\n                <iframe style='display:none;width:0px;height:0px;' src='about:blank' name='gform_ajax_frame_9' id='gform_ajax_frame_9' title='Este iframe contiene la l\u00f3gica necesaria para gestionar formularios con ajax activado.'><\/iframe>\n                <script type='text\/javascript'>jQuery(document).ready(function($){gformInitSpinner( 9, 'https:\/\/philippines.business\/wp-content\/plugins\/gravityforms\/images\/spinner.gif' );jQuery('#gform_ajax_frame_9').on('load',function(){var contents = jQuery(this).contents().find('*').html();var is_postback = contents.indexOf('GF_AJAX_POSTBACK') >= 0;if(!is_postback){return;}var form_content = jQuery(this).contents().find('#gform_wrapper_9');var is_confirmation = jQuery(this).contents().find('#gform_confirmation_wrapper_9').length > 0;var is_redirect = contents.indexOf('gformRedirect(){') >= 0;var is_form = form_content.length > 0 && ! is_redirect && ! is_confirmation;var mt = parseInt(jQuery('html').css('margin-top'), 10) + parseInt(jQuery('body').css('margin-top'), 10) + 100;if(is_form){jQuery('#gform_wrapper_9').html(form_content.html());if(form_content.hasClass('gform_validation_error')){jQuery('#gform_wrapper_9').addClass('gform_validation_error');} else {jQuery('#gform_wrapper_9').removeClass('gform_validation_error');}setTimeout( function() { \/* delay the scroll by 50 milliseconds to fix a bug in chrome *\/ jQuery(document).scrollTop(jQuery('#gform_wrapper_9').offset().top - mt); }, 50 );if(window['gformInitDatepicker']) {gformInitDatepicker();}if(window['gformInitPriceFields']) {gformInitPriceFields();}var current_page = jQuery('#gform_source_page_number_9').val();gformInitSpinner( 9, 'https:\/\/philippines.business\/wp-content\/plugins\/gravityforms\/images\/spinner.gif' );jQuery(document).trigger('gform_page_loaded', [9, current_page]);window['gf_submitting_9'] = false;}else if(!is_redirect){var confirmation_content = jQuery(this).contents().find('.GF_AJAX_POSTBACK').html();if(!confirmation_content){confirmation_content = contents;}setTimeout(function(){jQuery('#gform_wrapper_9').replaceWith(confirmation_content);jQuery(document).scrollTop(jQuery('#gf_9').offset().top - mt);jQuery(document).trigger('gform_confirmation_loaded', [9]);window['gf_submitting_9'] = false;}, 50);}else{jQuery('#gform_9').append(contents);if(window['gformRedirect']) {gformRedirect();}}jQuery(document).trigger('gform_post_render', [9, current_page]);} );} );<\/script><script type='text\/javascript'> jQuery(document).bind('gform_post_render', function(event, formId, currentPage){if(formId == 9) {} } );jQuery(document).bind('gform_post_conditional_logic', function(event, formId, fields, isInit){} );<\/script><script type='text\/javascript'> jQuery(document).ready(function(){jQuery(document).trigger('gform_post_render', [9, 1]) } ); <\/script>[\/vc_column_text][\/vc_column][vc_column width=\u00bb1\/4&#8243;][\/vc_column][\/vc_row]<\/p>\n","protected":false},"excerpt":{"rendered":"<p>[vc_row row_type=\u00bbrow\u00bb use_row_as_full_screen_section=\u00bbno\u00bb type=\u00bbfull_width\u00bb text_align=\u00bbcenter\u00bb background_image=\u00bb1624&#8243; background_animation=\u00bbnone\u00bb padding_top=\u00bb0&#8243; padding_bottom=\u00bb0&#8243; css_animation=\u00bb\u00bb css=\u00bb.vc_custom_1599469067618{background-color: #1226aa !important;}\u00bb el_class=\u00bbCOPYWHITE\u00bb][vc_column][vc_empty_space height=\u00bb100px\u00bb][vc_empty_space height=\u00bb100px\u00bb el_class=\u00bbmobile-hidden\u00bb][vc_empty_space height=\u00bb40px\u00bb][vc_column_text] SOLICITE UNA CONSULTA SIN COSTO [\/vc_column_text][vc_column_text]Llene el formulario a continuaci\u00f3n para ponerse en contacto hoy mismo con uno de nuestros especialistas en inversiones[\/vc_column_text][vc_empty_space height=\u00bb100px\u00bb][vc_empty_space height=\u00bb100px\u00bb el_class=\u00bbmobile-hidden\u00bb][\/vc_column][\/vc_row][vc_row row_type=\u00bbrow\u00bb&#8230;<\/p>\n","protected":false},"author":1,"featured_media":0,"parent":0,"menu_order":0,"comment_status":"closed","ping_status":"closed","template":"full_width.php","meta":{"footnotes":""},"class_list":["post-2244","page","type-page","status-publish","hentry"],"_links":{"self":[{"href":"https:\/\/philippines.business\/es\/wp-json\/wp\/v2\/pages\/2244","targetHints":{"allow":["GET"]}}],"collection":[{"href":"https:\/\/philippines.business\/es\/wp-json\/wp\/v2\/pages"}],"about":[{"href":"https:\/\/philippines.business\/es\/wp-json\/wp\/v2\/types\/page"}],"author":[{"embeddable":true,"href":"https:\/\/philippines.business\/es\/wp-json\/wp\/v2\/users\/1"}],"replies":[{"embeddable":true,"href":"https:\/\/philippines.business\/es\/wp-json\/wp\/v2\/comments?post=2244"}],"version-history":[{"count":4,"href":"https:\/\/philippines.business\/es\/wp-json\/wp\/v2\/pages\/2244\/revisions"}],"predecessor-version":[{"id":2252,"href":"https:\/\/philippines.business\/es\/wp-json\/wp\/v2\/pages\/2244\/revisions\/2252"}],"wp:attachment":[{"href":"https:\/\/philippines.business\/es\/wp-json\/wp\/v2\/media?parent=2244"}],"curies":[{"name":"wp","href":"https:\/\/api.w.org\/{rel}","templated":true}]}}