{"id":2243,"date":"2020-06-04T15:34:25","date_gmt":"2020-06-04T14:34:25","guid":{"rendered":"https:\/\/philippines.business\/success-stories\/"},"modified":"2020-10-26T12:20:23","modified_gmt":"2020-10-26T12:20:23","slug":"historias-de-exito","status":"publish","type":"page","link":"https:\/\/philippines.business\/es\/historias-de-exito\/","title":{"rendered":"Historias de \u00e9xito"},"content":{"rendered":"<p>[vc_row row_type=\u00bbrow\u00bb use_row_as_full_screen_section=\u00bbno\u00bb type=\u00bbfull_width\u00bb text_align=\u00bbcenter\u00bb background_image=\u00bb363&#8243; background_animation=\u00bbnone\u00bb padding_top=\u00bb0&#8243; padding_bottom=\u00bb0&#8243; css_animation=\u00bb\u00bb css=\u00bb.vc_custom_1599128017458{background-color: #1226AA !important;}\u00bb][vc_column el_class=\u00bbcontrolled-h1&#8243;][vc_empty_space height=\u00bb100px\u00bb][vc_empty_space height=\u00bb100px\u00bb el_class=\u00bbmobile-hidden\u00bb][vc_column_text el_class=\u00bbcontrolled-h1&#8243;]<\/p>\n<h1 style=\"color: #fff;\">Historias de \u00e9xito<\/h1>\n<p>[\/vc_column_text][vc_empty_space height=\u00bb100px\u00bb][vc_empty_space height=\u00bb100px\u00bb el_class=\u00bbmobile-hidden\u00bb][\/vc_column][\/vc_row][vc_row row_type=\u00bbrow\u00bb use_row_as_full_screen_section=\u00bbno\u00bb type=\u00bbgrid\u00bb text_align=\u00bbleft\u00bb background_animation=\u00bbnone\u00bb padding_top=\u00bb0&#8243; padding_bottom=\u00bb0&#8243; css_animation=\u00bb\u00bb][vc_column width=\u00bb1\/2&#8243;][vc_empty_space height=\u00bb60px\u00bb][vc_empty_space height=\u00bb100px\u00bb el_class=\u00bbmobile-hidden\u00bb][vc_column_text]<\/p>\n<h2>Toon City<\/h2>\n<p>[\/vc_column_text][vc_empty_space height=\u00bb40px\u00bb el_class=\u00bbmobile-hidden\u00bb][vc_column_text]Toon City, el estudio de animaci\u00f3n galardonado con un premio Emmy, tiene su sede en las Filipinas. La empresa ha producido los mejores productos animados para la televisi\u00f3n para clientes como Walt Disney, Warner Bros y Universal Pictures, y emplea a m\u00e1s de 450 talentosos creativos en su estudio en la zona metropolitana de Manila.<\/p>\n<p>El sector creativo en las Filipinas es din\u00e1mico y cambia continuamente. Su gran caudal de creativos talentosos es lo que motiv\u00f3 que Toon City estableciera sus negocios aqu\u00ed. Este estudio ha prosperado en las Filipinas y ha crecido un 15 % anualmente en los \u00faltimos a\u00f1os. Por tal motivo, la empresa planea ampliar sus operaciones y oferta de servicios fuera de Manila con la creaci\u00f3n de Toon City Academy.[\/vc_column_text][vc_empty_space height=\u00bb40px\u00bb][\/vc_column][vc_column width=\u00bb1\/2&#8243;][vc_empty_space height=\u00bb60px\u00bb][vc_empty_space height=\u00bb100px\u00bb el_class=\u00bbmobile-hidden\u00bb][vc_single_image image=\u00bb1528&#8243; img_size=\u00bbfull\u00bb alignment=\u00bbcenter\u00bb qode_css_animation=\u00bb\u00bb][vc_empty_space height=\u00bb40px\u00bb][\/vc_column][\/vc_row][vc_row row_type=\u00bbrow\u00bb use_row_as_full_screen_section=\u00bbno\u00bb type=\u00bbgrid\u00bb text_align=\u00bbleft\u00bb background_animation=\u00bbnone\u00bb css_animation=\u00bb\u00bb css=\u00bb.vc_custom_1599230126415{background-color: #1226AA !important;}\u00bb el_class=\u00bbCOPYWHITE\u00bb][vc_column width=\u00bb1\/2&#8243;][vc_empty_space height=\u00bb100px\u00bb el_class=\u00bbmobile-hidden\u00bb][vc_single_image image=\u00bb1526&#8243; img_size=\u00bbfull\u00bb alignment=\u00bbcenter\u00bb qode_css_animation=\u00bb\u00bb][vc_empty_space height=\u00bb40px\u00bb el_class=\u00bbmobile-hidden\u00bb][\/vc_column][vc_column width=\u00bb1\/2&#8243;][vc_empty_space height=\u00bb100px\u00bb el_class=\u00bbmobile-hidden\u00bb][vc_column_text]<\/p>\n<h2>Siemens<\/h2>\n<p>[\/vc_column_text][vc_empty_space height=\u00bb40px\u00bb el_class=\u00bbmobile-hidden\u00bb][vc_column_text]Siemens es una empresa internacional que se concentra en la electrificaci\u00f3n, automatizaci\u00f3n y digitalizaci\u00f3n. Tiene presencia en 190 pa\u00edses, pero eligi\u00f3 invertir en las Filipinas porque somos una econom\u00eda que no ha dejado de crecer, y que ha seguido expandi\u00e9ndose en distintos mercados y construyendo infraestructura estos \u00faltimos a\u00f1os.<\/p>\n<p>Siemens ha participado en proyectos en todo el territorio de las Filipinas y planea extender su negocio de digitalizaci\u00f3n hacia distintos sectores, como energ\u00eda, transporte, ciudades y servicios m\u00e9dicos.[\/vc_column_text][vc_empty_space height=\u00bb100px\u00bb el_class=\u00bbmobile-hidden\u00bb][\/vc_column][\/vc_row][vc_row row_type=\u00bbrow\u00bb use_row_as_full_screen_section=\u00bbno\u00bb type=\u00bbgrid\u00bb text_align=\u00bbleft\u00bb background_animation=\u00bbnone\u00bb padding_top=\u00bb0&#8243; padding_bottom=\u00bb0&#8243; css_animation=\u00bb\u00bb][vc_column width=\u00bb1\/2&#8243;][vc_empty_space height=\u00bb100px\u00bb el_class=\u00bbmobile-hidden\u00bb][vc_column_text]<\/p>\n<h2>Mitsubishi<\/h2>\n<p>[\/vc_column_text][vc_empty_space height=\u00bb40px\u00bb el_class=\u00bbmobile-hidden\u00bb][vc_column_text]<span style=\"font-weight: 400;\">El gigante Mitsubishi Motors lleva m\u00e1s de 50 a\u00f1os realizando operaciones en las Filipinas. Este fabricante de autom\u00f3viles atribuye a nuestra ubicaci\u00f3n estrat\u00e9gica el haber podido incursionar en el floreciente mercado de la ASEAN, que considera ideal para la importaci\u00f3n y exportaci\u00f3n de mercanc\u00edas.<\/span><\/p>\n<p><span style=\"font-weight: 400;\">El esmero del gobierno por fomentar el crecimiento del mercado automotriz dio por resultado que Mitsubishi informara un crecimiento sostenido durante m\u00e1s de cinco d\u00e9cadas. El director general de Mitsubishi insta a otras empresas del sector a aprovechar las atractivas oportunidades de negocio disponibles en las Filipinas.<\/span>[\/vc_column_text][vc_empty_space height=\u00bb100px\u00bb][\/vc_column][vc_column width=\u00bb1\/2&#8243;][vc_empty_space height=\u00bb100px\u00bb el_class=\u00bbmobile-hidden\u00bb][vc_single_image image=\u00bb1524&#8243; img_size=\u00bbfull\u00bb alignment=\u00bbcenter\u00bb qode_css_animation=\u00bb\u00bb][vc_empty_space height=\u00bb40px\u00bb][\/vc_column][\/vc_row][vc_row row_type=\u00bbrow\u00bb use_row_as_full_screen_section=\u00bbno\u00bb type=\u00bbgrid\u00bb text_align=\u00bbleft\u00bb background_animation=\u00bbnone\u00bb css_animation=\u00bb\u00bb css=\u00bb.vc_custom_1599230133626{background-color: #1226AA !important;}\u00bb el_class=\u00bbCOPYWHITE\u00bb][vc_column width=\u00bb1\/2&#8243;][vc_empty_space height=\u00bb100px\u00bb el_class=\u00bbmobile-hidden\u00bb][vc_single_image image=\u00bb1522&#8243; img_size=\u00bbfull\u00bb alignment=\u00bbcenter\u00bb qode_css_animation=\u00bb\u00bb][vc_empty_space height=\u00bb40px\u00bb el_class=\u00bbmobile-hidden\u00bb][\/vc_column][vc_column width=\u00bb1\/2&#8243;][vc_empty_space height=\u00bb100px\u00bb el_class=\u00bbmobile-hidden\u00bb][vc_column_text]<\/p>\n<h2>Lufthansa Technik<\/h2>\n<p>[\/vc_column_text][vc_empty_space height=\u00bb40px\u00bb el_class=\u00bbmobile-hidden\u00bb][vc_column_text]<span style=\"font-weight: 400;\">Lufthansa Technik es proveedor mundial l\u00edder de servicios de mantenimiento, reparaci\u00f3n y modificaci\u00f3n de aeronaves. La ubicaci\u00f3n estrat\u00e9gica de las Filipinas y su fuerza laboral muy preparada y con buen manejo del idioma ingl\u00e9s, fueron los principales factores detr\u00e1s de la decisi\u00f3n de Lufthansa Technik de invertir aqu\u00ed.<\/span><\/p>\n<p><span style=\"font-weight: 400;\">La empresa estableci\u00f3 una base en las Filipinas en el 2000, y actualmente cuenta con 3300 empleados y factura USD 270 millones. La gama de atractivos incentivos tributarios y no tributarios han contribuido al crecimiento de los negocios de Lufthansa Technik, que ahora busca expandirse y est\u00e1 invirtiendo en un nuevo hangar. As\u00ed, aumentar\u00e1 su capacidad de producci\u00f3n y crear\u00e1 275 puestos de trabajo en las Filipinas.<\/span>[\/vc_column_text][vc_empty_space height=\u00bb100px\u00bb el_class=\u00bbmobile-hidden\u00bb][\/vc_column][\/vc_row][vc_row row_type=\u00bbrow\u00bb use_row_as_full_screen_section=\u00bbno\u00bb type=\u00bbgrid\u00bb text_align=\u00bbleft\u00bb background_animation=\u00bbnone\u00bb padding_top=\u00bb0&#8243; padding_bottom=\u00bb0&#8243; css_animation=\u00bb\u00bb][vc_column width=\u00bb1\/2&#8243;][vc_empty_space height=\u00bb100px\u00bb el_class=\u00bbmobile-hidden\u00bb][vc_column_text]<\/p>\n<h2>HY Brain<\/h2>\n<p>[\/vc_column_text][vc_empty_space height=\u00bb40px\u00bb el_class=\u00bbmobile-hidden\u00bb][vc_column_text]<span style=\"font-weight: 400;\">Fundada en 2016, HYBrain es una empresa de software din\u00e1mica, establecida en las Filipinas. Se especializa en sistemas de realidad aumentada para la industria de la salud y en la creaci\u00f3n de m\u00e9todos \u00fanicos y avanzados para cerrar la brecha en el suministro de servicios m\u00e9dicos.<\/span><\/p>\n<p><span style=\"font-weight: 400;\">Desde que abri\u00f3 su sede en las Filipinas, HYBrain ha crecido a\u00f1o tras a\u00f1o, y atribuye al atractivo entorno comercial de las Filipinas las m\u00faltiples oportunidades de expansi\u00f3n que han podido aprovechar. Su red de socios diversos en el sector de la gesti\u00f3n de procesos de negocio mediante TI le ha permitido a HYBrain acceder a clientes en distintos segmentos comerciales.<\/span><\/p>\n<p>Mientras que el sector mundial de la tecnolog\u00eda sigue creciendo, empresas como HYBrain han descubierto que las Filipinas son un lugar ideal para invertir y asegurarse de estar a la vanguardia de este crecimiento.[\/vc_column_text][vc_empty_space height=\u00bb100px\u00bb el_class=\u00bbmobile-hidden\u00bb][\/vc_column][vc_column width=\u00bb1\/2&#8243;][vc_empty_space height=\u00bb100px\u00bb el_class=\u00bbmobile-hidden\u00bb][vc_single_image image=\u00bb1520&#8243; img_size=\u00bbfull\u00bb alignment=\u00bbcenter\u00bb qode_css_animation=\u00bb\u00bb][\/vc_column][\/vc_row][vc_row row_type=\u00bbrow\u00bb use_row_as_full_screen_section=\u00bbno\u00bb type=\u00bbfull_width\u00bb text_align=\u00bbcenter\u00bb background_animation=\u00bbnone\u00bb padding_top=\u00bb0&#8243; padding_bottom=\u00bb0&#8243; css_animation=\u00bb\u00bb][vc_column][vc_empty_space height=\u00bb60px\u00bb][vc_empty_space height=\u00bb100px\u00bb el_class=\u00bbmobile-hidden\u00bb][vc_column_text]<\/p>\n<h2>\u00bfEST\u00c1 LISTO PARA INVERTIR?<\/h2>\n<p>[\/vc_column_text][vc_empty_space height=\u00bb40px\u00bb][vc_column_text]<\/p>\n<h4 class=\"p1\">Solicite hoy una consulta gratuita con uno de nuestros especialistas en inversiones.<\/h4>\n<p>[\/vc_column_text][vc_empty_space height=\u00bb40px\u00bb]<a href=\"\/es\/contacto\" target=\"_self\"  class=\"qbutton  large\" style=\"\">CONT\u00c1CTENOS<\/a>[vc_empty_space height=\u00bb60px\u00bb][vc_empty_space height=\u00bb100px\u00bb el_class=\u00bbmobile-hidden\u00bb][\/vc_column][\/vc_row]<\/p>\n","protected":false},"excerpt":{"rendered":"<p>[vc_row row_type=\u00bbrow\u00bb use_row_as_full_screen_section=\u00bbno\u00bb type=\u00bbfull_width\u00bb text_align=\u00bbcenter\u00bb background_image=\u00bb363&#8243; background_animation=\u00bbnone\u00bb padding_top=\u00bb0&#8243; padding_bottom=\u00bb0&#8243; css_animation=\u00bb\u00bb css=\u00bb.vc_custom_1599128017458{background-color: #1226AA !important;}\u00bb][vc_column el_class=\u00bbcontrolled-h1&#8243;][vc_empty_space height=\u00bb100px\u00bb][vc_empty_space height=\u00bb100px\u00bb el_class=\u00bbmobile-hidden\u00bb][vc_column_text el_class=\u00bbcontrolled-h1&#8243;] Historias de \u00e9xito [\/vc_column_text][vc_empty_space height=\u00bb100px\u00bb][vc_empty_space height=\u00bb100px\u00bb el_class=\u00bbmobile-hidden\u00bb][\/vc_column][\/vc_row][vc_row row_type=\u00bbrow\u00bb use_row_as_full_screen_section=\u00bbno\u00bb type=\u00bbgrid\u00bb text_align=\u00bbleft\u00bb background_animation=\u00bbnone\u00bb padding_top=\u00bb0&#8243; padding_bottom=\u00bb0&#8243; css_animation=\u00bb\u00bb][vc_column width=\u00bb1\/2&#8243;][vc_empty_space height=\u00bb60px\u00bb][vc_empty_space height=\u00bb100px\u00bb el_class=\u00bbmobile-hidden\u00bb][vc_column_text] Toon City [\/vc_column_text][vc_empty_space height=\u00bb40px\u00bb el_class=\u00bbmobile-hidden\u00bb][vc_column_text]Toon City, el estudio&#8230;<\/p>\n","protected":false},"author":1,"featured_media":0,"parent":0,"menu_order":0,"comment_status":"closed","ping_status":"closed","template":"full_width.php","meta":{"footnotes":""},"class_list":["post-2243","page","type-page","status-publish","hentry"],"_links":{"self":[{"href":"https:\/\/philippines.business\/es\/wp-json\/wp\/v2\/pages\/2243","targetHints":{"allow":["GET"]}}],"collection":[{"href":"https:\/\/philippines.business\/es\/wp-json\/wp\/v2\/pages"}],"about":[{"href":"https:\/\/philippines.business\/es\/wp-json\/wp\/v2\/types\/page"}],"author":[{"embeddable":true,"href":"https:\/\/philippines.business\/es\/wp-json\/wp\/v2\/users\/1"}],"replies":[{"embeddable":true,"href":"https:\/\/philippines.business\/es\/wp-json\/wp\/v2\/comments?post=2243"}],"version-history":[{"count":7,"href":"https:\/\/philippines.business\/es\/wp-json\/wp\/v2\/pages\/2243\/revisions"}],"predecessor-version":[{"id":3400,"href":"https:\/\/philippines.business\/es\/wp-json\/wp\/v2\/pages\/2243\/revisions\/3400"}],"wp:attachment":[{"href":"https:\/\/philippines.business\/es\/wp-json\/wp\/v2\/media?parent=2243"}],"curies":[{"name":"wp","href":"https:\/\/api.w.org\/{rel}","templated":true}]}}