{"id":2216,"date":"2020-07-09T19:30:19","date_gmt":"2020-07-09T18:30:19","guid":{"rendered":"https:\/\/philippines.business\/about-the-philippines\/southern-philippines\/"},"modified":"2020-10-26T12:36:06","modified_gmt":"2020-10-26T12:36:06","slug":"el-sur-de-las-filipinas","status":"publish","type":"page","link":"https:\/\/philippines.business\/es\/que-ofrecen-las-filipinas\/el-sur-de-las-filipinas\/","title":{"rendered":"El sur de las Filipinas"},"content":{"rendered":"<p>[vc_row row_type=\u00bbrow\u00bb use_row_as_full_screen_section=\u00bbno\u00bb type=\u00bbfull_width\u00bb text_align=\u00bbcenter\u00bb background_image=\u00bb1401&#8243; background_animation=\u00bbnone\u00bb padding_top=\u00bb0&#8243; padding_bottom=\u00bb0&#8243; css_animation=\u00bb\u00bb css=\u00bb.vc_custom_1599469031130{background-color: #1226aa !important;}\u00bb el_class=\u00bbCOPYWHITE\u00bb][vc_column][vc_empty_space height=\u00bb100px\u00bb][vc_empty_space height=\u00bb100px\u00bb el_class=\u00bbmobile-hidden\u00bb][vc_column_text el_class=\u00bbcontrolled-h1&#8243;]<\/p>\n<h2>El sur de las Filipinas<\/h2>\n<p>[\/vc_column_text][vc_empty_space height=\u00bb100px\u00bb][vc_empty_space height=\u00bb100px\u00bb el_class=\u00bbmobile-hidden\u00bb][\/vc_column][\/vc_row][vc_row row_type=\u00bbrow\u00bb use_row_as_full_screen_section=\u00bbno\u00bb type=\u00bbgrid\u00bb text_align=\u00bbleft\u00bb background_animation=\u00bbnone\u00bb padding_top=\u00bb100&#8243; padding_bottom=\u00bb100&#8243; css_animation=\u00bb\u00bb][vc_column width=\u00bb1\/2&#8243;][vc_column_text]<\/p>\n<h3>El sur de las Filipinas<\/h3>\n<p>Ubicada estrat\u00e9gicamente en el sur de las Filipinas, esta regi\u00f3n rica en recursos se conforma de las islas de Mindanao, Davao y Cagay\u00e1n de Oro. Por su alta diversificaci\u00f3n, ha disfrutado de un crecimiento econ\u00f3mico sostenido y alberga el parque industrial de Phividec, el m\u00e1s grande del pa\u00eds y sede de industrias ligeras a medianas. La regi\u00f3n se conforma de cinco provincias y nueve ciudades con una econom\u00eda en auge.<\/p>\n<p>El puerto mar\u00edtimo internacional y las terminales de contenedores en Mindanao hacen de la isla el destino ideal para los negocios. Esta infraestructura portuaria brinda servicios a toda la regi\u00f3n y se encuentra entre las m\u00e1s eficientes del pa\u00eds. Su cercan\u00eda e historia en com\u00fan con Malasia e Indonesia favorecen excelentes oportunidades comerciales.<\/p>\n<p>El sur de las Filipinas ofrece un suministro de electricidad confiable y econ\u00f3mico porque cuenta con una de las mejores redes de distribuci\u00f3n del pa\u00eds. Por el gran potencial para el desarrollo industrial que esto representa, los nuevos proyectos de infraestructura reciben apoyos financieros del gobierno.<\/p>\n<p>Su poblaci\u00f3n es de m\u00e1s de 25 millones de habitantes y su tasa de empleo es del 95 %.<\/p>\n<p>&nbsp;<\/p>\n<h3>Infraestructura<\/h3>\n<p>Uno de varios aeropuertos nacionales e internacionales en la regi\u00f3n, el Aeropuerto Internacional de Davao, ofrece vuelos a Singapur, Hong Kong y Doha. Entre sus m\u00e1s de 60 puertos est\u00e1 la Terminal de Contenedores de Mindanao, con capacidad de m\u00e1s de 500 000 TEU. El suministro de energ\u00eda tambi\u00e9n es excepcional y hace de la regi\u00f3n el sitio ideal para las empresas industriales.<\/p>\n<p>&nbsp;<\/p>\n<h3 class=\"heading-m-b\">Principales puertos y aeropuertos:<\/h3>\n<p>&nbsp;<\/p>\n<ul>\n<li><span style=\"font-weight: 400;\">Aeropuerto Internacional de Davao<\/span><\/li>\n<li><span style=\"font-weight: 400;\">Aeropuerto de Laguindingan<\/span><\/li>\n<li><span style=\"font-weight: 400;\">Aeropuerto de Zamboanga<\/span><\/li>\n<li><span style=\"font-weight: 400;\">Terminal de Contenedores de Mindanao<\/span><\/li>\n<li><span style=\"font-weight: 400;\">El puerto base de Cagay\u00e1n de Oro<\/span><\/li>\n<\/ul>\n<p>&nbsp;<\/p>\n<h3 class=\"heading-m-b\">Zonas econ\u00f3micas y puertos francos:<\/h3>\n<p>&nbsp;<\/p>\n<ul>\n<li><span style=\"font-weight: 400;\">Zona Econ\u00f3mica de Phividec<\/span><\/li>\n<li><span style=\"font-weight: 400;\">Zona Econ\u00f3mica Especial de la Ciudad de Zamboanga<\/span><\/li>\n<\/ul>\n<p>[\/vc_column_text][\/vc_column][vc_column width=\u00bb1\/2&#8243;][\/vc_column][\/vc_row][vc_row row_type=\u00bbrow\u00bb use_row_as_full_screen_section=\u00bbno\u00bb type=\u00bbgrid\u00bb text_align=\u00bbleft\u00bb background_animation=\u00bbnone\u00bb padding_top=\u00bb100&#8243; css_animation=\u00bb\u00bb el_class=\u00bbCOPYWHITE\u00bb background_color=\u00bb#1226AA\u00bb][vc_column][vc_column_text]<\/p>\n<h2>\u00c1reas comerciales clave:<\/h2>\n<p>[\/vc_column_text][\/vc_column][\/vc_row][vc_row row_type=\u00bbrow\u00bb use_row_as_full_screen_section=\u00bbno\u00bb type=\u00bbgrid\u00bb text_align=\u00bbleft\u00bb background_animation=\u00bbnone\u00bb padding_top=\u00bb50&#8243; padding_bottom=\u00bb100&#8243; css_animation=\u00bb\u00bb el_class=\u00bbCOPYWHITE\u00bb background_color=\u00bb#1226AA\u00bb][vc_column width=\u00bb1\/3&#8243;][vc_separator type=\u00bbnormal\u00bb border_style=\u00bb\u00bb thickness=\u00bb1&#8243; up=\u00bb0&#8243; down=\u00bb20&#8243; color=\u00bb#ffffff\u00bb][vc_column_text]Ecoturismo[\/vc_column_text][vc_separator type=\u00bbnormal\u00bb border_style=\u00bb\u00bb thickness=\u00bb1&#8243; up=\u00bb20&#8243; down=\u00bb20&#8243; color=\u00bb#ffffff\u00bb][vc_column_text]Manufacturas ligeras[\/vc_column_text][vc_separator type=\u00bbnormal\u00bb border_style=\u00bb\u00bb thickness=\u00bb1&#8243; up=\u00bb20&#8243; down=\u00bb20&#8243; color=\u00bb#ffffff\u00bb][vc_column_text]Desarrollo de parques industriales[\/vc_column_text][vc_separator type=\u00bbnormal\u00bb border_style=\u00bb\u00bb thickness=\u00bb1&#8243; up=\u00bb20&#8243; down=\u00bb20&#8243; color=\u00bb#ffffff\u00bb][vc_column_text]Agroindustrias[\/vc_column_text][vc_separator type=\u00bbnormal\u00bb border_style=\u00bb\u00bb thickness=\u00bb1&#8243; up=\u00bb20&#8243; color=\u00bb#ffffff\u00bb][vc_column_text]Servicios[\/vc_column_text][vc_separator type=\u00bbnormal\u00bb border_style=\u00bb\u00bb thickness=\u00bb1&#8243; up=\u00bb20&#8243; color=\u00bb#ffffff\u00bb][\/vc_column][vc_column width=\u00bb1\/3&#8243;][\/vc_column][vc_column width=\u00bb1\/3&#8243;][\/vc_column][\/vc_row][vc_row row_type=\u00bbrow\u00bb use_row_as_full_screen_section=\u00bbno\u00bb type=\u00bbfull_width\u00bb text_align=\u00bbcenter\u00bb background_animation=\u00bbnone\u00bb padding_top=\u00bb0&#8243; padding_bottom=\u00bb0&#8243; css_animation=\u00bb\u00bb el_class=\u00bbpadding-full-desktop\u00bb][vc_column][vc_empty_space height=\u00bb60px\u00bb el_class=\u00bbmobile-hidden\u00bb][vc_column_text]<\/p>\n<h2>\u00bfDESEA QUE HABLEMOS?<\/h2>\n<p>[\/vc_column_text][vc_empty_space height=\u00bb40px\u00bb][vc_column_text]<\/p>\n<h4 class=\"p1\">Solicite hoy una consulta sin costo con uno de nuestros expertos en inversiones.<\/h4>\n<p>[\/vc_column_text][vc_empty_space height=\u00bb40px\u00bb]<a href=\"\/es\/contacto\" target=\"_self\"  class=\"qbutton  large\" style=\"\">CONT\u00c1CTENOS AHORA<\/a>[vc_empty_space height=\u00bb40px\u00bb][vc_empty_space height=\u00bb20px\u00bb el_class=\u00bbmobile-hidden\u00bb][\/vc_column][\/vc_row]<\/p>\n","protected":false},"excerpt":{"rendered":"<p>[vc_row row_type=\u00bbrow\u00bb use_row_as_full_screen_section=\u00bbno\u00bb type=\u00bbfull_width\u00bb text_align=\u00bbcenter\u00bb background_image=\u00bb1401&#8243; background_animation=\u00bbnone\u00bb padding_top=\u00bb0&#8243; padding_bottom=\u00bb0&#8243; css_animation=\u00bb\u00bb css=\u00bb.vc_custom_1599469031130{background-color: #1226aa !important;}\u00bb el_class=\u00bbCOPYWHITE\u00bb][vc_column][vc_empty_space height=\u00bb100px\u00bb][vc_empty_space height=\u00bb100px\u00bb el_class=\u00bbmobile-hidden\u00bb][vc_column_text el_class=\u00bbcontrolled-h1&#8243;] El sur de las Filipinas [\/vc_column_text][vc_empty_space height=\u00bb100px\u00bb][vc_empty_space height=\u00bb100px\u00bb el_class=\u00bbmobile-hidden\u00bb][\/vc_column][\/vc_row][vc_row row_type=\u00bbrow\u00bb use_row_as_full_screen_section=\u00bbno\u00bb type=\u00bbgrid\u00bb text_align=\u00bbleft\u00bb background_animation=\u00bbnone\u00bb padding_top=\u00bb100&#8243; padding_bottom=\u00bb100&#8243; css_animation=\u00bb\u00bb][vc_column width=\u00bb1\/2&#8243;][vc_column_text] El sur de las Filipinas Ubicada estrat\u00e9gicamente en el&#8230;<\/p>\n","protected":false},"author":1,"featured_media":0,"parent":2211,"menu_order":0,"comment_status":"closed","ping_status":"closed","template":"full_width.php","meta":{"footnotes":""},"class_list":["post-2216","page","type-page","status-publish","hentry"],"_links":{"self":[{"href":"https:\/\/philippines.business\/es\/wp-json\/wp\/v2\/pages\/2216","targetHints":{"allow":["GET"]}}],"collection":[{"href":"https:\/\/philippines.business\/es\/wp-json\/wp\/v2\/pages"}],"about":[{"href":"https:\/\/philippines.business\/es\/wp-json\/wp\/v2\/types\/page"}],"author":[{"embeddable":true,"href":"https:\/\/philippines.business\/es\/wp-json\/wp\/v2\/users\/1"}],"replies":[{"embeddable":true,"href":"https:\/\/philippines.business\/es\/wp-json\/wp\/v2\/comments?post=2216"}],"version-history":[{"count":4,"href":"https:\/\/philippines.business\/es\/wp-json\/wp\/v2\/pages\/2216\/revisions"}],"predecessor-version":[{"id":3406,"href":"https:\/\/philippines.business\/es\/wp-json\/wp\/v2\/pages\/2216\/revisions\/3406"}],"up":[{"embeddable":true,"href":"https:\/\/philippines.business\/es\/wp-json\/wp\/v2\/pages\/2211"}],"wp:attachment":[{"href":"https:\/\/philippines.business\/es\/wp-json\/wp\/v2\/media?parent=2216"}],"curies":[{"name":"wp","href":"https:\/\/api.w.org\/{rel}","templated":true}]}}