{"id":2214,"date":"2020-06-08T17:33:06","date_gmt":"2020-06-08T16:33:06","guid":{"rendered":"https:\/\/philippines.business\/about-the-philippines\/metro-manila-urban-belt\/"},"modified":"2020-10-26T12:31:16","modified_gmt":"2020-10-26T12:31:16","slug":"zona-metropolitana-de-manila-y-cinturon-urbano","status":"publish","type":"page","link":"https:\/\/philippines.business\/es\/que-ofrecen-las-filipinas\/zona-metropolitana-de-manila-y-cinturon-urbano\/","title":{"rendered":"Zona metropolitana de Manila y cintur\u00f3n urbano"},"content":{"rendered":"<p>[vc_row row_type=\u00bbrow\u00bb use_row_as_full_screen_section=\u00bbno\u00bb type=\u00bbfull_width\u00bb text_align=\u00bbcenter\u00bb background_image=\u00bb1361&#8243; background_animation=\u00bbnone\u00bb css_animation=\u00bb\u00bb css=\u00bb.vc_custom_1599468957501{background-color: #1226aa !important;}\u00bb el_class=\u00bbCOPYWHITE\u00bb][vc_column][vc_empty_space height=\u00bb100px\u00bb][vc_empty_space height=\u00bb100px\u00bb el_class=\u00bbmobile-hidden\u00bb][vc_column_text el_class=\u00bbcontrolled-h1&#8243;]<\/p>\n<h2>Zona metropolitana de Manila y cintur\u00f3n urbano<\/h2>\n<p>[\/vc_column_text][vc_empty_space height=\u00bb100px\u00bb][vc_empty_space height=\u00bb100px\u00bb el_class=\u00bbmobile-hidden\u00bb][\/vc_column][\/vc_row][vc_row row_type=\u00bbrow\u00bb use_row_as_full_screen_section=\u00bbno\u00bb type=\u00bbgrid\u00bb text_align=\u00bbleft\u00bb background_animation=\u00bbnone\u00bb padding_top=\u00bb100&#8243; padding_bottom=\u00bb100&#8243; css_animation=\u00bb\u00bb][vc_column width=\u00bb1\/2&#8243;][vc_column_text]<\/p>\n<h3>Zona metropolitana de Manila y cintur\u00f3n urbano<\/h3>\n<p>La zona metropolitana de Manila, donde se encuentra la ciudad capital, y su cintur\u00f3n urbano ofrecen una sorprendente diversidad. Esta metr\u00f3polis abarca zonas urbanas y rurales, y cuenta con una poblaci\u00f3n de m\u00e1s de 22 millones de habitantes y con parte de la infraestructura m\u00e1s desarrollada del pa\u00eds.<\/p>\n<p>Gracias a la elevada tasa de empleo, los negocios se benefician de una fuerza laboral fuerte y confiable. Tambi\u00e9n se disfruta de los incentivos que ofrecen muchas zonas econ\u00f3micas especiales, que son sede de negocios industriales y agr\u00edcolas.<\/p>\n<p>&nbsp;<\/p>\n<h3>Infraestructura<\/h3>\n<p>Los negocios establecidos en la zona metropolitana de Manila y el cintur\u00f3n urbano tienen acceso a lo mejor de la infraestructura de las Filipinas, como sus dos aeropuertos internacionales y el puerto mar\u00edtimo m\u00e1s grande del pa\u00eds. Las autopistas construidas para conectar la ciudad capital y sus alrededores con otras regiones la convierten en el sitio ideal para negocios de telecomunicaciones, tecnolog\u00eda de la informaci\u00f3n y log\u00edstica. Su enorme puerto puede albergar a cualquier empresa de importaciones y exportaciones.<\/p>\n<p>&nbsp;<\/p>\n<h3 class=\"heading-m-b\">Principales puertos y aeropuertos:<\/h3>\n<p>&nbsp;<\/p>\n<ul>\n<li><span style=\"font-weight: 400;\">Aeropuerto Internacional Ninoy Aquino<\/span><\/li>\n<li><span style=\"font-weight: 400;\">Aeropuerto Internacional Clark<\/span><\/li>\n<li><span style=\"font-weight: 400;\">Aeropuerto Internacional de la Bah\u00eda de S\u00fabic<\/span><\/li>\n<li><span style=\"font-weight: 400;\">Puerto de Manila (puertos norte y sur)<\/span><\/li>\n<li><span style=\"font-weight: 400;\">Terminal Internacional de Contenedores de Manila<\/span><\/li>\n<li><span style=\"font-weight: 400;\">Puerto de la Bah\u00eda de S\u00fabic<\/span><\/li>\n<li><span style=\"font-weight: 400;\">Puerto de Batangas<\/span><\/li>\n<li><span style=\"font-weight: 400;\">Aeropuerto de la Bah\u00eda de S\u00fabic<\/span><\/li>\n<\/ul>\n<p>&nbsp;<\/p>\n<h3 class=\"heading-m-b\">Zonas econ\u00f3micas especiales y puertos francos:<\/h3>\n<p>&nbsp;<\/p>\n<ul>\n<li><span style=\"font-weight: 400;\">Autoridad Metropolitana de la Bah\u00eda de S\u00fabic (SBMA)<\/span><\/li>\n<li><span style=\"font-weight: 400;\">Zona del Puerto Franco de la Bah\u00eda de S\u00fabic<\/span><\/li>\n<li><span style=\"font-weight: 400;\">Zona de Puerto Franco de Clark (CFZ)<\/span><\/li>\n<li><span style=\"font-weight: 400;\">El Puerto Franco de Bataan<\/span><\/li>\n<\/ul>\n<p>[\/vc_column_text][\/vc_column][vc_column width=\u00bb1\/2&#8243;][\/vc_column][\/vc_row][vc_row row_type=\u00bbrow\u00bb use_row_as_full_screen_section=\u00bbno\u00bb type=\u00bbgrid\u00bb text_align=\u00bbleft\u00bb background_animation=\u00bbnone\u00bb padding_top=\u00bb100&#8243; css_animation=\u00bb\u00bb el_class=\u00bbCOPYWHITE\u00bb background_color=\u00bb#1226aa\u00bb][vc_column][vc_column_text]<\/p>\n<h2>\u00c1reas comerciales clave:<\/h2>\n<p>[\/vc_column_text][\/vc_column][\/vc_row][vc_row row_type=\u00bbrow\u00bb use_row_as_full_screen_section=\u00bbno\u00bb type=\u00bbgrid\u00bb text_align=\u00bbleft\u00bb background_animation=\u00bbnone\u00bb padding_top=\u00bb50&#8243; padding_bottom=\u00bb100&#8243; css_animation=\u00bb\u00bb el_class=\u00bbCOPYWHITE\u00bb background_color=\u00bb#1226aa\u00bb][vc_column width=\u00bb1\/3&#8243;][vc_separator type=\u00bbnormal\u00bb border_style=\u00bb\u00bb thickness=\u00bb1&#8243; up=\u00bb0&#8243; down=\u00bb20&#8243; color=\u00bb#ffffff\u00bb][vc_column_text]<a href=\"\/es\/industrias\/automotriz\/\">Automotriz \u2192<\/a>[\/vc_column_text][vc_separator type=\u00bbnormal\u00bb border_style=\u00bb\u00bb thickness=\u00bb1&#8243; up=\u00bb20&#8243; down=\u00bb20&#8243; color=\u00bb#ffffff\u00bb][vc_column_text]<a href=\"\/es\/industrias\/aeroespacial\/\">Aeroespacial \u2192<\/a>[\/vc_column_text][vc_separator type=\u00bbnormal\u00bb border_style=\u00bb\u00bb thickness=\u00bb1&#8243; up=\u00bb20&#8243; down=\u00bb20&#8243; color=\u00bb#ffffff\u00bb][vc_column_text]<a href=\"\/es\/industrias\/electronica\/\">Electr\u00f3nica \u2192<\/a>[\/vc_column_text][vc_separator type=\u00bbnormal\u00bb border_style=\u00bb\u00bb thickness=\u00bb1&#8243; up=\u00bb20&#8243; down=\u00bb20&#8243; color=\u00bb#ffffff\u00bb][vc_column_text]<a href=\"\/es\/industrias\/ti-y-gestion-de-procesos-de-negocios\/\">Gesti\u00f3n de procesos de negocio mediante TI \u2192<\/a>[\/vc_column_text][vc_separator type=\u00bbnormal\u00bb border_style=\u00bb\u00bb thickness=\u00bb1&#8243; up=\u00bb20&#8243; color=\u00bb#ffffff\u00bb][\/vc_column][vc_column width=\u00bb1\/3&#8243;][vc_separator type=\u00bbnormal\u00bb border_style=\u00bb\u00bb thickness=\u00bb1&#8243; up=\u00bb0&#8243; down=\u00bb20&#8243; color=\u00bb#ffffff\u00bb el_class=\u00bbmobile-hidden\u00bb][vc_column_text]Procesamiento industrial[\/vc_column_text][vc_separator type=\u00bbnormal\u00bb border_style=\u00bb\u00bb up=\u00bb20&#8243; down=\u00bb20&#8243; color=\u00bb#ffffff\u00bb][vc_column_text]Agroprocesamiento[\/vc_column_text][vc_separator type=\u00bbnormal\u00bb border_style=\u00bb\u00bb thickness=\u00bb1&#8243; up=\u00bb20&#8243; down=\u00bb20&#8243; color=\u00bb#ffffff\u00bb][vc_column_text]Comercio y menudeo[\/vc_column_text][vc_separator type=\u00bbnormal\u00bb border_style=\u00bb\u00bb thickness=\u00bb1&#8243; up=\u00bb20&#8243; color=\u00bb#ffffff\u00bb][\/vc_column][vc_column width=\u00bb1\/3&#8243;][vc_single_image image=\u00bb318&#8243; img_size=\u00bbmedium\u00bb alignment=\u00bbcenter\u00bb qode_css_animation=\u00bb\u00bb][\/vc_column][\/vc_row][vc_row row_type=\u00bbrow\u00bb use_row_as_full_screen_section=\u00bbno\u00bb type=\u00bbfull_width\u00bb text_align=\u00bbcenter\u00bb background_animation=\u00bbnone\u00bb padding_top=\u00bb0&#8243; padding_bottom=\u00bb0&#8243; css_animation=\u00bb\u00bb el_class=\u00bbpadding-full-desktop\u00bb][vc_column][vc_empty_space height=\u00bb60px\u00bb el_class=\u00bbmobile-hidden\u00bb][vc_column_text]<\/p>\n<h2>\u00bfDESEA QUE HABLEMOS?<\/h2>\n<p>[\/vc_column_text][vc_empty_space height=\u00bb40px\u00bb][vc_column_text]<\/p>\n<h4 class=\"p1\">Solicite hoy una consulta sin costo con uno de nuestros expertos en inversiones.<\/h4>\n<p>[\/vc_column_text][vc_empty_space height=\u00bb40px\u00bb]<a href=\"\/es\/contacto\" target=\"_self\"  class=\"qbutton  large\" style=\"\">CONT\u00c1CTENOS AHORA<\/a>[vc_empty_space height=\u00bb40px\u00bb][vc_empty_space height=\u00bb20px\u00bb el_class=\u00bbmobile-hidden\u00bb][\/vc_column][\/vc_row]<\/p>\n","protected":false},"excerpt":{"rendered":"<p>[vc_row row_type=\u00bbrow\u00bb use_row_as_full_screen_section=\u00bbno\u00bb type=\u00bbfull_width\u00bb text_align=\u00bbcenter\u00bb background_image=\u00bb1361&#8243; background_animation=\u00bbnone\u00bb css_animation=\u00bb\u00bb css=\u00bb.vc_custom_1599468957501{background-color: #1226aa !important;}\u00bb el_class=\u00bbCOPYWHITE\u00bb][vc_column][vc_empty_space height=\u00bb100px\u00bb][vc_empty_space height=\u00bb100px\u00bb el_class=\u00bbmobile-hidden\u00bb][vc_column_text el_class=\u00bbcontrolled-h1&#8243;] Zona metropolitana de Manila y cintur\u00f3n urbano [\/vc_column_text][vc_empty_space height=\u00bb100px\u00bb][vc_empty_space height=\u00bb100px\u00bb el_class=\u00bbmobile-hidden\u00bb][\/vc_column][\/vc_row][vc_row row_type=\u00bbrow\u00bb use_row_as_full_screen_section=\u00bbno\u00bb type=\u00bbgrid\u00bb text_align=\u00bbleft\u00bb background_animation=\u00bbnone\u00bb padding_top=\u00bb100&#8243; padding_bottom=\u00bb100&#8243; css_animation=\u00bb\u00bb][vc_column width=\u00bb1\/2&#8243;][vc_column_text] Zona metropolitana de Manila y cintur\u00f3n urbano La zona&#8230;<\/p>\n","protected":false},"author":1,"featured_media":0,"parent":2211,"menu_order":0,"comment_status":"closed","ping_status":"closed","template":"full_width.php","meta":{"footnotes":""},"class_list":["post-2214","page","type-page","status-publish","hentry"],"_links":{"self":[{"href":"https:\/\/philippines.business\/es\/wp-json\/wp\/v2\/pages\/2214","targetHints":{"allow":["GET"]}}],"collection":[{"href":"https:\/\/philippines.business\/es\/wp-json\/wp\/v2\/pages"}],"about":[{"href":"https:\/\/philippines.business\/es\/wp-json\/wp\/v2\/types\/page"}],"author":[{"embeddable":true,"href":"https:\/\/philippines.business\/es\/wp-json\/wp\/v2\/users\/1"}],"replies":[{"embeddable":true,"href":"https:\/\/philippines.business\/es\/wp-json\/wp\/v2\/comments?post=2214"}],"version-history":[{"count":5,"href":"https:\/\/philippines.business\/es\/wp-json\/wp\/v2\/pages\/2214\/revisions"}],"predecessor-version":[{"id":3402,"href":"https:\/\/philippines.business\/es\/wp-json\/wp\/v2\/pages\/2214\/revisions\/3402"}],"up":[{"embeddable":true,"href":"https:\/\/philippines.business\/es\/wp-json\/wp\/v2\/pages\/2211"}],"wp:attachment":[{"href":"https:\/\/philippines.business\/es\/wp-json\/wp\/v2\/media?parent=2214"}],"curies":[{"name":"wp","href":"https:\/\/api.w.org\/{rel}","templated":true}]}}