{"id":2213,"date":"2020-07-09T19:36:19","date_gmt":"2020-07-09T18:36:19","guid":{"rendered":"https:\/\/philippines.business\/about-the-philippines\/central-philippines\/"},"modified":"2020-11-20T11:45:29","modified_gmt":"2020-11-20T11:45:29","slug":"el-centro-de-las-filipinas","status":"publish","type":"page","link":"https:\/\/philippines.business\/es\/que-ofrecen-las-filipinas\/el-centro-de-las-filipinas\/","title":{"rendered":"El centro de las Filipinas"},"content":{"rendered":"<p>[vc_row row_type=\u00bbrow\u00bb use_row_as_full_screen_section=\u00bbno\u00bb type=\u00bbfull_width\u00bb text_align=\u00bbcenter\u00bb background_image=\u00bb1357&#8243; background_animation=\u00bbnone\u00bb padding_top=\u00bb0&#8243; padding_bottom=\u00bb0&#8243; css_animation=\u00bb\u00bb css=\u00bb.vc_custom_1599468914777{background-color: #1226aa !important;}\u00bb el_class=\u00bbCOPYWHITE\u00bb][vc_column][vc_empty_space height=\u00bb100px\u00bb][vc_empty_space height=\u00bb100px\u00bb el_class=\u00bbmobile-hidden\u00bb][vc_column_text el_class=\u00bbcontrolled-h1&#8243;]<\/p>\n<h2>El centro de las Filipinas<\/h2>\n<p>[\/vc_column_text][vc_empty_space height=\u00bb100px\u00bb][vc_empty_space height=\u00bb100px\u00bb el_class=\u00bbmobile-hidden\u00bb][\/vc_column][\/vc_row][vc_row row_type=\u00bbrow\u00bb use_row_as_full_screen_section=\u00bbno\u00bb type=\u00bbgrid\u00bb text_align=\u00bbleft\u00bb background_animation=\u00bbnone\u00bb padding_top=\u00bb100&#8243; padding_bottom=\u00bb100&#8243; css_animation=\u00bb\u00bb][vc_column width=\u00bb1\/2&#8243;][vc_column_text]<\/p>\n<h3>El centro de las Filipinas<\/h3>\n<p>La zona centro de las Filipinas, el coraz\u00f3n del pa\u00eds, es el eje del turismo y cuenta con sitios patrimonio de la humanidad y amplias playas de arena blanca con la rompiente perfecta para surfear.<\/p>\n<p>Se encuentra en pleno crecimiento y sus abundantes recursos naturales y minerales la convierten en el destino preferido para la inversi\u00f3n en minas y canteras. Aunque es una de las regiones m\u00e1s peque\u00f1as, su poblaci\u00f3n rebasa los 11 millones de habitantes y su tasa de empleo es muy elevada, del 93 %.<\/p>\n<p>Ceb\u00fa, una de sus provincias, presume una de las econom\u00edas de m\u00e1s r\u00e1pido crecimiento del pa\u00eds. La ciudad con el mismo nombre es epicentro de las actividades mercantiles, el comercio, la educaci\u00f3n y la industria. Por ser el segundo destino m\u00e1s popular de la inversi\u00f3n despu\u00e9s de Manila, Ceb\u00fa se ha convertido en centro mundial de la industria naviera, la fabricaci\u00f3n de muebles, los servicios de procesamiento empresariales y las industrias pesadas.<\/p>\n<p>&nbsp;<\/p>\n<h3>Infraestructura<\/h3>\n<p>La infraestructura de esta regi\u00f3n est\u00e1 renov\u00e1ndose. Los aeropuertos nacionales est\u00e1n siendo ampliados para recibir vuelos desde Corea del Sur y se est\u00e1n construyendo dos nuevos aeropuertos internacionales. Los puertos mar\u00edtimos merecen menci\u00f3n aparte y los que se encuentran en Bohol y Ceb\u00fa pueden manejar m\u00e1s de 20 millones de kilogramos de carga.<\/p>\n<p>&nbsp;<\/p>\n<h3 class=\"heading-m-b\">Principales puertos y aeropuertos:<\/h3>\n<p>&nbsp;<\/p>\n<ul>\n<li><span style=\"font-weight: 400;\">Aeropuerto Internacional de Mact\u00e1n-Ceb\u00fa<\/span><\/li>\n<li><span style=\"font-weight: 400;\">Aeropuerto Internacional de Kalibo<\/span><\/li>\n<li><span style=\"font-weight: 400;\">Aeropuerto Internacional de Iloilo<\/span><\/li>\n<li><span style=\"font-weight: 400;\">Aeropuerto de la Ciudad de Tacloban<\/span><\/li>\n<li><span style=\"font-weight: 400;\">Aeropuerto Internacional de Ceb\u00fa<\/span><\/li>\n<li><span style=\"font-weight: 400;\">Puerto de Lilvan<\/span><\/li>\n<li><span style=\"font-weight: 400;\">Puerto de Maasin<\/span><\/li>\n<\/ul>\n<p>&nbsp;<\/p>\n<h3 class=\"heading-m-b\">Ecozonas:<\/h3>\n<p>&nbsp;<\/p>\n<ul>\n<li><span style=\"font-weight: 400;\">Zona de Procesamiento para la Exportaci\u00f3n de Mact\u00e1n<\/span><\/li>\n<\/ul>\n<p>[\/vc_column_text][\/vc_column][vc_column width=\u00bb1\/2&#8243;][\/vc_column][\/vc_row][vc_row row_type=\u00bbrow\u00bb use_row_as_full_screen_section=\u00bbno\u00bb type=\u00bbgrid\u00bb text_align=\u00bbleft\u00bb background_animation=\u00bbnone\u00bb padding_top=\u00bb100&#8243; css_animation=\u00bb\u00bb el_class=\u00bbCOPYWHITE\u00bb background_color=\u00bb#1226AA\u00bb][vc_column][vc_column_text]<\/p>\n<h2>\u00c1reas comerciales clave:<\/h2>\n<p>[\/vc_column_text][\/vc_column][\/vc_row][vc_row row_type=\u00bbrow\u00bb use_row_as_full_screen_section=\u00bbno\u00bb type=\u00bbgrid\u00bb text_align=\u00bbleft\u00bb background_animation=\u00bbnone\u00bb padding_top=\u00bb50&#8243; padding_bottom=\u00bb100&#8243; css_animation=\u00bb\u00bb el_class=\u00bbCOPYWHITE\u00bb background_color=\u00bb#1226AA\u00bb][vc_column width=\u00bb1\/3&#8243;][vc_separator type=\u00bbnormal\u00bb border_style=\u00bb\u00bb thickness=\u00bb1&#8243; up=\u00bb20&#8243; down=\u00bb20&#8243; color=\u00bb#ffffff\u00bb][vc_column_text]<a href=\"\/es\/industrias\/ti-y-gestion-de-procesos-de-negocios\/\">Gesti\u00f3n de procesos de negocio mediante TI \u2192<\/a>[\/vc_column_text][vc_separator type=\u00bbnormal\u00bb border_style=\u00bb\u00bb thickness=\u00bb1&#8243; up=\u00bb20&#8243; down=\u00bb20&#8243; color=\u00bb#ffffff\u00bb][vc_column_text]Construcci\u00f3n naval[\/vc_column_text][vc_separator type=\u00bbnormal\u00bb border_style=\u00bb\u00bb thickness=\u00bb1&#8243; up=\u00bb20&#8243; down=\u00bb20&#8243; color=\u00bb#ffffff\u00bb][vc_column_text]Agricultura[\/vc_column_text][vc_separator type=\u00bbnormal\u00bb border_style=\u00bb\u00bb thickness=\u00bb1&#8243; up=\u00bb20&#8243; color=\u00bb#ffffff\u00bb][vc_column_text]Infraestructura[\/vc_column_text][vc_separator type=\u00bbnormal\u00bb border_style=\u00bb\u00bb thickness=\u00bb1&#8243; up=\u00bb20&#8243; color=\u00bb#ffffff\u00bb][\/vc_column][vc_column width=\u00bb1\/3&#8243;][\/vc_column][vc_column width=\u00bb1\/3&#8243;][\/vc_column][\/vc_row][vc_row row_type=\u00bbrow\u00bb use_row_as_full_screen_section=\u00bbno\u00bb type=\u00bbfull_width\u00bb text_align=\u00bbcenter\u00bb background_animation=\u00bbnone\u00bb padding_top=\u00bb0&#8243; padding_bottom=\u00bb0&#8243; css_animation=\u00bb\u00bb el_class=\u00bbpadding-full-desktop\u00bb][vc_column][vc_empty_space height=\u00bb60px\u00bb el_class=\u00bbmobile-hidden\u00bb][vc_column_text]<\/p>\n<h2>\u00bfDESEA QUE HABLEMOS?<\/h2>\n<p>[\/vc_column_text][vc_empty_space height=\u00bb40px\u00bb][vc_column_text]<\/p>\n<h4 class=\"p1\">Solicite hoy una consulta sin costo con uno de nuestros expertos en inversiones.<\/h4>\n<p>[\/vc_column_text][vc_empty_space height=\u00bb40px\u00bb]<a href=\"\/es\/contacto\" target=\"_self\"  class=\"qbutton  large\" style=\"\">CONT\u00c1CTENOS AHORA<\/a>[vc_empty_space height=\u00bb40px\u00bb][vc_empty_space height=\u00bb20px\u00bb el_class=\u00bbmobile-hidden\u00bb][\/vc_column][\/vc_row]<\/p>\n","protected":false},"excerpt":{"rendered":"<p>[vc_row row_type=\u00bbrow\u00bb use_row_as_full_screen_section=\u00bbno\u00bb type=\u00bbfull_width\u00bb text_align=\u00bbcenter\u00bb background_image=\u00bb1357&#8243; background_animation=\u00bbnone\u00bb padding_top=\u00bb0&#8243; padding_bottom=\u00bb0&#8243; css_animation=\u00bb\u00bb css=\u00bb.vc_custom_1599468914777{background-color: #1226aa !important;}\u00bb el_class=\u00bbCOPYWHITE\u00bb][vc_column][vc_empty_space height=\u00bb100px\u00bb][vc_empty_space height=\u00bb100px\u00bb el_class=\u00bbmobile-hidden\u00bb][vc_column_text el_class=\u00bbcontrolled-h1&#8243;] El centro de las Filipinas [\/vc_column_text][vc_empty_space height=\u00bb100px\u00bb][vc_empty_space height=\u00bb100px\u00bb el_class=\u00bbmobile-hidden\u00bb][\/vc_column][\/vc_row][vc_row row_type=\u00bbrow\u00bb use_row_as_full_screen_section=\u00bbno\u00bb type=\u00bbgrid\u00bb text_align=\u00bbleft\u00bb background_animation=\u00bbnone\u00bb padding_top=\u00bb100&#8243; padding_bottom=\u00bb100&#8243; css_animation=\u00bb\u00bb][vc_column width=\u00bb1\/2&#8243;][vc_column_text] El centro de las Filipinas La zona centro de&#8230;<\/p>\n","protected":false},"author":1,"featured_media":0,"parent":2211,"menu_order":0,"comment_status":"closed","ping_status":"closed","template":"full_width.php","meta":{"footnotes":""},"class_list":["post-2213","page","type-page","status-publish","hentry"],"_links":{"self":[{"href":"https:\/\/philippines.business\/es\/wp-json\/wp\/v2\/pages\/2213","targetHints":{"allow":["GET"]}}],"collection":[{"href":"https:\/\/philippines.business\/es\/wp-json\/wp\/v2\/pages"}],"about":[{"href":"https:\/\/philippines.business\/es\/wp-json\/wp\/v2\/types\/page"}],"author":[{"embeddable":true,"href":"https:\/\/philippines.business\/es\/wp-json\/wp\/v2\/users\/1"}],"replies":[{"embeddable":true,"href":"https:\/\/philippines.business\/es\/wp-json\/wp\/v2\/comments?post=2213"}],"version-history":[{"count":5,"href":"https:\/\/philippines.business\/es\/wp-json\/wp\/v2\/pages\/2213\/revisions"}],"predecessor-version":[{"id":3636,"href":"https:\/\/philippines.business\/es\/wp-json\/wp\/v2\/pages\/2213\/revisions\/3636"}],"up":[{"embeddable":true,"href":"https:\/\/philippines.business\/es\/wp-json\/wp\/v2\/pages\/2211"}],"wp:attachment":[{"href":"https:\/\/philippines.business\/es\/wp-json\/wp\/v2\/media?parent=2213"}],"curies":[{"name":"wp","href":"https:\/\/api.w.org\/{rel}","templated":true}]}}