{"id":5105,"date":"2021-01-27T11:24:43","date_gmt":"2021-01-27T11:24:43","guid":{"rendered":"https:\/\/philippines.business\/branchen\/erdwaerme\/"},"modified":"2021-02-23T14:50:27","modified_gmt":"2021-02-23T14:50:27","slug":"erdwaerme","status":"publish","type":"page","link":"https:\/\/philippines.business\/de\/branchen\/erdwaerme\/","title":{"rendered":"Erdw\u00e4rme"},"content":{"rendered":"<p>[vc_row row_type=&#8220;row&#8220; use_row_as_full_screen_section=&#8220;no&#8220; type=&#8220;full_width&#8220; text_align=&#8220;center&#8220; background_image=&#8220;6750&#8243; background_animation=&#8220;none&#8220; padding_top=&#8220;0&#8243; padding_bottom=&#8220;0&#8243; css_animation=&#8220;&#8220; css=&#8220;.vc_custom_1614007598259{background-color: #1226aa !important;}&#8220; el_class=&#8220;COPYWHITE&#8220;][vc_column][vc_empty_space height=&#8220;100px&#8220;][vc_empty_space height=&#8220;100px&#8220; el_class=&#8220;mobile-hidden&#8220;][vc_column_text el_class=&#8220;controlled-h1&#8243;]<\/p>\n<h1>Erdw\u00e4rme<\/h1>\n<p>[\/vc_column_text][vc_empty_space height=&#8220;100px&#8220;][vc_empty_space height=&#8220;100px&#8220; el_class=&#8220;mobile-hidden&#8220;][\/vc_column][\/vc_row][vc_row row_type=&#8220;row&#8220; use_row_as_full_screen_section=&#8220;no&#8220; type=&#8220;grid&#8220; text_align=&#8220;left&#8220; background_animation=&#8220;none&#8220; padding_top=&#8220;80&#8243; padding_bottom=&#8220;80&#8243; css_animation=&#8220;&#8220;][vc_column width=&#8220;1\/2&#8243;][vc_column_text]<\/p>\n<h3>Erstklassiger Standort<\/h3>\n<p>[\/vc_column_text][vc_empty_space height=&#8220;20px&#8220;][vc_column_text]Da die Philippinen \u00fcber reichhaltige geothermische Ressourcen verf\u00fcgen, bieten sie Entwicklern von Erdw\u00e4rmeanlagen einen entscheidenden Kostenvorteil.<\/p>\n<p>Das Land ist ein idealer Erdw\u00e4rmestandort, denn es befindet sich in einer tektonisch aktiven Region im \u00f6stlichen Pazifischen Feuerring, die mit ihrer kumulierten installierten Kapazit\u00e4t zur geothermischen Energieerzeugung weltweit den zweiten Platz belegt.<br \/>\n[\/vc_column_text][vc_empty_space height=&#8220;40px&#8220;][vc_column_text]<\/p>\n<h3>Kostenvorteil<\/h3>\n<p>[\/vc_column_text][vc_empty_space height=&#8220;20px&#8220;][vc_column_text]Die Gewinnung von Dampf aus geothermischen Ressourcen bietet eine kosteng\u00fcnstige Alternative zur Generierung von Dampf unter Nutzung nat\u00fcrlicher Gase, Kohle und anderer fossiler Brennstoffe, wenn es darum geht, mithilfe von Dampfturbinen Strom zu erzeugen.<\/p>\n<p>Strom aus Erdw\u00e4rmeanlagen ist sogar g\u00fcnstiger als der aus Wasserkraftwerken.<br \/>\n[\/vc_column_text][vc_empty_space height=&#8220;40px&#8220;][vc_column_text]<\/p>\n<h3>100 % ausl\u00e4ndischer Besitz<\/h3>\n<p>[\/vc_column_text][vc_empty_space height=&#8220;20px&#8220;][vc_column_text]Die philippinische Regierung erlaubt jetzt den vollst\u00e4ndigen ausl\u00e4ndischen Besitz bei gro\u00df angelegten Erdw\u00e4rmeprojekten.[\/vc_column_text][vc_empty_space height=&#8220;20px&#8220;][\/vc_column][vc_column width=&#8220;1\/2&#8243;][vc_single_image image=&#8220;6740&#8243; img_size=&#8220;full&#8220; qode_css_animation=&#8220;&#8220;][\/vc_column][\/vc_row][vc_row row_type=&#8220;row&#8220; use_row_as_full_screen_section=&#8220;no&#8220; type=&#8220;grid&#8220; text_align=&#8220;center&#8220; background_animation=&#8220;none&#8220; padding_top=&#8220;80&#8243; padding_bottom=&#8220;40&#8243; css_animation=&#8220;&#8220; css=&#8220;.vc_custom_1591625660923{background-color: #1226AA !important;}&#8220; el_class=&#8220;COPYWHITE&#8220;][vc_column][vc_column_text]<\/p>\n<h2>Wichtige statistische Angaben<\/h2>\n<p>[\/vc_column_text][\/vc_column][\/vc_row][vc_row row_type=&#8220;row&#8220; use_row_as_full_screen_section=&#8220;no&#8220; type=&#8220;grid&#8220; text_align=&#8220;left&#8220; background_animation=&#8220;none&#8220; padding_top=&#8220;40&#8243; padding_bottom=&#8220;100&#8243; css_animation=&#8220;&#8220; css=&#8220;.vc_custom_1591628046818{background-color: #1226AA !important;}&#8220; el_class=&#8220;COPYWHITE&#8220;][vc_column width=&#8220;1\/4&#8243;]<div class='q_icon_with_title very_large normal_icon center'><div class=\"icon_holder q_icon_animation\" style=\" transition-delay: 100ms; -webkit-transition-delay: 100ms; -moz-transition-delay: 100ms; -o-transition-delay: 100ms;\"><div class=\"icon_holder_inner\"><span style=\"color: #ffffff;\" class=\"q_font_awsome_icon fa-5x \"><i class=\"icon_text_icon fa fa-lightbulb-o\"><\/i><\/span><\/div><\/div><div class=\"icon_text_holder\" style=\"\"><div class=\"icon_text_inner\" style=\"\"><h2 class=\"icon_title\" style=\"color: #ffffff\">4.790 MW<\/h2><p style=''>an potenziellen Reserven<\/p><\/div><\/div><\/div>[\/vc_column][vc_column width=&#8220;1\/4&#8243;]<div class='q_icon_with_title very_large normal_icon center'><div class=\"icon_holder q_icon_animation\" style=\" transition-delay: 200ms; -webkit-transition-delay: 200ms; -moz-transition-delay: 200ms; -o-transition-delay: 200ms;\"><div class=\"icon_holder_inner\"><span style=\"color: #ffffff;\" class=\"q_font_awsome_icon fa-5x \"><i class=\"icon_text_icon fa fa-map\"><\/i><\/span><\/div><\/div><div class=\"icon_text_holder\" style=\"\"><div class=\"icon_text_inner\" style=\"\"><h2 class=\"icon_title\" style=\"color: #ffffff\">2.047 MW<\/h2><p style=''>an nachgewiesenen Reserven in der Region<\/p><\/div><\/div><\/div>[\/vc_column][vc_column width=&#8220;1\/4&#8243;]<div class='q_icon_with_title very_large normal_icon center'><div class=\"icon_holder q_icon_animation\" style=\" transition-delay: 300ms; -webkit-transition-delay: 300ms; -moz-transition-delay: 300ms; -o-transition-delay: 300ms;\"><div class=\"icon_holder_inner\"><span style=\"color: #ffffff;\" class=\"q_font_awsome_icon fa-5x \"><i class=\"icon_text_icon fa fa-line-chart\"><\/i><\/span><\/div><\/div><div class=\"icon_text_holder\" style=\"\"><div class=\"icon_text_inner\" style=\"\"><h2 class=\"icon_title\" style=\"color: #ffffff\">1.070 MW<\/h2><p style=''>an geothermischer Kapazit\u00e4t, die 2030 insgesamt 3.097 MW erreicht haben wird<\/p><\/div><\/div><\/div>[\/vc_column][vc_column width=&#8220;1\/4&#8243;]<div class='q_icon_with_title very_large normal_icon center'><div class=\"icon_holder q_icon_animation\" style=\" transition-delay: 400ms; -webkit-transition-delay: 400ms; -moz-transition-delay: 400ms; -o-transition-delay: 400ms;\"><div class=\"icon_holder_inner\"><span style=\"color: #ffffff;\" class=\"q_font_awsome_icon fa-5x \"><i class=\"icon_text_icon fa fa-users\"><\/i><\/span><\/div><\/div><div class=\"icon_text_holder\" style=\"\"><div class=\"icon_text_inner\" style=\"\"><h2 class=\"icon_title\" style=\"color: #ffffff\">\u00dcber 7.000<\/h2><p style=''>geschaffene Arbeitspl\u00e4tze<\/p><\/div><\/div><\/div>[\/vc_column][\/vc_row][vc_row row_type=&#8220;row&#8220; use_row_as_full_screen_section=&#8220;no&#8220; type=&#8220;grid&#8220; text_align=&#8220;left&#8220; background_animation=&#8220;none&#8220; padding_top=&#8220;60&#8243; padding_bottom=&#8220;60&#8243; css_animation=&#8220;&#8220;][vc_column width=&#8220;1\/3&#8243;][\/vc_column][vc_column width=&#8220;2\/3&#8243;][vc_column_text]<\/p>\n<h3>\u00dcberblick Erdw\u00e4rmeindustrie<\/h3>\n<p>[\/vc_column_text][vc_empty_space height=&#8220;20px&#8220;][vc_column_text]Die Philippinen sind nach den USA der zweitgr\u00f6\u00dfte Erdw\u00e4rmeproduzent der Welt. Das Land verf\u00fcgt \u00fcber gro\u00dfe Ressourcen an geothermischer Energie und stellt eine gr\u00f6\u00dfere Beteiligung der Privatwirtschaft bei der Erkundung und Entwicklung dieser Ressourcen sicher. Dies geschieht mithilfe des \u201eOpen and Competitive Selection Process\u201c (OCSP) und der Vergabe von \u201eGeothermal Renewable Energy (RE) Service Contracts\u201c. Einige Regionen m\u00fcssen noch erschlossen werden und warten auf vorgelagerte Aktivit\u00e4ten, wie die Erkundung mithilfe von Bohrprogrammen, andere geothermische Reservoirs k\u00f6nnen bereits zur Dampfgewinnung genutzt werden.<\/p>\n<p>Der Staat identifiziert potenzielle Lagerst\u00e4tten geothermischer Energieressourcen, an denen Investoren Vorentwicklungs- und Erkundungsarbeiten durchf\u00fchren k\u00f6nnen. Dar\u00fcber hinaus hat der Staat die finanziellen Anreize verbessert, die Investoren dazu bewegen sollen, neue Projekte zu entwickeln, darunter:<\/p>\n<ul>\n<li>Befreiung von der Ertragssteuer<\/li>\n<li>Zollfreiheit auf die Einfuhr von Maschinen und Materialien zur Gewinnung erneuerbarer Energien<\/li>\n<li>R\u00fcckerstattung der Betriebskosten von bis zu 70 % der Bruttoertr\u00e4ge aus der Produktion mit Vortrag der ungedeckten Kosten<\/li>\n<li>Null Prozent Umsatzsteuersatz<\/li>\n<\/ul>\n<p>Zu den wichtigen Akteuren der Branche in den Philippinen geh\u00f6ren:<\/p>\n<ul>\n<li>Energy Development Corporation<\/li>\n<li>Aboitiz Power<\/li>\n<li>Chevron Geothermal Services Company<\/li>\n<li>Emerging Power Inc.<\/li>\n<li>Energy Development Corporation<\/li>\n<li>Maibarara Geothermal Inc.<\/li>\n<li>Philippine Geothermal Production Company Inc.<\/li>\n<\/ul>\n<p>Zu den ausl\u00e4ndischen Unternehmen, die bereits im Land t\u00e4tig sind, z\u00e4hlen:<\/p>\n<ul>\n<li>Tamoin Industrial Services Corp. (TISCO)<\/li>\n<li>Asia. Eni Green Power<\/li>\n<li>Marubeni<\/li>\n<\/ul>\n<p>[\/vc_column_text][\/vc_column][\/vc_row][vc_row row_type=&#8220;row&#8220; use_row_as_full_screen_section=&#8220;no&#8220; type=&#8220;full_width&#8220; text_align=&#8220;center&#8220; background_animation=&#8220;none&#8220; padding_top=&#8220;160&#8243; padding_bottom=&#8220;160&#8243; css_animation=&#8220;&#8220;][vc_column][vc_column_text]<\/p>\n<div class=\"wpb_text_column wpb_content_element \">\n<div class=\"wpb_wrapper\">\n<h2>Sie m\u00f6chten \u00fcber Ihr Vorhaben sprechen?<\/h2>\n<\/div>\n<\/div>\n<p>[\/vc_column_text][vc_empty_space height=&#8220;40px&#8220;][vc_column_text]<\/p>\n<div class=\"wpb_text_column wpb_content_element \">\n<div class=\"wpb_wrapper\">\n<h4 class=\"p1\">Fordern Sie noch heute eine kostenlose Beratung durch einen unserer Investmentspezialisten an.<\/h4>\n<\/div>\n<\/div>\n<p>[\/vc_column_text][vc_empty_space height=&#8220;40px&#8220;]<a href=\"\/de\/kontakt\/\" target=\"_self\"  class=\"qbutton  large\" style=\"\">Kontaktieren Sie uns<\/a>[\/vc_column][\/vc_row]<\/p>\n","protected":false},"excerpt":{"rendered":"<p>[vc_row row_type=&#8220;row&#8220; use_row_as_full_screen_section=&#8220;no&#8220; type=&#8220;full_width&#8220; text_align=&#8220;center&#8220; background_image=&#8220;6750&#8243; background_animation=&#8220;none&#8220; padding_top=&#8220;0&#8243; padding_bottom=&#8220;0&#8243; css_animation=&#8220;&#8220; css=&#8220;.vc_custom_1614007598259{background-color: #1226aa !important;}&#8220; el_class=&#8220;COPYWHITE&#8220;][vc_column][vc_empty_space height=&#8220;100px&#8220;][vc_empty_space height=&#8220;100px&#8220; el_class=&#8220;mobile-hidden&#8220;][vc_column_text el_class=&#8220;controlled-h1&#8243;] Erdw\u00e4rme [\/vc_column_text][vc_empty_space height=&#8220;100px&#8220;][vc_empty_space height=&#8220;100px&#8220; el_class=&#8220;mobile-hidden&#8220;][\/vc_column][\/vc_row][vc_row row_type=&#8220;row&#8220; use_row_as_full_screen_section=&#8220;no&#8220; type=&#8220;grid&#8220; text_align=&#8220;left&#8220; background_animation=&#8220;none&#8220; padding_top=&#8220;80&#8243; padding_bottom=&#8220;80&#8243; css_animation=&#8220;&#8220;][vc_column width=&#8220;1\/2&#8243;][vc_column_text] Erstklassiger Standort [\/vc_column_text][vc_empty_space height=&#8220;20px&#8220;][vc_column_text]Da die Philippinen \u00fcber reichhaltige geothermische Ressourcen verf\u00fcgen, bieten sie&#8230;<\/p>\n","protected":false},"author":1,"featured_media":0,"parent":2017,"menu_order":0,"comment_status":"closed","ping_status":"closed","template":"full_width.php","meta":{"footnotes":""},"class_list":["post-5105","page","type-page","status-publish","hentry"],"_links":{"self":[{"href":"https:\/\/philippines.business\/de\/wp-json\/wp\/v2\/pages\/5105","targetHints":{"allow":["GET"]}}],"collection":[{"href":"https:\/\/philippines.business\/de\/wp-json\/wp\/v2\/pages"}],"about":[{"href":"https:\/\/philippines.business\/de\/wp-json\/wp\/v2\/types\/page"}],"author":[{"embeddable":true,"href":"https:\/\/philippines.business\/de\/wp-json\/wp\/v2\/users\/1"}],"replies":[{"embeddable":true,"href":"https:\/\/philippines.business\/de\/wp-json\/wp\/v2\/comments?post=5105"}],"version-history":[{"count":4,"href":"https:\/\/philippines.business\/de\/wp-json\/wp\/v2\/pages\/5105\/revisions"}],"predecessor-version":[{"id":7286,"href":"https:\/\/philippines.business\/de\/wp-json\/wp\/v2\/pages\/5105\/revisions\/7286"}],"up":[{"embeddable":true,"href":"https:\/\/philippines.business\/de\/wp-json\/wp\/v2\/pages\/2017"}],"wp:attachment":[{"href":"https:\/\/philippines.business\/de\/wp-json\/wp\/v2\/media?parent=5105"}],"curies":[{"name":"wp","href":"https:\/\/api.w.org\/{rel}","templated":true}]}}