{"id":5099,"date":"2021-01-27T11:24:35","date_gmt":"2021-01-27T11:24:35","guid":{"rendered":"https:\/\/philippines.business\/branchen\/wasserkraft\/"},"modified":"2021-02-26T16:06:23","modified_gmt":"2021-02-26T16:06:23","slug":"wasserkraft","status":"publish","type":"page","link":"https:\/\/philippines.business\/de\/branchen\/wasserkraft\/","title":{"rendered":"Wasserkraft"},"content":{"rendered":"<p>[vc_row row_type=&#8220;row&#8220; use_row_as_full_screen_section=&#8220;no&#8220; type=&#8220;full_width&#8220; text_align=&#8220;center&#8220; background_image=&#8220;6783&#8243; background_animation=&#8220;none&#8220; padding_top=&#8220;0&#8243; padding_bottom=&#8220;0&#8243; css_animation=&#8220;&#8220; css=&#8220;.vc_custom_1614009039990{background-color: #1226aa !important;}&#8220; el_class=&#8220;COPYWHITE&#8220;][vc_column][vc_empty_space height=&#8220;100px&#8220;][vc_empty_space height=&#8220;100px&#8220; el_class=&#8220;mobile-hidden&#8220;][vc_column_text el_class=&#8220;controlled-h1&#8243;]<\/p>\n<h1>Wasserkraft<\/h1>\n<p>[\/vc_column_text][vc_empty_space height=&#8220;100px&#8220;][vc_empty_space height=&#8220;100px&#8220; el_class=&#8220;mobile-hidden&#8220;][\/vc_column][\/vc_row][vc_row row_type=&#8220;row&#8220; use_row_as_full_screen_section=&#8220;no&#8220; type=&#8220;grid&#8220; text_align=&#8220;left&#8220; background_animation=&#8220;none&#8220; padding_top=&#8220;80&#8243; padding_bottom=&#8220;80&#8243; css_animation=&#8220;&#8220;][vc_column width=&#8220;1\/2&#8243;][vc_column_text]<\/p>\n<h3>Steigende Nachfrage<\/h3>\n<p>[\/vc_column_text][vc_empty_space height=&#8220;20px&#8220;][vc_column_text]Ziel der Philippinen ist es, die Energieerzeugungskapazit\u00e4ten des Landes auszubauen, um der steigenden Nachfrage nach erneuerbaren Energien nachzukommen und der Wasserkraftindustrie neues Marktpotenzial zu er\u00f6ffnen. Die wachsende Zahl an Fertigungsunternehmen, die auf alternative Energiequellen setzen, bietet ausl\u00e4ndischen Unternehmen, die in unsere Wasserkraftindustrie investieren m\u00f6chten, ebenfalls neue M\u00f6glichkeiten.[\/vc_column_text][vc_empty_space height=&#8220;40px&#8220;][vc_column_text]<\/p>\n<h3>\u00d6ffentlich-private Partnerschaft<\/h3>\n<p>[\/vc_column_text][vc_empty_space height=&#8220;20px&#8220;][vc_column_text]Um strategische und langfristige Beziehungen zur Privatwirtschaft aufzubauen, haben wir Ma\u00dfnahmen entwickelt, um die Genehmigung von Wasserkraftprojekten, wie z. B. Laufwasserkraftwerke, zu liberalisieren und so mit unseren Wasserressourcen saubere alternative Energiequellen zu bieten.[\/vc_column_text][vc_empty_space height=&#8220;40px&#8220;][vc_column_text]<\/p>\n<h3>Gesch\u00e4ftsumfeld<\/h3>\n<p>[\/vc_column_text][vc_empty_space height=&#8220;20px&#8220;][vc_column_text]Die Philippinen bieten eine spannende und wachsende Wasserkraftlandschaft. Investoren ein unterst\u00fctzendes Gesch\u00e4ftsumfeld zu bieten, um die Energieversorgung der Philippinen mithilfe der Privatwirtschaft zu verbessern, hat f\u00fcr uns h\u00f6chste Priorit\u00e4t. Die Entwicklung gro\u00dfer Infrastrukturprojekte in unserem Land demonstriert eindr\u00fccklich, wie sehr das aktuelle Umfeld Investitionen f\u00f6rdern soll.[\/vc_column_text][vc_empty_space height=&#8220;20px&#8220;][\/vc_column][vc_column width=&#8220;1\/2&#8243;][vc_single_image image=&#8220;6773&#8243; img_size=&#8220;full&#8220; qode_css_animation=&#8220;&#8220;][\/vc_column][\/vc_row][vc_row row_type=&#8220;row&#8220; use_row_as_full_screen_section=&#8220;no&#8220; type=&#8220;grid&#8220; text_align=&#8220;center&#8220; background_animation=&#8220;none&#8220; padding_top=&#8220;80&#8243; padding_bottom=&#8220;40&#8243; css_animation=&#8220;&#8220; css=&#8220;.vc_custom_1591625660923{background-color: #1226AA !important;}&#8220; el_class=&#8220;COPYWHITE&#8220;][vc_column][vc_column_text]<\/p>\n<h2>Wichtige statistische Angaben<\/h2>\n<p>[\/vc_column_text][\/vc_column][\/vc_row][vc_row row_type=&#8220;row&#8220; use_row_as_full_screen_section=&#8220;no&#8220; type=&#8220;grid&#8220; text_align=&#8220;left&#8220; background_animation=&#8220;none&#8220; padding_top=&#8220;40&#8243; padding_bottom=&#8220;100&#8243; css_animation=&#8220;&#8220; css=&#8220;.vc_custom_1591628046818{background-color: #1226AA !important;}&#8220; el_class=&#8220;COPYWHITE&#8220;][vc_column width=&#8220;1\/4&#8243;]<div class='q_icon_with_title very_large normal_icon center'><div class=\"icon_holder q_icon_animation\" style=\" transition-delay: 100ms; -webkit-transition-delay: 100ms; -moz-transition-delay: 100ms; -o-transition-delay: 100ms;\"><div class=\"icon_holder_inner\"><span style=\"color: #ffffff;\" class=\"q_font_awsome_icon fa-5x \"><i class=\"icon_text_icon fa fa-lightbulb-o\"><\/i><\/span><\/div><\/div><div class=\"icon_text_holder\" style=\"\"><div class=\"icon_text_inner\" style=\"\"><h2 class=\"icon_title\" style=\"color: #ffffff\">10.500 MW<\/h2><p style=''>potenzielle Wasserkraftproduktion der Philippinen<\/p><\/div><\/div><\/div>[\/vc_column][vc_column width=&#8220;1\/4&#8243;]<div class='q_icon_with_title very_large normal_icon center'><div class=\"icon_holder q_icon_animation\" style=\" transition-delay: 200ms; -webkit-transition-delay: 200ms; -moz-transition-delay: 200ms; -o-transition-delay: 200ms;\"><div class=\"icon_holder_inner\"><span style=\"color: #ffffff;\" class=\"q_font_awsome_icon fa-5x \"><i class=\"icon_text_icon fa fa-map\"><\/i><\/span><\/div><\/div><div class=\"icon_text_holder\" style=\"\"><div class=\"icon_text_inner\" style=\"\"><h2 class=\"icon_title\" style=\"color: #ffffff\">\u00dcber 474<\/h2><p style=''>vergebene Wasserkraftprojekte im gesamten Land<\/p><\/div><\/div><\/div>[\/vc_column][vc_column width=&#8220;1\/4&#8243;]<div class='q_icon_with_title very_large normal_icon center'><div class=\"icon_holder q_icon_animation\" style=\" transition-delay: 300ms; -webkit-transition-delay: 300ms; -moz-transition-delay: 300ms; -o-transition-delay: 300ms;\"><div class=\"icon_holder_inner\"><span style=\"color: #ffffff;\" class=\"q_font_awsome_icon fa-5x \"><i class=\"icon_text_icon fa fa-link\"><\/i><\/span><\/div><\/div><div class=\"icon_text_holder\" style=\"\"><div class=\"icon_text_inner\" style=\"\"><h2 class=\"icon_title\" style=\"color: #ffffff\">3.000 MW<\/h2><p style=''>Versorgung mit Wasserkraft von an das Netz angeschlossenen und nicht an das Netz angeschlossenen Regionen<\/p><\/div><\/div><\/div>[\/vc_column][vc_column width=&#8220;1\/4&#8243;]<div class='q_icon_with_title very_large normal_icon center'><div class=\"icon_holder q_icon_animation\" style=\" transition-delay: 400ms; -webkit-transition-delay: 400ms; -moz-transition-delay: 400ms; -o-transition-delay: 400ms;\"><div class=\"icon_holder_inner\"><span style=\"color: #ffffff;\" class=\"q_font_awsome_icon fa-5x \"><i class=\"icon_text_icon fa fa-money\"><\/i><\/span><\/div><\/div><div class=\"icon_text_holder\" style=\"\"><div class=\"icon_text_inner\" style=\"\"><h2 class=\"icon_title\" style=\"color: #ffffff\">2 Mio. US-Dollar pro MW<\/h2><p style=''>durchschnittliche Investitionskosten beim Aufbau eines Wasserkraftunternehmens in den Philippinen<\/p><\/div><\/div><\/div>[\/vc_column][\/vc_row][vc_row row_type=&#8220;row&#8220; use_row_as_full_screen_section=&#8220;no&#8220; type=&#8220;grid&#8220; text_align=&#8220;left&#8220; background_animation=&#8220;none&#8220; padding_top=&#8220;60&#8243; padding_bottom=&#8220;60&#8243; css_animation=&#8220;&#8220;][vc_column width=&#8220;1\/3&#8243;][\/vc_column][vc_column width=&#8220;2\/3&#8243;][vc_column_text]<\/p>\n<h3>\u00dcberblick Wasserkraftindustrie<\/h3>\n<p>[\/vc_column_text][vc_empty_space height=&#8220;20px&#8220;][vc_column_text]Die geografischen Eigenschaften der Philippinen, wie zahlreiche im Hochland entspringende Fl\u00fcsse und Str\u00f6me, bergen ein hohes Potenzial f\u00fcr die Stromgewinnung aus Wasserressourcen. Als Archipelstaat bietet das Land viele potenzielle Standorte f\u00fcr Wasserkraftprojekte, die gleichm\u00e4\u00dfig in allen Regionen verteilt werden k\u00f6nnen.<\/p>\n<p>Dank der ausgezeichneten Lage in unserem Wirtschaftsraum bieten wir betriebsbereite Unternehmensstandorte mit attraktiven Vorteilen, darunter:<\/p>\n<ul>\n<li>Mehrj\u00e4hrige Befreiung von der Ertragssteuer<\/li>\n<li>Reduzierter Steuersatz auf den Bruttoertrag<\/li>\n<li>0 % Zoll auf die Einfuhr von Produktionsausr\u00fcstung<\/li>\n<li>Steuerfreibetr\u00e4ge f\u00fcr die Einfuhr von Rohstoffen und Betriebsmitteln<\/li>\n<li>Keine Umsatzsteuer auf Exporte<\/li>\n<\/ul>\n<p>Zu den gro\u00dfen und wichtigen Akteuren der Branche, die bereits auf den Philippinen t\u00e4tig sind, z\u00e4hlen:<\/p>\n<ul>\n<li>Aboitiz Power<\/li>\n<li>FirstGen Hydro Power<\/li>\n<li>San Roque Power<\/li>\n<\/ul>\n<p>[\/vc_column_text][\/vc_column][\/vc_row][vc_row row_type=&#8220;row&#8220; use_row_as_full_screen_section=&#8220;no&#8220; type=&#8220;full_width&#8220; text_align=&#8220;center&#8220; background_animation=&#8220;none&#8220; padding_top=&#8220;160&#8243; padding_bottom=&#8220;160&#8243; css_animation=&#8220;&#8220;][vc_column][vc_column_text]<\/p>\n<div class=\"wpb_text_column wpb_content_element \">\n<div class=\"wpb_wrapper\">\n<h2>Sie m\u00f6chten \u00fcber Ihr Vorhaben sprechen?<\/h2>\n<\/div>\n<\/div>\n<p>[\/vc_column_text][vc_empty_space height=&#8220;40px&#8220;][vc_column_text]<\/p>\n<div class=\"wpb_text_column wpb_content_element \">\n<div class=\"wpb_wrapper\">\n<h4 class=\"p1\">Fordern Sie noch heute eine kostenlose Beratung durch einen unserer Investmentspezialisten an.<\/h4>\n<\/div>\n<\/div>\n<p>[\/vc_column_text][vc_empty_space height=&#8220;40px&#8220;]<a href=\"\/de\/kontakt\/\" target=\"_self\"  class=\"qbutton  large\" style=\"\">Kontaktieren Sie uns<\/a>[\/vc_column][\/vc_row]<\/p>\n","protected":false},"excerpt":{"rendered":"<p>[vc_row row_type=&#8220;row&#8220; use_row_as_full_screen_section=&#8220;no&#8220; type=&#8220;full_width&#8220; text_align=&#8220;center&#8220; background_image=&#8220;6783&#8243; background_animation=&#8220;none&#8220; padding_top=&#8220;0&#8243; padding_bottom=&#8220;0&#8243; css_animation=&#8220;&#8220; css=&#8220;.vc_custom_1614009039990{background-color: #1226aa !important;}&#8220; el_class=&#8220;COPYWHITE&#8220;][vc_column][vc_empty_space height=&#8220;100px&#8220;][vc_empty_space height=&#8220;100px&#8220; el_class=&#8220;mobile-hidden&#8220;][vc_column_text el_class=&#8220;controlled-h1&#8243;] Wasserkraft [\/vc_column_text][vc_empty_space height=&#8220;100px&#8220;][vc_empty_space height=&#8220;100px&#8220; el_class=&#8220;mobile-hidden&#8220;][\/vc_column][\/vc_row][vc_row row_type=&#8220;row&#8220; use_row_as_full_screen_section=&#8220;no&#8220; type=&#8220;grid&#8220; text_align=&#8220;left&#8220; background_animation=&#8220;none&#8220; padding_top=&#8220;80&#8243; padding_bottom=&#8220;80&#8243; css_animation=&#8220;&#8220;][vc_column width=&#8220;1\/2&#8243;][vc_column_text] Steigende Nachfrage [\/vc_column_text][vc_empty_space height=&#8220;20px&#8220;][vc_column_text]Ziel der Philippinen ist es, die Energieerzeugungskapazit\u00e4ten des Landes auszubauen,&#8230;<\/p>\n","protected":false},"author":1,"featured_media":0,"parent":2017,"menu_order":0,"comment_status":"closed","ping_status":"closed","template":"full_width.php","meta":{"footnotes":""},"class_list":["post-5099","page","type-page","status-publish","hentry"],"_links":{"self":[{"href":"https:\/\/philippines.business\/de\/wp-json\/wp\/v2\/pages\/5099","targetHints":{"allow":["GET"]}}],"collection":[{"href":"https:\/\/philippines.business\/de\/wp-json\/wp\/v2\/pages"}],"about":[{"href":"https:\/\/philippines.business\/de\/wp-json\/wp\/v2\/types\/page"}],"author":[{"embeddable":true,"href":"https:\/\/philippines.business\/de\/wp-json\/wp\/v2\/users\/1"}],"replies":[{"embeddable":true,"href":"https:\/\/philippines.business\/de\/wp-json\/wp\/v2\/comments?post=5099"}],"version-history":[{"count":9,"href":"https:\/\/philippines.business\/de\/wp-json\/wp\/v2\/pages\/5099\/revisions"}],"predecessor-version":[{"id":7665,"href":"https:\/\/philippines.business\/de\/wp-json\/wp\/v2\/pages\/5099\/revisions\/7665"}],"up":[{"embeddable":true,"href":"https:\/\/philippines.business\/de\/wp-json\/wp\/v2\/pages\/2017"}],"wp:attachment":[{"href":"https:\/\/philippines.business\/de\/wp-json\/wp\/v2\/media?parent=5099"}],"curies":[{"name":"wp","href":"https:\/\/api.w.org\/{rel}","templated":true}]}}