{"id":5097,"date":"2021-01-27T11:24:23","date_gmt":"2021-01-27T11:24:23","guid":{"rendered":"https:\/\/philippines.business\/branchen\/persoenliche-schutzausruestung-psa\/"},"modified":"2021-02-23T14:53:26","modified_gmt":"2021-02-23T14:53:26","slug":"persoenliche-schutzausruestung-psa","status":"publish","type":"page","link":"https:\/\/philippines.business\/de\/branchen\/persoenliche-schutzausruestung-psa\/","title":{"rendered":"Pers\u00f6nliche Schutzausr\u00fcstung (PSA)"},"content":{"rendered":"<p>[vc_row row_type=&#8220;row&#8220; use_row_as_full_screen_section=&#8220;no&#8220; type=&#8220;full_width&#8220; text_align=&#8220;center&#8220; background_image=&#8220;6944&#8243; background_animation=&#8220;none&#8220; padding_top=&#8220;0&#8243; padding_bottom=&#8220;0&#8243; css_animation=&#8220;&#8220; css=&#8220;.vc_custom_1614014967203{background-color: #1226aa !important;}&#8220; el_class=&#8220;COPYWHITE&#8220;][vc_column][vc_empty_space height=&#8220;100px&#8220;][vc_empty_space height=&#8220;100px&#8220; el_class=&#8220;mobile-hidden&#8220;][vc_column_text el_class=&#8220;controlled-h1&#8243;]<\/p>\n<h1><span style=\"font-style: normal;\">Pers\u00f6nliche Schutzausr\u00fcstung (PSA)<\/span><\/h1>\n<p>[\/vc_column_text][vc_empty_space height=&#8220;100px&#8220;][vc_empty_space height=&#8220;100px&#8220; el_class=&#8220;mobile-hidden&#8220;][\/vc_column][\/vc_row][vc_row row_type=&#8220;row&#8220; use_row_as_full_screen_section=&#8220;no&#8220; type=&#8220;grid&#8220; text_align=&#8220;left&#8220; background_animation=&#8220;none&#8220; padding_top=&#8220;80&#8243; padding_bottom=&#8220;80&#8243; css_animation=&#8220;&#8220;][vc_column width=&#8220;1\/2&#8243;][vc_column_text]<\/p>\n<h3><span style=\"font-style: normal;\">Unterst\u00fctzung von Unternehmen<\/span><\/h3>\n<p>[\/vc_column_text][vc_empty_space height=&#8220;20px&#8220;][vc_column_text]Als Antwort auf die COVID-19-Pandemie haben wir Regierungsprogramme entwickelt, um Unternehmen mittels finanzieller Hilfe und anderer finanzieller sowie nicht-finanzieller Anreize bei ihren Neuausrichtungsbestrebungen zu unterst\u00fctzen.<\/p>\n<p>Die philippinische Regierung hat die Ausfuhr von COVID-19-kritischen Produkten, wie pers\u00f6nlicher Schutzausr\u00fcstung, in keiner Weise beschr\u00e4nkt, sodass Unternehmen sowohl den nationalen Markt als auch den internationalen Markt bedienen k\u00f6nnen. Dar\u00fcber hinaus hat die Regierung zusammen mit dem Entwicklungsprogramm der Vereinten Nationen und anderen relevanten Interessengruppen eine Plattform ins Leben gerufen, die Zulieferer von PSA-Materialien, Produzenten, Verbraucher und Bezugsberechtigte zusammenbringt, um Nachfrage und Bedarf im Land besser steuern und bedienen zu k\u00f6nnen.[\/vc_column_text][vc_empty_space height=&#8220;40px&#8220;][vc_column_text]<\/p>\n<h3>Forschung und Entwicklung<\/h3>\n<p>[\/vc_column_text][vc_empty_space height=&#8220;20px&#8220;][vc_column_text]Da wir uns der Design- und Innovationsforschung verschrieben haben, f\u00f6rdern wir Investitionen in die Materialentwicklung, die uns dabei helfen, sektorspezifische Forschung zu langlebigen und einheimischen Materialien, die wichtig f\u00fcr die PSA-Produktion sind, durchzuf\u00fchren.[\/vc_column_text][vc_empty_space height=&#8220;40px&#8220;][vc_column_text]<\/p>\n<h3><span style=\"font-style: normal;\">Etablierte Branche<\/span><\/h3>\n<p>[\/vc_column_text][vc_empty_space height=&#8220;20px&#8220;][vc_column_text]Mit \u00fcber 1 Mrd. US-Dollar an Exporten j\u00e4hrlich ist unsere Textil- und Bekleidungsindustrie eine der am besten etablierten Branchen, und das schon seit den 1950er-Jahren. Auch wenn sie in einer Gesundheitskrise eine kritische Branche ist, wird die Textil- und Bekleidungsindustrie nach der COVID-19-Pandemie durch die steigende Nachfrage und die ver\u00e4nderte wirtschaftliche Landschaft wieder florieren.<\/p>\n<p>Die Philippinen bieten sich als Produktionszentrum f\u00fcr pers\u00f6nliche Schutzausr\u00fcstung an, da sie \u00fcber einen gro\u00dfen Pool an hoch qualifizierten Arbeitskr\u00e4ften verf\u00fcgen und einen bevorzugten Marktzugang zu wichtigen M\u00e4rkten wie der EU, Japan, China, Korea und ASEAN haben.<\/p>\n<p>Der Erfolg der nationalen Neuausrichtungsbestrebungen demonstriert eindr\u00fccklich die F\u00e4higkeit der philippinischen Industrie, sich an ver\u00e4nderte Gesch\u00e4ftsumfelder anzupassen. Verankert ist diese F\u00e4higkeit in der wachsenden Industriebasis des Landes und dem Talent der Philippiner, sich ein gr\u00f6\u00dferes \u00d6kosystem bzw. branchen\u00fcbergreifende Partnerschaften zunutze zu machen.[\/vc_column_text][vc_empty_space height=&#8220;20px&#8220;][\/vc_column][vc_column width=&#8220;1\/2&#8243;][vc_single_image image=&#8220;6934&#8243; img_size=&#8220;full&#8220; qode_css_animation=&#8220;&#8220;][\/vc_column][\/vc_row][vc_row row_type=&#8220;row&#8220; use_row_as_full_screen_section=&#8220;no&#8220; type=&#8220;grid&#8220; text_align=&#8220;center&#8220; background_animation=&#8220;none&#8220; padding_top=&#8220;80&#8243; padding_bottom=&#8220;40&#8243; css_animation=&#8220;&#8220; css=&#8220;.vc_custom_1591625660923{background-color: #1226AA !important;}&#8220; el_class=&#8220;COPYWHITE&#8220;][vc_column][vc_column_text]<\/p>\n<h2>Wichtige statistische Angaben<\/h2>\n<p>[\/vc_column_text][\/vc_column][\/vc_row][vc_row row_type=&#8220;row&#8220; use_row_as_full_screen_section=&#8220;no&#8220; type=&#8220;grid&#8220; text_align=&#8220;left&#8220; background_animation=&#8220;none&#8220; padding_top=&#8220;40&#8243; padding_bottom=&#8220;100&#8243; css_animation=&#8220;&#8220; css=&#8220;.vc_custom_1591628046818{background-color: #1226AA !important;}&#8220; el_class=&#8220;COPYWHITE&#8220;][vc_column width=&#8220;1\/4&#8243;]<div class='q_icon_with_title very_large normal_icon center'><div class=\"icon_holder q_icon_animation\" style=\" transition-delay: 100ms; -webkit-transition-delay: 100ms; -moz-transition-delay: 100ms; -o-transition-delay: 100ms;\"><div class=\"icon_holder_inner\"><span style=\"color: #ffffff;\" class=\"q_font_awsome_icon fa-5x \"><i class=\"icon_text_icon fa fa-gears\"><\/i><\/span><\/div><\/div><div class=\"icon_text_holder\" style=\"\"><div class=\"icon_text_inner\" style=\"\"><h2 class=\"icon_title\" style=\"color: #ffffff\">\u00dcber 60 Mio.<\/h2><p style=''>produzierte medizinische Mund-Nase-Masken pro Monat<\/p><\/div><\/div><\/div>[\/vc_column][vc_column width=&#8220;1\/4&#8243;]<div class='q_icon_with_title very_large normal_icon center'><div class=\"icon_holder q_icon_animation\" style=\" transition-delay: 200ms; -webkit-transition-delay: 200ms; -moz-transition-delay: 200ms; -o-transition-delay: 200ms;\"><div class=\"icon_holder_inner\"><span style=\"color: #ffffff;\" class=\"q_font_awsome_icon fa-5x \"><i class=\"icon_text_icon fa fa-line-chart\"><\/i><\/span><\/div><\/div><div class=\"icon_text_holder\" style=\"\"><div class=\"icon_text_inner\" style=\"\"><h2 class=\"icon_title\" style=\"color: #ffffff\">\u00dcber 3 Mio.<\/h2><p style=''>produzierte medizinische Schutzanz\u00fcge pro Monat<\/p><\/div><\/div><\/div>[\/vc_column][vc_column width=&#8220;1\/4&#8243;]<div class='q_icon_with_title very_large normal_icon center'><div class=\"icon_holder q_icon_animation\" style=\" transition-delay: 300ms; -webkit-transition-delay: 300ms; -moz-transition-delay: 300ms; -o-transition-delay: 300ms;\"><div class=\"icon_holder_inner\"><span style=\"color: #ffffff;\" class=\"q_font_awsome_icon fa-5x \"><i class=\"icon_text_icon fa fa-gears\"><\/i><\/span><\/div><\/div><div class=\"icon_text_holder\" style=\"\"><div class=\"icon_text_inner\" style=\"\"><h2 class=\"icon_title\" style=\"color: #ffffff\">\u00dcber 14.000<\/h2><p style=''>produzierte Gesichtsvisiere pro Monat<\/p><\/div><\/div><\/div>[\/vc_column][vc_column width=&#8220;1\/4&#8243;]<div class='q_icon_with_title very_large normal_icon center'><div class=\"icon_holder q_icon_animation\" style=\" transition-delay: 400ms; -webkit-transition-delay: 400ms; -moz-transition-delay: 400ms; -o-transition-delay: 400ms;\"><div class=\"icon_holder_inner\"><span style=\"color: #ffffff;\" class=\"q_font_awsome_icon fa-5x \"><i class=\"icon_text_icon fa fa-users\"><\/i><\/span><\/div><\/div><div class=\"icon_text_holder\" style=\"\"><div class=\"icon_text_inner\" style=\"\"><h2 class=\"icon_title\" style=\"color: #ffffff\">\u00dcber 510.000<\/h2><p style=''>hoch qualifizierte Arbeitskr\u00e4fte, die PSA-Artikel unter temporeichen Arbeitsbedingungen fertigen k\u00f6nnen<\/p><\/div><\/div><\/div>[\/vc_column][\/vc_row][vc_row row_type=&#8220;row&#8220; use_row_as_full_screen_section=&#8220;no&#8220; type=&#8220;grid&#8220; text_align=&#8220;left&#8220; background_animation=&#8220;none&#8220; padding_top=&#8220;60&#8243; padding_bottom=&#8220;60&#8243; css_animation=&#8220;&#8220;][vc_column width=&#8220;1\/3&#8243;][\/vc_column][vc_column width=&#8220;2\/3&#8243;][vc_column_text]<\/p>\n<h3>\u00dcberblick PSA-Branche<\/h3>\n<p>[\/vc_column_text][vc_empty_space height=&#8220;20px&#8220;][vc_column_text]Laut der Weltgesundheitsorganisation (WHO) geh\u00f6rt die pers\u00f6nliche Schutzausr\u00fcstung (PSA) zu den wesentlichen Dingen, die eine \u00dcbertragung des Coronavirus vermeiden und die Gesundheitsrisiken durch COVID-19 minimieren k\u00f6nnen. Zu der pers\u00f6nlichen Schutzausr\u00fcstung z\u00e4hlen die WHO Gesichtsvisiere, Mund-Nase-Masken, Handschuhe, Kittel, Schutzanz\u00fcge und Schutzbrillen. In den Philippinen wurden bereits vor Ausbruch der Pandemie medizinische Mund-Nase-Masken produziert. Aufgrund der extrem hohen Nachfrage und der Unterbrechungen in den Lieferketten kam es in vielen L\u00e4ndern, auch in den Philippinen, zu Engp\u00e4ssen bei der Versorgung mit PSA-Artikeln und den daf\u00fcr ben\u00f6tigten Rohstoffen.<\/p>\n<p>Um den Bedarf des nationalen Gesundheitssystems zu decken und dem globalen Mangel an kritischen Artikeln zu begegnen, hat die philippinische Regierung einheimische Industrien dazu ermutigt und dabei unterst\u00fctzt, ihre Produktionslinien neu auszurichten, um mithilfe bestehender und nicht genutzter Produktionskapazit\u00e4ten eine schnelle L\u00f6sung bieten zu k\u00f6nnen. Beispiele von Produktionsst\u00e4tten, die f\u00fcr die PSA-Produktion neu genutzt werden k\u00f6nnen, umfassen unter anderem Textil- und Bekleidungsfabriken, Garnspinnereien und Montageanlagen aus der Elektronikfertigung.<\/p>\n<p>Zu den zwei bestehenden Herstellern von medizinischer Schutzausr\u00fcstung im Land sind mittlerweile 40 einheimische und ausl\u00e4ndische Unternehmen hinzugekommen, die ihre Produktionslinien neu ausgerichtet haben, um PSA-Artikel herzustellen.<\/p>\n<p>Zu den Unternehmen, die in den Philippinen t\u00e4tig sind, z\u00e4hlen unter anderem:<\/p>\n<ul>\n<li>MedTecs<\/li>\n<li>Yokoisada<\/li>\n<li>EMS<\/li>\n<li>Reliance Producers Cooperative<\/li>\n<li>Distinctive Blinds and Office Supplies<\/li>\n<\/ul>\n<p>[\/vc_column_text][\/vc_column][\/vc_row][vc_row row_type=&#8220;row&#8220; use_row_as_full_screen_section=&#8220;no&#8220; type=&#8220;full_width&#8220; text_align=&#8220;center&#8220; background_animation=&#8220;none&#8220; padding_top=&#8220;160&#8243; padding_bottom=&#8220;160&#8243; css_animation=&#8220;&#8220;][vc_column][vc_column_text]<\/p>\n<div class=\"wpb_text_column wpb_content_element \">\n<div class=\"wpb_wrapper\">\n<h2>Sie m\u00f6chten \u00fcber Ihr Vorhaben sprechen?<\/h2>\n<\/div>\n<\/div>\n<p>[\/vc_column_text][vc_empty_space height=&#8220;40px&#8220;][vc_column_text]<\/p>\n<div class=\"wpb_text_column wpb_content_element \">\n<div class=\"wpb_wrapper\">\n<h4 class=\"p1\">Fordern Sie noch heute eine kostenlose Beratung durch einen unserer Investmentspezialisten an.<\/h4>\n<\/div>\n<\/div>\n<p>[\/vc_column_text][vc_empty_space height=&#8220;40px&#8220;]<a href=\"\/de\/kontakt\/\" target=\"_self\"  class=\"qbutton  large\" style=\"\">Kontaktieren Sie uns<\/a>[\/vc_column][\/vc_row]<\/p>\n","protected":false},"excerpt":{"rendered":"<p>[vc_row row_type=&#8220;row&#8220; use_row_as_full_screen_section=&#8220;no&#8220; type=&#8220;full_width&#8220; text_align=&#8220;center&#8220; background_image=&#8220;6944&#8243; background_animation=&#8220;none&#8220; padding_top=&#8220;0&#8243; padding_bottom=&#8220;0&#8243; css_animation=&#8220;&#8220; css=&#8220;.vc_custom_1614014967203{background-color: #1226aa !important;}&#8220; el_class=&#8220;COPYWHITE&#8220;][vc_column][vc_empty_space height=&#8220;100px&#8220;][vc_empty_space height=&#8220;100px&#8220; el_class=&#8220;mobile-hidden&#8220;][vc_column_text el_class=&#8220;controlled-h1&#8243;] Pers\u00f6nliche Schutzausr\u00fcstung (PSA) [\/vc_column_text][vc_empty_space height=&#8220;100px&#8220;][vc_empty_space height=&#8220;100px&#8220; el_class=&#8220;mobile-hidden&#8220;][\/vc_column][\/vc_row][vc_row row_type=&#8220;row&#8220; use_row_as_full_screen_section=&#8220;no&#8220; type=&#8220;grid&#8220; text_align=&#8220;left&#8220; background_animation=&#8220;none&#8220; padding_top=&#8220;80&#8243; padding_bottom=&#8220;80&#8243; css_animation=&#8220;&#8220;][vc_column width=&#8220;1\/2&#8243;][vc_column_text] Unterst\u00fctzung von Unternehmen [\/vc_column_text][vc_empty_space height=&#8220;20px&#8220;][vc_column_text]Als Antwort auf die COVID-19-Pandemie haben wir&#8230;<\/p>\n","protected":false},"author":1,"featured_media":0,"parent":2017,"menu_order":0,"comment_status":"closed","ping_status":"closed","template":"full_width.php","meta":{"footnotes":""},"class_list":["post-5097","page","type-page","status-publish","hentry"],"_links":{"self":[{"href":"https:\/\/philippines.business\/de\/wp-json\/wp\/v2\/pages\/5097","targetHints":{"allow":["GET"]}}],"collection":[{"href":"https:\/\/philippines.business\/de\/wp-json\/wp\/v2\/pages"}],"about":[{"href":"https:\/\/philippines.business\/de\/wp-json\/wp\/v2\/types\/page"}],"author":[{"embeddable":true,"href":"https:\/\/philippines.business\/de\/wp-json\/wp\/v2\/users\/1"}],"replies":[{"embeddable":true,"href":"https:\/\/philippines.business\/de\/wp-json\/wp\/v2\/comments?post=5097"}],"version-history":[{"count":4,"href":"https:\/\/philippines.business\/de\/wp-json\/wp\/v2\/pages\/5097\/revisions"}],"predecessor-version":[{"id":7293,"href":"https:\/\/philippines.business\/de\/wp-json\/wp\/v2\/pages\/5097\/revisions\/7293"}],"up":[{"embeddable":true,"href":"https:\/\/philippines.business\/de\/wp-json\/wp\/v2\/pages\/2017"}],"wp:attachment":[{"href":"https:\/\/philippines.business\/de\/wp-json\/wp\/v2\/media?parent=5097"}],"curies":[{"name":"wp","href":"https:\/\/api.w.org\/{rel}","templated":true}]}}