{"id":5095,"date":"2021-01-27T11:24:18","date_gmt":"2021-01-27T11:24:18","guid":{"rendered":"https:\/\/philippines.business\/branchen\/meeresenergie\/"},"modified":"2021-02-23T14:52:31","modified_gmt":"2021-02-23T14:52:31","slug":"meeresenergie","status":"publish","type":"page","link":"https:\/\/philippines.business\/de\/branchen\/meeresenergie\/","title":{"rendered":"Meeresenergie"},"content":{"rendered":"<p>[vc_row row_type=&#8220;row&#8220; use_row_as_full_screen_section=&#8220;no&#8220; type=&#8220;full_width&#8220; text_align=&#8220;center&#8220; background_image=&#8220;6913&#8243; background_animation=&#8220;none&#8220; padding_top=&#8220;0&#8243; padding_bottom=&#8220;0&#8243; css_animation=&#8220;&#8220; css=&#8220;.vc_custom_1614013530089{background-color: #1226aa !important;}&#8220; el_class=&#8220;COPYWHITE&#8220;][vc_column][vc_empty_space height=&#8220;100px&#8220;][vc_empty_space height=&#8220;100px&#8220; el_class=&#8220;mobile-hidden&#8220;][vc_column_text el_class=&#8220;controlled-h1&#8243;]<\/p>\n<h1>Meeresenergie<\/h1>\n<p>[\/vc_column_text][vc_empty_space height=&#8220;100px&#8220;][vc_empty_space height=&#8220;100px&#8220; el_class=&#8220;mobile-hidden&#8220;][\/vc_column][\/vc_row][vc_row row_type=&#8220;row&#8220; use_row_as_full_screen_section=&#8220;no&#8220; type=&#8220;grid&#8220; text_align=&#8220;left&#8220; background_animation=&#8220;none&#8220; padding_top=&#8220;80&#8243; padding_bottom=&#8220;80&#8243; css_animation=&#8220;&#8220;][vc_column width=&#8220;1\/2&#8243;][vc_column_text]<\/p>\n<h3>Erstklassiger Standort<\/h3>\n<p>[\/vc_column_text][vc_empty_space height=&#8220;20px&#8220;][vc_column_text]Die Philippinen verf\u00fcgen \u00fcber ein gro\u00dfes Meeresenergiepotenzial, das nur darauf wartet, vollst\u00e4ndig erschlossen zu werden. Das Energieministerium des Landes hat vielversprechende Standorte identifiziert, die von interessierten Investoren entwickelt werden k\u00f6nnen, um mithilfe von Meeresenergieressourcen dringend ben\u00f6tigte zus\u00e4tzliche Stromkapazit\u00e4ten zu produzieren.<\/p>\n<p>Zu den wichtigsten Standorten f\u00fcr Meeresw\u00e4rmeenergie z\u00e4hlen unter anderem: San Vicente, Ilocos Sur; Agno, Pangasinan; Palauig, Zambales; Mananao, Mindoro; San Jose, Antique; Manukan, Misamis Occidental; Omosmarata, Basilan; Palaui Island, Cagayan; Dijohan Pt., Bulacan; Mascasco, Masbate; Insel Batag, Northern Samar; San Francisco, Surigao del Norte; Lamon Pt., Surigao del Sur und Lacaron, Davao del Sur.<\/p>\n<p>Zu den Standorten f\u00fcr Gezeitenenergie z\u00e4hlen: Hinatuan-Passage, Bohol\/Talibon-Meerenge, Surigao-Meerenge, Gaboc-Meerenge, Basiao Channel, San Bernardino-Meerenge, Basilan-Meerenge und San Juanico-Meerenge.<br \/>\n[\/vc_column_text][vc_empty_space height=&#8220;40px&#8220;][vc_column_text]<\/p>\n<h3>Erster Platz<\/h3>\n<p>[\/vc_column_text][vc_empty_space height=&#8220;20px&#8220;][vc_column_text]Die zahlreichen eingef\u00fchrten Ma\u00dfnahmen sowie die zunehmende Entwicklung und Umsetzung von Projekten im Bereich erneuerbare Energien haben entscheidend dazu beigetragen, dass die Philippinen im \u201eEnergy Trilemma Index\u201c des World Energy Council (WEC) unter 125 L\u00e4ndern in der Kategorie Umweltvertr\u00e4glichkeit den ersten Platz belegt haben. [\/vc_column_text][vc_empty_space height=&#8220;20px&#8220;][\/vc_column][vc_column width=&#8220;1\/2&#8243;][vc_single_image image=&#8220;6903&#8243; img_size=&#8220;full&#8220; qode_css_animation=&#8220;&#8220;][\/vc_column][\/vc_row][vc_row row_type=&#8220;row&#8220; use_row_as_full_screen_section=&#8220;no&#8220; type=&#8220;grid&#8220; text_align=&#8220;center&#8220; background_animation=&#8220;none&#8220; padding_top=&#8220;80&#8243; padding_bottom=&#8220;40&#8243; css_animation=&#8220;&#8220; css=&#8220;.vc_custom_1591625660923{background-color: #1226AA !important;}&#8220; el_class=&#8220;COPYWHITE&#8220;][vc_column][vc_column_text]<\/p>\n<h2>Wichtige statistische Angaben<\/h2>\n<p>[\/vc_column_text][\/vc_column][\/vc_row][vc_row row_type=&#8220;row&#8220; use_row_as_full_screen_section=&#8220;no&#8220; type=&#8220;grid&#8220; text_align=&#8220;left&#8220; background_animation=&#8220;none&#8220; padding_top=&#8220;40&#8243; padding_bottom=&#8220;100&#8243; css_animation=&#8220;&#8220; css=&#8220;.vc_custom_1591628046818{background-color: #1226AA !important;}&#8220; el_class=&#8220;COPYWHITE&#8220;][vc_column width=&#8220;1\/4&#8243;]<div class='q_icon_with_title very_large normal_icon center'><div class=\"icon_holder q_icon_animation\" style=\" transition-delay: 100ms; -webkit-transition-delay: 100ms; -moz-transition-delay: 100ms; -o-transition-delay: 100ms;\"><div class=\"icon_holder_inner\"><span style=\"color: #ffffff;\" class=\"q_font_awsome_icon fa-5x \"><i class=\"icon_text_icon fa fa-gears\"><\/i><\/span><\/div><\/div><div class=\"icon_text_holder\" style=\"\"><div class=\"icon_text_inner\" style=\"\"><h2 class=\"icon_title\" style=\"color: #ffffff\">7<\/h2><p style=''>Erneuerbare-Energien-Projekte<\/p><\/div><\/div><\/div>[\/vc_column][vc_column width=&#8220;1\/4&#8243;]<div class='q_icon_with_title very_large normal_icon center'><div class=\"icon_holder q_icon_animation\" style=\" transition-delay: 200ms; -webkit-transition-delay: 200ms; -moz-transition-delay: 200ms; -o-transition-delay: 200ms;\"><div class=\"icon_holder_inner\"><span style=\"color: #ffffff;\" class=\"q_font_awsome_icon fa-5x \"><i class=\"icon_text_icon fa fa-lightbulb-o\"><\/i><\/span><\/div><\/div><div class=\"icon_text_holder\" style=\"\"><div class=\"icon_text_inner\" style=\"\"><h2 class=\"icon_title\" style=\"color: #ffffff\">170.000 MW<\/h2><p style=''>potenzielle Kapazit\u00e4t<\/p><\/div><\/div><\/div>[\/vc_column][vc_column width=&#8220;1\/4&#8243;]<div class='q_icon_with_title very_large normal_icon center'><div class=\"icon_holder q_icon_animation\" style=\" transition-delay: 300ms; -webkit-transition-delay: 300ms; -moz-transition-delay: 300ms; -o-transition-delay: 300ms;\"><div class=\"icon_holder_inner\"><span style=\"color: #ffffff;\" class=\"q_font_awsome_icon fa-5x \"><i class=\"icon_text_icon fa fa-money\"><\/i><\/span><\/div><\/div><div class=\"icon_text_holder\" style=\"\"><div class=\"icon_text_inner\" style=\"\"><h2 class=\"icon_title\" style=\"color: #ffffff\">2 Mio. US-Dollar<\/h2><p style=''>Investition<\/p><\/div><\/div><\/div>[\/vc_column][vc_column width=&#8220;1\/4&#8243;]<div class='q_icon_with_title very_large normal_icon center'><div class=\"icon_holder q_icon_animation\" style=\" transition-delay: 400ms; -webkit-transition-delay: 400ms; -moz-transition-delay: 400ms; -o-transition-delay: 400ms;\"><div class=\"icon_holder_inner\"><span style=\"color: #ffffff;\" class=\"q_font_awsome_icon fa-5x \"><i class=\"icon_text_icon fa fa-users\"><\/i><\/span><\/div><\/div><div class=\"icon_text_holder\" style=\"\"><div class=\"icon_text_inner\" style=\"\"><h2 class=\"icon_title\" style=\"color: #ffffff\">105<\/h2><p style=''>geschaffene Arbeitspl\u00e4tze<\/p><\/div><\/div><\/div>[\/vc_column][\/vc_row][vc_row row_type=&#8220;row&#8220; use_row_as_full_screen_section=&#8220;no&#8220; type=&#8220;grid&#8220; text_align=&#8220;left&#8220; background_animation=&#8220;none&#8220; padding_top=&#8220;60&#8243; padding_bottom=&#8220;60&#8243; css_animation=&#8220;&#8220;][vc_column width=&#8220;1\/3&#8243;][\/vc_column][vc_column width=&#8220;2\/3&#8243;][vc_column_text]<\/p>\n<h3>\u00dcberblick Meeresenergieindustrie<\/h3>\n<p>[\/vc_column_text][vc_empty_space height=&#8220;20px&#8220;][vc_column_text]Einer Studie der Mindanao State University (MSU) zufolge betr\u00e4gt die potenzielle theoretische Kapazit\u00e4t f\u00fcr Meeresenergie auf den Philippinen gesch\u00e4tzt 170.000 MW. Die \u201eGreen Energy Technologies\u201c Marktstudie der Philippinen, die vom EU Gateway Programme durchgef\u00fchrt wurde, unterstrich die theoretische Kapazit\u00e4t von 170 GW an gewonnenem Strom \u00fcber ein Meeresressourcengebiet von 1.000 km\u00b2 hinweg.<\/p>\n<p>Wichtige Projekte in der Entwicklung:<\/p>\n<ul>\n<li>Das Cabangan-Meeresw\u00e4rmekraftwerk in der Provinz Zambales in Luzon wird Erwartungen zufolge 2022 den kommerziellen Betrieb aufnehmen.<\/li>\n<li>Das franz\u00f6sische Unternehmen SABELLA SAS und das philippinische Unternehmen H&amp;WB Asia Pacific (Pte Ltd) Corp. entwickeln das erste Gezeitenkraftwerk in der Provinz Sorsogon. Oceantera ist ein Joint Venture zwischen OceanPixel aus Singapur und Aquatera aus Gro\u00dfbritannien.<\/li>\n<li>Das Energieministerium hat das \u201eNorthwest Capul Ocean Energy Project\u201c in Capul, Northern Samar, vergeben. Einheimische Unternehmen wie H&amp;WB Corporation, Poseidon Renewable Energy Corporation und Adnama Power Resources Corporation befinden sich gerade in der Vorentwicklungsphase neuer Meeresenergieprojekte.<\/li>\n<\/ul>\n<p>Der Staat bietet eingetragenen Unternehmen auch attraktive Anreize, darunter:<\/p>\n<ul>\n<li>Befreiung von der Ertragssteuer<\/li>\n<li>Zollfreiheit auf die Einfuhr von Maschinen und Materialien zur Gewinnung erneuerbarer Energien<\/li>\n<li>Null Prozent Umsatzsteuersatz<\/li>\n<\/ul>\n<p>[\/vc_column_text][\/vc_column][\/vc_row][vc_row row_type=&#8220;row&#8220; use_row_as_full_screen_section=&#8220;no&#8220; type=&#8220;full_width&#8220; text_align=&#8220;center&#8220; background_animation=&#8220;none&#8220; padding_top=&#8220;160&#8243; padding_bottom=&#8220;160&#8243; css_animation=&#8220;&#8220;][vc_column][vc_column_text]<\/p>\n<div class=\"wpb_text_column wpb_content_element \">\n<div class=\"wpb_wrapper\">\n<h2>Sie m\u00f6chten \u00fcber Ihr Vorhaben sprechen?<\/h2>\n<\/div>\n<\/div>\n<p>[\/vc_column_text][vc_empty_space height=&#8220;40px&#8220;][vc_column_text]<\/p>\n<div class=\"wpb_text_column wpb_content_element \">\n<div class=\"wpb_wrapper\">\n<h4 class=\"p1\">Fordern Sie noch heute eine kostenlose Beratung durch einen unserer Investmentspezialisten an.<\/h4>\n<\/div>\n<\/div>\n<p>[\/vc_column_text][vc_empty_space height=&#8220;40px&#8220;]<a href=\"\/de\/kontakt\/\" target=\"_self\"  class=\"qbutton  large\" style=\"\">Kontaktieren Sie uns<\/a>[\/vc_column][\/vc_row]<\/p>\n","protected":false},"excerpt":{"rendered":"<p>[vc_row row_type=&#8220;row&#8220; use_row_as_full_screen_section=&#8220;no&#8220; type=&#8220;full_width&#8220; text_align=&#8220;center&#8220; background_image=&#8220;6913&#8243; background_animation=&#8220;none&#8220; padding_top=&#8220;0&#8243; padding_bottom=&#8220;0&#8243; css_animation=&#8220;&#8220; css=&#8220;.vc_custom_1614013530089{background-color: #1226aa !important;}&#8220; el_class=&#8220;COPYWHITE&#8220;][vc_column][vc_empty_space height=&#8220;100px&#8220;][vc_empty_space height=&#8220;100px&#8220; el_class=&#8220;mobile-hidden&#8220;][vc_column_text el_class=&#8220;controlled-h1&#8243;] Meeresenergie [\/vc_column_text][vc_empty_space height=&#8220;100px&#8220;][vc_empty_space height=&#8220;100px&#8220; el_class=&#8220;mobile-hidden&#8220;][\/vc_column][\/vc_row][vc_row row_type=&#8220;row&#8220; use_row_as_full_screen_section=&#8220;no&#8220; type=&#8220;grid&#8220; text_align=&#8220;left&#8220; background_animation=&#8220;none&#8220; padding_top=&#8220;80&#8243; padding_bottom=&#8220;80&#8243; css_animation=&#8220;&#8220;][vc_column width=&#8220;1\/2&#8243;][vc_column_text] Erstklassiger Standort [\/vc_column_text][vc_empty_space height=&#8220;20px&#8220;][vc_column_text]Die Philippinen verf\u00fcgen \u00fcber ein gro\u00dfes Meeresenergiepotenzial, das nur darauf&#8230;<\/p>\n","protected":false},"author":1,"featured_media":0,"parent":2017,"menu_order":0,"comment_status":"closed","ping_status":"closed","template":"full_width.php","meta":{"footnotes":""},"class_list":["post-5095","page","type-page","status-publish","hentry"],"_links":{"self":[{"href":"https:\/\/philippines.business\/de\/wp-json\/wp\/v2\/pages\/5095","targetHints":{"allow":["GET"]}}],"collection":[{"href":"https:\/\/philippines.business\/de\/wp-json\/wp\/v2\/pages"}],"about":[{"href":"https:\/\/philippines.business\/de\/wp-json\/wp\/v2\/types\/page"}],"author":[{"embeddable":true,"href":"https:\/\/philippines.business\/de\/wp-json\/wp\/v2\/users\/1"}],"replies":[{"embeddable":true,"href":"https:\/\/philippines.business\/de\/wp-json\/wp\/v2\/comments?post=5095"}],"version-history":[{"count":4,"href":"https:\/\/philippines.business\/de\/wp-json\/wp\/v2\/pages\/5095\/revisions"}],"predecessor-version":[{"id":7292,"href":"https:\/\/philippines.business\/de\/wp-json\/wp\/v2\/pages\/5095\/revisions\/7292"}],"up":[{"embeddable":true,"href":"https:\/\/philippines.business\/de\/wp-json\/wp\/v2\/pages\/2017"}],"wp:attachment":[{"href":"https:\/\/philippines.business\/de\/wp-json\/wp\/v2\/media?parent=5095"}],"curies":[{"name":"wp","href":"https:\/\/api.w.org\/{rel}","templated":true}]}}