{"id":5089,"date":"2021-01-27T11:24:06","date_gmt":"2021-01-27T11:24:06","guid":{"rendered":"https:\/\/philippines.business\/branchen\/windkraft\/"},"modified":"2021-02-23T14:54:44","modified_gmt":"2021-02-23T14:54:44","slug":"windkraft","status":"publish","type":"page","link":"https:\/\/philippines.business\/de\/branchen\/windkraft\/","title":{"rendered":"Windkraft"},"content":{"rendered":"<p>[vc_row row_type=&#8220;row&#8220; use_row_as_full_screen_section=&#8220;no&#8220; type=&#8220;full_width&#8220; text_align=&#8220;center&#8220; background_image=&#8220;7247&#8243; background_animation=&#8220;none&#8220; padding_top=&#8220;0&#8243; padding_bottom=&#8220;0&#8243; css_animation=&#8220;&#8220; css=&#8220;.vc_custom_1614083851281{background-color: #1226aa !important;}&#8220; el_class=&#8220;COPYWHITE&#8220;][vc_column][vc_empty_space height=&#8220;100px&#8220;][vc_empty_space height=&#8220;100px&#8220; el_class=&#8220;mobile-hidden&#8220;][vc_column_text el_class=&#8220;controlled-h1&#8243;]<\/p>\n<h1>Windkraft<\/h1>\n<p>[\/vc_column_text][vc_empty_space height=&#8220;100px&#8220;][vc_empty_space height=&#8220;100px&#8220; el_class=&#8220;mobile-hidden&#8220;][\/vc_column][\/vc_row][vc_row row_type=&#8220;row&#8220; use_row_as_full_screen_section=&#8220;no&#8220; type=&#8220;grid&#8220; text_align=&#8220;left&#8220; background_animation=&#8220;none&#8220; padding_top=&#8220;80&#8243; padding_bottom=&#8220;80&#8243; css_animation=&#8220;&#8220;][vc_column width=&#8220;1\/2&#8243;][vc_column_text]<\/p>\n<h3>Erstklassiger Standort<\/h3>\n<p>[\/vc_column_text][vc_empty_space height=&#8220;20px&#8220;][vc_column_text]Die \u201eCompetitive Renewable Energy Zones\u201c (CREZ) er\u00f6ffnen der Privatwirtschaft neue Chancen und bauen Investitionsschranken ab, indem sie Unternehmen, die Getriebe f\u00fcr Windkraftanlagen entwickeln oder erneuerbare Energien erschlie\u00dfen, den Zugang zu den vielversprechendsten Gesch\u00e4ftsm\u00f6glichkeiten des Landes in diesem Bereich erm\u00f6glichen.<\/p>\n<p>Das CREZ-Verfahren ist ein von den Interessensgruppen verwalteter Planungsprozess, bei dem das Energieministerium der Philippinen den Vorsitz f\u00fchrt. Es wird finanziell von der US-amerikanischen Agency for International Development (USAID) unterst\u00fctzt und technisch vom US National Renewable Energy Laboratory (US NREL).<\/p>\n<p>Eine Studie des US NREL hat folgende Standorte identifiziert, die auf einer Fl\u00e4che von 10.000 km\u00b2 eine potenzielle Kapazit\u00e4t von 76.600 MW Strom aus Windkraft bieten:<\/p>\n<ul>\n<li>Batanes und die Babuyan-Inseln<\/li>\n<li>Nordwestliche Spitze von Luzon (Ilocos Norte)<\/li>\n<li>Innere H\u00f6henlagen von Luzon, Mindoro, Samar, Leyte, Panay, Negros, Cebu, Palawan, Ost-Mindanao und den angrenzenden Inseln<\/li>\n<li>Stark exponierte, nach Osten gerichtete k\u00fcstennahe Standorte von Nord-Luzon s\u00fcdw\u00e4rts bis Samar<\/li>\n<li>Die Windkorridore zwischen Luzon und Mindoro (einschlie\u00dflich der Insel Lubang)<\/li>\n<li>Die Windkorridore zwischen Mindoro und Panay (einschlie\u00dflich der Inseln Semirara und Cuyo).<\/li>\n<\/ul>\n<p>[\/vc_column_text][vc_empty_space height=&#8220;40px&#8220;][vc_column_text]<\/p>\n<h3>Staatliche Unterst\u00fctzung<\/h3>\n<p>[\/vc_column_text][vc_empty_space height=&#8220;20px&#8220;][vc_column_text]Die enormen Anstrengungen der philippinischen Regierung, die erneuerbaren Energien im Land zu f\u00f6rdern und weiterzuentwickeln, sind seit der Verabschiedung des Renewable Energy Act von 2008 stark vorangeschritten. Private Unternehmen, die neue Gebiete identifiziert haben, werden vom Staat bei der weiteren Untersuchung dieser Gebiete unterst\u00fctzt, um zu pr\u00fcfen, ob die Errichtung eines Windparks gew\u00e4hrleistet werden kann. Das Energieministerium ist davon \u00fcberzeugt, dass die Steigerung der Investitionen in kohlenstoffarme Quellen klimasch\u00e4dliche Treibhausgase beseitigen und so die \u00f6ffentliche Gesundheit f\u00f6rdern kann.<\/p>\n<p>Der Staat bietet eingetragenen Unternehmen attraktive Anreize, darunter:<\/p>\n<ul>\n<li>Befreiung von der Ertragssteuer<\/li>\n<li>Zollfreiheit auf die Einfuhr von Maschinen und Materialien zur Gewinnung erneuerbarer Energien<\/li>\n<li>Null Prozent Umsatzsteuersatz<\/li>\n<\/ul>\n<p>[\/vc_column_text][vc_empty_space height=&#8220;20px&#8220;][\/vc_column][vc_column width=&#8220;1\/2&#8243;][vc_single_image image=&#8220;7237&#8243; img_size=&#8220;full&#8220; qode_css_animation=&#8220;&#8220;][\/vc_column][\/vc_row][vc_row row_type=&#8220;row&#8220; use_row_as_full_screen_section=&#8220;no&#8220; type=&#8220;grid&#8220; text_align=&#8220;center&#8220; background_animation=&#8220;none&#8220; padding_top=&#8220;80&#8243; padding_bottom=&#8220;40&#8243; css_animation=&#8220;&#8220; css=&#8220;.vc_custom_1591625660923{background-color: #1226AA !important;}&#8220; el_class=&#8220;COPYWHITE&#8220;][vc_column][vc_column_text]<\/p>\n<h2>Wichtige statistische Angaben<\/h2>\n<p>[\/vc_column_text][\/vc_column][\/vc_row][vc_row row_type=&#8220;row&#8220; use_row_as_full_screen_section=&#8220;no&#8220; type=&#8220;grid&#8220; text_align=&#8220;left&#8220; background_animation=&#8220;none&#8220; padding_top=&#8220;40&#8243; padding_bottom=&#8220;100&#8243; css_animation=&#8220;&#8220; css=&#8220;.vc_custom_1591628046818{background-color: #1226AA !important;}&#8220; el_class=&#8220;COPYWHITE&#8220;][vc_column width=&#8220;1\/4&#8243;]<div class='q_icon_with_title very_large normal_icon center'><div class=\"icon_holder q_icon_animation\" style=\" transition-delay: 100ms; -webkit-transition-delay: 100ms; -moz-transition-delay: 100ms; -o-transition-delay: 100ms;\"><div class=\"icon_holder_inner\"><span style=\"color: #ffffff;\" class=\"q_font_awsome_icon fa-5x \"><i class=\"icon_text_icon fa fa-gears\"><\/i><\/span><\/div><\/div><div class=\"icon_text_holder\" style=\"\"><div class=\"icon_text_inner\" style=\"\"><h2 class=\"icon_title\" style=\"color: #ffffff\">\u00dcber 2 Mio. US-Dollar<\/h2><p style=''>durchschnittliche Investitionskosten im Bereich Windkraft<\/p><\/div><\/div><\/div>[\/vc_column][vc_column width=&#8220;1\/4&#8243;]<div class='q_icon_with_title very_large normal_icon center'><div class=\"icon_holder q_icon_animation\" style=\" transition-delay: 200ms; -webkit-transition-delay: 200ms; -moz-transition-delay: 200ms; -o-transition-delay: 200ms;\"><div class=\"icon_holder_inner\"><span style=\"color: #ffffff;\" class=\"q_font_awsome_icon fa-5x \"><i class=\"icon_text_icon fa fa-line-chart\"><\/i><\/span><\/div><\/div><div class=\"icon_text_holder\" style=\"\"><div class=\"icon_text_inner\" style=\"\"><h2 class=\"icon_title\" style=\"color: #ffffff\">\u00dcber 39<\/h2><p style=''>Windkraftprojekte<\/p><\/div><\/div><\/div>[\/vc_column][vc_column width=&#8220;1\/4&#8243;]<div class='q_icon_with_title very_large normal_icon center'><div class=\"icon_holder q_icon_animation\" style=\" transition-delay: 300ms; -webkit-transition-delay: 300ms; -moz-transition-delay: 300ms; -o-transition-delay: 300ms;\"><div class=\"icon_holder_inner\"><span style=\"color: #ffffff;\" class=\"q_font_awsome_icon fa-5x \"><i class=\"icon_text_icon fa fa-plane\"><\/i><\/span><\/div><\/div><div class=\"icon_text_holder\" style=\"\"><div class=\"icon_text_inner\" style=\"\"><h2 class=\"icon_title\" style=\"color: #ffffff\">\u00dcber 780<\/h2><p style=''>geschaffene Arbeitspl\u00e4tze<\/p><\/div><\/div><\/div>[\/vc_column][vc_column width=&#8220;1\/4&#8243;]<div class='q_icon_with_title very_large normal_icon center'><div class=\"icon_holder q_icon_animation\" style=\" transition-delay: 400ms; -webkit-transition-delay: 400ms; -moz-transition-delay: 400ms; -o-transition-delay: 400ms;\"><div class=\"icon_holder_inner\"><span style=\"color: #ffffff;\" class=\"q_font_awsome_icon fa-5x \"><i class=\"icon_text_icon fa fa-users\"><\/i><\/span><\/div><\/div><div class=\"icon_text_holder\" style=\"\"><div class=\"icon_text_inner\" style=\"\"><h2 class=\"icon_title\" style=\"color: #ffffff\">\u00dcber 1.200<\/h2><p style=''>potenzielle Kapazit\u00e4t<\/p><\/div><\/div><\/div>[\/vc_column][\/vc_row][vc_row row_type=&#8220;row&#8220; use_row_as_full_screen_section=&#8220;no&#8220; type=&#8220;grid&#8220; text_align=&#8220;left&#8220; background_animation=&#8220;none&#8220; padding_top=&#8220;60&#8243; padding_bottom=&#8220;60&#8243; css_animation=&#8220;&#8220;][vc_column width=&#8220;1\/3&#8243;][\/vc_column][vc_column width=&#8220;2\/3&#8243;][vc_column_text]<\/p>\n<h3>\u00dcberblick Windkraftbranche<\/h3>\n<p>[\/vc_column_text][vc_empty_space height=&#8220;20px&#8220;][vc_column_text]Die Philippinen sind mit 33 MW aus Windturbinen in Bangui, Ilocos Norte, der gr\u00f6\u00dfte Windkrafterzeuger Asiens und sie stellen die am zweitschnellsten wachsende Volkswirtschaft in Asien und dem Pazifik. Das Land verf\u00fcgt \u00fcber ein noch nicht erschlossenes Potenzial von 70.000 WM aus Windkraft.<\/p>\n<p>Eine Studie des US National Renewable Energy Laboratory (US NREL) zeigt, dass eine Landfl\u00e4che von 10.000 km\u00b2 in insgesamt sechs Regionen gute bis ausgezeichnete Windressourcen bietet. Diese windreichen Gebiete k\u00f6nnten eine potenziell installierte Kapazit\u00e4t von 76.600 MW erzielen. Die vielen guten und windreichen Standorte ergeben sich aus der Lage der Philippinen im asiatisch-pazifischen Monsung\u00fcrtel. Das gro\u00dfe Potenzial zur Nutzung von Windenergie ist betr\u00e4chtlich im Vergleich zu anderen stromerzeugenden L\u00e4ndern wie Deutschland, Spanien, D\u00e4nemark, USA und Indien.<\/p>\n<p>Eine Studie des philippinischen Energieministeriums zeigt, dass von den 73 Provinzen der Philippinen 47 ein Windpotenzial von mindestens 500 WM haben und 25 sogar eins von mindestens 1.000 MW. Europ\u00e4ische Unternehmen aus dem Windkraftsektor, wie Gamesa, Vestas und Siemens, sind bereits auf dem philippinischen Markt t\u00e4tig und leisten einen erheblichen Beitrag zur Entwicklung der Windkraft im Land.<br \/>\n[\/vc_column_text][\/vc_column][\/vc_row][vc_row row_type=&#8220;row&#8220; use_row_as_full_screen_section=&#8220;no&#8220; type=&#8220;full_width&#8220; text_align=&#8220;center&#8220; background_animation=&#8220;none&#8220; padding_top=&#8220;160&#8243; padding_bottom=&#8220;160&#8243; css_animation=&#8220;&#8220;][vc_column][vc_column_text]<\/p>\n<div class=\"wpb_text_column wpb_content_element \">\n<div class=\"wpb_wrapper\">\n<h2>Sie m\u00f6chten \u00fcber Ihr Vorhaben sprechen?<\/h2>\n<\/div>\n<\/div>\n<p>[\/vc_column_text][vc_empty_space height=&#8220;40px&#8220;][vc_column_text]<\/p>\n<div class=\"wpb_text_column wpb_content_element \">\n<div class=\"wpb_wrapper\">\n<h4 class=\"p1\">Fordern Sie noch heute eine kostenlose Beratung durch einen unserer Investmentspezialisten an.<\/h4>\n<\/div>\n<\/div>\n<p>[\/vc_column_text][vc_empty_space height=&#8220;40px&#8220;]<a href=\"\/de\/kontakt\/\" target=\"_self\"  class=\"qbutton  large\" style=\"\">Kontaktieren Sie uns<\/a>[\/vc_column][\/vc_row]<\/p>\n","protected":false},"excerpt":{"rendered":"<p>[vc_row row_type=&#8220;row&#8220; use_row_as_full_screen_section=&#8220;no&#8220; type=&#8220;full_width&#8220; text_align=&#8220;center&#8220; background_image=&#8220;7247&#8243; background_animation=&#8220;none&#8220; padding_top=&#8220;0&#8243; padding_bottom=&#8220;0&#8243; css_animation=&#8220;&#8220; css=&#8220;.vc_custom_1614083851281{background-color: #1226aa !important;}&#8220; el_class=&#8220;COPYWHITE&#8220;][vc_column][vc_empty_space height=&#8220;100px&#8220;][vc_empty_space height=&#8220;100px&#8220; el_class=&#8220;mobile-hidden&#8220;][vc_column_text el_class=&#8220;controlled-h1&#8243;] Windkraft [\/vc_column_text][vc_empty_space height=&#8220;100px&#8220;][vc_empty_space height=&#8220;100px&#8220; el_class=&#8220;mobile-hidden&#8220;][\/vc_column][\/vc_row][vc_row row_type=&#8220;row&#8220; use_row_as_full_screen_section=&#8220;no&#8220; type=&#8220;grid&#8220; text_align=&#8220;left&#8220; background_animation=&#8220;none&#8220; padding_top=&#8220;80&#8243; padding_bottom=&#8220;80&#8243; css_animation=&#8220;&#8220;][vc_column width=&#8220;1\/2&#8243;][vc_column_text] Erstklassiger Standort [\/vc_column_text][vc_empty_space height=&#8220;20px&#8220;][vc_column_text]Die \u201eCompetitive Renewable Energy Zones\u201c (CREZ) er\u00f6ffnen der Privatwirtschaft neue&#8230;<\/p>\n","protected":false},"author":1,"featured_media":0,"parent":2017,"menu_order":0,"comment_status":"closed","ping_status":"closed","template":"full_width.php","meta":{"footnotes":""},"class_list":["post-5089","page","type-page","status-publish","hentry"],"_links":{"self":[{"href":"https:\/\/philippines.business\/de\/wp-json\/wp\/v2\/pages\/5089","targetHints":{"allow":["GET"]}}],"collection":[{"href":"https:\/\/philippines.business\/de\/wp-json\/wp\/v2\/pages"}],"about":[{"href":"https:\/\/philippines.business\/de\/wp-json\/wp\/v2\/types\/page"}],"author":[{"embeddable":true,"href":"https:\/\/philippines.business\/de\/wp-json\/wp\/v2\/users\/1"}],"replies":[{"embeddable":true,"href":"https:\/\/philippines.business\/de\/wp-json\/wp\/v2\/comments?post=5089"}],"version-history":[{"count":4,"href":"https:\/\/philippines.business\/de\/wp-json\/wp\/v2\/pages\/5089\/revisions"}],"predecessor-version":[{"id":7301,"href":"https:\/\/philippines.business\/de\/wp-json\/wp\/v2\/pages\/5089\/revisions\/7301"}],"up":[{"embeddable":true,"href":"https:\/\/philippines.business\/de\/wp-json\/wp\/v2\/pages\/2017"}],"wp:attachment":[{"href":"https:\/\/philippines.business\/de\/wp-json\/wp\/v2\/media?parent=5089"}],"curies":[{"name":"wp","href":"https:\/\/api.w.org\/{rel}","templated":true}]}}