{"id":5085,"date":"2021-01-27T11:23:54","date_gmt":"2021-01-27T11:23:54","guid":{"rendered":"https:\/\/philippines.business\/branchen\/medizinbedarf-alkohol\/"},"modified":"2021-02-26T16:04:51","modified_gmt":"2021-02-26T16:04:51","slug":"medizinbedarf-alkohol","status":"publish","type":"page","link":"https:\/\/philippines.business\/de\/branchen\/medizinbedarf-alkohol\/","title":{"rendered":"Medizinbedarf (Alkohol)"},"content":{"rendered":"<p>[vc_row row_type=&#8220;row&#8220; use_row_as_full_screen_section=&#8220;no&#8220; type=&#8220;full_width&#8220; text_align=&#8220;center&#8220; background_image=&#8220;6838&#8243; background_animation=&#8220;none&#8220; padding_top=&#8220;0&#8243; padding_bottom=&#8220;0&#8243; css_animation=&#8220;&#8220; css=&#8220;.vc_custom_1614011392624{background-color: #1226aa !important;}&#8220; el_class=&#8220;COPYWHITE&#8220;][vc_column][vc_empty_space height=&#8220;100px&#8220;][vc_empty_space height=&#8220;100px&#8220; el_class=&#8220;mobile-hidden&#8220;][vc_column_text el_class=&#8220;controlled-h1&#8243;]<\/p>\n<h1>Medizinbedarf (Alkohol)<\/h1>\n<p>[\/vc_column_text][vc_empty_space height=&#8220;100px&#8220;][vc_empty_space height=&#8220;100px&#8220; el_class=&#8220;mobile-hidden&#8220;][\/vc_column][\/vc_row][vc_row row_type=&#8220;row&#8220; use_row_as_full_screen_section=&#8220;no&#8220; type=&#8220;grid&#8220; text_align=&#8220;left&#8220; background_animation=&#8220;none&#8220; padding_top=&#8220;80&#8243; padding_bottom=&#8220;80&#8243; css_animation=&#8220;&#8220;][vc_column width=&#8220;1\/2&#8243;][vc_column_text]<\/p>\n<h3>Hoch qualifizierte Fachkr\u00e4fte<\/h3>\n<p>[\/vc_column_text][vc_empty_space height=&#8220;20px&#8220;][vc_column_text]In der Chemieindustrie der Philippinen sind \u00fcber 200.000 Fachkr\u00e4fte besch\u00e4ftigt und in der Alkoholindustrie mehr als 1.300 hoch qualifizierte Fachkr\u00e4fte. Wir f\u00f6rdern die Medizinbedarfsindustrie (Alkohol) als Exportbasis f\u00fcr den internationalen Markt. Die Philippiner sind enorm flexibel und einfallsreich, was sich auch in der F\u00f6rderung der Regierung von Neuausrichtungsbestrebungen zeigt. So sind zum Beispiel Zuckerfabriken, Destillerien und Brauereien jetzt in der Lage, Reinigungsalkohol zu produzieren. [\/vc_column_text][vc_empty_space height=&#8220;40px&#8220;][vc_column_text]<\/p>\n<h3>Staatliche Unterst\u00fctzung<\/h3>\n<p>[\/vc_column_text][vc_empty_space height=&#8220;20px&#8220;][vc_column_text]Der Staat bietet eingetragenen Unternehmen attraktive Anreize, darunter:<\/p>\n<ul>\n<li>4 bis 8 Jahre Befreiung von der Ertragssteuer<\/li>\n<li>Weitere Befreiung von der Ertragssteuer f\u00fcr 3 Jahre, wenn bestimmte Bedingungen erf\u00fcllt werden, wobei Unternehmen die Steuerbefreiung maximal 8 Jahre in Anspruch nehmen k\u00f6nnen<\/li>\n<li>Zoll- und steuerfreie Einfuhr von Investitionsg\u00fctern<\/li>\n<li>Ausl\u00e4ndische Investoren k\u00f6nnen gem\u00e4\u00df dem \u201eBayanihan to Heal as One Act\u201c (Bayanihan 2) die Freistellung von Einfuhrz\u00f6llen, Steuern und anderen Geb\u00fchren ebenfalls in Anspruch nehmen, wenn sie Rohstoffe oder Ausr\u00fcstung einf\u00fchren, um im Land COVID-19-kritische Waren zu produzieren<\/li>\n<li>Ein starkes Netzwerk an \u00f6ffentlichen und privaten Institutionen, um Nachfrage und Bedarf zu erf\u00fcllen, besonders im Hinblick auf COVID-19-kritische Waren<\/li>\n<\/ul>\n<p>[\/vc_column_text][vc_empty_space height=&#8220;20px&#8220;][\/vc_column][vc_column width=&#8220;1\/2&#8243;][vc_single_image image=&#8220;6848&#8243; img_size=&#8220;full&#8220; qode_css_animation=&#8220;&#8220;][\/vc_column][\/vc_row][vc_row row_type=&#8220;row&#8220; use_row_as_full_screen_section=&#8220;no&#8220; type=&#8220;grid&#8220; text_align=&#8220;center&#8220; background_animation=&#8220;none&#8220; padding_top=&#8220;80&#8243; padding_bottom=&#8220;40&#8243; css_animation=&#8220;&#8220; css=&#8220;.vc_custom_1591625660923{background-color: #1226AA !important;}&#8220; el_class=&#8220;COPYWHITE&#8220;][vc_column][vc_column_text]<\/p>\n<h2>Wichtige statistische Angaben<\/h2>\n<p>[\/vc_column_text][\/vc_column][\/vc_row][vc_row row_type=&#8220;row&#8220; use_row_as_full_screen_section=&#8220;no&#8220; type=&#8220;grid&#8220; text_align=&#8220;left&#8220; background_animation=&#8220;none&#8220; padding_top=&#8220;40&#8243; padding_bottom=&#8220;100&#8243; css_animation=&#8220;&#8220; css=&#8220;.vc_custom_1591628046818{background-color: #1226AA !important;}&#8220; el_class=&#8220;COPYWHITE&#8220;][vc_column width=&#8220;1\/4&#8243;]<div class='q_icon_with_title very_large normal_icon center'><div class=\"icon_holder q_icon_animation\" style=\" transition-delay: 100ms; -webkit-transition-delay: 100ms; -moz-transition-delay: 100ms; -o-transition-delay: 100ms;\"><div class=\"icon_holder_inner\"><span style=\"color: #ffffff;\" class=\"q_font_awsome_icon fa-5x \"><i class=\"icon_text_icon fa fa-calculator\"><\/i><\/span><\/div><\/div><div class=\"icon_text_holder\" style=\"\"><div class=\"icon_text_inner\" style=\"\"><h2 class=\"icon_title\" style=\"color: #ffffff\">\u00dcber 12 %<\/h2><p style=''>Anteil von Chemikalien und chemischen Produkten an der gesamten Bruttowertsch\u00f6pfung der produzierenden Industrie<\/p><\/div><\/div><\/div>[\/vc_column][vc_column width=&#8220;1\/4&#8243;]<div class='q_icon_with_title very_large normal_icon center'><div class=\"icon_holder q_icon_animation\" style=\" transition-delay: 200ms; -webkit-transition-delay: 200ms; -moz-transition-delay: 200ms; -o-transition-delay: 200ms;\"><div class=\"icon_holder_inner\"><span style=\"color: #ffffff;\" class=\"q_font_awsome_icon fa-5x \"><i class=\"icon_text_icon fa fa-line-chart\"><\/i><\/span><\/div><\/div><div class=\"icon_text_holder\" style=\"\"><div class=\"icon_text_inner\" style=\"\"><h2 class=\"icon_title\" style=\"color: #ffffff\">13 %<\/h2><p style=''>j\u00e4hrliche Wachstumsrate von Alkoholexporten in den letzten f\u00fcnf Jahren<\/p><\/div><\/div><\/div>[\/vc_column][vc_column width=&#8220;1\/4&#8243;]<div class='q_icon_with_title very_large normal_icon center'><div class=\"icon_holder q_icon_animation\" style=\" transition-delay: 300ms; -webkit-transition-delay: 300ms; -moz-transition-delay: 300ms; -o-transition-delay: 300ms;\"><div class=\"icon_holder_inner\"><span style=\"color: #ffffff;\" class=\"q_font_awsome_icon fa-5x \"><i class=\"icon_text_icon fa fa-chain\"><\/i><\/span><\/div><\/div><div class=\"icon_text_holder\" style=\"\"><div class=\"icon_text_inner\" style=\"\"><h2 class=\"icon_title\" style=\"color: #ffffff\">\u00dcber 20<\/h2><p style=''>aktive Zulieferer von Alkoholprodukten (Isopropanol und Ethanol)<\/p><\/div><\/div><\/div>[\/vc_column][vc_column width=&#8220;1\/4&#8243;]<div class='q_icon_with_title very_large normal_icon center'><div class=\"icon_holder q_icon_animation\" style=\" transition-delay: 400ms; -webkit-transition-delay: 400ms; -moz-transition-delay: 400ms; -o-transition-delay: 400ms;\"><div class=\"icon_holder_inner\"><span style=\"color: #ffffff;\" class=\"q_font_awsome_icon fa-5x \"><i class=\"icon_text_icon fa fa-bar-chart\"><\/i><\/span><\/div><\/div><div class=\"icon_text_holder\" style=\"\"><div class=\"icon_text_inner\" style=\"\"><h2 class=\"icon_title\" style=\"color: #ffffff\">3 Mio.<\/h2><p style=''>Liter monatlich ben\u00f6tigte Mindestmenge an Desinfektionsmitteln wie von der WHO vorgeschrieben<\/p><\/div><\/div><\/div>[\/vc_column][\/vc_row][vc_row row_type=&#8220;row&#8220; use_row_as_full_screen_section=&#8220;no&#8220; type=&#8220;grid&#8220; text_align=&#8220;left&#8220; background_animation=&#8220;none&#8220; padding_top=&#8220;60&#8243; padding_bottom=&#8220;60&#8243; css_animation=&#8220;&#8220;][vc_column width=&#8220;1\/3&#8243;][\/vc_column][vc_column width=&#8220;2\/3&#8243;][vc_column_text]<\/p>\n<h3>\u00dcberblick Medizinbedarfsbranche (Alkohol)<\/h3>\n<p>[\/vc_column_text][vc_empty_space height=&#8220;20px&#8220;][vc_column_text]Die Medizinbedarfsbranche hat mit einem Wert von 9 Mrd. US-Dollar den zweitgr\u00f6\u00dften Anteil an der produzierenden Industrie. W\u00e4hrend der COVID-19-Pandemie verzeichnete der Teilsektor eine erh\u00f6hte Nachfrage von der pharmazeutischen Industrie, Krankenh\u00e4usern, Superm\u00e4rkten, Apotheken und der Bev\u00f6lkerung.<\/p>\n<p>\u00dcber 20 Zulieferer von Alkohol und Desinfektionsmitteln in den Philippinen stellen Marken her wie:<\/p>\n<ul>\n<li>Green Cross<\/li>\n<li>Hygienix<\/li>\n<li>Guardian<\/li>\n<li>Doctor J<\/li>\n<\/ul>\n<p>Um der extrem hohen Nachfrage nachzukommen, haben auch Brauereien einige ihrer bestehenden Anlagen neu ausgerichtet, um Reinigungsalkohol zu produzieren.<\/p>\n<p>Die einheimische Alkoholindustrie hat starke Handelsbeziehungen innerhalb Asiens (Indien, Japan, Singapur, China und Taiwan) aufgebaut. Wipro (Western India Palm Refined Oil lt.), ein multinationaler Konzern aus Indien, der diversifizierte Dienstleistungen anbietet, hat k\u00fcrzlich ein philippinisches Personal-Care-Unternehmen \u00fcbernommen. Der Verkauf erm\u00f6glicht den Zugang zu neuen Ressourcen und ein schnelleres Gesch\u00e4ftswachstum.<\/p>\n<p>Aufgrund der gro\u00dfen Bev\u00f6lkerung und den strengen Desinfektionsma\u00dfnahmen, die viele Einrichtungen beim Betreten sicherstellen, wird die Nachfrage nach Reinigungsalkohol und Handdesinfektionsmitteln in den Philippinen weiter hoch bleiben.[\/vc_column_text][\/vc_column][\/vc_row][vc_row row_type=&#8220;row&#8220; use_row_as_full_screen_section=&#8220;no&#8220; type=&#8220;full_width&#8220; text_align=&#8220;center&#8220; background_animation=&#8220;none&#8220; padding_top=&#8220;160&#8243; padding_bottom=&#8220;160&#8243; css_animation=&#8220;&#8220;][vc_column][vc_column_text]<\/p>\n<div class=\"wpb_text_column wpb_content_element \">\n<div class=\"wpb_wrapper\">\n<h2>Sie m\u00f6chten \u00fcber Ihr Vorhaben sprechen?<\/h2>\n<\/div>\n<\/div>\n<p>[\/vc_column_text][vc_empty_space height=&#8220;40px&#8220;][vc_column_text]<\/p>\n<div class=\"wpb_text_column wpb_content_element \">\n<div class=\"wpb_wrapper\">\n<h4 class=\"p1\">Fordern Sie noch heute eine kostenlose Beratung durch einen unserer Investmentspezialisten an.<\/h4>\n<\/div>\n<\/div>\n<p>[\/vc_column_text][vc_empty_space height=&#8220;40px&#8220;]<a href=\"\/contact\" target=\"_self\"  class=\"qbutton  large\" style=\"\">Kontaktieren Sie uns<\/a>[\/vc_column][\/vc_row]<\/p>\n","protected":false},"excerpt":{"rendered":"<p>[vc_row row_type=&#8220;row&#8220; use_row_as_full_screen_section=&#8220;no&#8220; type=&#8220;full_width&#8220; text_align=&#8220;center&#8220; background_image=&#8220;6838&#8243; background_animation=&#8220;none&#8220; padding_top=&#8220;0&#8243; padding_bottom=&#8220;0&#8243; css_animation=&#8220;&#8220; css=&#8220;.vc_custom_1614011392624{background-color: #1226aa !important;}&#8220; el_class=&#8220;COPYWHITE&#8220;][vc_column][vc_empty_space height=&#8220;100px&#8220;][vc_empty_space height=&#8220;100px&#8220; el_class=&#8220;mobile-hidden&#8220;][vc_column_text el_class=&#8220;controlled-h1&#8243;] Medizinbedarf (Alkohol) [\/vc_column_text][vc_empty_space height=&#8220;100px&#8220;][vc_empty_space height=&#8220;100px&#8220; el_class=&#8220;mobile-hidden&#8220;][\/vc_column][\/vc_row][vc_row row_type=&#8220;row&#8220; use_row_as_full_screen_section=&#8220;no&#8220; type=&#8220;grid&#8220; text_align=&#8220;left&#8220; background_animation=&#8220;none&#8220; padding_top=&#8220;80&#8243; padding_bottom=&#8220;80&#8243; css_animation=&#8220;&#8220;][vc_column width=&#8220;1\/2&#8243;][vc_column_text] Hoch qualifizierte Fachkr\u00e4fte [\/vc_column_text][vc_empty_space height=&#8220;20px&#8220;][vc_column_text]In der Chemieindustrie der Philippinen sind \u00fcber 200.000&#8230;<\/p>\n","protected":false},"author":1,"featured_media":0,"parent":2017,"menu_order":0,"comment_status":"closed","ping_status":"closed","template":"full_width.php","meta":{"footnotes":""},"class_list":["post-5085","page","type-page","status-publish","hentry"],"_links":{"self":[{"href":"https:\/\/philippines.business\/de\/wp-json\/wp\/v2\/pages\/5085","targetHints":{"allow":["GET"]}}],"collection":[{"href":"https:\/\/philippines.business\/de\/wp-json\/wp\/v2\/pages"}],"about":[{"href":"https:\/\/philippines.business\/de\/wp-json\/wp\/v2\/types\/page"}],"author":[{"embeddable":true,"href":"https:\/\/philippines.business\/de\/wp-json\/wp\/v2\/users\/1"}],"replies":[{"embeddable":true,"href":"https:\/\/philippines.business\/de\/wp-json\/wp\/v2\/comments?post=5085"}],"version-history":[{"count":9,"href":"https:\/\/philippines.business\/de\/wp-json\/wp\/v2\/pages\/5085\/revisions"}],"predecessor-version":[{"id":7663,"href":"https:\/\/philippines.business\/de\/wp-json\/wp\/v2\/pages\/5085\/revisions\/7663"}],"up":[{"embeddable":true,"href":"https:\/\/philippines.business\/de\/wp-json\/wp\/v2\/pages\/2017"}],"wp:attachment":[{"href":"https:\/\/philippines.business\/de\/wp-json\/wp\/v2\/media?parent=5085"}],"curies":[{"name":"wp","href":"https:\/\/api.w.org\/{rel}","templated":true}]}}