{"id":5075,"date":"2021-01-27T11:20:18","date_gmt":"2021-01-27T11:20:18","guid":{"rendered":"https:\/\/philippines.business\/branchen\/haushaltsgeraete\/"},"modified":"2021-02-23T14:47:33","modified_gmt":"2021-02-23T14:47:33","slug":"haushaltsgeraete","status":"publish","type":"page","link":"https:\/\/philippines.business\/de\/branchen\/haushaltsgeraete\/","title":{"rendered":"Haushaltsger\u00e4te"},"content":{"rendered":"<p>[vc_row row_type=&#8220;row&#8220; use_row_as_full_screen_section=&#8220;no&#8220; type=&#8220;full_width&#8220; text_align=&#8220;center&#8220; background_image=&#8220;6522&#8243; background_animation=&#8220;none&#8220; padding_top=&#8220;0&#8243; padding_bottom=&#8220;0&#8243; css_animation=&#8220;&#8220; css=&#8220;.vc_custom_1613992161287{background-color: #1226aa !important;}&#8220; el_class=&#8220;COPYWHITE&#8220;][vc_column][vc_empty_space height=&#8220;100px&#8220;][vc_empty_space height=&#8220;100px&#8220; el_class=&#8220;mobile-hidden&#8220;][vc_column_text el_class=&#8220;controlled-h1&#8243;]<\/p>\n<h1>Haushaltsger\u00e4te<\/h1>\n<p>[\/vc_column_text][vc_empty_space height=&#8220;100px&#8220;][vc_empty_space height=&#8220;100px&#8220; el_class=&#8220;mobile-hidden&#8220;][\/vc_column][\/vc_row][vc_row row_type=&#8220;row&#8220; use_row_as_full_screen_section=&#8220;no&#8220; type=&#8220;grid&#8220; text_align=&#8220;left&#8220; background_animation=&#8220;none&#8220; padding_top=&#8220;80&#8243; padding_bottom=&#8220;80&#8243; css_animation=&#8220;&#8220;][vc_column width=&#8220;1\/2&#8243;][vc_column_text]<\/p>\n<h3><span style=\"font-style: normal;\">Verbrauchernachfrage<\/span><\/h3>\n<p>[\/vc_column_text][vc_empty_space height=&#8220;20px&#8220;][vc_column_text]Ob K\u00fchlschr\u00e4nke oder Fernsehger\u00e4te, Klimaanlagen oder Waschmaschinen \u2013 was Haushaltsger\u00e4te betrifft, ist die Kaufkraft auf den Philippinen sehr hoch. Und es wird erwartet, dass sie analog zur H\u00f6he des verf\u00fcgbaren Einkommens kontinuierlich steigen wird. [\/vc_column_text][vc_empty_space height=&#8220;40px&#8220;][vc_column_text]<\/p>\n<h3><span style=\"font-style: normal;\">Hohes Potenzial <\/span><\/h3>\n<p>[\/vc_column_text][vc_empty_space height=&#8220;20px&#8220;][vc_column_text]Bei ihren Kaufentscheidungen wird die wachsende urbane Mittelschicht des Landes schon bald Ger\u00e4te mit einer gr\u00f6\u00dferen Kapazit\u00e4t, hochmodernen Funktionen und den neusten Technologien bevorzugen. [\/vc_column_text][vc_empty_space height=&#8220;40px&#8220;][vc_column_text]<\/p>\n<h3>Industrieverbindungen<\/h3>\n<p>[\/vc_column_text][vc_empty_space height=&#8220;20px&#8220;][vc_column_text]Investoren im Haushaltsger\u00e4tesektor profitieren auf den Philippinen von den starken globalen Anbietern f\u00fcr Engineering-Outsourcing, die unser marktf\u00fchrender IT-BPM-Sektor bietet, und von anderen unterst\u00fctzenden Branchen, wie Werkzeug- und Formenbau f\u00fcr die Fertigung und das Produktdesign.[\/vc_column_text][vc_empty_space height=&#8220;20px&#8220;][\/vc_column][vc_column width=&#8220;1\/2&#8243;][vc_single_image image=&#8220;6532&#8243; img_size=&#8220;full&#8220; qode_css_animation=&#8220;&#8220;][\/vc_column][\/vc_row][vc_row row_type=&#8220;row&#8220; use_row_as_full_screen_section=&#8220;no&#8220; type=&#8220;grid&#8220; text_align=&#8220;center&#8220; background_animation=&#8220;none&#8220; padding_top=&#8220;80&#8243; padding_bottom=&#8220;40&#8243; css_animation=&#8220;&#8220; css=&#8220;.vc_custom_1591625660923{background-color: #1226AA !important;}&#8220; el_class=&#8220;COPYWHITE&#8220;][vc_column][vc_column_text]<\/p>\n<h2>Wichtige statistische Angaben<\/h2>\n<p>[\/vc_column_text][\/vc_column][\/vc_row][vc_row row_type=&#8220;row&#8220; use_row_as_full_screen_section=&#8220;no&#8220; type=&#8220;grid&#8220; text_align=&#8220;left&#8220; background_animation=&#8220;none&#8220; padding_top=&#8220;40&#8243; padding_bottom=&#8220;100&#8243; css_animation=&#8220;&#8220; css=&#8220;.vc_custom_1591628046818{background-color: #1226AA !important;}&#8220; el_class=&#8220;COPYWHITE&#8220;][vc_column width=&#8220;1\/4&#8243;]<div class='q_icon_with_title very_large normal_icon center'><div class=\"icon_holder q_icon_animation\" style=\" transition-delay: 100ms; -webkit-transition-delay: 100ms; -moz-transition-delay: 100ms; -o-transition-delay: 100ms;\"><div class=\"icon_holder_inner\"><span style=\"color: #ffffff;\" class=\"q_font_awsome_icon fa-5x \"><i class=\"icon_text_icon fa fa-spinner\"><\/i><\/span><\/div><\/div><div class=\"icon_text_holder\" style=\"\"><div class=\"icon_text_inner\" style=\"\"><h2 class=\"icon_title\" style=\"color: #ffffff\">\u00dcber 840.000<\/h2><p style=''>elektrische Ventilatoren werden jedes Jahr produziert<\/p><\/div><\/div><\/div>[\/vc_column][vc_column width=&#8220;1\/4&#8243;]<div class='q_icon_with_title very_large normal_icon center'><div class=\"icon_holder q_icon_animation\" style=\" transition-delay: 200ms; -webkit-transition-delay: 200ms; -moz-transition-delay: 200ms; -o-transition-delay: 200ms;\"><div class=\"icon_holder_inner\"><span style=\"color: #ffffff;\" class=\"q_font_awsome_icon fa-5x \"><i class=\"icon_text_icon fa fa-thermometer-half\"><\/i><\/span><\/div><\/div><div class=\"icon_text_holder\" style=\"\"><div class=\"icon_text_inner\" style=\"\"><h2 class=\"icon_title\" style=\"color: #ffffff\">\u00dcber 550.000<\/h2><p style=''>K\u00fchlschr\u00e4nke werden jedes Jahr produziert<\/p><\/div><\/div><\/div>[\/vc_column][vc_column width=&#8220;1\/4&#8243;]<div class='q_icon_with_title very_large normal_icon center'><div class=\"icon_holder q_icon_animation\" style=\" transition-delay: 300ms; -webkit-transition-delay: 300ms; -moz-transition-delay: 300ms; -o-transition-delay: 300ms;\"><div class=\"icon_holder_inner\"><span style=\"color: #ffffff;\" class=\"q_font_awsome_icon fa-5x \"><i class=\"icon_text_icon fa fa-refresh\"><\/i><\/span><\/div><\/div><div class=\"icon_text_holder\" style=\"\"><div class=\"icon_text_inner\" style=\"\"><h2 class=\"icon_title\" style=\"color: #ffffff\">\u00dcber 850.000<\/h2><p style=''>Waschmaschinen werden jedes Jahr produziert<\/p><\/div><\/div><\/div>[\/vc_column][vc_column width=&#8220;1\/4&#8243;]<div class='q_icon_with_title very_large normal_icon center'><div class=\"icon_holder q_icon_animation\" style=\" transition-delay: 400ms; -webkit-transition-delay: 400ms; -moz-transition-delay: 400ms; -o-transition-delay: 400ms;\"><div class=\"icon_holder_inner\"><span style=\"color: #ffffff;\" class=\"q_font_awsome_icon fa-5x \"><i class=\"icon_text_icon fa fa-exchange\"><\/i><\/span><\/div><\/div><div class=\"icon_text_holder\" style=\"\"><div class=\"icon_text_inner\" style=\"\"><h2 class=\"icon_title\" style=\"color: #ffffff\">\u00dcber 500.000<\/h2><p style=''>Fensterklimager\u00e4te werden jedes Jahr produziert<\/p><\/div><\/div><\/div>[\/vc_column][\/vc_row][vc_row row_type=&#8220;row&#8220; use_row_as_full_screen_section=&#8220;no&#8220; type=&#8220;grid&#8220; text_align=&#8220;left&#8220; background_animation=&#8220;none&#8220; padding_top=&#8220;60&#8243; padding_bottom=&#8220;60&#8243; css_animation=&#8220;&#8220;][vc_column width=&#8220;1\/3&#8243;][\/vc_column][vc_column width=&#8220;2\/3&#8243;][vc_column_text]<\/p>\n<h3>\u00dcberblick Haushaltsger\u00e4teindustrie<\/h3>\n<p>[\/vc_column_text][vc_empty_space height=&#8220;20px&#8220;][vc_column_text]Die Volkswirtschaft der Philippinen ist eine der dynamischsten im ganzen asiatisch-pazifischen Raum. Unsere Bev\u00f6lkerung w\u00e4chst und das steigende Realeinkommen wird die Verbrauchernachfrage in die H\u00f6he schnellen lassen. Aktuell werden die meisten Premiummodelle unter den Haushaltsger\u00e4ten aus Japan und Korea importiert. Da sich der Geschmack der Verbraucher \u00e4ndert, besteht f\u00fcr Investoren hier die einzigartige M\u00f6glichkeit, den Markt neu zu gestalten \u2013 und potenziell sowohl die Nachfrage im Inland als auch die im Ausland zu bedienen.<\/p>\n<p>Viele gro\u00dfe Namen haben sich bereits auf den Philippinen niedergelassen. Mit Sharp, Panasonic und Hitachi sind japanische Unternehmen besonders stark vertreten. Aber auch Dyson hat die Philippinen 2016 ausgew\u00e4hlt, um hier ein fortschrittliches Produktionszentrum zu errichten. Neben der strategisch wichtigen Niederlassung in Singapur hilft der Standort nahe Manila Dyson dabei, die globale Nachfrage nach seinem Premiummaschinen zu bedienen und fungiert als weltweites Kompetenzzentrum f\u00fcr die Produktion.<br \/>\n[\/vc_column_text][\/vc_column][\/vc_row][vc_row row_type=&#8220;row&#8220; use_row_as_full_screen_section=&#8220;no&#8220; type=&#8220;full_width&#8220; text_align=&#8220;center&#8220; background_animation=&#8220;none&#8220; padding_top=&#8220;160&#8243; padding_bottom=&#8220;160&#8243; css_animation=&#8220;&#8220;][vc_column][vc_column_text]<\/p>\n<div class=\"wpb_text_column wpb_content_element \">\n<div class=\"wpb_wrapper\">\n<h2>Sie m\u00f6chten \u00fcber Ihr Vorhaben sprechen?<\/h2>\n<\/div>\n<\/div>\n<p>[\/vc_column_text][vc_empty_space height=&#8220;40px&#8220;][vc_column_text]<\/p>\n<div class=\"wpb_text_column wpb_content_element \">\n<div class=\"wpb_wrapper\">\n<h4 class=\"p1\">Fordern Sie noch heute eine kostenlose Beratung durch einen unserer Investmentspezialisten an.<\/h4>\n<\/div>\n<\/div>\n<p>[\/vc_column_text][vc_empty_space height=&#8220;40px&#8220;]<a href=\"\/de\/kontakt\/\" target=\"_self\"  class=\"qbutton  large\" style=\"\">Kontaktieren Sie uns<\/a>[\/vc_column][\/vc_row]<\/p>\n","protected":false},"excerpt":{"rendered":"<p>[vc_row row_type=&#8220;row&#8220; use_row_as_full_screen_section=&#8220;no&#8220; type=&#8220;full_width&#8220; text_align=&#8220;center&#8220; background_image=&#8220;6522&#8243; background_animation=&#8220;none&#8220; padding_top=&#8220;0&#8243; padding_bottom=&#8220;0&#8243; css_animation=&#8220;&#8220; css=&#8220;.vc_custom_1613992161287{background-color: #1226aa !important;}&#8220; el_class=&#8220;COPYWHITE&#8220;][vc_column][vc_empty_space height=&#8220;100px&#8220;][vc_empty_space height=&#8220;100px&#8220; el_class=&#8220;mobile-hidden&#8220;][vc_column_text el_class=&#8220;controlled-h1&#8243;] Haushaltsger\u00e4te [\/vc_column_text][vc_empty_space height=&#8220;100px&#8220;][vc_empty_space height=&#8220;100px&#8220; el_class=&#8220;mobile-hidden&#8220;][\/vc_column][\/vc_row][vc_row row_type=&#8220;row&#8220; use_row_as_full_screen_section=&#8220;no&#8220; type=&#8220;grid&#8220; text_align=&#8220;left&#8220; background_animation=&#8220;none&#8220; padding_top=&#8220;80&#8243; padding_bottom=&#8220;80&#8243; css_animation=&#8220;&#8220;][vc_column width=&#8220;1\/2&#8243;][vc_column_text] Verbrauchernachfrage [\/vc_column_text][vc_empty_space height=&#8220;20px&#8220;][vc_column_text]Ob K\u00fchlschr\u00e4nke oder Fernsehger\u00e4te, Klimaanlagen oder Waschmaschinen \u2013 was Haushaltsger\u00e4te betrifft,&#8230;<\/p>\n","protected":false},"author":1,"featured_media":0,"parent":2017,"menu_order":0,"comment_status":"closed","ping_status":"closed","template":"full_width.php","meta":{"footnotes":""},"class_list":["post-5075","page","type-page","status-publish","hentry"],"_links":{"self":[{"href":"https:\/\/philippines.business\/de\/wp-json\/wp\/v2\/pages\/5075","targetHints":{"allow":["GET"]}}],"collection":[{"href":"https:\/\/philippines.business\/de\/wp-json\/wp\/v2\/pages"}],"about":[{"href":"https:\/\/philippines.business\/de\/wp-json\/wp\/v2\/types\/page"}],"author":[{"embeddable":true,"href":"https:\/\/philippines.business\/de\/wp-json\/wp\/v2\/users\/1"}],"replies":[{"embeddable":true,"href":"https:\/\/philippines.business\/de\/wp-json\/wp\/v2\/comments?post=5075"}],"version-history":[{"count":4,"href":"https:\/\/philippines.business\/de\/wp-json\/wp\/v2\/pages\/5075\/revisions"}],"predecessor-version":[{"id":7282,"href":"https:\/\/philippines.business\/de\/wp-json\/wp\/v2\/pages\/5075\/revisions\/7282"}],"up":[{"embeddable":true,"href":"https:\/\/philippines.business\/de\/wp-json\/wp\/v2\/pages\/2017"}],"wp:attachment":[{"href":"https:\/\/philippines.business\/de\/wp-json\/wp\/v2\/media?parent=5075"}],"curies":[{"name":"wp","href":"https:\/\/api.w.org\/{rel}","templated":true}]}}