{"id":2133,"date":"2020-07-13T10:40:35","date_gmt":"2020-07-13T09:40:35","guid":{"rendered":"https:\/\/philippines.business\/unternehmen-gruenden\/registering-a-business\/"},"modified":"2021-02-04T11:36:20","modified_gmt":"2021-02-04T11:36:20","slug":"anmeldung-eines-unternehmens","status":"publish","type":"page","link":"https:\/\/philippines.business\/de\/unternehmen-gruenden\/anmeldung-eines-unternehmens\/","title":{"rendered":"Anmeldung eines Unternehmens"},"content":{"rendered":"<p>[vc_row row_type=&#8220;row&#8220; use_row_as_full_screen_section=&#8220;no&#8220; type=&#8220;full_width&#8220; text_align=&#8220;center&#8220; background_animation=&#8220;none&#8220; padding_top=&#8220;0&#8243; padding_bottom=&#8220;0&#8243; css_animation=&#8220;&#8220; css=&#8220;.vc_custom_1593544462168{background-color: #1226AA !important;}&#8220; el_class=&#8220;COPYWHITE&#8220;][vc_column][vc_empty_space height=&#8220;100px&#8220;][vc_empty_space height=&#8220;100px&#8220; el_class=&#8220;mobile-hidden&#8220;][vc_column_text el_class=&#8220;controlled-h1&#8243;]<\/p>\n<h1>Anmeldung eines Unternehmens<\/h1>\n<p>[\/vc_column_text][vc_empty_space height=&#8220;100px&#8220;][vc_empty_space height=&#8220;100px&#8220; el_class=&#8220;mobile-hidden&#8220;][\/vc_column][\/vc_row][vc_row row_type=&#8220;row&#8220; use_row_as_full_screen_section=&#8220;no&#8220; type=&#8220;grid&#8220; text_align=&#8220;left&#8220; background_animation=&#8220;none&#8220; padding_top=&#8220;0&#8243; padding_bottom=&#8220;0&#8243; css_animation=&#8220;&#8220;][vc_column width=&#8220;1\/2&#8243; el_class=&#8220;mobile-fit&#8220;][vc_empty_space height=&#8220;40px&#8220;][vc_empty_space height=&#8220;20px&#8220;][vc_column_text]F\u00fcr die Gr\u00fcndung Ihrer Niederlassung in den Philippinen ist die Einholung bestimmter Lizenzen erforderlich. Sie k\u00f6nnen sich \u00fcber ein Onlineformular bei den Beh\u00f6rden anmelden, die Ihnen einen Unternehmensnamen und eine Lizenz verleihen.<\/p>\n<p>Unternehmen in den Philippinen m\u00fcssen sowohl zentral als auch lokal registriert werden. Die lokale Anmeldung erfolgt bei lokalen staatlichen Beh\u00f6rden, die Ihnen eine Genehmigung ausstellen, mit der Sie Ihr Unternehmen lokal betreiben d\u00fcrfen. Dieses Verfahren nimmt zwischen 8 und 12 Wochen in Anspruch.<\/p>\n<p>Besondere Genehmigungen und Lizenzen k\u00f6nnen f\u00fcr Sie erforderlich sein. Dies ist nur der Fall bei staatlich regulierten T\u00e4tigkeiten; unsere Expertenteams unterst\u00fctzen Sie bei der Einholung solcher Lizenzen.[\/vc_column_text][vc_empty_space height=&#8220;40px&#8220;][vc_column_text]<\/p>\n<h3>Verschiedene Unternehmenstypen:<\/h3>\n<p>[\/vc_column_text][vc_empty_space height=&#8220;40px&#8220; el_class=&#8220;mobile-hidden&#8220;][vc_column_text]<\/p>\n<h3>Einzelunternehmen (Sole Proprietorship)<\/h3>\n<p class=\"p1\">Die Registrierung Ihres Unternehmens als Einzelunternehmen bedeutet, dass Sie die volle Kontrolle \u00fcber das Unternehmen haben und allein die Verantwortung f\u00fcr s\u00e4mtliche Gewinne und Verluste tragen.<\/p>\n<p>[\/vc_column_text][vc_empty_space height=&#8220;40px&#8220;][vc_column_text]<\/p>\n<h3>Partnerschaft (Partnership)<\/h3>\n<p class=\"p1\">Die Registrierung als Partnerschaft ist notwendig f\u00fcr Unternehmen mit zwei Inhabern, bei denen beide Parteien f\u00fcr Schulden und Verpflichtungen haftbar sind.<\/p>\n<p>[\/vc_column_text][vc_empty_space height=&#8220;40px&#8220;][vc_column_text]<\/p>\n<h3>Gesellschaft (Corporation)<\/h3>\n<p>Unternehmen mit einer ausl\u00e4ndischen Beteiligung von bis zu 40 % k\u00f6nnen sich als philippinische Corporation eintragen lassen, die als inl\u00e4ndische Gesellschaft im ausl\u00e4ndischen Besitz betrachtet wird. Die Haftung der Anteilseigner innerhalb einer Gesellschaft h\u00e4ngt von ihrem jeweiligen Gesellschaftskapital im Unternehmen ab.[\/vc_column_text][vc_empty_space height=&#8220;20px&#8220;][vc_empty_space height=&#8220;20px&#8220;][vc_column_text]<\/p>\n<h3>Tochtergesellschaft<\/h3>\n<p>Unternehmen, deren Muttergesellschaft mindestens 51 % der Anteile besitzt und eine eigene juristische Person in den Philippinen bildet.[\/vc_column_text][vc_empty_space height=&#8220;40px&#8220;][vc_column_text]<\/p>\n<h3>Aktiengesellschaft (Stock Corporation)<\/h3>\n<p>Eine Aktiengesellschaft ist eine Gesellschaft, bei der das Grundkapital in Aktien aufgeteilt wird.[\/vc_column_text][vc_empty_space height=&#8220;40px&#8220;][vc_column_text]<\/p>\n<h3>Nicht-Kapitalgesellschaft (Non-Stock Corporation)<\/h3>\n<p>Eine Nicht-Kapitalgesellschaft ist eine Gesellschaft, die prinzipiell f\u00fcr \u00f6ffentliche Zwecke wie gemeinn\u00fctzige, Bildungs-, Kultur- oder \u00e4hnliche Zwecke organisiert wurde und die f\u00fcr ihre Mitglieder keine Aktien ausgibt.[\/vc_column_text][vc_empty_space height=&#8220;40px&#8220;][vc_column_text]<\/p>\n<h3>\u00d6ffentlich-private Partnerschaft (PPP)<\/h3>\n<p>Eine \u00f6ffentlich-private Partnerschaft (Public-Private Partnership, PPP) ist eine gegenseitige Vereinbarung zwischen dem Staat und einem Privatunternehmen. Gegenstand solcher Partnerschaften sind normalerweise Projekte rund um Entwicklungen, Geb\u00e4ude, Finanzen oder Infrastruktur.<\/p>\n<p>Sowohl lokale als auch nationale Beh\u00f6rden schlie\u00dfen PPPs ab, deren Vertr\u00e4ge 20\u201330 Jahre Laufzeit haben.<\/p>\n<p>Sollten Sie den Abschluss einer PPP in den Philippinen in Betracht ziehen, hat die Regierung den Prozess auf vier Phasen vereinfacht:<\/p>\n<ul>\n<li>Antrag<\/li>\n<li>ABeurteilung und Zulassung<\/li>\n<li>Auftragsvergabe<\/li>\n<li>Umsetzung<\/li>\n<\/ul>\n<p>[\/vc_column_text][vc_empty_space height=&#8220;40px&#8220;][vc_empty_space height=&#8220;40px&#8220;][\/vc_column][vc_column width=&#8220;1\/2&#8243;][\/vc_column][\/vc_row][vc_row row_type=&#8220;row&#8220; use_row_as_full_screen_section=&#8220;no&#8220; type=&#8220;grid&#8220; text_align=&#8220;center&#8220; background_animation=&#8220;none&#8220; padding_top=&#8220;80&#8243; padding_bottom=&#8220;80&#8243; css_animation=&#8220;&#8220; el_class=&#8220;COPYWHITE&#8220; css=&#8220;.vc_custom_1592818445507{background-color: #1226AA !important;}&#8220;][vc_column width=&#8220;2\/3&#8243;][vc_empty_space][vc_column_text]<\/p>\n<h4>Sie m\u00f6chten mehr \u00fcber die Gr\u00fcndung eines Unternehmens in den Philippinen erfahren?<\/h4>\n<p>[\/vc_column_text][vc_empty_space][\/vc_column][vc_column width=&#8220;1\/3&#8243;][vc_empty_space]<a href=\"\/de\/unternehmen-gruenden\/#Guidance\" target=\"_self\" data-hover-background-color=#1226aa data-hover-border-color=#1226aa data-hover-color=#ffffff class=\"qbutton  large move_icon qbutton_with_icon\" style=\"color: #1226aa; border-color: #ffffff; background-color: #ffffff;\">ERHALTEN SIE HIER WEITERE BERATUNG<i class=\"button_icon  fa fa-arrow-right\" style=\"\"><\/i><\/a>[vc_empty_space][\/vc_column][\/vc_row][vc_row row_type=&#8220;row&#8220; use_row_as_full_screen_section=&#8220;no&#8220; type=&#8220;grid&#8220; text_align=&#8220;center&#8220; background_animation=&#8220;none&#8220; padding_top=&#8220;0&#8243; padding_bottom=&#8220;0&#8243; css_animation=&#8220;&#8220;][vc_column][vc_empty_space height=&#8220;40px&#8220;][vc_empty_space height=&#8220;120px&#8220; el_class=&#8220;mobile-hidden&#8220;][vc_column_text]<\/p>\n<h2>SIE M\u00d6CHTEN \u00dcBER IHR VORHABEN SPRECHEN?<\/h2>\n<p>[\/vc_column_text][vc_empty_space height=&#8220;40px&#8220;][vc_column_text]<\/p>\n<h4 class=\"p1\">Fordern Sie noch heute eine kostenlose Beratung durch einen unserer Investmentspezialisten an.<\/h4>\n<p>[\/vc_column_text][vc_empty_space height=&#8220;40px&#8220;]<a href=\"\/de\/kontakt\/\" target=\"_self\"  class=\"qbutton  large\" style=\"\">JETZT KONTAKTIEREN<\/a>[vc_empty_space height=&#8220;40px&#8220;][vc_empty_space height=&#8220;120px&#8220; el_class=&#8220;mobile-hidden&#8220;][\/vc_column][\/vc_row]<\/p>\n","protected":false},"excerpt":{"rendered":"<p>[vc_row row_type=&#8220;row&#8220; use_row_as_full_screen_section=&#8220;no&#8220; type=&#8220;full_width&#8220; text_align=&#8220;center&#8220; background_animation=&#8220;none&#8220; padding_top=&#8220;0&#8243; padding_bottom=&#8220;0&#8243; css_animation=&#8220;&#8220; css=&#8220;.vc_custom_1593544462168{background-color: #1226AA !important;}&#8220; el_class=&#8220;COPYWHITE&#8220;][vc_column][vc_empty_space height=&#8220;100px&#8220;][vc_empty_space height=&#8220;100px&#8220; el_class=&#8220;mobile-hidden&#8220;][vc_column_text el_class=&#8220;controlled-h1&#8243;] Anmeldung eines Unternehmens [\/vc_column_text][vc_empty_space height=&#8220;100px&#8220;][vc_empty_space height=&#8220;100px&#8220; el_class=&#8220;mobile-hidden&#8220;][\/vc_column][\/vc_row][vc_row row_type=&#8220;row&#8220; use_row_as_full_screen_section=&#8220;no&#8220; type=&#8220;grid&#8220; text_align=&#8220;left&#8220; background_animation=&#8220;none&#8220; padding_top=&#8220;0&#8243; padding_bottom=&#8220;0&#8243; css_animation=&#8220;&#8220;][vc_column width=&#8220;1\/2&#8243; el_class=&#8220;mobile-fit&#8220;][vc_empty_space height=&#8220;40px&#8220;][vc_empty_space height=&#8220;20px&#8220;][vc_column_text]F\u00fcr die Gr\u00fcndung Ihrer Niederlassung in den Philippinen ist die&#8230;<\/p>\n","protected":false},"author":1,"featured_media":0,"parent":2094,"menu_order":0,"comment_status":"closed","ping_status":"closed","template":"full_width.php","meta":{"footnotes":""},"class_list":["post-2133","page","type-page","status-publish","hentry"],"_links":{"self":[{"href":"https:\/\/philippines.business\/de\/wp-json\/wp\/v2\/pages\/2133","targetHints":{"allow":["GET"]}}],"collection":[{"href":"https:\/\/philippines.business\/de\/wp-json\/wp\/v2\/pages"}],"about":[{"href":"https:\/\/philippines.business\/de\/wp-json\/wp\/v2\/types\/page"}],"author":[{"embeddable":true,"href":"https:\/\/philippines.business\/de\/wp-json\/wp\/v2\/users\/1"}],"replies":[{"embeddable":true,"href":"https:\/\/philippines.business\/de\/wp-json\/wp\/v2\/comments?post=2133"}],"version-history":[{"count":6,"href":"https:\/\/philippines.business\/de\/wp-json\/wp\/v2\/pages\/2133\/revisions"}],"predecessor-version":[{"id":5821,"href":"https:\/\/philippines.business\/de\/wp-json\/wp\/v2\/pages\/2133\/revisions\/5821"}],"up":[{"embeddable":true,"href":"https:\/\/philippines.business\/de\/wp-json\/wp\/v2\/pages\/2094"}],"wp:attachment":[{"href":"https:\/\/philippines.business\/de\/wp-json\/wp\/v2\/media?parent=2133"}],"curies":[{"name":"wp","href":"https:\/\/api.w.org\/{rel}","templated":true}]}}