{"id":2131,"date":"2020-06-09T16:23:10","date_gmt":"2020-06-09T15:23:10","guid":{"rendered":"https:\/\/philippines.business\/unternehmen-gruenden\/land-and-property\/"},"modified":"2021-02-04T11:36:55","modified_gmt":"2021-02-04T11:36:55","slug":"land-und-immobilien","status":"publish","type":"page","link":"https:\/\/philippines.business\/de\/unternehmen-gruenden\/land-und-immobilien\/","title":{"rendered":"Land und Immobilien"},"content":{"rendered":"<p>[vc_row row_type=&#8220;row&#8220; use_row_as_full_screen_section=&#8220;no&#8220; type=&#8220;full_width&#8220; text_align=&#8220;center&#8220; background_animation=&#8220;none&#8220; padding_top=&#8220;0&#8243; padding_bottom=&#8220;0&#8243; css_animation=&#8220;&#8220; css=&#8220;.vc_custom_1593544462168{background-color: #1226AA !important;}&#8220; el_class=&#8220;COPYWHITE&#8220;][vc_column][vc_empty_space height=&#8220;100px&#8220;][vc_empty_space height=&#8220;100px&#8220; el_class=&#8220;mobile-hidden&#8220;][vc_column_text el_class=&#8220;controlled-h1&#8243;]<\/p>\n<h1>Land und Immobilien<\/h1>\n<p>[\/vc_column_text][vc_empty_space height=&#8220;100px&#8220;][vc_empty_space height=&#8220;100px&#8220; el_class=&#8220;mobile-hidden&#8220;][\/vc_column][\/vc_row][vc_row row_type=&#8220;row&#8220; use_row_as_full_screen_section=&#8220;no&#8220; type=&#8220;grid&#8220; text_align=&#8220;left&#8220; background_animation=&#8220;none&#8220; padding_top=&#8220;0&#8243; padding_bottom=&#8220;0&#8243; css_animation=&#8220;&#8220;][vc_column width=&#8220;1\/2&#8243; el_class=&#8220;mobile-fit&#8220;][vc_empty_space height=&#8220;20px&#8220;][vc_empty_space height=&#8220;40px&#8220;][vc_column_text]Die Philippinen bieten eine enorme Vielfalt an verf\u00fcgbaren Pacht- oder Mietobjekten. Ganz gleich, wie Ihre Gesch\u00e4ftsanforderungen aussehen, Sie k\u00f6nnen sich sicher sein, das richtige Objekt oder die richtige Fl\u00e4che daf\u00fcr zu finden.[\/vc_column_text][vc_empty_space height=&#8220;40px&#8220; el_class=&#8220;mobile-hidden&#8220;][vc_column_text]<\/p>\n<h3>Pachten<\/h3>\n<p>Ausl\u00e4ndische Staatsangeh\u00f6rige k\u00f6nnen f\u00fcr maximal 75 Jahre Land f\u00fcr gesch\u00e4ftliche Zwecke pachten und wir k\u00f6nnen Sie beim Prozess der Identifizierung eines geeigneten Standorts f\u00fcr Ihr Unternehmen und beim Abschluss der Pachtvertr\u00e4ge unterst\u00fctzen.[\/vc_column_text][vc_empty_space height=&#8220;40px&#8220;][vc_column_text]<\/p>\n<h3>Mieten<\/h3>\n<p>In den Philippinen steht Ihnen eine gro\u00dfe Bandbreite an Mietoptionen zur Verf\u00fcgung, ganz gleich ob Sie f\u00fcr gesch\u00e4ftliche oder Wohnzwecke mieten m\u00f6chten.[\/vc_column_text][vc_empty_space height=&#8220;40px&#8220;][vc_column_text]<\/p>\n<h3>Kaufen<\/h3>\n<p>F\u00fcr gr\u00f6\u00dfere Unternehmen, die bauen m\u00f6chten, k\u00f6nnen ausl\u00e4ndische Staatsangeh\u00f6rige Land erwerben, indem sie ihr Unternehmen als Gesellschaft (Corporation) in den Philippinen gr\u00fcnden; das ausl\u00e4ndische Kapital ist hierbei auf 40 % begrenzt.<\/p>\n<p>Obgleich ausl\u00e4ndische Staatsangeh\u00f6rige kein Land in den Philippinen besitzen d\u00fcrfen, sind Sie berechtigt, \u00fcberall in den Philippinen Eigentum von Geb\u00e4uden (Apartment- und B\u00fcrofl\u00e4chen) zu erwerben.[\/vc_column_text][vc_empty_space height=&#8220;20px&#8220;]<a href=\"https:\/\/realestatedirectory.org.ph\/\" target=\"_blank\" data-hover-background-color=#c02d24 data-hover-border-color=#c02d24  class=\"qbutton  qbutton_with_icon\" style=\"border-color: #d8d8d8; background-color: #d8d8d8;\">Finden Sie Immobilienmakler in den Philippinen<i class=\"button_icon  fa fa-external-link\" style=\"\"><\/i><\/a>[vc_empty_space height=&#8220;60px&#8220;][vc_column_text]<\/p>\n<h3>Fl\u00e4chennutzungsplanung<\/h3>\n<p>Landesweit operierende Unternehmen k\u00f6nnen spezielle Unterst\u00fctzung f\u00fcr Unternehmen leisten, die an der Durchf\u00fchrung von Machbarkeitsvorstudien interessiert sind oder Orientierung in Ihrem Planungsprozess ben\u00f6tigen.<\/p>\n<p><span style=\"font-weight: 400;\">Kategorien von verf\u00fcgbaren Fl\u00e4chen:<\/span><\/p>\n<ul>\n<li><span style=\"font-weight: 400;\">Fl\u00e4chen in Sonderwirtschaftszonen<\/span><\/li>\n<li><span style=\"font-weight: 400;\">Wirtschaftsf\u00f6rderungszentren<\/span><\/li>\n<li><span style=\"font-weight: 400;\">Industrieparks<\/span><\/li>\n<li><span style=\"font-weight: 400;\">IT-Parks und -Komplexe<\/span><\/li>\n<li><span style=\"font-weight: 400;\">Neue St\u00e4dte<\/span><\/li>\n<li><span style=\"font-weight: 400;\">Landwirtschaftliche Fl\u00e4chen<\/span><\/li>\n<li><span style=\"font-weight: 400;\">Ehemalige Milit\u00e4rbasen<\/span><\/li>\n<\/ul>\n<p>[\/vc_column_text][vc_empty_space height=&#8220;40px&#8220;][vc_empty_space height=&#8220;40px&#8220; el_class=&#8220;mobile-hidden&#8220;][\/vc_column][vc_column width=&#8220;1\/2&#8243;][\/vc_column][\/vc_row][vc_row row_type=&#8220;row&#8220; use_row_as_full_screen_section=&#8220;no&#8220; type=&#8220;grid&#8220; text_align=&#8220;center&#8220; background_animation=&#8220;none&#8220; padding_top=&#8220;80&#8243; padding_bottom=&#8220;80&#8243; css_animation=&#8220;&#8220; el_class=&#8220;COPYWHITE&#8220; css=&#8220;.vc_custom_1592818445507{background-color: #1226AA !important;}&#8220;][vc_column width=&#8220;2\/3&#8243;][vc_empty_space][vc_column_text]<\/p>\n<h4>Sie m\u00f6chten mehr \u00fcber die Gr\u00fcndung eines Unternehmens in den Philippinen erfahren?<\/h4>\n<p>[\/vc_column_text][vc_empty_space][\/vc_column][vc_column width=&#8220;1\/3&#8243;][vc_empty_space]<a href=\"\/de\/unternehmen-gruenden\/#Guidance\" target=\"_self\" data-hover-background-color=#1226aa data-hover-border-color=#1226aa data-hover-color=#ffffff class=\"qbutton  large move_icon qbutton_with_icon\" style=\"color: #1226aa; border-color: #ffffff; background-color: #ffffff;\">ERHALTEN SIE HIER WEITERE BERATUNG<i class=\"button_icon  fa fa-arrow-right\" style=\"\"><\/i><\/a>[vc_empty_space][\/vc_column][\/vc_row][vc_row row_type=&#8220;row&#8220; use_row_as_full_screen_section=&#8220;no&#8220; type=&#8220;grid&#8220; text_align=&#8220;center&#8220; background_animation=&#8220;none&#8220; padding_top=&#8220;0&#8243; padding_bottom=&#8220;0&#8243; css_animation=&#8220;&#8220;][vc_column][vc_empty_space height=&#8220;40px&#8220;][vc_empty_space height=&#8220;120px&#8220; el_class=&#8220;mobile-hidden&#8220;][vc_column_text]<\/p>\n<h2>SIE M\u00d6CHTEN \u00dcBER IHR VORHABEN SPRECHEN?<\/h2>\n<p>[\/vc_column_text][vc_empty_space height=&#8220;40px&#8220;][vc_column_text]<\/p>\n<h4 class=\"p1\">Fordern Sie noch heute eine kostenlose Beratung durch einen unserer Investmentspezialisten an.<\/h4>\n<p>[\/vc_column_text][vc_empty_space height=&#8220;40px&#8220;]<a href=\"\/de\/kontakt\/\" target=\"_self\"  class=\"qbutton  large\" style=\"\">JETZT KONTAKTIEREN<\/a>[vc_empty_space height=&#8220;40px&#8220;][vc_empty_space height=&#8220;120px&#8220; el_class=&#8220;mobile-hidden&#8220;][\/vc_column][\/vc_row]<\/p>\n","protected":false},"excerpt":{"rendered":"<p>[vc_row row_type=&#8220;row&#8220; use_row_as_full_screen_section=&#8220;no&#8220; type=&#8220;full_width&#8220; text_align=&#8220;center&#8220; background_animation=&#8220;none&#8220; padding_top=&#8220;0&#8243; padding_bottom=&#8220;0&#8243; css_animation=&#8220;&#8220; css=&#8220;.vc_custom_1593544462168{background-color: #1226AA !important;}&#8220; el_class=&#8220;COPYWHITE&#8220;][vc_column][vc_empty_space height=&#8220;100px&#8220;][vc_empty_space height=&#8220;100px&#8220; el_class=&#8220;mobile-hidden&#8220;][vc_column_text el_class=&#8220;controlled-h1&#8243;] Land und Immobilien [\/vc_column_text][vc_empty_space height=&#8220;100px&#8220;][vc_empty_space height=&#8220;100px&#8220; el_class=&#8220;mobile-hidden&#8220;][\/vc_column][\/vc_row][vc_row row_type=&#8220;row&#8220; use_row_as_full_screen_section=&#8220;no&#8220; type=&#8220;grid&#8220; text_align=&#8220;left&#8220; background_animation=&#8220;none&#8220; padding_top=&#8220;0&#8243; padding_bottom=&#8220;0&#8243; css_animation=&#8220;&#8220;][vc_column width=&#8220;1\/2&#8243; el_class=&#8220;mobile-fit&#8220;][vc_empty_space height=&#8220;20px&#8220;][vc_empty_space height=&#8220;40px&#8220;][vc_column_text]Die Philippinen bieten eine enorme Vielfalt an verf\u00fcgbaren Pacht- oder&#8230;<\/p>\n","protected":false},"author":1,"featured_media":0,"parent":2094,"menu_order":0,"comment_status":"closed","ping_status":"closed","template":"full_width.php","meta":{"footnotes":""},"class_list":["post-2131","page","type-page","status-publish","hentry"],"_links":{"self":[{"href":"https:\/\/philippines.business\/de\/wp-json\/wp\/v2\/pages\/2131","targetHints":{"allow":["GET"]}}],"collection":[{"href":"https:\/\/philippines.business\/de\/wp-json\/wp\/v2\/pages"}],"about":[{"href":"https:\/\/philippines.business\/de\/wp-json\/wp\/v2\/types\/page"}],"author":[{"embeddable":true,"href":"https:\/\/philippines.business\/de\/wp-json\/wp\/v2\/users\/1"}],"replies":[{"embeddable":true,"href":"https:\/\/philippines.business\/de\/wp-json\/wp\/v2\/comments?post=2131"}],"version-history":[{"count":7,"href":"https:\/\/philippines.business\/de\/wp-json\/wp\/v2\/pages\/2131\/revisions"}],"predecessor-version":[{"id":5822,"href":"https:\/\/philippines.business\/de\/wp-json\/wp\/v2\/pages\/2131\/revisions\/5822"}],"up":[{"embeddable":true,"href":"https:\/\/philippines.business\/de\/wp-json\/wp\/v2\/pages\/2094"}],"wp:attachment":[{"href":"https:\/\/philippines.business\/de\/wp-json\/wp\/v2\/media?parent=2131"}],"curies":[{"name":"wp","href":"https:\/\/api.w.org\/{rel}","templated":true}]}}