{"id":2130,"date":"2020-07-10T18:49:15","date_gmt":"2020-07-10T17:49:15","guid":{"rendered":"https:\/\/philippines.business\/unternehmen-gruenden\/visas-and-immigration\/"},"modified":"2021-02-04T11:40:01","modified_gmt":"2021-02-04T11:40:01","slug":"visa-und-einwanderung","status":"publish","type":"page","link":"https:\/\/philippines.business\/de\/unternehmen-gruenden\/visa-und-einwanderung\/","title":{"rendered":"Visa und Einwanderung"},"content":{"rendered":"<p>[vc_row row_type=&#8220;row&#8220; use_row_as_full_screen_section=&#8220;no&#8220; type=&#8220;full_width&#8220; text_align=&#8220;center&#8220; background_animation=&#8220;none&#8220; padding_top=&#8220;0&#8243; padding_bottom=&#8220;0&#8243; css_animation=&#8220;&#8220; css=&#8220;.vc_custom_1593544462168{background-color: #1226AA !important;}&#8220; el_class=&#8220;COPYWHITE&#8220;][vc_column][vc_empty_space height=&#8220;100px&#8220;][vc_empty_space height=&#8220;100px&#8220; el_class=&#8220;mobile-hidden&#8220;][vc_column_text el_class=&#8220;controlled-h1&#8243;]<\/p>\n<h1>Visa und Einwanderung<\/h1>\n<p>[\/vc_column_text][vc_empty_space height=&#8220;100px&#8220;][vc_empty_space height=&#8220;100px&#8220; el_class=&#8220;mobile-hidden&#8220;][\/vc_column][\/vc_row][vc_row row_type=&#8220;row&#8220; use_row_as_full_screen_section=&#8220;no&#8220; type=&#8220;grid&#8220; text_align=&#8220;left&#8220; background_animation=&#8220;none&#8220; padding_top=&#8220;0&#8243; padding_bottom=&#8220;0&#8243; css_animation=&#8220;&#8220;][vc_column width=&#8220;1\/2&#8243; el_class=&#8220;mobile-fit&#8220;][vc_empty_space height=&#8220;40px&#8220;][vc_empty_space height=&#8220;40px&#8220; el_class=&#8220;mobile-hidden&#8220;][vc_column_text]Unser Visa- und Einwanderungssystem hilft Ihnen, Ihr Unternehmen in unserem Land einfach und effizient aufzubauen. Von 30-t\u00e4gigen visafreien Aufenthalten bis hin zu Arbeitsvisa f\u00fcr ausl\u00e4ndische Staatsangeh\u00f6rige haben wir f\u00fcr alle F\u00e4lle vorgesorgt.[\/vc_column_text][vc_empty_space height=&#8220;40px&#8220; el_class=&#8220;mobile-hidden&#8220;][vc_column_text]<\/p>\n<h3>Kurzaufenthalte<\/h3>\n<p>Die Staatsangeh\u00f6rigen der meisten Staaten k\u00f6nnen die Philippinen ohne Visa 30 Tage lang besuchen \u2013 ideal f\u00fcr Gesch\u00e4ftsreisen, um m\u00f6gliche Partner zu treffen und Gesch\u00e4ftsm\u00f6glichkeiten zu pr\u00fcfen.[\/vc_column_text][vc_empty_space height=&#8220;40px&#8220;][vc_column_text]<\/p>\n<h3>L\u00e4ngere Aufenthalte<\/h3>\n<p>Wir erleichtern es Ihnen und Ihrem Team, sich w\u00e4hrend Ihrer Gr\u00fcndungsphase im Land niederzulassen. Sie k\u00f6nnen folgende Visa beantragen:<\/p>\n<ul>\n<li><strong>Alien Employment Permit:<\/strong> Diese Arbeitserlaubnis f\u00fcr Ausl\u00e4nder erlaubt Ihnen, in den Philippinen zu arbeiten, w\u00e4hrend Sie auf eine Arbeit oder auf ein Resident Visum warten.<\/li>\n<li><strong>Special Investor Resident Visa:<\/strong> Diese Visa gew\u00e4hren Ihnen den unbegrenzten Aufenthalt im Land \u2013 so lange, wie Ihr Unternehmen in den Philippinen registriert ist.<\/li>\n<\/ul>\n<p><a href=\"https:\/\/philippines.business\/de\/unternehmen-gruenden\/einstellung-von-fachkraeften\/\">Ihr Unternehmen in den Philippinen kann auf eine talentierte lokal ans\u00e4ssige Erwerbsbev\u00f6lkerung zur\u00fcckgreifen<\/a>. Wir sind uns jedoch auch bewusst, dass es n\u00f6tig sein kann, ausl\u00e4ndische Staatsangeh\u00f6rige mit ganz speziell f\u00fcr Ihr Gesch\u00e4ft erforderlichen F\u00e4higkeiten, Qualifikationen und Erfahrungen zu besch\u00e4ftigen. Verschiedene Typen von Arbeitsvisa stehen zur Verf\u00fcgung:<\/p>\n<ul>\n<li><b>Vorab arrangierte Arbeitsvisa:<\/b> Diese erm\u00f6glichen es Unternehmen, ausl\u00e4ndische Staatsangeh\u00f6rige einzustellen, die \u00fcber F\u00e4higkeiten und Qualifikationen verf\u00fcgen, die im Land m\u00f6glicherweise knapp sind.<\/li>\n<li><b>Spezielle Nicht-Einwanderungs-Visa:<\/b> Mit diesen Visa k\u00f6nnen Sie ausl\u00e4ndische Staatsangeh\u00f6rige dabei unterst\u00fctzen, speziell f\u00fcr Ihr Unternehmen zu arbeiten, und so Schl\u00fcsselpositionen besetzen.<\/li>\n<\/ul>\n<p class=\"p1\">Eine Reihe von Unternehmen kann Ihnen beim Prozess der Visabeschaffung helfen und akkreditierte Rechtsanw\u00e4lte stehen zur Unterst\u00fctzung bereit. Akkreditierte Kanzleien in den Philippinen finden Sie \u00fcber die Einwanderungsbeh\u00f6rde<\/p>\n<p>[\/vc_column_text][vc_empty_space height=&#8220;20px&#8220;]<a href=\"http:\/\/www.immigration.gov.ph\/53-list-of-accredited-entities\/351-accredited-law-offices\" target=\"_blank\" data-hover-background-color=#c02d24 data-hover-border-color=#c02d24  class=\"qbutton  qbutton_with_icon\" style=\"border-color: #d8d8d8; background-color: #d8d8d8;\">Bureau of Immigration<i class=\"button_icon  fa fa-external-link\" style=\"\"><\/i><\/a>[vc_empty_space height=&#8220;40px&#8220;][vc_column_text]<\/p>\n<h3>Leben in den Philippinen<\/h3>\n<p>Hier in den Philippinen genie\u00dfen Sie eine fantastische Lebensqualit\u00e4t. Im Herzen von S\u00fcdostasien gelegen, bieten unsere Inseln eine atemberaubende Vielfalt, von kosmopolitischen St\u00e4dten \u00fcber idyllische Str\u00e4nde bis hin zu tropischen Regenw\u00e4ldern.<\/p>\n<p>Unsere Menschen tragen viel zum Zauber des Landes bei \u2013 auch deswegen gr\u00fcnden Unternehmen aus der ganzen Welt hier ihre Niederlassung. Zahlreiche erstklassige internationale Schulen in den Philippinen vermitteln Ihrer Familie h\u00f6chste Bildungsstandards.[\/vc_column_text][vc_empty_space height=&#8220;60px&#8220;][\/vc_column][vc_column width=&#8220;1\/2&#8243;][\/vc_column][\/vc_row][vc_row row_type=&#8220;row&#8220; use_row_as_full_screen_section=&#8220;no&#8220; type=&#8220;grid&#8220; text_align=&#8220;center&#8220; background_animation=&#8220;none&#8220; padding_top=&#8220;80&#8243; padding_bottom=&#8220;80&#8243; css_animation=&#8220;&#8220; el_class=&#8220;COPYWHITE&#8220; css=&#8220;.vc_custom_1592818445507{background-color: #1226AA !important;}&#8220;][vc_column width=&#8220;2\/3&#8243;][vc_empty_space][vc_column_text]<\/p>\n<h4>Sie m\u00f6chten mehr \u00fcber die Gr\u00fcndung eines Unternehmens in den Philippinen erfahren?<\/h4>\n<p>[\/vc_column_text][vc_empty_space][\/vc_column][vc_column width=&#8220;1\/3&#8243;][vc_empty_space]<a href=\"\/de\/unternehmen-gruenden\/#Guidance\" target=\"_self\" data-hover-background-color=#1226aa data-hover-border-color=#1226aa data-hover-color=#ffffff class=\"qbutton  large move_icon qbutton_with_icon\" style=\"color: #1226aa; border-color: #ffffff; background-color: #ffffff;\">ERHALTEN SIE HIER WEITERE BERATUNG<i class=\"button_icon  fa fa-arrow-right\" style=\"\"><\/i><\/a>[vc_empty_space][\/vc_column][\/vc_row][vc_row row_type=&#8220;row&#8220; use_row_as_full_screen_section=&#8220;no&#8220; type=&#8220;grid&#8220; text_align=&#8220;center&#8220; background_animation=&#8220;none&#8220; padding_top=&#8220;0&#8243; padding_bottom=&#8220;0&#8243; css_animation=&#8220;&#8220;][vc_column][vc_empty_space height=&#8220;40px&#8220;][vc_empty_space height=&#8220;120px&#8220; el_class=&#8220;mobile-hidden&#8220;][vc_column_text]<\/p>\n<h2>SIE M\u00d6CHTEN \u00dcBER IHR VORHABEN SPRECHEN?<\/h2>\n<p>[\/vc_column_text][vc_empty_space height=&#8220;40px&#8220;][vc_column_text]<\/p>\n<h4 class=\"p1\">Fordern Sie noch heute eine kostenlose Beratung durch einen unserer Investmentspezialisten an.<\/h4>\n<p>[\/vc_column_text][vc_empty_space height=&#8220;40px&#8220;]<a href=\"\/de\/kontakt\/\" target=\"_self\"  class=\"qbutton  large\" style=\"\">JETZT KONTAKTIEREN<\/a>[vc_empty_space height=&#8220;40px&#8220;][vc_empty_space height=&#8220;120px&#8220; el_class=&#8220;mobile-hidden&#8220;][\/vc_column][\/vc_row]<\/p>\n","protected":false},"excerpt":{"rendered":"<p>[vc_row row_type=&#8220;row&#8220; use_row_as_full_screen_section=&#8220;no&#8220; type=&#8220;full_width&#8220; text_align=&#8220;center&#8220; background_animation=&#8220;none&#8220; padding_top=&#8220;0&#8243; padding_bottom=&#8220;0&#8243; css_animation=&#8220;&#8220; css=&#8220;.vc_custom_1593544462168{background-color: #1226AA !important;}&#8220; el_class=&#8220;COPYWHITE&#8220;][vc_column][vc_empty_space height=&#8220;100px&#8220;][vc_empty_space height=&#8220;100px&#8220; el_class=&#8220;mobile-hidden&#8220;][vc_column_text el_class=&#8220;controlled-h1&#8243;] Visa und Einwanderung [\/vc_column_text][vc_empty_space height=&#8220;100px&#8220;][vc_empty_space height=&#8220;100px&#8220; el_class=&#8220;mobile-hidden&#8220;][\/vc_column][\/vc_row][vc_row row_type=&#8220;row&#8220; use_row_as_full_screen_section=&#8220;no&#8220; type=&#8220;grid&#8220; text_align=&#8220;left&#8220; background_animation=&#8220;none&#8220; padding_top=&#8220;0&#8243; padding_bottom=&#8220;0&#8243; css_animation=&#8220;&#8220;][vc_column width=&#8220;1\/2&#8243; el_class=&#8220;mobile-fit&#8220;][vc_empty_space height=&#8220;40px&#8220;][vc_empty_space height=&#8220;40px&#8220; el_class=&#8220;mobile-hidden&#8220;][vc_column_text]Unser Visa- und Einwanderungssystem hilft Ihnen, Ihr Unternehmen in&#8230;<\/p>\n","protected":false},"author":1,"featured_media":0,"parent":2094,"menu_order":0,"comment_status":"closed","ping_status":"closed","template":"full_width.php","meta":{"footnotes":""},"class_list":["post-2130","page","type-page","status-publish","hentry"],"_links":{"self":[{"href":"https:\/\/philippines.business\/de\/wp-json\/wp\/v2\/pages\/2130","targetHints":{"allow":["GET"]}}],"collection":[{"href":"https:\/\/philippines.business\/de\/wp-json\/wp\/v2\/pages"}],"about":[{"href":"https:\/\/philippines.business\/de\/wp-json\/wp\/v2\/types\/page"}],"author":[{"embeddable":true,"href":"https:\/\/philippines.business\/de\/wp-json\/wp\/v2\/users\/1"}],"replies":[{"embeddable":true,"href":"https:\/\/philippines.business\/de\/wp-json\/wp\/v2\/comments?post=2130"}],"version-history":[{"count":6,"href":"https:\/\/philippines.business\/de\/wp-json\/wp\/v2\/pages\/2130\/revisions"}],"predecessor-version":[{"id":5827,"href":"https:\/\/philippines.business\/de\/wp-json\/wp\/v2\/pages\/2130\/revisions\/5827"}],"up":[{"embeddable":true,"href":"https:\/\/philippines.business\/de\/wp-json\/wp\/v2\/pages\/2094"}],"wp:attachment":[{"href":"https:\/\/philippines.business\/de\/wp-json\/wp\/v2\/media?parent=2130"}],"curies":[{"name":"wp","href":"https:\/\/api.w.org\/{rel}","templated":true}]}}