{"id":2129,"date":"2020-07-13T11:30:54","date_gmt":"2020-07-13T10:30:54","guid":{"rendered":"https:\/\/philippines.business\/unternehmen-gruenden\/tax-and-incentives\/"},"modified":"2021-02-04T11:35:20","modified_gmt":"2021-02-04T11:35:20","slug":"steuern-und-anreize","status":"publish","type":"page","link":"https:\/\/philippines.business\/de\/unternehmen-gruenden\/steuern-und-anreize\/","title":{"rendered":"Steuern und Anreize"},"content":{"rendered":"<p>[vc_row row_type=&#8220;row&#8220; use_row_as_full_screen_section=&#8220;no&#8220; type=&#8220;full_width&#8220; text_align=&#8220;center&#8220; background_animation=&#8220;none&#8220; padding_top=&#8220;0&#8243; padding_bottom=&#8220;0&#8243; css_animation=&#8220;&#8220; css=&#8220;.vc_custom_1593544462168{background-color: #1226AA !important;}&#8220; el_class=&#8220;COPYWHITE&#8220;][vc_column][vc_empty_space height=&#8220;100px&#8220;][vc_empty_space height=&#8220;100px&#8220; el_class=&#8220;mobile-hidden&#8220;][vc_column_text el_class=&#8220;controlled-h1&#8243;]<\/p>\n<h1>Steuern und Anreize<\/h1>\n<p>[\/vc_column_text][vc_empty_space height=&#8220;100px&#8220;][vc_empty_space height=&#8220;100px&#8220; el_class=&#8220;mobile-hidden&#8220;][\/vc_column][\/vc_row][vc_row row_type=&#8220;row&#8220; use_row_as_full_screen_section=&#8220;no&#8220; type=&#8220;grid&#8220; text_align=&#8220;left&#8220; background_animation=&#8220;none&#8220; padding_top=&#8220;0&#8243; padding_bottom=&#8220;0&#8243; css_animation=&#8220;&#8220;][vc_column width=&#8220;1\/2&#8243; el_class=&#8220;mobile-fit&#8220;][vc_empty_space height=&#8220;40px&#8220;][vc_empty_space height=&#8220;40px&#8220; el_class=&#8220;mobile-hidden&#8220;][vc_column_text]<\/p>\n<h3>Anreize<\/h3>\n<p class=\"p1\">Die philippinische Regierung setzt sich daf\u00fcr ein, die Wirtschaft in den Philippinen wettbewerbsf\u00e4hig zu machen. Wir haben Anreize eingerichtet, die eine investorenfreundliche Landschaft schaffen und es Ihnen erm\u00f6glichen, Ihr Unternehmen zu geringeren Kosten zu gr\u00fcnden.<\/p>\n<p class=\"p1\">Ausl\u00e4ndische Unternehmen profitieren von einer Befreiung von der 30%-igen K\u00f6rperschaftssteuer. Dies kann f\u00fcr einen Zeitraum von 4\u20138 Jahren zul\u00e4ssig sein.<\/p>\n<p class=\"p1\">Wir bieten au\u00dferdem Gutschriften f\u00fcr die Befreiung von Steuern und Abgaben auf importierte Rohstoffe und Investitionsg\u00fcter, die f\u00fcr Exportbranchen in Sonderwirtschaftszonen eingesetzt werden. Unternehmen mit Standort in diesen Zonen kommen in den Genuss besonderer Steuers\u00e4tze auf ihr bereinigtes Bruttoeinkommen (Modified Gross Income) anstelle der nationalen und lokalen Steuern.<\/p>\n<p>[\/vc_column_text][vc_empty_space height=&#8220;40px&#8220;][vc_column_text]<\/p>\n<h3>Steuersystem<\/h3>\n<p class=\"p1\">K\u00f6rperschaftssteuer: Unser Steuersystem erhebt sowohl bei ausl\u00e4ndischen als auch inl\u00e4ndischen Unternehmen, die in den Philippinen registriert sind, eine K\u00f6rperschaftssteuer in H\u00f6he von 30 % auf alle hier realisierten Gewinne. Ausl\u00e4ndischen Unternehmen kann eine mehrj\u00e4hrige Steuererleichterung gew\u00e4hrt werden.<\/p>\n<p class=\"p1\"><span style=\"font-weight: 400;\">Lokale Steuern: Die lokalen Steuern variieren je nach Region.<\/span><\/p>\n<p class=\"p1\"><span style=\"font-weight: 400;\">Pers\u00f6nliche Einkommensteuer: Die Einkommenssteuer steigt progressiv von 5 % auf bis zu 35 %.<\/span><\/p>\n<p>[\/vc_column_text][vc_empty_space height=&#8220;40px&#8220;][vc_empty_space height=&#8220;40px&#8220; el_class=&#8220;mobile-hidden&#8220;][\/vc_column][vc_column width=&#8220;1\/2&#8243;][\/vc_column][\/vc_row][vc_row row_type=&#8220;row&#8220; use_row_as_full_screen_section=&#8220;no&#8220; type=&#8220;grid&#8220; text_align=&#8220;center&#8220; background_animation=&#8220;none&#8220; padding_top=&#8220;80&#8243; padding_bottom=&#8220;80&#8243; css_animation=&#8220;&#8220; el_class=&#8220;COPYWHITE&#8220; css=&#8220;.vc_custom_1592818445507{background-color: #1226AA !important;}&#8220;][vc_column width=&#8220;2\/3&#8243;][vc_empty_space][vc_column_text]<\/p>\n<h4>Sie m\u00f6chten mehr \u00fcber die Gr\u00fcndung eines Unternehmens in den Philippinen erfahren?<\/h4>\n<p>[\/vc_column_text][vc_empty_space][\/vc_column][vc_column width=&#8220;1\/3&#8243;][vc_empty_space]<a href=\"\/de\/unternehmen-gruenden\/#Guidance\" target=\"_self\" data-hover-background-color=#1226aa data-hover-border-color=#1226aa data-hover-color=#ffffff class=\"qbutton  large move_icon qbutton_with_icon\" style=\"color: #1226aa; border-color: #ffffff; background-color: #ffffff;\">ERHALTEN SIE HIER WEITERE BERATUNG<i class=\"button_icon  fa fa-arrow-right\" style=\"\"><\/i><\/a>[vc_empty_space][\/vc_column][\/vc_row][vc_row row_type=&#8220;row&#8220; use_row_as_full_screen_section=&#8220;no&#8220; type=&#8220;grid&#8220; text_align=&#8220;center&#8220; background_animation=&#8220;none&#8220; padding_top=&#8220;0&#8243; padding_bottom=&#8220;0&#8243; css_animation=&#8220;&#8220;][vc_column][vc_empty_space height=&#8220;40px&#8220;][vc_empty_space height=&#8220;120px&#8220; el_class=&#8220;mobile-hidden&#8220;][vc_column_text]<\/p>\n<h2>SIE M\u00d6CHTEN \u00dcBER IHR VORHABEN SPRECHEN?<\/h2>\n<p>[\/vc_column_text][vc_empty_space height=&#8220;40px&#8220;][vc_column_text]<\/p>\n<h4 class=\"p1\">Fordern Sie noch heute eine kostenlose Beratung durch einen unserer Investmentspezialisten an.<\/h4>\n<p>[\/vc_column_text][vc_empty_space height=&#8220;40px&#8220;]<a href=\"\/de\/kontakt\/\" target=\"_self\"  class=\"qbutton  large\" style=\"\">JETZT KONTAKTIEREN<\/a>[vc_empty_space height=&#8220;40px&#8220;][vc_empty_space height=&#8220;120px&#8220; el_class=&#8220;mobile-hidden&#8220;][\/vc_column][\/vc_row]<\/p>\n","protected":false},"excerpt":{"rendered":"<p>[vc_row row_type=&#8220;row&#8220; use_row_as_full_screen_section=&#8220;no&#8220; type=&#8220;full_width&#8220; text_align=&#8220;center&#8220; background_animation=&#8220;none&#8220; padding_top=&#8220;0&#8243; padding_bottom=&#8220;0&#8243; css_animation=&#8220;&#8220; css=&#8220;.vc_custom_1593544462168{background-color: #1226AA !important;}&#8220; el_class=&#8220;COPYWHITE&#8220;][vc_column][vc_empty_space height=&#8220;100px&#8220;][vc_empty_space height=&#8220;100px&#8220; el_class=&#8220;mobile-hidden&#8220;][vc_column_text el_class=&#8220;controlled-h1&#8243;] Steuern und Anreize [\/vc_column_text][vc_empty_space height=&#8220;100px&#8220;][vc_empty_space height=&#8220;100px&#8220; el_class=&#8220;mobile-hidden&#8220;][\/vc_column][\/vc_row][vc_row row_type=&#8220;row&#8220; use_row_as_full_screen_section=&#8220;no&#8220; type=&#8220;grid&#8220; text_align=&#8220;left&#8220; background_animation=&#8220;none&#8220; padding_top=&#8220;0&#8243; padding_bottom=&#8220;0&#8243; css_animation=&#8220;&#8220;][vc_column width=&#8220;1\/2&#8243; el_class=&#8220;mobile-fit&#8220;][vc_empty_space height=&#8220;40px&#8220;][vc_empty_space height=&#8220;40px&#8220; el_class=&#8220;mobile-hidden&#8220;][vc_column_text] Anreize Die philippinische Regierung setzt sich daf\u00fcr ein,&#8230;<\/p>\n","protected":false},"author":1,"featured_media":0,"parent":2094,"menu_order":0,"comment_status":"closed","ping_status":"closed","template":"full_width.php","meta":{"footnotes":""},"class_list":["post-2129","page","type-page","status-publish","hentry"],"_links":{"self":[{"href":"https:\/\/philippines.business\/de\/wp-json\/wp\/v2\/pages\/2129","targetHints":{"allow":["GET"]}}],"collection":[{"href":"https:\/\/philippines.business\/de\/wp-json\/wp\/v2\/pages"}],"about":[{"href":"https:\/\/philippines.business\/de\/wp-json\/wp\/v2\/types\/page"}],"author":[{"embeddable":true,"href":"https:\/\/philippines.business\/de\/wp-json\/wp\/v2\/users\/1"}],"replies":[{"embeddable":true,"href":"https:\/\/philippines.business\/de\/wp-json\/wp\/v2\/comments?post=2129"}],"version-history":[{"count":6,"href":"https:\/\/philippines.business\/de\/wp-json\/wp\/v2\/pages\/2129\/revisions"}],"predecessor-version":[{"id":5819,"href":"https:\/\/philippines.business\/de\/wp-json\/wp\/v2\/pages\/2129\/revisions\/5819"}],"up":[{"embeddable":true,"href":"https:\/\/philippines.business\/de\/wp-json\/wp\/v2\/pages\/2094"}],"wp:attachment":[{"href":"https:\/\/philippines.business\/de\/wp-json\/wp\/v2\/media?parent=2129"}],"curies":[{"name":"wp","href":"https:\/\/api.w.org\/{rel}","templated":true}]}}