{"id":2128,"date":"2020-07-09T20:38:43","date_gmt":"2020-07-09T19:38:43","guid":{"rendered":"https:\/\/philippines.business\/unternehmen-gruenden\/infrastructure-logistics\/"},"modified":"2021-02-04T11:37:39","modified_gmt":"2021-02-04T11:37:39","slug":"infrastruktur-und-logistik","status":"publish","type":"page","link":"https:\/\/philippines.business\/de\/unternehmen-gruenden\/infrastruktur-und-logistik\/","title":{"rendered":"Infrastruktur und Logistik"},"content":{"rendered":"<p>[vc_row row_type=&#8220;row&#8220; use_row_as_full_screen_section=&#8220;no&#8220; type=&#8220;full_width&#8220; text_align=&#8220;center&#8220; background_animation=&#8220;none&#8220; css_animation=&#8220;&#8220; css=&#8220;.vc_custom_1594723391476{background-color: #1226AA !important;}&#8220; el_class=&#8220;COPYWHITE&#8220;][vc_column][vc_empty_space height=&#8220;100px&#8220;][vc_empty_space height=&#8220;100px&#8220; el_class=&#8220;mobile-hidden&#8220;][vc_column_text el_class=&#8220;controlled-h1&#8243;]<\/p>\n<h1>Infrastruktur und Logistik<\/h1>\n<p>[\/vc_column_text][vc_empty_space height=&#8220;100px&#8220;][vc_empty_space height=&#8220;100px&#8220; el_class=&#8220;mobile-hidden&#8220;][\/vc_column][\/vc_row][vc_row row_type=&#8220;row&#8220; use_row_as_full_screen_section=&#8220;no&#8220; type=&#8220;grid&#8220; text_align=&#8220;left&#8220; background_animation=&#8220;none&#8220; padding_top=&#8220;80&#8243; padding_bottom=&#8220;80&#8243; css_animation=&#8220;&#8220;][vc_column width=&#8220;1\/2&#8243;][vc_column_text]<span style=\"font-weight: 400;\">Die Infrastruktur in den Philippinen entwickelt sich Jahr um Jahr. Wir verf\u00fcgen \u00fcber mehr als 70 Flugh\u00e4fen und ein ausgedehntes Fernstra\u00dfensystem mit einer Gesamtl\u00e4nge von \u00fcber 32.000 km. Durch den Bau neuer Stra\u00dfen und Fernstra\u00dfen und Investitionen im Telekommunikationssektor wird unsere Infrastruktur kontinuierlich weiter ausgebaut, um Ihre Unternehmung zu unterst\u00fctzen.<\/span>[\/vc_column_text][vc_empty_space height=&#8220;40px&#8220; el_class=&#8220;mobile-hidden&#8220;][vc_column_text]<\/p>\n<h3>Telekommunikation<\/h3>\n<p>[\/vc_column_text][vc_empty_space height=&#8220;20px&#8220;][vc_column_text]Unsere Telekommunikationsinfrastruktur geh\u00f6rt zu den am besten entwickelten Netzsystemen in S\u00fcdostasien und bietet Unternehmen einen au\u00dfergew\u00f6hnlichen technischen Standard.<\/p>\n<p>In den Philippinen operieren gro\u00dfe Telekommunikationsunternehmen und stellen landesweit Internet-, Mobilfunk- und Festnetzleistungen bereit. Die Internetdienste sind fortschrittlich und Breitband ist weit verbreitet. Auch 4G- und 4G+-Abdeckung ist in vielen Regionen verf\u00fcgbar.[\/vc_column_text][vc_empty_space height=&#8220;40px&#8220;][vc_column_text]<\/p>\n<h2>Transportwesen<\/h2>\n<p>[\/vc_column_text][vc_empty_space height=&#8220;40px&#8220;][vc_column_text]<\/p>\n<h3>Luftverkehr<\/h3>\n<p>[\/vc_column_text][vc_empty_space height=&#8220;20px&#8220;][vc_column_text]Mit 70 Flugh\u00e4fen im ganzen Land genie\u00dfen die Philippinen eine umfassendee Luftverkehrsanbindung an Asien, Europa und den Nahen Osten. Der Hauptflughafen der Philippinen bietet Fl\u00fcge zu \u00fcber 90 Destinationen und herausragende Anschlussoptionen. Nur wenige Stunden entfernt von St\u00e4dten wie Hongkong, Tokio oder Taipeh, bieten unsere Flugh\u00e4fen au\u00dferdem hervorragende Reiseoptionen mit Direktfl\u00fcgen nach New York, Abu Dhabi und London. Inlandsfl\u00fcge werden durch s\u00e4mtliche Flugh\u00e4fen abgedeckt und machen das Reisen im Inland m\u00fchelos.[\/vc_column_text][vc_empty_space height=&#8220;40px&#8220;][vc_column_text]<\/p>\n<h3>H\u00e4fen<\/h3>\n<p>[\/vc_column_text][vc_column_text]Die Philippinen besitzen \u00fcber 800 Handelsh\u00e4fen, die eine Vielzahl von Unternehmen bedienen. Der Hafen von Manila ist der gr\u00f6\u00dfte Seehafen der Philippinen und das internationale Transportdrehkreuz des Landes. Mit ihren H\u00e4fen auf jeder Insel k\u00f6nnen die Philippinen insgesamt \u00fcber 200 Millionen Tonnen Fracht bew\u00e4ltigen. Der Hafen von Subic im Norden geh\u00f6rt nach wie vor zu den wichtigsten Exporth\u00e4fen S\u00fcdostasiens und liegt nur 1.000 km von China und Taiwan entfernt; jedes Jahr werden hier 600.000 TEU abgewickelt.[\/vc_column_text][vc_empty_space height=&#8220;40px&#8220;][vc_column_text]<\/p>\n<h3>Stra\u00dfennetz<\/h3>\n<p>[\/vc_column_text][vc_column_text]<span style=\"font-weight: 400;\">Wir verf\u00fcgen \u00fcber ein umfangreiches Stra\u00dfennetz mit einer L\u00e4nge von \u00fcber 32.000 km. Eines der am besten entwickelten Stra\u00dfennetze Netze Asiens macht das Reisen in andere Teile des Landes sicher und effizient. Durch das staatliche Engagement f\u00fcr die Entwicklung der Infrastruktur in den Philippinen wird dieses Netz kontinuierlich weiter ausgebaut.<\/span>[\/vc_column_text][vc_empty_space height=&#8220;40px&#8220;][vc_column_text]<\/p>\n<h3>Transport<\/h3>\n<p>[\/vc_column_text][vc_column_text]Unsere gro\u00dfe Vielzahl an H\u00e4fen und das umfassende Stra\u00dfennetz machen den Transport von Waren innerhalb der Philippinen und dar\u00fcber hinaus einfach. Transport- und Logistikspezialisten stehen bereit, um Ihre G\u00fcter weltweit zu bewegen.[\/vc_column_text][vc_empty_space height=&#8220;40px&#8220;][vc_column_text]<\/p>\n<h2>Versorgungsunternehmen<\/h2>\n<p>[\/vc_column_text][vc_empty_space height=&#8220;40px&#8220;][vc_column_text]<\/p>\n<h3>Wasser<\/h3>\n<p>[\/vc_column_text][vc_column_text]19 gro\u00dfe Staud\u00e4mme in den Philippinen leisten einen Gro\u00dfteil der Wasserversorgung des Landes. [\/vc_column_text][vc_empty_space height=&#8220;40px&#8220;][vc_column_text]<\/p>\n<h3>Strom<\/h3>\n<p>[\/vc_column_text][vc_column_text]Unsere gro\u00dffl\u00e4chige Stromversorgung ist zuverl\u00e4ssig und macht Elektrizit\u00e4t in urbanen wie l\u00e4ndlichen Gebieten breit verf\u00fcgbar.[\/vc_column_text][\/vc_column][vc_column width=&#8220;1\/2&#8243;][\/vc_column][\/vc_row][vc_row row_type=&#8220;row&#8220; use_row_as_full_screen_section=&#8220;no&#8220; type=&#8220;grid&#8220; text_align=&#8220;center&#8220; background_animation=&#8220;none&#8220; padding_top=&#8220;80&#8243; padding_bottom=&#8220;80&#8243; css_animation=&#8220;&#8220; el_class=&#8220;COPYWHITE&#8220; css=&#8220;.vc_custom_1592818445507{background-color: #1226AA !important;}&#8220;][vc_column width=&#8220;2\/3&#8243;][vc_empty_space][vc_column_text]<\/p>\n<h4>Sie m\u00f6chten mehr \u00fcber die Gr\u00fcndung eines Unternehmens in den Philippinen erfahren?<\/h4>\n<p>[\/vc_column_text][vc_empty_space][\/vc_column][vc_column width=&#8220;1\/3&#8243;][vc_empty_space]<a href=\"\/de\/unternehmen-gruenden\/#Guidance\" target=\"_self\" data-hover-background-color=#1226aa data-hover-border-color=#1226aa data-hover-color=#ffffff class=\"qbutton  large move_icon qbutton_with_icon\" style=\"color: #1226aa; border-color: #ffffff; background-color: #ffffff;\">ERHALTEN SIE HIER WEITERE BERATUNG<i class=\"button_icon  fa fa-arrow-right\" style=\"\"><\/i><\/a>[vc_empty_space][\/vc_column][\/vc_row][vc_row row_type=&#8220;row&#8220; use_row_as_full_screen_section=&#8220;no&#8220; type=&#8220;grid&#8220; text_align=&#8220;center&#8220; background_animation=&#8220;none&#8220; padding_top=&#8220;0&#8243; padding_bottom=&#8220;0&#8243; css_animation=&#8220;&#8220;][vc_column][vc_empty_space height=&#8220;40px&#8220;][vc_empty_space height=&#8220;120px&#8220; el_class=&#8220;mobile-hidden&#8220;][vc_column_text]<\/p>\n<h2>SIE M\u00d6CHTEN \u00dcBER IHR VORHABEN SPRECHEN?<\/h2>\n<p>[\/vc_column_text][vc_empty_space height=&#8220;40px&#8220;][vc_column_text]<\/p>\n<h4 class=\"p1\">Fordern Sie noch heute eine kostenlose Beratung durch einen unserer Investmentspezialisten an.<\/h4>\n<p>[\/vc_column_text][vc_empty_space height=&#8220;40px&#8220;]<a href=\"\/de\/kontakt\/\" target=\"_self\"  class=\"qbutton  large\" style=\"\">JETZT KONTAKTIEREN<\/a>[vc_empty_space height=&#8220;40px&#8220;][vc_empty_space height=&#8220;120px&#8220; el_class=&#8220;mobile-hidden&#8220;][\/vc_column][\/vc_row]<\/p>\n","protected":false},"excerpt":{"rendered":"<p>[vc_row row_type=&#8220;row&#8220; use_row_as_full_screen_section=&#8220;no&#8220; type=&#8220;full_width&#8220; text_align=&#8220;center&#8220; background_animation=&#8220;none&#8220; css_animation=&#8220;&#8220; css=&#8220;.vc_custom_1594723391476{background-color: #1226AA !important;}&#8220; el_class=&#8220;COPYWHITE&#8220;][vc_column][vc_empty_space height=&#8220;100px&#8220;][vc_empty_space height=&#8220;100px&#8220; el_class=&#8220;mobile-hidden&#8220;][vc_column_text el_class=&#8220;controlled-h1&#8243;] Infrastruktur und Logistik [\/vc_column_text][vc_empty_space height=&#8220;100px&#8220;][vc_empty_space height=&#8220;100px&#8220; el_class=&#8220;mobile-hidden&#8220;][\/vc_column][\/vc_row][vc_row row_type=&#8220;row&#8220; use_row_as_full_screen_section=&#8220;no&#8220; type=&#8220;grid&#8220; text_align=&#8220;left&#8220; background_animation=&#8220;none&#8220; padding_top=&#8220;80&#8243; padding_bottom=&#8220;80&#8243; css_animation=&#8220;&#8220;][vc_column width=&#8220;1\/2&#8243;][vc_column_text]Die Infrastruktur in den Philippinen entwickelt sich Jahr um Jahr. Wir verf\u00fcgen \u00fcber mehr als&#8230;<\/p>\n","protected":false},"author":1,"featured_media":0,"parent":2094,"menu_order":0,"comment_status":"closed","ping_status":"closed","template":"full_width.php","meta":{"footnotes":""},"class_list":["post-2128","page","type-page","status-publish","hentry"],"_links":{"self":[{"href":"https:\/\/philippines.business\/de\/wp-json\/wp\/v2\/pages\/2128","targetHints":{"allow":["GET"]}}],"collection":[{"href":"https:\/\/philippines.business\/de\/wp-json\/wp\/v2\/pages"}],"about":[{"href":"https:\/\/philippines.business\/de\/wp-json\/wp\/v2\/types\/page"}],"author":[{"embeddable":true,"href":"https:\/\/philippines.business\/de\/wp-json\/wp\/v2\/users\/1"}],"replies":[{"embeddable":true,"href":"https:\/\/philippines.business\/de\/wp-json\/wp\/v2\/comments?post=2128"}],"version-history":[{"count":6,"href":"https:\/\/philippines.business\/de\/wp-json\/wp\/v2\/pages\/2128\/revisions"}],"predecessor-version":[{"id":5824,"href":"https:\/\/philippines.business\/de\/wp-json\/wp\/v2\/pages\/2128\/revisions\/5824"}],"up":[{"embeddable":true,"href":"https:\/\/philippines.business\/de\/wp-json\/wp\/v2\/pages\/2094"}],"wp:attachment":[{"href":"https:\/\/philippines.business\/de\/wp-json\/wp\/v2\/media?parent=2128"}],"curies":[{"name":"wp","href":"https:\/\/api.w.org\/{rel}","templated":true}]}}