{"id":2127,"date":"2020-07-10T19:16:09","date_gmt":"2020-07-10T18:16:09","guid":{"rendered":"https:\/\/philippines.business\/unternehmen-gruenden\/import-export\/"},"modified":"2021-02-04T11:38:04","modified_gmt":"2021-02-04T11:38:04","slug":"import-und-export","status":"publish","type":"page","link":"https:\/\/philippines.business\/de\/unternehmen-gruenden\/import-und-export\/","title":{"rendered":"Import und Export"},"content":{"rendered":"<p>[vc_row row_type=&#8220;row&#8220; use_row_as_full_screen_section=&#8220;no&#8220; type=&#8220;full_width&#8220; text_align=&#8220;center&#8220; background_animation=&#8220;none&#8220; padding_top=&#8220;0&#8243; padding_bottom=&#8220;0&#8243; css_animation=&#8220;&#8220; css=&#8220;.vc_custom_1593544462168{background-color: #1226AA !important;}&#8220; el_class=&#8220;COPYWHITE&#8220;][vc_column][vc_empty_space height=&#8220;100px&#8220;][vc_empty_space height=&#8220;100px&#8220; el_class=&#8220;mobile-hidden&#8220;][vc_column_text el_class=&#8220;controlled-h1&#8243;]<\/p>\n<h1>Import und Export<\/h1>\n<p>[\/vc_column_text][vc_empty_space height=&#8220;100px&#8220;][vc_empty_space height=&#8220;100px&#8220; el_class=&#8220;mobile-hidden&#8220;][\/vc_column][\/vc_row][vc_row row_type=&#8220;row&#8220; use_row_as_full_screen_section=&#8220;no&#8220; type=&#8220;grid&#8220; text_align=&#8220;left&#8220; background_animation=&#8220;none&#8220; padding_top=&#8220;0&#8243; padding_bottom=&#8220;0&#8243; css_animation=&#8220;&#8220;][vc_column width=&#8220;1\/2&#8243; el_class=&#8220;mobile-fit&#8220;][vc_empty_space height=&#8220;40px&#8220;][vc_empty_space height=&#8220;40px&#8220; el_class=&#8220;mobile-hidden&#8220;][vc_column_text]<\/p>\n<h3>Weltweiter Handel<\/h3>\n<p><span style=\"font-weight: 400;\">Die Philippinen sind ein zentraler Mitgliedsstaat der Association of Southeast Asian Nations (ASEAN), ein bedeutendes globales Drehkreuz f\u00fcr Fertigung und Handel. Mit einem Endverbrauchermarkt von \u00fcber 620 Millionen Menschen z\u00e4hlt die Region zu den am schnellsten wachsenden Endverbraucherm\u00e4rkten der Welt. Die Konsumnachfrage im ASEAN-Raum ist hoch und wird den Erwartungen zufolge noch zunehmen, w\u00e4hrend das BIP in der Region weiter steigt.<\/span><\/p>\n<p>Eine Niederlassung in den Philippinen gibt Ihnen entscheidenden Zugang zu Export und Import in und aus diesem Markt. Zudem er\u00f6ffnen sich einzigartige Chancen, von den ASEAN-Freihandelsabkommen zu profitieren, die den Handel und Investitionen innerhalb der Region und \u00fcber sie hinaus f\u00f6rdern.[\/vc_column_text][vc_empty_space height=&#8220;40px&#8220; el_class=&#8220;mobile-hidden&#8220;][vc_raw_html]JTNDdGFibGUlM0UlMEElM0N0aGVhZCUzRSUwQSUyMCUyMCUzQ3RyJTNFJTBBJTIwJTIwJTIwJTIwJTNDdGglM0VGcmVpaGFuZGVsc2Fia29tbWVuJTNBJTNDJTJGdGglM0UlMEElMjAlMjAlMjAlMjAlM0N0aCUzRUJJUCUzQyUyRnRoJTNFJTBBJTIwJTIwJTIwJTIwJTNDdGglM0VFbmR2ZXJicmF1Y2hlcm1hcmt0JTNDJTJGdGglM0UlMEElMjAlMjAlM0MlMkZ0ciUzRSUwQSUzQyUyRnRoZWFkJTNFJTBBJTNDdGJvZHklM0UlMEElMjAlMjAlM0N0ciUzRSUwQSUyMCUyMCUyMCUyMCUzQ3RkJTNFQXJlaWhhbmRlbHN6b25lJTIwQVNFQU4tQXVzdHJhbGllbi1OZXVzZWVsYW5kJTIwJTI4QUFOWkZUQSUyOSUzQyUyRnRkJTNFJTBBJTIwJTIwJTIwJTIwJTNDdGQlM0UyODUlMjBCaWxsaW9uZW4lMjBVU0QlM0MlMkZ0ZCUzRSUwQSUyMCUyMCUyMCUyMCUzQ3RkJTNFNjUwJTIwTWlvLiUzQyUyRnRkJTNFJTBBJTIwJTIwJTNDJTJGdHIlM0UlMEElMjAlMjAlM0N0ciUzRSUwQSUyMCUyMCUyMCUyMCUzQ3RkJTNFRnJlaWhhbmRlbHN6b25lJTIwQVNFQU4tQ2hpbmElMjAlMjhBQ0ZUQSUyOSUzQyUyRnRkJTNFJTBBJTIwJTIwJTIwJTIwJTNDdGQlM0UxMiUyMEJpbGxpb25lbiUyMFVTRCUzQyUyRnRkJTNFJTBBJTIwJTIwJTIwJTIwJTNDdGQlM0UxJTJDNCUyME1yZC4lM0MlMkZ0ZCUzRSUwQSUyMCUyMCUzQyUyRnRyJTNFJTBBJTIwJTIwJTNDdHIlM0UlMEElMjAlMjAlMjAlMjAlM0N0ZCUzRUZyZWloYW5kZWxzem9uZSUyMEFTRUFOLUluZGllbiUyMCUyOEFJRlRBJTI5JTNDJTJGdGQlM0UlMEElMjAlMjAlMjAlMjAlM0N0ZCUzRTI4NiUyMEJpbGxpb25lbiUyMFVTRCUzQyUyRnRkJTNFJTBBJTIwJTIwJTIwJTIwJTNDdGQlM0UyJTIwTXJkLiUzQyUyRnRkJTNFJTBBJTIwJTIwJTNDJTJGdHIlM0UlMEElMjAlMjAlM0N0ciUzRSUwQSUyMCUyMCUyMCUyMCUzQ3RkJTNFRnJlaWhhbmRlbHN6b25lJTIwQVNFQU4tUyVDMyVCQ2Rrb3JlYSUyMCUyOEFLRlRBJTI5JTNDJTJGdGQlM0UlMEElMjAlMjAlMjAlMjAlM0N0ZCUzRTI4NSUyMEJpbGxpb25lbiUyMFVTRCUzQyUyRnRkJTNFJTBBJTIwJTIwJTIwJTIwJTNDdGQlM0U2NjcwJTIwTWlvLiUzQyUyRnRkJTNFJTBBJTIwJTIwJTNDJTJGdHIlM0UlMEElMjAlMjAlM0N0ciUzRSUwQSUyMCUyMCUyMCUyMCUzQ3RkJTNFRnJlaWhhbmRlbHN6b25lJTIwQVNFQU4tSmFwYW4lMjAlMjhBSkZUQSUyOSUzQyUyRnRkJTNFJTBBJTIwJTIwJTIwJTIwJTNDdGQlM0UyODglMjBCaWxsaW9uZW4lMjBVU0QlM0MlMkZ0ZCUzRSUwQSUyMCUyMCUyMCUyMCUzQ3RkJTNFNzUwJTIwTWlvLiUzQyUyRnRkJTNFJTBBJTIwJTIwJTNDJTJGdHIlM0UlMEElMjAlMjAlM0N0ciUzRSUwQSUyMCUyMCUyMCUyMCUzQ3RkJTNFRXVyb3AlQzMlQTRpc2NoZSUyMEZyZWloYW5kZWxzem9uZSUyMCUyOEVGVEElMjklM0MlMkZ0ZCUzRSUwQSUyMCUyMCUyMCUyMCUzQ3RkJTNFMSUyQzElMjBCaWxsaW9uZW4lMjBVU0QlM0MlMkZ0ZCUzRSUwQSUyMCUyMCUyMCUyMCUzQ3RkJTNFMTQlMjBNaW8uJTNDJTJGdGQlM0UlMEElMjAlMjAlM0MlMkZ0ciUzRSUwQSUyMCUyMCUzQ3RyJTNFJTBBJTIwJTIwJTIwJTIwJTNDdGQlM0VXaXJ0c2NoYWZ0c2Fia29tbWVuJTIwUGhpbGlwcGluZW4tSmFwYW4lMjAlMjhQSkVQQSUyOSUzQyUyRnRkJTNFJTBBJTIwJTIwJTIwJTIwJTNDdGQlM0U1JTJDMiUyMEJpbGxpb25lbiUyMFVTRCUzQyUyRnRkJTNFJTBBJTIwJTIwJTIwJTIwJTNDdGQlM0UyMzAlMjBNaW8uJTNDJTJGdGQlM0UlMEElMjAlMjAlM0MlMkZ0ciUzRSUwQSUzQyUyRnRib2R5JTNFJTBBJTNDJTJGdGFibGUlM0U=[\/vc_raw_html][vc_empty_space height=&#8220;40px&#8220;][vc_raw_html]JTNDdGFibGUlM0UlMEElM0N0aGVhZCUzRSUwQSUyMCUyMCUzQ3RyJTNFJTBBJTIwJTIwJTIwJTIwJTNDdGglM0UlM0NiJTNFV2VpdGVyZSUyMEFia29tbWVuJTNBJTNDJTJGYiUzRSUzQyUyRnRoJTNFJTBBJTIwJTIwJTIwJTIwJTNDdGglM0UlM0NiJTNFQklQJTNDJTJGYiUzRSUzQyUyRnRoJTNFJTBBJTIwJTIwJTIwJTIwJTNDdGglM0UlM0NiJTNFRW5kdmVyYnJhdWNoZXJtYXJrdCUzQyUyRmIlM0UlM0MlMkZ0aCUzRSUwQSUyMCUyMCUzQyUyRnRyJTNFJTBBJTNDJTJGdGhlYWQlM0UlMEElM0N0Ym9keSUzRSUwQSUyMCUyMCUzQ3RyJTNFJTBBJTIwJTIwJTIwJTIwJTNDdGQlM0VBUFMlMjBFdXJvcCVDMyVBNGlzY2hlJTIwVW5pb24lMjAlMkIlMjBQaGlsaXBwaW5lbiUzQyUyRnRkJTNFJTBBJTIwJTIwJTIwJTIwJTNDdGQlM0UxOCUyMEJpbGxpb25lbiUyMFVTRCUzQyUyRnRkJTNFJTBBJTIwJTIwJTIwJTIwJTNDdGQlM0U2MTYlMjBNaW8uJTNDJTJGdGQlM0UlMEElMjAlMjAlM0MlMkZ0ciUzRSUwQSUyMCUyMCUzQ3RyJTNFJTBBJTIwJTIwJTIwJTIwJTNDdGQlM0VBUFMlMjBVU0ElMjAlMkIlMjBQaGlsaXBwaW5lbiUzQyUyRnRkJTNFJTBBJTIwJTIwJTIwJTIwJTNDdGQlM0UxOSUyMEJpbGxpb25lbiUyMFVTRCUzQyUyRnRkJTNFJTBBJTIwJTIwJTIwJTIwJTNDdGQlM0U0MzAlMjBNaW8uJTNDJTJGdGQlM0UlMEElMjAlMjAlM0MlMkZ0ciUzRSUwQSUzQyUyRnRib2R5JTNFJTBBJTNDJTJGdGFibGUlM0U=[\/vc_raw_html][vc_empty_space height=&#8220;40px&#8220;][vc_column_text]<span style=\"font-weight: 400;\">S\u00e4mtliche Zolltarife k\u00f6nnen Sie online \u00fcber unsere:<\/span>[\/vc_column_text][vc_empty_space height=&#8220;20px&#8220;]<a href=\"http:\/\/finder.tariffcommission.gov.ph\/index.php?page=tariff-finder3\" target=\"_blank\" data-hover-background-color=#c02d24 data-hover-border-color=#c02d24  class=\"qbutton  qbutton_with_icon\" style=\"border-color: #d8d8d8; background-color: #d8d8d8;\">Digitale Suchfunktion einsehen<i class=\"button_icon  fa fa-external-link\" style=\"\"><\/i><\/a>[vc_empty_space height=&#8220;40px&#8220;][vc_column_text]<\/p>\n<h3>Sonderwirtschaftszonen und Anreize<\/h3>\n<p><span style=\"font-weight: 400;\">Wir haben Anreizpakete aufgelegt, die Ihnen helfen, Ihren Umzugsaufwand und Ihre Betriebskosten zu reduzieren, und so Ihre Produkte und Dienstleistungen noch wettbewerbsf\u00e4higer zu machen.<\/span><\/p>\n<p>&nbsp;<\/p>\n<p><span style=\"font-weight: 400;\">Eine Reihe von Wirtschaftszonen mit speziellen Exportanreizen machen die Philippinen zu einer hervorragenden Exportbasis. Unternehmen mit Standorten in diesen Zonen kommen in den Genuss besonderer Steuers\u00e4tzen auf ihr bereinigtes Bruttoeinkommen (sog. Modified Gross Income) anstelle der nationalen und lokalen Steuern.<\/span><\/p>\n<p><span style=\"font-weight: 400;\">Zu diesen Wirtschaftszonen z\u00e4hlen Gewerbegebiete, freie Exportzonen, Freihandelszonen, touristische Wirtschaftszonen sowie IT-Komplexe und -Parks. Wir haben uns der Unterst\u00fctzung des Exportsektors verschrieben und gew\u00e4hren Exportunternehmen zahlreiche steuerliche Anreize.<\/span>[\/vc_column_text][vc_empty_space height=&#8220;60px&#8220;][\/vc_column][vc_column width=&#8220;1\/2&#8243;][\/vc_column][\/vc_row][vc_row row_type=&#8220;row&#8220; use_row_as_full_screen_section=&#8220;no&#8220; type=&#8220;grid&#8220; text_align=&#8220;center&#8220; background_animation=&#8220;none&#8220; padding_top=&#8220;80&#8243; padding_bottom=&#8220;80&#8243; css_animation=&#8220;&#8220; el_class=&#8220;COPYWHITE&#8220; css=&#8220;.vc_custom_1592818445507{background-color: #1226AA !important;}&#8220;][vc_column width=&#8220;2\/3&#8243;][vc_empty_space][vc_column_text]<\/p>\n<h4>Sie m\u00f6chten mehr \u00fcber die Gr\u00fcndung eines Unternehmens in den Philippinen erfahren?<\/h4>\n<p>[\/vc_column_text][vc_empty_space][\/vc_column][vc_column width=&#8220;1\/3&#8243;][vc_empty_space]<a href=\"\/de\/unternehmen-gruenden\/#Guidance\" target=\"_self\" data-hover-background-color=#1226aa data-hover-border-color=#1226aa data-hover-color=#ffffff class=\"qbutton  large move_icon qbutton_with_icon\" style=\"color: #1226aa; border-color: #ffffff; background-color: #ffffff;\">ERHALTEN SIE HIER WEITERE BERATUNG<i class=\"button_icon  fa fa-arrow-right\" style=\"\"><\/i><\/a>[vc_empty_space][\/vc_column][\/vc_row][vc_row row_type=&#8220;row&#8220; use_row_as_full_screen_section=&#8220;no&#8220; type=&#8220;grid&#8220; text_align=&#8220;center&#8220; background_animation=&#8220;none&#8220; padding_top=&#8220;0&#8243; padding_bottom=&#8220;0&#8243; css_animation=&#8220;&#8220;][vc_column][vc_empty_space height=&#8220;40px&#8220;][vc_empty_space height=&#8220;120px&#8220; el_class=&#8220;mobile-hidden&#8220;][vc_column_text]<\/p>\n<h2>SIE M\u00d6CHTEN \u00dcBER IHR VORHABEN SPRECHEN?<\/h2>\n<p>[\/vc_column_text][vc_empty_space height=&#8220;40px&#8220;][vc_column_text]<\/p>\n<h4 class=\"p1\">Fordern Sie noch heute eine kostenlose Beratung durch einen unserer Investmentspezialisten an.<\/h4>\n<p>[\/vc_column_text][vc_empty_space height=&#8220;40px&#8220;]<a href=\"\/de\/kontakt\/\" target=\"_self\"  class=\"qbutton  large\" style=\"\">JETZT KONTAKTIEREN<\/a>[vc_empty_space height=&#8220;40px&#8220;][vc_empty_space height=&#8220;120px&#8220; el_class=&#8220;mobile-hidden&#8220;][\/vc_column][\/vc_row]<\/p>\n","protected":false},"excerpt":{"rendered":"<p>[vc_row row_type=&#8220;row&#8220; use_row_as_full_screen_section=&#8220;no&#8220; type=&#8220;full_width&#8220; text_align=&#8220;center&#8220; background_animation=&#8220;none&#8220; padding_top=&#8220;0&#8243; padding_bottom=&#8220;0&#8243; css_animation=&#8220;&#8220; css=&#8220;.vc_custom_1593544462168{background-color: #1226AA !important;}&#8220; el_class=&#8220;COPYWHITE&#8220;][vc_column][vc_empty_space height=&#8220;100px&#8220;][vc_empty_space height=&#8220;100px&#8220; el_class=&#8220;mobile-hidden&#8220;][vc_column_text el_class=&#8220;controlled-h1&#8243;] Import und Export [\/vc_column_text][vc_empty_space height=&#8220;100px&#8220;][vc_empty_space height=&#8220;100px&#8220; el_class=&#8220;mobile-hidden&#8220;][\/vc_column][\/vc_row][vc_row row_type=&#8220;row&#8220; use_row_as_full_screen_section=&#8220;no&#8220; type=&#8220;grid&#8220; text_align=&#8220;left&#8220; background_animation=&#8220;none&#8220; padding_top=&#8220;0&#8243; padding_bottom=&#8220;0&#8243; css_animation=&#8220;&#8220;][vc_column width=&#8220;1\/2&#8243; el_class=&#8220;mobile-fit&#8220;][vc_empty_space height=&#8220;40px&#8220;][vc_empty_space height=&#8220;40px&#8220; el_class=&#8220;mobile-hidden&#8220;][vc_column_text] Weltweiter Handel Die Philippinen sind ein zentraler Mitgliedsstaat&#8230;<\/p>\n","protected":false},"author":1,"featured_media":0,"parent":2094,"menu_order":0,"comment_status":"closed","ping_status":"closed","template":"full_width.php","meta":{"footnotes":""},"class_list":["post-2127","page","type-page","status-publish","hentry"],"_links":{"self":[{"href":"https:\/\/philippines.business\/de\/wp-json\/wp\/v2\/pages\/2127","targetHints":{"allow":["GET"]}}],"collection":[{"href":"https:\/\/philippines.business\/de\/wp-json\/wp\/v2\/pages"}],"about":[{"href":"https:\/\/philippines.business\/de\/wp-json\/wp\/v2\/types\/page"}],"author":[{"embeddable":true,"href":"https:\/\/philippines.business\/de\/wp-json\/wp\/v2\/users\/1"}],"replies":[{"embeddable":true,"href":"https:\/\/philippines.business\/de\/wp-json\/wp\/v2\/comments?post=2127"}],"version-history":[{"count":8,"href":"https:\/\/philippines.business\/de\/wp-json\/wp\/v2\/pages\/2127\/revisions"}],"predecessor-version":[{"id":5825,"href":"https:\/\/philippines.business\/de\/wp-json\/wp\/v2\/pages\/2127\/revisions\/5825"}],"up":[{"embeddable":true,"href":"https:\/\/philippines.business\/de\/wp-json\/wp\/v2\/pages\/2094"}],"wp:attachment":[{"href":"https:\/\/philippines.business\/de\/wp-json\/wp\/v2\/media?parent=2127"}],"curies":[{"name":"wp","href":"https:\/\/api.w.org\/{rel}","templated":true}]}}