{"id":2126,"date":"2020-07-09T20:33:35","date_gmt":"2020-07-09T19:33:35","guid":{"rendered":"https:\/\/philippines.business\/unternehmen-gruenden\/hiring-skilled-workers\/"},"modified":"2021-02-04T11:41:55","modified_gmt":"2021-02-04T11:41:55","slug":"einstellung-von-fachkraeften","status":"publish","type":"page","link":"https:\/\/philippines.business\/de\/unternehmen-gruenden\/einstellung-von-fachkraeften\/","title":{"rendered":"Einstellung von Fachkr\u00e4ften"},"content":{"rendered":"<p>[vc_row row_type=&#8220;row&#8220; use_row_as_full_screen_section=&#8220;no&#8220; type=&#8220;full_width&#8220; text_align=&#8220;center&#8220; background_animation=&#8220;none&#8220; padding_top=&#8220;0&#8243; padding_bottom=&#8220;0&#8243; css_animation=&#8220;&#8220; css=&#8220;.vc_custom_1594721618677{background-color: #1226AA !important;}&#8220; el_class=&#8220;COPYWHITE&#8220;][vc_column][vc_empty_space height=&#8220;100px&#8220;][vc_empty_space height=&#8220;100px&#8220; el_class=&#8220;mobile-hidden&#8220;][vc_column_text el_class=&#8220;controlled-h1&#8243;]<\/p>\n<h1>Einstellung von Fachkr\u00e4ften<\/h1>\n<p>[\/vc_column_text][vc_empty_space height=&#8220;100px&#8220;][vc_empty_space height=&#8220;100px&#8220; el_class=&#8220;mobile-hidden&#8220;][\/vc_column][\/vc_row][vc_row row_type=&#8220;row&#8220; use_row_as_full_screen_section=&#8220;no&#8220; type=&#8220;grid&#8220; text_align=&#8220;left&#8220; background_animation=&#8220;none&#8220; padding_top=&#8220;80&#8243; padding_bottom=&#8220;80&#8243; css_animation=&#8220;&#8220;][vc_column width=&#8220;1\/2&#8243;][vc_column_text]<span style=\"font-weight: 400;\">Die Philippinen verf\u00fcgen \u00fcber einen gro\u00dfen Pool an talentierten Arbeitskr\u00e4ften und Investoren profitieren von den unternehmerfreundlichen Besch\u00e4ftigungsgesetzen.<\/span><\/p>\n<p>Mehr als 60 % der Bev\u00f6lkerung sind im erwerbsf\u00e4higen Alter und sorgen f\u00fcr eine robuste Erwerbsbev\u00f6lkerung, die fest entschlossen ist, die Zukunft Asiens zu gestalten.<\/p>\n<p>Unsere Regierung engagiert sich in der Entwicklung dieser talentierten Arbeitskr\u00e4fte. \u00dcber eine Vielzahl von Forschungs- und Entwicklungsm\u00f6glichkeiten qualifizieren wir die Bev\u00f6lkerung weiter und pflegen die Talente unserer renommierten Universit\u00e4ten, die in Rankings kontinuierlich Pl\u00e4tze unter den besten f\u00fcnf in S\u00fcdostasien belegen.[\/vc_column_text][vc_empty_space height=&#8220;40px&#8220;][vc_column_text]<\/p>\n<h3>Zugang zu Talenten<\/h3>\n<p>[\/vc_column_text][vc_empty_space height=&#8220;20px&#8220;][vc_column_text]<span style=\"font-weight: 400;\">Wir pflegen unser Humanpotenzial auch weiterhin. Die Philippinen steigen in den weltweiten Talent-Rankings. Unter unseren Arbeitskr\u00e4ften findet sich eine Vielzahl von Absolventen f\u00fchrender Universit\u00e4ten, die in den verschiedensten Bereichen, von Ingenieurswesen, Naturwissenschaften und Technik bis hin zu den Geisteswissenschaften exzellente Leistungen zeigen.<\/span><\/p>\n<p>Unsere Menschen sind qualifiziert, kreativ und flei\u00dfig und dank des Englischen als eine unserer offiziellen Landessprachen ist die Kommunikation m\u00fchelos. Bei uns sind talentierte und belastbare Arbeitskr\u00e4fte begierig darauf, Ihnen bei der Expansion ihres Unternehmens zu helfen, und Sie k\u00f6nnen sich unabh\u00e4ngig von Ihrem Sektor auf unsere Menschen verlassen, um Ihr Projekt in den Philippinen umzusetzen \u2013 Make it happen in the Philippines!<\/p>\n<p>Durch arbeitsfreundliche Gesetze und unsere leistungsstarke Arbeitnehmerschaft k\u00f6nnen wir die Besch\u00e4ftigungsquote bei 95 % halten.[\/vc_column_text][vc_empty_space height=&#8220;40px&#8220;][vc_column_text]<\/p>\n<h3>Besch\u00e4ftigungskosten<\/h3>\n<p>[\/vc_column_text][vc_empty_space height=&#8220;20px&#8220;][vc_column_text]<span style=\"font-weight: 400;\">Als eine der am schnellsten wachsenden Volkswirtschaften im ASEAN-Raum bieten wir Investoren die ideale Kombination: wettbewerbsf\u00e4hige Arbeitskosten gepaart mit einer hohen Produktivit\u00e4t.<\/span><\/p>\n<p><span style=\"font-weight: 400;\">Hier in den Philippinen wissen wir den Wert unserer Arbeitskr\u00e4fte zu sch\u00e4tzen: Alle Mitarbeiter haben Anrecht auf einen Mindestlohn, 13 Geh\u00e4lter und bezahlte \u00dcberstunden. Denn wir wollen sicherstellen, dass die Arbeitnehmerschaft fair entlohnt wird. Wir m\u00f6chten zudem gew\u00e4hrleisten, dass alle unsere Arbeitskr\u00e4fte Zugang zu Sozial- und Gesundheitsleistungen haben, daher bezahlen alle Arbeitgeber eine Sozialsteuer.<\/span><\/p>\n<p><span style=\"font-weight: 400;\">Obwohl die Arbeitskosten niedrig sind, hat die Regierung einen verpflichtenden Mindestlohn eingef\u00fchrt, der je nach Region variiert. Dieser wurde auf 5-10 USD pro Tag festgelegt. Mitarbeiter, die weniger als 492 USD pro Jahr verdienen, sind von der Einkommenssteuer befreit.<\/span><\/p>\n<p><span style=\"font-weight: 400;\">Unternehmen, die die Einstellung von Mitarbeitern planen, m\u00fcssen sich beh\u00f6rdlich registrieren und sicherstellen, dass ihre Lohn- und Gehaltsabrechnung mit den Besch\u00e4ftigungs- und nationalen Krankenversicherungsgesetzen im Einklang steht.<\/span><\/p>\n<p><span style=\"font-weight: 400;\">Wir k\u00f6nnen spezielle Visa f\u00fcr ausl\u00e4ndische Arbeitskr\u00e4fte ausgeben und es wurden Verfahren eingef\u00fchrt, die es erm\u00f6glich, Ihre Mitarbeiter problemlos mit in die Philippinen zu bringen.<\/span>[\/vc_column_text][\/vc_column][vc_column width=&#8220;1\/2&#8243;][\/vc_column][\/vc_row][vc_row row_type=&#8220;row&#8220; use_row_as_full_screen_section=&#8220;no&#8220; type=&#8220;grid&#8220; text_align=&#8220;center&#8220; background_animation=&#8220;none&#8220; padding_top=&#8220;80&#8243; padding_bottom=&#8220;80&#8243; css_animation=&#8220;&#8220; el_class=&#8220;COPYWHITE&#8220; css=&#8220;.vc_custom_1592818445507{background-color: #1226AA !important;}&#8220;][vc_column width=&#8220;2\/3&#8243;][vc_empty_space][vc_column_text]<\/p>\n<h4>Sie m\u00f6chten mehr \u00fcber die Gr\u00fcndung eines Unternehmens in den Philippinen erfahren?<\/h4>\n<p>[\/vc_column_text][vc_empty_space][\/vc_column][vc_column width=&#8220;1\/3&#8243;][vc_empty_space]<a href=\"\/de\/unternehmen-gruenden\/#Guidance\" target=\"_self\" data-hover-background-color=#1226aa data-hover-border-color=#1226aa data-hover-color=#ffffff class=\"qbutton  large move_icon qbutton_with_icon\" style=\"color: #1226aa; border-color: #ffffff; background-color: #ffffff;\">ERHALTEN SIE HIER WEITERE BERATUNG<i class=\"button_icon  fa fa-arrow-right\" style=\"\"><\/i><\/a>[vc_empty_space][\/vc_column][\/vc_row][vc_row row_type=&#8220;row&#8220; use_row_as_full_screen_section=&#8220;no&#8220; type=&#8220;grid&#8220; text_align=&#8220;center&#8220; background_animation=&#8220;none&#8220; padding_top=&#8220;0&#8243; padding_bottom=&#8220;0&#8243; css_animation=&#8220;&#8220;][vc_column][vc_empty_space height=&#8220;40px&#8220;][vc_empty_space height=&#8220;120px&#8220; el_class=&#8220;mobile-hidden&#8220;][vc_column_text]<\/p>\n<h2>SIE M\u00d6CHTEN \u00dcBER IHR VORHABEN SPRECHEN?<\/h2>\n<p>[\/vc_column_text][vc_empty_space height=&#8220;40px&#8220;][vc_column_text]<\/p>\n<h4 class=\"p1\">Fordern Sie noch heute eine kostenlose Beratung durch einen unserer Investmentspezialisten an.<\/h4>\n<p>[\/vc_column_text][vc_empty_space height=&#8220;40px&#8220;]<a href=\"\/de\/kontakt\/\" target=\"_self\"  class=\"qbutton  large\" style=\"\">JETZT KONTAKTIEREN<\/a>[vc_empty_space height=&#8220;40px&#8220;][vc_empty_space height=&#8220;120px&#8220; el_class=&#8220;mobile-hidden&#8220;][\/vc_column][\/vc_row]<\/p>\n","protected":false},"excerpt":{"rendered":"<p>[vc_row row_type=&#8220;row&#8220; use_row_as_full_screen_section=&#8220;no&#8220; type=&#8220;full_width&#8220; text_align=&#8220;center&#8220; background_animation=&#8220;none&#8220; padding_top=&#8220;0&#8243; padding_bottom=&#8220;0&#8243; css_animation=&#8220;&#8220; css=&#8220;.vc_custom_1594721618677{background-color: #1226AA !important;}&#8220; el_class=&#8220;COPYWHITE&#8220;][vc_column][vc_empty_space height=&#8220;100px&#8220;][vc_empty_space height=&#8220;100px&#8220; el_class=&#8220;mobile-hidden&#8220;][vc_column_text el_class=&#8220;controlled-h1&#8243;] Einstellung von Fachkr\u00e4ften [\/vc_column_text][vc_empty_space height=&#8220;100px&#8220;][vc_empty_space height=&#8220;100px&#8220; el_class=&#8220;mobile-hidden&#8220;][\/vc_column][\/vc_row][vc_row row_type=&#8220;row&#8220; use_row_as_full_screen_section=&#8220;no&#8220; type=&#8220;grid&#8220; text_align=&#8220;left&#8220; background_animation=&#8220;none&#8220; padding_top=&#8220;80&#8243; padding_bottom=&#8220;80&#8243; css_animation=&#8220;&#8220;][vc_column width=&#8220;1\/2&#8243;][vc_column_text]Die Philippinen verf\u00fcgen \u00fcber einen gro\u00dfen Pool an talentierten Arbeitskr\u00e4ften und Investoren profitieren&#8230;<\/p>\n","protected":false},"author":1,"featured_media":0,"parent":2094,"menu_order":0,"comment_status":"closed","ping_status":"closed","template":"full_width.php","meta":{"footnotes":""},"class_list":["post-2126","page","type-page","status-publish","hentry"],"_links":{"self":[{"href":"https:\/\/philippines.business\/de\/wp-json\/wp\/v2\/pages\/2126","targetHints":{"allow":["GET"]}}],"collection":[{"href":"https:\/\/philippines.business\/de\/wp-json\/wp\/v2\/pages"}],"about":[{"href":"https:\/\/philippines.business\/de\/wp-json\/wp\/v2\/types\/page"}],"author":[{"embeddable":true,"href":"https:\/\/philippines.business\/de\/wp-json\/wp\/v2\/users\/1"}],"replies":[{"embeddable":true,"href":"https:\/\/philippines.business\/de\/wp-json\/wp\/v2\/comments?post=2126"}],"version-history":[{"count":5,"href":"https:\/\/philippines.business\/de\/wp-json\/wp\/v2\/pages\/2126\/revisions"}],"predecessor-version":[{"id":5828,"href":"https:\/\/philippines.business\/de\/wp-json\/wp\/v2\/pages\/2126\/revisions\/5828"}],"up":[{"embeddable":true,"href":"https:\/\/philippines.business\/de\/wp-json\/wp\/v2\/pages\/2094"}],"wp:attachment":[{"href":"https:\/\/philippines.business\/de\/wp-json\/wp\/v2\/media?parent=2126"}],"curies":[{"name":"wp","href":"https:\/\/api.w.org\/{rel}","templated":true}]}}