{"id":2125,"date":"2020-07-09T20:23:00","date_gmt":"2020-07-09T19:23:00","guid":{"rendered":"https:\/\/philippines.business\/unternehmen-gruenden\/financial-services\/"},"modified":"2021-02-04T11:42:15","modified_gmt":"2021-02-04T11:42:15","slug":"finanzdienstleistungen","status":"publish","type":"page","link":"https:\/\/philippines.business\/de\/unternehmen-gruenden\/finanzdienstleistungen\/","title":{"rendered":"Finanzdienstleistungen"},"content":{"rendered":"<p>[vc_row row_type=&#8220;row&#8220; use_row_as_full_screen_section=&#8220;no&#8220; type=&#8220;full_width&#8220; text_align=&#8220;center&#8220; background_animation=&#8220;none&#8220; css_animation=&#8220;&#8220; css=&#8220;.vc_custom_1599469451708{background-color: #1226aa !important;}&#8220; el_class=&#8220;COPYWHITE&#8220;][vc_column][vc_empty_space height=&#8220;100px&#8220;][vc_empty_space height=&#8220;100px&#8220; el_class=&#8220;mobile-hidden&#8220;][vc_column_text el_class=&#8220;controlled-h1&#8243;]<\/p>\n<h1 style=\"text-transform: uppercase;\">Finanzdienstleistungen<\/h1>\n<p>[\/vc_column_text][vc_empty_space height=&#8220;100px&#8220;][vc_empty_space height=&#8220;100px&#8220; el_class=&#8220;mobile-hidden&#8220;][\/vc_column][\/vc_row][vc_row row_type=&#8220;row&#8220; use_row_as_full_screen_section=&#8220;no&#8220; type=&#8220;grid&#8220; text_align=&#8220;left&#8220; background_animation=&#8220;none&#8220; padding_top=&#8220;80&#8243; padding_bottom=&#8220;80&#8243; css_animation=&#8220;&#8220;][vc_column width=&#8220;1\/2&#8243;][vc_column_text]<span style=\"font-weight: 400;\">Die Philippinen verf\u00fcgen \u00fcber einen hoch entwickelten Finanzdienstleistungssektor, in dem zahlreiche internationale Banken und Gesch\u00e4ftsbanken ein umfassendes Angebot an Gesch\u00e4ftsdienstleistungen anbieten.<\/span>[\/vc_column_text][vc_column_text]<\/p>\n<p class=\"p1\"><span style=\"font-weight: 400;\">Es wurden Regelungen eingef\u00fchrt, mit denen sichergestellt wird, dass Ihre Investitionen gesch\u00fctzt sind. Zudem sind die Anforderungen f\u00fcr ausl\u00e4ndische Staatsangeh\u00f6rige, die Bankkonten in den Philippinen er\u00f6ffnen m\u00f6chten, sehr gering, sodass Ihr Weg zum Investment auch in dieser Phase reibungslos verl\u00e4uft.\/span&gt;<\/span><\/p>\n<p class=\"p1\"><span style=\"font-weight: 400;\">Wir haben umfassende Gesetze verabschiedet, die Ihnen die beruhigende Gewissheit geben, die Sie zum Start Ihrer Investment-Journey ben\u00f6tigen. Dabei garantieren wir ausl\u00e4ndischen Investoren den folgenden rechtlichen Schutz:<\/span><\/p>\n<ul>\n<li><span style=\"font-weight: 400;\">Schutz von Investitionen<\/span><\/li>\n<li><span style=\"font-weight: 400;\">R\u00fcckf\u00fchrung von Investitionen<\/span><\/li>\n<li><span style=\"font-weight: 400;\">Aussch\u00fcttung von Gewinnen<\/span><\/li>\n<li><span style=\"font-weight: 400;\">Auslandskredite und -vertr\u00e4ge<\/span><\/li>\n<li><span style=\"font-weight: 400;\">Schutz vor Enteignungen<\/span><\/li>\n<li><span style=\"font-weight: 400;\">RBefreiung von Beschlagnahmung von Investitionen (im Falle eines Kriegs oder nationalen Notstands)<\/span><\/li>\n<\/ul>\n<p>[\/vc_column_text][vc_empty_space height=&#8220;40px&#8220;][vc_column_text]<\/p>\n<h3>Banken<\/h3>\n<p>[\/vc_column_text][vc_column_text]<\/p>\n<p class=\"p1\"><span style=\"font-weight: 400;\">Mehr als 45 Gesch\u00e4ftsbanken mit Niederlassungen im gesamten Land stehen f\u00fcr Ihre gesch\u00e4ftlichen Anforderungen bereit. Alle Banken sind durch rechtliche Schutzma\u00dfnahmen abgesichert und ausl\u00e4ndische Staatsangeh\u00f6rige k\u00f6nnen frei bei jeder der hier aufgef\u00fchrten Institute Konten er\u00f6ffnen:<\/span><\/p>\n<p>[\/vc_column_text][vc_empty_space height=&#8220;40px&#8220;][vc_column_text]<\/p>\n<h3>Nationale Banken:<\/h3>\n<p>[\/vc_column_text][vc_empty_space height=&#8220;40px&#8220;][vc_column_text]<\/p>\n<ul>\n<li><span style=\"font-weight: 400;\">Asia United Bank<\/span><\/li>\n<li><span style=\"font-weight: 400;\">BDO Unibank, Inc.<br \/>\n<\/span><\/li>\n<li><span style=\"font-weight: 400;\">Bank of Commerce<\/span><\/li>\n<li><span style=\"font-weight: 400;\">Bank of the Philippine Islands<br \/>\n<\/span><\/li>\n<li><span style=\"font-weight: 400;\">China Banking Corporation<\/span><\/li>\n<li><span style=\"font-weight: 400;\">CTBC Bank (Philippines) Corporation<\/span><\/li>\n<li><span style=\"font-weight: 400;\">Development Bank of the Philippines<\/span><\/li>\n<\/ul>\n<p>[\/vc_column_text][vc_empty_space height=&#8220;20px&#8220;][vc_column_text]<\/p>\n<p class=\"p1\"><span style=\"font-weight: 400;\">Wenn Sie Ihre Bankgesch\u00e4fte weiterhin mit Ihrer Heimatbank abwickeln m\u00f6chten, gibt es zahlreiche internationale Banken, die in den Philippinen registriert sind. Die folgende Aufstellung gibt einen \u00dcberblick:<\/span><\/p>\n<p>[\/vc_column_text][vc_empty_space height=&#8220;40px&#8220;][vc_column_text]<\/p>\n<h3>Internationale Banken<\/h3>\n<p>[\/vc_column_text][vc_empty_space height=&#8220;40px&#8220;][vc_column_text]<\/p>\n<ul>\n<li><span style=\"font-weight: 400;\">Bank of America<\/span><\/li>\n<li><span style=\"font-weight: 400;\">Bank of China<br \/>\n<\/span><\/li>\n<li><span style=\"font-weight: 400;\">Citibank N.A<\/span><\/li>\n<li><span style=\"font-weight: 400;\">Deutsche Bank AG<br \/>\n<\/span><\/li>\n<li><span style=\"font-weight: 400;\">First Commercial Bank, Ltd.<br \/>\n<\/span><\/li>\n<li><span style=\"font-weight: 400;\">Industrial Bank of Korea<br \/>\n<\/span><\/li>\n<li><span style=\"font-weight: 400;\">ING Bank, N.V<\/span><\/li>\n<li><span style=\"font-weight: 400;\">Industrial and Commercial Bank of China Limited<br \/>\n<\/span><\/li>\n<li><span style=\"font-weight: 400;\">JP Morgan Chase Bank, N.A<\/span><\/li>\n<li><span style=\"font-weight: 400;\">Standard Chartered Bank<\/span><\/li>\n<\/ul>\n<p>[\/vc_column_text][vc_empty_space height=&#8220;40px&#8220;][vc_column_text]<a href=\"http:\/\/www.bsp.gov.ph\/banking\/directory.asp?paging=next&amp;Start=40&amp;Offset=20&amp;BankName=&amp;Address=&amp;InstitutionTypeID=1&amp;submit=Find&amp;ctr=41&amp;i=20\" target=\"_blank\" rel=\"noopener noreferrer\">Die Zentralbank der Philippinen stellt eine ausf\u00fchrliche Liste mit s\u00e4mtlichen Banken zur Verf\u00fcgung, die im Land operieren.<\/a><\/p>\n<p>Einrichtung eines Bankkontos: Die Er\u00f6ffnung eines Bankkontos in den Philippinen ist einfach. Sobald Sie sich f\u00fcr eine der zugelassenen Banken entschieden haben, verlangt diese in der Regel lediglich grundlegende Voraussetzungen wie ein g\u00fcltiges Ausweisdokument und einen Nachweis \u00fcber die erfolgte Anmeldung und Eintragung Ihres Unternehmens.<\/p>\n<h3>Versicherungen<\/h3>\n<p>Es gibt zahlreiche Versicherungsunternehmen in den Philippinen, die Unternehmen aus s\u00e4mtlichen Branchen versichern. Internationale Versicherungsunternehmen k\u00f6nnen folgende Versicherungstypen f\u00fcr Ihr Unternehmen anbieten:<\/p>\n<ul>\n<li>Berufs- und Betriebshaftpflichtversicherungen<\/li>\n<li>Sach- und Schadensversicherungen<\/li>\n<li>Unfall- inkl. Betriebsunfallversicherungen<\/li>\n<li>Versicherungen f\u00fcr Homeoffices und \u00e4hnliche Betriebe<\/li>\n<li>Produkthaftpflichtversicherungen<\/li>\n<li>Betriebsunterbrechungsversicherungen<\/li>\n<\/ul>\n<p><a href=\"https:\/\/www.insurance.gov.ph\/wp-content\/uploads\/2018\/09\/Directory-of-Authorized-Insurance-Companies-as-of-12-Sept.-2018.pdf\" target=\"_blank\" rel=\"noopener noreferrer\">Jeder der zugelassenen Versicherungsmakler hier kann Sie dabei unterst\u00fctzen, die notwendigen Versicherungen f\u00fcr Ihr Unternehmen abzuschlie\u00dfen.<\/a>[\/vc_column_text][\/vc_column][vc_column width=&#8220;1\/2&#8243;][\/vc_column][\/vc_row][vc_row row_type=&#8220;row&#8220; use_row_as_full_screen_section=&#8220;no&#8220; type=&#8220;grid&#8220; text_align=&#8220;center&#8220; background_animation=&#8220;none&#8220; padding_top=&#8220;80&#8243; padding_bottom=&#8220;80&#8243; css_animation=&#8220;&#8220; el_class=&#8220;COPYWHITE&#8220; css=&#8220;.vc_custom_1599469462989{background-color: #1226aa !important;}&#8220;][vc_column width=&#8220;2\/3&#8243;][vc_empty_space][vc_column_text]<\/p>\n<h4>Sie m\u00f6chten mehr \u00fcber die Gr\u00fcndung eines Unternehmens in den Philippinen erfahren?<\/h4>\n<p>[\/vc_column_text][vc_empty_space][\/vc_column][vc_column width=&#8220;1\/3&#8243;][vc_empty_space]<a href=\"\/de\/unternehmen-gruenden\/#Guidance\" target=\"_self\" data-hover-background-color=#1226aa data-hover-border-color=#1226aa data-hover-color=#ffffff class=\"qbutton  large move_icon qbutton_with_icon\" style=\"color: #1226aa; border-color: #ffffff; background-color: #ffffff;\">ERHALTEN SIE HIER WEITERE BERATUNG<i class=\"button_icon  fa fa-arrow-right\" style=\"\"><\/i><\/a>[vc_empty_space][\/vc_column][\/vc_row][vc_row row_type=&#8220;row&#8220; use_row_as_full_screen_section=&#8220;no&#8220; type=&#8220;grid&#8220; text_align=&#8220;center&#8220; background_animation=&#8220;none&#8220; padding_top=&#8220;0&#8243; padding_bottom=&#8220;0&#8243; css_animation=&#8220;&#8220;][vc_column][vc_empty_space height=&#8220;40px&#8220;][vc_empty_space height=&#8220;120px&#8220; el_class=&#8220;mobile-hidden&#8220;][vc_column_text]<\/p>\n<h2>SIE M\u00d6CHTEN \u00dcBER IHR VORHABEN SPRECHEN?<\/h2>\n<p>[\/vc_column_text][vc_empty_space height=&#8220;40px&#8220;][vc_column_text]<\/p>\n<h4 class=\"p1\">Fordern Sie noch heute eine kostenlose Beratung durch einen unserer Investmentspezialisten an.<\/h4>\n<p>[\/vc_column_text][vc_empty_space height=&#8220;40px&#8220;]<a href=\"\/de\/kontakt\/\" target=\"_self\"  class=\"qbutton  large\" style=\"\">JETZT KONTAKTIEREN<\/a>[vc_empty_space height=&#8220;40px&#8220;][vc_empty_space height=&#8220;120px&#8220; el_class=&#8220;mobile-hidden&#8220;][\/vc_column][\/vc_row]<\/p>\n","protected":false},"excerpt":{"rendered":"<p>[vc_row row_type=&#8220;row&#8220; use_row_as_full_screen_section=&#8220;no&#8220; type=&#8220;full_width&#8220; text_align=&#8220;center&#8220; background_animation=&#8220;none&#8220; css_animation=&#8220;&#8220; css=&#8220;.vc_custom_1599469451708{background-color: #1226aa !important;}&#8220; el_class=&#8220;COPYWHITE&#8220;][vc_column][vc_empty_space height=&#8220;100px&#8220;][vc_empty_space height=&#8220;100px&#8220; el_class=&#8220;mobile-hidden&#8220;][vc_column_text el_class=&#8220;controlled-h1&#8243;] Finanzdienstleistungen [\/vc_column_text][vc_empty_space height=&#8220;100px&#8220;][vc_empty_space height=&#8220;100px&#8220; el_class=&#8220;mobile-hidden&#8220;][\/vc_column][\/vc_row][vc_row row_type=&#8220;row&#8220; use_row_as_full_screen_section=&#8220;no&#8220; type=&#8220;grid&#8220; text_align=&#8220;left&#8220; background_animation=&#8220;none&#8220; padding_top=&#8220;80&#8243; padding_bottom=&#8220;80&#8243; css_animation=&#8220;&#8220;][vc_column width=&#8220;1\/2&#8243;][vc_column_text]Die Philippinen verf\u00fcgen \u00fcber einen hoch entwickelten Finanzdienstleistungssektor, in dem zahlreiche internationale Banken und Gesch\u00e4ftsbanken ein umfassendes&#8230;<\/p>\n","protected":false},"author":1,"featured_media":0,"parent":2094,"menu_order":0,"comment_status":"closed","ping_status":"closed","template":"full_width.php","meta":{"footnotes":""},"class_list":["post-2125","page","type-page","status-publish","hentry"],"_links":{"self":[{"href":"https:\/\/philippines.business\/de\/wp-json\/wp\/v2\/pages\/2125","targetHints":{"allow":["GET"]}}],"collection":[{"href":"https:\/\/philippines.business\/de\/wp-json\/wp\/v2\/pages"}],"about":[{"href":"https:\/\/philippines.business\/de\/wp-json\/wp\/v2\/types\/page"}],"author":[{"embeddable":true,"href":"https:\/\/philippines.business\/de\/wp-json\/wp\/v2\/users\/1"}],"replies":[{"embeddable":true,"href":"https:\/\/philippines.business\/de\/wp-json\/wp\/v2\/comments?post=2125"}],"version-history":[{"count":8,"href":"https:\/\/philippines.business\/de\/wp-json\/wp\/v2\/pages\/2125\/revisions"}],"predecessor-version":[{"id":5829,"href":"https:\/\/philippines.business\/de\/wp-json\/wp\/v2\/pages\/2125\/revisions\/5829"}],"up":[{"embeddable":true,"href":"https:\/\/philippines.business\/de\/wp-json\/wp\/v2\/pages\/2094"}],"wp:attachment":[{"href":"https:\/\/philippines.business\/de\/wp-json\/wp\/v2\/media?parent=2125"}],"curies":[{"name":"wp","href":"https:\/\/api.w.org\/{rel}","templated":true}]}}