{"id":2071,"date":"2020-07-09T19:30:19","date_gmt":"2020-07-09T18:30:19","guid":{"rendered":"https:\/\/philippines.business\/ueber-die-philippinen\/southern-philippines\/"},"modified":"2021-02-04T11:50:27","modified_gmt":"2021-02-04T11:50:27","slug":"suedphilippinen","status":"publish","type":"page","link":"https:\/\/philippines.business\/de\/ueber-die-philippinen\/suedphilippinen\/","title":{"rendered":"S\u00fcdphilippinen"},"content":{"rendered":"<p>[vc_row row_type=&#8220;row&#8220; use_row_as_full_screen_section=&#8220;no&#8220; type=&#8220;full_width&#8220; text_align=&#8220;center&#8220; background_image=&#8220;1401&#8243; background_animation=&#8220;none&#8220; padding_top=&#8220;0&#8243; padding_bottom=&#8220;0&#8243; css_animation=&#8220;&#8220; css=&#8220;.vc_custom_1599469031130{background-color: #1226aa !important;}&#8220; el_class=&#8220;COPYWHITE&#8220;][vc_column][vc_empty_space height=&#8220;100px&#8220;][vc_empty_space height=&#8220;100px&#8220; el_class=&#8220;mobile-hidden&#8220;][vc_column_text el_class=&#8220;controlled-h1&#8243;]<\/p>\n<h2>S\u00fcdphilippinen<\/h2>\n<p>[\/vc_column_text][vc_empty_space height=&#8220;100px&#8220;][vc_empty_space height=&#8220;100px&#8220; el_class=&#8220;mobile-hidden&#8220;][\/vc_column][\/vc_row][vc_row row_type=&#8220;row&#8220; use_row_as_full_screen_section=&#8220;no&#8220; type=&#8220;grid&#8220; text_align=&#8220;left&#8220; background_animation=&#8220;none&#8220; padding_top=&#8220;100&#8243; padding_bottom=&#8220;100&#8243; css_animation=&#8220;&#8220;][vc_column width=&#8220;1\/2&#8243;][vc_column_text]<\/p>\n<h3>S\u00fcdphilippinen<\/h3>\n<p>Diese strategisch im S\u00fcden der Philippinen gelegene, ressourcenreiche Region besteht aus den Inseln Mindanao, Davao und Cagayan de Oro. Die sehr vielf\u00e4ltig aufgestellten S\u00fcdphilippinen genie\u00dfen ein nachhaltiges Wirtschaftswachstum und umfassen das Industrieareal Phividec. Dieses gr\u00f6\u00dfte Industriegebiet des Landes dient der Leicht- und mittelschweren Industrie. Die Region besteht aus f\u00fcnf Provinzen und neun St\u00e4dten mit florierender Wirtschaft.<\/p>\n<p>Der internationale Seehafen und die Containerterminals in Mindanao machen die Region zu einem attraktiven Unternehmensstandort. Sie versorgen die gesamte Region und geh\u00f6ren zu den effizientesten im Land. Die N\u00e4he und historischen Verbindungen zu Malaysia und Indonesien er\u00f6ffnen hervorragende Chancen f\u00fcr den Handel.<\/p>\n<p>Durch einige der besten Stromversorgungssysteme in den Philippinen steht Elektrizit\u00e4t zuverl\u00e4ssig und g\u00fcnstig zur Verf\u00fcgung und bietet damit ein gewaltiges Potenzial f\u00fcr Industrieentwicklungen. Der Staat unterst\u00fctzt dieses Potenzial durch die Finanzierung neuer Infrastrukturprojekte.<\/p>\n<p>Die Region verf\u00fcgt \u00fcber eine Bev\u00f6lkerung von \u00fcber 25 Millionen und eine Besch\u00e4ftigungsquote von 95 %.<\/p>\n<p>&nbsp;<\/p>\n<h3>Infrastruktur<\/h3>\n<p>Die Region wird durch inl\u00e4ndische und internationale Flugh\u00e4fen wie den Davao International Airport bedient, der Fl\u00fcge nach Singapur, Hongkong und Doha abwickelt. Sie ist au\u00dferdem Heimat von mehr als 60 H\u00e4fen, darunter das Containerterminal von Mindanao mit einer Umschlagkapzit\u00e4t von 500.000 TEU. Die Region verf\u00fcgt zudem \u00fcber eine au\u00dfergew\u00f6hnlich gute Stromversorgung, die sie zum idealen Standort f\u00fcr Industrieunternehmen macht.<\/p>\n<p>&nbsp;<\/p>\n<h3 class=\"heading-m-b\">Die wichtigsten Flugh\u00e4fen und H\u00e4fen:<\/h3>\n<p>&nbsp;<\/p>\n<ul>\n<li><span style=\"font-weight: 400;\">Davao International Airport<\/span><\/li>\n<li><span style=\"font-weight: 400;\">Flughafen Laguindingan<\/span><\/li>\n<li><span style=\"font-weight: 400;\">Flughafen Zamboanga<\/span><\/li>\n<li><span style=\"font-weight: 400;\">Containerterminal Mindanao<\/span><\/li>\n<li><span style=\"font-weight: 400;\">Hafen von Cagayan de Oro<\/span><\/li>\n<\/ul>\n<p>&nbsp;<\/p>\n<h3 class=\"heading-m-b\">Wirtschafts- und Freihafenzonen:<\/h3>\n<p>&nbsp;<\/p>\n<ul>\n<li><span style=\"font-weight: 400;\">Wirtschaftszone Phividec<\/span><\/li>\n<li><span style=\"font-weight: 400;\"><span style=\"font-weight: 400;\">Sonderwirtschaftszone Zamboanga City<\/span><\/span><\/li>\n<\/ul>\n<p>[\/vc_column_text][\/vc_column][vc_column width=&#8220;1\/2&#8243;][\/vc_column][\/vc_row][vc_row row_type=&#8220;row&#8220; use_row_as_full_screen_section=&#8220;no&#8220; type=&#8220;grid&#8220; text_align=&#8220;left&#8220; background_animation=&#8220;none&#8220; padding_top=&#8220;100&#8243; css_animation=&#8220;&#8220; el_class=&#8220;COPYWHITE&#8220; background_color=&#8220;#1226AA&#8220;][vc_column][vc_column_text]<\/p>\n<h2>Wichtigste Branchen:<\/h2>\n<p>[\/vc_column_text][\/vc_column][\/vc_row][vc_row row_type=&#8220;row&#8220; use_row_as_full_screen_section=&#8220;no&#8220; type=&#8220;grid&#8220; text_align=&#8220;left&#8220; background_animation=&#8220;none&#8220; padding_top=&#8220;50&#8243; padding_bottom=&#8220;100&#8243; css_animation=&#8220;&#8220; el_class=&#8220;COPYWHITE&#8220; background_color=&#8220;#1226AA&#8220;][vc_column width=&#8220;1\/3&#8243;][vc_separator type=&#8220;normal&#8220; border_style=&#8220;&#8220; thickness=&#8220;1&#8243; up=&#8220;0&#8243; down=&#8220;20&#8243; color=&#8220;#ffffff&#8220;][vc_column_text]\u00d6kotourismus[\/vc_column_text][vc_separator type=&#8220;normal&#8220; border_style=&#8220;&#8220; thickness=&#8220;1&#8243; up=&#8220;20&#8243; down=&#8220;20&#8243; color=&#8220;#ffffff&#8220;][vc_column_text]Leichtindustrie[\/vc_column_text][vc_separator type=&#8220;normal&#8220; border_style=&#8220;&#8220; thickness=&#8220;1&#8243; up=&#8220;20&#8243; down=&#8220;20&#8243; color=&#8220;#ffffff&#8220;][vc_column_text] Anlage von Industriezonen[\/vc_column_text][vc_separator type=&#8220;normal&#8220; border_style=&#8220;&#8220; thickness=&#8220;1&#8243; up=&#8220;20&#8243; down=&#8220;20&#8243; color=&#8220;#ffffff&#8220;][vc_column_text]Agrarwirtschaft[\/vc_column_text][vc_separator type=&#8220;normal&#8220; border_style=&#8220;&#8220; thickness=&#8220;1&#8243; up=&#8220;20&#8243; color=&#8220;#ffffff&#8220;][vc_column_text]Dienstleistungen[\/vc_column_text][vc_separator type=&#8220;normal&#8220; border_style=&#8220;&#8220; thickness=&#8220;1&#8243; up=&#8220;20&#8243; color=&#8220;#ffffff&#8220;][\/vc_column][vc_column width=&#8220;1\/3&#8243;][\/vc_column][vc_column width=&#8220;1\/3&#8243;][\/vc_column][\/vc_row][vc_row row_type=&#8220;row&#8220; use_row_as_full_screen_section=&#8220;no&#8220; type=&#8220;full_width&#8220; text_align=&#8220;center&#8220; background_animation=&#8220;none&#8220; padding_top=&#8220;0&#8243; padding_bottom=&#8220;0&#8243; css_animation=&#8220;&#8220; el_class=&#8220;padding-full-desktop&#8220;][vc_column][vc_empty_space height=&#8220;60px&#8220; el_class=&#8220;mobile-hidden&#8220;][vc_column_text]<\/p>\n<h2>SIE M\u00d6CHTEN \u00dcBER IHR VORHABEN SPRECHEN?<\/h2>\n<p>[\/vc_column_text][vc_empty_space height=&#8220;40px&#8220;][vc_column_text]<\/p>\n<h4 class=\"p1\">Fordern Sie noch heute eine kostenlose Beratung durch einen unserer Investmentspezialisten an.<\/h4>\n<p>[\/vc_column_text][vc_empty_space height=&#8220;40px&#8220;]<a href=\"\/de\/kontakt\/\" target=\"_self\"  class=\"qbutton  large\" style=\"\">JETZT KONTAKTIEREN<\/a>[vc_empty_space height=&#8220;40px&#8220;][vc_empty_space height=&#8220;20px&#8220; el_class=&#8220;mobile-hidden&#8220;][\/vc_column][\/vc_row]<\/p>\n","protected":false},"excerpt":{"rendered":"<p>[vc_row row_type=&#8220;row&#8220; use_row_as_full_screen_section=&#8220;no&#8220; type=&#8220;full_width&#8220; text_align=&#8220;center&#8220; background_image=&#8220;1401&#8243; background_animation=&#8220;none&#8220; padding_top=&#8220;0&#8243; padding_bottom=&#8220;0&#8243; css_animation=&#8220;&#8220; css=&#8220;.vc_custom_1599469031130{background-color: #1226aa !important;}&#8220; el_class=&#8220;COPYWHITE&#8220;][vc_column][vc_empty_space height=&#8220;100px&#8220;][vc_empty_space height=&#8220;100px&#8220; el_class=&#8220;mobile-hidden&#8220;][vc_column_text el_class=&#8220;controlled-h1&#8243;] S\u00fcdphilippinen [\/vc_column_text][vc_empty_space height=&#8220;100px&#8220;][vc_empty_space height=&#8220;100px&#8220; el_class=&#8220;mobile-hidden&#8220;][\/vc_column][\/vc_row][vc_row row_type=&#8220;row&#8220; use_row_as_full_screen_section=&#8220;no&#8220; type=&#8220;grid&#8220; text_align=&#8220;left&#8220; background_animation=&#8220;none&#8220; padding_top=&#8220;100&#8243; padding_bottom=&#8220;100&#8243; css_animation=&#8220;&#8220;][vc_column width=&#8220;1\/2&#8243;][vc_column_text] S\u00fcdphilippinen Diese strategisch im S\u00fcden der Philippinen gelegene, ressourcenreiche Region besteht aus den&#8230;<\/p>\n","protected":false},"author":1,"featured_media":0,"parent":2007,"menu_order":0,"comment_status":"closed","ping_status":"closed","template":"full_width.php","meta":{"footnotes":""},"class_list":["post-2071","page","type-page","status-publish","hentry"],"_links":{"self":[{"href":"https:\/\/philippines.business\/de\/wp-json\/wp\/v2\/pages\/2071","targetHints":{"allow":["GET"]}}],"collection":[{"href":"https:\/\/philippines.business\/de\/wp-json\/wp\/v2\/pages"}],"about":[{"href":"https:\/\/philippines.business\/de\/wp-json\/wp\/v2\/types\/page"}],"author":[{"embeddable":true,"href":"https:\/\/philippines.business\/de\/wp-json\/wp\/v2\/users\/1"}],"replies":[{"embeddable":true,"href":"https:\/\/philippines.business\/de\/wp-json\/wp\/v2\/comments?post=2071"}],"version-history":[{"count":7,"href":"https:\/\/philippines.business\/de\/wp-json\/wp\/v2\/pages\/2071\/revisions"}],"predecessor-version":[{"id":5839,"href":"https:\/\/philippines.business\/de\/wp-json\/wp\/v2\/pages\/2071\/revisions\/5839"}],"up":[{"embeddable":true,"href":"https:\/\/philippines.business\/de\/wp-json\/wp\/v2\/pages\/2007"}],"wp:attachment":[{"href":"https:\/\/philippines.business\/de\/wp-json\/wp\/v2\/media?parent=2071"}],"curies":[{"name":"wp","href":"https:\/\/api.w.org\/{rel}","templated":true}]}}