{"id":2070,"date":"2020-07-09T18:07:37","date_gmt":"2020-07-09T17:07:37","guid":{"rendered":"https:\/\/philippines.business\/ueber-die-philippinen\/northern-philippines\/"},"modified":"2021-02-04T11:49:53","modified_gmt":"2021-02-04T11:49:53","slug":"nordphilippinen","status":"publish","type":"page","link":"https:\/\/philippines.business\/de\/ueber-die-philippinen\/nordphilippinen\/","title":{"rendered":"Nordphilippinen"},"content":{"rendered":"<p>[vc_row row_type=&#8220;row&#8220; use_row_as_full_screen_section=&#8220;no&#8220; type=&#8220;full_width&#8220; text_align=&#8220;center&#8220; background_image=&#8220;1363&#8243; background_animation=&#8220;none&#8220; padding_top=&#8220;0&#8243; padding_bottom=&#8220;0&#8243; css_animation=&#8220;&#8220; css=&#8220;.vc_custom_1599468994528{background-color: #1226aa !important;}&#8220; el_class=&#8220;COPYWHITE&#8220;][vc_column][vc_empty_space height=&#8220;100px&#8220;][vc_empty_space height=&#8220;100px&#8220; el_class=&#8220;mobile-hidden&#8220;][vc_column_text el_class=&#8220;controlled-h1&#8243;]<\/p>\n<h2>Nordphilippinen<\/h2>\n<p>[\/vc_column_text][vc_empty_space height=&#8220;100px&#8220; el_class=&#8220;mobile-hidden&#8220;][vc_empty_space height=&#8220;100px&#8220; el_class=&#8220;mobile-hidden&#8220;][\/vc_column][\/vc_row][vc_row row_type=&#8220;row&#8220; use_row_as_full_screen_section=&#8220;no&#8220; type=&#8220;grid&#8220; text_align=&#8220;left&#8220; background_animation=&#8220;none&#8220; padding_top=&#8220;100&#8243; padding_bottom=&#8220;100&#8243; css_animation=&#8220;&#8220;][vc_column width=&#8220;1\/2&#8243;][vc_column_text]<\/p>\n<h3>Nordphilippinen<\/h3>\n<p>Mit verschiedenen Landschaften wie Ilocos, Cagayan und der Cordillera bietet der Nordteil der Philippinen einen \u00e4u\u00dferst attraktiven Standort, der zugleich eine bedeutende Handelsverbindung zu Asien, Europa und Nordamerika darstellt.<\/p>\n<p>Die Region ist reich an nat\u00fcrlichen Ressourcen und Heimat zahlreicher landwirtschaftlicher Betriebe. Starke Exportverbindungen er\u00f6ffnen zahlreiche Chancen f\u00fcr die Ausfuhr landschaftlicher Erzeugnisse. Die Region ist bereits gut bekannt f\u00fcr ihre Vielfalt an Produkten, darunter Reis, Tabak, Mais, Zuckerrohr, Vieh und Fisch.<\/p>\n<p>Die F\u00f6rderung von Bodensch\u00e4tzen hat starkes Wachstumspotenzial: Reiche Metall- und Mineralvorkommen wie Gold, Kupfer und Kalkstein finden sich in der gesamten Region \u2013 von Cagayan bis zur Cordillera.<\/p>\n<p>In der Region leben \u00fcber 30 Millionen Menschen und die Besch\u00e4ftigungsquote liegt bei 96 %.<\/p>\n<p>&nbsp;<\/p>\n<h3>Infrastruktur<\/h3>\n<p>Die Region wird durch nationale wie internationale Flugh\u00e4fen bedient, unter anderem durch den Flughafen Clark Airport, der t\u00e4glich Fl\u00fcge zu gro\u00dfen s\u00fcdostasiatischen Metropolen anbietet. Au\u00dferdem gibt es hier mehr als 50 H\u00e4fen \u2013 ideal f\u00fcr den Import- und Exporthandel.<\/p>\n<p>&nbsp;<\/p>\n<h3 class=\"heading-m-b\">Die wichtigsten Flugh\u00e4fen und H\u00e4fen:<\/h3>\n<p>&nbsp;<\/p>\n<ul>\n<li><span style=\"font-weight: 400;\">Flughafen Tuguegarao<\/span><\/li>\n<li><span style=\"font-weight: 400;\">Flughafen Vigan<\/span><\/li>\n<li><span style=\"font-weight: 400;\">Laoag International Airport<\/span><\/li>\n<li><span style=\"font-weight: 400;\">Flughafen San Fernando<\/span><\/li>\n<li><span style=\"font-weight: 400;\">Hafen von San Fernando<\/span><\/li>\n<li><span style=\"font-weight: 400;\">Hafen von Sulvec<\/span><\/li>\n<li><span style=\"font-weight: 400;\">Internationaler Hafen von Salomague<\/span><\/li>\n<\/ul>\n<p>&nbsp;<\/p>\n<h3 class=\"heading-m-b\">Sonderwirtschafts- und Freihafenzonen::<\/h3>\n<p>&nbsp;<\/p>\n<ul>\n<li><span style=\"font-weight: 400;\">Sonderwirtschaftszone Cagayan<\/span><\/li>\n<li><span style=\"font-weight: 400;\">Freihafenzone Poro Point<\/span><\/li>\n<\/ul>\n<p>[\/vc_column_text][\/vc_column][vc_column width=&#8220;1\/2&#8243;][\/vc_column][\/vc_row][vc_row row_type=&#8220;row&#8220; use_row_as_full_screen_section=&#8220;no&#8220; type=&#8220;grid&#8220; text_align=&#8220;left&#8220; background_animation=&#8220;none&#8220; padding_top=&#8220;100&#8243; css_animation=&#8220;&#8220; el_class=&#8220;COPYWHITE&#8220; background_color=&#8220;#1226AA&#8220;][vc_column][vc_column_text]<\/p>\n<h2>Wichtigste Branchen:<\/h2>\n<p>[\/vc_column_text][\/vc_column][\/vc_row][vc_row row_type=&#8220;row&#8220; use_row_as_full_screen_section=&#8220;no&#8220; type=&#8220;grid&#8220; text_align=&#8220;left&#8220; background_animation=&#8220;none&#8220; padding_top=&#8220;50&#8243; padding_bottom=&#8220;100&#8243; css_animation=&#8220;&#8220; el_class=&#8220;COPYWHITE&#8220; background_color=&#8220;#1226AA&#8220;][vc_column width=&#8220;1\/3&#8243;][vc_separator type=&#8220;normal&#8220; border_style=&#8220;&#8220; thickness=&#8220;1&#8243; up=&#8220;0&#8243; down=&#8220;20&#8243; color=&#8220;#ffffff&#8220;][vc_column_text]Landwirtschaft[\/vc_column_text][vc_separator type=&#8220;normal&#8220; border_style=&#8220;&#8220; thickness=&#8220;1&#8243; up=&#8220;20&#8243; down=&#8220;20&#8243; color=&#8220;#ffffff&#8220;][vc_column_text]F\u00f6rderung von Bodensch\u00e4tzen[\/vc_column_text][vc_separator type=&#8220;normal&#8220; border_style=&#8220;&#8220; thickness=&#8220;1&#8243; up=&#8220;20&#8243; down=&#8220;20&#8243; color=&#8220;#ffffff&#8220;][vc_column_text]Fertigung[\/vc_column_text][vc_separator type=&#8220;normal&#8220; border_style=&#8220;&#8220; thickness=&#8220;1&#8243; up=&#8220;20&#8243; down=&#8220;20&#8243; color=&#8220;#ffffff&#8220;][vc_column_text]Tourismus[\/vc_column_text][vc_separator type=&#8220;normal&#8220; border_style=&#8220;&#8220; thickness=&#8220;1&#8243; up=&#8220;20&#8243; color=&#8220;#ffffff&#8220;][\/vc_column][vc_column width=&#8220;1\/3&#8243;][\/vc_column][vc_column width=&#8220;1\/3&#8243;][\/vc_column][\/vc_row][vc_row row_type=&#8220;row&#8220; use_row_as_full_screen_section=&#8220;no&#8220; type=&#8220;full_width&#8220; text_align=&#8220;center&#8220; background_animation=&#8220;none&#8220; padding_top=&#8220;0&#8243; padding_bottom=&#8220;0&#8243; css_animation=&#8220;&#8220; el_class=&#8220;padding-full-desktop&#8220;][vc_column][vc_empty_space height=&#8220;60px&#8220; el_class=&#8220;mobile-hidden&#8220;][vc_column_text]<\/p>\n<h2>SIE M\u00d6CHTEN \u00dcBER IHR VORHABEN SPRECHEN?<\/h2>\n<p>[\/vc_column_text][vc_empty_space height=&#8220;40px&#8220;][vc_column_text]<\/p>\n<h4 class=\"p1\">Fordern Sie noch heute eine kostenlose Beratung durch einen unserer Investmentspezialisten an.<\/h4>\n<p>[\/vc_column_text][vc_empty_space height=&#8220;40px&#8220;]<a href=\"\/de\/kontakt\/\" target=\"_self\"  class=\"qbutton  large\" style=\"\">JETZT KONTAKTIEREN<\/a>[vc_empty_space height=&#8220;40px&#8220;][vc_empty_space height=&#8220;20px&#8220; el_class=&#8220;mobile-hidden&#8220;][\/vc_column][\/vc_row]<\/p>\n","protected":false},"excerpt":{"rendered":"<p>[vc_row row_type=&#8220;row&#8220; use_row_as_full_screen_section=&#8220;no&#8220; type=&#8220;full_width&#8220; text_align=&#8220;center&#8220; background_image=&#8220;1363&#8243; background_animation=&#8220;none&#8220; padding_top=&#8220;0&#8243; padding_bottom=&#8220;0&#8243; css_animation=&#8220;&#8220; css=&#8220;.vc_custom_1599468994528{background-color: #1226aa !important;}&#8220; el_class=&#8220;COPYWHITE&#8220;][vc_column][vc_empty_space height=&#8220;100px&#8220;][vc_empty_space height=&#8220;100px&#8220; el_class=&#8220;mobile-hidden&#8220;][vc_column_text el_class=&#8220;controlled-h1&#8243;] Nordphilippinen [\/vc_column_text][vc_empty_space height=&#8220;100px&#8220; el_class=&#8220;mobile-hidden&#8220;][vc_empty_space height=&#8220;100px&#8220; el_class=&#8220;mobile-hidden&#8220;][\/vc_column][\/vc_row][vc_row row_type=&#8220;row&#8220; use_row_as_full_screen_section=&#8220;no&#8220; type=&#8220;grid&#8220; text_align=&#8220;left&#8220; background_animation=&#8220;none&#8220; padding_top=&#8220;100&#8243; padding_bottom=&#8220;100&#8243; css_animation=&#8220;&#8220;][vc_column width=&#8220;1\/2&#8243;][vc_column_text] Nordphilippinen Mit verschiedenen Landschaften wie Ilocos, Cagayan und der Cordillera bietet der&#8230;<\/p>\n","protected":false},"author":1,"featured_media":0,"parent":2007,"menu_order":0,"comment_status":"closed","ping_status":"closed","template":"full_width.php","meta":{"footnotes":""},"class_list":["post-2070","page","type-page","status-publish","hentry"],"_links":{"self":[{"href":"https:\/\/philippines.business\/de\/wp-json\/wp\/v2\/pages\/2070","targetHints":{"allow":["GET"]}}],"collection":[{"href":"https:\/\/philippines.business\/de\/wp-json\/wp\/v2\/pages"}],"about":[{"href":"https:\/\/philippines.business\/de\/wp-json\/wp\/v2\/types\/page"}],"author":[{"embeddable":true,"href":"https:\/\/philippines.business\/de\/wp-json\/wp\/v2\/users\/1"}],"replies":[{"embeddable":true,"href":"https:\/\/philippines.business\/de\/wp-json\/wp\/v2\/comments?post=2070"}],"version-history":[{"count":7,"href":"https:\/\/philippines.business\/de\/wp-json\/wp\/v2\/pages\/2070\/revisions"}],"predecessor-version":[{"id":5837,"href":"https:\/\/philippines.business\/de\/wp-json\/wp\/v2\/pages\/2070\/revisions\/5837"}],"up":[{"embeddable":true,"href":"https:\/\/philippines.business\/de\/wp-json\/wp\/v2\/pages\/2007"}],"wp:attachment":[{"href":"https:\/\/philippines.business\/de\/wp-json\/wp\/v2\/media?parent=2070"}],"curies":[{"name":"wp","href":"https:\/\/api.w.org\/{rel}","templated":true}]}}