{"id":2069,"date":"2020-06-08T17:33:06","date_gmt":"2020-06-08T16:33:06","guid":{"rendered":"https:\/\/philippines.business\/ueber-die-philippinen\/metro-manila-urban-belt\/"},"modified":"2021-02-04T11:49:39","modified_gmt":"2021-02-04T11:49:39","slug":"metropolregion-manila","status":"publish","type":"page","link":"https:\/\/philippines.business\/de\/ueber-die-philippinen\/metropolregion-manila\/","title":{"rendered":"Metropolregion Manila"},"content":{"rendered":"<p>[vc_row row_type=&#8220;row&#8220; use_row_as_full_screen_section=&#8220;no&#8220; type=&#8220;full_width&#8220; text_align=&#8220;center&#8220; background_image=&#8220;1361&#8243; background_animation=&#8220;none&#8220; css_animation=&#8220;&#8220; css=&#8220;.vc_custom_1599468957501{background-color: #1226aa !important;}&#8220; el_class=&#8220;COPYWHITE&#8220;][vc_column][vc_empty_space height=&#8220;100px&#8220;][vc_empty_space height=&#8220;100px&#8220; el_class=&#8220;mobile-hidden&#8220;][vc_column_text el_class=&#8220;controlled-h1&#8243;]<\/p>\n<h2>Metropolregion Manila<\/h2>\n<p>[\/vc_column_text][vc_empty_space height=&#8220;100px&#8220;][vc_empty_space height=&#8220;100px&#8220; el_class=&#8220;mobile-hidden&#8220;][\/vc_column][\/vc_row][vc_row row_type=&#8220;row&#8220; use_row_as_full_screen_section=&#8220;no&#8220; type=&#8220;grid&#8220; text_align=&#8220;left&#8220; background_animation=&#8220;none&#8220; padding_top=&#8220;100&#8243; padding_bottom=&#8220;100&#8243; css_animation=&#8220;&#8220;][vc_column width=&#8220;1\/2&#8243;][vc_column_text]<\/p>\n<h3>Metropolregion Manila<\/h3>\n<p>Die Region der Hauptstadt, die Metropolregion Manila und ihr Speckg\u00fcrtel, bilden eine erstaunlich vielf\u00e4ltige Region, die sowohl urbane als auch l\u00e4ndliche Fl\u00e4chen umfasst. Die Region z\u00e4hlt eine Bev\u00f6lkerung von mehr als 22 Millionen und verf\u00fcgt mit \u00fcber die am besten entwickelte Infrastruktur des Landes.<\/p>\n<p>Durch die extrem hohen Besch\u00e4ftigungsquoten profitieren Unternehmen von einem starken, zuverl\u00e4ssigen Angebot an Arbeitskr\u00e4ften. Anreize sowohl f\u00fcr Industrie- als auch Agrarunternehmen liefern au\u00dferdem die zahlreichen Sonderwirtschaftszonen der Region.<\/p>\n<p>&nbsp;<\/p>\n<h3>Infrastruktur<\/h3>\n<p>Mit zwei internationalen Flugh\u00e4fen und dem gr\u00f6\u00dften Seehafen des Landes haben Unternehmen in der Metropolregion Manila Zugang zu einigen der besten infrastrukturellen Einrichtungen in den Philippinen. Die Entwicklung von Fernstra\u00dfen zu anderen Regionen machen Metro Manila und ihren Speckg\u00fcrtel zu einem erstklassigen Standort f\u00fcr Telekommunikations-, IT- und Logistikunternehmen. Der gro\u00dfe Hafen kann jegliche Import- und Exportunternehmung bedienen.<\/p>\n<p>&nbsp;<\/p>\n<h3 class=\"heading-m-b\">Die wichtigsten Flugh\u00e4fen und H\u00e4fen:<\/h3>\n<p>&nbsp;<\/p>\n<ul>\n<li><span style=\"font-weight: 400;\">Ninoy Aquino International Airport<\/span><\/li>\n<li><span style=\"font-weight: 400;\">Clark International Airport<\/span><\/li>\n<li><span style=\"font-weight: 400;\">Subic Bay International Airport<\/span><\/li>\n<li><span style=\"font-weight: 400;\">Hafen von Manila (Manila Nord- und S\u00fcdhafen)<\/span><\/li>\n<li><span style=\"font-weight: 400;\">Internationales Containerterminal Manila<\/span><\/li>\n<li><span style=\"font-weight: 400;\">Hafen von Subic Bay<\/span><\/li>\n<li><span style=\"font-weight: 400;\">Hafen von Batangas<\/span><\/li>\n<li><span style=\"font-weight: 400;\">Flughafen Subic Bay<\/span><\/li>\n<\/ul>\n<p>&nbsp;<\/p>\n<h3 class=\"heading-m-b\">Sonderwirtschafts- und Freihafenzonen:<\/h3>\n<p>&nbsp;<\/p>\n<ul>\n<li><span style=\"font-weight: 400;\">Subic Bay Metropolitan Authority (SBMA)<\/span><\/li>\n<li><span style=\"font-weight: 400;\">Freihafenzone Subic Bay<\/span><\/li>\n<li><span style=\"font-weight: 400;\">Freihafenzone Clark (CFZ)<\/span><\/li>\n<li><span style=\"font-weight: 400;\">Freihafen Bataan<\/span><\/li>\n<\/ul>\n<p>[\/vc_column_text][\/vc_column][vc_column width=&#8220;1\/2&#8243;][\/vc_column][\/vc_row][vc_row row_type=&#8220;row&#8220; use_row_as_full_screen_section=&#8220;no&#8220; type=&#8220;grid&#8220; text_align=&#8220;left&#8220; background_animation=&#8220;none&#8220; padding_top=&#8220;100&#8243; css_animation=&#8220;&#8220; el_class=&#8220;COPYWHITE&#8220; background_color=&#8220;#1226aa&#8220;][vc_column][vc_column_text]<\/p>\n<h2>Wichtigste Branchen:<\/h2>\n<p>[\/vc_column_text][\/vc_column][\/vc_row][vc_row row_type=&#8220;row&#8220; use_row_as_full_screen_section=&#8220;no&#8220; type=&#8220;grid&#8220; text_align=&#8220;left&#8220; background_animation=&#8220;none&#8220; padding_top=&#8220;50&#8243; padding_bottom=&#8220;100&#8243; css_animation=&#8220;&#8220; el_class=&#8220;COPYWHITE&#8220; background_color=&#8220;#1226aa&#8220;][vc_column width=&#8220;1\/3&#8243;][vc_separator type=&#8220;normal&#8220; border_style=&#8220;&#8220; thickness=&#8220;1&#8243; up=&#8220;0&#8243; down=&#8220;20&#8243; color=&#8220;#ffffff&#8220;][vc_column_text]<a href=\"https:\/\/philippines.business\/de\/branchen\/automobilindustrie\/\">Automobilindustrie \u2192<\/a>[\/vc_column_text][vc_separator type=&#8220;normal&#8220; border_style=&#8220;&#8220; thickness=&#8220;1&#8243; up=&#8220;20&#8243; down=&#8220;20&#8243; color=&#8220;#ffffff&#8220;][vc_column_text]<a href=\"https:\/\/philippines.business\/de\/branchen\/raum-und-luftfahrt\/\">Raum- und Luftfahrtindustrie \u2192<\/a>[\/vc_column_text][vc_separator type=&#8220;normal&#8220; border_style=&#8220;&#8220; thickness=&#8220;1&#8243; up=&#8220;20&#8243; down=&#8220;20&#8243; color=&#8220;#ffffff&#8220;][vc_column_text]<a href=\"https:\/\/philippines.business\/de\/branchen\/elektroindustrie\/\">Elektroindustrie \u2192<\/a>[\/vc_column_text][vc_separator type=&#8220;normal&#8220; border_style=&#8220;&#8220; thickness=&#8220;1&#8243; up=&#8220;20&#8243; down=&#8220;20&#8243; color=&#8220;#ffffff&#8220;][vc_column_text]<a href=\"https:\/\/philippines.business\/de\/branchen\/it-und-geschaeftsprozessmanagement\/\">IT und Business Process Management \u2192<\/a>[\/vc_column_text][vc_separator type=&#8220;normal&#8220; border_style=&#8220;&#8220; thickness=&#8220;1&#8243; up=&#8220;20&#8243; color=&#8220;#ffffff&#8220;][\/vc_column][vc_column width=&#8220;1\/3&#8243;][vc_separator type=&#8220;normal&#8220; border_style=&#8220;&#8220; thickness=&#8220;1&#8243; up=&#8220;0&#8243; down=&#8220;20&#8243; color=&#8220;#ffffff&#8220; el_class=&#8220;mobile-hidden&#8220;][vc_column_text]Industrielle Verarbeitung[\/vc_column_text][vc_separator type=&#8220;normal&#8220; border_style=&#8220;&#8220; up=&#8220;20&#8243; down=&#8220;20&#8243; color=&#8220;#ffffff&#8220;][vc_column_text]Verarbeitung landwirtschaftlicher Erzeugnisse[\/vc_column_text][vc_separator type=&#8220;normal&#8220; border_style=&#8220;&#8220; thickness=&#8220;1&#8243; up=&#8220;20&#8243; down=&#8220;20&#8243; color=&#8220;#ffffff&#8220;][vc_column_text]Gro\u00df- und Einzelhandel[\/vc_column_text][vc_separator type=&#8220;normal&#8220; border_style=&#8220;&#8220; thickness=&#8220;1&#8243; up=&#8220;20&#8243; color=&#8220;#ffffff&#8220;][\/vc_column][vc_column width=&#8220;1\/3&#8243;][vc_single_image image=&#8220;318&#8243; img_size=&#8220;medium&#8220; alignment=&#8220;center&#8220; qode_css_animation=&#8220;&#8220;][\/vc_column][\/vc_row][vc_row row_type=&#8220;row&#8220; use_row_as_full_screen_section=&#8220;no&#8220; type=&#8220;full_width&#8220; text_align=&#8220;center&#8220; background_animation=&#8220;none&#8220; padding_top=&#8220;0&#8243; padding_bottom=&#8220;0&#8243; css_animation=&#8220;&#8220; el_class=&#8220;padding-full-desktop&#8220;][vc_column][vc_empty_space height=&#8220;60px&#8220; el_class=&#8220;mobile-hidden&#8220;][vc_column_text]<\/p>\n<h2>SIE M\u00d6CHTEN \u00dcBER IHR VORHABEN SPRECHEN?<\/h2>\n<p>[\/vc_column_text][vc_empty_space height=&#8220;40px&#8220;][vc_column_text]<\/p>\n<h4 class=\"p1\">Fordern Sie noch heute eine kostenlose Beratung durch einen unserer Investmentspezialisten an.<\/h4>\n<p>[\/vc_column_text][vc_empty_space height=&#8220;40px&#8220;]<a href=\"\/de\/kontakt\/\" target=\"_self\"  class=\"qbutton  large\" style=\"\">JETZT KONTAKTIEREN<\/a>[vc_empty_space height=&#8220;40px&#8220;][vc_empty_space height=&#8220;20px&#8220; el_class=&#8220;mobile-hidden&#8220;][\/vc_column][\/vc_row]<\/p>\n","protected":false},"excerpt":{"rendered":"<p>[vc_row row_type=&#8220;row&#8220; use_row_as_full_screen_section=&#8220;no&#8220; type=&#8220;full_width&#8220; text_align=&#8220;center&#8220; background_image=&#8220;1361&#8243; background_animation=&#8220;none&#8220; css_animation=&#8220;&#8220; css=&#8220;.vc_custom_1599468957501{background-color: #1226aa !important;}&#8220; el_class=&#8220;COPYWHITE&#8220;][vc_column][vc_empty_space height=&#8220;100px&#8220;][vc_empty_space height=&#8220;100px&#8220; el_class=&#8220;mobile-hidden&#8220;][vc_column_text el_class=&#8220;controlled-h1&#8243;] Metropolregion Manila [\/vc_column_text][vc_empty_space height=&#8220;100px&#8220;][vc_empty_space height=&#8220;100px&#8220; el_class=&#8220;mobile-hidden&#8220;][\/vc_column][\/vc_row][vc_row row_type=&#8220;row&#8220; use_row_as_full_screen_section=&#8220;no&#8220; type=&#8220;grid&#8220; text_align=&#8220;left&#8220; background_animation=&#8220;none&#8220; padding_top=&#8220;100&#8243; padding_bottom=&#8220;100&#8243; css_animation=&#8220;&#8220;][vc_column width=&#8220;1\/2&#8243;][vc_column_text] Metropolregion Manila Die Region der Hauptstadt, die Metropolregion Manila und ihr Speckg\u00fcrtel, bilden eine&#8230;<\/p>\n","protected":false},"author":1,"featured_media":0,"parent":2007,"menu_order":0,"comment_status":"closed","ping_status":"closed","template":"full_width.php","meta":{"footnotes":""},"class_list":["post-2069","page","type-page","status-publish","hentry"],"_links":{"self":[{"href":"https:\/\/philippines.business\/de\/wp-json\/wp\/v2\/pages\/2069","targetHints":{"allow":["GET"]}}],"collection":[{"href":"https:\/\/philippines.business\/de\/wp-json\/wp\/v2\/pages"}],"about":[{"href":"https:\/\/philippines.business\/de\/wp-json\/wp\/v2\/types\/page"}],"author":[{"embeddable":true,"href":"https:\/\/philippines.business\/de\/wp-json\/wp\/v2\/users\/1"}],"replies":[{"embeddable":true,"href":"https:\/\/philippines.business\/de\/wp-json\/wp\/v2\/comments?post=2069"}],"version-history":[{"count":6,"href":"https:\/\/philippines.business\/de\/wp-json\/wp\/v2\/pages\/2069\/revisions"}],"predecessor-version":[{"id":5836,"href":"https:\/\/philippines.business\/de\/wp-json\/wp\/v2\/pages\/2069\/revisions\/5836"}],"up":[{"embeddable":true,"href":"https:\/\/philippines.business\/de\/wp-json\/wp\/v2\/pages\/2007"}],"wp:attachment":[{"href":"https:\/\/philippines.business\/de\/wp-json\/wp\/v2\/media?parent=2069"}],"curies":[{"name":"wp","href":"https:\/\/api.w.org\/{rel}","templated":true}]}}