{"id":2068,"date":"2020-07-09T19:36:19","date_gmt":"2020-07-09T18:36:19","guid":{"rendered":"https:\/\/philippines.business\/ueber-die-philippinen\/central-philippines\/"},"modified":"2021-02-04T11:50:06","modified_gmt":"2021-02-04T11:50:06","slug":"zentralphilippinen","status":"publish","type":"page","link":"https:\/\/philippines.business\/de\/ueber-die-philippinen\/zentralphilippinen\/","title":{"rendered":"Zentralphilippinen"},"content":{"rendered":"<p>[vc_row row_type=&#8220;row&#8220; use_row_as_full_screen_section=&#8220;no&#8220; type=&#8220;full_width&#8220; text_align=&#8220;center&#8220; background_image=&#8220;1357&#8243; background_animation=&#8220;none&#8220; padding_top=&#8220;0&#8243; padding_bottom=&#8220;0&#8243; css_animation=&#8220;&#8220; css=&#8220;.vc_custom_1599468914777{background-color: #1226aa !important;}&#8220; el_class=&#8220;COPYWHITE&#8220;][vc_column][vc_empty_space height=&#8220;100px&#8220;][vc_empty_space height=&#8220;100px&#8220; el_class=&#8220;mobile-hidden&#8220;][vc_column_text el_class=&#8220;controlled-h1&#8243;]<\/p>\n<h2>ZENTRALPHILIPPINEN<\/h2>\n<p>[\/vc_column_text][vc_empty_space height=&#8220;100px&#8220;][vc_empty_space height=&#8220;100px&#8220; el_class=&#8220;mobile-hidden&#8220;][\/vc_column][\/vc_row][vc_row row_type=&#8220;row&#8220; use_row_as_full_screen_section=&#8220;no&#8220; type=&#8220;grid&#8220; text_align=&#8220;left&#8220; background_animation=&#8220;none&#8220; padding_top=&#8220;100&#8243; padding_bottom=&#8220;100&#8243; css_animation=&#8220;&#8220;][vc_column width=&#8220;1\/2&#8243;][vc_column_text]<\/p>\n<h3>Zentralphilippinen<\/h3>\n<p>Im Herzen des Landes bilden die Zentralphilippinen das Drehkreuz des Tourismus, mit einem reichen Naturerbe, Surfspots und langen, wei\u00dfen Sandstr\u00e4nden.<\/p>\n<p>Die weitl\u00e4ufige Region ist \u00fcberreich an nat\u00fcrlichen und mineralischen Ressourcen, was sie zu einem erstklassigen Ziel f\u00fcr Investitionen in die F\u00f6rderung und den Abbau von Bodensch\u00e4tzen macht. Obwohl sie zu den kleinsten Regionen z\u00e4hlt, verf\u00fcgt sie \u00fcber eine Bev\u00f6lkerung von mehr als 11 Millionen Menschen und eine sehr hohe Besch\u00e4ftigungsquote von 93 %.<\/p>\n<p>Dieses Gebiet umfasst au\u00dferdem die Provinz Cebu, die das schnellste Wirtschaftswachstum des Landes verzeichnet. Cebu City ist das Hauptzentrum f\u00fcr Handel, Gewerbe, Bildung und Industrie. Als zweitbeliebtestes Investmentziel nach Manila hat sich Cebu zu einem globalen Drehkreuz f\u00fcr Transport, M\u00f6belherstellung, Tourismus, Dienstleistungen im Bereich Gesch\u00e4ftsprozesse und die Schwerindustrie entwickelt.<\/p>\n<p>&nbsp;<\/p>\n<h3>Infrastruktur<\/h3>\n<p>Die Infrastruktur dieser Region wird general\u00fcberholt: Zwei neue internationale Flugh\u00e4fen sind im Bau und inl\u00e4ndische Flugh\u00e4fen werden erweitert, um Fl\u00fcge aus S\u00fcdkorea abzuwickeln. Seeh\u00e4fen spielen ebenfalls eine bedeutende Rolle in der Region: Die H\u00e4fen in Bohol und Cebu k\u00f6nnen \u00fcber 20 Millionen kg Fracht abfertigen.<\/p>\n<p>&nbsp;<\/p>\n<h3 class=\"heading-m-b\">Die wichtigsten Flugh\u00e4fen und H\u00e4fen:<\/h3>\n<p>&nbsp;<\/p>\n<ul>\n<li><span style=\"font-weight: 400;\">Mactan Cebu International Airport<\/span><\/li>\n<li><span style=\"font-weight: 400;\">Kalibo International Airport<\/span><\/li>\n<li><span style=\"font-weight: 400;\">Iloilo International Airport<\/span><\/li>\n<li><span style=\"font-weight: 400;\">Tacloban City Airport<\/span><\/li>\n<li><span style=\"font-weight: 400;\">Cebu International Airport<br \/>\n<\/span><\/li>\n<li><span style=\"font-weight: 400;\">Hafen von Lilvant<\/span><\/li>\n<li><span style=\"font-weight: 400;\">Hafen von Maasin<\/span><\/li>\n<\/ul>\n<p>&nbsp;<\/p>\n<h3 class=\"heading-m-b\">Wirtschaftszonen:<\/h3>\n<p>&nbsp;<\/p>\n<ul>\n<li><span style=\"font-weight: 400;\">Ausfuhrbearbeitungszone Mactan<br \/>\n<\/span><\/li>\n<\/ul>\n<p>[\/vc_column_text][\/vc_column][vc_column width=&#8220;1\/2&#8243;][\/vc_column][\/vc_row][vc_row row_type=&#8220;row&#8220; use_row_as_full_screen_section=&#8220;no&#8220; type=&#8220;grid&#8220; text_align=&#8220;left&#8220; background_animation=&#8220;none&#8220; padding_top=&#8220;100&#8243; css_animation=&#8220;&#8220; el_class=&#8220;COPYWHITE&#8220; background_color=&#8220;#1226AA&#8220;][vc_column][vc_column_text]<\/p>\n<h2>Wichtigste Branchen:<\/h2>\n<p>[\/vc_column_text][\/vc_column][\/vc_row][vc_row row_type=&#8220;row&#8220; use_row_as_full_screen_section=&#8220;no&#8220; type=&#8220;grid&#8220; text_align=&#8220;left&#8220; background_animation=&#8220;none&#8220; padding_top=&#8220;50&#8243; padding_bottom=&#8220;100&#8243; css_animation=&#8220;&#8220; el_class=&#8220;COPYWHITE&#8220; background_color=&#8220;#1226AA&#8220;][vc_column width=&#8220;1\/3&#8243;][vc_separator type=&#8220;normal&#8220; border_style=&#8220;&#8220; thickness=&#8220;1&#8243; up=&#8220;20&#8243; down=&#8220;20&#8243; color=&#8220;#ffffff&#8220;][vc_column_text]<a href=\"https:\/\/philippines.business\/de\/branchen\/it-und-geschaeftsprozessmanagement\/\">IT und Business Process Management \u2192<\/a>[\/vc_column_text][vc_separator type=&#8220;normal&#8220; border_style=&#8220;&#8220; thickness=&#8220;1&#8243; up=&#8220;20&#8243; down=&#8220;20&#8243; color=&#8220;#ffffff&#8220;][vc_column_text]Schiffbau[\/vc_column_text][vc_separator type=&#8220;normal&#8220; border_style=&#8220;&#8220; thickness=&#8220;1&#8243; up=&#8220;20&#8243; down=&#8220;20&#8243; color=&#8220;#ffffff&#8220;][vc_column_text]Landwirtschaft[\/vc_column_text][vc_separator type=&#8220;normal&#8220; border_style=&#8220;&#8220; thickness=&#8220;1&#8243; up=&#8220;20&#8243; color=&#8220;#ffffff&#8220;][vc_column_text]Infrastruktur[\/vc_column_text][vc_separator type=&#8220;normal&#8220; border_style=&#8220;&#8220; thickness=&#8220;1&#8243; up=&#8220;20&#8243; color=&#8220;#ffffff&#8220;][\/vc_column][vc_column width=&#8220;1\/3&#8243;][\/vc_column][vc_column width=&#8220;1\/3&#8243;][\/vc_column][\/vc_row][vc_row row_type=&#8220;row&#8220; use_row_as_full_screen_section=&#8220;no&#8220; type=&#8220;full_width&#8220; text_align=&#8220;center&#8220; background_animation=&#8220;none&#8220; padding_top=&#8220;0&#8243; padding_bottom=&#8220;0&#8243; css_animation=&#8220;&#8220; el_class=&#8220;padding-full-desktop&#8220;][vc_column][vc_empty_space height=&#8220;60px&#8220; el_class=&#8220;mobile-hidden&#8220;][vc_column_text]<\/p>\n<h2>SIE M\u00d6CHTEN \u00dcBER IHR VORHABEN SPRECHEN?<\/h2>\n<p>[\/vc_column_text][vc_empty_space height=&#8220;40px&#8220;][vc_column_text]<\/p>\n<h4 class=\"p1\">Fordern Sie noch heute eine kostenlose Beratung durch einen unserer Investmentspezialisten an.<\/h4>\n<p>[\/vc_column_text][vc_empty_space height=&#8220;40px&#8220;]<a href=\"\/de\/kontakt\/\" target=\"_self\"  class=\"qbutton  large\" style=\"\">JETZT KONTAKTIEREN<\/a>[vc_empty_space height=&#8220;40px&#8220;][vc_empty_space height=&#8220;20px&#8220; el_class=&#8220;mobile-hidden&#8220;][\/vc_column][\/vc_row]<\/p>\n","protected":false},"excerpt":{"rendered":"<p>[vc_row row_type=&#8220;row&#8220; use_row_as_full_screen_section=&#8220;no&#8220; type=&#8220;full_width&#8220; text_align=&#8220;center&#8220; background_image=&#8220;1357&#8243; background_animation=&#8220;none&#8220; padding_top=&#8220;0&#8243; padding_bottom=&#8220;0&#8243; css_animation=&#8220;&#8220; css=&#8220;.vc_custom_1599468914777{background-color: #1226aa !important;}&#8220; el_class=&#8220;COPYWHITE&#8220;][vc_column][vc_empty_space height=&#8220;100px&#8220;][vc_empty_space height=&#8220;100px&#8220; el_class=&#8220;mobile-hidden&#8220;][vc_column_text el_class=&#8220;controlled-h1&#8243;] ZENTRALPHILIPPINEN [\/vc_column_text][vc_empty_space height=&#8220;100px&#8220;][vc_empty_space height=&#8220;100px&#8220; el_class=&#8220;mobile-hidden&#8220;][\/vc_column][\/vc_row][vc_row row_type=&#8220;row&#8220; use_row_as_full_screen_section=&#8220;no&#8220; type=&#8220;grid&#8220; text_align=&#8220;left&#8220; background_animation=&#8220;none&#8220; padding_top=&#8220;100&#8243; padding_bottom=&#8220;100&#8243; css_animation=&#8220;&#8220;][vc_column width=&#8220;1\/2&#8243;][vc_column_text] Zentralphilippinen Im Herzen des Landes bilden die Zentralphilippinen das Drehkreuz des Tourismus, mit&#8230;<\/p>\n","protected":false},"author":1,"featured_media":0,"parent":2007,"menu_order":0,"comment_status":"closed","ping_status":"closed","template":"full_width.php","meta":{"footnotes":""},"class_list":["post-2068","page","type-page","status-publish","hentry"],"_links":{"self":[{"href":"https:\/\/philippines.business\/de\/wp-json\/wp\/v2\/pages\/2068","targetHints":{"allow":["GET"]}}],"collection":[{"href":"https:\/\/philippines.business\/de\/wp-json\/wp\/v2\/pages"}],"about":[{"href":"https:\/\/philippines.business\/de\/wp-json\/wp\/v2\/types\/page"}],"author":[{"embeddable":true,"href":"https:\/\/philippines.business\/de\/wp-json\/wp\/v2\/users\/1"}],"replies":[{"embeddable":true,"href":"https:\/\/philippines.business\/de\/wp-json\/wp\/v2\/comments?post=2068"}],"version-history":[{"count":8,"href":"https:\/\/philippines.business\/de\/wp-json\/wp\/v2\/pages\/2068\/revisions"}],"predecessor-version":[{"id":5838,"href":"https:\/\/philippines.business\/de\/wp-json\/wp\/v2\/pages\/2068\/revisions\/5838"}],"up":[{"embeddable":true,"href":"https:\/\/philippines.business\/de\/wp-json\/wp\/v2\/pages\/2007"}],"wp:attachment":[{"href":"https:\/\/philippines.business\/de\/wp-json\/wp\/v2\/media?parent=2068"}],"curies":[{"name":"wp","href":"https:\/\/api.w.org\/{rel}","templated":true}]}}