{"id":2030,"date":"2020-07-13T11:46:42","date_gmt":"2020-07-13T10:46:42","guid":{"rendered":"https:\/\/philippines.business\/branchen\/it-and-business-processing-management\/"},"modified":"2021-02-25T11:28:17","modified_gmt":"2021-02-25T11:28:17","slug":"it-und-geschaeftsprozessmanagement","status":"publish","type":"page","link":"https:\/\/philippines.business\/de\/branchen\/it-und-geschaeftsprozessmanagement\/","title":{"rendered":"IT und Gesch\u00e4ftsprozessmanagement"},"content":{"rendered":"<p>[vc_row row_type=&#8220;row&#8220; use_row_as_full_screen_section=&#8220;no&#8220; type=&#8220;full_width&#8220; text_align=&#8220;center&#8220; background_image=&#8220;1389&#8243; background_animation=&#8220;none&#8220; css_animation=&#8220;&#8220; css=&#8220;.vc_custom_1599127691175{background-color: #1226AA !important;}&#8220; el_class=&#8220;COPYWHITE controlled-h1&#8243;][vc_column][vc_empty_space height=&#8220;100px&#8220;][vc_empty_space height=&#8220;100px&#8220; el_class=&#8220;mobile-hidden&#8220;][vc_column_text]<\/p>\n<h1>IT und Gesch\u00e4ftsprozessmanagement<\/h1>\n<p>[\/vc_column_text][vc_empty_space height=&#8220;100px&#8220;][vc_empty_space height=&#8220;100px&#8220; el_class=&#8220;mobile-hidden&#8220;][\/vc_column][\/vc_row][vc_row row_type=&#8220;row&#8220; use_row_as_full_screen_section=&#8220;no&#8220; type=&#8220;grid&#8220; text_align=&#8220;left&#8220; background_animation=&#8220;none&#8220; padding_top=&#8220;80&#8243; padding_bottom=&#8220;80&#8243; css_animation=&#8220;&#8220;][vc_column width=&#8220;1\/2&#8243;][vc_column_text]<\/p>\n<h3>Gut etabliert<\/h3>\n<p>[\/vc_column_text][vc_empty_space height=&#8220;20px&#8220;][vc_column_text]<\/p>\n<p class=\"p1\"><span style=\"font-weight: 400;\">Mit einem Anteil am Outsourcing im IT-BPM-Sektor von inzwischen mehr als 13 % sind wir bereits seit zwei Jahrzehnten eine wettbewerbsf\u00e4hige Destination f\u00fcr gro\u00dfe multinationale Unternehmen.<br \/>\n<\/span><\/p>\n<p>[\/vc_column_text][vc_empty_space height=&#8220;40px&#8220;][vc_column_text]<\/p>\n<h3>Beschleunigung<\/h3>\n<p>[\/vc_column_text][vc_empty_space height=&#8220;20px&#8220;][vc_column_text]<\/p>\n<p class=\"p1\"><span style=\"font-weight: 400;\">In den Philippinen dreht sich alles um Beschleunigung: St\u00e4rkung der bestehenden F\u00e4higkeiten, Nutzung der technologischen Fortschritte und Sicherung zukunftsf\u00e4higer Arbeitskr\u00e4fte.<\/span><\/p>\n<p>[\/vc_column_text][vc_empty_space height=&#8220;40px&#8220;][vc_column_text]<\/p>\n<h3>Entwicklung<\/h3>\n<p>[\/vc_column_text][vc_empty_space height=&#8220;20px&#8220;][vc_column_text]<\/p>\n<p class=\"p1\"><span style=\"font-weight: 400;\">Die Englischkenntnisse und Motivation der Erwerbsbev\u00f6lkerung sind das Fundament unserer IT-BPM-Branche. Derselbe Pool aus talentierten Profis steht auch fexibel bereit, um Verantwortung in h\u00f6herwertigen Dienstleistungen wie Finanzen, Gesundheitswesen, Bildung, IT-Support, Grafikdesign, Gaming und App-Entwicklung zu \u00fcbernehmen.<br \/>\n<\/span><\/p>\n<p>[\/vc_column_text][\/vc_column][vc_column width=&#8220;1\/2&#8243;][vc_single_image image=&#8220;1387&#8243; img_size=&#8220;large&#8220; alignment=&#8220;center&#8220; qode_css_animation=&#8220;&#8220;][\/vc_column][\/vc_row][vc_row row_type=&#8220;row&#8220; use_row_as_full_screen_section=&#8220;no&#8220; type=&#8220;grid&#8220; text_align=&#8220;center&#8220; background_animation=&#8220;none&#8220; padding_top=&#8220;80&#8243; padding_bottom=&#8220;40&#8243; css_animation=&#8220;&#8220; css=&#8220;.vc_custom_1591625660923{background-color: #1226AA !important;}&#8220; el_class=&#8220;COPYWHITE&#8220;][vc_column][vc_column_text]<\/p>\n<h2>WICHTIGE STATISTISCHE ANGABEN<\/h2>\n<p>[\/vc_column_text][\/vc_column][\/vc_row][vc_row row_type=&#8220;row&#8220; use_row_as_full_screen_section=&#8220;no&#8220; type=&#8220;grid&#8220; text_align=&#8220;left&#8220; background_animation=&#8220;none&#8220; padding_top=&#8220;40&#8243; padding_bottom=&#8220;100&#8243; css_animation=&#8220;&#8220; css=&#8220;.vc_custom_1591628046818{background-color: #1226AA !important;}&#8220; el_class=&#8220;COPYWHITE&#8220;][vc_column width=&#8220;1\/4&#8243;]<div class='q_icon_with_title very_large normal_icon center'><div class=\"icon_holder q_icon_animation\" style=\" transition-delay: 100ms; -webkit-transition-delay: 100ms; -moz-transition-delay: 100ms; -o-transition-delay: 100ms;\"><div class=\"icon_holder_inner\"><span style=\"color: #ffffff;\" class=\"q_font_awsome_icon fa-5x \"><i class=\"icon_text_icon fa fa-trophy\"><\/i><\/span><\/div><\/div><div class=\"icon_text_holder\" style=\"\"><div class=\"icon_text_inner\" style=\"\"><h2 class=\"icon_title\" style=\"color: #ffffff\">Nr. 1<\/h2><p style=''>bei sprachbasiertem und Nr. 2 bei nicht-sprachbasiertem Business und Process Management (BPM) weltweit<\/p><\/div><\/div><\/div>[\/vc_column][vc_column width=&#8220;1\/4&#8243;]<div class='q_icon_with_title very_large normal_icon center'><div class=\"icon_holder q_icon_animation\" style=\" transition-delay: 200ms; -webkit-transition-delay: 200ms; -moz-transition-delay: 200ms; -o-transition-delay: 200ms;\"><div class=\"icon_holder_inner\"><span style=\"color: #ffffff;\" class=\"q_font_awsome_icon fa-5x \"><i class=\"icon_text_icon fa fa-cloud-upload\"><\/i><\/span><\/div><\/div><div class=\"icon_text_holder\" style=\"\"><div class=\"icon_text_inner\" style=\"\"><h2 class=\"icon_title\" style=\"color: #ffffff\">Nr. 2<\/h2><p style=''>unter den Top 50 der digitalen Nationen<\/p><\/div><\/div><\/div>[\/vc_column][vc_column width=&#8220;1\/4&#8243;]<div class='q_icon_with_title very_large normal_icon center'><div class=\"icon_holder q_icon_animation\" style=\" transition-delay: 300ms; -webkit-transition-delay: 300ms; -moz-transition-delay: 300ms; -o-transition-delay: 300ms;\"><div class=\"icon_holder_inner\"><span style=\"color: #ffffff;\" class=\"q_font_awsome_icon fa-5x \"><i class=\"icon_text_icon fa fa-user\"><\/i><\/span><\/div><\/div><div class=\"icon_text_holder\" style=\"\"><div class=\"icon_text_inner\" style=\"\"><h2 class=\"icon_title\" style=\"color: #ffffff\">\u00dcber 7,6 Millionen<\/h2><p style=''>direkt oder indirekt in der Branche Besch\u00e4ftigte<\/p><\/div><\/div><\/div>[\/vc_column][vc_column width=&#8220;1\/4&#8243;]<div class='q_icon_with_title very_large normal_icon center'><div class=\"icon_holder q_icon_animation\" style=\" transition-delay: 400ms; -webkit-transition-delay: 400ms; -moz-transition-delay: 400ms; -o-transition-delay: 400ms;\"><div class=\"icon_holder_inner\"><span style=\"color: #ffffff;\" class=\"q_font_awsome_icon fa-5x \"><i class=\"icon_text_icon fa fa-money\"><\/i><\/span><\/div><\/div><div class=\"icon_text_holder\" style=\"\"><div class=\"icon_text_inner\" style=\"\"><h2 class=\"icon_title\" style=\"color: #ffffff\">\u00dcber 28,4 Mrd. USD<\/h2><p style=''>Jahresumsatz der Branche<\/p><\/div><\/div><\/div>[\/vc_column][\/vc_row][vc_row row_type=&#8220;row&#8220; use_row_as_full_screen_section=&#8220;no&#8220; type=&#8220;grid&#8220; text_align=&#8220;left&#8220; background_animation=&#8220;none&#8220; padding_top=&#8220;60&#8243; padding_bottom=&#8220;60&#8243; css_animation=&#8220;&#8220;][vc_column width=&#8220;1\/3&#8243;][\/vc_column][vc_column width=&#8220;2\/3&#8243;][vc_column_text]<\/p>\n<h3>\u00dcBERBLICK IT UND UNTERNEHMENSPROZESSE<\/h3>\n<p>[\/vc_column_text][vc_empty_space height=&#8220;20px&#8220;][vc_column_text]<span style=\"font-weight: 400;\">Mit einem Anteil am weltweiten Markt von 13 % sind die Philippinen Zielland Nummer 1 im Bereich IT-BPM. Wir haben den Wettbewerbsvorteil im Bereich stimmbasierte Dienstleistungen. Accenture, Convergys und JP Morgan Chase &amp; Co. geh\u00f6ren zu den Unternehmen, die uns ihr Gesch\u00e4ft anvertrauen.<\/span><\/p>\n<p><span style=\"font-weight: 400;\">Auf Grundlage des guten Rufs und des Erfolgs unserer bereits etablierten IT-BPM-Branche hat sich der Sektor st\u00e4ndig weiterentwickelt und gewinnt heute auch Teilsektoren wie Dienstleistungen im Bereich Gesundheitsinformationsmanagement, Finanz- und Rechnungswesen sowie kreative Leistungen wie in den Bereichen Gaming und Entwicklung mobiler Anwendungen. Diese Branchen sind die am schnellsten wachsenden Branchen des Landes. Was uns unterscheidet, sind Qualit\u00e4t, Agilit\u00e4t und Kreativit\u00e4t \u2013 und ein Pool aus Arbeitskr\u00e4ften von Digital Natives, die auf weitere Aufgaben brennen.<br \/>\n<\/span>[\/vc_column_text][\/vc_column][\/vc_row][vc_row row_type=&#8220;row&#8220; use_row_as_full_screen_section=&#8220;no&#8220; type=&#8220;grid&#8220; text_align=&#8220;left&#8220; background_animation=&#8220;none&#8220; css_animation=&#8220;&#8220;][vc_column offset=&#8220;vc_hidden-lg vc_hidden-md vc_hidden-sm vc_hidden-xs&#8220;][vc_empty_space height=&#8220;60px&#8220;][vc_empty_space height=&#8220;100px&#8220; el_class=&#8220;mobile-hidden&#8220;][vc_column_text][\/vc_column_text][vc_empty_space height=&#8220;60px&#8220; el_class=&#8220;mobile-hidden&#8220;][vc_empty_space height=&#8220;100px&#8220; el_class=&#8220;mobile-hidden&#8220;][\/vc_column][\/vc_row][vc_row row_type=&#8220;row&#8220; use_row_as_full_screen_section=&#8220;no&#8220; type=&#8220;grid&#8220; text_align=&#8220;left&#8220; background_animation=&#8220;none&#8220; padding_top=&#8220;160&#8243; padding_bottom=&#8220;160&#8243; css_animation=&#8220;&#8220; el_class=&#8220;COPYWHITE&#8220; css=&#8220;.vc_custom_1599465832699{background-color: #1226AA !important;}&#8220;][vc_column width=&#8220;1\/2&#8243;][vc_single_image image=&#8220;1520&#8243; img_size=&#8220;large&#8220; qode_css_animation=&#8220;&#8220;][\/vc_column][vc_column width=&#8220;1\/2&#8243;][vc_column_text]<\/p>\n<h2>HY BRAIN<\/h2>\n<p>[\/vc_column_text][vc_empty_space height=&#8220;40px&#8220; el_class=&#8220;mobile-hidden&#8220;][vc_column_text]HYBrain wurde im Jahre 2016 gegr\u00fcndet und ist ein dynamisches Softwareunternehmen mit Sitz in den Philippinen. Das Unternehmen ist auf die Verbesserung von Gesundheitssystemen spezialisiert und entwickelt einzigartige, innovative Methoden zur \u00dcberbr\u00fcckung der Leistungsl\u00fccken im Gesundheitswesen.<\/p>\n<p>Seit Gr\u00fcndung seiner Niederlassung in den Philippinen konnte HYBrain Jahr f\u00fcr Jahr Wachstum erzielen und nennt das attraktive Gesch\u00e4ftsumfeld in den Philippinen als Vorteil, der dem Unternehmen zahlreiche Expansionsm\u00f6glichkeiten bietet. Das vielf\u00e4ltige Partnernetz im IT-BPM-Sektor hat HY Brain Zugang zu Kunden in verschiedenen Wirtschaftszweigen verschafft.<\/p>\n<p>Mit dem nach wie vor zunehmendem Wachstum des Technologiesektors weltweit haben Unternehmen wie HYBrain in den Philippinen den idealen Standort f\u00fcr ihre Investitionen gefunden, um zu gew\u00e4hrleisten, dass sie in vorderster Reihe an diesem Wachstum partizipieren.[\/vc_column_text][\/vc_column][\/vc_row][vc_row row_type=&#8220;row&#8220; use_row_as_full_screen_section=&#8220;no&#8220; type=&#8220;full_width&#8220; text_align=&#8220;center&#8220; background_animation=&#8220;none&#8220; padding_top=&#8220;0&#8243; padding_bottom=&#8220;0&#8243; css_animation=&#8220;&#8220;][vc_column][vc_empty_space height=&#8220;60px&#8220;][vc_empty_space height=&#8220;120px&#8220; el_class=&#8220;mobile-hidden&#8220;][vc_column_text]<\/p>\n<h2>SIE M\u00d6CHTEN \u00dcBER IHR VORHABEN SPRECHEN?<\/h2>\n<p>[\/vc_column_text][vc_empty_space height=&#8220;40px&#8220;][vc_column_text]<\/p>\n<div class=\"wpb_text_column wpb_content_element \">\n<div class=\"wpb_wrapper\">\n<h4 class=\"p1\">Fordern Sie noch heute eine kostenlose Beratung durch einen unserer Investmentspezialisten an.<\/h4>\n<\/div>\n<\/div>\n<p>[\/vc_column_text][vc_empty_space height=&#8220;40px&#8220;]<a href=\"\/de\/kontakt\/\" target=\"_self\"  class=\"qbutton  large\" style=\"\">KONTAKTIEREN SIE UNS<\/a>[vc_empty_space height=&#8220;60px&#8220;][vc_empty_space height=&#8220;120px&#8220; el_class=&#8220;mobile-hidden&#8220;][\/vc_column][\/vc_row]<\/p>\n","protected":false},"excerpt":{"rendered":"<p>[vc_row row_type=&#8220;row&#8220; use_row_as_full_screen_section=&#8220;no&#8220; type=&#8220;full_width&#8220; text_align=&#8220;center&#8220; background_image=&#8220;1389&#8243; background_animation=&#8220;none&#8220; css_animation=&#8220;&#8220; css=&#8220;.vc_custom_1599127691175{background-color: #1226AA !important;}&#8220; el_class=&#8220;COPYWHITE controlled-h1&#8243;][vc_column][vc_empty_space height=&#8220;100px&#8220;][vc_empty_space height=&#8220;100px&#8220; el_class=&#8220;mobile-hidden&#8220;][vc_column_text] IT und Gesch\u00e4ftsprozessmanagement [\/vc_column_text][vc_empty_space height=&#8220;100px&#8220;][vc_empty_space height=&#8220;100px&#8220; el_class=&#8220;mobile-hidden&#8220;][\/vc_column][\/vc_row][vc_row row_type=&#8220;row&#8220; use_row_as_full_screen_section=&#8220;no&#8220; type=&#8220;grid&#8220; text_align=&#8220;left&#8220; background_animation=&#8220;none&#8220; padding_top=&#8220;80&#8243; padding_bottom=&#8220;80&#8243; css_animation=&#8220;&#8220;][vc_column width=&#8220;1\/2&#8243;][vc_column_text] Gut etabliert [\/vc_column_text][vc_empty_space height=&#8220;20px&#8220;][vc_column_text] Mit einem Anteil am Outsourcing im IT-BPM-Sektor von inzwischen&#8230;<\/p>\n","protected":false},"author":1,"featured_media":0,"parent":2017,"menu_order":0,"comment_status":"closed","ping_status":"closed","template":"full_width.php","meta":{"footnotes":""},"class_list":["post-2030","page","type-page","status-publish","hentry"],"_links":{"self":[{"href":"https:\/\/philippines.business\/de\/wp-json\/wp\/v2\/pages\/2030","targetHints":{"allow":["GET"]}}],"collection":[{"href":"https:\/\/philippines.business\/de\/wp-json\/wp\/v2\/pages"}],"about":[{"href":"https:\/\/philippines.business\/de\/wp-json\/wp\/v2\/types\/page"}],"author":[{"embeddable":true,"href":"https:\/\/philippines.business\/de\/wp-json\/wp\/v2\/users\/1"}],"replies":[{"embeddable":true,"href":"https:\/\/philippines.business\/de\/wp-json\/wp\/v2\/comments?post=2030"}],"version-history":[{"count":8,"href":"https:\/\/philippines.business\/de\/wp-json\/wp\/v2\/pages\/2030\/revisions"}],"predecessor-version":[{"id":7548,"href":"https:\/\/philippines.business\/de\/wp-json\/wp\/v2\/pages\/2030\/revisions\/7548"}],"up":[{"embeddable":true,"href":"https:\/\/philippines.business\/de\/wp-json\/wp\/v2\/pages\/2017"}],"wp:attachment":[{"href":"https:\/\/philippines.business\/de\/wp-json\/wp\/v2\/media?parent=2030"}],"curies":[{"name":"wp","href":"https:\/\/api.w.org\/{rel}","templated":true}]}}